{"id":34569,"date":"2021-07-28T12:01:08","date_gmt":"2021-07-28T12:01:08","guid":{"rendered":"https:\/\/boxexpert.de\/wishlist\/"},"modified":"2021-07-28T12:04:46","modified_gmt":"2021-07-28T12:04:46","slug":"wishlist","status":"publish","type":"page","link":"https:\/\/boxexpert.de\/da\/wishlist\/","title":{"rendered":"Wishlist"},"content":{"rendered":"\t\t\n\t\t\n\n\t\t\t\t<div class=\"\" >\n\t\t\t\t\t\t<div class=\"wd-wishlist-content\">\n\t\t\t\t\t\t\t\t\t\t\t\n\t\t<p class=\"wd-empty-wishlist wd-empty-page\">\n\t\t\tThis wishlist is empty.\t\t<\/p>\n\n\t\t\t\t\t<div class=\"wd-empty-page-text\">\n\t\t\t\tYou don't have any products in the wishlist yet. <br> You will find a lot of interesting products on our \"Shop\" page.\t\t\t<\/div>\n\t\t\n\t\t\n\t\t\t\t\t<p class=\"return-to-shop\">\n\t\t\t\t<a class=\"button\" href=\"https:\/\/boxexpert.de\/shop\/\">\n\t\t\t\t\tReturn to shop\t\t\t\t<\/a>\n\t\t\t<\/p>\n\t\t\t\t\t\t\t\t\t\t\t<\/div>\n\t\t\t\t<\/div>\n\t\t\n","protected":false},"excerpt":{"rendered":"This wishlist is empty. You don't have any products in the wishlist yet. You will find a lot of interesting","protected":false},"author":1,"featured_media":0,"parent":0,"menu_order":0,"comment_status":"closed","ping_status":"closed","template":"","meta":{"_acf_changed":false,"content-type":"","footnotes":""},"class_list":["post-34569","page","type-page","status-publish","hentry"],"acf":[],"yoast_head":"<!-- This site is optimized with the Yoast SEO plugin v27.2 - https:\/\/yoast.com\/product\/yoast-seo-wordpress\/ -->\n<title>Wishlist - BOXEXPERT - Professionelle Geh\u00e4usel\u00f6sungen f\u00fcr h\u00f6chste Anspr\u00fcche<\/title>\n<meta name=\"robots\" content=\"index, follow, max-snippet:-1, max-image-preview:large, max-video-preview:-1\" \/>\n<link rel=\"canonical\" href=\"https:\/\/boxexpert.de\/da\/wishlist\/\" \/>\n<meta property=\"og:locale\" content=\"da_DK\" \/>\n<meta property=\"og:type\" content=\"article\" \/>\n<meta property=\"og:title\" content=\"Wishlist - BOXEXPERT - Professionelle Geh\u00e4usel\u00f6sungen f\u00fcr h\u00f6chste Anspr\u00fcche\" \/>\n<meta property=\"og:url\" content=\"https:\/\/boxexpert.de\/da\/wishlist\/\" \/>\n<meta property=\"og:site_name\" content=\"BOXEXPERT - Professionelle Geh\u00e4usel\u00f6sungen f\u00fcr h\u00f6chste Anspr\u00fcche\" \/>\n<meta property=\"article:modified_time\" content=\"2021-07-28T12:04:46+00:00\" \/>\n<meta name=\"twitter:card\" content=\"summary_large_image\" \/>\n<script type=\"application\/ld+json\" class=\"yoast-schema-graph\">{\"@context\":\"https:\/\/schema.org\",\"@graph\":[{\"@type\":\"WebPage\",\"@id\":\"https:\/\/boxexpert.de\/da\/wishlist\/\",\"url\":\"https:\/\/boxexpert.de\/da\/wishlist\/\",\"name\":\"Wishlist - BOXEXPERT - Professionelle Geh\u00e4usel\u00f6sungen f\u00fcr h\u00f6chste Anspr\u00fcche\",\"isPartOf\":{\"@id\":\"https:\/\/boxexpert.de\/da\/#website\"},\"datePublished\":\"2021-07-28T12:01:08+00:00\",\"dateModified\":\"2021-07-28T12:04:46+00:00\",\"breadcrumb\":{\"@id\":\"https:\/\/boxexpert.de\/da\/wishlist\/#breadcrumb\"},\"inLanguage\":\"da-DK\",\"potentialAction\":[{\"@type\":\"ReadAction\",\"target\":[\"https:\/\/boxexpert.de\/da\/wishlist\/\"]}]},{\"@type\":\"BreadcrumbList\",\"@id\":\"https:\/\/boxexpert.de\/da\/wishlist\/#breadcrumb\",\"itemListElement\":[{\"@type\":\"ListItem\",\"position\":1,\"name\":\"Startseite\",\"item\":\"https:\/\/boxexpert.de\/da\/\"},{\"@type\":\"ListItem\",\"position\":2,\"name\":\"Wishlist\"}]},{\"@type\":\"WebSite\",\"@id\":\"https:\/\/boxexpert.de\/da\/#website\",\"url\":\"https:\/\/boxexpert.de\/da\/\",\"name\":\"BOXEXPERT - Professionelle Geh\u00e4usel\u00f6sungen f\u00fcr h\u00f6chste Anspr\u00fcche\",\"description\":\"Industriegeh\u00e4use, Schaltschr\u00e4nke, Installationsgeh\u00e4use, Sicherungsk\u00e4sten und Verteilerk\u00e4sten\",\"potentialAction\":[{\"@type\":\"SearchAction\",\"target\":{\"@type\":\"EntryPoint\",\"urlTemplate\":\"https:\/\/boxexpert.de\/da\/?s={search_term_string}\"},\"query-input\":{\"@type\":\"PropertyValueSpecification\",\"valueRequired\":true,\"valueName\":\"search_term_string\"}}],\"inLanguage\":\"da-DK\"}]}<\/script>\n<!-- \/ Yoast SEO plugin. -->","yoast_head_json":{"title":"Wishlist - BOXEXPERT - Professionelle Geh\u00e4usel\u00f6sungen f\u00fcr h\u00f6chste Anspr\u00fcche","robots":{"index":"index","follow":"follow","max-snippet":"max-snippet:-1","max-image-preview":"max-image-preview:large","max-video-preview":"max-video-preview:-1"},"canonical":"https:\/\/boxexpert.de\/da\/wishlist\/","og_locale":"da_DK","og_type":"article","og_title":"Wishlist - BOXEXPERT - Professionelle Geh\u00e4usel\u00f6sungen f\u00fcr h\u00f6chste Anspr\u00fcche","og_url":"https:\/\/boxexpert.de\/da\/wishlist\/","og_site_name":"BOXEXPERT - Professionelle Geh\u00e4usel\u00f6sungen f\u00fcr h\u00f6chste Anspr\u00fcche","article_modified_time":"2021-07-28T12:04:46+00:00","twitter_card":"summary_large_image","schema":{"@context":"https:\/\/schema.org","@graph":[{"@type":"WebPage","@id":"https:\/\/boxexpert.de\/da\/wishlist\/","url":"https:\/\/boxexpert.de\/da\/wishlist\/","name":"Wishlist - BOXEXPERT - Professionelle Geh\u00e4usel\u00f6sungen f\u00fcr h\u00f6chste Anspr\u00fcche","isPartOf":{"@id":"https:\/\/boxexpert.de\/da\/#website"},"datePublished":"2021-07-28T12:01:08+00:00","dateModified":"2021-07-28T12:04:46+00:00","breadcrumb":{"@id":"https:\/\/boxexpert.de\/da\/wishlist\/#breadcrumb"},"inLanguage":"da-DK","potentialAction":[{"@type":"ReadAction","target":["https:\/\/boxexpert.de\/da\/wishlist\/"]}]},{"@type":"BreadcrumbList","@id":"https:\/\/boxexpert.de\/da\/wishlist\/#breadcrumb","itemListElement":[{"@type":"ListItem","position":1,"name":"Startseite","item":"https:\/\/boxexpert.de\/da\/"},{"@type":"ListItem","position":2,"name":"Wishlist"}]},{"@type":"WebSite","@id":"https:\/\/boxexpert.de\/da\/#website","url":"https:\/\/boxexpert.de\/da\/","name":"BOXEXPERT - Professionelle Geh\u00e4usel\u00f6sungen f\u00fcr h\u00f6chste Anspr\u00fcche","description":"Industriegeh\u00e4use, Schaltschr\u00e4nke, Installationsgeh\u00e4use, Sicherungsk\u00e4sten und Verteilerk\u00e4sten","potentialAction":[{"@type":"SearchAction","target":{"@type":"EntryPoint","urlTemplate":"https:\/\/boxexpert.de\/da\/?s={search_term_string}"},"query-input":{"@type":"PropertyValueSpecification","valueRequired":true,"valueName":"search_term_string"}}],"inLanguage":"da-DK"}]}},"_links":{"self":[{"href":"https:\/\/boxexpert.de\/da\/wp-json\/wp\/v2\/pages\/34569","targetHints":{"allow":["GET"]}}],"collection":[{"href":"https:\/\/boxexpert.de\/da\/wp-json\/wp\/v2\/pages"}],"about":[{"href":"https:\/\/boxexpert.de\/da\/wp-json\/wp\/v2\/types\/page"}],"author":[{"embeddable":true,"href":"https:\/\/boxexpert.de\/da\/wp-json\/wp\/v2\/users\/1"}],"replies":[{"embeddable":true,"href":"https:\/\/boxexpert.de\/da\/wp-json\/wp\/v2\/comments?post=34569"}],"version-history":[{"count":1,"href":"https:\/\/boxexpert.de\/da\/wp-json\/wp\/v2\/pages\/34569\/revisions"}],"predecessor-version":[{"id":34572,"href":"https:\/\/boxexpert.de\/da\/wp-json\/wp\/v2\/pages\/34569\/revisions\/34572"}],"wp:attachment":[{"href":"https:\/\/boxexpert.de\/da\/wp-json\/wp\/v2\/media?parent=34569"}],"curies":[{"name":"wp","href":"https:\/\/api.w.org\/{rel}","templated":true}]}}