{"id":34657,"date":"2021-07-28T12:18:54","date_gmt":"2021-07-28T12:18:54","guid":{"rendered":"https:\/\/boxexpert.de\/logistik\/"},"modified":"2021-07-28T12:18:57","modified_gmt":"2021-07-28T12:18:57","slug":"logistik","status":"publish","type":"page","link":"https:\/\/boxexpert.de\/da\/virksomhed\/logistik\/","title":{"rendered":"Logistik"},"content":{"rendered":"<div class=\"wpb-content-wrapper\"><p>[vc_row full_width=&#8221;stretch_row_content&#8221; mobile_bg_img_hidden=&#8221;no&#8221; tablet_bg_img_hidden=&#8221;no&#8221; woodmart_parallax=&#8221;0&#8243; woodmart_gradient_switch=&#8221;no&#8221; row_reverse_mobile=&#8221;0&#8243; row_reverse_tablet=&#8221;0&#8243; woodmart_disable_overflow=&#8221;0&#8243; css=&#8221;.vc_custom_1585845066216{margin-top: -40px !important;margin-bottom: 4vh !important;}&#8221;][vc_column]\n\t\t\t<!-- START logistik REVOLUTION SLIDER 6.7.41 --><p class=\"rs-p-wp-fix\"><\/p>\n\t\t\t<rs-module-wrap id=\"rev_slider_20_1_wrapper\" data-source=\"gallery\" style=\"visibility:hidden;background:transparent;padding:0;margin:0px auto;margin-top:0;margin-bottom:0;\">\n\t\t\t\t<rs-module id=\"rev_slider_20_1\" style=\"\" data-version=\"6.7.41\">\n\t\t\t\t\t<rs-slides style=\"overflow: hidden; position: absolute;\">\n\t\t\t\t\t\t<rs-slide style=\"position: absolute;\" data-key=\"rs-332\" data-title=\"Slide\" data-anim=\"adpr:false;\" data-in=\"o:0;\" data-out=\"a:false;\">\n\t\t\t\t\t\t\t<img decoding=\"async\" src=\"\/\/boxexpert.de\/wp-content\/plugins\/revslider\/sr6\/assets\/assets\/dummy.png\" alt=\"Das Logistikzentrum von Boxexpert sorgt f\u00fcr reichlich Lagerware an Geh\u00e4usen\" title=\"logistik1\" width=\"1600\" height=\"600\" class=\"rev-slidebg tp-rs-img rs-lazyload\" data-lazyload=\"\/\/boxexpert.de\/wp-content\/uploads\/2020\/03\/logistik1.jpg\" data-no-retina>\n<!--\n\t\t\t\t\t\t\t--><rs-layer\n\t\t\t\t\t\t\t\tid=\"slider-20-slide-332-layer-0\" \n\t\t\t\t\t\t\t\tdata-type=\"shape\"\n\t\t\t\t\t\t\t\tdata-rsp_ch=\"on\"\n\t\t\t\t\t\t\t\tdata-xy=\"x:428px;y:340px;\"\n\t\t\t\t\t\t\t\tdata-text=\"w:normal;\"\n\t\t\t\t\t\t\t\tdata-dim=\"w:517px;h:127px;\"\n\t\t\t\t\t\t\t\tdata-spike=\"r:top;\"\n\t\t\t\t\t\t\t\tdata-frame_0=\"x:left;\"\n\t\t\t\t\t\t\t\tdata-frame_1=\"st:400;sp:1000;\"\n\t\t\t\t\t\t\t\tdata-frame_999=\"o:0;st:w;\"\n\t\t\t\t\t\t\t\tstyle=\"z-index:5;background-color:rgba(54,132,187,0.95);\"\n\t\t\t\t\t\t\t> \n\t\t\t\t\t\t\t<\/rs-layer><!--\n\n\t\t\t\t\t\t\t--><rs-layer\n\t\t\t\t\t\t\t\tid=\"slider-20-slide-332-layer-1\" \n\t\t\t\t\t\t\t\tdata-type=\"text\"\n\t\t\t\t\t\t\t\tdata-color=\"#ffffff\"\n\t\t\t\t\t\t\t\tdata-rsp_ch=\"on\"\n\t\t\t\t\t\t\t\tdata-xy=\"x:454px;y:367px;\"\n\t\t\t\t\t\t\t\tdata-text=\"w:normal;s:27;l:34;fw:600;\"\n\t\t\t\t\t\t\t\tdata-frame_0=\"x:left;\"\n\t\t\t\t\t\t\t\tdata-frame_1=\"st:400;sp:1000;\"\n\t\t\t\t\t\t\t\tdata-frame_999=\"o:0;st:w;\"\n\t\t\t\t\t\t\t\tstyle=\"z-index:6;font-family:'Poppins';\"\n\t\t\t\t\t\t\t>H\u00d8J TILG\u00c6NGELIGHED OG <br \/>\nUDVALGTE LOGISTIKPARTNERE \n\t\t\t\t\t\t\t<\/rs-layer><!--\n-->\t\t\t\t\t<\/rs-slide>\n\t\t\t\t\t<\/rs-slides>\n\t\t\t\t<\/rs-module>\n\t\t\t\t<script>\n\t\t\t\t\tsetREVStartSize({c: 'rev_slider_20_1',rl:[1240,1024,778,480],el:[500],gw:[1240],gh:[500],type:'standard',justify:'',layout:'fullwidth',mh:\"0\"});if (window.RS_MODULES!==undefined && window.RS_MODULES.modules!==undefined && window.RS_MODULES.modules[\"revslider201\"]!==undefined) {window.RS_MODULES.modules[\"revslider201\"].once = false;window.revapi20 = undefined;if (window.RS_MODULES.checkMinimal!==undefined) window.RS_MODULES.checkMinimal()}\n\t\t\t\t<\/script>\n\t\t\t<\/rs-module-wrap>\n\t\t\t<!-- END REVOLUTION SLIDER -->\n[\/vc_column][\/vc_row][vc_row mobile_bg_img_hidden=&#8221;no&#8221; tablet_bg_img_hidden=&#8221;no&#8221; woodmart_parallax=&#8221;0&#8243; woodmart_gradient_switch=&#8221;no&#8221; row_reverse_mobile=&#8221;0&#8243; row_reverse_tablet=&#8221;0&#8243; woodmart_disable_overflow=&#8221;0&#8243;][vc_column]\n\t\t<div id=\"wd-5e46b0d304a7f\" class=\"title-wrapper wd-wpb wd-set-mb reset-last-child  wd-rs-5e46b0d304a7f wd-title-color-primary wd-title-style-underlined text-left vc_custom_1581691095808 wd-underline-colored\">\n\t\t\t\n\t\t\t<div class=\"liner-continer\">\n\t\t\t\t<h1 class=\"woodmart-title-container title  wd-font-weight- wd-fontsize-xxl\" ><strong>LOGISTIK<\/strong><\/h1>\n\t\t\t\t\t\t\t<\/div>\n\t\t\t\n\t\t\t\n\t\t\t\n\t\t<\/div>\n\t\t\n\t\t[\/vc_column][\/vc_row][vc_row full_width=&#8221;stretch_row&#8221; content_placement=&#8221;middle&#8221; css=&#8221;.vc_custom_1581684079743{margin-bottom: 2vh !important;}&#8221; mobile_bg_img_hidden=&#8221;no&#8221; tablet_bg_img_hidden=&#8221;no&#8221; woodmart_parallax=&#8221;0&#8243; woodmart_gradient_switch=&#8221;no&#8221; row_reverse_mobile=&#8221;0&#8243; row_reverse_tablet=&#8221;0&#8243; woodmart_disable_overflow=&#8221;0&#8243;][vc_column width=&#8221;1\/3&#8243; css=&#8221;.vc_custom_1490276860346{margin-bottom: 20px !important;padding-top: 0px !important;}&#8221;]\t\t<div id=\"gallery_344\" class=\"wd-images-gallery wd-wpb\" style=\"--wd-justify-content:center;--wd-align-items:center;\">\n\t\t\t\n\t\t\t<div class=\" wd-grid-g\" style=\"--wd-col-lg:1;--wd-col-md:1;--wd-col-sm:1;--wd-gap-lg:0px;\">\n\t\t\t\t\n\t\t\t\t\t\t\t\t\t\t\t\t\t\t\t<div class=\"wd-gallery-item wd-col\">\n\t\t\t\t\t\t\t\n\t\t\t\t\t\t\t\t<img decoding=\"async\" width=\"600\" height=\"400\" src=\"https:\/\/boxexpert.de\/wp-content\/uploads\/2020\/03\/logistik4.jpg\" class=\"wd-gallery-image image-1\" alt=\"Das Logistikzentrum von Boxexpert sorgt f\u00fcr reichlich Lagerware an Geh\u00e4usen\" srcset=\"https:\/\/boxexpert.de\/wp-content\/uploads\/2020\/03\/logistik4.jpg 600w, https:\/\/boxexpert.de\/wp-content\/uploads\/2020\/03\/logistik4-150x100.jpg 150w, https:\/\/boxexpert.de\/wp-content\/uploads\/2020\/03\/logistik4-300x200.jpg 300w\" sizes=\"(max-width: 600px) 100vw, 600px\" \/>\n\t\t\t\t\t\t\t\t\t\t\t\t\t\t<\/div>\n\t\t\t\t\t\t\t\t\t\n\t\t\t\t\t\t\t<\/div>\n\n\t\t\t\t\t<\/div>\n\t\t[\/vc_column][vc_column width=&#8221;1\/3&#8243; css=&#8221;.vc_custom_1536077344327{margin-bottom: 20px !important;padding-top: 0px !important;}&#8221;]\n\t\t<div id=\"wd-5e8136f084408\" class=\"title-wrapper wd-wpb wd-set-mb reset-last-child  wd-rs-5e8136f084408 wd-title-color-primary wd-title-style-underlined text-left vc_custom_1585526532409 wd-underline-colored\">\n\t\t\t\n\t\t\t<div class=\"liner-continer\">\n\t\t\t\t<h2 class=\"woodmart-title-container title  wd-font-weight- wd-fontsize-l\" >LOGISTIK P\u00c5 HANSESTATISK VIS<\/h2>\n\t\t\t\t\t\t\t<\/div>\n\t\t\t\n\t\t\t\n\t\t\t\n\t\t<\/div>\n\t\t\n\t\t[vc_column_text css=&#8221;.vc_custom_1586347592834{margin-bottom: 20px !important;}&#8221; text_larger=&#8221;no&#8221;]En samlet struktur af BOXEXPERT&#8217;s logistik hj\u00e6lper alle processer til at k\u00f8re gnidningsl\u00f8st Den centrale placering i Hamborg d\u00e6kker alle omr\u00e5der for h\u00e5ndtering af vores logistik. Udviklingen og fremstillingen af produkterne stammer fra Hansestaden, og det samme g\u00e6lder salgs-, support- og forsendelseslogistikken. En kundeorienteret tilgang er en selvf\u00f8lge for BOXEXPERT.[\/vc_column_text][\/vc_column][vc_column width=&#8221;1\/3&#8243; css=&#8221;.vc_custom_1536077348538{margin-bottom: 20px !important;padding-top: 0px !important;}&#8221;][vc_column_text css=&#8221;.vc_custom_1586347839288{margin-bottom: 28px !important;}&#8221; text_larger=&#8221;no&#8221;]Gennem udvalgte logistikpartnere og en h\u00f8j tilg\u00e6ngelighed af alle produkter kan vi garantere en hurtig behandling af alle ordrer. Automatiseret og flersproget ordrebehandling bidrager i h\u00f8j grad til dette.[\/vc_column_text][vc_column_text css=&#8221;.vc_custom_1586348029119{margin-bottom: 20px !important;}&#8221; text_larger=&#8221;no&#8221;]Hvis du har travlt, kan vi naturligvis levere vores kabinetter til dig i hele verden med ekspresforsendelse og ordne korrespondancen med rederiet ved st\u00f8rre leverancer. Overbevis dig selv om vores p\u00e5lidelige logistik og stol p\u00e5 BOXEXPERT.[\/vc_column_text][\/vc_column][\/vc_row][vc_row full_width=&#8221;stretch_row&#8221; css=&#8221;.vc_custom_1581684138262{padding-top: 30px !important;background-color: #f9f9f9 !important;}&#8221; mobile_bg_img_hidden=&#8221;no&#8221; tablet_bg_img_hidden=&#8221;no&#8221; woodmart_parallax=&#8221;0&#8243; woodmart_gradient_switch=&#8221;no&#8221; row_reverse_mobile=&#8221;0&#8243; row_reverse_tablet=&#8221;0&#8243; woodmart_disable_overflow=&#8221;0&#8243;][vc_column css=&#8221;.vc_custom_1484657273903{padding-top: 0px !important;}&#8221;]\n\t\t<div id=\"wd-5e45054c68b77\" class=\"title-wrapper wd-wpb wd-set-mb reset-last-child  wd-rs-5e45054c68b77 wd-title-color-primary wd-title-style-underlined text-left vc_custom_1581581650385 wd-underline-colored\">\n\t\t\t\n\t\t\t<div class=\"liner-continer\">\n\t\t\t\t<h4 class=\"woodmart-title-container title  wd-font-weight- wd-fontsize-l\" >N\u00d8GLIGE FAKTA<\/h4>\n\t\t\t\t\t\t\t<\/div>\n\t\t\t\n\t\t\t\n\t\t\t\n\t\t<\/div>\n\t\t\n\t\t[vc_row_inner][vc_column_inner width=&#8221;1\/2&#8243;]\t\t\t<div id=\"wd-5e8dc0c29e767\" class=\"wd-text-block-wrapper wd-wpb wd-rs-5e8dc0c29e767 color-scheme-custom text-left vc_custom_1586348229775\">\n\t\t\t\t<div class=\"woodmart-title-container woodmart-text-block reset-last-child font-primary wd-font-weight-600 \">\n\t\t\t\t\t<\/p>\n<h3>BOXEXPERT&#8217;s h\u00e5ndtering af forsendelser<\/h3>\n<p>\t\t\t\t<\/div>\n\n\t\t\t\t\t\t\t<\/div>\n\t\t[vc_column_text text_larger=&#8221;no&#8221;]Hele forsendelsesprocessen er d\u00e6kket og omhyggeligt gennemf\u00f8rt af BOXEXPERT. Forsendelsespakker bringes p\u00e5lideligt og til tiden til deres destination af vores logistikpartner UPS.<\/p>\n<p>Ved levering af paller overtager vi desuden hele organiseringen sammen med spedit\u00f8ren og tager os om n\u00f8dvendigt af alle n\u00f8dvendige toldformaliteter.[\/vc_column_text][\/vc_column_inner][vc_column_inner width=&#8221;1\/2&#8243;]\t\t\t<div id=\"wd-5e99b46291fa6\" class=\"wd-text-block-wrapper wd-wpb wd-rs-5e99b46291fa6 color-scheme-custom text-left vc_custom_1587131492965\">\n\t\t\t\t<div class=\"woodmart-title-container woodmart-text-block reset-last-child font-primary wd-font-weight-600 \">\n\t\t\t\t\t<\/p>\n<h3>Logistik<\/h3>\n<p>\t\t\t\t<\/div>\n\n\t\t\t\t\t\t\t<\/div>\n\t\t[vc_column_text text_larger=&#8221;no&#8221;]<\/p>\n<div>Bliver din indkapsling videreforarbejdet, eller indg\u00e5r den i din produktionsk\u00e6de? Eller sker leveringen direkte til din kunde? I begge tilf\u00e6lde tilbyder BOXEXPERT support til at hj\u00e6lpe dig logistisk. B\u00e5de med hensyn til emballage og levering s\u00e6tter vi os tidligt sammen med dig for at definere den optimale proces for dig.<\/div>\n<p>[\/vc_column_text][\/vc_column_inner][\/vc_row_inner][vc_row_inner][vc_column_inner width=&#8221;1\/2&#8243;]\t\t\t<div id=\"wd-5e8dc0c91bce4\" class=\"wd-text-block-wrapper wd-wpb wd-rs-5e8dc0c91bce4 color-scheme-custom text-left vc_custom_1586348235467\">\n\t\t\t\t<div class=\"woodmart-title-container woodmart-text-block reset-last-child font-primary wd-font-weight-600 \">\n\t\t\t\t\t<\/p>\n<h3>Bekvem bestilling i shopsystemet<\/h3>\n<p>\t\t\t\t<\/div>\n\n\t\t\t\t\t\t\t<\/div>\n\t\t[vc_column_text text_larger=&#8221;no&#8221;]Vores shopsystem giver dig mulighed for at bestille med et enkelt klik i et helt automatiseret milj\u00f8. Filtermuligheder og en klar struktur af vores produktkategorier hj\u00e6lper dig med hurtigt og nemt at finde det rigtige kabinet til dig.<\/p>\n<p>Hvis du \u00f8nsker individualisering i form af vores boligtjenester, vil vores medarbejdere reagere hurtigt p\u00e5 dine s\u00e6rlige \u00f8nsker og, hvis du \u00f8nsker det, r\u00e5dgive dig direkte live i online-chatten.[\/vc_column_text][\/vc_column_inner][vc_column_inner width=&#8221;1\/2&#8243;]\t\t\t<div id=\"wd-5e99b47217303\" class=\"wd-text-block-wrapper wd-wpb wd-rs-5e99b47217303 color-scheme-custom text-left vc_custom_1587131515355\">\n\t\t\t\t<div class=\"woodmart-title-container woodmart-text-block reset-last-child font-primary wd-font-weight-600 \">\n\t\t\t\t\t<\/p>\n<h3>Pakning<\/h3>\n<p>\t\t\t\t<\/div>\n\n\t\t\t\t\t\t\t<\/div>\n\t\t[vc_column_text text_larger=&#8221;no&#8221;]<\/p>\n<div>\n<p><span lang=\"DE\">Hvis produktet skal leveres direkte til din kunde, pakker vi p\u00e5 din anmodning kabinetterne direkte i dine kasser med din f\u00f8lgeseddel, s\u00e5 din kunde ikke engang opdager, at leverand\u00f8ren faktisk var en anden. <\/span><\/p>\n<p><span lang=\"DE\">Hvis du \u00f8nsker at bearbejde kabinettet yderligere i din produktion og spare p\u00e5 ressourcerne, kan du f.eks. v\u00e6lge at levere det i panelemballage. <\/span><\/p>\n<\/div>\n<p>[\/vc_column_text][\/vc_column_inner][\/vc_row_inner][vc_row_inner][vc_column_inner width=&#8221;1\/2&#8243;]\t\t\t<div id=\"wd-5e8dc0ceccd61\" class=\"wd-text-block-wrapper wd-wpb wd-rs-5e8dc0ceccd61 color-scheme-custom text-left vc_custom_1586348241075\">\n\t\t\t\t<div class=\"woodmart-title-container woodmart-text-block reset-last-child font-primary wd-font-weight-600 \">\n\t\t\t\t\t<\/p>\n<h3>24\/7 og forsendelse samme dag<\/h3>\n<p>\t\t\t\t<\/div>\n\n\t\t\t\t\t\t\t<\/div>\n\t\t[vc_column_text text_larger=&#8221;no&#8221;]Vi sender vores varer dagligt. Alle ordrer overdrages til vores logistikpartner senest den n\u00e6ste arbejdsdag, afh\u00e6ngigt af tidspunktet for bestillingen, og de er normalt hos dig den f\u00f8lgende arbejdsdag.<\/p>\n<p>Ordrer, der modtages inden kl. 14.00 via vores online shop, sendes samme dag, s\u00e5 der g\u00e5r mindre end 24 timer fra du afgiver din ordre, til du modtager varerne.[\/vc_column_text][\/vc_column_inner][vc_column_inner width=&#8221;1\/2&#8243;]\t\t\t<div id=\"wd-5e99b4944a788\" class=\"wd-text-block-wrapper wd-wpb wd-rs-5e99b4944a788 color-scheme-custom text-left vc_custom_1587131547990\">\n\t\t\t\t<div class=\"woodmart-title-container woodmart-text-block reset-last-child font-primary wd-font-weight-600 \">\n\t\t\t\t\t<\/p>\n<h3>Levering<\/h3>\n<p>\t\t\t\t<\/div>\n\n\t\t\t\t\t\t\t<\/div>\n\t\t[vc_column_text text_larger=&#8221;no&#8221;]<\/p>\n<div>\n<p><span lang=\"DE\">Hvis du har brug for sikkerheden ved altid at have adgang til det \u00f8nskede antal kabinetter, men ikke har den n\u00f8dvendige lagerkapacitet, tilbyder vi dig gerne at indg\u00e5 en samlet ordre. P\u00e5 denne m\u00e5de holder vi altid den m\u00e6ngde kabinetter, som du har brug for i en bestemt periode, tilbage for dig, s\u00e5 du nemt kan hente dem hos os i partier. Det giver dig fleksibilitet til at forts\u00e6tte med at handle med kort varsel. Selv hvis halvfabrikata som f.eks. husd\u00e6kslet eller tilbeh\u00f8r skal sendes til forskellige leveringsadresser, hj\u00e6lper vi dig gerne med at gennemf\u00f8re det.<\/span><\/p>\n<p><span lang=\"DE\">Vi r\u00e5dgiver dig gerne, allerede inden du afgiver din f\u00f8rste ordre, fordi vi \u00f8nsker at skabe plads til, at du kan koncentrere dig om din kerneforretning.<\/span><\/p>\n<\/div>\n<p>[\/vc_column_text][\/vc_column_inner][\/vc_row_inner][\/vc_column][\/vc_row]<\/p>\n<\/div>","protected":false},"excerpt":{"rendered":"<p>[vc_row full_width=&#8221;stretch_row_content&#8221; mobile_bg_img_hidden=&#8221;no&#8221; tablet_bg_img_hidden=&#8221;no&#8221; woodmart_parallax=&#8221;0&#8243; woodmart_gradient_switch=&#8221;no&#8221; row_reverse_mobile=&#8221;0&#8243; row_reverse_tablet=&#8221;0&#8243; woodmart_disable_overflow=&#8221;0&#8243; css=&#8221;.vc_custom_1585845066216{margin-top: -40px !important;margin-bottom: 4vh !important;}&#8221;][vc_column][\/vc_column][\/vc_row][vc_row mobile_bg_img_hidden=&#8221;no&#8221; tablet_bg_img_hidden=&#8221;no&#8221; woodmart_parallax=&#8221;0&#8243; woodmart_gradient_switch=&#8221;no&#8221; row_reverse_mobile=&#8221;0&#8243; row_reverse_tablet=&#8221;0&#8243;<\/p>\n","protected":false},"author":1,"featured_media":0,"parent":34722,"menu_order":0,"comment_status":"closed","ping_status":"closed","template":"","meta":{"_acf_changed":false,"content-type":"","footnotes":""},"class_list":["post-34657","page","type-page","status-publish","hentry"],"acf":[],"yoast_head":"<!-- This site is optimized with the Yoast SEO plugin v27.2 - https:\/\/yoast.com\/product\/yoast-seo-wordpress\/ -->\n<title>Logistik og transport Produktion af kapslinger | BOXEXPERT<\/title>\n<meta name=\"description\" content=\"Logistik og transport Industriel indkapsling Kontrolskab\" \/>\n<meta name=\"robots\" content=\"index, follow, max-snippet:-1, max-image-preview:large, max-video-preview:-1\" \/>\n<link rel=\"canonical\" href=\"https:\/\/boxexpert.de\/da\/virksomhed\/logistik\/\" \/>\n<meta property=\"og:locale\" content=\"da_DK\" \/>\n<meta property=\"og:type\" content=\"article\" \/>\n<meta property=\"og:title\" content=\"Logistik og transport Produktion af kapslinger | BOXEXPERT\" \/>\n<meta property=\"og:description\" content=\"Logistik og transport Industriel indkapsling Kontrolskab\" \/>\n<meta property=\"og:url\" content=\"https:\/\/boxexpert.de\/da\/virksomhed\/logistik\/\" \/>\n<meta property=\"og:site_name\" content=\"BOXEXPERT - Professionelle Geh\u00e4usel\u00f6sungen f\u00fcr h\u00f6chste Anspr\u00fcche\" \/>\n<meta property=\"article:modified_time\" content=\"2021-07-28T12:18:57+00:00\" \/>\n<meta name=\"twitter:card\" content=\"summary_large_image\" \/>\n<script type=\"application\/ld+json\" class=\"yoast-schema-graph\">{\"@context\":\"https:\/\/schema.org\",\"@graph\":[{\"@type\":\"WebPage\",\"@id\":\"https:\/\/boxexpert.de\/da\/virksomhed\/logistik\/\",\"url\":\"https:\/\/boxexpert.de\/da\/virksomhed\/logistik\/\",\"name\":\"Logistik og transport Produktion af kapslinger | BOXEXPERT\",\"isPartOf\":{\"@id\":\"https:\/\/boxexpert.de\/da\/#website\"},\"datePublished\":\"2021-07-28T12:18:54+00:00\",\"dateModified\":\"2021-07-28T12:18:57+00:00\",\"description\":\"Logistik og transport Industriel indkapsling Kontrolskab\",\"breadcrumb\":{\"@id\":\"https:\/\/boxexpert.de\/da\/virksomhed\/logistik\/#breadcrumb\"},\"inLanguage\":\"da-DK\",\"potentialAction\":[{\"@type\":\"ReadAction\",\"target\":[\"https:\/\/boxexpert.de\/da\/virksomhed\/logistik\/\"]}]},{\"@type\":\"BreadcrumbList\",\"@id\":\"https:\/\/boxexpert.de\/da\/virksomhed\/logistik\/#breadcrumb\",\"itemListElement\":[{\"@type\":\"ListItem\",\"position\":1,\"name\":\"Startseite\",\"item\":\"https:\/\/boxexpert.de\/da\/\"},{\"@type\":\"ListItem\",\"position\":2,\"name\":\"Virksomhed\",\"item\":\"https:\/\/boxexpert.de\/da\/virksomhed\/\"},{\"@type\":\"ListItem\",\"position\":3,\"name\":\"Logistik\"}]},{\"@type\":\"WebSite\",\"@id\":\"https:\/\/boxexpert.de\/da\/#website\",\"url\":\"https:\/\/boxexpert.de\/da\/\",\"name\":\"BOXEXPERT - Professionelle Geh\u00e4usel\u00f6sungen f\u00fcr h\u00f6chste Anspr\u00fcche\",\"description\":\"Industriegeh\u00e4use, Schaltschr\u00e4nke, Installationsgeh\u00e4use, Sicherungsk\u00e4sten und Verteilerk\u00e4sten\",\"potentialAction\":[{\"@type\":\"SearchAction\",\"target\":{\"@type\":\"EntryPoint\",\"urlTemplate\":\"https:\/\/boxexpert.de\/da\/?s={search_term_string}\"},\"query-input\":{\"@type\":\"PropertyValueSpecification\",\"valueRequired\":true,\"valueName\":\"search_term_string\"}}],\"inLanguage\":\"da-DK\"}]}<\/script>\n<!-- \/ Yoast SEO plugin. -->","yoast_head_json":{"title":"Logistik og transport Produktion af kapslinger | BOXEXPERT","description":"Logistik og transport Industriel indkapsling Kontrolskab","robots":{"index":"index","follow":"follow","max-snippet":"max-snippet:-1","max-image-preview":"max-image-preview:large","max-video-preview":"max-video-preview:-1"},"canonical":"https:\/\/boxexpert.de\/da\/virksomhed\/logistik\/","og_locale":"da_DK","og_type":"article","og_title":"Logistik og transport Produktion af kapslinger | BOXEXPERT","og_description":"Logistik og transport Industriel indkapsling Kontrolskab","og_url":"https:\/\/boxexpert.de\/da\/virksomhed\/logistik\/","og_site_name":"BOXEXPERT - Professionelle Geh\u00e4usel\u00f6sungen f\u00fcr h\u00f6chste Anspr\u00fcche","article_modified_time":"2021-07-28T12:18:57+00:00","twitter_card":"summary_large_image","schema":{"@context":"https:\/\/schema.org","@graph":[{"@type":"WebPage","@id":"https:\/\/boxexpert.de\/da\/virksomhed\/logistik\/","url":"https:\/\/boxexpert.de\/da\/virksomhed\/logistik\/","name":"Logistik og transport Produktion af kapslinger | BOXEXPERT","isPartOf":{"@id":"https:\/\/boxexpert.de\/da\/#website"},"datePublished":"2021-07-28T12:18:54+00:00","dateModified":"2021-07-28T12:18:57+00:00","description":"Logistik og transport Industriel indkapsling Kontrolskab","breadcrumb":{"@id":"https:\/\/boxexpert.de\/da\/virksomhed\/logistik\/#breadcrumb"},"inLanguage":"da-DK","potentialAction":[{"@type":"ReadAction","target":["https:\/\/boxexpert.de\/da\/virksomhed\/logistik\/"]}]},{"@type":"BreadcrumbList","@id":"https:\/\/boxexpert.de\/da\/virksomhed\/logistik\/#breadcrumb","itemListElement":[{"@type":"ListItem","position":1,"name":"Startseite","item":"https:\/\/boxexpert.de\/da\/"},{"@type":"ListItem","position":2,"name":"Virksomhed","item":"https:\/\/boxexpert.de\/da\/virksomhed\/"},{"@type":"ListItem","position":3,"name":"Logistik"}]},{"@type":"WebSite","@id":"https:\/\/boxexpert.de\/da\/#website","url":"https:\/\/boxexpert.de\/da\/","name":"BOXEXPERT - Professionelle Geh\u00e4usel\u00f6sungen f\u00fcr h\u00f6chste Anspr\u00fcche","description":"Industriegeh\u00e4use, Schaltschr\u00e4nke, Installationsgeh\u00e4use, Sicherungsk\u00e4sten und Verteilerk\u00e4sten","potentialAction":[{"@type":"SearchAction","target":{"@type":"EntryPoint","urlTemplate":"https:\/\/boxexpert.de\/da\/?s={search_term_string}"},"query-input":{"@type":"PropertyValueSpecification","valueRequired":true,"valueName":"search_term_string"}}],"inLanguage":"da-DK"}]}},"_links":{"self":[{"href":"https:\/\/boxexpert.de\/da\/wp-json\/wp\/v2\/pages\/34657","targetHints":{"allow":["GET"]}}],"collection":[{"href":"https:\/\/boxexpert.de\/da\/wp-json\/wp\/v2\/pages"}],"about":[{"href":"https:\/\/boxexpert.de\/da\/wp-json\/wp\/v2\/types\/page"}],"author":[{"embeddable":true,"href":"https:\/\/boxexpert.de\/da\/wp-json\/wp\/v2\/users\/1"}],"replies":[{"embeddable":true,"href":"https:\/\/boxexpert.de\/da\/wp-json\/wp\/v2\/comments?post=34657"}],"version-history":[{"count":10,"href":"https:\/\/boxexpert.de\/da\/wp-json\/wp\/v2\/pages\/34657\/revisions"}],"predecessor-version":[{"id":34671,"href":"https:\/\/boxexpert.de\/da\/wp-json\/wp\/v2\/pages\/34657\/revisions\/34671"}],"up":[{"embeddable":true,"href":"https:\/\/boxexpert.de\/da\/wp-json\/wp\/v2\/pages\/34722"}],"wp:attachment":[{"href":"https:\/\/boxexpert.de\/da\/wp-json\/wp\/v2\/media?parent=34657"}],"curies":[{"name":"wp","href":"https:\/\/api.w.org\/{rel}","templated":true}]}}