{"id":34702,"date":"2021-07-28T12:28:57","date_gmt":"2021-07-28T12:28:57","guid":{"rendered":"https:\/\/boxexpert.de\/code-of-conduct\/"},"modified":"2022-04-08T05:45:25","modified_gmt":"2022-04-08T05:45:25","slug":"adfaerdskodeks","status":"publish","type":"page","link":"https:\/\/boxexpert.de\/da\/virksomhed\/adfaerdskodeks\/","title":{"rendered":"ADF\u00c6RDSKODEKS"},"content":{"rendered":"<div class=\"wpb-content-wrapper\"><p>[vc_row full_width=&#8221;stretch_row_content&#8221; mobile_bg_img_hidden=&#8221;no&#8221; tablet_bg_img_hidden=&#8221;no&#8221; woodmart_parallax=&#8221;0&#8243; woodmart_gradient_switch=&#8221;no&#8221; row_reverse_mobile=&#8221;0&#8243; row_reverse_tablet=&#8221;0&#8243; woodmart_disable_overflow=&#8221;0&#8243; css=&#8221;.vc_custom_1585665823573{margin-top: -40px !important;margin-bottom: 4vh !important;}&#8221;][vc_column]\n\t\t\t<!-- START Code of Conduct REVOLUTION SLIDER 6.7.41 --><p class=\"rs-p-wp-fix\"><\/p>\n\t\t\t<rs-module-wrap id=\"rev_slider_33_1_wrapper\" data-source=\"gallery\" style=\"visibility:hidden;background:transparent;padding:0;margin:0px auto;margin-top:0;margin-bottom:0;\">\n\t\t\t\t<rs-module id=\"rev_slider_33_1\" style=\"\" data-version=\"6.7.41\">\n\t\t\t\t\t<rs-slides style=\"overflow: hidden; position: absolute;\">\n\t\t\t\t\t\t<rs-slide style=\"position: absolute;\" data-key=\"rs-283\" data-title=\"Slide\" data-anim=\"adpr:false;\" data-in=\"o:0;\" data-out=\"a:false;\">\n\t\t\t\t\t\t\t<img decoding=\"async\" src=\"\/\/boxexpert.de\/wp-content\/plugins\/revslider\/sr6\/assets\/assets\/dummy.png\" alt=\"\" title=\"selective-focus-photography-of-child-hand-1250452 (1)\" width=\"1600\" height=\"600\" class=\"rev-slidebg tp-rs-img rs-lazyload\" data-lazyload=\"\/\/boxexpert.de\/wp-content\/uploads\/2020\/03\/selective-focus-photography-of-child-hand-1250452-1.jpg\" data-no-retina>\n<!--\n\t\t\t\t\t\t\t--><rs-layer\n\t\t\t\t\t\t\t\tid=\"slider-33-slide-283-layer-3\" \n\t\t\t\t\t\t\t\tdata-type=\"shape\"\n\t\t\t\t\t\t\t\tdata-rsp_ch=\"on\"\n\t\t\t\t\t\t\t\tdata-xy=\"x:428px;y:340px;\"\n\t\t\t\t\t\t\t\tdata-text=\"w:normal;\"\n\t\t\t\t\t\t\t\tdata-dim=\"w:517px;h:127px;\"\n\t\t\t\t\t\t\t\tdata-spike=\"r:top;\"\n\t\t\t\t\t\t\t\tdata-frame_0=\"x:left;\"\n\t\t\t\t\t\t\t\tdata-frame_1=\"st:400;sp:1000;\"\n\t\t\t\t\t\t\t\tdata-frame_999=\"o:0;st:w;\"\n\t\t\t\t\t\t\t\tstyle=\"z-index:5;background-color:rgba(54,132,187,0.95);\"\n\t\t\t\t\t\t\t> \n\t\t\t\t\t\t\t<\/rs-layer><!--\n\n\t\t\t\t\t\t\t--><rs-layer\n\t\t\t\t\t\t\t\tid=\"slider-33-slide-283-layer-4\" \n\t\t\t\t\t\t\t\tdata-type=\"text\"\n\t\t\t\t\t\t\t\tdata-color=\"#ffffff\"\n\t\t\t\t\t\t\t\tdata-rsp_ch=\"on\"\n\t\t\t\t\t\t\t\tdata-xy=\"x:454px;y:367px;\"\n\t\t\t\t\t\t\t\tdata-text=\"w:normal;s:27;l:34;fw:600;\"\n\t\t\t\t\t\t\t\tdata-frame_0=\"x:left;\"\n\t\t\t\t\t\t\t\tdata-frame_1=\"st:400;sp:1000;\"\n\t\t\t\t\t\t\t\tdata-frame_999=\"o:0;st:w;\"\n\t\t\t\t\t\t\t\tstyle=\"z-index:6;font-family:'Poppins';\"\n\t\t\t\t\t\t\t>TILLSAMMANS F\u00d6R DET GODA<br \/>\nV\u00c4RDEN OCH R\u00c4TTIGHETEN \n\t\t\t\t\t\t\t<\/rs-layer><!--\n-->\t\t\t\t\t<\/rs-slide>\n\t\t\t\t\t<\/rs-slides>\n\t\t\t\t<\/rs-module>\n\t\t\t\t<script>\n\t\t\t\t\tsetREVStartSize({c: 'rev_slider_33_1',rl:[1240,1024,778,480],el:[500],gw:[1240],gh:[500],type:'standard',justify:'',layout:'fullwidth',mh:\"0\"});if (window.RS_MODULES!==undefined && window.RS_MODULES.modules!==undefined && window.RS_MODULES.modules[\"revslider331\"]!==undefined) {window.RS_MODULES.modules[\"revslider331\"].once = false;window.revapi33 = undefined;if (window.RS_MODULES.checkMinimal!==undefined) window.RS_MODULES.checkMinimal()}\n\t\t\t\t<\/script>\n\t\t\t<\/rs-module-wrap>\n\t\t\t<!-- END REVOLUTION SLIDER -->\n[\/vc_column][\/vc_row][vc_row mobile_bg_img_hidden=&#8221;no&#8221; tablet_bg_img_hidden=&#8221;no&#8221; woodmart_parallax=&#8221;0&#8243; woodmart_gradient_switch=&#8221;no&#8221; row_reverse_mobile=&#8221;0&#8243; row_reverse_tablet=&#8221;0&#8243; woodmart_disable_overflow=&#8221;0&#8243;][vc_column width=&#8221;1\/2&#8243;]\n\t\t<div id=\"wd-5e834fca961e2\" class=\"title-wrapper wd-wpb wd-set-mb reset-last-child  wd-rs-5e834fca961e2 wd-title-color-primary wd-title-style-underlined text-left vc_custom_1585663952213 wd-underline-colored\">\n\t\t\t\n\t\t\t<div class=\"liner-continer\">\n\t\t\t\t<h1 class=\"woodmart-title-container title  wd-font-weight- wd-fontsize-xxl\" ><strong>Code of Conduct<\/strong><\/h1>\n\t\t\t\t\t\t\t<\/div>\n\t\t\t\n\t\t\t\t\t\t\t<div class=\"title-after_title reset-last-child  wd-fontsize-s\">F\u00e6lles ansvar i hele forsyningsk\u00e6den<\/div>\n\t\t\t\n\t\t\t\n\t\t<\/div>\n\t\t\n\t\t[vc_column_text text_larger=&#8221;no&#8221;]Alle medarbejdere og ledere i BOXEXPERT er forpligtet til socialt ansvarlig virksomhedsledelse. De f\u00f8lgende principper er en stor del af virksomhedens missionserkl\u00e6ring og afspejler vores v\u00e6rdier og principper. Vi arbejder langs hele forsyningsk\u00e6den efter f\u00f8lgende principper inden for arbejdsforhold, sociale standarder, konkurrenceforhold, etiske principper og gennemsigtighed. Vi ser dette som vores sociale forpligtelse og fasts\u00e6tter disse standarder for alle de partnere, som vi samarbejder med.[\/vc_column_text][\/vc_column][vc_column width=&#8221;1\/2&#8243; css=&#8221;.vc_custom_1585663922782{margin-top: 70px !important;}&#8221; mobile_bg_img_hidden=&#8221;no&#8221; tablet_bg_img_hidden=&#8221;no&#8221; woodmart_parallax=&#8221;0&#8243; woodmart_sticky_column=&#8221;false&#8221; parallax_scroll=&#8221;no&#8221; mobile_reset_margin=&#8221;no&#8221; tablet_reset_margin=&#8221;no&#8221;][vc_single_image image=&#8221;34704&#8243; img_size=&#8221;full&#8221; parallax_scroll=&#8221;no&#8221;][\/vc_column][\/vc_row][vc_row][vc_column width=&#8221;1\/2&#8243;]\n\t\t<div id=\"wd-5e836fb4c3a48\" class=\"title-wrapper wd-wpb wd-set-mb reset-last-child  wd-rs-5e836fb4c3a48 wd-title-color-primary wd-title-style-underlined text-left vc_custom_1585672120211 wd-underline-colored\">\n\t\t\t\n\t\t\t<div class=\"liner-continer\">\n\t\t\t\t<h1 class=\"woodmart-title-container title  wd-font-weight- wd-fontsize-m\" ><strong>1. Adf\u00e6rd<\/strong><\/h1>\n\t\t\t\t\t\t\t<\/div>\n\t\t\t\n\t\t\t\t\t\t\t<div class=\"title-after_title reset-last-child  wd-fontsize-xs\">BOXEXPERT driver sin virksomhed korrekt og i overensstemmelse med bedste forretningspraksis. Vi f\u00f8rer regnskaberne korrekt. BOXEXPERT vil under ingen omst\u00e6ndigheder samarbejde i forbindelse med nogen form for skatte- eller milj\u00f8kriminalitet.<\/div>\n\t\t\t\n\t\t\t\n\t\t<\/div>\n\t\t\n\t\t\n\t\t<div id=\"wd-5e859f14173f0\" class=\"title-wrapper wd-wpb wd-set-mb reset-last-child  wd-rs-5e859f14173f0 wd-title-color-primary wd-title-style-underlined text-left vc_custom_1585815343149 wd-underline-colored\">\n\t\t\t\n\t\t\t<div class=\"liner-continer\">\n\t\t\t\t<h1 class=\"woodmart-title-container title  wd-font-weight- wd-fontsize-m\" ><strong>2. Overholdelse af lovgivningen<\/strong><\/h1>\n\t\t\t\t\t\t\t<\/div>\n\t\t\t\n\t\t\t\t\t\t\t<div class=\"title-after_title reset-last-child  wd-fontsize-xs\">BOXEXPERT st\u00f8tter menneskerettigheder og relaterede internationale aftaler. BOXEXPERT overholder fuldt ud og aktivt de g\u00e6ldende love og regler i de lande, hvor BOXEXPERT driver forretning, herunder ILO's og FN's love og regler. Dette omfatter love mod illoyal konkurrence.<\/div>\n\t\t\t\n\t\t\t\n\t\t<\/div>\n\t\t\n\t\t\n\t\t<div id=\"wd-5e859f3331c8f\" class=\"title-wrapper wd-wpb wd-set-mb reset-last-child  wd-rs-5e859f3331c8f wd-title-color-primary wd-title-style-underlined text-left vc_custom_1585815363736 wd-underline-colored\">\n\t\t\t\n\t\t\t<div class=\"liner-continer\">\n\t\t\t\t<h1 class=\"woodmart-title-container title  wd-font-weight- wd-fontsize-m\" ><strong>3. Bestikkelse og korruption<\/strong><\/h1>\n\t\t\t\t\t\t\t<\/div>\n\t\t\t\n\t\t\t\t\t\t\t<div class=\"title-after_title reset-last-child  wd-fontsize-xs\">BOXEXPERT tilbyder, lover, beder om, anmoder om, kr\u00e6ver eller accepterer ikke bestikkelse eller andre uberettigede fordele med det form\u00e5l at fastholde en kunde, sikre en aftale eller p\u00e5virke beslutninger eller aktiviteter i et statsligt organ. BOXEXPERT opf\u00f8rer sig altid p\u00e5 en m\u00e5de, der er baseret p\u00e5 fairness og overholdelse af de g\u00e6ldende nationale og internationale standarder.<\/div>\n\t\t\t\n\t\t\t\n\t\t<\/div>\n\t\t\n\t\t\n\t\t<div id=\"wd-5e859f46a08ed\" class=\"title-wrapper wd-wpb wd-set-mb reset-last-child  wd-rs-5e859f46a08ed wd-title-color-primary wd-title-style-underlined text-left vc_custom_1585815379178 wd-underline-colored\">\n\t\t\t\n\t\t\t<div class=\"liner-continer\">\n\t\t\t\t<h1 class=\"woodmart-title-container title  wd-font-weight- wd-fontsize-m\" ><strong>4. Relationer med kunderne<\/strong><\/h1>\n\t\t\t\t\t\t\t<\/div>\n\t\t\t\n\t\t\t\t\t\t\t<div class=\"title-after_title reset-last-child  wd-fontsize-xs\">BOXEXPERT vinder sine kunders tillid ved at garantere dem kvalitet. BOXEXPERT vinder sine kunders tillid ved at garantere dem kvalitet. BOXEXPERT informerer sine kunder og leverand\u00f8rer om adf\u00e6rdskodeksen.<\/div>\n\t\t\t\n\t\t\t\n\t\t<\/div>\n\t\t\n\t\t\n\t\t<div id=\"wd-5e859f5639043\" class=\"title-wrapper wd-wpb wd-set-mb reset-last-child  wd-rs-5e859f5639043 wd-title-color-primary wd-title-style-underlined text-left vc_custom_1585815400623 wd-underline-colored\">\n\t\t\t\n\t\t\t<div class=\"liner-continer\">\n\t\t\t\t<h1 class=\"woodmart-title-container title  wd-font-weight- wd-fontsize-m\" ><strong>5. Forholdet til personalet<\/strong><\/h1>\n\t\t\t\t\t\t\t<\/div>\n\t\t\t\n\t\t\t\t\t\t\t<div class=\"title-after_title reset-last-child  wd-fontsize-xs\">BOXEXPERT arbejder aktivt p\u00e5 at skabe et godt arbejdsmilj\u00f8 for at reducere medarbejdernes frav\u00e6r p\u00e5 grund af sygdom, arbejdsulykker, arbejdsrelaterede skader og stofmisbrug. BOXEXPERT tilbyder en virksomhedsl\u00e6getjeneste. Vold, trusler, aggressiv adf\u00e6rd, mobning, forn\u00e6rmelser og lignende adf\u00e6rd vil ikke blive tolereret p\u00e5 arbejdspladsen.<\/div>\n\t\t\t\n\t\t\t\n\t\t<\/div>\n\t\t\n\t\t\n\t\t<div id=\"wd-5e859f70769c9\" class=\"title-wrapper wd-wpb wd-set-mb reset-last-child  wd-rs-5e859f70769c9 wd-title-color-primary wd-title-style-underlined text-left vc_custom_1585815420520 wd-underline-colored\">\n\t\t\t\n\t\t\t<div class=\"liner-continer\">\n\t\t\t\t<h1 class=\"woodmart-title-container title  wd-font-weight- wd-fontsize-m\" ><strong>6. Arbejdstageres foreningsfrihed<\/strong><\/h1>\n\t\t\t\t\t\t\t<\/div>\n\t\t\t\n\t\t\t\t\t\t\t<div class=\"title-after_title reset-last-child  wd-fontsize-xs\">BOXEXPERT respekterer medarbejdernes ret til at danne samarbejdsudvalg eller til at blive medlem af s\u00e5danne medarbejderrepr\u00e6sentative organer.<\/div>\n\t\t\t\n\t\t\t\n\t\t<\/div>\n\t\t\n\t\t[\/vc_column][vc_column width=&#8221;1\/2&#8243;]\n\t\t<div id=\"wd-5e859f8245d91\" class=\"title-wrapper wd-wpb wd-set-mb reset-last-child  wd-rs-5e859f8245d91 wd-title-color-primary wd-title-style-underlined text-left vc_custom_1585815434814 wd-underline-colored\">\n\t\t\t\n\t\t\t<div class=\"liner-continer\">\n\t\t\t\t<h1 class=\"woodmart-title-container title  wd-font-weight- wd-fontsize-m\" ><strong>7. B\u00f8rnearbejde<\/strong><\/h1>\n\t\t\t\t\t\t\t<\/div>\n\t\t\t\n\t\t\t\t\t\t\t<div class=\"title-after_title reset-last-child  wd-fontsize-xs\">BOXEXPERT tolererer ikke b\u00f8rnearbejde eller nogen form for udnyttelse af b\u00f8rn og unge mennesker. Minimumsalderen for ans\u00e6ttelse hos BOXEXPERT er 15 \u00e5r. Leverand\u00f8rer forventes ikke at ans\u00e6tte unge under 15 \u00e5r.<\/div>\n\t\t\t\n\t\t\t\n\t\t<\/div>\n\t\t\n\t\t\n\t\t<div id=\"wd-5e859f90df0ac\" class=\"title-wrapper wd-wpb wd-set-mb reset-last-child  wd-rs-5e859f90df0ac wd-title-color-primary wd-title-style-underlined text-left vc_custom_1585815451659 wd-underline-colored\">\n\t\t\t\n\t\t\t<div class=\"liner-continer\">\n\t\t\t\t<h1 class=\"woodmart-title-container title  wd-font-weight- wd-fontsize-m\" ><strong>8. Tvangsarbejde<\/strong><\/h1>\n\t\t\t\t\t\t\t<\/div>\n\t\t\t\n\t\t\t\t\t\t\t<div class=\"title-after_title reset-last-child  wd-fontsize-xs\">BOXEXPERT tolererer ikke tvangsarbejde i koncernen og blandt virksomhedens forretningspartnere.<\/div>\n\t\t\t\n\t\t\t\n\t\t<\/div>\n\t\t\n\t\t\n\t\t<div id=\"wd-5e859fa217380\" class=\"title-wrapper wd-wpb wd-set-mb reset-last-child  wd-rs-5e859fa217380 wd-title-color-primary wd-title-style-underlined text-left vc_custom_1585815466314 wd-underline-colored\">\n\t\t\t\n\t\t\t<div class=\"liner-continer\">\n\t\t\t\t<h1 class=\"woodmart-title-container title  wd-font-weight- wd-fontsize-m\" ><strong>9. Diskrimination<\/strong><\/h1>\n\t\t\t\t\t\t\t<\/div>\n\t\t\t\n\t\t\t\t\t\t\t<div class=\"title-after_title reset-last-child  wd-fontsize-xs\">BOXEXPERT tilbyder alle medarbejdere rimelige arbejdsvilk\u00e5r og muligheder uden forskel eller forskelsbehandling p\u00e5 grund af k\u00f8n, etnisk oprindelse, alder, handicap, religi\u00f8s eller seksuel orientering. BOXEXPERT accepterer ikke nogen form for politisk, religi\u00f8s eller enhver anden form for propaganda p\u00e5 arbejdspladsen.<\/div>\n\t\t\t\n\t\t\t\n\t\t<\/div>\n\t\t\n\t\t\n\t\t<div id=\"wd-5e859fb29b698\" class=\"title-wrapper wd-wpb wd-set-mb reset-last-child  wd-rs-5e859fb29b698 wd-title-color-primary wd-title-style-underlined text-left vc_custom_1585815484598 wd-underline-colored\">\n\t\t\t\n\t\t\t<div class=\"liner-continer\">\n\t\t\t\t<h1 class=\"woodmart-title-container title  wd-font-weight- wd-fontsize-m\" ><strong>10. Dokumentation af ans\u00e6ttelsesforhold, afl\u00f8nning<\/strong><\/h1>\n\t\t\t\t\t\t\t<\/div>\n\t\t\t\n\t\t\t\t\t\t\t<div class=\"title-after_title reset-last-child  wd-fontsize-xs\">BOXEXPERT indg\u00e5r skriftlige ans\u00e6ttelseskontrakter med de ansatte. Disse omfatter de g\u00e6ldende arbejdsmarkeds- og socialsikringsstandarder. BOXEXPERT garanterer, at de l\u00f8nninger, der betales til de ansatte, svarer til den s\u00e6dvanlige eller lovbestemte mindstel\u00f8n i branchen. Arbejdstiden b\u00f8r som hovedregel ikke overstige 40 timer om ugen. Arbejdstiden skal v\u00e6re i overensstemmelse med g\u00e6ldende lovgivning og relevante ILO-regler, alt efter hvad der er strengest. Den ansatte kan n\u00e6gte at arbejde overtid. Efter 6 arbejdsdage skal der gives en hel fridag.<\/div>\n\t\t\t\n\t\t\t\n\t\t<\/div>\n\t\t\n\t\t\n\t\t<div id=\"wd-5e859fc339980\" class=\"title-wrapper wd-wpb wd-set-mb reset-last-child  wd-rs-5e859fc339980 wd-title-color-primary wd-title-style-underlined text-left vc_custom_1585815501028 wd-underline-colored\">\n\t\t\t\n\t\t\t<div class=\"liner-continer\">\n\t\t\t\t<h1 class=\"woodmart-title-container title  wd-font-weight- wd-fontsize-m\" ><strong>11. Forbedring af milj\u00f8beskyttelsen<\/strong><\/h1>\n\t\t\t\t\t\t\t<\/div>\n\t\t\t\n\t\t\t\t\t\t\t<div class=\"title-after_title reset-last-child  wd-fontsize-xs\">BOXEXPERT har udarbejdet en handlingsplan for at m\u00e5le og forbedre effektiviteten af virksomhedens reduktion af immissioner og emissioner og ressourceforbrug.<\/div>\n\t\t\t\n\t\t\t\n\t\t<\/div>\n\t\t\n\t\t\n\t\t<div id=\"wd-5e859fe2756c2\" class=\"title-wrapper wd-wpb wd-set-mb reset-last-child  wd-rs-5e859fe2756c2 wd-title-color-primary wd-title-style-underlined text-left vc_custom_1585815531795 wd-underline-colored\">\n\t\t\t\n\t\t\t<div class=\"liner-continer\">\n\t\t\t\t<h1 class=\"woodmart-title-container title  wd-font-weight- wd-fontsize-m\" ><strong>12. Forbindelser med andre akt\u00f8rer<\/strong><\/h1>\n\t\t\t\t\t\t\t<\/div>\n\t\t\t\n\t\t\t\t\t\t\t<div class=\"title-after_title reset-last-child  wd-fontsize-xs\">BOXEXPERT forventer, at alle leverand\u00f8rer ogs\u00e5 opfylder ovenst\u00e5ende krav. N\u00e5r BOXEXPERT evaluerer og udv\u00e6lger leverand\u00f8rer, underleverand\u00f8rer og partnere, er det et vigtigt kriterium, at de opfylder kravene i adf\u00e6rdskodeksen.<\/div>\n\t\t\t\n\t\t\t\n\t\t<\/div>\n\t\t\n\t\t[\/vc_column][\/vc_row]<\/p>\n<\/div>","protected":false},"excerpt":{"rendered":"<p>[vc_row full_width=&#8221;stretch_row_content&#8221; mobile_bg_img_hidden=&#8221;no&#8221; tablet_bg_img_hidden=&#8221;no&#8221; woodmart_parallax=&#8221;0&#8243; woodmart_gradient_switch=&#8221;no&#8221; row_reverse_mobile=&#8221;0&#8243; row_reverse_tablet=&#8221;0&#8243; woodmart_disable_overflow=&#8221;0&#8243; css=&#8221;.vc_custom_1585665823573{margin-top: -40px !important;margin-bottom: 4vh !important;}&#8221;][vc_column][\/vc_column][\/vc_row][vc_row mobile_bg_img_hidden=&#8221;no&#8221; tablet_bg_img_hidden=&#8221;no&#8221; woodmart_parallax=&#8221;0&#8243; woodmart_gradient_switch=&#8221;no&#8221; row_reverse_mobile=&#8221;0&#8243; row_reverse_tablet=&#8221;0&#8243;<\/p>\n","protected":false},"author":1,"featured_media":0,"parent":34722,"menu_order":0,"comment_status":"closed","ping_status":"closed","template":"","meta":{"_acf_changed":false,"content-type":"","footnotes":""},"class_list":["post-34702","page","type-page","status-publish","hentry"],"acf":[],"yoast_head":"<!-- This site is optimized with the Yoast SEO plugin v27.2 - https:\/\/yoast.com\/product\/yoast-seo-wordpress\/ -->\n<title>ADF\u00c6RDSKODEKS - BOXEXPERT - Professionelle Geh\u00e4usel\u00f6sungen f\u00fcr h\u00f6chste Anspr\u00fcche<\/title>\n<meta name=\"robots\" content=\"index, follow, max-snippet:-1, max-image-preview:large, max-video-preview:-1\" \/>\n<link rel=\"canonical\" href=\"https:\/\/boxexpert.de\/da\/virksomhed\/adfaerdskodeks\/\" \/>\n<meta property=\"og:locale\" content=\"da_DK\" \/>\n<meta property=\"og:type\" content=\"article\" \/>\n<meta property=\"og:title\" content=\"ADF\u00c6RDSKODEKS - BOXEXPERT - Professionelle Geh\u00e4usel\u00f6sungen f\u00fcr h\u00f6chste Anspr\u00fcche\" \/>\n<meta property=\"og:description\" content=\"[vc_row full_width=&#8221;stretch_row_content&#8221; mobile_bg_img_hidden=&#8221;no&#8221; tablet_bg_img_hidden=&#8221;no&#8221; woodmart_parallax=&#8221;0&#8243; woodmart_gradient_switch=&#8221;no&#8221; row_reverse_mobile=&#8221;0&#8243; row_reverse_tablet=&#8221;0&#8243; woodmart_disable_overflow=&#8221;0&#8243; css=&#8221;.vc_custom_1585665823573{margin-top: -40px !important;margin-bottom: 4vh !important;}&#8221;][vc_column][\/vc_column][\/vc_row][vc_row mobile_bg_img_hidden=&#8221;no&#8221; tablet_bg_img_hidden=&#8221;no&#8221; woodmart_parallax=&#8221;0&#8243; woodmart_gradient_switch=&#8221;no&#8221; row_reverse_mobile=&#8221;0&#8243; row_reverse_tablet=&#8221;0&#8243;\" \/>\n<meta property=\"og:url\" content=\"https:\/\/boxexpert.de\/da\/virksomhed\/adfaerdskodeks\/\" \/>\n<meta property=\"og:site_name\" content=\"BOXEXPERT - Professionelle Geh\u00e4usel\u00f6sungen f\u00fcr h\u00f6chste Anspr\u00fcche\" \/>\n<meta property=\"article:modified_time\" content=\"2022-04-08T05:45:25+00:00\" \/>\n<meta name=\"twitter:card\" content=\"summary_large_image\" \/>\n<meta name=\"twitter:label1\" content=\"Estimeret l\u00e6setid\" \/>\n\t<meta name=\"twitter:data1\" content=\"4 minutter\" \/>\n<script type=\"application\/ld+json\" class=\"yoast-schema-graph\">{\"@context\":\"https:\/\/schema.org\",\"@graph\":[{\"@type\":\"WebPage\",\"@id\":\"https:\/\/boxexpert.de\/da\/virksomhed\/adfaerdskodeks\/\",\"url\":\"https:\/\/boxexpert.de\/da\/virksomhed\/adfaerdskodeks\/\",\"name\":\"ADF\u00c6RDSKODEKS - BOXEXPERT - Professionelle Geh\u00e4usel\u00f6sungen f\u00fcr h\u00f6chste Anspr\u00fcche\",\"isPartOf\":{\"@id\":\"https:\/\/boxexpert.de\/da\/#website\"},\"datePublished\":\"2021-07-28T12:28:57+00:00\",\"dateModified\":\"2022-04-08T05:45:25+00:00\",\"breadcrumb\":{\"@id\":\"https:\/\/boxexpert.de\/da\/virksomhed\/adfaerdskodeks\/#breadcrumb\"},\"inLanguage\":\"da-DK\",\"potentialAction\":[{\"@type\":\"ReadAction\",\"target\":[\"https:\/\/boxexpert.de\/da\/virksomhed\/adfaerdskodeks\/\"]}]},{\"@type\":\"BreadcrumbList\",\"@id\":\"https:\/\/boxexpert.de\/da\/virksomhed\/adfaerdskodeks\/#breadcrumb\",\"itemListElement\":[{\"@type\":\"ListItem\",\"position\":1,\"name\":\"Startseite\",\"item\":\"https:\/\/boxexpert.de\/da\/\"},{\"@type\":\"ListItem\",\"position\":2,\"name\":\"Virksomhed\",\"item\":\"https:\/\/boxexpert.de\/da\/virksomhed\/\"},{\"@type\":\"ListItem\",\"position\":3,\"name\":\"ADF\u00c6RDSKODEKS\"}]},{\"@type\":\"WebSite\",\"@id\":\"https:\/\/boxexpert.de\/da\/#website\",\"url\":\"https:\/\/boxexpert.de\/da\/\",\"name\":\"BOXEXPERT - Professionelle Geh\u00e4usel\u00f6sungen f\u00fcr h\u00f6chste Anspr\u00fcche\",\"description\":\"Industriegeh\u00e4use, Schaltschr\u00e4nke, Installationsgeh\u00e4use, Sicherungsk\u00e4sten und Verteilerk\u00e4sten\",\"potentialAction\":[{\"@type\":\"SearchAction\",\"target\":{\"@type\":\"EntryPoint\",\"urlTemplate\":\"https:\/\/boxexpert.de\/da\/?s={search_term_string}\"},\"query-input\":{\"@type\":\"PropertyValueSpecification\",\"valueRequired\":true,\"valueName\":\"search_term_string\"}}],\"inLanguage\":\"da-DK\"}]}<\/script>\n<!-- \/ Yoast SEO plugin. -->","yoast_head_json":{"title":"ADF\u00c6RDSKODEKS - BOXEXPERT - Professionelle Geh\u00e4usel\u00f6sungen f\u00fcr h\u00f6chste Anspr\u00fcche","robots":{"index":"index","follow":"follow","max-snippet":"max-snippet:-1","max-image-preview":"max-image-preview:large","max-video-preview":"max-video-preview:-1"},"canonical":"https:\/\/boxexpert.de\/da\/virksomhed\/adfaerdskodeks\/","og_locale":"da_DK","og_type":"article","og_title":"ADF\u00c6RDSKODEKS - BOXEXPERT - Professionelle Geh\u00e4usel\u00f6sungen f\u00fcr h\u00f6chste Anspr\u00fcche","og_description":"[vc_row full_width=&#8221;stretch_row_content&#8221; mobile_bg_img_hidden=&#8221;no&#8221; tablet_bg_img_hidden=&#8221;no&#8221; woodmart_parallax=&#8221;0&#8243; woodmart_gradient_switch=&#8221;no&#8221; row_reverse_mobile=&#8221;0&#8243; row_reverse_tablet=&#8221;0&#8243; woodmart_disable_overflow=&#8221;0&#8243; css=&#8221;.vc_custom_1585665823573{margin-top: -40px !important;margin-bottom: 4vh !important;}&#8221;][vc_column][\/vc_column][\/vc_row][vc_row mobile_bg_img_hidden=&#8221;no&#8221; tablet_bg_img_hidden=&#8221;no&#8221; woodmart_parallax=&#8221;0&#8243; woodmart_gradient_switch=&#8221;no&#8221; row_reverse_mobile=&#8221;0&#8243; row_reverse_tablet=&#8221;0&#8243;","og_url":"https:\/\/boxexpert.de\/da\/virksomhed\/adfaerdskodeks\/","og_site_name":"BOXEXPERT - Professionelle Geh\u00e4usel\u00f6sungen f\u00fcr h\u00f6chste Anspr\u00fcche","article_modified_time":"2022-04-08T05:45:25+00:00","twitter_card":"summary_large_image","twitter_misc":{"Estimeret l\u00e6setid":"4 minutter"},"schema":{"@context":"https:\/\/schema.org","@graph":[{"@type":"WebPage","@id":"https:\/\/boxexpert.de\/da\/virksomhed\/adfaerdskodeks\/","url":"https:\/\/boxexpert.de\/da\/virksomhed\/adfaerdskodeks\/","name":"ADF\u00c6RDSKODEKS - BOXEXPERT - Professionelle Geh\u00e4usel\u00f6sungen f\u00fcr h\u00f6chste Anspr\u00fcche","isPartOf":{"@id":"https:\/\/boxexpert.de\/da\/#website"},"datePublished":"2021-07-28T12:28:57+00:00","dateModified":"2022-04-08T05:45:25+00:00","breadcrumb":{"@id":"https:\/\/boxexpert.de\/da\/virksomhed\/adfaerdskodeks\/#breadcrumb"},"inLanguage":"da-DK","potentialAction":[{"@type":"ReadAction","target":["https:\/\/boxexpert.de\/da\/virksomhed\/adfaerdskodeks\/"]}]},{"@type":"BreadcrumbList","@id":"https:\/\/boxexpert.de\/da\/virksomhed\/adfaerdskodeks\/#breadcrumb","itemListElement":[{"@type":"ListItem","position":1,"name":"Startseite","item":"https:\/\/boxexpert.de\/da\/"},{"@type":"ListItem","position":2,"name":"Virksomhed","item":"https:\/\/boxexpert.de\/da\/virksomhed\/"},{"@type":"ListItem","position":3,"name":"ADF\u00c6RDSKODEKS"}]},{"@type":"WebSite","@id":"https:\/\/boxexpert.de\/da\/#website","url":"https:\/\/boxexpert.de\/da\/","name":"BOXEXPERT - Professionelle Geh\u00e4usel\u00f6sungen f\u00fcr h\u00f6chste Anspr\u00fcche","description":"Industriegeh\u00e4use, Schaltschr\u00e4nke, Installationsgeh\u00e4use, Sicherungsk\u00e4sten und Verteilerk\u00e4sten","potentialAction":[{"@type":"SearchAction","target":{"@type":"EntryPoint","urlTemplate":"https:\/\/boxexpert.de\/da\/?s={search_term_string}"},"query-input":{"@type":"PropertyValueSpecification","valueRequired":true,"valueName":"search_term_string"}}],"inLanguage":"da-DK"}]}},"_links":{"self":[{"href":"https:\/\/boxexpert.de\/da\/wp-json\/wp\/v2\/pages\/34702","targetHints":{"allow":["GET"]}}],"collection":[{"href":"https:\/\/boxexpert.de\/da\/wp-json\/wp\/v2\/pages"}],"about":[{"href":"https:\/\/boxexpert.de\/da\/wp-json\/wp\/v2\/types\/page"}],"author":[{"embeddable":true,"href":"https:\/\/boxexpert.de\/da\/wp-json\/wp\/v2\/users\/1"}],"replies":[{"embeddable":true,"href":"https:\/\/boxexpert.de\/da\/wp-json\/wp\/v2\/comments?post=34702"}],"version-history":[{"count":10,"href":"https:\/\/boxexpert.de\/da\/wp-json\/wp\/v2\/pages\/34702\/revisions"}],"predecessor-version":[{"id":62503,"href":"https:\/\/boxexpert.de\/da\/wp-json\/wp\/v2\/pages\/34702\/revisions\/62503"}],"up":[{"embeddable":true,"href":"https:\/\/boxexpert.de\/da\/wp-json\/wp\/v2\/pages\/34722"}],"wp:attachment":[{"href":"https:\/\/boxexpert.de\/da\/wp-json\/wp\/v2\/media?parent=34702"}],"curies":[{"name":"wp","href":"https:\/\/api.w.org\/{rel}","templated":true}]}}