{"id":34869,"date":"2021-07-28T13:00:47","date_gmt":"2021-07-28T13:00:47","guid":{"rendered":"https:\/\/boxexpert.de\/faqs\/rohs-reach\/"},"modified":"2021-07-28T13:00:53","modified_gmt":"2021-07-28T13:00:53","slug":"rohs-reach","status":"publish","type":"page","link":"https:\/\/boxexpert.de\/da\/faqs\/rohs-reach\/","title":{"rendered":"RoHS \/ REACH"},"content":{"rendered":"<div class=\"wpb-content-wrapper\"><p>[vc_row][vc_column]\n\t\t<div id=\"wd-5e9702fc864e5\" class=\"title-wrapper wd-wpb wd-set-mb reset-last-child  wd-rs-5e9702fc864e5 wd-title-color-primary wd-title-style-underlined text-left vc_custom_1586955020452 wd-underline-colored\">\n\t\t\t\t\t\t\t\n\t\t\t\t<div class=\"title-subtitle  subtitle-color-primary font-default subtitle-style-default wd-font-weight- wd-fontsize-xs\">BOXEXPERT<\/div>\n\t\t\t\n\t\t\t<div class=\"liner-continer\">\n\t\t\t\t<h1 class=\"woodmart-title-container title  wd-font-weight- wd-fontsize-xxl\" ><strong>FAQ'S om RoHS, REACH og CE<\/strong><\/h1>\n\t\t\t\t\t\t\t<\/div>\n\t\t\t\n\t\t\t\n\t\t\t\n\t\t<\/div>\n\t\t\n\t\t[\/vc_column][\/vc_row][vc_row full_width=&#8221;stretch_row&#8221; content_placement=&#8221;top&#8221; css=&#8221;.vc_custom_1586250255149{margin-bottom: 8vh !important;}&#8221; mobile_bg_img_hidden=&#8221;no&#8221; tablet_bg_img_hidden=&#8221;no&#8221; woodmart_parallax=&#8221;0&#8243; woodmart_gradient_switch=&#8221;no&#8221; row_reverse_mobile=&#8221;0&#8243; row_reverse_tablet=&#8221;0&#8243; woodmart_disable_overflow=&#8221;0&#8243;][vc_column width=&#8221;1\/2&#8243; css=&#8221;.vc_custom_1586954960915{margin-bottom: 20px !important;padding-top: 0px !important;}&#8221; mobile_bg_img_hidden=&#8221;no&#8221; tablet_bg_img_hidden=&#8221;no&#8221; woodmart_parallax=&#8221;0&#8243; woodmart_sticky_column=&#8221;false&#8221; parallax_scroll=&#8221;no&#8221; mobile_reset_margin=&#8221;no&#8221; tablet_reset_margin=&#8221;no&#8221;]\n\t\t<div id=\"wd-5e8c41d6a1b3e\" class=\"title-wrapper wd-wpb wd-set-mb reset-last-child  wd-rs-5e8c41d6a1b3e wd-title-color-primary wd-title-style-underlined text-left vc_custom_1586250201296 wd-underline-colored\">\n\t\t\t\t\t\t\t\n\t\t\t\t<div class=\"title-subtitle  subtitle-color-primary font-default subtitle-style-default wd-font-weight- wd-fontsize-xs\">REACH<\/div>\n\t\t\t\n\t\t\t<div class=\"liner-continer\">\n\t\t\t\t<h2 class=\"woodmart-title-container title  wd-font-weight- wd-fontsize-l\" >Forordning om registrering, evaluering, godkendelse og begr\u00e6nsning af kemiske stoffer<\/h2>\n\t\t\t\t\t\t\t<\/div>\n\t\t\t\n\t\t\t\n\t\t\t\n\t\t<\/div>\n\t\t\n\t\t[vc_column_text css=&#8221;.vc_custom_1586250222515{margin-bottom: 20px !important;}&#8221; text_larger=&#8221;no&#8221;]REACH &#8211; forordning (EF) 1907\/2006] er den europ\u00e6iske kemikalieforordning om registrering, vurdering og godkendelse af kemikalier samt begr\u00e6nsninger for kemikalier.<\/p>\n<p>REACH har v\u00e6ret i kraft siden 2007 og har til form\u00e5l at sikre et h\u00f8jt beskyttelsesniveau for menneskers sundhed og milj\u00f8et. Samtidig har den til form\u00e5l at sikre den frie bev\u00e6gelighed for kemikalier p\u00e5 det indre marked og at fremme konkurrenceevne og innovation. REACH er baseret p\u00e5 princippet om, at producenter, import\u00f8rer og downstream-brugere tager ansvar for deres kemikalier. De skal sikre, at de kemikalier, som de fremstiller og markedsf\u00f8rer, anvendes p\u00e5 en sikker m\u00e5de. Forkortelsen &#8220;REACH&#8221; er afledt af forordningens engelske titel: Forordning om registrering, vurdering og godkendelse af samt begr\u00e6nsninger for kemikalier. REACH-forordningen anses for at v\u00e6re en af de strengeste kemikalielove i verden.&#8221;[\/vc_column_text]\n\t\t<div id=\"wd-5e8c8d65d3760\" class=\"title-wrapper wd-wpb wd-set-mb reset-last-child  wd-rs-5e8c8d65d3760 wd-title-color-primary wd-title-style-underlined text-left vc_custom_1586269779224 wd-underline-colored\">\n\t\t\t\t\t\t\t\n\t\t\t\t<div class=\"title-subtitle  subtitle-color-primary font-default subtitle-style-default wd-font-weight- wd-fontsize-xs\">Europ\u00e6isk overholdelse<\/div>\n\t\t\t\n\t\t\t<div class=\"liner-continer\">\n\t\t\t\t<h2 class=\"woodmart-title-container title  wd-font-weight- wd-fontsize-l\" >CE-m\u00e6rkning<\/h2>\n\t\t\t\t\t\t\t<\/div>\n\t\t\t\n\t\t\t\n\t\t\t\n\t\t<\/div>\n\t\t\n\t\t[vc_column_text css=&#8221;.vc_custom_1586269804437{margin-bottom: 20px !important;}&#8221; text_larger=&#8221;no&#8221;]Bogstaverne &#8220;CE&#8221; findes p\u00e5 mange produkter, der handles p\u00e5 det udvidede indre marked i Det Europ\u00e6iske \u00d8konomiske Samarbejdsomr\u00e5de (E\u00d8S). De betyder, at produkter, der s\u00e6lges i E\u00d8S, er blevet kontrolleret med hensyn til overholdelse af h\u00f8je krav til sikkerhed, sundhed og milj\u00f8beskyttelse. CE-m\u00e6rkning st\u00f8tter ogs\u00e5 fair konkurrence ved at forpligte alle virksomheder til at overholde de samme regler.<br \/>\nVed at anbringe CE-m\u00e6rket p\u00e5 et produkt erkl\u00e6rer en producent, at produktet opfylder alle lovm\u00e6ssige krav til CE-m\u00e6rkning og kan s\u00e6lges i hele E\u00d8S. Dette g\u00e6lder ogs\u00e5 for produkter, der er fremstillet i andre lande og s\u00e6lges i E\u00d8S.[\/vc_column_text][\/vc_column][vc_column width=&#8221;1\/2&#8243; css=&#8221;.vc_custom_1536077344327{margin-bottom: 20px !important;padding-top: 0px !important;}&#8221;]\n\t\t<div id=\"wd-5e8c3ffea7328\" class=\"title-wrapper wd-wpb wd-set-mb reset-last-child  wd-rs-5e8c3ffea7328 wd-title-color-primary wd-title-style-underlined text-left vc_custom_1586249781764 wd-underline-colored\">\n\t\t\t\t\t\t\t\n\t\t\t\t<div class=\"title-subtitle  subtitle-color-primary font-default subtitle-style-default wd-font-weight- wd-fontsize-xs\">RoHS<\/div>\n\t\t\t\n\t\t\t<div class=\"liner-continer\">\n\t\t\t\t<h2 class=\"woodmart-title-container title  wd-font-weight- wd-fontsize-l\" >Begr\u00e6nsning af visse farlige stoffer<\/h2>\n\t\t\t\t\t\t\t<\/div>\n\t\t\t\n\t\t\t\n\t\t\t\n\t\t<\/div>\n\t\t\n\t\t[vc_column_text css=&#8221;.vc_custom_1586249981539{margin-bottom: 20px !important;}&#8221; text_larger=&#8221;no&#8221;]Det EU-d\u00e6kkende RoHS-direktiv (direktiv om begr\u00e6nsning af anvendelsen af visse farlige stoffer i affald af elektrisk og elektronisk udstyr) angiver forskellige kemiske stoffer, som ikke m\u00e5 anvendes i elektrisk og elektronisk udstyr. Den 22. juli 2019 tr\u00e6der det &#8220;udvidede&#8221; RoHS-direktiv med nye forbud mod brug af stoffer i kraft i EU.<\/p>\n<p>F\u00f8lgende stoffer er reguleret:<\/p>\n<ul>\n<li>Bly (PB)<\/li>\n<li>Cadmium (Cd)<\/li>\n<li>Polybromierte Biphenyle (PBB)<\/li>\n<li>Polybromierte Diphenylether (PBDE)<\/li>\n<li>Hexavalent chrom<\/li>\n<li>Kviks\u00f8lv (Hg)<\/li>\n<li>Butylbenzylphthalat (BBP)<\/li>\n<li>Di(2-ethylhexyl)phthalat (DEHP)<\/li>\n<li>Dibutylphthalat (DBP)<\/li>\n<li>Dibutylphthalat (DBP)<\/li>\n<\/ul>\n<p>Homogene materialer, der indeholder mere end 0,1 v\u00e6gtprocent af hvert af ovenn\u00e6vnte stoffer (Cd 0,01 v\u00e6gtprocent), m\u00e5 ikke anvendes i elektrisk udstyr, der henh\u00f8rer under de kategorier af udstyr, der er opf\u00f8rt i bilag I til 2011\/65\/EU.<br \/>\nDisse s\u00e5kaldte de minimis-gr\u00e6nser tager hensyn til, at der kan forekomme forurening i meget sm\u00e5 m\u00e6ngder, som ikke kan forebygges teknisk.[\/vc_column_text][\/vc_column][\/vc_row]<\/p>\n<\/div>","protected":false},"excerpt":{"rendered":"<p>[vc_row][vc_column][\/vc_column][\/vc_row][vc_row full_width=&#8221;stretch_row&#8221; content_placement=&#8221;top&#8221; css=&#8221;.vc_custom_1586250255149{margin-bottom: 8vh !important;}&#8221; mobile_bg_img_hidden=&#8221;no&#8221; tablet_bg_img_hidden=&#8221;no&#8221; woodmart_parallax=&#8221;0&#8243; woodmart_gradient_switch=&#8221;no&#8221; row_reverse_mobile=&#8221;0&#8243; row_reverse_tablet=&#8221;0&#8243; woodmart_disable_overflow=&#8221;0&#8243;][vc_column width=&#8221;1\/2&#8243; css=&#8221;.vc_custom_1586954960915{margin-bottom: 20px !important;padding-top: 0px !important;}&#8221; mobile_bg_img_hidden=&#8221;no&#8221;<\/p>\n","protected":false},"author":1,"featured_media":0,"parent":34772,"menu_order":0,"comment_status":"closed","ping_status":"closed","template":"","meta":{"_acf_changed":false,"content-type":"","footnotes":""},"class_list":["post-34869","page","type-page","status-publish","hentry"],"acf":[],"yoast_head":"<!-- This site is optimized with the Yoast SEO plugin v27.2 - https:\/\/yoast.com\/product\/yoast-seo-wordpress\/ -->\n<title>REACH ROHS-kompatible kabinetter | BOXEXPERT<\/title>\n<meta name=\"description\" content=\"Information og FAQ om REACH og ROHS for industrielle kabinetter og koblingsskabe BOXEXPERT\" \/>\n<meta name=\"robots\" content=\"index, follow, max-snippet:-1, max-image-preview:large, max-video-preview:-1\" \/>\n<link rel=\"canonical\" href=\"https:\/\/boxexpert.de\/da\/faqs\/rohs-reach\/\" \/>\n<meta property=\"og:locale\" content=\"da_DK\" \/>\n<meta property=\"og:type\" content=\"article\" \/>\n<meta property=\"og:title\" content=\"REACH ROHS-kompatible kabinetter | BOXEXPERT\" \/>\n<meta property=\"og:description\" content=\"Information og FAQ om REACH og ROHS for industrielle kabinetter og koblingsskabe BOXEXPERT\" \/>\n<meta property=\"og:url\" content=\"https:\/\/boxexpert.de\/da\/faqs\/rohs-reach\/\" \/>\n<meta property=\"og:site_name\" content=\"BOXEXPERT - Professionelle Geh\u00e4usel\u00f6sungen f\u00fcr h\u00f6chste Anspr\u00fcche\" \/>\n<meta property=\"article:modified_time\" content=\"2021-07-28T13:00:53+00:00\" \/>\n<meta name=\"twitter:card\" content=\"summary_large_image\" \/>\n<script type=\"application\/ld+json\" class=\"yoast-schema-graph\">{\"@context\":\"https:\/\/schema.org\",\"@graph\":[{\"@type\":\"WebPage\",\"@id\":\"https:\/\/boxexpert.de\/da\/faqs\/rohs-reach\/\",\"url\":\"https:\/\/boxexpert.de\/da\/faqs\/rohs-reach\/\",\"name\":\"REACH ROHS-kompatible kabinetter | BOXEXPERT\",\"isPartOf\":{\"@id\":\"https:\/\/boxexpert.de\/da\/#website\"},\"datePublished\":\"2021-07-28T13:00:47+00:00\",\"dateModified\":\"2021-07-28T13:00:53+00:00\",\"description\":\"Information og FAQ om REACH og ROHS for industrielle kabinetter og koblingsskabe BOXEXPERT\",\"breadcrumb\":{\"@id\":\"https:\/\/boxexpert.de\/da\/faqs\/rohs-reach\/#breadcrumb\"},\"inLanguage\":\"da-DK\",\"potentialAction\":[{\"@type\":\"ReadAction\",\"target\":[\"https:\/\/boxexpert.de\/da\/faqs\/rohs-reach\/\"]}]},{\"@type\":\"BreadcrumbList\",\"@id\":\"https:\/\/boxexpert.de\/da\/faqs\/rohs-reach\/#breadcrumb\",\"itemListElement\":[{\"@type\":\"ListItem\",\"position\":1,\"name\":\"Startseite\",\"item\":\"https:\/\/boxexpert.de\/da\/\"},{\"@type\":\"ListItem\",\"position\":2,\"name\":\"FAQ&#8217;s\",\"item\":\"https:\/\/boxexpert.de\/da\/faqs\/\"},{\"@type\":\"ListItem\",\"position\":3,\"name\":\"RoHS \/ REACH\"}]},{\"@type\":\"WebSite\",\"@id\":\"https:\/\/boxexpert.de\/da\/#website\",\"url\":\"https:\/\/boxexpert.de\/da\/\",\"name\":\"BOXEXPERT - Professionelle Geh\u00e4usel\u00f6sungen f\u00fcr h\u00f6chste Anspr\u00fcche\",\"description\":\"Industriegeh\u00e4use, Schaltschr\u00e4nke, Installationsgeh\u00e4use, Sicherungsk\u00e4sten und Verteilerk\u00e4sten\",\"potentialAction\":[{\"@type\":\"SearchAction\",\"target\":{\"@type\":\"EntryPoint\",\"urlTemplate\":\"https:\/\/boxexpert.de\/da\/?s={search_term_string}\"},\"query-input\":{\"@type\":\"PropertyValueSpecification\",\"valueRequired\":true,\"valueName\":\"search_term_string\"}}],\"inLanguage\":\"da-DK\"}]}<\/script>\n<!-- \/ Yoast SEO plugin. -->","yoast_head_json":{"title":"REACH ROHS-kompatible kabinetter | BOXEXPERT","description":"Information og FAQ om REACH og ROHS for industrielle kabinetter og koblingsskabe BOXEXPERT","robots":{"index":"index","follow":"follow","max-snippet":"max-snippet:-1","max-image-preview":"max-image-preview:large","max-video-preview":"max-video-preview:-1"},"canonical":"https:\/\/boxexpert.de\/da\/faqs\/rohs-reach\/","og_locale":"da_DK","og_type":"article","og_title":"REACH ROHS-kompatible kabinetter | BOXEXPERT","og_description":"Information og FAQ om REACH og ROHS for industrielle kabinetter og koblingsskabe BOXEXPERT","og_url":"https:\/\/boxexpert.de\/da\/faqs\/rohs-reach\/","og_site_name":"BOXEXPERT - Professionelle Geh\u00e4usel\u00f6sungen f\u00fcr h\u00f6chste Anspr\u00fcche","article_modified_time":"2021-07-28T13:00:53+00:00","twitter_card":"summary_large_image","schema":{"@context":"https:\/\/schema.org","@graph":[{"@type":"WebPage","@id":"https:\/\/boxexpert.de\/da\/faqs\/rohs-reach\/","url":"https:\/\/boxexpert.de\/da\/faqs\/rohs-reach\/","name":"REACH ROHS-kompatible kabinetter | BOXEXPERT","isPartOf":{"@id":"https:\/\/boxexpert.de\/da\/#website"},"datePublished":"2021-07-28T13:00:47+00:00","dateModified":"2021-07-28T13:00:53+00:00","description":"Information og FAQ om REACH og ROHS for industrielle kabinetter og koblingsskabe BOXEXPERT","breadcrumb":{"@id":"https:\/\/boxexpert.de\/da\/faqs\/rohs-reach\/#breadcrumb"},"inLanguage":"da-DK","potentialAction":[{"@type":"ReadAction","target":["https:\/\/boxexpert.de\/da\/faqs\/rohs-reach\/"]}]},{"@type":"BreadcrumbList","@id":"https:\/\/boxexpert.de\/da\/faqs\/rohs-reach\/#breadcrumb","itemListElement":[{"@type":"ListItem","position":1,"name":"Startseite","item":"https:\/\/boxexpert.de\/da\/"},{"@type":"ListItem","position":2,"name":"FAQ&#8217;s","item":"https:\/\/boxexpert.de\/da\/faqs\/"},{"@type":"ListItem","position":3,"name":"RoHS \/ REACH"}]},{"@type":"WebSite","@id":"https:\/\/boxexpert.de\/da\/#website","url":"https:\/\/boxexpert.de\/da\/","name":"BOXEXPERT - Professionelle Geh\u00e4usel\u00f6sungen f\u00fcr h\u00f6chste Anspr\u00fcche","description":"Industriegeh\u00e4use, Schaltschr\u00e4nke, Installationsgeh\u00e4use, Sicherungsk\u00e4sten und Verteilerk\u00e4sten","potentialAction":[{"@type":"SearchAction","target":{"@type":"EntryPoint","urlTemplate":"https:\/\/boxexpert.de\/da\/?s={search_term_string}"},"query-input":{"@type":"PropertyValueSpecification","valueRequired":true,"valueName":"search_term_string"}}],"inLanguage":"da-DK"}]}},"_links":{"self":[{"href":"https:\/\/boxexpert.de\/da\/wp-json\/wp\/v2\/pages\/34869","targetHints":{"allow":["GET"]}}],"collection":[{"href":"https:\/\/boxexpert.de\/da\/wp-json\/wp\/v2\/pages"}],"about":[{"href":"https:\/\/boxexpert.de\/da\/wp-json\/wp\/v2\/types\/page"}],"author":[{"embeddable":true,"href":"https:\/\/boxexpert.de\/da\/wp-json\/wp\/v2\/users\/1"}],"replies":[{"embeddable":true,"href":"https:\/\/boxexpert.de\/da\/wp-json\/wp\/v2\/comments?post=34869"}],"version-history":[{"count":4,"href":"https:\/\/boxexpert.de\/da\/wp-json\/wp\/v2\/pages\/34869\/revisions"}],"predecessor-version":[{"id":34877,"href":"https:\/\/boxexpert.de\/da\/wp-json\/wp\/v2\/pages\/34869\/revisions\/34877"}],"up":[{"embeddable":true,"href":"https:\/\/boxexpert.de\/da\/wp-json\/wp\/v2\/pages\/34772"}],"wp:attachment":[{"href":"https:\/\/boxexpert.de\/da\/wp-json\/wp\/v2\/media?parent=34869"}],"curies":[{"name":"wp","href":"https:\/\/api.w.org\/{rel}","templated":true}]}}