{"id":34911,"date":"2021-07-28T13:06:13","date_gmt":"2021-07-28T13:06:13","guid":{"rendered":"https:\/\/boxexpert.de\/faqs\/varmebestandighed\/"},"modified":"2021-10-13T10:37:35","modified_gmt":"2021-10-13T10:37:35","slug":"varmebestandighed","status":"publish","type":"page","link":"https:\/\/boxexpert.de\/da\/faqs\/varmebestandighed\/","title":{"rendered":"Varmebestandighed"},"content":{"rendered":"<div class=\"wpb-content-wrapper\"><p>[vc_row][vc_column]\n\t\t<div id=\"wd-5e8dc3cfcbbde\" class=\"title-wrapper wd-wpb wd-set-mb reset-last-child  wd-rs-5e8dc3cfcbbde wd-title-color-primary wd-title-style-underlined text-left vc_custom_1586349034338 wd-underline-colored\">\n\t\t\t\t\t\t\t\n\t\t\t\t<div class=\"title-subtitle  subtitle-color-primary font-default subtitle-style-default wd-font-weight- wd-fontsize-xs\">Hvordan bestemmes varmebestandigheden?<\/div>\n\t\t\t\n\t\t\t<div class=\"liner-continer\">\n\t\t\t\t<h1 class=\"woodmart-title-container title  wd-font-weight- wd-fontsize-xxl\" ><strong>SP\u00d8RGSM\u00c5L OM VARMEBESTANDIGHED<\/strong><\/h1>\n\t\t\t\t\t\t\t<\/div>\n\t\t\t\n\t\t\t\n\t\t\t\n\t\t<\/div>\n\t\t\n\t\t[\/vc_column][vc_column width=&#8221;1\/2&#8243;]\n\t\t<div id=\"wd-5e8dc4be04a1e\" class=\"title-wrapper wd-wpb wd-set-mb reset-last-child  wd-rs-5e8dc4be04a1e wd-title-color-primary wd-title-style-underlined text-left vc_custom_1586349250187 wd-underline-colored\">\n\t\t\t\t\t\t\t\n\t\t\t\t<div class=\"title-subtitle  subtitle-color-primary font-default subtitle-style-default wd-font-weight- wd-fontsize-xs\">GLOW WIRE TEST<\/div>\n\t\t\t\n\t\t\t<div class=\"liner-continer\">\n\t\t\t\t<h2 class=\"woodmart-title-container title  wd-font-weight- wd-fontsize-xxl\" ><strong>DIN EN 60695-2 \/ UL94<\/strong><\/h2>\n\t\t\t\t\t\t\t<\/div>\n\t\t\t\n\t\t\t\t\t\t\t<div class=\"title-after_title reset-last-child  wd-fontsize-s\">Underwriters Laboratories' UL94-regulering har fastsat regler for udf\u00f8relse af en ikke-br\u00e6ndbarhedstest, som anvender en skala til at klassificere plasts br\u00e6ndbarhed.<br \/>\nGl\u00f8detr\u00e5dspr\u00f8vning i henhold til DIN EN 60695-2 (DIN EN 60695-2-10 (2014-04): Pr\u00f8vning af brandfare - Del 2-10: Gl\u00f8detr\u00e5dspr\u00f8vning - Gl\u00f8detr\u00e5dspr\u00f8vningsudstyr og generel pr\u00f8vningsmetode) anvendes til at teste kabinettet for at vurdere brandfaren.<\/div>\n\t\t\t\n\t\t\t\n\t\t<\/div>\n\t\t\n\t\t[\/vc_column][vc_column width=&#8221;1\/2&#8243;][vc_column_text text_larger=&#8221;no&#8221;]\n<table id=\"tablepress-184\" class=\"tablepress tablepress-id-184\">\n<thead>\n<tr class=\"row-1\">\n\t<td class=\"column-1\"><\/td><th class=\"column-2\">V-0<\/th><th class=\"column-3\">V-1<\/th><th class=\"column-4\">V-5<\/th>\n<\/tr>\n<\/thead>\n<tbody class=\"row-striping row-hover\">\n<tr class=\"row-2\">\n\t<td class=\"column-1\">afterburning test after each firing<\/td><td class=\"column-2\">< 10 s<\/td><td class=\"column-3\">< 20 s<\/td><td class=\"column-4\">< 30 s<\/td>\n<\/tr>\n<tr class=\"row-3\">\n\t<td class=\"column-1\">Total burning time per set (10 Flaming)<\/td><td class=\"column-2\">< 50 s<\/td><td class=\"column-3\">< 250 s<\/td><td class=\"column-4\">< 250 s<\/td>\n<\/tr>\n<tr class=\"row-4\">\n\t<td class=\"column-1\">Afterburning time \/ afterglow after the 2nd flame<\/td><td class=\"column-2\">< 30 s<\/td><td class=\"column-3\">< 60 s<\/td><td class=\"column-4\">< 60 s<\/td>\n<\/tr>\n<tr class=\"row-5\">\n\t<td class=\"column-1\">Burn-up to the retaining clip<\/td><td class=\"column-2\">no<\/td><td class=\"column-3\">no<\/td><td class=\"column-4\">no<\/td>\n<\/tr>\n<tr class=\"row-6\">\n\t<td class=\"column-1\">cotton wool inflammation<\/td><td class=\"column-2\">no<\/td><td class=\"column-3\">no<\/td><td class=\"column-4\">yes<\/td>\n<\/tr>\n<\/tbody>\n<\/table>\n<!-- #tablepress-184 from cache -->[\/vc_column_text][\/vc_column][\/vc_row]<\/p>\n<\/div>","protected":false},"excerpt":{"rendered":"<p>[vc_row][vc_column][\/vc_column][vc_column width=&#8221;1\/2&#8243;][\/vc_column][vc_column width=&#8221;1\/2&#8243;][vc_column_text text_larger=&#8221;no&#8221;][\/vc_column_text][\/vc_column][\/vc_row]<\/p>\n","protected":false},"author":2,"featured_media":0,"parent":34772,"menu_order":0,"comment_status":"closed","ping_status":"closed","template":"","meta":{"_acf_changed":false,"content-type":"","footnotes":""},"class_list":["post-34911","page","type-page","status-publish","hentry"],"acf":[],"yoast_head":"<!-- This site is optimized with the Yoast SEO plugin v27.2 - https:\/\/yoast.com\/product\/yoast-seo-wordpress\/ -->\n<title>Varmebestandighed - BOXEXPERT - Professionelle Geh\u00e4usel\u00f6sungen f\u00fcr h\u00f6chste Anspr\u00fcche<\/title>\n<meta name=\"robots\" content=\"index, follow, max-snippet:-1, max-image-preview:large, max-video-preview:-1\" \/>\n<link rel=\"canonical\" href=\"https:\/\/boxexpert.de\/da\/faqs\/varmebestandighed\/\" \/>\n<meta property=\"og:locale\" content=\"da_DK\" \/>\n<meta property=\"og:type\" content=\"article\" \/>\n<meta property=\"og:title\" content=\"Varmebestandighed - BOXEXPERT - Professionelle Geh\u00e4usel\u00f6sungen f\u00fcr h\u00f6chste Anspr\u00fcche\" \/>\n<meta property=\"og:description\" content=\"[vc_row][vc_column][\/vc_column][vc_column width=&#8221;1\/2&#8243;][\/vc_column][vc_column width=&#8221;1\/2&#8243;][vc_column_text text_larger=&#8221;no&#8221;][\/vc_column_text][\/vc_column][\/vc_row]\" \/>\n<meta property=\"og:url\" content=\"https:\/\/boxexpert.de\/da\/faqs\/varmebestandighed\/\" \/>\n<meta property=\"og:site_name\" content=\"BOXEXPERT - Professionelle Geh\u00e4usel\u00f6sungen f\u00fcr h\u00f6chste Anspr\u00fcche\" \/>\n<meta property=\"article:modified_time\" content=\"2021-10-13T10:37:35+00:00\" \/>\n<meta name=\"twitter:card\" content=\"summary_large_image\" \/>\n<script type=\"application\/ld+json\" class=\"yoast-schema-graph\">{\"@context\":\"https:\/\/schema.org\",\"@graph\":[{\"@type\":\"WebPage\",\"@id\":\"https:\/\/boxexpert.de\/da\/faqs\/varmebestandighed\/\",\"url\":\"https:\/\/boxexpert.de\/da\/faqs\/varmebestandighed\/\",\"name\":\"Varmebestandighed - BOXEXPERT - Professionelle Geh\u00e4usel\u00f6sungen f\u00fcr h\u00f6chste Anspr\u00fcche\",\"isPartOf\":{\"@id\":\"https:\/\/boxexpert.de\/da\/#website\"},\"datePublished\":\"2021-07-28T13:06:13+00:00\",\"dateModified\":\"2021-10-13T10:37:35+00:00\",\"breadcrumb\":{\"@id\":\"https:\/\/boxexpert.de\/da\/faqs\/varmebestandighed\/#breadcrumb\"},\"inLanguage\":\"da-DK\",\"potentialAction\":[{\"@type\":\"ReadAction\",\"target\":[\"https:\/\/boxexpert.de\/da\/faqs\/varmebestandighed\/\"]}]},{\"@type\":\"BreadcrumbList\",\"@id\":\"https:\/\/boxexpert.de\/da\/faqs\/varmebestandighed\/#breadcrumb\",\"itemListElement\":[{\"@type\":\"ListItem\",\"position\":1,\"name\":\"Startseite\",\"item\":\"https:\/\/boxexpert.de\/da\/\"},{\"@type\":\"ListItem\",\"position\":2,\"name\":\"FAQ&#8217;s\",\"item\":\"https:\/\/boxexpert.de\/da\/faqs\/\"},{\"@type\":\"ListItem\",\"position\":3,\"name\":\"Varmebestandighed\"}]},{\"@type\":\"WebSite\",\"@id\":\"https:\/\/boxexpert.de\/da\/#website\",\"url\":\"https:\/\/boxexpert.de\/da\/\",\"name\":\"BOXEXPERT - Professionelle Geh\u00e4usel\u00f6sungen f\u00fcr h\u00f6chste Anspr\u00fcche\",\"description\":\"Industriegeh\u00e4use, Schaltschr\u00e4nke, Installationsgeh\u00e4use, Sicherungsk\u00e4sten und Verteilerk\u00e4sten\",\"potentialAction\":[{\"@type\":\"SearchAction\",\"target\":{\"@type\":\"EntryPoint\",\"urlTemplate\":\"https:\/\/boxexpert.de\/da\/?s={search_term_string}\"},\"query-input\":{\"@type\":\"PropertyValueSpecification\",\"valueRequired\":true,\"valueName\":\"search_term_string\"}}],\"inLanguage\":\"da-DK\"}]}<\/script>\n<!-- \/ Yoast SEO plugin. -->","yoast_head_json":{"title":"Varmebestandighed - BOXEXPERT - Professionelle Geh\u00e4usel\u00f6sungen f\u00fcr h\u00f6chste Anspr\u00fcche","robots":{"index":"index","follow":"follow","max-snippet":"max-snippet:-1","max-image-preview":"max-image-preview:large","max-video-preview":"max-video-preview:-1"},"canonical":"https:\/\/boxexpert.de\/da\/faqs\/varmebestandighed\/","og_locale":"da_DK","og_type":"article","og_title":"Varmebestandighed - BOXEXPERT - Professionelle Geh\u00e4usel\u00f6sungen f\u00fcr h\u00f6chste Anspr\u00fcche","og_description":"[vc_row][vc_column][\/vc_column][vc_column width=&#8221;1\/2&#8243;][\/vc_column][vc_column width=&#8221;1\/2&#8243;][vc_column_text text_larger=&#8221;no&#8221;][\/vc_column_text][\/vc_column][\/vc_row]","og_url":"https:\/\/boxexpert.de\/da\/faqs\/varmebestandighed\/","og_site_name":"BOXEXPERT - Professionelle Geh\u00e4usel\u00f6sungen f\u00fcr h\u00f6chste Anspr\u00fcche","article_modified_time":"2021-10-13T10:37:35+00:00","twitter_card":"summary_large_image","schema":{"@context":"https:\/\/schema.org","@graph":[{"@type":"WebPage","@id":"https:\/\/boxexpert.de\/da\/faqs\/varmebestandighed\/","url":"https:\/\/boxexpert.de\/da\/faqs\/varmebestandighed\/","name":"Varmebestandighed - BOXEXPERT - Professionelle Geh\u00e4usel\u00f6sungen f\u00fcr h\u00f6chste Anspr\u00fcche","isPartOf":{"@id":"https:\/\/boxexpert.de\/da\/#website"},"datePublished":"2021-07-28T13:06:13+00:00","dateModified":"2021-10-13T10:37:35+00:00","breadcrumb":{"@id":"https:\/\/boxexpert.de\/da\/faqs\/varmebestandighed\/#breadcrumb"},"inLanguage":"da-DK","potentialAction":[{"@type":"ReadAction","target":["https:\/\/boxexpert.de\/da\/faqs\/varmebestandighed\/"]}]},{"@type":"BreadcrumbList","@id":"https:\/\/boxexpert.de\/da\/faqs\/varmebestandighed\/#breadcrumb","itemListElement":[{"@type":"ListItem","position":1,"name":"Startseite","item":"https:\/\/boxexpert.de\/da\/"},{"@type":"ListItem","position":2,"name":"FAQ&#8217;s","item":"https:\/\/boxexpert.de\/da\/faqs\/"},{"@type":"ListItem","position":3,"name":"Varmebestandighed"}]},{"@type":"WebSite","@id":"https:\/\/boxexpert.de\/da\/#website","url":"https:\/\/boxexpert.de\/da\/","name":"BOXEXPERT - Professionelle Geh\u00e4usel\u00f6sungen f\u00fcr h\u00f6chste Anspr\u00fcche","description":"Industriegeh\u00e4use, Schaltschr\u00e4nke, Installationsgeh\u00e4use, Sicherungsk\u00e4sten und Verteilerk\u00e4sten","potentialAction":[{"@type":"SearchAction","target":{"@type":"EntryPoint","urlTemplate":"https:\/\/boxexpert.de\/da\/?s={search_term_string}"},"query-input":{"@type":"PropertyValueSpecification","valueRequired":true,"valueName":"search_term_string"}}],"inLanguage":"da-DK"}]}},"_links":{"self":[{"href":"https:\/\/boxexpert.de\/da\/wp-json\/wp\/v2\/pages\/34911","targetHints":{"allow":["GET"]}}],"collection":[{"href":"https:\/\/boxexpert.de\/da\/wp-json\/wp\/v2\/pages"}],"about":[{"href":"https:\/\/boxexpert.de\/da\/wp-json\/wp\/v2\/types\/page"}],"author":[{"embeddable":true,"href":"https:\/\/boxexpert.de\/da\/wp-json\/wp\/v2\/users\/2"}],"replies":[{"embeddable":true,"href":"https:\/\/boxexpert.de\/da\/wp-json\/wp\/v2\/comments?post=34911"}],"version-history":[{"count":6,"href":"https:\/\/boxexpert.de\/da\/wp-json\/wp\/v2\/pages\/34911\/revisions"}],"predecessor-version":[{"id":58864,"href":"https:\/\/boxexpert.de\/da\/wp-json\/wp\/v2\/pages\/34911\/revisions\/58864"}],"up":[{"embeddable":true,"href":"https:\/\/boxexpert.de\/da\/wp-json\/wp\/v2\/pages\/34772"}],"wp:attachment":[{"href":"https:\/\/boxexpert.de\/da\/wp-json\/wp\/v2\/media?parent=34911"}],"curies":[{"name":"wp","href":"https:\/\/api.w.org\/{rel}","templated":true}]}}