{"id":35075,"date":"2021-07-28T13:23:25","date_gmt":"2021-07-28T13:23:25","guid":{"rendered":"https:\/\/boxexpert.de\/tjenester\/"},"modified":"2021-08-18T07:23:15","modified_gmt":"2021-08-18T07:23:15","slug":"tjenester","status":"publish","type":"page","link":"https:\/\/boxexpert.de\/da\/tjenester\/","title":{"rendered":"Tjenester"},"content":{"rendered":"<div class=\"wpb-content-wrapper\"><p>[vc_row mobile_bg_img_hidden=&#8221;no&#8221; tablet_bg_img_hidden=&#8221;no&#8221; woodmart_parallax=&#8221;0&#8243; woodmart_gradient_switch=&#8221;no&#8221; row_reverse_mobile=&#8221;0&#8243; row_reverse_tablet=&#8221;0&#8243; woodmart_disable_overflow=&#8221;0&#8243;][vc_column]\n\t\t<div id=\"wd-5e99b5f976f74\" class=\"title-wrapper wd-wpb wd-set-mb reset-last-child  wd-rs-5e99b5f976f74 wd-title-color-primary wd-title-style-underlined text-left vc_custom_1587131900245 wd-underline-colored\">\n\t\t\t\n\t\t\t<div class=\"liner-continer\">\n\t\t\t\t<h1 class=\"woodmart-title-container title  wd-font-weight- wd-fontsize-xxl\" ><strong>SERVICES<\/strong><\/h1>\n\t\t\t\t\t\t\t<\/div>\n\t\t\t\n\t\t\t\n\t\t\t\n\t\t<\/div>\n\t\t\n\t\t[\/vc_column][\/vc_row][vc_row equal_height=&#8221;yes&#8221; content_placement=&#8221;top&#8221; css=&#8221;.vc_custom_1585954423036{margin-bottom: 4vh !important;}&#8221; mobile_bg_img_hidden=&#8221;no&#8221; tablet_bg_img_hidden=&#8221;no&#8221; woodmart_parallax=&#8221;0&#8243; woodmart_gradient_switch=&#8221;no&#8221; row_reverse_mobile=&#8221;0&#8243; row_reverse_tablet=&#8221;0&#8243; woodmart_disable_overflow=&#8221;0&#8243;][vc_column width=&#8221;1\/2&#8243; css=&#8221;.vc_custom_1585924888180{margin-bottom: 35px !important;padding-right: 50px !important;padding-bottom: 30px !important;}&#8221; mobile_bg_img_hidden=&#8221;no&#8221; tablet_bg_img_hidden=&#8221;no&#8221; woodmart_parallax=&#8221;0&#8243; woodmart_sticky_column=&#8221;false&#8221; parallax_scroll=&#8221;no&#8221; mobile_reset_margin=&#8221;no&#8221; tablet_reset_margin=&#8221;no&#8221;]\n\t\t<div id=\"wd-5e99b62843675\" class=\"title-wrapper wd-wpb wd-set-mb reset-last-child  wd-rs-5e99b62843675 wd-title-color-primary wd-title-style-default text-left vc_custom_1587131950814 wd-underline-colored\">\n\t\t\t\n\t\t\t<div class=\"liner-continer\">\n\t\t\t\t<h2 class=\"woodmart-title-container title  wd-font-weight- wd-fontsize-l\" ><strong>Individualisering og for\u00e6dling af dine kabinetter<\/strong><\/h2>\n\t\t\t\t\t\t\t<\/div>\n\t\t\t\n\t\t\t\n\t\t\t\n\t\t<\/div>\n\t\t\n\t\t[vc_column_text css=&#8221;.vc_custom_1587131968080{margin-top: -20px !important;margin-bottom: 20px !important;}&#8221; text_larger=&#8221;no&#8221;]I de seneste \u00e5r er andelen af individualiserede indhegninger steget kraftigt. I dag g\u00f8r moderne forarbejdningsteknologier det muligt at efterbehandle selv sm\u00e5 og mellemstore m\u00e6ngder og giver desuden mange nye muligheder, is\u00e6r inden for digitaltryk. Vores omfattende serviceudbud omfatter en r\u00e6kke forskellige mekaniske forarbejdningsmuligheder, samling og montering af kabinetter, m\u00e6rkning og endda komplet specialudvikling helt fra begyndelsen.<\/p>\n<p>Professionelt arbejde p\u00e5 h\u00f8jeste niveau og en pr\u00e6cis gennemf\u00f8relse af kundernes \u00f8nsker er for os grundlaget for en skr\u00e6ddersyet kundeoplevelse. P\u00e5 de f\u00f8lgende sider vil vi gerne give dig et indblik i vores muligheder. Hvis du har sp\u00f8rgsm\u00e5l til et af emnerne eller har brug for yderligere oplysninger, st\u00e5r vi naturligvis til enhver tid til r\u00e5dighed for at hj\u00e6lpe dig.[\/vc_column_text][\/vc_column][vc_column width=&#8221;1\/2&#8243;][vc_single_image image=&#8221;35723&#8243; img_size=&#8221;full&#8221; parallax_scroll=&#8221;no&#8221; css=&#8221;.vc_custom_1587131929954{margin-top: -30px !important;}&#8221;][\/vc_column][\/vc_row][vc_row css=&#8221;.vc_custom_1586872815075{margin-bottom: 4vh !important;}&#8221; mobile_bg_img_hidden=&#8221;no&#8221; tablet_bg_img_hidden=&#8221;no&#8221; woodmart_parallax=&#8221;0&#8243; woodmart_gradient_switch=&#8221;no&#8221; row_reverse_mobile=&#8221;0&#8243; row_reverse_tablet=&#8221;0&#8243; woodmart_disable_overflow=&#8221;0&#8243;][vc_column]\n\t\t\t<div id=\"carousel-650\" class=\"wd-carousel-container banners-carousel-wrapper   wd-rs-69e79cf1701c3\">\n\t\t\t\t<div class=\"wd-carousel-inner\">\n\t\t\t\t\t<div class=\"wd-carousel wd-grid banners-carousel \" data-scroll_per_page=\"yes\" style=\"--wd-col-lg:3;--wd-col-md:3;--wd-col-sm:1;--wd-gap-lg:30px;--wd-gap-sm:10px;\">\n\t\t\t\t\t\t<div class=\"wd-carousel-wrap\">\n\t\t\t\t\t\t\t\t\t<div class=\"promo-banner-wrapper  wd-rs-611cb4f0e57e6  wd-carousel-item\">\n\t\t\t<div id=\"wd-611cb4f0e57e6\" class=\"promo-banner  banner-mask banner-hover-zoom color-scheme-light banner-btn-size-small banner-btn-style-link wd-width-enabled  with-btn banner-btn-position-static wd-with-link wd-underline-colored\" style=\"--wd-max-width: 60%;\">\n\t\t\t\t<div class=\"main-wrapp-img\">\n\t\t\t\t\t<div class=\"banner-image wd-bg-position-center\" >\n\t\t\t\t\t\t<img decoding=\"async\" width=\"900\" height=\"600\" src=\"https:\/\/boxexpert.de\/wp-content\/uploads\/2020\/04\/dienstleistungen-farben2.jpg\" class=\"attachment-full size-full\" alt=\"Verschiedene Farben m\u00f6glich, f\u00fcr jedes Geh\u00e4use umsetzbar.\" \/>\t\t\t\t\t<\/div>\n\t\t\t\t<\/div>\n\n\t\t\t\t<div class=\"wrapper-content-banner wd-fill  wd-items-middle wd-justify-left\">\n\t\t\t\t\t<div class=\"content-banner  text-left\">\n\t\t\t\t\t\t<h4 class=\"banner-title wd-font-weight-400 wd-fontsize-l\">Farver og former<\/h4>\t\t\t\t\t\t\n\t\t\t\t\t\t\n\t\t\t\t\t\t<div class=\"banner-btn-wrapper\"><div id=\"wd-69e79cf170d00\" class=\"  wd-button-wrapper text-left\"><a href=\"https:\/\/boxexpert.de\/da\/tjenester\/farver-og-former\/\" title=\"\" class=\"btn btn-color-white btn-style-link btn-shape-rectangle btn-size-small\">L\u00c6S MERE<\/a><\/div><\/div>\t\t\t\t\t<\/div>\n\t\t\t\t<\/div>\n\n\t\t\t\t\t\t\t\t\t<a class=\"wd-promo-banner-link wd-fill\" aria-label=\"Banner link\" href=\"https:\/\/boxexpert.de\/da\/tjenester\/farver-og-former\/\" title=\"\"><\/a>\n\t\t\t\t\n\t\t\t\t\t\t\t<\/div>\n\t\t<\/div>\n\n\t\t\t\t<div class=\"promo-banner-wrapper  wd-rs-611cb500734db  wd-carousel-item\">\n\t\t\t<div id=\"wd-611cb500734db\" class=\"promo-banner  banner-mask banner-hover-zoom color-scheme-light banner-btn-size-small banner-btn-style-link wd-width-enabled  with-btn banner-btn-position-static wd-with-link wd-underline-colored\" style=\"--wd-max-width: 60%;\">\n\t\t\t\t<div class=\"main-wrapp-img\">\n\t\t\t\t\t<div class=\"banner-image wd-bg-position-center\" >\n\t\t\t\t\t\t<img decoding=\"async\" width=\"900\" height=\"600\" src=\"https:\/\/boxexpert.de\/wp-content\/uploads\/2020\/04\/dienstleistungen-cnc-bearbeitung.jpg\" class=\"attachment-full size-full\" alt=\"Wir fr\u00e4sen Ihren Wandschrank so, wie Sie ihn Brauchen.\" \/>\t\t\t\t\t<\/div>\n\t\t\t\t<\/div>\n\n\t\t\t\t<div class=\"wrapper-content-banner wd-fill  wd-items-middle wd-justify-left\">\n\t\t\t\t\t<div class=\"content-banner  text-left\">\n\t\t\t\t\t\t<h4 class=\"banner-title wd-font-weight-400 wd-fontsize-l\">Mekanisk<br \/>\nforarbejdning<\/h4>\t\t\t\t\t\t\n\t\t\t\t\t\t\n\t\t\t\t\t\t<div class=\"banner-btn-wrapper\"><div id=\"wd-69e79cf1714c1\" class=\"  wd-button-wrapper text-left\"><a href=\"https:\/\/boxexpert.de\/da\/tjenester\/mekanisk-forarbejdning\/\" title=\"\" class=\"btn btn-color-white btn-style-link btn-shape-rectangle btn-size-small\">F\u00e5 mere at vide<\/a><\/div><\/div>\t\t\t\t\t<\/div>\n\t\t\t\t<\/div>\n\n\t\t\t\t\t\t\t\t\t<a class=\"wd-promo-banner-link wd-fill\" aria-label=\"Banner link\" href=\"https:\/\/boxexpert.de\/da\/tjenester\/mekanisk-forarbejdning\/\" title=\"\"><\/a>\n\t\t\t\t\n\t\t\t\t\t\t\t<\/div>\n\t\t<\/div>\n\n\t\t\t\t<div class=\"promo-banner-wrapper  wd-rs-611cb50fdd545  wd-carousel-item\">\n\t\t\t<div id=\"wd-611cb50fdd545\" class=\"promo-banner  banner-mask banner-hover-zoom color-scheme-light banner-btn-size-small banner-btn-style-link wd-width-enabled  with-btn banner-btn-position-static wd-with-link wd-underline-colored\" style=\"--wd-max-width: 60%;\">\n\t\t\t\t<div class=\"main-wrapp-img\">\n\t\t\t\t\t<div class=\"banner-image wd-bg-position-center\" >\n\t\t\t\t\t\t<img decoding=\"async\" width=\"900\" height=\"600\" src=\"https:\/\/boxexpert.de\/wp-content\/uploads\/2020\/04\/dienstleistungen-laser-gravieren-beschriften.jpg\" class=\"attachment-full size-full\" alt=\"Die Geh\u00e4use von Boxexpert k\u00f6nnen wir auch mittels Lasergravur beschriften\" \/>\t\t\t\t\t<\/div>\n\t\t\t\t<\/div>\n\n\t\t\t\t<div class=\"wrapper-content-banner wd-fill  wd-items-middle wd-justify-left\">\n\t\t\t\t\t<div class=\"content-banner  text-left\">\n\t\t\t\t\t\t<h4 class=\"banner-title wd-font-weight-400 wd-fontsize-l\">M\u00e6rkning og<br \/>\nGravering<\/h4>\t\t\t\t\t\t\n\t\t\t\t\t\t\n\t\t\t\t\t\t<div class=\"banner-btn-wrapper\"><div id=\"wd-69e79cf171b79\" class=\"  wd-button-wrapper text-left\"><a href=\"https:\/\/boxexpert.de\/da\/tjenester\/bogstaver-og-gravering\/\" title=\"\" class=\"btn btn-color-white btn-style-link btn-shape-rectangle btn-size-small\">F\u00e5 mere at vide<\/a><\/div><\/div>\t\t\t\t\t<\/div>\n\t\t\t\t<\/div>\n\n\t\t\t\t\t\t\t\t\t<a class=\"wd-promo-banner-link wd-fill\" aria-label=\"Banner link\" href=\"https:\/\/boxexpert.de\/da\/tjenester\/bogstaver-og-gravering\/\" title=\"\"><\/a>\n\t\t\t\t\n\t\t\t\t\t\t\t<\/div>\n\t\t<\/div>\n\n\t\t\t\t\t\t\t\t<\/div>\n\t\t\t\t\t<\/div>\n\n\t\t\t\t\t\t\t\t\t\t\t\t\t<div class=\"wd-nav-arrows wd-pos-sep wd-hover-1 wd-icon-1\">\n\t\t\t<div class=\"wd-btn-arrow wd-prev wd-disabled\">\n\t\t\t\t<div class=\"wd-arrow-inner\"><\/div>\n\t\t\t<\/div>\n\t\t\t<div class=\"wd-btn-arrow wd-next\">\n\t\t\t\t<div class=\"wd-arrow-inner\"><\/div>\n\t\t\t<\/div>\n\t\t<\/div>\n\t\t\t\t\t\t\t\t\t\t\t<\/div>\n\n\t\t\t\t\t\t\t\t\t\t\t<\/div>\n\n\t\t[\/vc_column][\/vc_row][vc_row css=&#8221;.vc_custom_1586872815075{margin-bottom: 4vh !important;}&#8221; mobile_bg_img_hidden=&#8221;no&#8221; tablet_bg_img_hidden=&#8221;no&#8221; woodmart_parallax=&#8221;0&#8243; woodmart_gradient_switch=&#8221;no&#8221; row_reverse_mobile=&#8221;0&#8243; row_reverse_tablet=&#8221;0&#8243; woodmart_disable_overflow=&#8221;0&#8243;][vc_column]\n\t\t\t<div id=\"carousel-504\" class=\"wd-carousel-container banners-carousel-wrapper   wd-rs-69e79cf171be5\">\n\t\t\t\t<div class=\"wd-carousel-inner\">\n\t\t\t\t\t<div class=\"wd-carousel wd-grid banners-carousel \" data-scroll_per_page=\"yes\" style=\"--wd-col-lg:3;--wd-col-md:3;--wd-col-sm:1;--wd-gap-lg:30px;--wd-gap-sm:10px;\">\n\t\t\t\t\t\t<div class=\"wd-carousel-wrap\">\n\t\t\t\t\t\t\t\t\t<div class=\"promo-banner-wrapper  wd-rs-611cb51fcc9c2  wd-carousel-item\">\n\t\t\t<div id=\"wd-611cb51fcc9c2\" class=\"promo-banner  banner-mask banner-hover-zoom color-scheme-light banner-btn-size-small banner-btn-style-link wd-width-enabled  with-btn banner-btn-position-static wd-with-link wd-underline-colored\" style=\"--wd-max-width: 60%;\">\n\t\t\t\t<div class=\"main-wrapp-img\">\n\t\t\t\t\t<div class=\"banner-image wd-bg-position-center\" >\n\t\t\t\t\t\t<img decoding=\"async\" width=\"900\" height=\"600\" src=\"https:\/\/boxexpert.de\/wp-content\/uploads\/2020\/04\/dienstleistungen-sonderentwicklung.jpg\" class=\"attachment-full size-full\" alt=\"Unsere abgebildeten Geh\u00e4use k\u00f6nnen wir auch f\u00fcr Sie neu entwerfen und Sonderentwicklungen vornehmen.\" \/>\t\t\t\t\t<\/div>\n\t\t\t\t<\/div>\n\n\t\t\t\t<div class=\"wrapper-content-banner wd-fill  wd-items-middle wd-justify-left\">\n\t\t\t\t\t<div class=\"content-banner  text-left\">\n\t\t\t\t\t\t<h4 class=\"banner-title wd-font-weight-400 wd-fontsize-l\">S\u00e6rlig udvikling<\/h4>\t\t\t\t\t\t\n\t\t\t\t\t\t\n\t\t\t\t\t\t<div class=\"banner-btn-wrapper\"><div id=\"wd-69e79cf172016\" class=\"  wd-button-wrapper text-left\"><a href=\"https:\/\/boxexpert.de\/da\/tjenester\/saerlig-udvikling\/\" title=\"S\u00e6rlig udvikling\" class=\"btn btn-color-white btn-style-link btn-shape-rectangle btn-size-small\">L\u00c6S MERE<\/a><\/div><\/div>\t\t\t\t\t<\/div>\n\t\t\t\t<\/div>\n\n\t\t\t\t\t\t\t\t\t<a class=\"wd-promo-banner-link wd-fill\" aria-label=\"Banner link\" href=\"https:\/\/boxexpert.de\/da\/tjenester\/saerlig-udvikling\/\" title=\"S\u00e6rlig udvikling\"><\/a>\n\t\t\t\t\n\t\t\t\t\t\t\t<\/div>\n\t\t<\/div>\n\n\t\t\t\t<div class=\"promo-banner-wrapper  wd-rs-611cb52d8ceaf  wd-carousel-item\">\n\t\t\t<div id=\"wd-611cb52d8ceaf\" class=\"promo-banner  banner-mask banner-hover-zoom color-scheme-light banner-btn-size-small banner-btn-style-link wd-width-enabled  with-btn banner-btn-position-static wd-with-link wd-underline-colored\" style=\"--wd-max-width: 60%;\">\n\t\t\t\t<div class=\"main-wrapp-img\">\n\t\t\t\t\t<div class=\"banner-image wd-bg-position-center\" >\n\t\t\t\t\t\t<img decoding=\"async\" width=\"900\" height=\"600\" src=\"https:\/\/boxexpert.de\/wp-content\/uploads\/2020\/04\/bigstock-Assembling-1965966.jpg\" class=\"attachment-full size-full\" alt=\"Kleinserienfertigung f\u00fcr Sondergeh\u00e4use.\" \/>\t\t\t\t\t<\/div>\n\t\t\t\t<\/div>\n\n\t\t\t\t<div class=\"wrapper-content-banner wd-fill  wd-items-middle wd-justify-left\">\n\t\t\t\t\t<div class=\"content-banner  text-left\">\n\t\t\t\t\t\t<h4 class=\"banner-title wd-font-weight-400 wd-fontsize-l\">Prototypefremstilling<\/h4>\t\t\t\t\t\t\n\t\t\t\t\t\t\n\t\t\t\t\t\t<div class=\"banner-btn-wrapper\"><div id=\"wd-69e79cf1725e9\" class=\"  wd-button-wrapper text-left\"><a href=\"https:\/\/boxexpert.de\/da\/tjenester\/prototypefremstilling\/\" title=\"Prototypenbau\" class=\"btn btn-color-white btn-style-link btn-shape-rectangle btn-size-small\">F\u00e5 mere at vide<\/a><\/div><\/div>\t\t\t\t\t<\/div>\n\t\t\t\t<\/div>\n\n\t\t\t\t\t\t\t\t\t<a class=\"wd-promo-banner-link wd-fill\" aria-label=\"Banner link\" href=\"https:\/\/boxexpert.de\/da\/tjenester\/prototypefremstilling\/\" title=\"Prototypenbau\"><\/a>\n\t\t\t\t\n\t\t\t\t\t\t\t<\/div>\n\t\t<\/div>\n\n\t\t\t\t<div class=\"promo-banner-wrapper  wd-rs-611cb555454b5  wd-carousel-item\">\n\t\t\t<div id=\"wd-611cb555454b5\" class=\"promo-banner  banner-mask banner-hover-zoom color-scheme-light banner-btn-size-small banner-btn-style-link wd-width-enabled  with-btn banner-btn-position-static wd-with-link wd-underline-colored\" style=\"--wd-max-width: 60%;\">\n\t\t\t\t<div class=\"main-wrapp-img\">\n\t\t\t\t\t<div class=\"banner-image wd-bg-position-center\" >\n\t\t\t\t\t\t<img decoding=\"async\" width=\"900\" height=\"600\" src=\"https:\/\/boxexpert.de\/wp-content\/uploads\/2020\/04\/dienstleistung-komponenteneinbau2.jpg\" class=\"attachment-full size-full\" alt=\"Komplett Konfektionierter Schaltschrank von Boxexpert zum direkt einbauen.\" \/>\t\t\t\t\t<\/div>\n\t\t\t\t<\/div>\n\n\t\t\t\t<div class=\"wrapper-content-banner wd-fill  wd-items-middle wd-justify-left\">\n\t\t\t\t\t<div class=\"content-banner  text-left\">\n\t\t\t\t\t\t<h4 class=\"banner-title wd-font-weight-400 wd-fontsize-l\">Komponenter-<br \/>\nInstallation<\/h4>\t\t\t\t\t\t\n\t\t\t\t\t\t\n\t\t\t\t\t\t<div class=\"banner-btn-wrapper\"><div id=\"wd-69e79cf1728b9\" class=\"  wd-button-wrapper text-left\"><a href=\"https:\/\/boxexpert.de\/da\/tjenester\/installation-af-komponenter\/\" title=\"\" class=\"btn btn-color-white btn-style-link btn-shape-rectangle btn-size-small\">F\u00e5 mere at vide<\/a><\/div><\/div>\t\t\t\t\t<\/div>\n\t\t\t\t<\/div>\n\n\t\t\t\t\t\t\t\t\t<a class=\"wd-promo-banner-link wd-fill\" aria-label=\"Banner link\" href=\"https:\/\/boxexpert.de\/da\/tjenester\/installation-af-komponenter\/\" title=\"\"><\/a>\n\t\t\t\t\n\t\t\t\t\t\t\t<\/div>\n\t\t<\/div>\n\n\t\t\t\t\t\t\t\t<\/div>\n\t\t\t\t\t<\/div>\n\n\t\t\t\t\t\t\t\t\t\t\t\t\t<div class=\"wd-nav-arrows wd-pos-sep wd-hover-1 wd-icon-1\">\n\t\t\t<div class=\"wd-btn-arrow wd-prev wd-disabled\">\n\t\t\t\t<div class=\"wd-arrow-inner\"><\/div>\n\t\t\t<\/div>\n\t\t\t<div class=\"wd-btn-arrow wd-next\">\n\t\t\t\t<div class=\"wd-arrow-inner\"><\/div>\n\t\t\t<\/div>\n\t\t<\/div>\n\t\t\t\t\t\t\t\t\t\t\t<\/div>\n\n\t\t\t\t\t\t\t\t\t\t\t<\/div>\n\n\t\t[\/vc_column][\/vc_row][vc_row css=&#8221;.vc_custom_1586872815075{margin-bottom: 4vh !important;}&#8221; mobile_bg_img_hidden=&#8221;no&#8221; tablet_bg_img_hidden=&#8221;no&#8221; woodmart_parallax=&#8221;0&#8243; woodmart_gradient_switch=&#8221;no&#8221; row_reverse_mobile=&#8221;0&#8243; row_reverse_tablet=&#8221;0&#8243; woodmart_disable_overflow=&#8221;0&#8243;][vc_column]\n\t\t\t<div id=\"carousel-171\" class=\"wd-carousel-container banners-carousel-wrapper   wd-rs-69e79cf17291f\">\n\t\t\t\t<div class=\"wd-carousel-inner\">\n\t\t\t\t\t<div class=\"wd-carousel wd-grid banners-carousel \" data-scroll_per_page=\"yes\" style=\"--wd-col-lg:3;--wd-col-md:3;--wd-col-sm:1;--wd-gap-lg:30px;--wd-gap-sm:10px;\">\n\t\t\t\t\t\t<div class=\"wd-carousel-wrap\">\n\t\t\t\t\t\t\t\t\t<div class=\"promo-banner-wrapper  wd-rs-611cb548c78e1  wd-carousel-item\">\n\t\t\t<div id=\"wd-611cb548c78e1\" class=\"promo-banner  banner-mask banner-hover-zoom color-scheme-light banner-btn-size-small banner-btn-style-link wd-width-enabled  with-btn banner-btn-position-static wd-with-link wd-underline-colored\" style=\"--wd-max-width: 60%;\">\n\t\t\t\t<div class=\"main-wrapp-img\">\n\t\t\t\t\t<div class=\"banner-image wd-bg-position-center\" >\n\t\t\t\t\t\t<img decoding=\"async\" width=\"900\" height=\"600\" src=\"https:\/\/boxexpert.de\/wp-content\/uploads\/2020\/04\/applikation-elektroinstallation-2.jpg\" class=\"attachment-full size-full\" alt=\"Geh\u00e4use f\u00fcr Elektrotechnik und Elektroinstallation. Schaltschrank mit hoher IP Schutzart.\" \/>\t\t\t\t\t<\/div>\n\t\t\t\t<\/div>\n\n\t\t\t\t<div class=\"wrapper-content-banner wd-fill  wd-items-middle wd-justify-left\">\n\t\t\t\t\t<div class=\"content-banner  text-left\">\n\t\t\t\t\t\t<h4 class=\"banner-title wd-font-weight-400 wd-fontsize-l\">Kabel-<br \/>\nEmballage<\/h4>\t\t\t\t\t\t\n\t\t\t\t\t\t\n\t\t\t\t\t\t<div class=\"banner-btn-wrapper\"><div id=\"wd-69e79cf172ddb\" class=\"  wd-button-wrapper text-left\"><a href=\"https:\/\/boxexpert.de\/da\/tjenester\/kabelmontering\/\" title=\"Kabelmontering\" class=\"btn btn-color-white btn-style-link btn-shape-rectangle btn-size-small\">L\u00c6S MERE<\/a><\/div><\/div>\t\t\t\t\t<\/div>\n\t\t\t\t<\/div>\n\n\t\t\t\t\t\t\t\t\t<a class=\"wd-promo-banner-link wd-fill\" aria-label=\"Banner link\" href=\"https:\/\/boxexpert.de\/da\/tjenester\/kabelmontering\/\" title=\"Kabelmontering\"><\/a>\n\t\t\t\t\n\t\t\t\t\t\t\t<\/div>\n\t\t<\/div>\n\n\t\t\t\t<div class=\"promo-banner-wrapper  wd-rs-611cb55de8f8a  wd-carousel-item\">\n\t\t\t<div id=\"wd-611cb55de8f8a\" class=\"promo-banner  banner-mask banner-hover-zoom color-scheme-light banner-btn-size-small banner-btn-style-link wd-width-enabled  with-btn banner-btn-position-static wd-with-link wd-underline-colored\" style=\"--wd-max-width: 60%;\">\n\t\t\t\t<div class=\"main-wrapp-img\">\n\t\t\t\t\t<div class=\"banner-image wd-bg-position-center\" >\n\t\t\t\t\t\t<img decoding=\"async\" width=\"900\" height=\"600\" src=\"https:\/\/boxexpert.de\/wp-content\/uploads\/2020\/04\/logistik.jpg\" class=\"attachment-full size-full\" alt=\"Die Boxexpert Geh\u00e4use durchlaufen eine automatisierte Logistik.\" \/>\t\t\t\t\t<\/div>\n\t\t\t\t<\/div>\n\n\t\t\t\t<div class=\"wrapper-content-banner wd-fill  wd-items-middle wd-justify-left\">\n\t\t\t\t\t<div class=\"content-banner  text-left\">\n\t\t\t\t\t\t<h4 class=\"banner-title wd-font-weight-400 wd-fontsize-l\">Pakning<\/h4>\t\t\t\t\t\t\n\t\t\t\t\t\t\n\t\t\t\t\t\t<div class=\"banner-btn-wrapper\"><div id=\"wd-69e79cf1732d6\" class=\"  wd-button-wrapper text-left\"><a href=\"https:\/\/boxexpert.de\/da\/tjenester\/pakning\/\" title=\"Pakning\" class=\"btn btn-color-white btn-style-link btn-shape-rectangle btn-size-small\">F\u00e5 mere at vide<\/a><\/div><\/div>\t\t\t\t\t<\/div>\n\t\t\t\t<\/div>\n\n\t\t\t\t\t\t\t\t\t<a class=\"wd-promo-banner-link wd-fill\" aria-label=\"Banner link\" href=\"https:\/\/boxexpert.de\/da\/tjenester\/pakning\/\" title=\"Pakning\"><\/a>\n\t\t\t\t\n\t\t\t\t\t\t\t<\/div>\n\t\t<\/div>\n\n\t\t\t\t\t\t\t\t<\/div>\n\t\t\t\t\t<\/div>\n\n\t\t\t\t\t\t\t\t\t\t\t\t\t<div class=\"wd-nav-arrows wd-pos-sep wd-hover-1 wd-icon-1\">\n\t\t\t<div class=\"wd-btn-arrow wd-prev wd-disabled\">\n\t\t\t\t<div class=\"wd-arrow-inner\"><\/div>\n\t\t\t<\/div>\n\t\t\t<div class=\"wd-btn-arrow wd-next\">\n\t\t\t\t<div class=\"wd-arrow-inner\"><\/div>\n\t\t\t<\/div>\n\t\t<\/div>\n\t\t\t\t\t\t\t\t\t\t\t<\/div>\n\n\t\t\t\t\t\t\t\t\t\t\t<\/div>\n\n\t\t[\/vc_column][\/vc_row]<\/p>\n<\/div>","protected":false},"excerpt":{"rendered":"<p>[vc_row mobile_bg_img_hidden=&#8221;no&#8221; tablet_bg_img_hidden=&#8221;no&#8221; woodmart_parallax=&#8221;0&#8243; woodmart_gradient_switch=&#8221;no&#8221; row_reverse_mobile=&#8221;0&#8243; row_reverse_tablet=&#8221;0&#8243; woodmart_disable_overflow=&#8221;0&#8243;][vc_column][\/vc_column][\/vc_row][vc_row equal_height=&#8221;yes&#8221; content_placement=&#8221;top&#8221; css=&#8221;.vc_custom_1585954423036{margin-bottom: 4vh !important;}&#8221; mobile_bg_img_hidden=&#8221;no&#8221; tablet_bg_img_hidden=&#8221;no&#8221; woodmart_parallax=&#8221;0&#8243; woodmart_gradient_switch=&#8221;no&#8221; row_reverse_mobile=&#8221;0&#8243; row_reverse_tablet=&#8221;0&#8243; woodmart_disable_overflow=&#8221;0&#8243;][vc_column<\/p>\n","protected":false},"author":1,"featured_media":0,"parent":0,"menu_order":0,"comment_status":"closed","ping_status":"closed","template":"","meta":{"_acf_changed":false,"content-type":"","footnotes":""},"class_list":["post-35075","page","type-page","status-publish","hentry"],"acf":[],"yoast_head":"<!-- This site is optimized with the Yoast SEO plugin v27.2 - https:\/\/yoast.com\/product\/yoast-seo-wordpress\/ -->\n<title>Tjenester omkring kapslingsteknologi | BOXEXPERT<\/title>\n<meta name=\"description\" content=\"Tjenester til kontrolskabe og industrikabinetter\" \/>\n<meta name=\"robots\" content=\"index, follow, max-snippet:-1, max-image-preview:large, max-video-preview:-1\" \/>\n<link rel=\"canonical\" href=\"https:\/\/boxexpert.de\/da\/tjenester\/\" \/>\n<meta property=\"og:locale\" content=\"da_DK\" \/>\n<meta property=\"og:type\" content=\"article\" \/>\n<meta property=\"og:title\" content=\"Tjenester omkring kapslingsteknologi | BOXEXPERT\" \/>\n<meta property=\"og:description\" content=\"Tjenester til kontrolskabe og industrikabinetter\" \/>\n<meta property=\"og:url\" content=\"https:\/\/boxexpert.de\/da\/tjenester\/\" \/>\n<meta property=\"og:site_name\" content=\"BOXEXPERT - Professionelle Geh\u00e4usel\u00f6sungen f\u00fcr h\u00f6chste Anspr\u00fcche\" \/>\n<meta property=\"article:modified_time\" content=\"2021-08-18T07:23:15+00:00\" \/>\n<meta name=\"twitter:card\" content=\"summary_large_image\" \/>\n<meta name=\"twitter:label1\" content=\"Estimeret l\u00e6setid\" \/>\n\t<meta name=\"twitter:data1\" content=\"2 minutter\" \/>\n<script type=\"application\/ld+json\" class=\"yoast-schema-graph\">{\"@context\":\"https:\/\/schema.org\",\"@graph\":[{\"@type\":\"WebPage\",\"@id\":\"https:\/\/boxexpert.de\/da\/tjenester\/\",\"url\":\"https:\/\/boxexpert.de\/da\/tjenester\/\",\"name\":\"Tjenester omkring kapslingsteknologi | BOXEXPERT\",\"isPartOf\":{\"@id\":\"https:\/\/boxexpert.de\/da\/#website\"},\"datePublished\":\"2021-07-28T13:23:25+00:00\",\"dateModified\":\"2021-08-18T07:23:15+00:00\",\"description\":\"Tjenester til kontrolskabe og industrikabinetter\",\"breadcrumb\":{\"@id\":\"https:\/\/boxexpert.de\/da\/tjenester\/#breadcrumb\"},\"inLanguage\":\"da-DK\",\"potentialAction\":[{\"@type\":\"ReadAction\",\"target\":[\"https:\/\/boxexpert.de\/da\/tjenester\/\"]}]},{\"@type\":\"BreadcrumbList\",\"@id\":\"https:\/\/boxexpert.de\/da\/tjenester\/#breadcrumb\",\"itemListElement\":[{\"@type\":\"ListItem\",\"position\":1,\"name\":\"Startseite\",\"item\":\"https:\/\/boxexpert.de\/da\/\"},{\"@type\":\"ListItem\",\"position\":2,\"name\":\"Tjenester\"}]},{\"@type\":\"WebSite\",\"@id\":\"https:\/\/boxexpert.de\/da\/#website\",\"url\":\"https:\/\/boxexpert.de\/da\/\",\"name\":\"BOXEXPERT - Professionelle Geh\u00e4usel\u00f6sungen f\u00fcr h\u00f6chste Anspr\u00fcche\",\"description\":\"Industriegeh\u00e4use, Schaltschr\u00e4nke, Installationsgeh\u00e4use, Sicherungsk\u00e4sten und Verteilerk\u00e4sten\",\"potentialAction\":[{\"@type\":\"SearchAction\",\"target\":{\"@type\":\"EntryPoint\",\"urlTemplate\":\"https:\/\/boxexpert.de\/da\/?s={search_term_string}\"},\"query-input\":{\"@type\":\"PropertyValueSpecification\",\"valueRequired\":true,\"valueName\":\"search_term_string\"}}],\"inLanguage\":\"da-DK\"}]}<\/script>\n<!-- \/ Yoast SEO plugin. -->","yoast_head_json":{"title":"Tjenester omkring kapslingsteknologi | BOXEXPERT","description":"Tjenester til kontrolskabe og industrikabinetter","robots":{"index":"index","follow":"follow","max-snippet":"max-snippet:-1","max-image-preview":"max-image-preview:large","max-video-preview":"max-video-preview:-1"},"canonical":"https:\/\/boxexpert.de\/da\/tjenester\/","og_locale":"da_DK","og_type":"article","og_title":"Tjenester omkring kapslingsteknologi | BOXEXPERT","og_description":"Tjenester til kontrolskabe og industrikabinetter","og_url":"https:\/\/boxexpert.de\/da\/tjenester\/","og_site_name":"BOXEXPERT - Professionelle Geh\u00e4usel\u00f6sungen f\u00fcr h\u00f6chste Anspr\u00fcche","article_modified_time":"2021-08-18T07:23:15+00:00","twitter_card":"summary_large_image","twitter_misc":{"Estimeret l\u00e6setid":"2 minutter"},"schema":{"@context":"https:\/\/schema.org","@graph":[{"@type":"WebPage","@id":"https:\/\/boxexpert.de\/da\/tjenester\/","url":"https:\/\/boxexpert.de\/da\/tjenester\/","name":"Tjenester omkring kapslingsteknologi | BOXEXPERT","isPartOf":{"@id":"https:\/\/boxexpert.de\/da\/#website"},"datePublished":"2021-07-28T13:23:25+00:00","dateModified":"2021-08-18T07:23:15+00:00","description":"Tjenester til kontrolskabe og industrikabinetter","breadcrumb":{"@id":"https:\/\/boxexpert.de\/da\/tjenester\/#breadcrumb"},"inLanguage":"da-DK","potentialAction":[{"@type":"ReadAction","target":["https:\/\/boxexpert.de\/da\/tjenester\/"]}]},{"@type":"BreadcrumbList","@id":"https:\/\/boxexpert.de\/da\/tjenester\/#breadcrumb","itemListElement":[{"@type":"ListItem","position":1,"name":"Startseite","item":"https:\/\/boxexpert.de\/da\/"},{"@type":"ListItem","position":2,"name":"Tjenester"}]},{"@type":"WebSite","@id":"https:\/\/boxexpert.de\/da\/#website","url":"https:\/\/boxexpert.de\/da\/","name":"BOXEXPERT - Professionelle Geh\u00e4usel\u00f6sungen f\u00fcr h\u00f6chste Anspr\u00fcche","description":"Industriegeh\u00e4use, Schaltschr\u00e4nke, Installationsgeh\u00e4use, Sicherungsk\u00e4sten und Verteilerk\u00e4sten","potentialAction":[{"@type":"SearchAction","target":{"@type":"EntryPoint","urlTemplate":"https:\/\/boxexpert.de\/da\/?s={search_term_string}"},"query-input":{"@type":"PropertyValueSpecification","valueRequired":true,"valueName":"search_term_string"}}],"inLanguage":"da-DK"}]}},"_links":{"self":[{"href":"https:\/\/boxexpert.de\/da\/wp-json\/wp\/v2\/pages\/35075","targetHints":{"allow":["GET"]}}],"collection":[{"href":"https:\/\/boxexpert.de\/da\/wp-json\/wp\/v2\/pages"}],"about":[{"href":"https:\/\/boxexpert.de\/da\/wp-json\/wp\/v2\/types\/page"}],"author":[{"embeddable":true,"href":"https:\/\/boxexpert.de\/da\/wp-json\/wp\/v2\/users\/1"}],"replies":[{"embeddable":true,"href":"https:\/\/boxexpert.de\/da\/wp-json\/wp\/v2\/comments?post=35075"}],"version-history":[{"count":5,"href":"https:\/\/boxexpert.de\/da\/wp-json\/wp\/v2\/pages\/35075\/revisions"}],"predecessor-version":[{"id":40330,"href":"https:\/\/boxexpert.de\/da\/wp-json\/wp\/v2\/pages\/35075\/revisions\/40330"}],"wp:attachment":[{"href":"https:\/\/boxexpert.de\/da\/wp-json\/wp\/v2\/media?parent=35075"}],"curies":[{"name":"wp","href":"https:\/\/api.w.org\/{rel}","templated":true}]}}