{"id":11198,"date":"2020-02-13T09:17:11","date_gmt":"2020-02-13T09:17:11","guid":{"rendered":"https:\/\/boxexpert.de\/faqs\/rohs-reach\/"},"modified":"2021-07-20T06:44:30","modified_gmt":"2021-07-20T06:44:30","slug":"rohs-reach","status":"publish","type":"page","link":"https:\/\/boxexpert.de\/en\/faqs\/rohs-reach\/","title":{"rendered":"RoHS \/ REACH"},"content":{"rendered":"<div class=\"wpb-content-wrapper\"><p>[vc_row][vc_column]\n\t\t<div id=\"wd-5e9702fc864e5\" class=\"title-wrapper wd-wpb wd-set-mb reset-last-child  wd-rs-5e9702fc864e5 wd-title-color-primary wd-title-style-underlined text-left vc_custom_1586955020452 wd-underline-colored\">\n\t\t\t\t\t\t\t\n\t\t\t\t<div class=\"title-subtitle  subtitle-color-primary font-default subtitle-style-default wd-font-weight- wd-fontsize-xs\">BOXEXPERT<\/div>\n\t\t\t\n\t\t\t<div class=\"liner-continer\">\n\t\t\t\t<h1 class=\"woodmart-title-container title  wd-font-weight- wd-fontsize-xxl\" ><strong>FAQ'S ON RoHS, REACH &amp; CE<\/strong><\/h1>\n\t\t\t\t\t\t\t<\/div>\n\t\t\t\n\t\t\t\n\t\t\t\n\t\t<\/div>\n\t\t\n\t\t[\/vc_column][\/vc_row][vc_row full_width=&#8221;stretch_row&#8221; content_placement=&#8221;top&#8221; css=&#8221;.vc_custom_1586250255149{margin-bottom: 8vh !important;}&#8221; mobile_bg_img_hidden=&#8221;no&#8221; tablet_bg_img_hidden=&#8221;no&#8221; woodmart_parallax=&#8221;0&#8243; woodmart_gradient_switch=&#8221;no&#8221; row_reverse_mobile=&#8221;0&#8243; row_reverse_tablet=&#8221;0&#8243; woodmart_disable_overflow=&#8221;0&#8243;][vc_column width=&#8221;1\/2&#8243; css=&#8221;.vc_custom_1586954960915{margin-bottom: 20px !important;padding-top: 0px !important;}&#8221; mobile_bg_img_hidden=&#8221;no&#8221; tablet_bg_img_hidden=&#8221;no&#8221; woodmart_parallax=&#8221;0&#8243; woodmart_sticky_column=&#8221;false&#8221; parallax_scroll=&#8221;no&#8221; mobile_reset_margin=&#8221;no&#8221; tablet_reset_margin=&#8221;no&#8221;]\n\t\t<div id=\"wd-5e8c41d6a1b3e\" class=\"title-wrapper wd-wpb wd-set-mb reset-last-child  wd-rs-5e8c41d6a1b3e wd-title-color-primary wd-title-style-underlined text-left vc_custom_1586250201296 wd-underline-colored\">\n\t\t\t\t\t\t\t\n\t\t\t\t<div class=\"title-subtitle  subtitle-color-primary font-default subtitle-style-default wd-font-weight- wd-fontsize-xs\">REACH<\/div>\n\t\t\t\n\t\t\t<div class=\"liner-continer\">\n\t\t\t\t<h2 class=\"woodmart-title-container title  wd-font-weight- wd-fontsize-l\" >Regulation concerning the Registration, Evaluation, Authorisation and Restriction of CHemicals<\/h2>\n\t\t\t\t\t\t\t<\/div>\n\t\t\t\n\t\t\t\n\t\t\t\n\t\t<\/div>\n\t\t\n\t\t[vc_column_text css=&#8221;.vc_custom_1586250222515{margin-bottom: 20px !important;}&#8221; text_larger=&#8221;no&#8221;]REACH &#8211; Regulation (EC) 1907\/2006] is the European Chemicals Regulation on the Registration, Evaluation, Authorisation and Restriction of Chemicals.<\/p>\n<p>REACH has been in force since 2007 and aims to ensure a high level of protection for human health and the environment. At the same time, it aims to ensure the free movement of chemicals in the internal market and to promote competitiveness and innovation. REACH is based on the principle that manufacturers, importers and downstream users take responsibility for their chemicals. They must ensure that chemicals they manufacture and place on the market are used safely. The abbreviation &#8220;REACH&#8221; is derived from the English title of the regulation: Regulation concerning the Registration, Evaluation, Authorisation and Restriction of CHemicals. REACH is considered one of the strictest chemical laws in the world.&#8221;[\/vc_column_text]\n\t\t<div id=\"wd-5e8c8d65d3760\" class=\"title-wrapper wd-wpb wd-set-mb reset-last-child  wd-rs-5e8c8d65d3760 wd-title-color-primary wd-title-style-underlined text-left vc_custom_1586269779224 wd-underline-colored\">\n\t\t\t\t\t\t\t\n\t\t\t\t<div class=\"title-subtitle  subtitle-color-primary font-default subtitle-style-default wd-font-weight- wd-fontsize-xs\">Conformit\u00e9 Europ\u00e9enne<\/div>\n\t\t\t\n\t\t\t<div class=\"liner-continer\">\n\t\t\t\t<h2 class=\"woodmart-title-container title  wd-font-weight- wd-fontsize-l\" >CE marking<\/h2>\n\t\t\t\t\t\t\t<\/div>\n\t\t\t\n\t\t\t\n\t\t\t\n\t\t<\/div>\n\t\t\n\t\t[vc_column_text css=&#8221;.vc_custom_1586269804437{margin-bottom: 20px !important;}&#8221; text_larger=&#8221;no&#8221;]The letters &#8220;CE&#8221; appear on many products traded on the enlarged internal market in the European Economic Area (EEA). They mean that products sold in the EEA have been checked for compliance with high safety, health and environmental protection requirements. CE marking also supports fair competition by obliging all companies to comply with the same rules.<br \/>\nBy affixing the CE marking to a product, a manufacturer declares that the product fulfils all the legal requirements for CE marking and can be sold throughout the EEA. This also applies to products manufactured in other countries and sold in the EEA.[\/vc_column_text][\/vc_column][vc_column width=&#8221;1\/2&#8243; css=&#8221;.vc_custom_1536077344327{margin-bottom: 20px !important;padding-top: 0px !important;}&#8221;]\n\t\t<div id=\"wd-5e8c3ffea7328\" class=\"title-wrapper wd-wpb wd-set-mb reset-last-child  wd-rs-5e8c3ffea7328 wd-title-color-primary wd-title-style-underlined text-left vc_custom_1586249781764 wd-underline-colored\">\n\t\t\t\t\t\t\t\n\t\t\t\t<div class=\"title-subtitle  subtitle-color-primary font-default subtitle-style-default wd-font-weight- wd-fontsize-xs\">RoHS<\/div>\n\t\t\t\n\t\t\t<div class=\"liner-continer\">\n\t\t\t\t<h2 class=\"woodmart-title-container title  wd-font-weight- wd-fontsize-l\" >Restriction of certain Hazardous Substances<\/h2>\n\t\t\t\t\t\t\t<\/div>\n\t\t\t\n\t\t\t\n\t\t\t\n\t\t<\/div>\n\t\t\n\t\t[vc_column_text css=&#8221;.vc_custom_1586249981539{margin-bottom: 20px !important;}&#8221; text_larger=&#8221;no&#8221;]The EU-wide RoHS Directive (Directive on the Restriction of the Use of Certain Hazardous Substances in Waste Electrical and Electronic Equipment) specifies various chemical substances that may not be used in electrical and electronic equipment. On 22 July 2019, the &#8220;extended&#8221; RoHS Directive with new substance use bans will come into force in the EU.<\/p>\n<p>The following substances are regulated:<\/p>\n<ul>\n<li>Lead (PB)<\/li>\n<li>Cadmium (Cd)<\/li>\n<li>Polybrominated biphenyls (PBB)<\/li>\n<li>Polybrominated diphenyl ethers (PBDE)<\/li>\n<li>Hexavalent chromium<\/li>\n<li>Mercury (Hg)<\/li>\n<li>Butyl benzyl phthalate (BBP)<\/li>\n<li>Di(2-ethylhexyl) phthalate (DEHP)<\/li>\n<li>Dibutyl phthalate (DBP)<\/li>\n<li>Dibutyl phthalate (DBP)<\/li>\n<\/ul>\n<p>Homogeneous materials containing more than 0.1% by weight of each of the above substances (Cd 0.01% by weight) may not be used in electrical equipment falling under the equipment categories listed in Annex I to 2011\/65\/EU.<br \/>\nThese so-called de minimis limits take into account that there may be impurities in very small quantities that cannot be technically prevented.[\/vc_column_text][\/vc_column][\/vc_row][vc_row full_width=&#8221;stretch_row&#8221; content_placement=&#8221;middle&#8221; css=&#8221;.vc_custom_1586005850397{padding-top: 6vh !important;}&#8221; mobile_bg_img_hidden=&#8221;no&#8221; tablet_bg_img_hidden=&#8221;no&#8221; woodmart_parallax=&#8221;0&#8243; woodmart_gradient_switch=&#8221;no&#8221; row_reverse_mobile=&#8221;0&#8243; row_reverse_tablet=&#8221;0&#8243; woodmart_disable_overflow=&#8221;0&#8243;][vc_column css=&#8221;.vc_custom_1581689860303{margin-bottom: 6vh !important;padding-top: 0px !important;}&#8221; mobile_bg_img_hidden=&#8221;no&#8221; tablet_bg_img_hidden=&#8221;no&#8221; woodmart_parallax=&#8221;0&#8243; woodmart_sticky_column=&#8221;false&#8221; parallax_scroll=&#8221;no&#8221; mobile_reset_margin=&#8221;no&#8221; tablet_reset_margin=&#8221;no&#8221;]\n\t\t<div id=\"wd-5e88c1fbca91a\" class=\"title-wrapper wd-wpb wd-set-mb reset-last-child  wd-rs-5e88c1fbca91a wd-title-color-default wd-title-style-default text-center vc_custom_1586020864383 wd-underline-colored\">\n\t\t\t\t\t\t\t\n\t\t\t\t<div class=\"title-subtitle  subtitle-color-default font-default subtitle-style-default wd-font-weight- wd-fontsize-xs\">BOXEXPERT SUPPORT<\/div>\n\t\t\t\n\t\t\t<div class=\"liner-continer\">\n\t\t\t\t<h3 class=\"woodmart-title-container title  wd-font-weight- wd-fontsize-l\" >Do you have any questions?<\/h3>\n\t\t\t\t\t\t\t<\/div>\n\t\t\t\n\t\t\t\t\t\t\t<div class=\"title-after_title reset-last-child  wd-fontsize-xs\">Our staff is available for you via chat and via the account form and will be happy to answer any questions you may have.<\/div>\n\t\t\t\n\t\t\t\n\t\t<\/div>\n\t\t\n\t\t<div id=\"wd-5e4587bc7d944\" class=\" wd-rs-5e4587bc7d944   wd-rs-5e4587bc7d944 wd-button-wrapper text-center\"><a href=\"#contact-form-popup\" title=\"\" class=\"btn btn-color-primary btn-style-default btn-shape-rectangle btn-size-default wd-open-popup \">JETZT KONTAKTIEREN<\/a><\/div><div id=\"contact-form-popup\" class=\"mfp-hide wd-popup wd-popup-element wd-scroll-content\" style=\"--wd-popup-width:900px;\">[vc_row_inner equal_height=&#8221;yes&#8221; css=&#8221;.vc_custom_1512552757832{margin-top: -30px !important;margin-right: -30px !important;margin-bottom: -30px !important;margin-left: -30px !important;}&#8221;][vc_column_inner width=&#8221;2\/3&#8243; css=&#8221;.vc_custom_1512552766600{padding-top: 30px !important;padding-right: 30px !important;padding-bottom: 15px !important;padding-left: 30px !important;}&#8221;]\n\t\t<div id=\"wd-5e450c9ec84dd\" class=\"title-wrapper wd-wpb wd-set-mb reset-last-child  wd-rs-5e450c9ec84dd wd-title-color-default wd-title-style-default text-left  wd-underline-colored\">\n\t\t\t\n\t\t\t<div class=\"liner-continer\">\n\t\t\t\t<h4 class=\"woodmart-title-container title  wd-font-weight- wd-fontsize-m\" >SEND US YOUR MESSAGE<\/h4>\n\t\t\t\t\t\t\t<\/div>\n\t\t\t\n\t\t\t\n\t\t\t\n\t\t<\/div>\n\t\t\n\t\t[vc_column_text css=&#8221;.vc_custom_1581581994008{margin-bottom: 0px !important;}&#8221; text_larger=&#8221;no&#8221;][contact-form-7 id=&#8221;677&#8243; title=&#8221;popup contact form&#8221;][\/vc_column_text][\/vc_column_inner][vc_column_inner width=&#8221;1\/3&#8243; css=&#8221;.vc_custom_1581585874277{padding-top: 30px !important;padding-right: 30px !important;padding-bottom: 30px !important;padding-left: 30px !important;background-color: #3583ba !important;}&#8221;]\n\t\t<div id=\"wd-5e4515d4f03e1\" class=\"title-wrapper wd-wpb wd-set-mb reset-last-child  wd-rs-5e4515d4f03e1 wd-title-color-white wd-title-style-default text-left  wd-underline-colored\">\n\t\t\t\n\t\t\t<div class=\"liner-continer\">\n\t\t\t\t<h4 class=\"woodmart-title-container title  wd-font-weight- wd-fontsize-m\" >CONTACT INFORMATION<\/h4>\n\t\t\t\t\t\t\t<\/div>\n\t\t\t\n\t\t\t\n\t\t\t\n\t\t<\/div>\n\t\t\n\t\t\t\t\t<div class=\"info-box-wrapper\">\n\t\t\t\t<div id=\"wd-5e45162003440\" class=\" wd-rs-5e45162003440 wd-info-box wd-wpb text-left box-icon-align-left box-style- color-scheme-light wd-bg-none wd-items-top \">\n\t\t\t\t\t\t\t\t\t\t<div class=\"info-box-content\">\n\t\t\t\t\t\t\t\t\t\t\t\t<div class=\"info-box-inner reset-last-child\"><p>Breuell Ingenieurb\u00fcro GmbH<br \/>\nGr\u00fctzm\u00fchlenweg 46<br \/>\n22339 Hamburg<br \/>\nGermany<\/p>\n<\/div>\n\n\t\t\t\t\t\t\t\t\t\t\t<\/div>\n\n\t\t\t\t\t\n\t\t\t\t\t\t\t\t\t<\/div>\n\t\t\t<\/div>\n\t\t\t\t\t<div class=\"info-box-wrapper\">\n\t\t\t\t<div id=\"wd-5e45912ac21a6\" class=\" wd-rs-5e45912ac21a6 wd-info-box wd-wpb text-left box-icon-align-left box-style- color-scheme-light wd-bg-none wd-items-top \">\n\t\t\t\t\t\t\t\t\t\t<div class=\"info-box-content\">\n\t\t\t\t\t\t\t\t\t\t\t\t<div class=\"info-box-inner reset-last-child\"><\/p>\n<div style=\"line-height: 2\"><i class=\"fa fa-phone-square\" style=\"width: 15px;text-align: center;margin-right: 4px;color: #676767\"><\/i>  040 53 80 92 10<br \/>\n<i class=\"fa fa-fax\" style=\"width: 15px;text-align: center;margin-right: 4px;color: #676767\"><\/i>  040 53 80 92 86<\/div>\n<p>\n<\/div>\n\n\t\t\t\t\t\t\t\t\t\t\t<\/div>\n\n\t\t\t\t\t\n\t\t\t\t\t\t\t\t\t<\/div>\n\t\t\t<\/div>\n\t\t\t\t\t<div class=\"info-box-wrapper\">\n\t\t\t\t<div id=\"wd-5e46aa795cac1\" class=\" wd-rs-5e46aa795cac1 wd-info-box wd-wpb text-left box-icon-align-left box-style- color-scheme-light wd-bg-none wd-items-top \">\n\t\t\t\t\t\t\t\t\t\t<div class=\"info-box-content\">\n\t\t\t\t\t\t\t\t\t\t\t\t<div class=\"info-box-inner reset-last-child\"><\/p>\n<div style=\"line-height: 2\"><i class=\"fa fa-envelope-square\" style=\"width: 15px;text-align: center;margin-right: 4px;color: #676767\"><\/i> <a href=\"mailto:info@boxexpert.de\">info@boxexpert.de<\/a><\/div>\n<p>\n<\/div>\n\n\t\t\t\t\t\t\t\t\t\t\t<\/div>\n\n\t\t\t\t\t\n\t\t\t\t\t\t\t\t\t<\/div>\n\t\t\t<\/div>\n\t\t[vc_separator color=&#8221;custom&#8221; accent_color=&#8221;rgba(255,255,255,0.15)&#8221; css=&#8221;.vc_custom_1484144347493{margin-bottom: 30px !important;}&#8221;][vc_column_text woodmart_color_scheme=&#8221;light&#8221; css=&#8221;.vc_custom_1581689415982{margin-bottom: 20px !important;}&#8221; text_larger=&#8221;no&#8221;]Follow us on our social media channels and be informed about new products.[\/vc_column_text]\t\t\t<div\n\t\t\t\t\t\tclass=\" wd-social-icons  wd-style-colored wd-size-small social-follow wd-shape-circle text-left\">\n\t\t\t\t\n\t\t\t\t\n\t\t\t\t\t\t\t\t\t<a rel=\"noopener noreferrer nofollow\" href=\"https:\/\/www.facebook.com\/BOXEXPERT.DE\/\" target=\"_blank\" class=\" wd-social-icon social-facebook\" aria-label=\"Facebook social link\">\n\t\t\t\t\t\t<span class=\"wd-icon\"><\/span>\n\t\t\t\t\t\t\t\t\t\t\t<\/a>\n\t\t\t\t\n\t\t\t\t\n\t\t\t\t\n\t\t\t\t\n\t\t\t\t\t\t\t\t\t<a rel=\"noopener noreferrer nofollow\" href=\"https:\/\/www.instagram.com\/boxexpert_hamburg\/\" target=\"_blank\" class=\" wd-social-icon social-instagram\" aria-label=\"Instagram social link\">\n\t\t\t\t\t\t<span class=\"wd-icon\"><\/span>\n\t\t\t\t\t\t\t\t\t\t\t<\/a>\n\t\t\t\t\n\t\t\t\t\n\t\t\t\t\n\t\t\t\t\n\t\t\t\t\n\t\t\t\t\t\t\t\t\t<a rel=\"noopener noreferrer nofollow\" href=\"https:\/\/www.linkedin.com\/company\/boxexpert\/\" target=\"_blank\" class=\" wd-social-icon social-linkedin\" aria-label=\"Linkedin social link\">\n\t\t\t\t\t\t<span class=\"wd-icon\"><\/span>\n\t\t\t\t\t\t\t\t\t\t\t<\/a>\n\t\t\t\t\n\t\t\t\t\n\t\t\t\t\n\t\t\t\t\n\t\t\t\t\n\t\t\t\t\n\t\t\t\t\n\t\t\t\t\n\t\t\t\t\n\t\t\t\t\n\t\t\t\t\n\t\t\t\t\n\t\t\t\t\n\t\t\t\t\n\t\t\t\t\n\t\t\t\t\n\t\t\t\t\n\t\t\t<\/div>\n\n\t\t[\/vc_column_inner][\/vc_row_inner]<\/div>[\/vc_column][\/vc_row]<\/p>\n<\/div>","protected":false},"excerpt":{"rendered":"<p>[vc_row][vc_column][\/vc_column][\/vc_row][vc_row full_width=&#8221;stretch_row&#8221; content_placement=&#8221;top&#8221; css=&#8221;.vc_custom_1586250255149{margin-bottom: 8vh !important;}&#8221; mobile_bg_img_hidden=&#8221;no&#8221; tablet_bg_img_hidden=&#8221;no&#8221; woodmart_parallax=&#8221;0&#8243; woodmart_gradient_switch=&#8221;no&#8221; row_reverse_mobile=&#8221;0&#8243; row_reverse_tablet=&#8221;0&#8243; woodmart_disable_overflow=&#8221;0&#8243;][vc_column width=&#8221;1\/2&#8243; css=&#8221;.vc_custom_1586954960915{margin-bottom: 20px !important;padding-top: 0px !important;}&#8221; mobile_bg_img_hidden=&#8221;no&#8221;<\/p>\n","protected":false},"author":1,"featured_media":0,"parent":11051,"menu_order":0,"comment_status":"closed","ping_status":"closed","template":"","meta":{"_acf_changed":false,"content-type":"","footnotes":""},"class_list":["post-11198","page","type-page","status-publish","hentry"],"acf":[],"yoast_head":"<!-- This site is optimized with the Yoast SEO plugin v27.2 - https:\/\/yoast.com\/product\/yoast-seo-wordpress\/ -->\n<title>RoHS \/ REACH - BOXEXPERT - Professional enclosure solutions for highest demands<\/title>\n<meta name=\"robots\" content=\"index, follow, max-snippet:-1, max-image-preview:large, max-video-preview:-1\" \/>\n<link rel=\"canonical\" href=\"https:\/\/boxexpert.de\/en\/faqs\/rohs-reach\/\" \/>\n<meta property=\"og:locale\" content=\"en_US\" \/>\n<meta property=\"og:type\" content=\"article\" \/>\n<meta property=\"og:title\" content=\"RoHS \/ REACH - BOXEXPERT - Professional enclosure solutions for highest demands\" \/>\n<meta property=\"og:description\" content=\"[vc_row][vc_column][\/vc_column][\/vc_row][vc_row full_width=&#8221;stretch_row&#8221; content_placement=&#8221;top&#8221; css=&#8221;.vc_custom_1586250255149{margin-bottom: 8vh !important;}&#8221; mobile_bg_img_hidden=&#8221;no&#8221; tablet_bg_img_hidden=&#8221;no&#8221; woodmart_parallax=&#8221;0&#8243; woodmart_gradient_switch=&#8221;no&#8221; row_reverse_mobile=&#8221;0&#8243; row_reverse_tablet=&#8221;0&#8243; woodmart_disable_overflow=&#8221;0&#8243;][vc_column width=&#8221;1\/2&#8243; css=&#8221;.vc_custom_1586954960915{margin-bottom: 20px !important;padding-top: 0px !important;}&#8221; mobile_bg_img_hidden=&#8221;no&#8221;\" \/>\n<meta property=\"og:url\" content=\"https:\/\/boxexpert.de\/en\/faqs\/rohs-reach\/\" \/>\n<meta property=\"og:site_name\" content=\"BOXEXPERT - Professional enclosure solutions for highest demands\" \/>\n<meta property=\"article:modified_time\" content=\"2021-07-20T06:44:30+00:00\" \/>\n<meta name=\"twitter:card\" content=\"summary_large_image\" \/>\n<script type=\"application\/ld+json\" class=\"yoast-schema-graph\">{\"@context\":\"https:\/\/schema.org\",\"@graph\":[{\"@type\":\"WebPage\",\"@id\":\"https:\/\/boxexpert.de\/en\/faqs\/rohs-reach\/\",\"url\":\"https:\/\/boxexpert.de\/en\/faqs\/rohs-reach\/\",\"name\":\"RoHS \/ REACH - BOXEXPERT - Professional enclosure solutions for highest demands\",\"isPartOf\":{\"@id\":\"https:\/\/boxexpert.de\/en\/#website\"},\"datePublished\":\"2020-02-13T09:17:11+00:00\",\"dateModified\":\"2021-07-20T06:44:30+00:00\",\"breadcrumb\":{\"@id\":\"https:\/\/boxexpert.de\/en\/faqs\/rohs-reach\/#breadcrumb\"},\"inLanguage\":\"en-US\",\"potentialAction\":[{\"@type\":\"ReadAction\",\"target\":[\"https:\/\/boxexpert.de\/en\/faqs\/rohs-reach\/\"]}]},{\"@type\":\"BreadcrumbList\",\"@id\":\"https:\/\/boxexpert.de\/en\/faqs\/rohs-reach\/#breadcrumb\",\"itemListElement\":[{\"@type\":\"ListItem\",\"position\":1,\"name\":\"Startseite\",\"item\":\"https:\/\/boxexpert.de\/en\/\"},{\"@type\":\"ListItem\",\"position\":2,\"name\":\"FAQ&#8217;s\",\"item\":\"https:\/\/boxexpert.de\/en\/faqs\/\"},{\"@type\":\"ListItem\",\"position\":3,\"name\":\"RoHS \/ REACH\"}]},{\"@type\":\"WebSite\",\"@id\":\"https:\/\/boxexpert.de\/en\/#website\",\"url\":\"https:\/\/boxexpert.de\/en\/\",\"name\":\"BOXEXPERT - Professionelle Geh\u00e4usel\u00f6sungen f\u00fcr h\u00f6chste Anspr\u00fcche\",\"description\":\"Industrial housings, control cabinets, installation housings, fuse boxes and distribution boxes\",\"potentialAction\":[{\"@type\":\"SearchAction\",\"target\":{\"@type\":\"EntryPoint\",\"urlTemplate\":\"https:\/\/boxexpert.de\/en\/?s={search_term_string}\"},\"query-input\":{\"@type\":\"PropertyValueSpecification\",\"valueRequired\":true,\"valueName\":\"search_term_string\"}}],\"inLanguage\":\"en-US\"}]}<\/script>\n<!-- \/ Yoast SEO plugin. -->","yoast_head_json":{"title":"RoHS \/ REACH - BOXEXPERT - Professional enclosure solutions for highest demands","robots":{"index":"index","follow":"follow","max-snippet":"max-snippet:-1","max-image-preview":"max-image-preview:large","max-video-preview":"max-video-preview:-1"},"canonical":"https:\/\/boxexpert.de\/en\/faqs\/rohs-reach\/","og_locale":"en_US","og_type":"article","og_title":"RoHS \/ REACH - BOXEXPERT - Professional enclosure solutions for highest demands","og_description":"[vc_row][vc_column][\/vc_column][\/vc_row][vc_row full_width=&#8221;stretch_row&#8221; content_placement=&#8221;top&#8221; css=&#8221;.vc_custom_1586250255149{margin-bottom: 8vh !important;}&#8221; mobile_bg_img_hidden=&#8221;no&#8221; tablet_bg_img_hidden=&#8221;no&#8221; woodmart_parallax=&#8221;0&#8243; woodmart_gradient_switch=&#8221;no&#8221; row_reverse_mobile=&#8221;0&#8243; row_reverse_tablet=&#8221;0&#8243; woodmart_disable_overflow=&#8221;0&#8243;][vc_column width=&#8221;1\/2&#8243; css=&#8221;.vc_custom_1586954960915{margin-bottom: 20px !important;padding-top: 0px !important;}&#8221; mobile_bg_img_hidden=&#8221;no&#8221;","og_url":"https:\/\/boxexpert.de\/en\/faqs\/rohs-reach\/","og_site_name":"BOXEXPERT - Professional enclosure solutions for highest demands","article_modified_time":"2021-07-20T06:44:30+00:00","twitter_card":"summary_large_image","schema":{"@context":"https:\/\/schema.org","@graph":[{"@type":"WebPage","@id":"https:\/\/boxexpert.de\/en\/faqs\/rohs-reach\/","url":"https:\/\/boxexpert.de\/en\/faqs\/rohs-reach\/","name":"RoHS \/ REACH - BOXEXPERT - Professional enclosure solutions for highest demands","isPartOf":{"@id":"https:\/\/boxexpert.de\/en\/#website"},"datePublished":"2020-02-13T09:17:11+00:00","dateModified":"2021-07-20T06:44:30+00:00","breadcrumb":{"@id":"https:\/\/boxexpert.de\/en\/faqs\/rohs-reach\/#breadcrumb"},"inLanguage":"en-US","potentialAction":[{"@type":"ReadAction","target":["https:\/\/boxexpert.de\/en\/faqs\/rohs-reach\/"]}]},{"@type":"BreadcrumbList","@id":"https:\/\/boxexpert.de\/en\/faqs\/rohs-reach\/#breadcrumb","itemListElement":[{"@type":"ListItem","position":1,"name":"Startseite","item":"https:\/\/boxexpert.de\/en\/"},{"@type":"ListItem","position":2,"name":"FAQ&#8217;s","item":"https:\/\/boxexpert.de\/en\/faqs\/"},{"@type":"ListItem","position":3,"name":"RoHS \/ REACH"}]},{"@type":"WebSite","@id":"https:\/\/boxexpert.de\/en\/#website","url":"https:\/\/boxexpert.de\/en\/","name":"BOXEXPERT - Professionelle Geh\u00e4usel\u00f6sungen f\u00fcr h\u00f6chste Anspr\u00fcche","description":"Industrial housings, control cabinets, installation housings, fuse boxes and distribution boxes","potentialAction":[{"@type":"SearchAction","target":{"@type":"EntryPoint","urlTemplate":"https:\/\/boxexpert.de\/en\/?s={search_term_string}"},"query-input":{"@type":"PropertyValueSpecification","valueRequired":true,"valueName":"search_term_string"}}],"inLanguage":"en-US"}]}},"_links":{"self":[{"href":"https:\/\/boxexpert.de\/en\/wp-json\/wp\/v2\/pages\/11198","targetHints":{"allow":["GET"]}}],"collection":[{"href":"https:\/\/boxexpert.de\/en\/wp-json\/wp\/v2\/pages"}],"about":[{"href":"https:\/\/boxexpert.de\/en\/wp-json\/wp\/v2\/types\/page"}],"author":[{"embeddable":true,"href":"https:\/\/boxexpert.de\/en\/wp-json\/wp\/v2\/users\/1"}],"replies":[{"embeddable":true,"href":"https:\/\/boxexpert.de\/en\/wp-json\/wp\/v2\/comments?post=11198"}],"version-history":[{"count":6,"href":"https:\/\/boxexpert.de\/en\/wp-json\/wp\/v2\/pages\/11198\/revisions"}],"predecessor-version":[{"id":17186,"href":"https:\/\/boxexpert.de\/en\/wp-json\/wp\/v2\/pages\/11198\/revisions\/17186"}],"up":[{"embeddable":true,"href":"https:\/\/boxexpert.de\/en\/wp-json\/wp\/v2\/pages\/11051"}],"wp:attachment":[{"href":"https:\/\/boxexpert.de\/en\/wp-json\/wp\/v2\/media?parent=11198"}],"curies":[{"name":"wp","href":"https:\/\/api.w.org\/{rel}","templated":true}]}}