{"id":4807,"date":"2020-03-31T14:02:46","date_gmt":"2020-03-31T14:02:46","guid":{"rendered":"https:\/\/boxexpert.de\/company\/code-of-conduct\/"},"modified":"2022-06-10T08:39:09","modified_gmt":"2022-06-10T08:39:09","slug":"code-of-conduct","status":"publish","type":"page","link":"https:\/\/boxexpert.de\/en\/company\/code-of-conduct\/","title":{"rendered":"code of conduct"},"content":{"rendered":"<div class=\"wpb-content-wrapper\"><p>[vc_row full_width=&#8221;stretch_row_content&#8221; mobile_bg_img_hidden=&#8221;no&#8221; tablet_bg_img_hidden=&#8221;no&#8221; woodmart_parallax=&#8221;0&#8243; woodmart_gradient_switch=&#8221;no&#8221; row_reverse_mobile=&#8221;0&#8243; row_reverse_tablet=&#8221;0&#8243; woodmart_disable_overflow=&#8221;0&#8243; css=&#8221;.vc_custom_1585665823573{margin-top: -40px !important;margin-bottom: 4vh !important;}&#8221;][vc_column]\n\t\t\t<!-- START Code of Conduct REVOLUTION SLIDER 6.7.41 --><p class=\"rs-p-wp-fix\"><\/p>\n\t\t\t<rs-module-wrap id=\"rev_slider_33_1_wrapper\" data-source=\"gallery\" style=\"visibility:hidden;background:transparent;padding:0;margin:0px auto;margin-top:0;margin-bottom:0;\">\n\t\t\t\t<rs-module id=\"rev_slider_33_1\" style=\"\" data-version=\"6.7.41\">\n\t\t\t\t\t<rs-slides style=\"overflow: hidden; position: absolute;\">\n\t\t\t\t\t\t<rs-slide style=\"position: absolute;\" data-key=\"rs-87\" data-title=\"Slide\" data-anim=\"ms:1000;r:0;\" data-in=\"o:0;\" data-out=\"a:false;\">\n\t\t\t\t\t\t\t<img decoding=\"async\" src=\"\/\/boxexpert.de\/wp-content\/plugins\/revslider\/sr6\/assets\/assets\/dummy.png\" alt=\"\" title=\"selective-focus-photography-of-child-hand-1250452 (1)\" width=\"1600\" height=\"600\" class=\"rev-slidebg tp-rs-img rs-lazyload\" data-lazyload=\"\/\/boxexpert.de\/wp-content\/uploads\/2020\/03\/selective-focus-photography-of-child-hand-1250452-1.jpg\" data-no-retina>\n<!--\n\t\t\t\t\t\t\t--><rs-layer\n\t\t\t\t\t\t\t\tid=\"slider-33-slide-87-layer-3\" \n\t\t\t\t\t\t\t\tdata-type=\"shape\"\n\t\t\t\t\t\t\t\tdata-rsp_ch=\"on\"\n\t\t\t\t\t\t\t\tdata-xy=\"x:428px;y:340px;\"\n\t\t\t\t\t\t\t\tdata-text=\"w:normal;\"\n\t\t\t\t\t\t\t\tdata-dim=\"w:517px;h:127px;\"\n\t\t\t\t\t\t\t\tdata-spike=\"r:top;\"\n\t\t\t\t\t\t\t\tdata-frame_0=\"x:left;\"\n\t\t\t\t\t\t\t\tdata-frame_1=\"st:400;sp:1000;\"\n\t\t\t\t\t\t\t\tdata-frame_999=\"o:0;st:w;\"\n\t\t\t\t\t\t\t\tstyle=\"z-index:5;background-color:rgba(54,132,187,0.95);\"\n\t\t\t\t\t\t\t> \n\t\t\t\t\t\t\t<\/rs-layer><!--\n\n\t\t\t\t\t\t\t--><rs-layer\n\t\t\t\t\t\t\t\tid=\"slider-33-slide-87-layer-4\" \n\t\t\t\t\t\t\t\tdata-type=\"text\"\n\t\t\t\t\t\t\t\tdata-color=\"#ffffff\"\n\t\t\t\t\t\t\t\tdata-rsp_ch=\"on\"\n\t\t\t\t\t\t\t\tdata-xy=\"x:454px;y:367px;\"\n\t\t\t\t\t\t\t\tdata-text=\"w:normal;s:27;l:34;fw:600;\"\n\t\t\t\t\t\t\t\tdata-frame_0=\"x:left;\"\n\t\t\t\t\t\t\t\tdata-frame_1=\"st:400;sp:1000;\"\n\t\t\t\t\t\t\t\tdata-frame_999=\"o:0;st:w;\"\n\t\t\t\t\t\t\t\tstyle=\"z-index:6;font-family:'Poppins';\"\n\t\t\t\t\t\t\t>WORKING TOGETHER FOR GOOD <br \/>\nVALUES AND FAIRNESS \n\t\t\t\t\t\t\t<\/rs-layer><!--\n-->\t\t\t\t\t<\/rs-slide>\n\t\t\t\t\t<\/rs-slides>\n\t\t\t\t<\/rs-module>\n\t\t\t\t<script>\n\t\t\t\t\tsetREVStartSize({c: 'rev_slider_33_1',rl:[1240,1024,778,480],el:[500],gw:[1240],gh:[500],type:'standard',justify:'',layout:'fullwidth',mh:\"0\"});if (window.RS_MODULES!==undefined && window.RS_MODULES.modules!==undefined && window.RS_MODULES.modules[\"revslider331\"]!==undefined) {window.RS_MODULES.modules[\"revslider331\"].once = false;window.revapi33 = undefined;if (window.RS_MODULES.checkMinimal!==undefined) window.RS_MODULES.checkMinimal()}\n\t\t\t\t<\/script>\n\t\t\t<\/rs-module-wrap>\n\t\t\t<!-- END REVOLUTION SLIDER -->\n[\/vc_column][\/vc_row][vc_row mobile_bg_img_hidden=&#8221;no&#8221; tablet_bg_img_hidden=&#8221;no&#8221; woodmart_parallax=&#8221;0&#8243; woodmart_gradient_switch=&#8221;no&#8221; row_reverse_mobile=&#8221;0&#8243; row_reverse_tablet=&#8221;0&#8243; woodmart_disable_overflow=&#8221;0&#8243;][vc_column width=&#8221;1\/2&#8243;]\n\t\t<div id=\"wd-5e834fca961e2\" class=\"title-wrapper wd-wpb wd-set-mb reset-last-child  wd-rs-5e834fca961e2 wd-title-color-primary wd-title-style-underlined text-left vc_custom_1585663952213 wd-underline-colored\">\n\t\t\t\n\t\t\t<div class=\"liner-continer\">\n\t\t\t\t<h1 class=\"woodmart-title-container title  wd-font-weight- wd-fontsize-xxl\" ><strong>CODE OF CONDUCT<\/strong><\/h1>\n\t\t\t\t\t\t\t<\/div>\n\t\t\t\n\t\t\t\t\t\t\t<div class=\"title-after_title reset-last-child  wd-fontsize-s\">Shared responsibility along the supply chain<\/div>\n\t\t\t\n\t\t\t\n\t\t<\/div>\n\t\t\n\t\t[vc_column_text text_larger=&#8221;no&#8221;]All BOXEXPERT employees and managers are committed to socially responsible corporate governance. The following principles are a major part of our corporate mission statement and reflect our values and principles. We work along the entire supply chain towards the following principles in the areas of working conditions, social standards, competitive conditions, ethical principles and transparency. We see this as our social obligation and set these standards for all partners with whom we cooperate.[\/vc_column_text][\/vc_column][vc_column width=&#8221;1\/2&#8243; css=&#8221;.vc_custom_1585663922782{margin-top: 70px !important;}&#8221; mobile_bg_img_hidden=&#8221;no&#8221; tablet_bg_img_hidden=&#8221;no&#8221; woodmart_parallax=&#8221;0&#8243; woodmart_sticky_column=&#8221;false&#8221; parallax_scroll=&#8221;no&#8221; mobile_reset_margin=&#8221;no&#8221; tablet_reset_margin=&#8221;no&#8221;][vc_single_image image=&#8221;1456&#8243; img_size=&#8221;full&#8221; parallax_scroll=&#8221;no&#8221;][\/vc_column][\/vc_row][vc_row][vc_column width=&#8221;1\/2&#8243;]\n\t\t<div id=\"wd-5e836fb4c3a48\" class=\"title-wrapper wd-wpb wd-set-mb reset-last-child  wd-rs-5e836fb4c3a48 wd-title-color-primary wd-title-style-underlined text-left vc_custom_1585672120211 wd-underline-colored\">\n\t\t\t\n\t\t\t<div class=\"liner-continer\">\n\t\t\t\t<h1 class=\"woodmart-title-container title  wd-font-weight- wd-fontsize-m\" ><strong>1. Conduct<\/strong><\/h1>\n\t\t\t\t\t\t\t<\/div>\n\t\t\t\n\t\t\t\t\t\t\t<div class=\"title-after_title reset-last-child  wd-fontsize-xs\">BOXEXPERT conducts its business correctly and according to best business practice. We keep the books correctly. BOXEXPERT will in no case collaborate in any kind of fiscal or environmental crime.<\/div>\n\t\t\t\n\t\t\t\n\t\t<\/div>\n\t\t\n\t\t\n\t\t<div id=\"wd-5e859f14173f0\" class=\"title-wrapper wd-wpb wd-set-mb reset-last-child  wd-rs-5e859f14173f0 wd-title-color-primary wd-title-style-underlined text-left vc_custom_1585815343149 wd-underline-colored\">\n\t\t\t\n\t\t\t<div class=\"liner-continer\">\n\t\t\t\t<h1 class=\"woodmart-title-container title  wd-font-weight- wd-fontsize-m\" ><strong>2. Compliance with laws<\/strong><\/h1>\n\t\t\t\t\t\t\t<\/div>\n\t\t\t\n\t\t\t\t\t\t\t<div class=\"title-after_title reset-last-child  wd-fontsize-xs\">BOXEXPERT supports human rights and related international agreements. BOXEXPERT fully and actively complies with the laws and regulations in force in the countries where BOXEXPERT does business, including those of the ILO and UN. This includes laws against unfair competition.<\/div>\n\t\t\t\n\t\t\t\n\t\t<\/div>\n\t\t\n\t\t\n\t\t<div id=\"wd-5e859f3331c8f\" class=\"title-wrapper wd-wpb wd-set-mb reset-last-child  wd-rs-5e859f3331c8f wd-title-color-primary wd-title-style-underlined text-left vc_custom_1585815363736 wd-underline-colored\">\n\t\t\t\n\t\t\t<div class=\"liner-continer\">\n\t\t\t\t<h1 class=\"woodmart-title-container title  wd-font-weight- wd-fontsize-m\" ><strong>3. Bribery and corruption<\/strong><\/h1>\n\t\t\t\t\t\t\t<\/div>\n\t\t\t\n\t\t\t\t\t\t\t<div class=\"title-after_title reset-last-child  wd-fontsize-xs\">BOXEXPERT does not offer, promise, solicit, demand, or accept bribes or other improper benefits for the purpose of retaining a client, securing a deal, or influencing the decisions or activities of a government agency. BOXEXPERT always behaves in a way that is based on fairness and compliance with the applicable national and international standards.<\/div>\n\t\t\t\n\t\t\t\n\t\t<\/div>\n\t\t\n\t\t\n\t\t<div id=\"wd-5e859f46a08ed\" class=\"title-wrapper wd-wpb wd-set-mb reset-last-child  wd-rs-5e859f46a08ed wd-title-color-primary wd-title-style-underlined text-left vc_custom_1585815379178 wd-underline-colored\">\n\t\t\t\n\t\t\t<div class=\"liner-continer\">\n\t\t\t\t<h1 class=\"woodmart-title-container title  wd-font-weight- wd-fontsize-m\" ><strong>4. Customer relations<\/strong><\/h1>\n\t\t\t\t\t\t\t<\/div>\n\t\t\t\n\t\t\t\t\t\t\t<div class=\"title-after_title reset-last-child  wd-fontsize-xs\">BOXEXPERT wins the trust of its customers by guaranteeing them quality. BOXEXPERT always strives to offer competitive services and products on the national and international markets in order to create value for its customers. BOXEXPERT informs its customers and suppliers about the code of conduct.<\/div>\n\t\t\t\n\t\t\t\n\t\t<\/div>\n\t\t\n\t\t\n\t\t<div id=\"wd-5e859f5639043\" class=\"title-wrapper wd-wpb wd-set-mb reset-last-child  wd-rs-5e859f5639043 wd-title-color-primary wd-title-style-underlined text-left vc_custom_1585815400623 wd-underline-colored\">\n\t\t\t\n\t\t\t<div class=\"liner-continer\">\n\t\t\t\t<h1 class=\"woodmart-title-container title  wd-font-weight- wd-fontsize-m\" ><strong>5. Relations with employees<\/strong><\/h1>\n\t\t\t\t\t\t\t<\/div>\n\t\t\t\n\t\t\t\t\t\t\t<div class=\"title-after_title reset-last-child  wd-fontsize-xs\">BOXEXPERT actively works to create a good work environment to reduce employee absenteeism due to illness, work-related accidents, work-related injuries and drug addictions. BOXEXPERT offers a company medical service. Violence, threats, aggressive behavior, bullying, insults and similar behaviors will not be tolerated in the workplace.<\/div>\n\t\t\t\n\t\t\t\n\t\t<\/div>\n\t\t\n\t\t\n\t\t<div id=\"wd-5e859f70769c9\" class=\"title-wrapper wd-wpb wd-set-mb reset-last-child  wd-rs-5e859f70769c9 wd-title-color-primary wd-title-style-underlined text-left vc_custom_1585815420520 wd-underline-colored\">\n\t\t\t\n\t\t\t<div class=\"liner-continer\">\n\t\t\t\t<h1 class=\"woodmart-title-container title  wd-font-weight- wd-fontsize-m\" ><strong>6. Freedom of association for employees<\/strong><\/h1>\n\t\t\t\t\t\t\t<\/div>\n\t\t\t\n\t\t\t\t\t\t\t<div class=\"title-after_title reset-last-child  wd-fontsize-xs\">BOXEXPERT respects the right of employees to form works councils or to become members of such employee representative bodies.<\/div>\n\t\t\t\n\t\t\t\n\t\t<\/div>\n\t\t\n\t\t[\/vc_column][vc_column width=&#8221;1\/2&#8243;]\n\t\t<div id=\"wd-5e859f8245d91\" class=\"title-wrapper wd-wpb wd-set-mb reset-last-child  wd-rs-5e859f8245d91 wd-title-color-primary wd-title-style-underlined text-left vc_custom_1585815434814 wd-underline-colored\">\n\t\t\t\n\t\t\t<div class=\"liner-continer\">\n\t\t\t\t<h1 class=\"woodmart-title-container title  wd-font-weight- wd-fontsize-m\" ><strong>7. Child labour<\/strong><\/h1>\n\t\t\t\t\t\t\t<\/div>\n\t\t\t\n\t\t\t\t\t\t\t<div class=\"title-after_title reset-last-child  wd-fontsize-xs\">BOXEXPERT does not tolerate child labour or any exploitation of children and young people. The minimum age for employment at BOXEXPERT is 15 years. Suppliers are expected not to employ youth under the age of 15.<\/div>\n\t\t\t\n\t\t\t\n\t\t<\/div>\n\t\t\n\t\t\n\t\t<div id=\"wd-5e859f90df0ac\" class=\"title-wrapper wd-wpb wd-set-mb reset-last-child  wd-rs-5e859f90df0ac wd-title-color-primary wd-title-style-underlined text-left vc_custom_1585815451659 wd-underline-colored\">\n\t\t\t\n\t\t\t<div class=\"liner-continer\">\n\t\t\t\t<h1 class=\"woodmart-title-container title  wd-font-weight- wd-fontsize-m\" ><strong>8. Forced labour<\/strong><\/h1>\n\t\t\t\t\t\t\t<\/div>\n\t\t\t\n\t\t\t\t\t\t\t<div class=\"title-after_title reset-last-child  wd-fontsize-xs\">BOXEXPERT does not tolerate forced labour within the group of companies or among its business partners.<\/div>\n\t\t\t\n\t\t\t\n\t\t<\/div>\n\t\t\n\t\t\n\t\t<div id=\"wd-5e859fa217380\" class=\"title-wrapper wd-wpb wd-set-mb reset-last-child  wd-rs-5e859fa217380 wd-title-color-primary wd-title-style-underlined text-left vc_custom_1585815466314 wd-underline-colored\">\n\t\t\t\n\t\t\t<div class=\"liner-continer\">\n\t\t\t\t<h1 class=\"woodmart-title-container title  wd-font-weight- wd-fontsize-m\" ><strong>9. Discrimination<\/strong><\/h1>\n\t\t\t\t\t\t\t<\/div>\n\t\t\t\n\t\t\t\t\t\t\t<div class=\"title-after_title reset-last-child  wd-fontsize-xs\">BOXEXPERT provides fair working conditions and opportunities to all employees; without distinction or discrimination based on gender, ethnic origin, age, disability, religious or sexual orientation. BOXEXPERT does not accept any form of political, religious or any other kind of propaganda in the workplace.<\/div>\n\t\t\t\n\t\t\t\n\t\t<\/div>\n\t\t\n\t\t\n\t\t<div id=\"wd-5e859fb29b698\" class=\"title-wrapper wd-wpb wd-set-mb reset-last-child  wd-rs-5e859fb29b698 wd-title-color-primary wd-title-style-underlined text-left vc_custom_1585815484598 wd-underline-colored\">\n\t\t\t\n\t\t\t<div class=\"liner-continer\">\n\t\t\t\t<h1 class=\"woodmart-title-container title  wd-font-weight- wd-fontsize-m\" ><strong>10. Documentation employment relationship, remuneration<\/strong><\/h1>\n\t\t\t\t\t\t\t<\/div>\n\t\t\t\n\t\t\t\t\t\t\t<div class=\"title-after_title reset-last-child  wd-fontsize-xs\">BOXEXPERT concludes written employment contracts with the employees. These include the applicable labour and social security standards. BOXEXPERT guarantees that the wages paid to the employees correspond to the usual or legal minimum wage in the industry. As a rule, working hours should not exceed 40 hours per week. Working hours shall comply with applicable law and relevant ILO regulations, whichever is stricter. The employee can reject overtime. After 6 days of work, a full day off must be granted.<\/div>\n\t\t\t\n\t\t\t\n\t\t<\/div>\n\t\t\n\t\t\n\t\t<div id=\"wd-5e859fc339980\" class=\"title-wrapper wd-wpb wd-set-mb reset-last-child  wd-rs-5e859fc339980 wd-title-color-primary wd-title-style-underlined text-left vc_custom_1585815501028 wd-underline-colored\">\n\t\t\t\n\t\t\t<div class=\"liner-continer\">\n\t\t\t\t<h1 class=\"woodmart-title-container title  wd-font-weight- wd-fontsize-m\" ><strong>11. Improvement of environmental protection<\/strong><\/h1>\n\t\t\t\t\t\t\t<\/div>\n\t\t\t\n\t\t\t\t\t\t\t<div class=\"title-after_title reset-last-child  wd-fontsize-xs\">BOXEXPERT has developed an action plan to measure and improve the effectiveness of the company's immission and emission reductions and resource consumption.<\/div>\n\t\t\t\n\t\t\t\n\t\t<\/div>\n\t\t\n\t\t\n\t\t<div id=\"wd-5e859fe2756c2\" class=\"title-wrapper wd-wpb wd-set-mb reset-last-child  wd-rs-5e859fe2756c2 wd-title-color-primary wd-title-style-underlined text-left vc_custom_1585815531795 wd-underline-colored\">\n\t\t\t\n\t\t\t<div class=\"liner-continer\">\n\t\t\t\t<h1 class=\"woodmart-title-container title  wd-font-weight- wd-fontsize-m\" ><strong>12. Relations with other actors<\/strong><\/h1>\n\t\t\t\t\t\t\t<\/div>\n\t\t\t\n\t\t\t\t\t\t\t<div class=\"title-after_title reset-last-child  wd-fontsize-xs\">BOXEXPERT expects all suppliers to meet the above requirements. When BOXEXPERT evaluates and selects suppliers, subcontractors and partners, it is an important criterion to meet the requirements of the Code of Conduct.<\/div>\n\t\t\t\n\t\t\t\n\t\t<\/div>\n\t\t\n\t\t[\/vc_column][\/vc_row]<\/p>\n<\/div>","protected":false},"excerpt":{"rendered":"<p>[vc_row full_width=&#8221;stretch_row_content&#8221; mobile_bg_img_hidden=&#8221;no&#8221; tablet_bg_img_hidden=&#8221;no&#8221; woodmart_parallax=&#8221;0&#8243; woodmart_gradient_switch=&#8221;no&#8221; row_reverse_mobile=&#8221;0&#8243; row_reverse_tablet=&#8221;0&#8243; woodmart_disable_overflow=&#8221;0&#8243; css=&#8221;.vc_custom_1585665823573{margin-top: -40px !important;margin-bottom: 4vh !important;}&#8221;][vc_column][\/vc_column][\/vc_row][vc_row mobile_bg_img_hidden=&#8221;no&#8221; tablet_bg_img_hidden=&#8221;no&#8221; woodmart_parallax=&#8221;0&#8243; woodmart_gradient_switch=&#8221;no&#8221; row_reverse_mobile=&#8221;0&#8243; row_reverse_tablet=&#8221;0&#8243;<\/p>\n","protected":false},"author":1,"featured_media":0,"parent":3823,"menu_order":0,"comment_status":"closed","ping_status":"closed","template":"","meta":{"_acf_changed":false,"content-type":"","footnotes":""},"class_list":["post-4807","page","type-page","status-publish","hentry"],"acf":[],"yoast_head":"<!-- This site is optimized with the Yoast SEO plugin v27.2 - https:\/\/yoast.com\/product\/yoast-seo-wordpress\/ -->\n<title>code of conduct - BOXEXPERT - Professional enclosure solutions for highest demands<\/title>\n<meta name=\"robots\" content=\"index, follow, max-snippet:-1, max-image-preview:large, max-video-preview:-1\" \/>\n<link rel=\"canonical\" href=\"https:\/\/boxexpert.de\/en\/company\/code-of-conduct\/\" \/>\n<meta property=\"og:locale\" content=\"en_US\" \/>\n<meta property=\"og:type\" content=\"article\" \/>\n<meta property=\"og:title\" content=\"code of conduct - BOXEXPERT - Professional enclosure solutions for highest demands\" \/>\n<meta property=\"og:description\" content=\"[vc_row full_width=&#8221;stretch_row_content&#8221; mobile_bg_img_hidden=&#8221;no&#8221; tablet_bg_img_hidden=&#8221;no&#8221; woodmart_parallax=&#8221;0&#8243; woodmart_gradient_switch=&#8221;no&#8221; row_reverse_mobile=&#8221;0&#8243; row_reverse_tablet=&#8221;0&#8243; woodmart_disable_overflow=&#8221;0&#8243; css=&#8221;.vc_custom_1585665823573{margin-top: -40px !important;margin-bottom: 4vh !important;}&#8221;][vc_column][\/vc_column][\/vc_row][vc_row mobile_bg_img_hidden=&#8221;no&#8221; tablet_bg_img_hidden=&#8221;no&#8221; woodmart_parallax=&#8221;0&#8243; woodmart_gradient_switch=&#8221;no&#8221; row_reverse_mobile=&#8221;0&#8243; row_reverse_tablet=&#8221;0&#8243;\" \/>\n<meta property=\"og:url\" content=\"https:\/\/boxexpert.de\/en\/company\/code-of-conduct\/\" \/>\n<meta property=\"og:site_name\" content=\"BOXEXPERT - Professional enclosure solutions for highest demands\" \/>\n<meta property=\"article:modified_time\" content=\"2022-06-10T08:39:09+00:00\" \/>\n<meta name=\"twitter:card\" content=\"summary_large_image\" \/>\n<script type=\"application\/ld+json\" class=\"yoast-schema-graph\">{\"@context\":\"https:\/\/schema.org\",\"@graph\":[{\"@type\":\"WebPage\",\"@id\":\"https:\/\/boxexpert.de\/en\/company\/code-of-conduct\/\",\"url\":\"https:\/\/boxexpert.de\/en\/company\/code-of-conduct\/\",\"name\":\"code of conduct - BOXEXPERT - Professional enclosure solutions for highest demands\",\"isPartOf\":{\"@id\":\"https:\/\/boxexpert.de\/en\/#website\"},\"datePublished\":\"2020-03-31T14:02:46+00:00\",\"dateModified\":\"2022-06-10T08:39:09+00:00\",\"breadcrumb\":{\"@id\":\"https:\/\/boxexpert.de\/en\/company\/code-of-conduct\/#breadcrumb\"},\"inLanguage\":\"en-US\",\"potentialAction\":[{\"@type\":\"ReadAction\",\"target\":[\"https:\/\/boxexpert.de\/en\/company\/code-of-conduct\/\"]}]},{\"@type\":\"BreadcrumbList\",\"@id\":\"https:\/\/boxexpert.de\/en\/company\/code-of-conduct\/#breadcrumb\",\"itemListElement\":[{\"@type\":\"ListItem\",\"position\":1,\"name\":\"Startseite\",\"item\":\"https:\/\/boxexpert.de\/en\/\"},{\"@type\":\"ListItem\",\"position\":2,\"name\":\"Company\",\"item\":\"https:\/\/boxexpert.de\/en\/company\/\"},{\"@type\":\"ListItem\",\"position\":3,\"name\":\"code of conduct\"}]},{\"@type\":\"WebSite\",\"@id\":\"https:\/\/boxexpert.de\/en\/#website\",\"url\":\"https:\/\/boxexpert.de\/en\/\",\"name\":\"BOXEXPERT - Professionelle Geh\u00e4usel\u00f6sungen f\u00fcr h\u00f6chste Anspr\u00fcche\",\"description\":\"Industrial housings, control cabinets, installation housings, fuse boxes and distribution boxes\",\"potentialAction\":[{\"@type\":\"SearchAction\",\"target\":{\"@type\":\"EntryPoint\",\"urlTemplate\":\"https:\/\/boxexpert.de\/en\/?s={search_term_string}\"},\"query-input\":{\"@type\":\"PropertyValueSpecification\",\"valueRequired\":true,\"valueName\":\"search_term_string\"}}],\"inLanguage\":\"en-US\"}]}<\/script>\n<!-- \/ Yoast SEO plugin. -->","yoast_head_json":{"title":"code of conduct - BOXEXPERT - Professional enclosure solutions for highest demands","robots":{"index":"index","follow":"follow","max-snippet":"max-snippet:-1","max-image-preview":"max-image-preview:large","max-video-preview":"max-video-preview:-1"},"canonical":"https:\/\/boxexpert.de\/en\/company\/code-of-conduct\/","og_locale":"en_US","og_type":"article","og_title":"code of conduct - BOXEXPERT - Professional enclosure solutions for highest demands","og_description":"[vc_row full_width=&#8221;stretch_row_content&#8221; mobile_bg_img_hidden=&#8221;no&#8221; tablet_bg_img_hidden=&#8221;no&#8221; woodmart_parallax=&#8221;0&#8243; woodmart_gradient_switch=&#8221;no&#8221; row_reverse_mobile=&#8221;0&#8243; row_reverse_tablet=&#8221;0&#8243; woodmart_disable_overflow=&#8221;0&#8243; css=&#8221;.vc_custom_1585665823573{margin-top: -40px !important;margin-bottom: 4vh !important;}&#8221;][vc_column][\/vc_column][\/vc_row][vc_row mobile_bg_img_hidden=&#8221;no&#8221; tablet_bg_img_hidden=&#8221;no&#8221; woodmart_parallax=&#8221;0&#8243; woodmart_gradient_switch=&#8221;no&#8221; row_reverse_mobile=&#8221;0&#8243; row_reverse_tablet=&#8221;0&#8243;","og_url":"https:\/\/boxexpert.de\/en\/company\/code-of-conduct\/","og_site_name":"BOXEXPERT - Professional enclosure solutions for highest demands","article_modified_time":"2022-06-10T08:39:09+00:00","twitter_card":"summary_large_image","schema":{"@context":"https:\/\/schema.org","@graph":[{"@type":"WebPage","@id":"https:\/\/boxexpert.de\/en\/company\/code-of-conduct\/","url":"https:\/\/boxexpert.de\/en\/company\/code-of-conduct\/","name":"code of conduct - BOXEXPERT - Professional enclosure solutions for highest demands","isPartOf":{"@id":"https:\/\/boxexpert.de\/en\/#website"},"datePublished":"2020-03-31T14:02:46+00:00","dateModified":"2022-06-10T08:39:09+00:00","breadcrumb":{"@id":"https:\/\/boxexpert.de\/en\/company\/code-of-conduct\/#breadcrumb"},"inLanguage":"en-US","potentialAction":[{"@type":"ReadAction","target":["https:\/\/boxexpert.de\/en\/company\/code-of-conduct\/"]}]},{"@type":"BreadcrumbList","@id":"https:\/\/boxexpert.de\/en\/company\/code-of-conduct\/#breadcrumb","itemListElement":[{"@type":"ListItem","position":1,"name":"Startseite","item":"https:\/\/boxexpert.de\/en\/"},{"@type":"ListItem","position":2,"name":"Company","item":"https:\/\/boxexpert.de\/en\/company\/"},{"@type":"ListItem","position":3,"name":"code of conduct"}]},{"@type":"WebSite","@id":"https:\/\/boxexpert.de\/en\/#website","url":"https:\/\/boxexpert.de\/en\/","name":"BOXEXPERT - Professionelle Geh\u00e4usel\u00f6sungen f\u00fcr h\u00f6chste Anspr\u00fcche","description":"Industrial housings, control cabinets, installation housings, fuse boxes and distribution boxes","potentialAction":[{"@type":"SearchAction","target":{"@type":"EntryPoint","urlTemplate":"https:\/\/boxexpert.de\/en\/?s={search_term_string}"},"query-input":{"@type":"PropertyValueSpecification","valueRequired":true,"valueName":"search_term_string"}}],"inLanguage":"en-US"}]}},"_links":{"self":[{"href":"https:\/\/boxexpert.de\/en\/wp-json\/wp\/v2\/pages\/4807","targetHints":{"allow":["GET"]}}],"collection":[{"href":"https:\/\/boxexpert.de\/en\/wp-json\/wp\/v2\/pages"}],"about":[{"href":"https:\/\/boxexpert.de\/en\/wp-json\/wp\/v2\/types\/page"}],"author":[{"embeddable":true,"href":"https:\/\/boxexpert.de\/en\/wp-json\/wp\/v2\/users\/1"}],"replies":[{"embeddable":true,"href":"https:\/\/boxexpert.de\/en\/wp-json\/wp\/v2\/comments?post=4807"}],"version-history":[{"count":11,"href":"https:\/\/boxexpert.de\/en\/wp-json\/wp\/v2\/pages\/4807\/revisions"}],"predecessor-version":[{"id":65952,"href":"https:\/\/boxexpert.de\/en\/wp-json\/wp\/v2\/pages\/4807\/revisions\/65952"}],"up":[{"embeddable":true,"href":"https:\/\/boxexpert.de\/en\/wp-json\/wp\/v2\/pages\/3823"}],"wp:attachment":[{"href":"https:\/\/boxexpert.de\/en\/wp-json\/wp\/v2\/media?parent=4807"}],"curies":[{"name":"wp","href":"https:\/\/api.w.org\/{rel}","templated":true}]}}