{"id":139835,"date":"2026-04-06T05:30:53","date_gmt":"2026-04-06T05:30:53","guid":{"rendered":"https:\/\/boxexpert.de\/shop\/unkategorisiert\/kunststoff-gehaeuse-serie-hanse-167x125x82mm\/"},"modified":"2026-04-06T05:30:53","modified_gmt":"2026-04-06T05:30:53","slug":"kunststoff-gehaeuse-serie-hanse-167x125x82mm","status":"publish","type":"product","link":"https:\/\/boxexpert.de\/en\/shop\/hanse-kpl\/kunststoff-gehaeuse-serie-hanse-167x125x82mm\/","title":{"rendered":"Kunststoff-Geh\u00e4use Serie Hanse 167x125x82mm"},"content":{"rendered":"<p>Das BXPKABS12516782-H01 der Serie Hanse von BOXEXPERT ist ein Geh\u00e4use aus ABS Kunststoff, welches sowohl f\u00fcr den Innen, als auch f\u00fcr den Ausseneinsatz geeignet ist. Das Geh\u00e4use dient perfekt als Kabelabzweigdose und kann schnell und einfach an Wand oder Decke montiert werden. Durch die metrischen Vorpr\u00e4gungen ist eine Kabeleinf\u00fchrung \u00fcber die im Lieferprogramm enthaltenen Dichtmembranen ohne spezielle Werkzeuge m\u00f6glich.<\/p>\n<p>Zubeh\u00f6r: Kabelverschraubungen<\/p>\n<p>BOXEXPERT ist ihr Partner f\u00fcr Premium-Geh\u00e4use f\u00fcr den gehobenen Anspruch. F\u00fcr alle Geh\u00e4use unserer verschiedenen Serien bieten wir umfangreiches Zubeh\u00f6r wie Kabelverschraubungen, Tragschienen, Montageplatten uvm. an. Auf Wunsch kann jedes Geh\u00e4use (auch in kleineren St\u00fcckzahlen) durch uns bearbeitet werden (Bohrungen, Gewinde, Ausschnitte, Verkabelung, Beschriftung u.\u00e4.). Gern besprechen wir Ihre individuellen W\u00fcnsche mit Ihnen.<\/p>\n","protected":false},"excerpt":{"rendered":"<p>&#8220;BOXEXPERT ABS Geh\u00e4use Serie Hanse  Ma\u00dfe: 125x167x82mm Schutzart: IP 66 Schlagfestigkeit: IK 07                                                                                                        Material Geh\u00e4use : ABS Kunststoff Farbe: Lichtgrau, RAL 7035  Betriebstemperatur: -25\u00b0C&#8230;+40\u00b0C  Halogenfrei (DIN\/VDE 0472, Part 815): 1                                                                                                                                                   inkl. Geh\u00e4useunterteil, Deckel mit eingesch\u00e4umter Dichtung, Montageschrauben aus Edelstahl V2A, Verschlusspfropfen, Dichtmembran&#8221;<\/p>\n","protected":false},"featured_media":139836,"template":"","meta":{"_acf_changed":false,"content-type":""},"product_brand":[],"product_cat":[429],"product_tag":[],"class_list":{"0":"post-139835","1":"product","2":"type-product","3":"status-publish","4":"has-post-thumbnail","6":"product_cat-hanse-kpl","7":"pa_material-deckel-transparent-abs","9":"first","10":"instock","11":"purchasable","12":"product-type-simple"},"acf":[],"yoast_head":"<!-- This site is optimized with the Yoast SEO plugin v27.2 - https:\/\/yoast.com\/product\/yoast-seo-wordpress\/ -->\n<title>BOXEXPERT Kunststoff-Geh\u00e4use Serie Hanse 167x125x82mm<\/title>\n<meta name=\"robots\" content=\"index, follow, max-snippet:-1, max-image-preview:large, max-video-preview:-1\" \/>\n<link rel=\"canonical\" href=\"https:\/\/boxexpert.de\/en\/shop\/hanse-kpl\/kunststoff-gehaeuse-serie-hanse-167x125x82mm\/\" \/>\n<meta property=\"og:locale\" content=\"en_US\" \/>\n<meta property=\"og:type\" content=\"article\" \/>\n<meta property=\"og:title\" content=\"BOXEXPERT Kunststoff-Geh\u00e4use Serie Hanse 167x125x82mm\" \/>\n<meta property=\"og:description\" content=\"&quot;BOXEXPERT ABS Geh\u00e4use Serie Hanse Ma\u00dfe: 125x167x82mm Schutzart: IP 66 Schlagfestigkeit: IK 07                                                    Material Geh\u00e4use : ABS Kunststoff Farbe: Lichtgrau, RAL 7035 Betriebstemperatur: -25\u00b0C...+40\u00b0C Halogenfrei (DIN\/VDE 0472, Part 815): 1                                                                          inkl. Geh\u00e4useunterteil, Deckel mit eingesch\u00e4umter Dichtung, Montageschrauben aus Edelstahl V2A, Verschlusspfropfen, Dichtmembran&quot;\" \/>\n<meta property=\"og:url\" content=\"https:\/\/boxexpert.de\/en\/shop\/hanse-kpl\/kunststoff-gehaeuse-serie-hanse-167x125x82mm\/\" \/>\n<meta property=\"og:site_name\" content=\"BOXEXPERT - Professional enclosure solutions for highest demands\" \/>\n<meta property=\"og:image\" content=\"https:\/\/boxexpert.de\/wp-content\/uploads\/BOXEXPERT-Hamburg-Hanse-Gehaeuse-Schaltschrank-ABS-Grau-BXPKABS12516782-H01-offen-3.jpg\" \/>\n\t<meta property=\"og:image:width\" content=\"2000\" \/>\n\t<meta property=\"og:image:height\" content=\"1371\" \/>\n\t<meta property=\"og:image:type\" content=\"image\/jpeg\" \/>\n<meta name=\"twitter:card\" content=\"summary_large_image\" \/>\n<meta name=\"twitter:label1\" content=\"Est. reading time\" \/>\n\t<meta name=\"twitter:data1\" content=\"1 minute\" \/>\n<script type=\"application\/ld+json\" class=\"yoast-schema-graph\">{\"@context\":\"https:\/\/schema.org\",\"@graph\":[{\"@type\":\"WebPage\",\"@id\":\"https:\/\/boxexpert.de\/en\/shop\/hanse-kpl\/kunststoff-gehaeuse-serie-hanse-167x125x82mm\/\",\"url\":\"https:\/\/boxexpert.de\/en\/shop\/hanse-kpl\/kunststoff-gehaeuse-serie-hanse-167x125x82mm\/\",\"name\":\"BOXEXPERT Kunststoff-Geh\u00e4use Serie Hanse 167x125x82mm\",\"isPartOf\":{\"@id\":\"https:\/\/boxexpert.de\/en\/#website\"},\"primaryImageOfPage\":{\"@id\":\"https:\/\/boxexpert.de\/en\/shop\/hanse-kpl\/kunststoff-gehaeuse-serie-hanse-167x125x82mm\/#primaryimage\"},\"image\":{\"@id\":\"https:\/\/boxexpert.de\/en\/shop\/hanse-kpl\/kunststoff-gehaeuse-serie-hanse-167x125x82mm\/#primaryimage\"},\"thumbnailUrl\":\"https:\/\/boxexpert.de\/wp-content\/uploads\/BOXEXPERT-Hamburg-Hanse-Gehaeuse-Schaltschrank-ABS-Grau-BXPKABS12516782-H01-offen-3.jpg\",\"datePublished\":\"2026-04-06T05:30:53+00:00\",\"breadcrumb\":{\"@id\":\"https:\/\/boxexpert.de\/en\/shop\/hanse-kpl\/kunststoff-gehaeuse-serie-hanse-167x125x82mm\/#breadcrumb\"},\"inLanguage\":\"en-US\",\"potentialAction\":[{\"@type\":\"ReadAction\",\"target\":[\"https:\/\/boxexpert.de\/en\/shop\/hanse-kpl\/kunststoff-gehaeuse-serie-hanse-167x125x82mm\/\"]}]},{\"@type\":\"ImageObject\",\"inLanguage\":\"en-US\",\"@id\":\"https:\/\/boxexpert.de\/en\/shop\/hanse-kpl\/kunststoff-gehaeuse-serie-hanse-167x125x82mm\/#primaryimage\",\"url\":\"https:\/\/boxexpert.de\/wp-content\/uploads\/BOXEXPERT-Hamburg-Hanse-Gehaeuse-Schaltschrank-ABS-Grau-BXPKABS12516782-H01-offen-3.jpg\",\"contentUrl\":\"https:\/\/boxexpert.de\/wp-content\/uploads\/BOXEXPERT-Hamburg-Hanse-Gehaeuse-Schaltschrank-ABS-Grau-BXPKABS12516782-H01-offen-3.jpg\",\"width\":2000,\"height\":1371},{\"@type\":\"BreadcrumbList\",\"@id\":\"https:\/\/boxexpert.de\/en\/shop\/hanse-kpl\/kunststoff-gehaeuse-serie-hanse-167x125x82mm\/#breadcrumb\",\"itemListElement\":[{\"@type\":\"ListItem\",\"position\":1,\"name\":\"Startseite\",\"item\":\"https:\/\/boxexpert.de\/en\/\"},{\"@type\":\"ListItem\",\"position\":2,\"name\":\"Shop\",\"item\":\"https:\/\/boxexpert.de\/shop\/\"},{\"@type\":\"ListItem\",\"position\":3,\"name\":\"Kunststoff-Geh\u00e4use Serie Hanse 167x125x82mm\"}]},{\"@type\":\"WebSite\",\"@id\":\"https:\/\/boxexpert.de\/en\/#website\",\"url\":\"https:\/\/boxexpert.de\/en\/\",\"name\":\"BOXEXPERT - Professionelle Geh\u00e4usel\u00f6sungen f\u00fcr h\u00f6chste Anspr\u00fcche\",\"description\":\"Industrial housings, control cabinets, installation housings, fuse boxes and distribution boxes\",\"potentialAction\":[{\"@type\":\"SearchAction\",\"target\":{\"@type\":\"EntryPoint\",\"urlTemplate\":\"https:\/\/boxexpert.de\/en\/?s={search_term_string}\"},\"query-input\":{\"@type\":\"PropertyValueSpecification\",\"valueRequired\":true,\"valueName\":\"search_term_string\"}}],\"inLanguage\":\"en-US\"}]}<\/script>\n<!-- \/ Yoast SEO plugin. -->","yoast_head_json":{"title":"BOXEXPERT Kunststoff-Geh\u00e4use Serie Hanse 167x125x82mm","robots":{"index":"index","follow":"follow","max-snippet":"max-snippet:-1","max-image-preview":"max-image-preview:large","max-video-preview":"max-video-preview:-1"},"canonical":"https:\/\/boxexpert.de\/en\/shop\/hanse-kpl\/kunststoff-gehaeuse-serie-hanse-167x125x82mm\/","og_locale":"en_US","og_type":"article","og_title":"BOXEXPERT Kunststoff-Geh\u00e4use Serie Hanse 167x125x82mm","og_description":"\"BOXEXPERT ABS Geh\u00e4use Serie Hanse Ma\u00dfe: 125x167x82mm Schutzart: IP 66 Schlagfestigkeit: IK 07                                                    Material Geh\u00e4use : ABS Kunststoff Farbe: Lichtgrau, RAL 7035 Betriebstemperatur: -25\u00b0C...+40\u00b0C Halogenfrei (DIN\/VDE 0472, Part 815): 1                                                                          inkl. Geh\u00e4useunterteil, Deckel mit eingesch\u00e4umter Dichtung, Montageschrauben aus Edelstahl V2A, Verschlusspfropfen, Dichtmembran\"","og_url":"https:\/\/boxexpert.de\/en\/shop\/hanse-kpl\/kunststoff-gehaeuse-serie-hanse-167x125x82mm\/","og_site_name":"BOXEXPERT - Professional enclosure solutions for highest demands","og_image":[{"width":2000,"height":1371,"url":"https:\/\/boxexpert.de\/wp-content\/uploads\/BOXEXPERT-Hamburg-Hanse-Gehaeuse-Schaltschrank-ABS-Grau-BXPKABS12516782-H01-offen-3.jpg","type":"image\/jpeg"}],"twitter_card":"summary_large_image","twitter_misc":{"Est. reading time":"1 minute"},"schema":{"@context":"https:\/\/schema.org","@graph":[{"@type":"WebPage","@id":"https:\/\/boxexpert.de\/en\/shop\/hanse-kpl\/kunststoff-gehaeuse-serie-hanse-167x125x82mm\/","url":"https:\/\/boxexpert.de\/en\/shop\/hanse-kpl\/kunststoff-gehaeuse-serie-hanse-167x125x82mm\/","name":"BOXEXPERT Kunststoff-Geh\u00e4use Serie Hanse 167x125x82mm","isPartOf":{"@id":"https:\/\/boxexpert.de\/en\/#website"},"primaryImageOfPage":{"@id":"https:\/\/boxexpert.de\/en\/shop\/hanse-kpl\/kunststoff-gehaeuse-serie-hanse-167x125x82mm\/#primaryimage"},"image":{"@id":"https:\/\/boxexpert.de\/en\/shop\/hanse-kpl\/kunststoff-gehaeuse-serie-hanse-167x125x82mm\/#primaryimage"},"thumbnailUrl":"https:\/\/boxexpert.de\/wp-content\/uploads\/BOXEXPERT-Hamburg-Hanse-Gehaeuse-Schaltschrank-ABS-Grau-BXPKABS12516782-H01-offen-3.jpg","datePublished":"2026-04-06T05:30:53+00:00","breadcrumb":{"@id":"https:\/\/boxexpert.de\/en\/shop\/hanse-kpl\/kunststoff-gehaeuse-serie-hanse-167x125x82mm\/#breadcrumb"},"inLanguage":"en-US","potentialAction":[{"@type":"ReadAction","target":["https:\/\/boxexpert.de\/en\/shop\/hanse-kpl\/kunststoff-gehaeuse-serie-hanse-167x125x82mm\/"]}]},{"@type":"ImageObject","inLanguage":"en-US","@id":"https:\/\/boxexpert.de\/en\/shop\/hanse-kpl\/kunststoff-gehaeuse-serie-hanse-167x125x82mm\/#primaryimage","url":"https:\/\/boxexpert.de\/wp-content\/uploads\/BOXEXPERT-Hamburg-Hanse-Gehaeuse-Schaltschrank-ABS-Grau-BXPKABS12516782-H01-offen-3.jpg","contentUrl":"https:\/\/boxexpert.de\/wp-content\/uploads\/BOXEXPERT-Hamburg-Hanse-Gehaeuse-Schaltschrank-ABS-Grau-BXPKABS12516782-H01-offen-3.jpg","width":2000,"height":1371},{"@type":"BreadcrumbList","@id":"https:\/\/boxexpert.de\/en\/shop\/hanse-kpl\/kunststoff-gehaeuse-serie-hanse-167x125x82mm\/#breadcrumb","itemListElement":[{"@type":"ListItem","position":1,"name":"Startseite","item":"https:\/\/boxexpert.de\/en\/"},{"@type":"ListItem","position":2,"name":"Shop","item":"https:\/\/boxexpert.de\/shop\/"},{"@type":"ListItem","position":3,"name":"Kunststoff-Geh\u00e4use Serie Hanse 167x125x82mm"}]},{"@type":"WebSite","@id":"https:\/\/boxexpert.de\/en\/#website","url":"https:\/\/boxexpert.de\/en\/","name":"BOXEXPERT - Professionelle Geh\u00e4usel\u00f6sungen f\u00fcr h\u00f6chste Anspr\u00fcche","description":"Industrial housings, control cabinets, installation housings, fuse boxes and distribution boxes","potentialAction":[{"@type":"SearchAction","target":{"@type":"EntryPoint","urlTemplate":"https:\/\/boxexpert.de\/en\/?s={search_term_string}"},"query-input":{"@type":"PropertyValueSpecification","valueRequired":true,"valueName":"search_term_string"}}],"inLanguage":"en-US"}]}},"_links":{"self":[{"href":"https:\/\/boxexpert.de\/en\/wp-json\/wp\/v2\/product\/139835","targetHints":{"allow":["GET"]}}],"collection":[{"href":"https:\/\/boxexpert.de\/en\/wp-json\/wp\/v2\/product"}],"about":[{"href":"https:\/\/boxexpert.de\/en\/wp-json\/wp\/v2\/types\/product"}],"wp:featuredmedia":[{"embeddable":true,"href":"https:\/\/boxexpert.de\/en\/wp-json\/wp\/v2\/media\/139836"}],"wp:attachment":[{"href":"https:\/\/boxexpert.de\/en\/wp-json\/wp\/v2\/media?parent=139835"}],"wp:term":[{"taxonomy":"product_brand","embeddable":true,"href":"https:\/\/boxexpert.de\/en\/wp-json\/wp\/v2\/product_brand?post=139835"},{"taxonomy":"product_cat","embeddable":true,"href":"https:\/\/boxexpert.de\/en\/wp-json\/wp\/v2\/product_cat?post=139835"},{"taxonomy":"product_tag","embeddable":true,"href":"https:\/\/boxexpert.de\/en\/wp-json\/wp\/v2\/product_tag?post=139835"}],"curies":[{"name":"wp","href":"https:\/\/api.w.org\/{rel}","templated":true}]}}