{"id":140852,"date":"2026-03-13T05:41:02","date_gmt":"2026-03-13T05:41:02","guid":{"rendered":"https:\/\/boxexpert.de\/shop\/unkategorisiert\/wandschrank-gehaeuse-serie-perle-360x270x160mm\/"},"modified":"2026-03-13T05:41:02","modified_gmt":"2026-03-13T05:41:02","slug":"wandschrank-gehaeuse-serie-perle-abs-360x270x160mm","status":"publish","type":"product","link":"https:\/\/boxexpert.de\/en\/shop\/perle-abs\/wandschrank-gehaeuse-serie-perle-abs-360x270x160mm\/","title":{"rendered":"Wandschrank-Geh\u00e4use Serie Perle-ABS 360x270x160mm"},"content":{"rendered":"<p>Das BXPFAG360270160-P01 der Serie Perle von BOXEXPERT ist ein Wandschrank-Geh\u00e4use aus ABS Kunststoff, welches sowohl f\u00fcr den Innen, als auch f\u00fcr den Ausseneinsatz geeignet ist. Es ist einfach zu handhaben und sehr schnell zu installieren.<\/p>\n<p>Durch das integrierte Innenscharnier, l\u00e4sst sich der Deckel wie eine T\u00fcr \u00f6ffnen, wodurch dieser f\u00fcr schnelle Nachbearbeitung nicht erst beiseite gelegt werden muss. Das Geh\u00e4use weist durch seine 30% dickeren Au\u00dfenw\u00e4nde zu vergleichbaren Produkten eine hohe Schlagfestigkeit von IK10 und eine gute Isolierung aus und ist dennoch leicht zu transportieren. Zus\u00e4tzlich haben wir hier eine gute wasser, sowie staubdichte Leistung von IP 67. Diese Serie ist eine kosteng\u00fcnstige Alternative zu allen Stahlblechwandschr\u00e4nken.<\/p>\n<p>Separates Zubeh\u00f6r: Kabelverschraubungen<\/p>\n<p>BOXEXPERT ist ihr Partner f\u00fcr Premium-Geh\u00e4use f\u00fcr den gehobenen Anspruch. F\u00fcr alle Geh\u00e4use unserer verschiedenen Serien bieten wir umfangreiches Zubeh\u00f6r wie Kabelverschraubungen, Tragschienen, Montageplatten uvm. an. Auf Wunsch kann jedes Geh\u00e4use (auch in kleineren St\u00fcckzahlen) durch uns bearbeitet werden (Bohrungen, Gewinde, Ausschnitte, Verkabelung, Beschriftung u.\u00e4.). Gern besprechen wir Ihre individuellen W\u00fcnsche mit Ihnen.<\/p>\n","protected":false},"excerpt":{"rendered":"<p>BOXEXPERT ABS Geh\u00e4use Serie Perle  Au\u00dfenma\u00dfe: 360x270x160 mm (LxBxH) Material: ABS Farbe: Lichtgrau, RAL 7035  Schutzart: IP67 Schlagfestigkeit: IK10  Betriebstemperatur: -40 bis +80\u00b0C UL94HB  inkl. T\u00fcr mit PUR-Dichtung, Montageschrauben, Innenscharnier<\/p>\n","protected":false},"featured_media":175433,"template":"","meta":{"_acf_changed":false,"content-type":""},"product_brand":[],"product_cat":[427],"product_tag":[],"class_list":{"0":"post-140852","1":"product","2":"type-product","3":"status-publish","4":"has-post-thumbnail","6":"product_cat-perle-abs","7":"pa_material-deckel-transparent-abs-kunststoff","9":"first","10":"outofstock","11":"purchasable","12":"product-type-simple"},"acf":[],"yoast_head":"<!-- This site is optimized with the Yoast SEO plugin v27.2 - https:\/\/yoast.com\/product\/yoast-seo-wordpress\/ -->\n<title>BOXEXPERT Wandschrank-Geh\u00e4use Serie Perle-ABS 360x270x160mm<\/title>\n<meta name=\"robots\" content=\"index, follow, max-snippet:-1, max-image-preview:large, max-video-preview:-1\" \/>\n<link rel=\"canonical\" href=\"https:\/\/boxexpert.de\/en\/shop\/perle-abs\/wandschrank-gehaeuse-serie-perle-abs-360x270x160mm\/\" \/>\n<meta property=\"og:locale\" content=\"en_US\" \/>\n<meta property=\"og:type\" content=\"article\" \/>\n<meta property=\"og:title\" content=\"BOXEXPERT Wandschrank-Geh\u00e4use Serie Perle-ABS 360x270x160mm\" \/>\n<meta property=\"og:description\" content=\"BOXEXPERT ABS Geh\u00e4use Serie Perle Au\u00dfenma\u00dfe: 360x270x160 mm (LxBxH) Material: ABS Farbe: Lichtgrau, RAL 7035 Schutzart: IP67 Schlagfestigkeit: IK10 Betriebstemperatur: -40 bis +80\u00b0C UL94HB inkl. T\u00fcr mit PUR-Dichtung, Montageschrauben, Innenscharnier\" \/>\n<meta property=\"og:url\" content=\"https:\/\/boxexpert.de\/en\/shop\/perle-abs\/wandschrank-gehaeuse-serie-perle-abs-360x270x160mm\/\" \/>\n<meta property=\"og:site_name\" content=\"BOXEXPERT - Professional enclosure solutions for highest demands\" \/>\n<meta property=\"og:image\" content=\"https:\/\/boxexpert.de\/wp-content\/uploads\/BOXEXPERT-Hamburg-Perle-Gehaeuse-Schaltschrank-ABS-Grau-BXPFAG360270160-P01-offen-4.jpg\" \/>\n\t<meta property=\"og:image:width\" content=\"2000\" \/>\n\t<meta property=\"og:image:height\" content=\"1416\" \/>\n\t<meta property=\"og:image:type\" content=\"image\/jpeg\" \/>\n<meta name=\"twitter:card\" content=\"summary_large_image\" \/>\n<meta name=\"twitter:label1\" content=\"Est. reading time\" \/>\n\t<meta name=\"twitter:data1\" content=\"2 minutes\" \/>\n<script type=\"application\/ld+json\" class=\"yoast-schema-graph\">{\"@context\":\"https:\/\/schema.org\",\"@graph\":[{\"@type\":\"WebPage\",\"@id\":\"https:\/\/boxexpert.de\/en\/shop\/perle-abs\/wandschrank-gehaeuse-serie-perle-abs-360x270x160mm\/\",\"url\":\"https:\/\/boxexpert.de\/en\/shop\/perle-abs\/wandschrank-gehaeuse-serie-perle-abs-360x270x160mm\/\",\"name\":\"BOXEXPERT Wandschrank-Geh\u00e4use Serie Perle-ABS 360x270x160mm\",\"isPartOf\":{\"@id\":\"https:\/\/boxexpert.de\/en\/#website\"},\"primaryImageOfPage\":{\"@id\":\"https:\/\/boxexpert.de\/en\/shop\/perle-abs\/wandschrank-gehaeuse-serie-perle-abs-360x270x160mm\/#primaryimage\"},\"image\":{\"@id\":\"https:\/\/boxexpert.de\/en\/shop\/perle-abs\/wandschrank-gehaeuse-serie-perle-abs-360x270x160mm\/#primaryimage\"},\"thumbnailUrl\":\"https:\/\/boxexpert.de\/wp-content\/uploads\/BOXEXPERT-Hamburg-Perle-Gehaeuse-Schaltschrank-ABS-Grau-BXPFAG360270160-P01-offen-4.jpg\",\"datePublished\":\"2026-03-13T05:41:02+00:00\",\"breadcrumb\":{\"@id\":\"https:\/\/boxexpert.de\/en\/shop\/perle-abs\/wandschrank-gehaeuse-serie-perle-abs-360x270x160mm\/#breadcrumb\"},\"inLanguage\":\"en-US\",\"potentialAction\":[{\"@type\":\"ReadAction\",\"target\":[\"https:\/\/boxexpert.de\/en\/shop\/perle-abs\/wandschrank-gehaeuse-serie-perle-abs-360x270x160mm\/\"]}]},{\"@type\":\"ImageObject\",\"inLanguage\":\"en-US\",\"@id\":\"https:\/\/boxexpert.de\/en\/shop\/perle-abs\/wandschrank-gehaeuse-serie-perle-abs-360x270x160mm\/#primaryimage\",\"url\":\"https:\/\/boxexpert.de\/wp-content\/uploads\/BOXEXPERT-Hamburg-Perle-Gehaeuse-Schaltschrank-ABS-Grau-BXPFAG360270160-P01-offen-4.jpg\",\"contentUrl\":\"https:\/\/boxexpert.de\/wp-content\/uploads\/BOXEXPERT-Hamburg-Perle-Gehaeuse-Schaltschrank-ABS-Grau-BXPFAG360270160-P01-offen-4.jpg\",\"width\":2000,\"height\":1416},{\"@type\":\"BreadcrumbList\",\"@id\":\"https:\/\/boxexpert.de\/en\/shop\/perle-abs\/wandschrank-gehaeuse-serie-perle-abs-360x270x160mm\/#breadcrumb\",\"itemListElement\":[{\"@type\":\"ListItem\",\"position\":1,\"name\":\"Startseite\",\"item\":\"https:\/\/boxexpert.de\/en\/\"},{\"@type\":\"ListItem\",\"position\":2,\"name\":\"Shop\",\"item\":\"https:\/\/boxexpert.de\/shop\/\"},{\"@type\":\"ListItem\",\"position\":3,\"name\":\"Wandschrank-Geh\u00e4use Serie Perle-ABS 360x270x160mm\"}]},{\"@type\":\"WebSite\",\"@id\":\"https:\/\/boxexpert.de\/en\/#website\",\"url\":\"https:\/\/boxexpert.de\/en\/\",\"name\":\"BOXEXPERT - Professionelle Geh\u00e4usel\u00f6sungen f\u00fcr h\u00f6chste Anspr\u00fcche\",\"description\":\"Industrial housings, control cabinets, installation housings, fuse boxes and distribution boxes\",\"potentialAction\":[{\"@type\":\"SearchAction\",\"target\":{\"@type\":\"EntryPoint\",\"urlTemplate\":\"https:\/\/boxexpert.de\/en\/?s={search_term_string}\"},\"query-input\":{\"@type\":\"PropertyValueSpecification\",\"valueRequired\":true,\"valueName\":\"search_term_string\"}}],\"inLanguage\":\"en-US\"}]}<\/script>\n<!-- \/ Yoast SEO plugin. -->","yoast_head_json":{"title":"BOXEXPERT Wandschrank-Geh\u00e4use Serie Perle-ABS 360x270x160mm","robots":{"index":"index","follow":"follow","max-snippet":"max-snippet:-1","max-image-preview":"max-image-preview:large","max-video-preview":"max-video-preview:-1"},"canonical":"https:\/\/boxexpert.de\/en\/shop\/perle-abs\/wandschrank-gehaeuse-serie-perle-abs-360x270x160mm\/","og_locale":"en_US","og_type":"article","og_title":"BOXEXPERT Wandschrank-Geh\u00e4use Serie Perle-ABS 360x270x160mm","og_description":"BOXEXPERT ABS Geh\u00e4use Serie Perle Au\u00dfenma\u00dfe: 360x270x160 mm (LxBxH) Material: ABS Farbe: Lichtgrau, RAL 7035 Schutzart: IP67 Schlagfestigkeit: IK10 Betriebstemperatur: -40 bis +80\u00b0C UL94HB inkl. T\u00fcr mit PUR-Dichtung, Montageschrauben, Innenscharnier","og_url":"https:\/\/boxexpert.de\/en\/shop\/perle-abs\/wandschrank-gehaeuse-serie-perle-abs-360x270x160mm\/","og_site_name":"BOXEXPERT - Professional enclosure solutions for highest demands","og_image":[{"width":2000,"height":1416,"url":"https:\/\/boxexpert.de\/wp-content\/uploads\/BOXEXPERT-Hamburg-Perle-Gehaeuse-Schaltschrank-ABS-Grau-BXPFAG360270160-P01-offen-4.jpg","type":"image\/jpeg"}],"twitter_card":"summary_large_image","twitter_misc":{"Est. reading time":"2 minutes"},"schema":{"@context":"https:\/\/schema.org","@graph":[{"@type":"WebPage","@id":"https:\/\/boxexpert.de\/en\/shop\/perle-abs\/wandschrank-gehaeuse-serie-perle-abs-360x270x160mm\/","url":"https:\/\/boxexpert.de\/en\/shop\/perle-abs\/wandschrank-gehaeuse-serie-perle-abs-360x270x160mm\/","name":"BOXEXPERT Wandschrank-Geh\u00e4use Serie Perle-ABS 360x270x160mm","isPartOf":{"@id":"https:\/\/boxexpert.de\/en\/#website"},"primaryImageOfPage":{"@id":"https:\/\/boxexpert.de\/en\/shop\/perle-abs\/wandschrank-gehaeuse-serie-perle-abs-360x270x160mm\/#primaryimage"},"image":{"@id":"https:\/\/boxexpert.de\/en\/shop\/perle-abs\/wandschrank-gehaeuse-serie-perle-abs-360x270x160mm\/#primaryimage"},"thumbnailUrl":"https:\/\/boxexpert.de\/wp-content\/uploads\/BOXEXPERT-Hamburg-Perle-Gehaeuse-Schaltschrank-ABS-Grau-BXPFAG360270160-P01-offen-4.jpg","datePublished":"2026-03-13T05:41:02+00:00","breadcrumb":{"@id":"https:\/\/boxexpert.de\/en\/shop\/perle-abs\/wandschrank-gehaeuse-serie-perle-abs-360x270x160mm\/#breadcrumb"},"inLanguage":"en-US","potentialAction":[{"@type":"ReadAction","target":["https:\/\/boxexpert.de\/en\/shop\/perle-abs\/wandschrank-gehaeuse-serie-perle-abs-360x270x160mm\/"]}]},{"@type":"ImageObject","inLanguage":"en-US","@id":"https:\/\/boxexpert.de\/en\/shop\/perle-abs\/wandschrank-gehaeuse-serie-perle-abs-360x270x160mm\/#primaryimage","url":"https:\/\/boxexpert.de\/wp-content\/uploads\/BOXEXPERT-Hamburg-Perle-Gehaeuse-Schaltschrank-ABS-Grau-BXPFAG360270160-P01-offen-4.jpg","contentUrl":"https:\/\/boxexpert.de\/wp-content\/uploads\/BOXEXPERT-Hamburg-Perle-Gehaeuse-Schaltschrank-ABS-Grau-BXPFAG360270160-P01-offen-4.jpg","width":2000,"height":1416},{"@type":"BreadcrumbList","@id":"https:\/\/boxexpert.de\/en\/shop\/perle-abs\/wandschrank-gehaeuse-serie-perle-abs-360x270x160mm\/#breadcrumb","itemListElement":[{"@type":"ListItem","position":1,"name":"Startseite","item":"https:\/\/boxexpert.de\/en\/"},{"@type":"ListItem","position":2,"name":"Shop","item":"https:\/\/boxexpert.de\/shop\/"},{"@type":"ListItem","position":3,"name":"Wandschrank-Geh\u00e4use Serie Perle-ABS 360x270x160mm"}]},{"@type":"WebSite","@id":"https:\/\/boxexpert.de\/en\/#website","url":"https:\/\/boxexpert.de\/en\/","name":"BOXEXPERT - Professionelle Geh\u00e4usel\u00f6sungen f\u00fcr h\u00f6chste Anspr\u00fcche","description":"Industrial housings, control cabinets, installation housings, fuse boxes and distribution boxes","potentialAction":[{"@type":"SearchAction","target":{"@type":"EntryPoint","urlTemplate":"https:\/\/boxexpert.de\/en\/?s={search_term_string}"},"query-input":{"@type":"PropertyValueSpecification","valueRequired":true,"valueName":"search_term_string"}}],"inLanguage":"en-US"}]}},"_links":{"self":[{"href":"https:\/\/boxexpert.de\/en\/wp-json\/wp\/v2\/product\/140852","targetHints":{"allow":["GET"]}}],"collection":[{"href":"https:\/\/boxexpert.de\/en\/wp-json\/wp\/v2\/product"}],"about":[{"href":"https:\/\/boxexpert.de\/en\/wp-json\/wp\/v2\/types\/product"}],"wp:featuredmedia":[{"embeddable":true,"href":"https:\/\/boxexpert.de\/en\/wp-json\/wp\/v2\/media\/175433"}],"wp:attachment":[{"href":"https:\/\/boxexpert.de\/en\/wp-json\/wp\/v2\/media?parent=140852"}],"wp:term":[{"taxonomy":"product_brand","embeddable":true,"href":"https:\/\/boxexpert.de\/en\/wp-json\/wp\/v2\/product_brand?post=140852"},{"taxonomy":"product_cat","embeddable":true,"href":"https:\/\/boxexpert.de\/en\/wp-json\/wp\/v2\/product_cat?post=140852"},{"taxonomy":"product_tag","embeddable":true,"href":"https:\/\/boxexpert.de\/en\/wp-json\/wp\/v2\/product_tag?post=140852"}],"curies":[{"name":"wp","href":"https:\/\/api.w.org\/{rel}","templated":true}]}}