{"id":142737,"date":"2026-03-23T05:30:48","date_gmt":"2026-03-23T05:30:48","guid":{"rendered":"https:\/\/boxexpert.de\/shop\/unkategorisiert\/stahlblech-wandgehaeuse-serie-treva-250x200x150mm-deckel-grau\/"},"modified":"2026-03-23T05:30:49","modified_gmt":"2026-03-23T05:30:49","slug":"stahlblech-wandgehaeuse-serie-treva-250x200x150mm-deckel-grau","status":"publish","type":"product","link":"https:\/\/boxexpert.de\/en\/shop\/treva\/stahlblech-wandgehaeuse-serie-treva-250x200x150mm-deckel-grau\/","title":{"rendered":"Stahlblech-Wandgeh\u00e4use Serie Treva 250x200x150mm Deckel grau"},"content":{"rendered":"<p>Hinter der Serie Treva von BOXEXPERT steckt ein hochwertiges und zugleich kosteng\u00fcnstiges Wandschrank-Geh\u00e4use aus Stahlblech. Durch die geh\u00e4rtete Polyester-Lackbeschichtung mit UV-Schutz ist das Geh\u00e4use perfekt f\u00fcr den Au\u00dfeneinsatz geeignet. Zus\u00e4tzlich verf\u00fcgt es \u00fcber vier vorgestanzte Bohrungen f\u00fcr eine schnelle Wandmontage sowie einer Montageplatte mit glatter Oberfl\u00e4che zum befestigen Ihrer Bauteile im Inneren des Geh\u00e4uses. Das Design und der Aufbau der Modellreihe zeichnen sich durch hohe Flexibilit\u00e4t und Anpassungsf\u00e4higkeit an konkrete, von der Installation vorgegebene und\/oder vom Endkunden gew\u00fcnschte Ma\u00dfe aus. Die Einsatzgebiete reichen von der Einspeisung und Verteilung bis hin zur Umwandlung von elektrischer Energie in Industrieanlagen.<\/p>\n<p>&nbsp;<\/p>\n<p>Zubeh\u00f6r: Kabelverschraubungen, Montageplatte gelocht, Modularer Rahmen, Wand- und Mastbefestigungslaschen, verschiedene Schlosstypen<\/p>\n<p>&nbsp;<\/p>\n","protected":false},"excerpt":{"rendered":"<p>BOXEXPERT Stahlblech-Wandgeh\u00e4use Serie Treva  Au\u00dfenma\u00dfe: 250x200x150 mm (LxBxH) Material: Stahlblech gem\u00e4\u00df EN10130+A1 Beschichtung: Geh\u00e4rtete Polyester-Lackbeschichtung RAL 7035 mit UV-Schutz Deckel: Undurchsichtig Schutzart: IP66 Schlagfestigkeit: IK10 Umgebungstemperatur: -25\u00b0C \/ +60\u00b0C Schloss: Standardschloss mit 5mm Doppelbart-Verschluss und Schl\u00fcssel 5mm  inkl. Schaltschrankunterteil, T\u00fcr mit eingesch\u00e4umter Dichtung, Montageplatte (Stahlblech, verz. 2mm), Zubeh\u00f6rbeutel (Schl\u00fcssel, 4 Dichtstopfen, Satz aus Muttern und Unterlegscheiben, Ablassstopfen, Kabeldurchf\u00fchrungs-Abdeckung mit Befestigungsschrauben, Montageanleitung)  Optionales Zubeh\u00f6r: Wandbefestigungslaschen, Sicherheitsschloss, Kabelverschraubungen, Druckausgleichselemente uvm.  Varianten: Mit Sichtt\u00fcr, Ex Zertifiziert.<\/p>\n","protected":false},"featured_media":173324,"template":"","meta":{"_acf_changed":false,"content-type":""},"product_brand":[],"product_cat":[430],"product_tag":[],"class_list":{"0":"post-142737","1":"product","2":"type-product","3":"status-publish","4":"has-post-thumbnail","6":"product_cat-treva","7":"pa_material-deckel-transparent-stahlblech","9":"first","10":"instock","11":"purchasable","12":"product-type-simple"},"acf":[],"yoast_head":"<!-- This site is optimized with the Yoast SEO plugin v27.2 - https:\/\/yoast.com\/product\/yoast-seo-wordpress\/ -->\n<title>Kleiner Schaltschrank Metall mit T\u00fcr 250x200150mm IP66<\/title>\n<meta name=\"robots\" content=\"index, follow, max-snippet:-1, max-image-preview:large, max-video-preview:-1\" \/>\n<link rel=\"canonical\" href=\"https:\/\/boxexpert.de\/en\/shop\/treva\/stahlblech-wandgehaeuse-serie-treva-250x200x150mm-deckel-grau\/\" \/>\n<meta property=\"og:locale\" content=\"en_US\" \/>\n<meta property=\"og:type\" content=\"article\" \/>\n<meta property=\"og:title\" content=\"Kleiner Schaltschrank Metall mit T\u00fcr 250x200150mm IP66\" \/>\n<meta property=\"og:description\" content=\"BOXEXPERT Stahlblech-Wandgeh\u00e4use Serie Treva Au\u00dfenma\u00dfe: 250x200x150 mm (LxBxH) Material: Stahlblech gem\u00e4\u00df EN10130+A1 Beschichtung: Geh\u00e4rtete Polyester-Lackbeschichtung RAL 7035 mit UV-Schutz Deckel: Undurchsichtig Schutzart: IP66 Schlagfestigkeit: IK10 Umgebungstemperatur: -25\u00b0C \/ +60\u00b0C Schloss: Standardschloss mit 5mm Doppelbart-Verschluss und Schl\u00fcssel 5mm inkl. Schaltschrankunterteil, T\u00fcr mit eingesch\u00e4umter Dichtung, Montageplatte (Stahlblech, verz. 2mm), Zubeh\u00f6rbeutel (Schl\u00fcssel, 4 Dichtstopfen, Satz aus Muttern und Unterlegscheiben, Ablassstopfen, Kabeldurchf\u00fchrungs-Abdeckung mit Befestigungsschrauben, Montageanleitung) Optionales Zubeh\u00f6r: Wandbefestigungslaschen, Sicherheitsschloss, Kabelverschraubungen, Druckausgleichselemente uvm. Varianten: Mit Sichtt\u00fcr, Ex Zertifiziert.\" \/>\n<meta property=\"og:url\" content=\"https:\/\/boxexpert.de\/en\/shop\/treva\/stahlblech-wandgehaeuse-serie-treva-250x200x150mm-deckel-grau\/\" \/>\n<meta property=\"og:site_name\" content=\"BOXEXPERT - Professional enclosure solutions for highest demands\" \/>\n<meta property=\"article:modified_time\" content=\"2026-03-23T05:30:49+00:00\" \/>\n<meta property=\"og:image\" content=\"https:\/\/boxexpert.de\/wp-content\/uploads\/BOXEXPERT-Schaltschrank-Wandgehaeuse-Stahlblech-Treva-BXPIMB252515-T01-vorne.jpg\" \/>\n\t<meta property=\"og:image:width\" content=\"1710\" \/>\n\t<meta property=\"og:image:height\" content=\"2000\" \/>\n\t<meta property=\"og:image:type\" content=\"image\/jpeg\" \/>\n<meta name=\"twitter:card\" content=\"summary_large_image\" \/>\n<meta name=\"twitter:label1\" content=\"Est. reading time\" \/>\n\t<meta name=\"twitter:data1\" content=\"1 minute\" \/>\n<script type=\"application\/ld+json\" class=\"yoast-schema-graph\">{\"@context\":\"https:\/\/schema.org\",\"@graph\":[{\"@type\":\"WebPage\",\"@id\":\"https:\/\/boxexpert.de\/en\/shop\/treva\/stahlblech-wandgehaeuse-serie-treva-250x200x150mm-deckel-grau\/\",\"url\":\"https:\/\/boxexpert.de\/en\/shop\/treva\/stahlblech-wandgehaeuse-serie-treva-250x200x150mm-deckel-grau\/\",\"name\":\"Kleiner Schaltschrank Metall mit T\u00fcr 250x200150mm IP66\",\"isPartOf\":{\"@id\":\"https:\/\/boxexpert.de\/en\/#website\"},\"primaryImageOfPage\":{\"@id\":\"https:\/\/boxexpert.de\/en\/shop\/treva\/stahlblech-wandgehaeuse-serie-treva-250x200x150mm-deckel-grau\/#primaryimage\"},\"image\":{\"@id\":\"https:\/\/boxexpert.de\/en\/shop\/treva\/stahlblech-wandgehaeuse-serie-treva-250x200x150mm-deckel-grau\/#primaryimage\"},\"thumbnailUrl\":\"https:\/\/boxexpert.de\/wp-content\/uploads\/BOXEXPERT-Schaltschrank-Wandgehaeuse-Stahlblech-Treva-BXPIMB252515-T01-vorne.jpg\",\"datePublished\":\"2026-03-23T05:30:48+00:00\",\"dateModified\":\"2026-03-23T05:30:49+00:00\",\"breadcrumb\":{\"@id\":\"https:\/\/boxexpert.de\/en\/shop\/treva\/stahlblech-wandgehaeuse-serie-treva-250x200x150mm-deckel-grau\/#breadcrumb\"},\"inLanguage\":\"en-US\",\"potentialAction\":[{\"@type\":\"ReadAction\",\"target\":[\"https:\/\/boxexpert.de\/en\/shop\/treva\/stahlblech-wandgehaeuse-serie-treva-250x200x150mm-deckel-grau\/\"]}]},{\"@type\":\"ImageObject\",\"inLanguage\":\"en-US\",\"@id\":\"https:\/\/boxexpert.de\/en\/shop\/treva\/stahlblech-wandgehaeuse-serie-treva-250x200x150mm-deckel-grau\/#primaryimage\",\"url\":\"https:\/\/boxexpert.de\/wp-content\/uploads\/BOXEXPERT-Schaltschrank-Wandgehaeuse-Stahlblech-Treva-BXPIMB252515-T01-vorne.jpg\",\"contentUrl\":\"https:\/\/boxexpert.de\/wp-content\/uploads\/BOXEXPERT-Schaltschrank-Wandgehaeuse-Stahlblech-Treva-BXPIMB252515-T01-vorne.jpg\",\"width\":1710,\"height\":2000},{\"@type\":\"BreadcrumbList\",\"@id\":\"https:\/\/boxexpert.de\/en\/shop\/treva\/stahlblech-wandgehaeuse-serie-treva-250x200x150mm-deckel-grau\/#breadcrumb\",\"itemListElement\":[{\"@type\":\"ListItem\",\"position\":1,\"name\":\"Startseite\",\"item\":\"https:\/\/boxexpert.de\/en\/\"},{\"@type\":\"ListItem\",\"position\":2,\"name\":\"Shop\",\"item\":\"https:\/\/boxexpert.de\/shop\/\"},{\"@type\":\"ListItem\",\"position\":3,\"name\":\"Stahlblech-Wandgeh\u00e4use Serie Treva 250x200x150mm Deckel grau\"}]},{\"@type\":\"WebSite\",\"@id\":\"https:\/\/boxexpert.de\/en\/#website\",\"url\":\"https:\/\/boxexpert.de\/en\/\",\"name\":\"BOXEXPERT - Professionelle Geh\u00e4usel\u00f6sungen f\u00fcr h\u00f6chste Anspr\u00fcche\",\"description\":\"Industrial housings, control cabinets, installation housings, fuse boxes and distribution boxes\",\"potentialAction\":[{\"@type\":\"SearchAction\",\"target\":{\"@type\":\"EntryPoint\",\"urlTemplate\":\"https:\/\/boxexpert.de\/en\/?s={search_term_string}\"},\"query-input\":{\"@type\":\"PropertyValueSpecification\",\"valueRequired\":true,\"valueName\":\"search_term_string\"}}],\"inLanguage\":\"en-US\"}]}<\/script>\n<!-- \/ Yoast SEO plugin. -->","yoast_head_json":{"title":"Kleiner Schaltschrank Metall mit T\u00fcr 250x200150mm IP66","robots":{"index":"index","follow":"follow","max-snippet":"max-snippet:-1","max-image-preview":"max-image-preview:large","max-video-preview":"max-video-preview:-1"},"canonical":"https:\/\/boxexpert.de\/en\/shop\/treva\/stahlblech-wandgehaeuse-serie-treva-250x200x150mm-deckel-grau\/","og_locale":"en_US","og_type":"article","og_title":"Kleiner Schaltschrank Metall mit T\u00fcr 250x200150mm IP66","og_description":"BOXEXPERT Stahlblech-Wandgeh\u00e4use Serie Treva Au\u00dfenma\u00dfe: 250x200x150 mm (LxBxH) Material: Stahlblech gem\u00e4\u00df EN10130+A1 Beschichtung: Geh\u00e4rtete Polyester-Lackbeschichtung RAL 7035 mit UV-Schutz Deckel: Undurchsichtig Schutzart: IP66 Schlagfestigkeit: IK10 Umgebungstemperatur: -25\u00b0C \/ +60\u00b0C Schloss: Standardschloss mit 5mm Doppelbart-Verschluss und Schl\u00fcssel 5mm inkl. Schaltschrankunterteil, T\u00fcr mit eingesch\u00e4umter Dichtung, Montageplatte (Stahlblech, verz. 2mm), Zubeh\u00f6rbeutel (Schl\u00fcssel, 4 Dichtstopfen, Satz aus Muttern und Unterlegscheiben, Ablassstopfen, Kabeldurchf\u00fchrungs-Abdeckung mit Befestigungsschrauben, Montageanleitung) Optionales Zubeh\u00f6r: Wandbefestigungslaschen, Sicherheitsschloss, Kabelverschraubungen, Druckausgleichselemente uvm. Varianten: Mit Sichtt\u00fcr, Ex Zertifiziert.","og_url":"https:\/\/boxexpert.de\/en\/shop\/treva\/stahlblech-wandgehaeuse-serie-treva-250x200x150mm-deckel-grau\/","og_site_name":"BOXEXPERT - Professional enclosure solutions for highest demands","article_modified_time":"2026-03-23T05:30:49+00:00","og_image":[{"width":1710,"height":2000,"url":"https:\/\/boxexpert.de\/wp-content\/uploads\/BOXEXPERT-Schaltschrank-Wandgehaeuse-Stahlblech-Treva-BXPIMB252515-T01-vorne.jpg","type":"image\/jpeg"}],"twitter_card":"summary_large_image","twitter_misc":{"Est. reading time":"1 minute"},"schema":{"@context":"https:\/\/schema.org","@graph":[{"@type":"WebPage","@id":"https:\/\/boxexpert.de\/en\/shop\/treva\/stahlblech-wandgehaeuse-serie-treva-250x200x150mm-deckel-grau\/","url":"https:\/\/boxexpert.de\/en\/shop\/treva\/stahlblech-wandgehaeuse-serie-treva-250x200x150mm-deckel-grau\/","name":"Kleiner Schaltschrank Metall mit T\u00fcr 250x200150mm IP66","isPartOf":{"@id":"https:\/\/boxexpert.de\/en\/#website"},"primaryImageOfPage":{"@id":"https:\/\/boxexpert.de\/en\/shop\/treva\/stahlblech-wandgehaeuse-serie-treva-250x200x150mm-deckel-grau\/#primaryimage"},"image":{"@id":"https:\/\/boxexpert.de\/en\/shop\/treva\/stahlblech-wandgehaeuse-serie-treva-250x200x150mm-deckel-grau\/#primaryimage"},"thumbnailUrl":"https:\/\/boxexpert.de\/wp-content\/uploads\/BOXEXPERT-Schaltschrank-Wandgehaeuse-Stahlblech-Treva-BXPIMB252515-T01-vorne.jpg","datePublished":"2026-03-23T05:30:48+00:00","dateModified":"2026-03-23T05:30:49+00:00","breadcrumb":{"@id":"https:\/\/boxexpert.de\/en\/shop\/treva\/stahlblech-wandgehaeuse-serie-treva-250x200x150mm-deckel-grau\/#breadcrumb"},"inLanguage":"en-US","potentialAction":[{"@type":"ReadAction","target":["https:\/\/boxexpert.de\/en\/shop\/treva\/stahlblech-wandgehaeuse-serie-treva-250x200x150mm-deckel-grau\/"]}]},{"@type":"ImageObject","inLanguage":"en-US","@id":"https:\/\/boxexpert.de\/en\/shop\/treva\/stahlblech-wandgehaeuse-serie-treva-250x200x150mm-deckel-grau\/#primaryimage","url":"https:\/\/boxexpert.de\/wp-content\/uploads\/BOXEXPERT-Schaltschrank-Wandgehaeuse-Stahlblech-Treva-BXPIMB252515-T01-vorne.jpg","contentUrl":"https:\/\/boxexpert.de\/wp-content\/uploads\/BOXEXPERT-Schaltschrank-Wandgehaeuse-Stahlblech-Treva-BXPIMB252515-T01-vorne.jpg","width":1710,"height":2000},{"@type":"BreadcrumbList","@id":"https:\/\/boxexpert.de\/en\/shop\/treva\/stahlblech-wandgehaeuse-serie-treva-250x200x150mm-deckel-grau\/#breadcrumb","itemListElement":[{"@type":"ListItem","position":1,"name":"Startseite","item":"https:\/\/boxexpert.de\/en\/"},{"@type":"ListItem","position":2,"name":"Shop","item":"https:\/\/boxexpert.de\/shop\/"},{"@type":"ListItem","position":3,"name":"Stahlblech-Wandgeh\u00e4use Serie Treva 250x200x150mm Deckel grau"}]},{"@type":"WebSite","@id":"https:\/\/boxexpert.de\/en\/#website","url":"https:\/\/boxexpert.de\/en\/","name":"BOXEXPERT - Professionelle Geh\u00e4usel\u00f6sungen f\u00fcr h\u00f6chste Anspr\u00fcche","description":"Industrial housings, control cabinets, installation housings, fuse boxes and distribution boxes","potentialAction":[{"@type":"SearchAction","target":{"@type":"EntryPoint","urlTemplate":"https:\/\/boxexpert.de\/en\/?s={search_term_string}"},"query-input":{"@type":"PropertyValueSpecification","valueRequired":true,"valueName":"search_term_string"}}],"inLanguage":"en-US"}]}},"_links":{"self":[{"href":"https:\/\/boxexpert.de\/en\/wp-json\/wp\/v2\/product\/142737","targetHints":{"allow":["GET"]}}],"collection":[{"href":"https:\/\/boxexpert.de\/en\/wp-json\/wp\/v2\/product"}],"about":[{"href":"https:\/\/boxexpert.de\/en\/wp-json\/wp\/v2\/types\/product"}],"wp:featuredmedia":[{"embeddable":true,"href":"https:\/\/boxexpert.de\/en\/wp-json\/wp\/v2\/media\/173324"}],"wp:attachment":[{"href":"https:\/\/boxexpert.de\/en\/wp-json\/wp\/v2\/media?parent=142737"}],"wp:term":[{"taxonomy":"product_brand","embeddable":true,"href":"https:\/\/boxexpert.de\/en\/wp-json\/wp\/v2\/product_brand?post=142737"},{"taxonomy":"product_cat","embeddable":true,"href":"https:\/\/boxexpert.de\/en\/wp-json\/wp\/v2\/product_cat?post=142737"},{"taxonomy":"product_tag","embeddable":true,"href":"https:\/\/boxexpert.de\/en\/wp-json\/wp\/v2\/product_tag?post=142737"}],"curies":[{"name":"wp","href":"https:\/\/api.w.org\/{rel}","templated":true}]}}