{"id":144310,"date":"2026-04-02T05:30:59","date_gmt":"2026-04-02T05:30:59","guid":{"rendered":"https:\/\/boxexpert.de\/shop\/unkategorisiert\/zubehoersatz-fuer-serie-fleet-1x-dreikantschluessel-4x-befestigungswinkel-montageschrauben\/"},"modified":"2026-04-02T05:30:59","modified_gmt":"2026-04-02T05:30:59","slug":"zubehoersatz-fuer-serie-fleet-200x300x130-500x700x250mm-grau-grau-transparent-1x-dreikantschluessel-4x-wandbefestigungslaschen-montageschrauben","status":"publish","type":"product","link":"https:\/\/boxexpert.de\/en\/shop\/fleet-zubehoer\/zubehoersatz-fuer-serie-fleet-200x300x130-500x700x250mm-grau-grau-transparent-1x-dreikantschluessel-4x-wandbefestigungslaschen-montageschrauben\/","title":{"rendered":"Zubeh\u00f6rsatz f\u00fcr Serie Fleet 200x300x130-500x700x250mm grau\/grau-transparent (1x Dreikantschl\u00fcssel, 4x Wandbefestigungslaschen, Montageschrauben)"},"content":{"rendered":"<p>BOXEXPERT ist ihr Partner f\u00fcr Premium-Geh\u00e4use f\u00fcr den gehobenen Anspruch. F\u00fcr alle Geh\u00e4use unserer verschiedenen Serien bieten wir umfangreiches Zubeh\u00f6r wie Kabelverschraubungen, Tragschienen, Montageplatten uvm. an. Auf Wunsch kann jedes Geh\u00e4use (auch in kleineren St\u00fcckzahlen) durch uns bearbeitet werden (Bohrungen, Gewinde, Ausschnitte, Verkabelung, Beschriftung u.\u00e4.). Gern besprechen wir Ihre individuellen W\u00fcnsche mit Ihnen.<\/p>\n","protected":false},"excerpt":{"rendered":"<p>BOXEXPERT Zubeh\u00f6rsatz  1x Dreikantschl\u00fcssel, 4x Wandbefestigungslaschen, Montageschrauben<\/p>\n","protected":false},"featured_media":144311,"template":"","meta":{"_acf_changed":false,"content-type":""},"product_brand":[],"product_cat":[434],"product_tag":[],"class_list":{"0":"post-144310","1":"product","2":"type-product","3":"status-publish","4":"has-post-thumbnail","6":"product_cat-fleet-zubehoer","8":"first","9":"instock","10":"purchasable","11":"product-type-simple"},"acf":[],"yoast_head":"<!-- This site is optimized with the Yoast SEO plugin v27.2 - https:\/\/yoast.com\/product\/yoast-seo-wordpress\/ -->\n<title>BOXEXPERT Zubeh\u00f6rsatz f\u00fcr Serie Fleet 200x300x130-500x700x250mm grau\/grau-transparent (1x Dreikantschl\u00fcssel, 4x Wandbefestigungslaschen, Montageschrauben)<\/title>\n<meta name=\"robots\" content=\"index, follow, max-snippet:-1, max-image-preview:large, max-video-preview:-1\" \/>\n<link rel=\"canonical\" href=\"https:\/\/boxexpert.de\/en\/shop\/fleet-zubehoer\/zubehoersatz-fuer-serie-fleet-200x300x130-500x700x250mm-grau-grau-transparent-1x-dreikantschluessel-4x-wandbefestigungslaschen-montageschrauben\/\" \/>\n<meta property=\"og:locale\" content=\"en_US\" \/>\n<meta property=\"og:type\" content=\"article\" \/>\n<meta property=\"og:title\" content=\"BOXEXPERT Zubeh\u00f6rsatz f\u00fcr Serie Fleet 200x300x130-500x700x250mm grau\/grau-transparent (1x Dreikantschl\u00fcssel, 4x Wandbefestigungslaschen, Montageschrauben)\" \/>\n<meta property=\"og:description\" content=\"BOXEXPERT Zubeh\u00f6rsatz 1x Dreikantschl\u00fcssel, 4x Wandbefestigungslaschen, Montageschrauben\" \/>\n<meta property=\"og:url\" content=\"https:\/\/boxexpert.de\/en\/shop\/fleet-zubehoer\/zubehoersatz-fuer-serie-fleet-200x300x130-500x700x250mm-grau-grau-transparent-1x-dreikantschluessel-4x-wandbefestigungslaschen-montageschrauben\/\" \/>\n<meta property=\"og:site_name\" content=\"BOXEXPERT - Professional enclosure solutions for highest demands\" \/>\n<meta property=\"og:image\" content=\"https:\/\/boxexpert.de\/wp-content\/uploads\/BOXEXPERT-Hamburg-Fleet-Schaltschrank-BXPP-ABS-PC-Zubehoer-Wandbefestigungslasche-Verriegelungsschl-ssel-Montageschrauben-98.jpg\" \/>\n\t<meta property=\"og:image:width\" content=\"2000\" \/>\n\t<meta property=\"og:image:height\" content=\"1119\" \/>\n\t<meta property=\"og:image:type\" content=\"image\/jpeg\" \/>\n<meta name=\"twitter:card\" content=\"summary_large_image\" \/>\n<script type=\"application\/ld+json\" class=\"yoast-schema-graph\">{\"@context\":\"https:\/\/schema.org\",\"@graph\":[{\"@type\":\"WebPage\",\"@id\":\"https:\/\/boxexpert.de\/en\/shop\/fleet-zubehoer\/zubehoersatz-fuer-serie-fleet-200x300x130-500x700x250mm-grau-grau-transparent-1x-dreikantschluessel-4x-wandbefestigungslaschen-montageschrauben\/\",\"url\":\"https:\/\/boxexpert.de\/en\/shop\/fleet-zubehoer\/zubehoersatz-fuer-serie-fleet-200x300x130-500x700x250mm-grau-grau-transparent-1x-dreikantschluessel-4x-wandbefestigungslaschen-montageschrauben\/\",\"name\":\"BOXEXPERT Zubeh\u00f6rsatz f\u00fcr Serie Fleet 200x300x130-500x700x250mm grau\/grau-transparent (1x Dreikantschl\u00fcssel, 4x Wandbefestigungslaschen, Montageschrauben)\",\"isPartOf\":{\"@id\":\"https:\/\/boxexpert.de\/en\/#website\"},\"primaryImageOfPage\":{\"@id\":\"https:\/\/boxexpert.de\/en\/shop\/fleet-zubehoer\/zubehoersatz-fuer-serie-fleet-200x300x130-500x700x250mm-grau-grau-transparent-1x-dreikantschluessel-4x-wandbefestigungslaschen-montageschrauben\/#primaryimage\"},\"image\":{\"@id\":\"https:\/\/boxexpert.de\/en\/shop\/fleet-zubehoer\/zubehoersatz-fuer-serie-fleet-200x300x130-500x700x250mm-grau-grau-transparent-1x-dreikantschluessel-4x-wandbefestigungslaschen-montageschrauben\/#primaryimage\"},\"thumbnailUrl\":\"https:\/\/boxexpert.de\/wp-content\/uploads\/BOXEXPERT-Hamburg-Fleet-Schaltschrank-BXPP-ABS-PC-Zubehoer-Wandbefestigungslasche-Verriegelungsschl-ssel-Montageschrauben-98.jpg\",\"datePublished\":\"2026-04-02T05:30:59+00:00\",\"breadcrumb\":{\"@id\":\"https:\/\/boxexpert.de\/en\/shop\/fleet-zubehoer\/zubehoersatz-fuer-serie-fleet-200x300x130-500x700x250mm-grau-grau-transparent-1x-dreikantschluessel-4x-wandbefestigungslaschen-montageschrauben\/#breadcrumb\"},\"inLanguage\":\"en-US\",\"potentialAction\":[{\"@type\":\"ReadAction\",\"target\":[\"https:\/\/boxexpert.de\/en\/shop\/fleet-zubehoer\/zubehoersatz-fuer-serie-fleet-200x300x130-500x700x250mm-grau-grau-transparent-1x-dreikantschluessel-4x-wandbefestigungslaschen-montageschrauben\/\"]}]},{\"@type\":\"ImageObject\",\"inLanguage\":\"en-US\",\"@id\":\"https:\/\/boxexpert.de\/en\/shop\/fleet-zubehoer\/zubehoersatz-fuer-serie-fleet-200x300x130-500x700x250mm-grau-grau-transparent-1x-dreikantschluessel-4x-wandbefestigungslaschen-montageschrauben\/#primaryimage\",\"url\":\"https:\/\/boxexpert.de\/wp-content\/uploads\/BOXEXPERT-Hamburg-Fleet-Schaltschrank-BXPP-ABS-PC-Zubehoer-Wandbefestigungslasche-Verriegelungsschl-ssel-Montageschrauben-98.jpg\",\"contentUrl\":\"https:\/\/boxexpert.de\/wp-content\/uploads\/BOXEXPERT-Hamburg-Fleet-Schaltschrank-BXPP-ABS-PC-Zubehoer-Wandbefestigungslasche-Verriegelungsschl-ssel-Montageschrauben-98.jpg\",\"width\":2000,\"height\":1119},{\"@type\":\"BreadcrumbList\",\"@id\":\"https:\/\/boxexpert.de\/en\/shop\/fleet-zubehoer\/zubehoersatz-fuer-serie-fleet-200x300x130-500x700x250mm-grau-grau-transparent-1x-dreikantschluessel-4x-wandbefestigungslaschen-montageschrauben\/#breadcrumb\",\"itemListElement\":[{\"@type\":\"ListItem\",\"position\":1,\"name\":\"Startseite\",\"item\":\"https:\/\/boxexpert.de\/en\/\"},{\"@type\":\"ListItem\",\"position\":2,\"name\":\"Shop\",\"item\":\"https:\/\/boxexpert.de\/shop\/\"},{\"@type\":\"ListItem\",\"position\":3,\"name\":\"Zubeh\u00f6rsatz f\u00fcr Serie Fleet 200x300x130-500x700x250mm grau\/grau-transparent (1x Dreikantschl\u00fcssel, 4x Wandbefestigungslaschen, Montageschrauben)\"}]},{\"@type\":\"WebSite\",\"@id\":\"https:\/\/boxexpert.de\/en\/#website\",\"url\":\"https:\/\/boxexpert.de\/en\/\",\"name\":\"BOXEXPERT - Professionelle Geh\u00e4usel\u00f6sungen f\u00fcr h\u00f6chste Anspr\u00fcche\",\"description\":\"Industrial housings, control cabinets, installation housings, fuse boxes and distribution boxes\",\"potentialAction\":[{\"@type\":\"SearchAction\",\"target\":{\"@type\":\"EntryPoint\",\"urlTemplate\":\"https:\/\/boxexpert.de\/en\/?s={search_term_string}\"},\"query-input\":{\"@type\":\"PropertyValueSpecification\",\"valueRequired\":true,\"valueName\":\"search_term_string\"}}],\"inLanguage\":\"en-US\"}]}<\/script>\n<!-- \/ Yoast SEO plugin. -->","yoast_head_json":{"title":"BOXEXPERT Zubeh\u00f6rsatz f\u00fcr Serie Fleet 200x300x130-500x700x250mm grau\/grau-transparent (1x Dreikantschl\u00fcssel, 4x Wandbefestigungslaschen, Montageschrauben)","robots":{"index":"index","follow":"follow","max-snippet":"max-snippet:-1","max-image-preview":"max-image-preview:large","max-video-preview":"max-video-preview:-1"},"canonical":"https:\/\/boxexpert.de\/en\/shop\/fleet-zubehoer\/zubehoersatz-fuer-serie-fleet-200x300x130-500x700x250mm-grau-grau-transparent-1x-dreikantschluessel-4x-wandbefestigungslaschen-montageschrauben\/","og_locale":"en_US","og_type":"article","og_title":"BOXEXPERT Zubeh\u00f6rsatz f\u00fcr Serie Fleet 200x300x130-500x700x250mm grau\/grau-transparent (1x Dreikantschl\u00fcssel, 4x Wandbefestigungslaschen, Montageschrauben)","og_description":"BOXEXPERT Zubeh\u00f6rsatz 1x Dreikantschl\u00fcssel, 4x Wandbefestigungslaschen, Montageschrauben","og_url":"https:\/\/boxexpert.de\/en\/shop\/fleet-zubehoer\/zubehoersatz-fuer-serie-fleet-200x300x130-500x700x250mm-grau-grau-transparent-1x-dreikantschluessel-4x-wandbefestigungslaschen-montageschrauben\/","og_site_name":"BOXEXPERT - Professional enclosure solutions for highest demands","og_image":[{"width":2000,"height":1119,"url":"https:\/\/boxexpert.de\/wp-content\/uploads\/BOXEXPERT-Hamburg-Fleet-Schaltschrank-BXPP-ABS-PC-Zubehoer-Wandbefestigungslasche-Verriegelungsschl-ssel-Montageschrauben-98.jpg","type":"image\/jpeg"}],"twitter_card":"summary_large_image","schema":{"@context":"https:\/\/schema.org","@graph":[{"@type":"WebPage","@id":"https:\/\/boxexpert.de\/en\/shop\/fleet-zubehoer\/zubehoersatz-fuer-serie-fleet-200x300x130-500x700x250mm-grau-grau-transparent-1x-dreikantschluessel-4x-wandbefestigungslaschen-montageschrauben\/","url":"https:\/\/boxexpert.de\/en\/shop\/fleet-zubehoer\/zubehoersatz-fuer-serie-fleet-200x300x130-500x700x250mm-grau-grau-transparent-1x-dreikantschluessel-4x-wandbefestigungslaschen-montageschrauben\/","name":"BOXEXPERT Zubeh\u00f6rsatz f\u00fcr Serie Fleet 200x300x130-500x700x250mm grau\/grau-transparent (1x Dreikantschl\u00fcssel, 4x Wandbefestigungslaschen, Montageschrauben)","isPartOf":{"@id":"https:\/\/boxexpert.de\/en\/#website"},"primaryImageOfPage":{"@id":"https:\/\/boxexpert.de\/en\/shop\/fleet-zubehoer\/zubehoersatz-fuer-serie-fleet-200x300x130-500x700x250mm-grau-grau-transparent-1x-dreikantschluessel-4x-wandbefestigungslaschen-montageschrauben\/#primaryimage"},"image":{"@id":"https:\/\/boxexpert.de\/en\/shop\/fleet-zubehoer\/zubehoersatz-fuer-serie-fleet-200x300x130-500x700x250mm-grau-grau-transparent-1x-dreikantschluessel-4x-wandbefestigungslaschen-montageschrauben\/#primaryimage"},"thumbnailUrl":"https:\/\/boxexpert.de\/wp-content\/uploads\/BOXEXPERT-Hamburg-Fleet-Schaltschrank-BXPP-ABS-PC-Zubehoer-Wandbefestigungslasche-Verriegelungsschl-ssel-Montageschrauben-98.jpg","datePublished":"2026-04-02T05:30:59+00:00","breadcrumb":{"@id":"https:\/\/boxexpert.de\/en\/shop\/fleet-zubehoer\/zubehoersatz-fuer-serie-fleet-200x300x130-500x700x250mm-grau-grau-transparent-1x-dreikantschluessel-4x-wandbefestigungslaschen-montageschrauben\/#breadcrumb"},"inLanguage":"en-US","potentialAction":[{"@type":"ReadAction","target":["https:\/\/boxexpert.de\/en\/shop\/fleet-zubehoer\/zubehoersatz-fuer-serie-fleet-200x300x130-500x700x250mm-grau-grau-transparent-1x-dreikantschluessel-4x-wandbefestigungslaschen-montageschrauben\/"]}]},{"@type":"ImageObject","inLanguage":"en-US","@id":"https:\/\/boxexpert.de\/en\/shop\/fleet-zubehoer\/zubehoersatz-fuer-serie-fleet-200x300x130-500x700x250mm-grau-grau-transparent-1x-dreikantschluessel-4x-wandbefestigungslaschen-montageschrauben\/#primaryimage","url":"https:\/\/boxexpert.de\/wp-content\/uploads\/BOXEXPERT-Hamburg-Fleet-Schaltschrank-BXPP-ABS-PC-Zubehoer-Wandbefestigungslasche-Verriegelungsschl-ssel-Montageschrauben-98.jpg","contentUrl":"https:\/\/boxexpert.de\/wp-content\/uploads\/BOXEXPERT-Hamburg-Fleet-Schaltschrank-BXPP-ABS-PC-Zubehoer-Wandbefestigungslasche-Verriegelungsschl-ssel-Montageschrauben-98.jpg","width":2000,"height":1119},{"@type":"BreadcrumbList","@id":"https:\/\/boxexpert.de\/en\/shop\/fleet-zubehoer\/zubehoersatz-fuer-serie-fleet-200x300x130-500x700x250mm-grau-grau-transparent-1x-dreikantschluessel-4x-wandbefestigungslaschen-montageschrauben\/#breadcrumb","itemListElement":[{"@type":"ListItem","position":1,"name":"Startseite","item":"https:\/\/boxexpert.de\/en\/"},{"@type":"ListItem","position":2,"name":"Shop","item":"https:\/\/boxexpert.de\/shop\/"},{"@type":"ListItem","position":3,"name":"Zubeh\u00f6rsatz f\u00fcr Serie Fleet 200x300x130-500x700x250mm grau\/grau-transparent (1x Dreikantschl\u00fcssel, 4x Wandbefestigungslaschen, Montageschrauben)"}]},{"@type":"WebSite","@id":"https:\/\/boxexpert.de\/en\/#website","url":"https:\/\/boxexpert.de\/en\/","name":"BOXEXPERT - Professionelle Geh\u00e4usel\u00f6sungen f\u00fcr h\u00f6chste Anspr\u00fcche","description":"Industrial housings, control cabinets, installation housings, fuse boxes and distribution boxes","potentialAction":[{"@type":"SearchAction","target":{"@type":"EntryPoint","urlTemplate":"https:\/\/boxexpert.de\/en\/?s={search_term_string}"},"query-input":{"@type":"PropertyValueSpecification","valueRequired":true,"valueName":"search_term_string"}}],"inLanguage":"en-US"}]}},"_links":{"self":[{"href":"https:\/\/boxexpert.de\/en\/wp-json\/wp\/v2\/product\/144310","targetHints":{"allow":["GET"]}}],"collection":[{"href":"https:\/\/boxexpert.de\/en\/wp-json\/wp\/v2\/product"}],"about":[{"href":"https:\/\/boxexpert.de\/en\/wp-json\/wp\/v2\/types\/product"}],"wp:featuredmedia":[{"embeddable":true,"href":"https:\/\/boxexpert.de\/en\/wp-json\/wp\/v2\/media\/144311"}],"wp:attachment":[{"href":"https:\/\/boxexpert.de\/en\/wp-json\/wp\/v2\/media?parent=144310"}],"wp:term":[{"taxonomy":"product_brand","embeddable":true,"href":"https:\/\/boxexpert.de\/en\/wp-json\/wp\/v2\/product_brand?post=144310"},{"taxonomy":"product_cat","embeddable":true,"href":"https:\/\/boxexpert.de\/en\/wp-json\/wp\/v2\/product_cat?post=144310"},{"taxonomy":"product_tag","embeddable":true,"href":"https:\/\/boxexpert.de\/en\/wp-json\/wp\/v2\/product_tag?post=144310"}],"curies":[{"name":"wp","href":"https:\/\/api.w.org\/{rel}","templated":true}]}}