{"id":144523,"date":"2026-03-13T05:30:44","date_gmt":"2026-03-13T05:30:44","guid":{"rendered":"https:\/\/boxexpert.de\/shop\/unkategorisiert\/kunststoff-gehaeuse-serie-elbe-120x80x55mm-lichtgrau\/"},"modified":"2026-03-13T05:30:45","modified_gmt":"2026-03-13T05:30:45","slug":"kunststoff-gehaeuse-serie-elbe-120x80x55mm-lichtgrau","status":"publish","type":"product","link":"https:\/\/boxexpert.de\/en\/shop\/elbe-grau\/kunststoff-gehaeuse-serie-elbe-120x80x55mm-lichtgrau\/","title":{"rendered":"Kunststoff-Geh\u00e4use Serie Elbe 120x80x55mm lichtgrau"},"content":{"rendered":"<p>Das BXPBABS1208055-E02 der Serie Elbe von BOXEXPERT ist ein Geh\u00e4use aus ABS-Kunststoff mit universellen Anwendungsbereichen. Das Geh\u00e4use bietet durch seine Schraubkan\u00e4le im Unterteil eine einfache Montage an der Wand. Im Inneren des Geh\u00e4uses k\u00f6nnen u.a. Leiterplatten \u00fcber Schraubdome im Unterteil sicher befestigt werden. Zus\u00e4tzlich bietet es gro\u00dfe und ebene Bearbeitungsfl\u00e4chen und vielseitige Montagem\u00f6glichkeiten f\u00fcr Displays, Folientastaturen, Steckverbinder, Schalter und Tasten.<\/p>\n<p>Durch die eingesch\u00e4umte Dichtung bietet das Kunststoffgeh\u00e4use eine Schutzart von IP 66 und ist damit problemlos f\u00fcr jeglichen Au\u00dfeneinsatz geeignet. Die L\u00f6cher f\u00fcr die Wandbefestigung sind au\u00dferhalb des Dichtbereiches angebracht, so dass die Schutzart auch nach der Montage gew\u00e4hrleistet wird.<\/p>\n<p>Zubeh\u00f6r: Kabelverschraubungen schwarz<\/p>\n<p>BOXEXPERT ist ihr Partner f\u00fcr Premium-Geh\u00e4use f\u00fcr den gehobenen Anspruch. Auf Wunsch kann jedes Geh\u00e4use (auch in kleineren St\u00fcckzahlen) durch uns bearbeitet werden (Bohrungen, Gewinde, Ausschnitte, Verkabelung, Beschriftung u.\u00e4.). F\u00fcr alle Geh\u00e4use unserer verschiedenen Serien bieten wir umfangreiches Zubeh\u00f6r wie Kabelverschraubungen, Tragschienen, Montageplatten uvm. an. Gern besprechen wir Ihre individuellen W\u00fcnsche mit Ihnen.<\/p>\n","protected":false},"excerpt":{"rendered":"<p>BOXEXPERT ABS Geh\u00e4use Serie Elbe  Au\u00dfenma\u00dfe: 120x80x55 mm (LxBxH) Material: ABS Farbe: Lichtgrau (\u00e4hnl. RAL 7035) Schutzart: IP66  Betriebstemperatur: -20\u00b0C bis +65\u00b0C  inkl. 4x Deckelschrauben, 4x Erdungsschrauben<\/p>\n","protected":false},"featured_media":144524,"template":"","meta":{"_acf_changed":false,"content-type":""},"product_brand":[],"product_cat":[437],"product_tag":[],"class_list":{"0":"post-144523","1":"product","2":"type-product","3":"status-publish","4":"has-post-thumbnail","6":"product_cat-elbe-grau","7":"pa_material-deckel-transparent-abs","9":"first","10":"instock","11":"purchasable","12":"product-type-simple"},"acf":[],"yoast_head":"<!-- This site is optimized with the Yoast SEO plugin v27.2 - https:\/\/yoast.com\/product\/yoast-seo-wordpress\/ -->\n<title>BOXEXPERT Kunststoff-Geh\u00e4use Serie Elbe 120x80x55mm lichtgrau<\/title>\n<meta name=\"robots\" content=\"index, follow, max-snippet:-1, max-image-preview:large, max-video-preview:-1\" \/>\n<link rel=\"canonical\" href=\"https:\/\/boxexpert.de\/en\/shop\/elbe-grau\/kunststoff-gehaeuse-serie-elbe-120x80x55mm-lichtgrau\/\" \/>\n<meta property=\"og:locale\" content=\"en_US\" \/>\n<meta property=\"og:type\" content=\"article\" \/>\n<meta property=\"og:title\" content=\"BOXEXPERT Kunststoff-Geh\u00e4use Serie Elbe 120x80x55mm lichtgrau\" \/>\n<meta property=\"og:description\" content=\"BOXEXPERT ABS Geh\u00e4use Serie Elbe Au\u00dfenma\u00dfe: 120x80x55 mm (LxBxH) Material: ABS Farbe: Lichtgrau (\u00e4hnl. RAL 7035) Schutzart: IP66 Betriebstemperatur: -20\u00b0C bis +65\u00b0C inkl. 4x Deckelschrauben, 4x Erdungsschrauben\" \/>\n<meta property=\"og:url\" content=\"https:\/\/boxexpert.de\/en\/shop\/elbe-grau\/kunststoff-gehaeuse-serie-elbe-120x80x55mm-lichtgrau\/\" \/>\n<meta property=\"og:site_name\" content=\"BOXEXPERT - Professional enclosure solutions for highest demands\" \/>\n<meta property=\"article:modified_time\" content=\"2026-03-13T05:30:45+00:00\" \/>\n<meta property=\"og:image\" content=\"https:\/\/boxexpert.de\/wp-content\/uploads\/BOXEXPERT-Gehaeuse-ABS-Elbe-BXPBABS1208055-E02-Offen-3.jpg\" \/>\n\t<meta property=\"og:image:width\" content=\"2500\" \/>\n\t<meta property=\"og:image:height\" content=\"1656\" \/>\n\t<meta property=\"og:image:type\" content=\"image\/jpeg\" \/>\n<meta name=\"twitter:card\" content=\"summary_large_image\" \/>\n<meta name=\"twitter:label1\" content=\"Est. reading time\" \/>\n\t<meta name=\"twitter:data1\" content=\"1 minute\" \/>\n<script type=\"application\/ld+json\" class=\"yoast-schema-graph\">{\"@context\":\"https:\/\/schema.org\",\"@graph\":[{\"@type\":\"WebPage\",\"@id\":\"https:\/\/boxexpert.de\/en\/shop\/elbe-grau\/kunststoff-gehaeuse-serie-elbe-120x80x55mm-lichtgrau\/\",\"url\":\"https:\/\/boxexpert.de\/en\/shop\/elbe-grau\/kunststoff-gehaeuse-serie-elbe-120x80x55mm-lichtgrau\/\",\"name\":\"BOXEXPERT Kunststoff-Geh\u00e4use Serie Elbe 120x80x55mm lichtgrau\",\"isPartOf\":{\"@id\":\"https:\/\/boxexpert.de\/en\/#website\"},\"primaryImageOfPage\":{\"@id\":\"https:\/\/boxexpert.de\/en\/shop\/elbe-grau\/kunststoff-gehaeuse-serie-elbe-120x80x55mm-lichtgrau\/#primaryimage\"},\"image\":{\"@id\":\"https:\/\/boxexpert.de\/en\/shop\/elbe-grau\/kunststoff-gehaeuse-serie-elbe-120x80x55mm-lichtgrau\/#primaryimage\"},\"thumbnailUrl\":\"https:\/\/boxexpert.de\/wp-content\/uploads\/BOXEXPERT-Gehaeuse-ABS-Elbe-BXPBABS1208055-E02-Offen-3.jpg\",\"datePublished\":\"2026-03-13T05:30:44+00:00\",\"dateModified\":\"2026-03-13T05:30:45+00:00\",\"breadcrumb\":{\"@id\":\"https:\/\/boxexpert.de\/en\/shop\/elbe-grau\/kunststoff-gehaeuse-serie-elbe-120x80x55mm-lichtgrau\/#breadcrumb\"},\"inLanguage\":\"en-US\",\"potentialAction\":[{\"@type\":\"ReadAction\",\"target\":[\"https:\/\/boxexpert.de\/en\/shop\/elbe-grau\/kunststoff-gehaeuse-serie-elbe-120x80x55mm-lichtgrau\/\"]}]},{\"@type\":\"ImageObject\",\"inLanguage\":\"en-US\",\"@id\":\"https:\/\/boxexpert.de\/en\/shop\/elbe-grau\/kunststoff-gehaeuse-serie-elbe-120x80x55mm-lichtgrau\/#primaryimage\",\"url\":\"https:\/\/boxexpert.de\/wp-content\/uploads\/BOXEXPERT-Gehaeuse-ABS-Elbe-BXPBABS1208055-E02-Offen-3.jpg\",\"contentUrl\":\"https:\/\/boxexpert.de\/wp-content\/uploads\/BOXEXPERT-Gehaeuse-ABS-Elbe-BXPBABS1208055-E02-Offen-3.jpg\",\"width\":2500,\"height\":1656},{\"@type\":\"BreadcrumbList\",\"@id\":\"https:\/\/boxexpert.de\/en\/shop\/elbe-grau\/kunststoff-gehaeuse-serie-elbe-120x80x55mm-lichtgrau\/#breadcrumb\",\"itemListElement\":[{\"@type\":\"ListItem\",\"position\":1,\"name\":\"Startseite\",\"item\":\"https:\/\/boxexpert.de\/en\/\"},{\"@type\":\"ListItem\",\"position\":2,\"name\":\"Shop\",\"item\":\"https:\/\/boxexpert.de\/shop\/\"},{\"@type\":\"ListItem\",\"position\":3,\"name\":\"Kunststoff-Geh\u00e4use Serie Elbe 120x80x55mm lichtgrau\"}]},{\"@type\":\"WebSite\",\"@id\":\"https:\/\/boxexpert.de\/en\/#website\",\"url\":\"https:\/\/boxexpert.de\/en\/\",\"name\":\"BOXEXPERT - Professionelle Geh\u00e4usel\u00f6sungen f\u00fcr h\u00f6chste Anspr\u00fcche\",\"description\":\"Industrial housings, control cabinets, installation housings, fuse boxes and distribution boxes\",\"potentialAction\":[{\"@type\":\"SearchAction\",\"target\":{\"@type\":\"EntryPoint\",\"urlTemplate\":\"https:\/\/boxexpert.de\/en\/?s={search_term_string}\"},\"query-input\":{\"@type\":\"PropertyValueSpecification\",\"valueRequired\":true,\"valueName\":\"search_term_string\"}}],\"inLanguage\":\"en-US\"}]}<\/script>\n<!-- \/ Yoast SEO plugin. -->","yoast_head_json":{"title":"BOXEXPERT Kunststoff-Geh\u00e4use Serie Elbe 120x80x55mm lichtgrau","robots":{"index":"index","follow":"follow","max-snippet":"max-snippet:-1","max-image-preview":"max-image-preview:large","max-video-preview":"max-video-preview:-1"},"canonical":"https:\/\/boxexpert.de\/en\/shop\/elbe-grau\/kunststoff-gehaeuse-serie-elbe-120x80x55mm-lichtgrau\/","og_locale":"en_US","og_type":"article","og_title":"BOXEXPERT Kunststoff-Geh\u00e4use Serie Elbe 120x80x55mm lichtgrau","og_description":"BOXEXPERT ABS Geh\u00e4use Serie Elbe Au\u00dfenma\u00dfe: 120x80x55 mm (LxBxH) Material: ABS Farbe: Lichtgrau (\u00e4hnl. RAL 7035) Schutzart: IP66 Betriebstemperatur: -20\u00b0C bis +65\u00b0C inkl. 4x Deckelschrauben, 4x Erdungsschrauben","og_url":"https:\/\/boxexpert.de\/en\/shop\/elbe-grau\/kunststoff-gehaeuse-serie-elbe-120x80x55mm-lichtgrau\/","og_site_name":"BOXEXPERT - Professional enclosure solutions for highest demands","article_modified_time":"2026-03-13T05:30:45+00:00","og_image":[{"width":2500,"height":1656,"url":"https:\/\/boxexpert.de\/wp-content\/uploads\/BOXEXPERT-Gehaeuse-ABS-Elbe-BXPBABS1208055-E02-Offen-3.jpg","type":"image\/jpeg"}],"twitter_card":"summary_large_image","twitter_misc":{"Est. reading time":"1 minute"},"schema":{"@context":"https:\/\/schema.org","@graph":[{"@type":"WebPage","@id":"https:\/\/boxexpert.de\/en\/shop\/elbe-grau\/kunststoff-gehaeuse-serie-elbe-120x80x55mm-lichtgrau\/","url":"https:\/\/boxexpert.de\/en\/shop\/elbe-grau\/kunststoff-gehaeuse-serie-elbe-120x80x55mm-lichtgrau\/","name":"BOXEXPERT Kunststoff-Geh\u00e4use Serie Elbe 120x80x55mm lichtgrau","isPartOf":{"@id":"https:\/\/boxexpert.de\/en\/#website"},"primaryImageOfPage":{"@id":"https:\/\/boxexpert.de\/en\/shop\/elbe-grau\/kunststoff-gehaeuse-serie-elbe-120x80x55mm-lichtgrau\/#primaryimage"},"image":{"@id":"https:\/\/boxexpert.de\/en\/shop\/elbe-grau\/kunststoff-gehaeuse-serie-elbe-120x80x55mm-lichtgrau\/#primaryimage"},"thumbnailUrl":"https:\/\/boxexpert.de\/wp-content\/uploads\/BOXEXPERT-Gehaeuse-ABS-Elbe-BXPBABS1208055-E02-Offen-3.jpg","datePublished":"2026-03-13T05:30:44+00:00","dateModified":"2026-03-13T05:30:45+00:00","breadcrumb":{"@id":"https:\/\/boxexpert.de\/en\/shop\/elbe-grau\/kunststoff-gehaeuse-serie-elbe-120x80x55mm-lichtgrau\/#breadcrumb"},"inLanguage":"en-US","potentialAction":[{"@type":"ReadAction","target":["https:\/\/boxexpert.de\/en\/shop\/elbe-grau\/kunststoff-gehaeuse-serie-elbe-120x80x55mm-lichtgrau\/"]}]},{"@type":"ImageObject","inLanguage":"en-US","@id":"https:\/\/boxexpert.de\/en\/shop\/elbe-grau\/kunststoff-gehaeuse-serie-elbe-120x80x55mm-lichtgrau\/#primaryimage","url":"https:\/\/boxexpert.de\/wp-content\/uploads\/BOXEXPERT-Gehaeuse-ABS-Elbe-BXPBABS1208055-E02-Offen-3.jpg","contentUrl":"https:\/\/boxexpert.de\/wp-content\/uploads\/BOXEXPERT-Gehaeuse-ABS-Elbe-BXPBABS1208055-E02-Offen-3.jpg","width":2500,"height":1656},{"@type":"BreadcrumbList","@id":"https:\/\/boxexpert.de\/en\/shop\/elbe-grau\/kunststoff-gehaeuse-serie-elbe-120x80x55mm-lichtgrau\/#breadcrumb","itemListElement":[{"@type":"ListItem","position":1,"name":"Startseite","item":"https:\/\/boxexpert.de\/en\/"},{"@type":"ListItem","position":2,"name":"Shop","item":"https:\/\/boxexpert.de\/shop\/"},{"@type":"ListItem","position":3,"name":"Kunststoff-Geh\u00e4use Serie Elbe 120x80x55mm lichtgrau"}]},{"@type":"WebSite","@id":"https:\/\/boxexpert.de\/en\/#website","url":"https:\/\/boxexpert.de\/en\/","name":"BOXEXPERT - Professionelle Geh\u00e4usel\u00f6sungen f\u00fcr h\u00f6chste Anspr\u00fcche","description":"Industrial housings, control cabinets, installation housings, fuse boxes and distribution boxes","potentialAction":[{"@type":"SearchAction","target":{"@type":"EntryPoint","urlTemplate":"https:\/\/boxexpert.de\/en\/?s={search_term_string}"},"query-input":{"@type":"PropertyValueSpecification","valueRequired":true,"valueName":"search_term_string"}}],"inLanguage":"en-US"}]}},"_links":{"self":[{"href":"https:\/\/boxexpert.de\/en\/wp-json\/wp\/v2\/product\/144523","targetHints":{"allow":["GET"]}}],"collection":[{"href":"https:\/\/boxexpert.de\/en\/wp-json\/wp\/v2\/product"}],"about":[{"href":"https:\/\/boxexpert.de\/en\/wp-json\/wp\/v2\/types\/product"}],"wp:featuredmedia":[{"embeddable":true,"href":"https:\/\/boxexpert.de\/en\/wp-json\/wp\/v2\/media\/144524"}],"wp:attachment":[{"href":"https:\/\/boxexpert.de\/en\/wp-json\/wp\/v2\/media?parent=144523"}],"wp:term":[{"taxonomy":"product_brand","embeddable":true,"href":"https:\/\/boxexpert.de\/en\/wp-json\/wp\/v2\/product_brand?post=144523"},{"taxonomy":"product_cat","embeddable":true,"href":"https:\/\/boxexpert.de\/en\/wp-json\/wp\/v2\/product_cat?post=144523"},{"taxonomy":"product_tag","embeddable":true,"href":"https:\/\/boxexpert.de\/en\/wp-json\/wp\/v2\/product_tag?post=144523"}],"curies":[{"name":"wp","href":"https:\/\/api.w.org\/{rel}","templated":true}]}}