{"id":146326,"date":"2026-04-07T05:30:51","date_gmt":"2026-04-07T05:30:51","guid":{"rendered":"https:\/\/boxexpert.de\/shop\/unkategorisiert\/wandschrank-gehaeuse-serie-fleet-300x200x130mm-transparent-schwarz\/"},"modified":"2026-04-07T05:30:51","modified_gmt":"2026-04-07T05:30:51","slug":"wandschrank-gehaeuse-serie-fleet-300x200x130mm-transparent-schwarz","status":"publish","type":"product","link":"https:\/\/boxexpert.de\/en\/shop\/fleet-schwarz-transparent\/wandschrank-gehaeuse-serie-fleet-300x200x130mm-transparent-schwarz\/","title":{"rendered":"Wandschrank-Geh\u00e4use Serie Fleet 300x200x130mm transparent schwarz"},"content":{"rendered":"<p>Das BXPPABSBT200300130-F01 BOXEXPERT der Serie Fleet ist ein Wandschrank-Geh\u00e4use aus ABS Kunststoff mit 1-Punkt Schlie\u00dfung und transparenter Sichtt\u00fcr, welches sowohl f\u00fcr den Innen, als auch f\u00fcr den Ausseneinsatz perfekt geeignet ist. Es ist einfach zu handhaben und sehr schnell zu installieren. Die Serie Fleet ist eine kosteng\u00fcnstige Alternative zu allen Stahlblechwandschr\u00e4nken.<\/p>\n<p>Zubeh\u00f6r: Kabelverschraubungen, Montageplatte, Wandbefestigungslaschen<\/p>\n<p>BOXEXPERT ist ihr Partner f\u00fcr Premium-Geh\u00e4use f\u00fcr den gehobenen Anspruch. F\u00fcr alle Geh\u00e4use unserer verschiedenen Serien bieten wir umfangreiches Zubeh\u00f6r wie Kabelverschraubungen, Tragschienen, Montageplatten uvm. an. Auf Wunsch kann jedes Geh\u00e4use (auch in kleineren St\u00fcckzahlen) durch uns bearbeitet werden (Bohrungen, Gewinde, Ausschnitte, Verkabelung, Beschriftung u.\u00e4.). Gern besprechen wir Ihre individuellen W\u00fcnsche mit Ihnen.<\/p>\n","protected":false},"excerpt":{"rendered":"<p>BOXEXPERT ABS Wandschrank Geh\u00e4use Serie Fleet  Au\u00dfenma\u00dfe: 300x200x130 mm (LxBxH) Deckel: transparent Schutzart: IP 65 Material Geh\u00e4use : ABS Kunststoff Deckel: mit Scharnier auf der langen Seite mit 1-Punkt Schlie\u00dfung transparent  Farbe: schwarz, RAL 9005 Betriebstemperatur: -25\u00b0C&#8230;+60\u00b0C Schlagfestigkeit: IK10 RoHS-konform Halogenfrei (DIN\/VDE 0472, Part 815): 1                                                                     Lieferumfang: Schaltschrankunterteil, T\u00fcr mit eingesch\u00e4umter Dichtung, Montageplatte (Stahlblech, verz.), 4 St\u00fcck Wandbefestigungslasche, Verriegelungsschl\u00fcssel, Montageschrauben<\/p>\n","protected":false},"featured_media":151349,"template":"","meta":{"_acf_changed":false,"content-type":""},"product_brand":[],"product_cat":[498],"product_tag":[],"class_list":{"0":"post-146326","1":"product","2":"type-product","3":"status-publish","4":"has-post-thumbnail","6":"product_cat-fleet-schwarz-transparent","7":"pa_material-deckel-transparent-pc","9":"first","10":"instock","11":"purchasable","12":"product-type-simple"},"acf":[],"yoast_head":"<!-- This site is optimized with the Yoast SEO plugin v27.2 - https:\/\/yoast.com\/product\/yoast-seo-wordpress\/ -->\n<title>Schwarzer Kunststoff Schaltschrank mit T\u00fcr IP65 300x200x130<\/title>\n<meta name=\"robots\" content=\"index, follow, max-snippet:-1, max-image-preview:large, max-video-preview:-1\" \/>\n<link rel=\"canonical\" href=\"https:\/\/boxexpert.de\/en\/shop\/fleet-schwarz-transparent\/wandschrank-gehaeuse-serie-fleet-300x200x130mm-transparent-schwarz\/\" \/>\n<meta property=\"og:locale\" content=\"en_US\" \/>\n<meta property=\"og:type\" content=\"article\" \/>\n<meta property=\"og:title\" content=\"Schwarzer Kunststoff Schaltschrank mit T\u00fcr IP65 300x200x130\" \/>\n<meta property=\"og:description\" content=\"BOXEXPERT ABS Wandschrank Geh\u00e4use Serie Fleet Au\u00dfenma\u00dfe: 300x200x130 mm (LxBxH) Deckel: transparent Schutzart: IP 65 Material Geh\u00e4use : ABS Kunststoff Deckel: mit Scharnier auf der langen Seite mit 1-Punkt Schlie\u00dfung transparent Farbe: schwarz, RAL 9005 Betriebstemperatur: -25\u00b0C...+60\u00b0C Schlagfestigkeit: IK10 RoHS-konform Halogenfrei (DIN\/VDE 0472, Part 815): 1                                   Lieferumfang: Schaltschrankunterteil, T\u00fcr mit eingesch\u00e4umter Dichtung, Montageplatte (Stahlblech, verz.), 4 St\u00fcck Wandbefestigungslasche, Verriegelungsschl\u00fcssel, Montageschrauben\" \/>\n<meta property=\"og:url\" content=\"https:\/\/boxexpert.de\/en\/shop\/fleet-schwarz-transparent\/wandschrank-gehaeuse-serie-fleet-300x200x130mm-transparent-schwarz\/\" \/>\n<meta property=\"og:site_name\" content=\"BOXEXPERT - Professional enclosure solutions for highest demands\" \/>\n<meta property=\"og:image\" content=\"https:\/\/boxexpert.de\/wp-content\/uploads\/BOXEXPERT-Hamburg-Fleet-Schaltschrank-ABS-Schwarz-BXPPABSBT200300130-F01-offen.jpg\" \/>\n\t<meta property=\"og:image:width\" content=\"1850\" \/>\n\t<meta property=\"og:image:height\" content=\"2000\" \/>\n\t<meta property=\"og:image:type\" content=\"image\/jpeg\" \/>\n<meta name=\"twitter:card\" content=\"summary_large_image\" \/>\n<meta name=\"twitter:label1\" content=\"Est. reading time\" \/>\n\t<meta name=\"twitter:data1\" content=\"1 minute\" \/>\n<script type=\"application\/ld+json\" class=\"yoast-schema-graph\">{\"@context\":\"https:\/\/schema.org\",\"@graph\":[{\"@type\":\"WebPage\",\"@id\":\"https:\/\/boxexpert.de\/en\/shop\/fleet-schwarz-transparent\/wandschrank-gehaeuse-serie-fleet-300x200x130mm-transparent-schwarz\/\",\"url\":\"https:\/\/boxexpert.de\/en\/shop\/fleet-schwarz-transparent\/wandschrank-gehaeuse-serie-fleet-300x200x130mm-transparent-schwarz\/\",\"name\":\"Schwarzer Kunststoff Schaltschrank mit T\u00fcr IP65 300x200x130\",\"isPartOf\":{\"@id\":\"https:\/\/boxexpert.de\/en\/#website\"},\"primaryImageOfPage\":{\"@id\":\"https:\/\/boxexpert.de\/en\/shop\/fleet-schwarz-transparent\/wandschrank-gehaeuse-serie-fleet-300x200x130mm-transparent-schwarz\/#primaryimage\"},\"image\":{\"@id\":\"https:\/\/boxexpert.de\/en\/shop\/fleet-schwarz-transparent\/wandschrank-gehaeuse-serie-fleet-300x200x130mm-transparent-schwarz\/#primaryimage\"},\"thumbnailUrl\":\"https:\/\/boxexpert.de\/wp-content\/uploads\/BOXEXPERT-Hamburg-Fleet-Schaltschrank-ABS-Schwarz-BXPPABSBT200300130-F01-offen.jpg\",\"datePublished\":\"2026-04-07T05:30:51+00:00\",\"breadcrumb\":{\"@id\":\"https:\/\/boxexpert.de\/en\/shop\/fleet-schwarz-transparent\/wandschrank-gehaeuse-serie-fleet-300x200x130mm-transparent-schwarz\/#breadcrumb\"},\"inLanguage\":\"en-US\",\"potentialAction\":[{\"@type\":\"ReadAction\",\"target\":[\"https:\/\/boxexpert.de\/en\/shop\/fleet-schwarz-transparent\/wandschrank-gehaeuse-serie-fleet-300x200x130mm-transparent-schwarz\/\"]}]},{\"@type\":\"ImageObject\",\"inLanguage\":\"en-US\",\"@id\":\"https:\/\/boxexpert.de\/en\/shop\/fleet-schwarz-transparent\/wandschrank-gehaeuse-serie-fleet-300x200x130mm-transparent-schwarz\/#primaryimage\",\"url\":\"https:\/\/boxexpert.de\/wp-content\/uploads\/BOXEXPERT-Hamburg-Fleet-Schaltschrank-ABS-Schwarz-BXPPABSBT200300130-F01-offen.jpg\",\"contentUrl\":\"https:\/\/boxexpert.de\/wp-content\/uploads\/BOXEXPERT-Hamburg-Fleet-Schaltschrank-ABS-Schwarz-BXPPABSBT200300130-F01-offen.jpg\",\"width\":1850,\"height\":2000},{\"@type\":\"BreadcrumbList\",\"@id\":\"https:\/\/boxexpert.de\/en\/shop\/fleet-schwarz-transparent\/wandschrank-gehaeuse-serie-fleet-300x200x130mm-transparent-schwarz\/#breadcrumb\",\"itemListElement\":[{\"@type\":\"ListItem\",\"position\":1,\"name\":\"Startseite\",\"item\":\"https:\/\/boxexpert.de\/en\/\"},{\"@type\":\"ListItem\",\"position\":2,\"name\":\"Shop\",\"item\":\"https:\/\/boxexpert.de\/shop\/\"},{\"@type\":\"ListItem\",\"position\":3,\"name\":\"Wandschrank-Geh\u00e4use Serie Fleet 300x200x130mm transparent schwarz\"}]},{\"@type\":\"WebSite\",\"@id\":\"https:\/\/boxexpert.de\/en\/#website\",\"url\":\"https:\/\/boxexpert.de\/en\/\",\"name\":\"BOXEXPERT - Professionelle Geh\u00e4usel\u00f6sungen f\u00fcr h\u00f6chste Anspr\u00fcche\",\"description\":\"Industrial housings, control cabinets, installation housings, fuse boxes and distribution boxes\",\"potentialAction\":[{\"@type\":\"SearchAction\",\"target\":{\"@type\":\"EntryPoint\",\"urlTemplate\":\"https:\/\/boxexpert.de\/en\/?s={search_term_string}\"},\"query-input\":{\"@type\":\"PropertyValueSpecification\",\"valueRequired\":true,\"valueName\":\"search_term_string\"}}],\"inLanguage\":\"en-US\"}]}<\/script>\n<!-- \/ Yoast SEO plugin. -->","yoast_head_json":{"title":"Schwarzer Kunststoff Schaltschrank mit T\u00fcr IP65 300x200x130","robots":{"index":"index","follow":"follow","max-snippet":"max-snippet:-1","max-image-preview":"max-image-preview:large","max-video-preview":"max-video-preview:-1"},"canonical":"https:\/\/boxexpert.de\/en\/shop\/fleet-schwarz-transparent\/wandschrank-gehaeuse-serie-fleet-300x200x130mm-transparent-schwarz\/","og_locale":"en_US","og_type":"article","og_title":"Schwarzer Kunststoff Schaltschrank mit T\u00fcr IP65 300x200x130","og_description":"BOXEXPERT ABS Wandschrank Geh\u00e4use Serie Fleet Au\u00dfenma\u00dfe: 300x200x130 mm (LxBxH) Deckel: transparent Schutzart: IP 65 Material Geh\u00e4use : ABS Kunststoff Deckel: mit Scharnier auf der langen Seite mit 1-Punkt Schlie\u00dfung transparent Farbe: schwarz, RAL 9005 Betriebstemperatur: -25\u00b0C...+60\u00b0C Schlagfestigkeit: IK10 RoHS-konform Halogenfrei (DIN\/VDE 0472, Part 815): 1                                   Lieferumfang: Schaltschrankunterteil, T\u00fcr mit eingesch\u00e4umter Dichtung, Montageplatte (Stahlblech, verz.), 4 St\u00fcck Wandbefestigungslasche, Verriegelungsschl\u00fcssel, Montageschrauben","og_url":"https:\/\/boxexpert.de\/en\/shop\/fleet-schwarz-transparent\/wandschrank-gehaeuse-serie-fleet-300x200x130mm-transparent-schwarz\/","og_site_name":"BOXEXPERT - Professional enclosure solutions for highest demands","og_image":[{"width":1850,"height":2000,"url":"https:\/\/boxexpert.de\/wp-content\/uploads\/BOXEXPERT-Hamburg-Fleet-Schaltschrank-ABS-Schwarz-BXPPABSBT200300130-F01-offen.jpg","type":"image\/jpeg"}],"twitter_card":"summary_large_image","twitter_misc":{"Est. reading time":"1 minute"},"schema":{"@context":"https:\/\/schema.org","@graph":[{"@type":"WebPage","@id":"https:\/\/boxexpert.de\/en\/shop\/fleet-schwarz-transparent\/wandschrank-gehaeuse-serie-fleet-300x200x130mm-transparent-schwarz\/","url":"https:\/\/boxexpert.de\/en\/shop\/fleet-schwarz-transparent\/wandschrank-gehaeuse-serie-fleet-300x200x130mm-transparent-schwarz\/","name":"Schwarzer Kunststoff Schaltschrank mit T\u00fcr IP65 300x200x130","isPartOf":{"@id":"https:\/\/boxexpert.de\/en\/#website"},"primaryImageOfPage":{"@id":"https:\/\/boxexpert.de\/en\/shop\/fleet-schwarz-transparent\/wandschrank-gehaeuse-serie-fleet-300x200x130mm-transparent-schwarz\/#primaryimage"},"image":{"@id":"https:\/\/boxexpert.de\/en\/shop\/fleet-schwarz-transparent\/wandschrank-gehaeuse-serie-fleet-300x200x130mm-transparent-schwarz\/#primaryimage"},"thumbnailUrl":"https:\/\/boxexpert.de\/wp-content\/uploads\/BOXEXPERT-Hamburg-Fleet-Schaltschrank-ABS-Schwarz-BXPPABSBT200300130-F01-offen.jpg","datePublished":"2026-04-07T05:30:51+00:00","breadcrumb":{"@id":"https:\/\/boxexpert.de\/en\/shop\/fleet-schwarz-transparent\/wandschrank-gehaeuse-serie-fleet-300x200x130mm-transparent-schwarz\/#breadcrumb"},"inLanguage":"en-US","potentialAction":[{"@type":"ReadAction","target":["https:\/\/boxexpert.de\/en\/shop\/fleet-schwarz-transparent\/wandschrank-gehaeuse-serie-fleet-300x200x130mm-transparent-schwarz\/"]}]},{"@type":"ImageObject","inLanguage":"en-US","@id":"https:\/\/boxexpert.de\/en\/shop\/fleet-schwarz-transparent\/wandschrank-gehaeuse-serie-fleet-300x200x130mm-transparent-schwarz\/#primaryimage","url":"https:\/\/boxexpert.de\/wp-content\/uploads\/BOXEXPERT-Hamburg-Fleet-Schaltschrank-ABS-Schwarz-BXPPABSBT200300130-F01-offen.jpg","contentUrl":"https:\/\/boxexpert.de\/wp-content\/uploads\/BOXEXPERT-Hamburg-Fleet-Schaltschrank-ABS-Schwarz-BXPPABSBT200300130-F01-offen.jpg","width":1850,"height":2000},{"@type":"BreadcrumbList","@id":"https:\/\/boxexpert.de\/en\/shop\/fleet-schwarz-transparent\/wandschrank-gehaeuse-serie-fleet-300x200x130mm-transparent-schwarz\/#breadcrumb","itemListElement":[{"@type":"ListItem","position":1,"name":"Startseite","item":"https:\/\/boxexpert.de\/en\/"},{"@type":"ListItem","position":2,"name":"Shop","item":"https:\/\/boxexpert.de\/shop\/"},{"@type":"ListItem","position":3,"name":"Wandschrank-Geh\u00e4use Serie Fleet 300x200x130mm transparent schwarz"}]},{"@type":"WebSite","@id":"https:\/\/boxexpert.de\/en\/#website","url":"https:\/\/boxexpert.de\/en\/","name":"BOXEXPERT - Professionelle Geh\u00e4usel\u00f6sungen f\u00fcr h\u00f6chste Anspr\u00fcche","description":"Industrial housings, control cabinets, installation housings, fuse boxes and distribution boxes","potentialAction":[{"@type":"SearchAction","target":{"@type":"EntryPoint","urlTemplate":"https:\/\/boxexpert.de\/en\/?s={search_term_string}"},"query-input":{"@type":"PropertyValueSpecification","valueRequired":true,"valueName":"search_term_string"}}],"inLanguage":"en-US"}]}},"_links":{"self":[{"href":"https:\/\/boxexpert.de\/en\/wp-json\/wp\/v2\/product\/146326","targetHints":{"allow":["GET"]}}],"collection":[{"href":"https:\/\/boxexpert.de\/en\/wp-json\/wp\/v2\/product"}],"about":[{"href":"https:\/\/boxexpert.de\/en\/wp-json\/wp\/v2\/types\/product"}],"wp:featuredmedia":[{"embeddable":true,"href":"https:\/\/boxexpert.de\/en\/wp-json\/wp\/v2\/media\/151349"}],"wp:attachment":[{"href":"https:\/\/boxexpert.de\/en\/wp-json\/wp\/v2\/media?parent=146326"}],"wp:term":[{"taxonomy":"product_brand","embeddable":true,"href":"https:\/\/boxexpert.de\/en\/wp-json\/wp\/v2\/product_brand?post=146326"},{"taxonomy":"product_cat","embeddable":true,"href":"https:\/\/boxexpert.de\/en\/wp-json\/wp\/v2\/product_cat?post=146326"},{"taxonomy":"product_tag","embeddable":true,"href":"https:\/\/boxexpert.de\/en\/wp-json\/wp\/v2\/product_tag?post=146326"}],"curies":[{"name":"wp","href":"https:\/\/api.w.org\/{rel}","templated":true}]}}