{"id":146598,"date":"2026-03-13T05:30:53","date_gmt":"2026-03-13T05:30:53","guid":{"rendered":"https:\/\/boxexpert.de\/shop\/unkategorisiert\/hanse-glt-243x190x155-transparent\/"},"modified":"2026-03-13T05:30:53","modified_gmt":"2026-03-13T05:30:53","slug":"hanse-glt-243x190x155mm-transparent","status":"publish","type":"product","link":"https:\/\/boxexpert.de\/en\/shop\/hanse-glt\/hanse-glt-243x190x155mm-transparent\/","title":{"rendered":"Hanse-GLT 243x190x155mm transparent"},"content":{"rendered":"<p>BOXEXPERT Hanse-GLT ABS-Geh\u00e4use transparent<\/p>\n<p>Au\u00dfenma\u00dfe: 243x190x155mm (HxBxT)<br \/>Schutzart: IP 65 gem. DIN EN 60529<br \/>Schlagfestigkeit: IK 07\/08<br \/>Deckel: hoch, transparent<br \/>Farbe: grau RAL 7035<br \/>halogenfrei<\/p>\n<p>Schrauben im Lieferumfang enthalten.<\/p>\n","protected":false},"excerpt":{"rendered":"<p>BOXEXPERT Hanse-GLT ABS-Geh\u00e4use transparent  Au\u00dfenma\u00dfe: 243x190x155mm (HxBxT) Schutzart: IP 65 gem. DIN EN 60529 Schlagfestigkeit: IK 07\/08 Deckel: hoch, transparent Farbe: grau RAL 7035 halogenfrei  Schrauben im Lieferumfang enthalten.<\/p>\n","protected":false},"featured_media":161547,"template":"","meta":{"_acf_changed":false,"content-type":""},"product_brand":[],"product_cat":[445],"product_tag":[],"class_list":{"0":"post-146598","1":"product","2":"type-product","3":"status-publish","4":"has-post-thumbnail","6":"product_cat-hanse-glt","7":"pa_material-deckel-transparent-polycarbonat","9":"first","10":"outofstock","11":"purchasable","12":"product-type-simple"},"acf":[],"yoast_head":"<!-- This site is optimized with the Yoast SEO plugin v27.2 - https:\/\/yoast.com\/product\/yoast-seo-wordpress\/ -->\n<title>BOXEXPERT Hanse-GLT 243x190x155mm transparent<\/title>\n<meta name=\"robots\" content=\"index, follow, max-snippet:-1, max-image-preview:large, max-video-preview:-1\" \/>\n<link rel=\"canonical\" href=\"https:\/\/boxexpert.de\/en\/shop\/hanse-glt\/hanse-glt-243x190x155mm-transparent\/\" \/>\n<meta property=\"og:locale\" content=\"en_US\" \/>\n<meta property=\"og:type\" content=\"article\" \/>\n<meta property=\"og:title\" content=\"BOXEXPERT Hanse-GLT 243x190x155mm transparent\" \/>\n<meta property=\"og:description\" content=\"BOXEXPERT Hanse-GLT ABS-Geh\u00e4use transparent Au\u00dfenma\u00dfe: 243x190x155mm (HxBxT) Schutzart: IP 65 gem. DIN EN 60529 Schlagfestigkeit: IK 07\/08 Deckel: hoch, transparent Farbe: grau RAL 7035 halogenfrei Schrauben im Lieferumfang enthalten.\" \/>\n<meta property=\"og:url\" content=\"https:\/\/boxexpert.de\/en\/shop\/hanse-glt\/hanse-glt-243x190x155mm-transparent\/\" \/>\n<meta property=\"og:site_name\" content=\"BOXEXPERT - Professional enclosure solutions for highest demands\" \/>\n<meta property=\"og:image\" content=\"https:\/\/boxexpert.de\/wp-content\/uploads\/Hanse-GLT-Detail-Flexibilitaet-JPG-34.jpg\" \/>\n\t<meta property=\"og:image:width\" content=\"875\" \/>\n\t<meta property=\"og:image:height\" content=\"575\" \/>\n\t<meta property=\"og:image:type\" content=\"image\/jpeg\" \/>\n<meta name=\"twitter:card\" content=\"summary_large_image\" \/>\n<meta name=\"twitter:label1\" content=\"Est. reading time\" \/>\n\t<meta name=\"twitter:data1\" content=\"1 minute\" \/>\n<script type=\"application\/ld+json\" class=\"yoast-schema-graph\">{\"@context\":\"https:\/\/schema.org\",\"@graph\":[{\"@type\":\"WebPage\",\"@id\":\"https:\/\/boxexpert.de\/en\/shop\/hanse-glt\/hanse-glt-243x190x155mm-transparent\/\",\"url\":\"https:\/\/boxexpert.de\/en\/shop\/hanse-glt\/hanse-glt-243x190x155mm-transparent\/\",\"name\":\"BOXEXPERT Hanse-GLT 243x190x155mm transparent\",\"isPartOf\":{\"@id\":\"https:\/\/boxexpert.de\/en\/#website\"},\"primaryImageOfPage\":{\"@id\":\"https:\/\/boxexpert.de\/en\/shop\/hanse-glt\/hanse-glt-243x190x155mm-transparent\/#primaryimage\"},\"image\":{\"@id\":\"https:\/\/boxexpert.de\/en\/shop\/hanse-glt\/hanse-glt-243x190x155mm-transparent\/#primaryimage\"},\"thumbnailUrl\":\"https:\/\/boxexpert.de\/wp-content\/uploads\/Hanse-GLT-Detail-Flexibilitaet-JPG-34.jpg\",\"datePublished\":\"2026-03-13T05:30:53+00:00\",\"breadcrumb\":{\"@id\":\"https:\/\/boxexpert.de\/en\/shop\/hanse-glt\/hanse-glt-243x190x155mm-transparent\/#breadcrumb\"},\"inLanguage\":\"en-US\",\"potentialAction\":[{\"@type\":\"ReadAction\",\"target\":[\"https:\/\/boxexpert.de\/en\/shop\/hanse-glt\/hanse-glt-243x190x155mm-transparent\/\"]}]},{\"@type\":\"ImageObject\",\"inLanguage\":\"en-US\",\"@id\":\"https:\/\/boxexpert.de\/en\/shop\/hanse-glt\/hanse-glt-243x190x155mm-transparent\/#primaryimage\",\"url\":\"https:\/\/boxexpert.de\/wp-content\/uploads\/Hanse-GLT-Detail-Flexibilitaet-JPG-34.jpg\",\"contentUrl\":\"https:\/\/boxexpert.de\/wp-content\/uploads\/Hanse-GLT-Detail-Flexibilitaet-JPG-34.jpg\",\"width\":875,\"height\":575},{\"@type\":\"BreadcrumbList\",\"@id\":\"https:\/\/boxexpert.de\/en\/shop\/hanse-glt\/hanse-glt-243x190x155mm-transparent\/#breadcrumb\",\"itemListElement\":[{\"@type\":\"ListItem\",\"position\":1,\"name\":\"Startseite\",\"item\":\"https:\/\/boxexpert.de\/en\/\"},{\"@type\":\"ListItem\",\"position\":2,\"name\":\"Shop\",\"item\":\"https:\/\/boxexpert.de\/shop\/\"},{\"@type\":\"ListItem\",\"position\":3,\"name\":\"Hanse-GLT 243x190x155mm transparent\"}]},{\"@type\":\"WebSite\",\"@id\":\"https:\/\/boxexpert.de\/en\/#website\",\"url\":\"https:\/\/boxexpert.de\/en\/\",\"name\":\"BOXEXPERT - Professionelle Geh\u00e4usel\u00f6sungen f\u00fcr h\u00f6chste Anspr\u00fcche\",\"description\":\"Industrial housings, control cabinets, installation housings, fuse boxes and distribution boxes\",\"potentialAction\":[{\"@type\":\"SearchAction\",\"target\":{\"@type\":\"EntryPoint\",\"urlTemplate\":\"https:\/\/boxexpert.de\/en\/?s={search_term_string}\"},\"query-input\":{\"@type\":\"PropertyValueSpecification\",\"valueRequired\":true,\"valueName\":\"search_term_string\"}}],\"inLanguage\":\"en-US\"}]}<\/script>\n<!-- \/ Yoast SEO plugin. -->","yoast_head_json":{"title":"BOXEXPERT Hanse-GLT 243x190x155mm transparent","robots":{"index":"index","follow":"follow","max-snippet":"max-snippet:-1","max-image-preview":"max-image-preview:large","max-video-preview":"max-video-preview:-1"},"canonical":"https:\/\/boxexpert.de\/en\/shop\/hanse-glt\/hanse-glt-243x190x155mm-transparent\/","og_locale":"en_US","og_type":"article","og_title":"BOXEXPERT Hanse-GLT 243x190x155mm transparent","og_description":"BOXEXPERT Hanse-GLT ABS-Geh\u00e4use transparent Au\u00dfenma\u00dfe: 243x190x155mm (HxBxT) Schutzart: IP 65 gem. DIN EN 60529 Schlagfestigkeit: IK 07\/08 Deckel: hoch, transparent Farbe: grau RAL 7035 halogenfrei Schrauben im Lieferumfang enthalten.","og_url":"https:\/\/boxexpert.de\/en\/shop\/hanse-glt\/hanse-glt-243x190x155mm-transparent\/","og_site_name":"BOXEXPERT - Professional enclosure solutions for highest demands","og_image":[{"width":875,"height":575,"url":"https:\/\/boxexpert.de\/wp-content\/uploads\/Hanse-GLT-Detail-Flexibilitaet-JPG-34.jpg","type":"image\/jpeg"}],"twitter_card":"summary_large_image","twitter_misc":{"Est. reading time":"1 minute"},"schema":{"@context":"https:\/\/schema.org","@graph":[{"@type":"WebPage","@id":"https:\/\/boxexpert.de\/en\/shop\/hanse-glt\/hanse-glt-243x190x155mm-transparent\/","url":"https:\/\/boxexpert.de\/en\/shop\/hanse-glt\/hanse-glt-243x190x155mm-transparent\/","name":"BOXEXPERT Hanse-GLT 243x190x155mm transparent","isPartOf":{"@id":"https:\/\/boxexpert.de\/en\/#website"},"primaryImageOfPage":{"@id":"https:\/\/boxexpert.de\/en\/shop\/hanse-glt\/hanse-glt-243x190x155mm-transparent\/#primaryimage"},"image":{"@id":"https:\/\/boxexpert.de\/en\/shop\/hanse-glt\/hanse-glt-243x190x155mm-transparent\/#primaryimage"},"thumbnailUrl":"https:\/\/boxexpert.de\/wp-content\/uploads\/Hanse-GLT-Detail-Flexibilitaet-JPG-34.jpg","datePublished":"2026-03-13T05:30:53+00:00","breadcrumb":{"@id":"https:\/\/boxexpert.de\/en\/shop\/hanse-glt\/hanse-glt-243x190x155mm-transparent\/#breadcrumb"},"inLanguage":"en-US","potentialAction":[{"@type":"ReadAction","target":["https:\/\/boxexpert.de\/en\/shop\/hanse-glt\/hanse-glt-243x190x155mm-transparent\/"]}]},{"@type":"ImageObject","inLanguage":"en-US","@id":"https:\/\/boxexpert.de\/en\/shop\/hanse-glt\/hanse-glt-243x190x155mm-transparent\/#primaryimage","url":"https:\/\/boxexpert.de\/wp-content\/uploads\/Hanse-GLT-Detail-Flexibilitaet-JPG-34.jpg","contentUrl":"https:\/\/boxexpert.de\/wp-content\/uploads\/Hanse-GLT-Detail-Flexibilitaet-JPG-34.jpg","width":875,"height":575},{"@type":"BreadcrumbList","@id":"https:\/\/boxexpert.de\/en\/shop\/hanse-glt\/hanse-glt-243x190x155mm-transparent\/#breadcrumb","itemListElement":[{"@type":"ListItem","position":1,"name":"Startseite","item":"https:\/\/boxexpert.de\/en\/"},{"@type":"ListItem","position":2,"name":"Shop","item":"https:\/\/boxexpert.de\/shop\/"},{"@type":"ListItem","position":3,"name":"Hanse-GLT 243x190x155mm transparent"}]},{"@type":"WebSite","@id":"https:\/\/boxexpert.de\/en\/#website","url":"https:\/\/boxexpert.de\/en\/","name":"BOXEXPERT - Professionelle Geh\u00e4usel\u00f6sungen f\u00fcr h\u00f6chste Anspr\u00fcche","description":"Industrial housings, control cabinets, installation housings, fuse boxes and distribution boxes","potentialAction":[{"@type":"SearchAction","target":{"@type":"EntryPoint","urlTemplate":"https:\/\/boxexpert.de\/en\/?s={search_term_string}"},"query-input":{"@type":"PropertyValueSpecification","valueRequired":true,"valueName":"search_term_string"}}],"inLanguage":"en-US"}]}},"_links":{"self":[{"href":"https:\/\/boxexpert.de\/en\/wp-json\/wp\/v2\/product\/146598","targetHints":{"allow":["GET"]}}],"collection":[{"href":"https:\/\/boxexpert.de\/en\/wp-json\/wp\/v2\/product"}],"about":[{"href":"https:\/\/boxexpert.de\/en\/wp-json\/wp\/v2\/types\/product"}],"wp:featuredmedia":[{"embeddable":true,"href":"https:\/\/boxexpert.de\/en\/wp-json\/wp\/v2\/media\/161547"}],"wp:attachment":[{"href":"https:\/\/boxexpert.de\/en\/wp-json\/wp\/v2\/media?parent=146598"}],"wp:term":[{"taxonomy":"product_brand","embeddable":true,"href":"https:\/\/boxexpert.de\/en\/wp-json\/wp\/v2\/product_brand?post=146598"},{"taxonomy":"product_cat","embeddable":true,"href":"https:\/\/boxexpert.de\/en\/wp-json\/wp\/v2\/product_cat?post=146598"},{"taxonomy":"product_tag","embeddable":true,"href":"https:\/\/boxexpert.de\/en\/wp-json\/wp\/v2\/product_tag?post=146598"}],"curies":[{"name":"wp","href":"https:\/\/api.w.org\/{rel}","templated":true}]}}