{"id":147696,"date":"2026-03-13T05:30:51","date_gmt":"2026-03-13T05:30:51","guid":{"rendered":"https:\/\/boxexpert.de\/shop\/unkategorisiert\/montageplatte-stahlblech-fuer-perle-polyester-gehaeuse-540x360mm\/"},"modified":"2026-03-13T05:30:51","modified_gmt":"2026-03-13T05:30:51","slug":"montageplatte-stahlblech-fuer-perle-polyester-gehaeuse-540x360mm","status":"publish","type":"product","link":"https:\/\/boxexpert.de\/en\/shop\/perle-polyester-zubehoer\/montageplatte-stahlblech-fuer-perle-polyester-gehaeuse-540x360mm\/","title":{"rendered":"Montageplatte Stahlblech f\u00fcr Perle Polyester Geh\u00e4use 540x360mm"},"content":{"rendered":"<p>BOXEXPERT Montageplatte Stahlblech&nbsp; f\u00fcr BOXEXPERT Perle Polyester Geh\u00e4use 540x360mm<\/p>\n<p>Au\u00dfenma\u00dfe: 490x310x2 mm (HxBxT)<\/p>\n<p>&nbsp;<\/p>\n","protected":false},"excerpt":{"rendered":"<p>BOXEXPERT Montageplatte Stahlblech  f\u00fcr BOXEXPERT Perle Polyester Geh\u00e4use 540x360mm  Au\u00dfenma\u00dfe: 490x310x2 mm (HxBxT)<\/p>\n","protected":false},"featured_media":147697,"template":"","meta":{"_acf_changed":false,"content-type":""},"product_brand":[],"product_cat":[1353],"product_tag":[],"class_list":{"0":"post-147696","1":"product","2":"type-product","3":"status-publish","4":"has-post-thumbnail","6":"product_cat-perle-polyester-zubehoer","8":"first","9":"outofstock","10":"purchasable","11":"product-type-simple"},"acf":[],"yoast_head":"<!-- This site is optimized with the Yoast SEO plugin v27.2 - https:\/\/yoast.com\/product\/yoast-seo-wordpress\/ -->\n<title>BOXEXPERT Montageplatte Stahlblech f\u00fcr Perle Polyester Geh\u00e4use 540x360mm<\/title>\n<meta name=\"robots\" content=\"index, follow, max-snippet:-1, max-image-preview:large, max-video-preview:-1\" \/>\n<link rel=\"canonical\" href=\"https:\/\/boxexpert.de\/en\/shop\/perle-polyester-zubehoer\/montageplatte-stahlblech-fuer-perle-polyester-gehaeuse-540x360mm\/\" \/>\n<meta property=\"og:locale\" content=\"en_US\" \/>\n<meta property=\"og:type\" content=\"article\" \/>\n<meta property=\"og:title\" content=\"BOXEXPERT Montageplatte Stahlblech f\u00fcr Perle Polyester Geh\u00e4use 540x360mm\" \/>\n<meta property=\"og:description\" content=\"BOXEXPERT Montageplatte Stahlblech f\u00fcr BOXEXPERT Perle Polyester Geh\u00e4use 540x360mm Au\u00dfenma\u00dfe: 490x310x2 mm (HxBxT)\" \/>\n<meta property=\"og:url\" content=\"https:\/\/boxexpert.de\/en\/shop\/perle-polyester-zubehoer\/montageplatte-stahlblech-fuer-perle-polyester-gehaeuse-540x360mm\/\" \/>\n<meta property=\"og:site_name\" content=\"BOXEXPERT - Professional enclosure solutions for highest demands\" \/>\n<meta property=\"og:image\" content=\"https:\/\/boxexpert.de\/wp-content\/uploads\/Unbenannt-2.png\" \/>\n\t<meta property=\"og:image:width\" content=\"310\" \/>\n\t<meta property=\"og:image:height\" content=\"413\" \/>\n\t<meta property=\"og:image:type\" content=\"image\/png\" \/>\n<meta name=\"twitter:card\" content=\"summary_large_image\" \/>\n<script type=\"application\/ld+json\" class=\"yoast-schema-graph\">{\"@context\":\"https:\/\/schema.org\",\"@graph\":[{\"@type\":\"WebPage\",\"@id\":\"https:\/\/boxexpert.de\/en\/shop\/perle-polyester-zubehoer\/montageplatte-stahlblech-fuer-perle-polyester-gehaeuse-540x360mm\/\",\"url\":\"https:\/\/boxexpert.de\/en\/shop\/perle-polyester-zubehoer\/montageplatte-stahlblech-fuer-perle-polyester-gehaeuse-540x360mm\/\",\"name\":\"BOXEXPERT Montageplatte Stahlblech f\u00fcr Perle Polyester Geh\u00e4use 540x360mm\",\"isPartOf\":{\"@id\":\"https:\/\/boxexpert.de\/en\/#website\"},\"primaryImageOfPage\":{\"@id\":\"https:\/\/boxexpert.de\/en\/shop\/perle-polyester-zubehoer\/montageplatte-stahlblech-fuer-perle-polyester-gehaeuse-540x360mm\/#primaryimage\"},\"image\":{\"@id\":\"https:\/\/boxexpert.de\/en\/shop\/perle-polyester-zubehoer\/montageplatte-stahlblech-fuer-perle-polyester-gehaeuse-540x360mm\/#primaryimage\"},\"thumbnailUrl\":\"https:\/\/boxexpert.de\/wp-content\/uploads\/Unbenannt-2.png\",\"datePublished\":\"2026-03-13T05:30:51+00:00\",\"breadcrumb\":{\"@id\":\"https:\/\/boxexpert.de\/en\/shop\/perle-polyester-zubehoer\/montageplatte-stahlblech-fuer-perle-polyester-gehaeuse-540x360mm\/#breadcrumb\"},\"inLanguage\":\"en-US\",\"potentialAction\":[{\"@type\":\"ReadAction\",\"target\":[\"https:\/\/boxexpert.de\/en\/shop\/perle-polyester-zubehoer\/montageplatte-stahlblech-fuer-perle-polyester-gehaeuse-540x360mm\/\"]}]},{\"@type\":\"ImageObject\",\"inLanguage\":\"en-US\",\"@id\":\"https:\/\/boxexpert.de\/en\/shop\/perle-polyester-zubehoer\/montageplatte-stahlblech-fuer-perle-polyester-gehaeuse-540x360mm\/#primaryimage\",\"url\":\"https:\/\/boxexpert.de\/wp-content\/uploads\/Unbenannt-2.png\",\"contentUrl\":\"https:\/\/boxexpert.de\/wp-content\/uploads\/Unbenannt-2.png\",\"width\":310,\"height\":413},{\"@type\":\"BreadcrumbList\",\"@id\":\"https:\/\/boxexpert.de\/en\/shop\/perle-polyester-zubehoer\/montageplatte-stahlblech-fuer-perle-polyester-gehaeuse-540x360mm\/#breadcrumb\",\"itemListElement\":[{\"@type\":\"ListItem\",\"position\":1,\"name\":\"Startseite\",\"item\":\"https:\/\/boxexpert.de\/en\/\"},{\"@type\":\"ListItem\",\"position\":2,\"name\":\"Shop\",\"item\":\"https:\/\/boxexpert.de\/shop\/\"},{\"@type\":\"ListItem\",\"position\":3,\"name\":\"Montageplatte Stahlblech f\u00fcr Perle Polyester Geh\u00e4use 540x360mm\"}]},{\"@type\":\"WebSite\",\"@id\":\"https:\/\/boxexpert.de\/en\/#website\",\"url\":\"https:\/\/boxexpert.de\/en\/\",\"name\":\"BOXEXPERT - Professionelle Geh\u00e4usel\u00f6sungen f\u00fcr h\u00f6chste Anspr\u00fcche\",\"description\":\"Industrial housings, control cabinets, installation housings, fuse boxes and distribution boxes\",\"potentialAction\":[{\"@type\":\"SearchAction\",\"target\":{\"@type\":\"EntryPoint\",\"urlTemplate\":\"https:\/\/boxexpert.de\/en\/?s={search_term_string}\"},\"query-input\":{\"@type\":\"PropertyValueSpecification\",\"valueRequired\":true,\"valueName\":\"search_term_string\"}}],\"inLanguage\":\"en-US\"}]}<\/script>\n<!-- \/ Yoast SEO plugin. -->","yoast_head_json":{"title":"BOXEXPERT Montageplatte Stahlblech f\u00fcr Perle Polyester Geh\u00e4use 540x360mm","robots":{"index":"index","follow":"follow","max-snippet":"max-snippet:-1","max-image-preview":"max-image-preview:large","max-video-preview":"max-video-preview:-1"},"canonical":"https:\/\/boxexpert.de\/en\/shop\/perle-polyester-zubehoer\/montageplatte-stahlblech-fuer-perle-polyester-gehaeuse-540x360mm\/","og_locale":"en_US","og_type":"article","og_title":"BOXEXPERT Montageplatte Stahlblech f\u00fcr Perle Polyester Geh\u00e4use 540x360mm","og_description":"BOXEXPERT Montageplatte Stahlblech f\u00fcr BOXEXPERT Perle Polyester Geh\u00e4use 540x360mm Au\u00dfenma\u00dfe: 490x310x2 mm (HxBxT)","og_url":"https:\/\/boxexpert.de\/en\/shop\/perle-polyester-zubehoer\/montageplatte-stahlblech-fuer-perle-polyester-gehaeuse-540x360mm\/","og_site_name":"BOXEXPERT - Professional enclosure solutions for highest demands","og_image":[{"width":310,"height":413,"url":"https:\/\/boxexpert.de\/wp-content\/uploads\/Unbenannt-2.png","type":"image\/png"}],"twitter_card":"summary_large_image","schema":{"@context":"https:\/\/schema.org","@graph":[{"@type":"WebPage","@id":"https:\/\/boxexpert.de\/en\/shop\/perle-polyester-zubehoer\/montageplatte-stahlblech-fuer-perle-polyester-gehaeuse-540x360mm\/","url":"https:\/\/boxexpert.de\/en\/shop\/perle-polyester-zubehoer\/montageplatte-stahlblech-fuer-perle-polyester-gehaeuse-540x360mm\/","name":"BOXEXPERT Montageplatte Stahlblech f\u00fcr Perle Polyester Geh\u00e4use 540x360mm","isPartOf":{"@id":"https:\/\/boxexpert.de\/en\/#website"},"primaryImageOfPage":{"@id":"https:\/\/boxexpert.de\/en\/shop\/perle-polyester-zubehoer\/montageplatte-stahlblech-fuer-perle-polyester-gehaeuse-540x360mm\/#primaryimage"},"image":{"@id":"https:\/\/boxexpert.de\/en\/shop\/perle-polyester-zubehoer\/montageplatte-stahlblech-fuer-perle-polyester-gehaeuse-540x360mm\/#primaryimage"},"thumbnailUrl":"https:\/\/boxexpert.de\/wp-content\/uploads\/Unbenannt-2.png","datePublished":"2026-03-13T05:30:51+00:00","breadcrumb":{"@id":"https:\/\/boxexpert.de\/en\/shop\/perle-polyester-zubehoer\/montageplatte-stahlblech-fuer-perle-polyester-gehaeuse-540x360mm\/#breadcrumb"},"inLanguage":"en-US","potentialAction":[{"@type":"ReadAction","target":["https:\/\/boxexpert.de\/en\/shop\/perle-polyester-zubehoer\/montageplatte-stahlblech-fuer-perle-polyester-gehaeuse-540x360mm\/"]}]},{"@type":"ImageObject","inLanguage":"en-US","@id":"https:\/\/boxexpert.de\/en\/shop\/perle-polyester-zubehoer\/montageplatte-stahlblech-fuer-perle-polyester-gehaeuse-540x360mm\/#primaryimage","url":"https:\/\/boxexpert.de\/wp-content\/uploads\/Unbenannt-2.png","contentUrl":"https:\/\/boxexpert.de\/wp-content\/uploads\/Unbenannt-2.png","width":310,"height":413},{"@type":"BreadcrumbList","@id":"https:\/\/boxexpert.de\/en\/shop\/perle-polyester-zubehoer\/montageplatte-stahlblech-fuer-perle-polyester-gehaeuse-540x360mm\/#breadcrumb","itemListElement":[{"@type":"ListItem","position":1,"name":"Startseite","item":"https:\/\/boxexpert.de\/en\/"},{"@type":"ListItem","position":2,"name":"Shop","item":"https:\/\/boxexpert.de\/shop\/"},{"@type":"ListItem","position":3,"name":"Montageplatte Stahlblech f\u00fcr Perle Polyester Geh\u00e4use 540x360mm"}]},{"@type":"WebSite","@id":"https:\/\/boxexpert.de\/en\/#website","url":"https:\/\/boxexpert.de\/en\/","name":"BOXEXPERT - Professionelle Geh\u00e4usel\u00f6sungen f\u00fcr h\u00f6chste Anspr\u00fcche","description":"Industrial housings, control cabinets, installation housings, fuse boxes and distribution boxes","potentialAction":[{"@type":"SearchAction","target":{"@type":"EntryPoint","urlTemplate":"https:\/\/boxexpert.de\/en\/?s={search_term_string}"},"query-input":{"@type":"PropertyValueSpecification","valueRequired":true,"valueName":"search_term_string"}}],"inLanguage":"en-US"}]}},"_links":{"self":[{"href":"https:\/\/boxexpert.de\/en\/wp-json\/wp\/v2\/product\/147696","targetHints":{"allow":["GET"]}}],"collection":[{"href":"https:\/\/boxexpert.de\/en\/wp-json\/wp\/v2\/product"}],"about":[{"href":"https:\/\/boxexpert.de\/en\/wp-json\/wp\/v2\/types\/product"}],"wp:featuredmedia":[{"embeddable":true,"href":"https:\/\/boxexpert.de\/en\/wp-json\/wp\/v2\/media\/147697"}],"wp:attachment":[{"href":"https:\/\/boxexpert.de\/en\/wp-json\/wp\/v2\/media?parent=147696"}],"wp:term":[{"taxonomy":"product_brand","embeddable":true,"href":"https:\/\/boxexpert.de\/en\/wp-json\/wp\/v2\/product_brand?post=147696"},{"taxonomy":"product_cat","embeddable":true,"href":"https:\/\/boxexpert.de\/en\/wp-json\/wp\/v2\/product_cat?post=147696"},{"taxonomy":"product_tag","embeddable":true,"href":"https:\/\/boxexpert.de\/en\/wp-json\/wp\/v2\/product_tag?post=147696"}],"curies":[{"name":"wp","href":"https:\/\/api.w.org\/{rel}","templated":true}]}}