{"id":148466,"date":"2026-03-13T05:41:14","date_gmt":"2026-03-13T05:41:14","guid":{"rendered":"https:\/\/boxexpert.de\/shop\/unkategorisiert\/polycarbonat-industriegehaeuse-serie-st-pauli-95x65x60mm\/"},"modified":"2026-03-13T05:41:14","modified_gmt":"2026-03-13T05:41:14","slug":"polycarbonat-industriegehaeuse-serie-st-pauli-95x65x60mm","status":"publish","type":"product","link":"https:\/\/boxexpert.de\/en\/shop\/st-pauli-pc-grau\/polycarbonat-industriegehaeuse-serie-st-pauli-95x65x60mm\/","title":{"rendered":"Polycarbonat Industriegeh\u00e4use Serie St. Pauli 95x65x60mm"},"content":{"rendered":"<p>Das BXPFPCG956560-S01 der Serie St.Pauli von BOXEXPERT ist ein Geh\u00e4use aus <span class=\"adminTooltipEllipsisLabel\"><span>Polycarbonat<\/span><\/span>. Die Serienbezeichnung St.Pauli kommt nicht von ungef\u00e4hr&#8230; So schnelllebig dieser Stadtteil ist, so schnell und leicht l\u00e4sst sich auch das Geh\u00e4use installieren. Es ist besonders praktisch in der Handhabung und wurde zu dem Zweck konzipiert, bei der Montage und Anbringung Zeit und Geld zu sparen. Trotz dieser Merkmale entspricht das Geh\u00e4use den anerkannten Qualit\u00e4tsstandards und ist kompatibel mit handels\u00fcblichen PVC-Geh\u00e4usen.<\/p>\n<p>Der gro\u00dffl\u00e4chige Geh\u00e4usedeckel bietet viel Platz f\u00fcr Schalter, Aufkleber oder Aufdrucke, wie zum Beispiel einer Folientastatur. Schnellscharniere lassen sich innerhalb k\u00fcrzester Zeit und ohne spezielle Werkzeuge oder Schrauben befestigen.<\/p>\n<p>Zubeh\u00f6r: Kabelverschraubungen, Au\u00dfenbefestigungslaschen, Montageplatte und Tragschienen<\/p>\n<p>BOXEXPERT ist ihr Partner f\u00fcr Premium-Geh\u00e4use f\u00fcr den gehobenen Anspruch. Auf Wunsch kann jedes Geh\u00e4use (auch in kleineren St\u00fcckzahlen) durch uns bearbeitet werden (Bohrungen, Gewinde, Ausschnitte, Verkabelung, Beschriftung u.\u00e4.). F\u00fcr alle Geh\u00e4use unserer verschiedenen Serien bieten wir umfangreiches Zubeh\u00f6r wie Kabelverschraubungen, Tragschienen, Montageplatten uvm. an. Gern besprechen wir Ihre individuellen W\u00fcnsche mit Ihnen.<\/p>\n","protected":false},"excerpt":{"rendered":"<p>BOXEXPERT Polycarbonat Geh\u00e4use Serie St.Pauli  Au\u00dfenma\u00dfe: 95x65x60mm (LxBxH) Material: Polycarbonat Farbe: Lichtgrau, RAL 7035 Schutzart: IP65 Schlagfestigkeit: IK07 Betriebstemperatur: -40 bis +80\u00b0C  inkl. 4x Deckelschrauben<\/p>\n","protected":false},"featured_media":148467,"template":"","meta":{"_acf_changed":false,"content-type":""},"product_brand":[],"product_cat":[3961],"product_tag":[],"class_list":{"0":"post-148466","1":"product","2":"type-product","3":"status-publish","4":"has-post-thumbnail","6":"product_cat-st-pauli-pc-grau","7":"pa_material-deckel-transparent-polycarbonat","9":"first","10":"outofstock","11":"purchasable","12":"product-type-simple"},"acf":[],"yoast_head":"<!-- This site is optimized with the Yoast SEO plugin v27.2 - https:\/\/yoast.com\/product\/yoast-seo-wordpress\/ -->\n<title>BOXEXPERT Polycarbonat Industriegeh\u00e4use Serie St. Pauli 95x65x60mm<\/title>\n<meta name=\"robots\" content=\"index, follow, max-snippet:-1, max-image-preview:large, max-video-preview:-1\" \/>\n<link rel=\"canonical\" href=\"https:\/\/boxexpert.de\/en\/shop\/st-pauli-pc-grau\/polycarbonat-industriegehaeuse-serie-st-pauli-95x65x60mm\/\" \/>\n<meta property=\"og:locale\" content=\"en_US\" \/>\n<meta property=\"og:type\" content=\"article\" \/>\n<meta property=\"og:title\" content=\"BOXEXPERT Polycarbonat Industriegeh\u00e4use Serie St. Pauli 95x65x60mm\" \/>\n<meta property=\"og:description\" content=\"BOXEXPERT Polycarbonat Geh\u00e4use Serie St.Pauli Au\u00dfenma\u00dfe: 95x65x60mm (LxBxH) Material: Polycarbonat Farbe: Lichtgrau, RAL 7035 Schutzart: IP65 Schlagfestigkeit: IK07 Betriebstemperatur: -40 bis +80\u00b0C inkl. 4x Deckelschrauben\" \/>\n<meta property=\"og:url\" content=\"https:\/\/boxexpert.de\/en\/shop\/st-pauli-pc-grau\/polycarbonat-industriegehaeuse-serie-st-pauli-95x65x60mm\/\" \/>\n<meta property=\"og:site_name\" content=\"BOXEXPERT - Professional enclosure solutions for highest demands\" \/>\n<meta property=\"og:image\" content=\"https:\/\/boxexpert.de\/wp-content\/uploads\/BOXEXPERT-Gehaeuse-PC-St-Pauli-BXPFPCG-Gruppenbild.jpg\" \/>\n\t<meta property=\"og:image:width\" content=\"2500\" \/>\n\t<meta property=\"og:image:height\" content=\"1656\" \/>\n\t<meta property=\"og:image:type\" content=\"image\/jpeg\" \/>\n<meta name=\"twitter:card\" content=\"summary_large_image\" \/>\n<meta name=\"twitter:label1\" content=\"Est. reading time\" \/>\n\t<meta name=\"twitter:data1\" content=\"2 minutes\" \/>\n<script type=\"application\/ld+json\" class=\"yoast-schema-graph\">{\"@context\":\"https:\/\/schema.org\",\"@graph\":[{\"@type\":\"WebPage\",\"@id\":\"https:\/\/boxexpert.de\/en\/shop\/st-pauli-pc-grau\/polycarbonat-industriegehaeuse-serie-st-pauli-95x65x60mm\/\",\"url\":\"https:\/\/boxexpert.de\/en\/shop\/st-pauli-pc-grau\/polycarbonat-industriegehaeuse-serie-st-pauli-95x65x60mm\/\",\"name\":\"BOXEXPERT Polycarbonat Industriegeh\u00e4use Serie St. Pauli 95x65x60mm\",\"isPartOf\":{\"@id\":\"https:\/\/boxexpert.de\/en\/#website\"},\"primaryImageOfPage\":{\"@id\":\"https:\/\/boxexpert.de\/en\/shop\/st-pauli-pc-grau\/polycarbonat-industriegehaeuse-serie-st-pauli-95x65x60mm\/#primaryimage\"},\"image\":{\"@id\":\"https:\/\/boxexpert.de\/en\/shop\/st-pauli-pc-grau\/polycarbonat-industriegehaeuse-serie-st-pauli-95x65x60mm\/#primaryimage\"},\"thumbnailUrl\":\"https:\/\/boxexpert.de\/wp-content\/uploads\/BOXEXPERT-Gehaeuse-PC-St-Pauli-BXPFPCG-Gruppenbild.jpg\",\"datePublished\":\"2026-03-13T05:41:14+00:00\",\"breadcrumb\":{\"@id\":\"https:\/\/boxexpert.de\/en\/shop\/st-pauli-pc-grau\/polycarbonat-industriegehaeuse-serie-st-pauli-95x65x60mm\/#breadcrumb\"},\"inLanguage\":\"en-US\",\"potentialAction\":[{\"@type\":\"ReadAction\",\"target\":[\"https:\/\/boxexpert.de\/en\/shop\/st-pauli-pc-grau\/polycarbonat-industriegehaeuse-serie-st-pauli-95x65x60mm\/\"]}]},{\"@type\":\"ImageObject\",\"inLanguage\":\"en-US\",\"@id\":\"https:\/\/boxexpert.de\/en\/shop\/st-pauli-pc-grau\/polycarbonat-industriegehaeuse-serie-st-pauli-95x65x60mm\/#primaryimage\",\"url\":\"https:\/\/boxexpert.de\/wp-content\/uploads\/BOXEXPERT-Gehaeuse-PC-St-Pauli-BXPFPCG-Gruppenbild.jpg\",\"contentUrl\":\"https:\/\/boxexpert.de\/wp-content\/uploads\/BOXEXPERT-Gehaeuse-PC-St-Pauli-BXPFPCG-Gruppenbild.jpg\",\"width\":2500,\"height\":1656},{\"@type\":\"BreadcrumbList\",\"@id\":\"https:\/\/boxexpert.de\/en\/shop\/st-pauli-pc-grau\/polycarbonat-industriegehaeuse-serie-st-pauli-95x65x60mm\/#breadcrumb\",\"itemListElement\":[{\"@type\":\"ListItem\",\"position\":1,\"name\":\"Startseite\",\"item\":\"https:\/\/boxexpert.de\/en\/\"},{\"@type\":\"ListItem\",\"position\":2,\"name\":\"Shop\",\"item\":\"https:\/\/boxexpert.de\/shop\/\"},{\"@type\":\"ListItem\",\"position\":3,\"name\":\"Polycarbonat Industriegeh\u00e4use Serie St. Pauli 95x65x60mm\"}]},{\"@type\":\"WebSite\",\"@id\":\"https:\/\/boxexpert.de\/en\/#website\",\"url\":\"https:\/\/boxexpert.de\/en\/\",\"name\":\"BOXEXPERT - Professionelle Geh\u00e4usel\u00f6sungen f\u00fcr h\u00f6chste Anspr\u00fcche\",\"description\":\"Industrial housings, control cabinets, installation housings, fuse boxes and distribution boxes\",\"potentialAction\":[{\"@type\":\"SearchAction\",\"target\":{\"@type\":\"EntryPoint\",\"urlTemplate\":\"https:\/\/boxexpert.de\/en\/?s={search_term_string}\"},\"query-input\":{\"@type\":\"PropertyValueSpecification\",\"valueRequired\":true,\"valueName\":\"search_term_string\"}}],\"inLanguage\":\"en-US\"}]}<\/script>\n<!-- \/ Yoast SEO plugin. -->","yoast_head_json":{"title":"BOXEXPERT Polycarbonat Industriegeh\u00e4use Serie St. Pauli 95x65x60mm","robots":{"index":"index","follow":"follow","max-snippet":"max-snippet:-1","max-image-preview":"max-image-preview:large","max-video-preview":"max-video-preview:-1"},"canonical":"https:\/\/boxexpert.de\/en\/shop\/st-pauli-pc-grau\/polycarbonat-industriegehaeuse-serie-st-pauli-95x65x60mm\/","og_locale":"en_US","og_type":"article","og_title":"BOXEXPERT Polycarbonat Industriegeh\u00e4use Serie St. Pauli 95x65x60mm","og_description":"BOXEXPERT Polycarbonat Geh\u00e4use Serie St.Pauli Au\u00dfenma\u00dfe: 95x65x60mm (LxBxH) Material: Polycarbonat Farbe: Lichtgrau, RAL 7035 Schutzart: IP65 Schlagfestigkeit: IK07 Betriebstemperatur: -40 bis +80\u00b0C inkl. 4x Deckelschrauben","og_url":"https:\/\/boxexpert.de\/en\/shop\/st-pauli-pc-grau\/polycarbonat-industriegehaeuse-serie-st-pauli-95x65x60mm\/","og_site_name":"BOXEXPERT - Professional enclosure solutions for highest demands","og_image":[{"width":2500,"height":1656,"url":"https:\/\/boxexpert.de\/wp-content\/uploads\/BOXEXPERT-Gehaeuse-PC-St-Pauli-BXPFPCG-Gruppenbild.jpg","type":"image\/jpeg"}],"twitter_card":"summary_large_image","twitter_misc":{"Est. reading time":"2 minutes"},"schema":{"@context":"https:\/\/schema.org","@graph":[{"@type":"WebPage","@id":"https:\/\/boxexpert.de\/en\/shop\/st-pauli-pc-grau\/polycarbonat-industriegehaeuse-serie-st-pauli-95x65x60mm\/","url":"https:\/\/boxexpert.de\/en\/shop\/st-pauli-pc-grau\/polycarbonat-industriegehaeuse-serie-st-pauli-95x65x60mm\/","name":"BOXEXPERT Polycarbonat Industriegeh\u00e4use Serie St. Pauli 95x65x60mm","isPartOf":{"@id":"https:\/\/boxexpert.de\/en\/#website"},"primaryImageOfPage":{"@id":"https:\/\/boxexpert.de\/en\/shop\/st-pauli-pc-grau\/polycarbonat-industriegehaeuse-serie-st-pauli-95x65x60mm\/#primaryimage"},"image":{"@id":"https:\/\/boxexpert.de\/en\/shop\/st-pauli-pc-grau\/polycarbonat-industriegehaeuse-serie-st-pauli-95x65x60mm\/#primaryimage"},"thumbnailUrl":"https:\/\/boxexpert.de\/wp-content\/uploads\/BOXEXPERT-Gehaeuse-PC-St-Pauli-BXPFPCG-Gruppenbild.jpg","datePublished":"2026-03-13T05:41:14+00:00","breadcrumb":{"@id":"https:\/\/boxexpert.de\/en\/shop\/st-pauli-pc-grau\/polycarbonat-industriegehaeuse-serie-st-pauli-95x65x60mm\/#breadcrumb"},"inLanguage":"en-US","potentialAction":[{"@type":"ReadAction","target":["https:\/\/boxexpert.de\/en\/shop\/st-pauli-pc-grau\/polycarbonat-industriegehaeuse-serie-st-pauli-95x65x60mm\/"]}]},{"@type":"ImageObject","inLanguage":"en-US","@id":"https:\/\/boxexpert.de\/en\/shop\/st-pauli-pc-grau\/polycarbonat-industriegehaeuse-serie-st-pauli-95x65x60mm\/#primaryimage","url":"https:\/\/boxexpert.de\/wp-content\/uploads\/BOXEXPERT-Gehaeuse-PC-St-Pauli-BXPFPCG-Gruppenbild.jpg","contentUrl":"https:\/\/boxexpert.de\/wp-content\/uploads\/BOXEXPERT-Gehaeuse-PC-St-Pauli-BXPFPCG-Gruppenbild.jpg","width":2500,"height":1656},{"@type":"BreadcrumbList","@id":"https:\/\/boxexpert.de\/en\/shop\/st-pauli-pc-grau\/polycarbonat-industriegehaeuse-serie-st-pauli-95x65x60mm\/#breadcrumb","itemListElement":[{"@type":"ListItem","position":1,"name":"Startseite","item":"https:\/\/boxexpert.de\/en\/"},{"@type":"ListItem","position":2,"name":"Shop","item":"https:\/\/boxexpert.de\/shop\/"},{"@type":"ListItem","position":3,"name":"Polycarbonat Industriegeh\u00e4use Serie St. Pauli 95x65x60mm"}]},{"@type":"WebSite","@id":"https:\/\/boxexpert.de\/en\/#website","url":"https:\/\/boxexpert.de\/en\/","name":"BOXEXPERT - Professionelle Geh\u00e4usel\u00f6sungen f\u00fcr h\u00f6chste Anspr\u00fcche","description":"Industrial housings, control cabinets, installation housings, fuse boxes and distribution boxes","potentialAction":[{"@type":"SearchAction","target":{"@type":"EntryPoint","urlTemplate":"https:\/\/boxexpert.de\/en\/?s={search_term_string}"},"query-input":{"@type":"PropertyValueSpecification","valueRequired":true,"valueName":"search_term_string"}}],"inLanguage":"en-US"}]}},"_links":{"self":[{"href":"https:\/\/boxexpert.de\/en\/wp-json\/wp\/v2\/product\/148466","targetHints":{"allow":["GET"]}}],"collection":[{"href":"https:\/\/boxexpert.de\/en\/wp-json\/wp\/v2\/product"}],"about":[{"href":"https:\/\/boxexpert.de\/en\/wp-json\/wp\/v2\/types\/product"}],"wp:featuredmedia":[{"embeddable":true,"href":"https:\/\/boxexpert.de\/en\/wp-json\/wp\/v2\/media\/148467"}],"wp:attachment":[{"href":"https:\/\/boxexpert.de\/en\/wp-json\/wp\/v2\/media?parent=148466"}],"wp:term":[{"taxonomy":"product_brand","embeddable":true,"href":"https:\/\/boxexpert.de\/en\/wp-json\/wp\/v2\/product_brand?post=148466"},{"taxonomy":"product_cat","embeddable":true,"href":"https:\/\/boxexpert.de\/en\/wp-json\/wp\/v2\/product_cat?post=148466"},{"taxonomy":"product_tag","embeddable":true,"href":"https:\/\/boxexpert.de\/en\/wp-json\/wp\/v2\/product_tag?post=148466"}],"curies":[{"name":"wp","href":"https:\/\/api.w.org\/{rel}","templated":true}]}}