{"id":152498,"date":"2026-03-13T05:41:02","date_gmt":"2026-03-13T05:41:02","guid":{"rendered":"https:\/\/boxexpert.de\/shop\/unkategorisiert\/aluminium-industriegehaeuse-serie-alster-230x200x111mm\/"},"modified":"2026-03-13T05:41:02","modified_gmt":"2026-03-13T05:41:02","slug":"aluminium-industriegehaeuse-serie-alster-230x200x111mm","status":"publish","type":"product","link":"https:\/\/boxexpert.de\/en\/shop\/alster\/aluminium-industriegehaeuse-serie-alster-230x200x111mm\/","title":{"rendered":"Aluminium Industriegeh\u00e4use Serie Alster 230x200x111mm"},"content":{"rendered":"<p>Das BXPBAL230200111-A01 der Serie Alster von BOXEXPERT ist ein sehr robustes und handliches Aluminium Geh\u00e4use f\u00fcr industrielle Anwendungen. Das Geh\u00e4use ist perfekt geeignet f\u00fcr kleine Einbauten, elektrischer\/elektromechanischer Komponenten wie Klemmen, Taster, elektronische Baugruppen mit Platinen und Relaisbausteinen. Die integrierten Gewindebohrungen im Geh\u00e4useinneren dienen zur Befestigung f\u00fcr diese Einbauten, sowie f\u00fcr das Anbringen von Tragschienen und Montageplatten.<\/p>\n<p>Durch die Pulverbeschichtung wird ein hoher Korrosions- und Oberfl\u00e4chenschutz erzeugt, welcher dazu beitr\u00e4gt, dass Ihre Einbauten einen optimalen Schutz genie\u00dfen k\u00f6nnen. Durch die eingesch\u00e4umte PU-Dichtung bietet das Aluminiumgeh\u00e4use eine Schutzart von IP 66 und ist damit problemlos f\u00fcr jeglichen Au\u00dfeneinsatz geeignet. Zus\u00e4tzlich weist das Geh\u00e4use eine sehr gute Best\u00e4ndigkeit gegen Alkohol, Benzin, Mineral\u00f6len und \u00e4hnlichem auf. Der Deckel wird mit unverlierbaren, nichtrostenden Stahlschrauben befestigt.<\/p>\n<p>BOXEXPERT ist ihr Partner f\u00fcr Premium-Geh\u00e4use f\u00fcr den gehobenen Anspruch. F\u00fcr alle Geh\u00e4use unserer verschiedenen Serien bieten wir umfangreiches Zubeh\u00f6r wie Kabelverschraubungen, Tragschienen, Montageplatten uvm. an. Auf Wunsch kann jedes Geh\u00e4use (auch in kleineren St\u00fcckzahlen) durch uns bearbeitet werden (Bohrungen, Gewinde, Ausschnitte, Verkabelung, Beschriftung u.\u00e4.). Gern besprechen wir Ihre individuellen W\u00fcnsche mit Ihnen.<\/p>\n","protected":false},"excerpt":{"rendered":"<p>BOXEXPERT Alugeh\u00e4use Serie Alster  Au\u00dfenma\u00dfe: 230x200x111mm  (LxBxH) Material: Aluminium, AL SI, DIN 1725 Farbe: Silbergrau, RAL 7001 Schutzart: IP 66 Schlagfestigkeit: IK 09 Betriebstemperatur: -40 bis +100\u00b0C  inkl. unverlierbare, nichtrostende Stahlschrauben und Erdungsschrauben<\/p>\n","protected":false},"featured_media":172812,"template":"","meta":{"_acf_changed":false,"content-type":""},"product_brand":[],"product_cat":[424],"product_tag":[],"class_list":{"0":"post-152498","1":"product","2":"type-product","3":"status-publish","4":"has-post-thumbnail","6":"product_cat-alster","7":"pa_material-deckel-transparent-aluminium","9":"first","10":"instock","11":"purchasable","12":"product-type-simple"},"acf":[],"yoast_head":"<!-- This site is optimized with the Yoast SEO plugin v27.2 - https:\/\/yoast.com\/product\/yoast-seo-wordpress\/ -->\n<title>BOXEXPERT Aluminium Industriegeh\u00e4use Serie Alster 230x200x111mm<\/title>\n<meta name=\"robots\" content=\"index, follow, max-snippet:-1, max-image-preview:large, max-video-preview:-1\" \/>\n<link rel=\"canonical\" href=\"https:\/\/boxexpert.de\/en\/shop\/alster\/aluminium-industriegehaeuse-serie-alster-230x200x111mm\/\" \/>\n<meta property=\"og:locale\" content=\"en_US\" \/>\n<meta property=\"og:type\" content=\"article\" \/>\n<meta property=\"og:title\" content=\"BOXEXPERT Aluminium Industriegeh\u00e4use Serie Alster 230x200x111mm\" \/>\n<meta property=\"og:description\" content=\"BOXEXPERT Alugeh\u00e4use Serie Alster Au\u00dfenma\u00dfe: 230x200x111mm (LxBxH) Material: Aluminium, AL SI, DIN 1725 Farbe: Silbergrau, RAL 7001 Schutzart: IP 66 Schlagfestigkeit: IK 09 Betriebstemperatur: -40 bis +100\u00b0C inkl. unverlierbare, nichtrostende Stahlschrauben und Erdungsschrauben\" \/>\n<meta property=\"og:url\" content=\"https:\/\/boxexpert.de\/en\/shop\/alster\/aluminium-industriegehaeuse-serie-alster-230x200x111mm\/\" \/>\n<meta property=\"og:site_name\" content=\"BOXEXPERT - Professional enclosure solutions for highest demands\" \/>\n<meta property=\"og:image\" content=\"https:\/\/boxexpert.de\/wp-content\/uploads\/BOXEXPERT-Industriegehaeuse-Aluminium-Alster-BXPBAL230200111-A01-seite.jpg\" \/>\n\t<meta property=\"og:image:width\" content=\"1848\" \/>\n\t<meta property=\"og:image:height\" content=\"2048\" \/>\n\t<meta property=\"og:image:type\" content=\"image\/jpeg\" \/>\n<meta name=\"twitter:card\" content=\"summary_large_image\" \/>\n<meta name=\"twitter:label1\" content=\"Est. reading time\" \/>\n\t<meta name=\"twitter:data1\" content=\"2 minutes\" \/>\n<script type=\"application\/ld+json\" class=\"yoast-schema-graph\">{\"@context\":\"https:\/\/schema.org\",\"@graph\":[{\"@type\":\"WebPage\",\"@id\":\"https:\/\/boxexpert.de\/en\/shop\/alster\/aluminium-industriegehaeuse-serie-alster-230x200x111mm\/\",\"url\":\"https:\/\/boxexpert.de\/en\/shop\/alster\/aluminium-industriegehaeuse-serie-alster-230x200x111mm\/\",\"name\":\"BOXEXPERT Aluminium Industriegeh\u00e4use Serie Alster 230x200x111mm\",\"isPartOf\":{\"@id\":\"https:\/\/boxexpert.de\/en\/#website\"},\"primaryImageOfPage\":{\"@id\":\"https:\/\/boxexpert.de\/en\/shop\/alster\/aluminium-industriegehaeuse-serie-alster-230x200x111mm\/#primaryimage\"},\"image\":{\"@id\":\"https:\/\/boxexpert.de\/en\/shop\/alster\/aluminium-industriegehaeuse-serie-alster-230x200x111mm\/#primaryimage\"},\"thumbnailUrl\":\"https:\/\/boxexpert.de\/wp-content\/uploads\/BOXEXPERT-Industriegehaeuse-Aluminium-Alster-BXPBAL230200111-A01-seite.jpg\",\"datePublished\":\"2026-03-13T05:41:02+00:00\",\"breadcrumb\":{\"@id\":\"https:\/\/boxexpert.de\/en\/shop\/alster\/aluminium-industriegehaeuse-serie-alster-230x200x111mm\/#breadcrumb\"},\"inLanguage\":\"en-US\",\"potentialAction\":[{\"@type\":\"ReadAction\",\"target\":[\"https:\/\/boxexpert.de\/en\/shop\/alster\/aluminium-industriegehaeuse-serie-alster-230x200x111mm\/\"]}]},{\"@type\":\"ImageObject\",\"inLanguage\":\"en-US\",\"@id\":\"https:\/\/boxexpert.de\/en\/shop\/alster\/aluminium-industriegehaeuse-serie-alster-230x200x111mm\/#primaryimage\",\"url\":\"https:\/\/boxexpert.de\/wp-content\/uploads\/BOXEXPERT-Industriegehaeuse-Aluminium-Alster-BXPBAL230200111-A01-seite.jpg\",\"contentUrl\":\"https:\/\/boxexpert.de\/wp-content\/uploads\/BOXEXPERT-Industriegehaeuse-Aluminium-Alster-BXPBAL230200111-A01-seite.jpg\",\"width\":1848,\"height\":2048},{\"@type\":\"BreadcrumbList\",\"@id\":\"https:\/\/boxexpert.de\/en\/shop\/alster\/aluminium-industriegehaeuse-serie-alster-230x200x111mm\/#breadcrumb\",\"itemListElement\":[{\"@type\":\"ListItem\",\"position\":1,\"name\":\"Startseite\",\"item\":\"https:\/\/boxexpert.de\/en\/\"},{\"@type\":\"ListItem\",\"position\":2,\"name\":\"Shop\",\"item\":\"https:\/\/boxexpert.de\/shop\/\"},{\"@type\":\"ListItem\",\"position\":3,\"name\":\"Aluminium Industriegeh\u00e4use Serie Alster 230x200x111mm\"}]},{\"@type\":\"WebSite\",\"@id\":\"https:\/\/boxexpert.de\/en\/#website\",\"url\":\"https:\/\/boxexpert.de\/en\/\",\"name\":\"BOXEXPERT - Professionelle Geh\u00e4usel\u00f6sungen f\u00fcr h\u00f6chste Anspr\u00fcche\",\"description\":\"Industrial housings, control cabinets, installation housings, fuse boxes and distribution boxes\",\"potentialAction\":[{\"@type\":\"SearchAction\",\"target\":{\"@type\":\"EntryPoint\",\"urlTemplate\":\"https:\/\/boxexpert.de\/en\/?s={search_term_string}\"},\"query-input\":{\"@type\":\"PropertyValueSpecification\",\"valueRequired\":true,\"valueName\":\"search_term_string\"}}],\"inLanguage\":\"en-US\"}]}<\/script>\n<!-- \/ Yoast SEO plugin. -->","yoast_head_json":{"title":"BOXEXPERT Aluminium Industriegeh\u00e4use Serie Alster 230x200x111mm","robots":{"index":"index","follow":"follow","max-snippet":"max-snippet:-1","max-image-preview":"max-image-preview:large","max-video-preview":"max-video-preview:-1"},"canonical":"https:\/\/boxexpert.de\/en\/shop\/alster\/aluminium-industriegehaeuse-serie-alster-230x200x111mm\/","og_locale":"en_US","og_type":"article","og_title":"BOXEXPERT Aluminium Industriegeh\u00e4use Serie Alster 230x200x111mm","og_description":"BOXEXPERT Alugeh\u00e4use Serie Alster Au\u00dfenma\u00dfe: 230x200x111mm (LxBxH) Material: Aluminium, AL SI, DIN 1725 Farbe: Silbergrau, RAL 7001 Schutzart: IP 66 Schlagfestigkeit: IK 09 Betriebstemperatur: -40 bis +100\u00b0C inkl. unverlierbare, nichtrostende Stahlschrauben und Erdungsschrauben","og_url":"https:\/\/boxexpert.de\/en\/shop\/alster\/aluminium-industriegehaeuse-serie-alster-230x200x111mm\/","og_site_name":"BOXEXPERT - Professional enclosure solutions for highest demands","og_image":[{"width":1848,"height":2048,"url":"https:\/\/boxexpert.de\/wp-content\/uploads\/BOXEXPERT-Industriegehaeuse-Aluminium-Alster-BXPBAL230200111-A01-seite.jpg","type":"image\/jpeg"}],"twitter_card":"summary_large_image","twitter_misc":{"Est. reading time":"2 minutes"},"schema":{"@context":"https:\/\/schema.org","@graph":[{"@type":"WebPage","@id":"https:\/\/boxexpert.de\/en\/shop\/alster\/aluminium-industriegehaeuse-serie-alster-230x200x111mm\/","url":"https:\/\/boxexpert.de\/en\/shop\/alster\/aluminium-industriegehaeuse-serie-alster-230x200x111mm\/","name":"BOXEXPERT Aluminium Industriegeh\u00e4use Serie Alster 230x200x111mm","isPartOf":{"@id":"https:\/\/boxexpert.de\/en\/#website"},"primaryImageOfPage":{"@id":"https:\/\/boxexpert.de\/en\/shop\/alster\/aluminium-industriegehaeuse-serie-alster-230x200x111mm\/#primaryimage"},"image":{"@id":"https:\/\/boxexpert.de\/en\/shop\/alster\/aluminium-industriegehaeuse-serie-alster-230x200x111mm\/#primaryimage"},"thumbnailUrl":"https:\/\/boxexpert.de\/wp-content\/uploads\/BOXEXPERT-Industriegehaeuse-Aluminium-Alster-BXPBAL230200111-A01-seite.jpg","datePublished":"2026-03-13T05:41:02+00:00","breadcrumb":{"@id":"https:\/\/boxexpert.de\/en\/shop\/alster\/aluminium-industriegehaeuse-serie-alster-230x200x111mm\/#breadcrumb"},"inLanguage":"en-US","potentialAction":[{"@type":"ReadAction","target":["https:\/\/boxexpert.de\/en\/shop\/alster\/aluminium-industriegehaeuse-serie-alster-230x200x111mm\/"]}]},{"@type":"ImageObject","inLanguage":"en-US","@id":"https:\/\/boxexpert.de\/en\/shop\/alster\/aluminium-industriegehaeuse-serie-alster-230x200x111mm\/#primaryimage","url":"https:\/\/boxexpert.de\/wp-content\/uploads\/BOXEXPERT-Industriegehaeuse-Aluminium-Alster-BXPBAL230200111-A01-seite.jpg","contentUrl":"https:\/\/boxexpert.de\/wp-content\/uploads\/BOXEXPERT-Industriegehaeuse-Aluminium-Alster-BXPBAL230200111-A01-seite.jpg","width":1848,"height":2048},{"@type":"BreadcrumbList","@id":"https:\/\/boxexpert.de\/en\/shop\/alster\/aluminium-industriegehaeuse-serie-alster-230x200x111mm\/#breadcrumb","itemListElement":[{"@type":"ListItem","position":1,"name":"Startseite","item":"https:\/\/boxexpert.de\/en\/"},{"@type":"ListItem","position":2,"name":"Shop","item":"https:\/\/boxexpert.de\/shop\/"},{"@type":"ListItem","position":3,"name":"Aluminium Industriegeh\u00e4use Serie Alster 230x200x111mm"}]},{"@type":"WebSite","@id":"https:\/\/boxexpert.de\/en\/#website","url":"https:\/\/boxexpert.de\/en\/","name":"BOXEXPERT - Professionelle Geh\u00e4usel\u00f6sungen f\u00fcr h\u00f6chste Anspr\u00fcche","description":"Industrial housings, control cabinets, installation housings, fuse boxes and distribution boxes","potentialAction":[{"@type":"SearchAction","target":{"@type":"EntryPoint","urlTemplate":"https:\/\/boxexpert.de\/en\/?s={search_term_string}"},"query-input":{"@type":"PropertyValueSpecification","valueRequired":true,"valueName":"search_term_string"}}],"inLanguage":"en-US"}]}},"_links":{"self":[{"href":"https:\/\/boxexpert.de\/en\/wp-json\/wp\/v2\/product\/152498","targetHints":{"allow":["GET"]}}],"collection":[{"href":"https:\/\/boxexpert.de\/en\/wp-json\/wp\/v2\/product"}],"about":[{"href":"https:\/\/boxexpert.de\/en\/wp-json\/wp\/v2\/types\/product"}],"wp:featuredmedia":[{"embeddable":true,"href":"https:\/\/boxexpert.de\/en\/wp-json\/wp\/v2\/media\/172812"}],"wp:attachment":[{"href":"https:\/\/boxexpert.de\/en\/wp-json\/wp\/v2\/media?parent=152498"}],"wp:term":[{"taxonomy":"product_brand","embeddable":true,"href":"https:\/\/boxexpert.de\/en\/wp-json\/wp\/v2\/product_brand?post=152498"},{"taxonomy":"product_cat","embeddable":true,"href":"https:\/\/boxexpert.de\/en\/wp-json\/wp\/v2\/product_cat?post=152498"},{"taxonomy":"product_tag","embeddable":true,"href":"https:\/\/boxexpert.de\/en\/wp-json\/wp\/v2\/product_tag?post=152498"}],"curies":[{"name":"wp","href":"https:\/\/api.w.org\/{rel}","templated":true}]}}