{"id":153677,"date":"2026-03-13T05:51:28","date_gmt":"2026-03-13T05:51:28","guid":{"rendered":"https:\/\/boxexpert.de\/shop\/unkategorisiert\/boxexpert-serie-perle-pc-eckprofile-4-stueck-bautiefe-150mm\/"},"modified":"2026-03-13T05:51:28","modified_gmt":"2026-03-13T05:51:28","slug":"boxexpert-serie-perle-pc-eckprofile-4-stueck-bautiefe-150mm","status":"publish","type":"product","link":"https:\/\/boxexpert.de\/en\/shop\/perle-pc-zubehoer\/boxexpert-serie-perle-pc-eckprofile-4-stueck-bautiefe-150mm\/","title":{"rendered":"BOXEXPERT Serie Perle PC Eckprofile, (4 St\u00fcck) -Bautiefe 150mm"},"content":{"rendered":"<p>BOXEXPERT Serie Perle PC Eckprofile, (4 St\u00fcck) -Bautiefe 150mm<\/p>\n","protected":false},"excerpt":{"rendered":"<p>BOXEXPERT Serie Perle PC Eckprofile, (4 St\u00fcck) -Bautiefe 150mm<\/p>\n","protected":false},"featured_media":186521,"template":"","meta":{"_acf_changed":false,"content-type":""},"product_brand":[],"product_cat":[3196],"product_tag":[],"class_list":{"0":"post-153677","1":"product","2":"type-product","3":"status-publish","4":"has-post-thumbnail","6":"product_cat-perle-pc-zubehoer","8":"first","9":"outofstock","10":"purchasable","11":"product-type-simple"},"acf":[],"yoast_head":"<!-- This site is optimized with the Yoast SEO plugin v27.2 - https:\/\/yoast.com\/product\/yoast-seo-wordpress\/ -->\n<title>BOXEXPERT BOXEXPERT Serie Perle PC Eckprofile, (4 St\u00fcck) -Bautiefe 150mm<\/title>\n<meta name=\"robots\" content=\"index, follow, max-snippet:-1, max-image-preview:large, max-video-preview:-1\" \/>\n<link rel=\"canonical\" href=\"https:\/\/boxexpert.de\/en\/shop\/perle-pc-zubehoer\/boxexpert-serie-perle-pc-eckprofile-4-stueck-bautiefe-150mm\/\" \/>\n<meta property=\"og:locale\" content=\"en_US\" \/>\n<meta property=\"og:type\" content=\"article\" \/>\n<meta property=\"og:title\" content=\"BOXEXPERT BOXEXPERT Serie Perle PC Eckprofile, (4 St\u00fcck) -Bautiefe 150mm\" \/>\n<meta property=\"og:description\" content=\"BOXEXPERT Serie Perle PC Eckprofile, (4 St\u00fcck) -Bautiefe 150mm\" \/>\n<meta property=\"og:url\" content=\"https:\/\/boxexpert.de\/en\/shop\/perle-pc-zubehoer\/boxexpert-serie-perle-pc-eckprofile-4-stueck-bautiefe-150mm\/\" \/>\n<meta property=\"og:site_name\" content=\"BOXEXPERT - Professional enclosure solutions for highest demands\" \/>\n<meta property=\"og:image\" content=\"https:\/\/boxexpert.de\/wp-content\/uploads\/BXPFCBS21-Eckprofile-MP-Perle.png\" \/>\n\t<meta property=\"og:image:width\" content=\"517\" \/>\n\t<meta property=\"og:image:height\" content=\"454\" \/>\n\t<meta property=\"og:image:type\" content=\"image\/png\" \/>\n<meta name=\"twitter:card\" content=\"summary_large_image\" \/>\n<meta name=\"twitter:label1\" content=\"Est. reading time\" \/>\n\t<meta name=\"twitter:data1\" content=\"1 minute\" \/>\n<script type=\"application\/ld+json\" class=\"yoast-schema-graph\">{\"@context\":\"https:\/\/schema.org\",\"@graph\":[{\"@type\":\"WebPage\",\"@id\":\"https:\/\/boxexpert.de\/en\/shop\/perle-pc-zubehoer\/boxexpert-serie-perle-pc-eckprofile-4-stueck-bautiefe-150mm\/\",\"url\":\"https:\/\/boxexpert.de\/en\/shop\/perle-pc-zubehoer\/boxexpert-serie-perle-pc-eckprofile-4-stueck-bautiefe-150mm\/\",\"name\":\"BOXEXPERT BOXEXPERT Serie Perle PC Eckprofile, (4 St\u00fcck) -Bautiefe 150mm\",\"isPartOf\":{\"@id\":\"https:\/\/boxexpert.de\/en\/#website\"},\"primaryImageOfPage\":{\"@id\":\"https:\/\/boxexpert.de\/en\/shop\/perle-pc-zubehoer\/boxexpert-serie-perle-pc-eckprofile-4-stueck-bautiefe-150mm\/#primaryimage\"},\"image\":{\"@id\":\"https:\/\/boxexpert.de\/en\/shop\/perle-pc-zubehoer\/boxexpert-serie-perle-pc-eckprofile-4-stueck-bautiefe-150mm\/#primaryimage\"},\"thumbnailUrl\":\"https:\/\/boxexpert.de\/wp-content\/uploads\/BXPFCBS21-Eckprofile-MP-Perle.png\",\"datePublished\":\"2026-03-13T05:51:28+00:00\",\"breadcrumb\":{\"@id\":\"https:\/\/boxexpert.de\/en\/shop\/perle-pc-zubehoer\/boxexpert-serie-perle-pc-eckprofile-4-stueck-bautiefe-150mm\/#breadcrumb\"},\"inLanguage\":\"en-US\",\"potentialAction\":[{\"@type\":\"ReadAction\",\"target\":[\"https:\/\/boxexpert.de\/en\/shop\/perle-pc-zubehoer\/boxexpert-serie-perle-pc-eckprofile-4-stueck-bautiefe-150mm\/\"]}]},{\"@type\":\"ImageObject\",\"inLanguage\":\"en-US\",\"@id\":\"https:\/\/boxexpert.de\/en\/shop\/perle-pc-zubehoer\/boxexpert-serie-perle-pc-eckprofile-4-stueck-bautiefe-150mm\/#primaryimage\",\"url\":\"https:\/\/boxexpert.de\/wp-content\/uploads\/BXPFCBS21-Eckprofile-MP-Perle.png\",\"contentUrl\":\"https:\/\/boxexpert.de\/wp-content\/uploads\/BXPFCBS21-Eckprofile-MP-Perle.png\",\"width\":517,\"height\":454},{\"@type\":\"BreadcrumbList\",\"@id\":\"https:\/\/boxexpert.de\/en\/shop\/perle-pc-zubehoer\/boxexpert-serie-perle-pc-eckprofile-4-stueck-bautiefe-150mm\/#breadcrumb\",\"itemListElement\":[{\"@type\":\"ListItem\",\"position\":1,\"name\":\"Startseite\",\"item\":\"https:\/\/boxexpert.de\/en\/\"},{\"@type\":\"ListItem\",\"position\":2,\"name\":\"Shop\",\"item\":\"https:\/\/boxexpert.de\/shop\/\"},{\"@type\":\"ListItem\",\"position\":3,\"name\":\"BOXEXPERT Serie Perle PC Eckprofile, (4 St\u00fcck) -Bautiefe 150mm\"}]},{\"@type\":\"WebSite\",\"@id\":\"https:\/\/boxexpert.de\/en\/#website\",\"url\":\"https:\/\/boxexpert.de\/en\/\",\"name\":\"BOXEXPERT - Professionelle Geh\u00e4usel\u00f6sungen f\u00fcr h\u00f6chste Anspr\u00fcche\",\"description\":\"Industrial housings, control cabinets, installation housings, fuse boxes and distribution boxes\",\"potentialAction\":[{\"@type\":\"SearchAction\",\"target\":{\"@type\":\"EntryPoint\",\"urlTemplate\":\"https:\/\/boxexpert.de\/en\/?s={search_term_string}\"},\"query-input\":{\"@type\":\"PropertyValueSpecification\",\"valueRequired\":true,\"valueName\":\"search_term_string\"}}],\"inLanguage\":\"en-US\"}]}<\/script>\n<!-- \/ Yoast SEO plugin. -->","yoast_head_json":{"title":"BOXEXPERT BOXEXPERT Serie Perle PC Eckprofile, (4 St\u00fcck) -Bautiefe 150mm","robots":{"index":"index","follow":"follow","max-snippet":"max-snippet:-1","max-image-preview":"max-image-preview:large","max-video-preview":"max-video-preview:-1"},"canonical":"https:\/\/boxexpert.de\/en\/shop\/perle-pc-zubehoer\/boxexpert-serie-perle-pc-eckprofile-4-stueck-bautiefe-150mm\/","og_locale":"en_US","og_type":"article","og_title":"BOXEXPERT BOXEXPERT Serie Perle PC Eckprofile, (4 St\u00fcck) -Bautiefe 150mm","og_description":"BOXEXPERT Serie Perle PC Eckprofile, (4 St\u00fcck) -Bautiefe 150mm","og_url":"https:\/\/boxexpert.de\/en\/shop\/perle-pc-zubehoer\/boxexpert-serie-perle-pc-eckprofile-4-stueck-bautiefe-150mm\/","og_site_name":"BOXEXPERT - Professional enclosure solutions for highest demands","og_image":[{"width":517,"height":454,"url":"https:\/\/boxexpert.de\/wp-content\/uploads\/BXPFCBS21-Eckprofile-MP-Perle.png","type":"image\/png"}],"twitter_card":"summary_large_image","twitter_misc":{"Est. reading time":"1 minute"},"schema":{"@context":"https:\/\/schema.org","@graph":[{"@type":"WebPage","@id":"https:\/\/boxexpert.de\/en\/shop\/perle-pc-zubehoer\/boxexpert-serie-perle-pc-eckprofile-4-stueck-bautiefe-150mm\/","url":"https:\/\/boxexpert.de\/en\/shop\/perle-pc-zubehoer\/boxexpert-serie-perle-pc-eckprofile-4-stueck-bautiefe-150mm\/","name":"BOXEXPERT BOXEXPERT Serie Perle PC Eckprofile, (4 St\u00fcck) -Bautiefe 150mm","isPartOf":{"@id":"https:\/\/boxexpert.de\/en\/#website"},"primaryImageOfPage":{"@id":"https:\/\/boxexpert.de\/en\/shop\/perle-pc-zubehoer\/boxexpert-serie-perle-pc-eckprofile-4-stueck-bautiefe-150mm\/#primaryimage"},"image":{"@id":"https:\/\/boxexpert.de\/en\/shop\/perle-pc-zubehoer\/boxexpert-serie-perle-pc-eckprofile-4-stueck-bautiefe-150mm\/#primaryimage"},"thumbnailUrl":"https:\/\/boxexpert.de\/wp-content\/uploads\/BXPFCBS21-Eckprofile-MP-Perle.png","datePublished":"2026-03-13T05:51:28+00:00","breadcrumb":{"@id":"https:\/\/boxexpert.de\/en\/shop\/perle-pc-zubehoer\/boxexpert-serie-perle-pc-eckprofile-4-stueck-bautiefe-150mm\/#breadcrumb"},"inLanguage":"en-US","potentialAction":[{"@type":"ReadAction","target":["https:\/\/boxexpert.de\/en\/shop\/perle-pc-zubehoer\/boxexpert-serie-perle-pc-eckprofile-4-stueck-bautiefe-150mm\/"]}]},{"@type":"ImageObject","inLanguage":"en-US","@id":"https:\/\/boxexpert.de\/en\/shop\/perle-pc-zubehoer\/boxexpert-serie-perle-pc-eckprofile-4-stueck-bautiefe-150mm\/#primaryimage","url":"https:\/\/boxexpert.de\/wp-content\/uploads\/BXPFCBS21-Eckprofile-MP-Perle.png","contentUrl":"https:\/\/boxexpert.de\/wp-content\/uploads\/BXPFCBS21-Eckprofile-MP-Perle.png","width":517,"height":454},{"@type":"BreadcrumbList","@id":"https:\/\/boxexpert.de\/en\/shop\/perle-pc-zubehoer\/boxexpert-serie-perle-pc-eckprofile-4-stueck-bautiefe-150mm\/#breadcrumb","itemListElement":[{"@type":"ListItem","position":1,"name":"Startseite","item":"https:\/\/boxexpert.de\/en\/"},{"@type":"ListItem","position":2,"name":"Shop","item":"https:\/\/boxexpert.de\/shop\/"},{"@type":"ListItem","position":3,"name":"BOXEXPERT Serie Perle PC Eckprofile, (4 St\u00fcck) -Bautiefe 150mm"}]},{"@type":"WebSite","@id":"https:\/\/boxexpert.de\/en\/#website","url":"https:\/\/boxexpert.de\/en\/","name":"BOXEXPERT - Professionelle Geh\u00e4usel\u00f6sungen f\u00fcr h\u00f6chste Anspr\u00fcche","description":"Industrial housings, control cabinets, installation housings, fuse boxes and distribution boxes","potentialAction":[{"@type":"SearchAction","target":{"@type":"EntryPoint","urlTemplate":"https:\/\/boxexpert.de\/en\/?s={search_term_string}"},"query-input":{"@type":"PropertyValueSpecification","valueRequired":true,"valueName":"search_term_string"}}],"inLanguage":"en-US"}]}},"_links":{"self":[{"href":"https:\/\/boxexpert.de\/en\/wp-json\/wp\/v2\/product\/153677","targetHints":{"allow":["GET"]}}],"collection":[{"href":"https:\/\/boxexpert.de\/en\/wp-json\/wp\/v2\/product"}],"about":[{"href":"https:\/\/boxexpert.de\/en\/wp-json\/wp\/v2\/types\/product"}],"wp:featuredmedia":[{"embeddable":true,"href":"https:\/\/boxexpert.de\/en\/wp-json\/wp\/v2\/media\/186521"}],"wp:attachment":[{"href":"https:\/\/boxexpert.de\/en\/wp-json\/wp\/v2\/media?parent=153677"}],"wp:term":[{"taxonomy":"product_brand","embeddable":true,"href":"https:\/\/boxexpert.de\/en\/wp-json\/wp\/v2\/product_brand?post=153677"},{"taxonomy":"product_cat","embeddable":true,"href":"https:\/\/boxexpert.de\/en\/wp-json\/wp\/v2\/product_cat?post=153677"},{"taxonomy":"product_tag","embeddable":true,"href":"https:\/\/boxexpert.de\/en\/wp-json\/wp\/v2\/product_tag?post=153677"}],"curies":[{"name":"wp","href":"https:\/\/api.w.org\/{rel}","templated":true}]}}