{"id":153903,"date":"2026-03-13T05:41:12","date_gmt":"2026-03-13T05:41:12","guid":{"rendered":"https:\/\/boxexpert.de\/shop\/unkategorisiert\/polycarbonat-kunststoff-gehaeuse-serie-michel-180x180x150mm-transparent\/"},"modified":"2026-03-13T05:41:12","modified_gmt":"2026-03-13T05:41:12","slug":"polycarbonat-kunststoff-gehaeuse-serie-michel-180x180x150mm-transparent","status":"publish","type":"product","link":"https:\/\/boxexpert.de\/en\/shop\/michel-transparent\/polycarbonat-kunststoff-gehaeuse-serie-michel-180x180x150mm-transparent\/","title":{"rendered":"Polycarbonat Kunststoff-Geh\u00e4use Serie Michel 180x180x150mm Transparent"},"content":{"rendered":"<p>Das BXPFPCT180180150-M02 der Serie Michel von BOXEXPERT ist ein Geh\u00e4use aus Polycarbonat und wird mittels einer hochwertigen Spritzgusstechnologie hergestellt.<\/p>\n<p>Das Geh\u00e4use bietet durch sein modulares H\u00f6henkonzept ein hohes Ma\u00df an Bedienungskomfort und Funktionalit\u00e4t und dient zum Einsatz und Schutz von elektrischen und elektonischen Komponenten in anspruchsvollster Umgebung. Mit den Schutzarten von IP66 bzw. IP67 und einer Schlagfestigkeit von IK08 ist das Geh\u00e4use sehr robust und problemlos f\u00fcr alle Applikationen im Innen- und Au\u00dfenbereich geeignet.<\/p>\n<p>Zubeh\u00f6r: Kabelverschraubungen, Montageplatte, Befestigungslaschen, schwenkbare Frontplatte.<\/p>\n<p>BOXEXPERT ist Ihr Partner f\u00fcr Premium-Geh\u00e4use f\u00fcr den gehobenen Anspruch. F\u00fcr alle Geh\u00e4use unserer verschiedenen Serien bieten wir umfangreiches Zubeh\u00f6r wie Kabelverschraubungen, Tragschienen, Montageplatten uvm. an. Auf Wunsch kann jedes Geh\u00e4use (auch in kleineren St\u00fcckzahlen) durch uns bearbeitet werden (Bohrungen, Gewinde, Ausschnitte, Verkabelung, Beschriftung u.\u00e4.). Gern besprechen wir Ihre individuellen W\u00fcnsche mit Ihnen.<\/p>\n","protected":false},"excerpt":{"rendered":"<p>BOXEXPERT Polycarbonat Geh\u00e4use Serie Michel  Au\u00dfenma\u00dfe: 180x180x150mm (LxBxH) Material: Polycarbonat Unterteil: Glatte Oberfl\u00e4che Deckel: Rauchgrau transparent Farbe: Lichtgrau, RAL 7035 Schutzart: IP66\/IP67 Schlagfestigkeit: IK08 Betriebstemperatur: -40 bis +80\u00b0C  inkl. TPE Dichtung, Schrauben f\u00fcr die Montageplatte\/DIN-Schiene und Polyamid Deckelschrauben&#8221;<\/p>\n","protected":false},"featured_media":153904,"template":"","meta":{"_acf_changed":false,"content-type":""},"product_brand":[],"product_cat":[3960],"product_tag":[],"class_list":{"0":"post-153903","1":"product","2":"type-product","3":"status-publish","4":"has-post-thumbnail","6":"product_cat-michel-transparent","7":"pa_material-deckel-transparent-polycarbonat","9":"first","10":"outofstock","11":"purchasable","12":"product-type-simple"},"acf":[],"yoast_head":"<!-- This site is optimized with the Yoast SEO plugin v27.2 - https:\/\/yoast.com\/product\/yoast-seo-wordpress\/ -->\n<title>BOXEXPERT Polycarbonat Kunststoff-Geh\u00e4use Serie Michel 180x180x150mm Transparent<\/title>\n<meta name=\"robots\" content=\"index, follow, max-snippet:-1, max-image-preview:large, max-video-preview:-1\" \/>\n<link rel=\"canonical\" href=\"https:\/\/boxexpert.de\/en\/shop\/michel-transparent\/polycarbonat-kunststoff-gehaeuse-serie-michel-180x180x150mm-transparent\/\" \/>\n<meta property=\"og:locale\" content=\"en_US\" \/>\n<meta property=\"og:type\" content=\"article\" \/>\n<meta property=\"og:title\" content=\"BOXEXPERT Polycarbonat Kunststoff-Geh\u00e4use Serie Michel 180x180x150mm Transparent\" \/>\n<meta property=\"og:description\" content=\"BOXEXPERT Polycarbonat Geh\u00e4use Serie Michel Au\u00dfenma\u00dfe: 180x180x150mm (LxBxH) Material: Polycarbonat Unterteil: Glatte Oberfl\u00e4che Deckel: Rauchgrau transparent Farbe: Lichtgrau, RAL 7035 Schutzart: IP66\/IP67 Schlagfestigkeit: IK08 Betriebstemperatur: -40 bis +80\u00b0C inkl. TPE Dichtung, Schrauben f\u00fcr die Montageplatte\/DIN-Schiene und Polyamid Deckelschrauben&quot;\" \/>\n<meta property=\"og:url\" content=\"https:\/\/boxexpert.de\/en\/shop\/michel-transparent\/polycarbonat-kunststoff-gehaeuse-serie-michel-180x180x150mm-transparent\/\" \/>\n<meta property=\"og:site_name\" content=\"BOXEXPERT - Professional enclosure solutions for highest demands\" \/>\n<meta property=\"og:image\" content=\"https:\/\/boxexpert.de\/wp-content\/uploads\/BOXEXPERT-Hamburg-Michel-Gehaeuse-Polycarbonat-Transparent-Beispielbild-16.jpg\" \/>\n\t<meta property=\"og:image:width\" content=\"516\" \/>\n\t<meta property=\"og:image:height\" content=\"674\" \/>\n\t<meta property=\"og:image:type\" content=\"image\/jpeg\" \/>\n<meta name=\"twitter:card\" content=\"summary_large_image\" \/>\n<meta name=\"twitter:label1\" content=\"Est. reading time\" \/>\n\t<meta name=\"twitter:data1\" content=\"1 minute\" \/>\n<script type=\"application\/ld+json\" class=\"yoast-schema-graph\">{\"@context\":\"https:\/\/schema.org\",\"@graph\":[{\"@type\":\"WebPage\",\"@id\":\"https:\/\/boxexpert.de\/en\/shop\/michel-transparent\/polycarbonat-kunststoff-gehaeuse-serie-michel-180x180x150mm-transparent\/\",\"url\":\"https:\/\/boxexpert.de\/en\/shop\/michel-transparent\/polycarbonat-kunststoff-gehaeuse-serie-michel-180x180x150mm-transparent\/\",\"name\":\"BOXEXPERT Polycarbonat Kunststoff-Geh\u00e4use Serie Michel 180x180x150mm Transparent\",\"isPartOf\":{\"@id\":\"https:\/\/boxexpert.de\/en\/#website\"},\"primaryImageOfPage\":{\"@id\":\"https:\/\/boxexpert.de\/en\/shop\/michel-transparent\/polycarbonat-kunststoff-gehaeuse-serie-michel-180x180x150mm-transparent\/#primaryimage\"},\"image\":{\"@id\":\"https:\/\/boxexpert.de\/en\/shop\/michel-transparent\/polycarbonat-kunststoff-gehaeuse-serie-michel-180x180x150mm-transparent\/#primaryimage\"},\"thumbnailUrl\":\"https:\/\/boxexpert.de\/wp-content\/uploads\/BOXEXPERT-Hamburg-Michel-Gehaeuse-Polycarbonat-Transparent-Beispielbild-16.jpg\",\"datePublished\":\"2026-03-13T05:41:12+00:00\",\"breadcrumb\":{\"@id\":\"https:\/\/boxexpert.de\/en\/shop\/michel-transparent\/polycarbonat-kunststoff-gehaeuse-serie-michel-180x180x150mm-transparent\/#breadcrumb\"},\"inLanguage\":\"en-US\",\"potentialAction\":[{\"@type\":\"ReadAction\",\"target\":[\"https:\/\/boxexpert.de\/en\/shop\/michel-transparent\/polycarbonat-kunststoff-gehaeuse-serie-michel-180x180x150mm-transparent\/\"]}]},{\"@type\":\"ImageObject\",\"inLanguage\":\"en-US\",\"@id\":\"https:\/\/boxexpert.de\/en\/shop\/michel-transparent\/polycarbonat-kunststoff-gehaeuse-serie-michel-180x180x150mm-transparent\/#primaryimage\",\"url\":\"https:\/\/boxexpert.de\/wp-content\/uploads\/BOXEXPERT-Hamburg-Michel-Gehaeuse-Polycarbonat-Transparent-Beispielbild-16.jpg\",\"contentUrl\":\"https:\/\/boxexpert.de\/wp-content\/uploads\/BOXEXPERT-Hamburg-Michel-Gehaeuse-Polycarbonat-Transparent-Beispielbild-16.jpg\",\"width\":516,\"height\":674},{\"@type\":\"BreadcrumbList\",\"@id\":\"https:\/\/boxexpert.de\/en\/shop\/michel-transparent\/polycarbonat-kunststoff-gehaeuse-serie-michel-180x180x150mm-transparent\/#breadcrumb\",\"itemListElement\":[{\"@type\":\"ListItem\",\"position\":1,\"name\":\"Startseite\",\"item\":\"https:\/\/boxexpert.de\/en\/\"},{\"@type\":\"ListItem\",\"position\":2,\"name\":\"Shop\",\"item\":\"https:\/\/boxexpert.de\/shop\/\"},{\"@type\":\"ListItem\",\"position\":3,\"name\":\"Polycarbonat Kunststoff-Geh\u00e4use Serie Michel 180x180x150mm Transparent\"}]},{\"@type\":\"WebSite\",\"@id\":\"https:\/\/boxexpert.de\/en\/#website\",\"url\":\"https:\/\/boxexpert.de\/en\/\",\"name\":\"BOXEXPERT - Professionelle Geh\u00e4usel\u00f6sungen f\u00fcr h\u00f6chste Anspr\u00fcche\",\"description\":\"Industrial housings, control cabinets, installation housings, fuse boxes and distribution boxes\",\"potentialAction\":[{\"@type\":\"SearchAction\",\"target\":{\"@type\":\"EntryPoint\",\"urlTemplate\":\"https:\/\/boxexpert.de\/en\/?s={search_term_string}\"},\"query-input\":{\"@type\":\"PropertyValueSpecification\",\"valueRequired\":true,\"valueName\":\"search_term_string\"}}],\"inLanguage\":\"en-US\"}]}<\/script>\n<!-- \/ Yoast SEO plugin. -->","yoast_head_json":{"title":"BOXEXPERT Polycarbonat Kunststoff-Geh\u00e4use Serie Michel 180x180x150mm Transparent","robots":{"index":"index","follow":"follow","max-snippet":"max-snippet:-1","max-image-preview":"max-image-preview:large","max-video-preview":"max-video-preview:-1"},"canonical":"https:\/\/boxexpert.de\/en\/shop\/michel-transparent\/polycarbonat-kunststoff-gehaeuse-serie-michel-180x180x150mm-transparent\/","og_locale":"en_US","og_type":"article","og_title":"BOXEXPERT Polycarbonat Kunststoff-Geh\u00e4use Serie Michel 180x180x150mm Transparent","og_description":"BOXEXPERT Polycarbonat Geh\u00e4use Serie Michel Au\u00dfenma\u00dfe: 180x180x150mm (LxBxH) Material: Polycarbonat Unterteil: Glatte Oberfl\u00e4che Deckel: Rauchgrau transparent Farbe: Lichtgrau, RAL 7035 Schutzart: IP66\/IP67 Schlagfestigkeit: IK08 Betriebstemperatur: -40 bis +80\u00b0C inkl. TPE Dichtung, Schrauben f\u00fcr die Montageplatte\/DIN-Schiene und Polyamid Deckelschrauben\"","og_url":"https:\/\/boxexpert.de\/en\/shop\/michel-transparent\/polycarbonat-kunststoff-gehaeuse-serie-michel-180x180x150mm-transparent\/","og_site_name":"BOXEXPERT - Professional enclosure solutions for highest demands","og_image":[{"width":516,"height":674,"url":"https:\/\/boxexpert.de\/wp-content\/uploads\/BOXEXPERT-Hamburg-Michel-Gehaeuse-Polycarbonat-Transparent-Beispielbild-16.jpg","type":"image\/jpeg"}],"twitter_card":"summary_large_image","twitter_misc":{"Est. reading time":"1 minute"},"schema":{"@context":"https:\/\/schema.org","@graph":[{"@type":"WebPage","@id":"https:\/\/boxexpert.de\/en\/shop\/michel-transparent\/polycarbonat-kunststoff-gehaeuse-serie-michel-180x180x150mm-transparent\/","url":"https:\/\/boxexpert.de\/en\/shop\/michel-transparent\/polycarbonat-kunststoff-gehaeuse-serie-michel-180x180x150mm-transparent\/","name":"BOXEXPERT Polycarbonat Kunststoff-Geh\u00e4use Serie Michel 180x180x150mm Transparent","isPartOf":{"@id":"https:\/\/boxexpert.de\/en\/#website"},"primaryImageOfPage":{"@id":"https:\/\/boxexpert.de\/en\/shop\/michel-transparent\/polycarbonat-kunststoff-gehaeuse-serie-michel-180x180x150mm-transparent\/#primaryimage"},"image":{"@id":"https:\/\/boxexpert.de\/en\/shop\/michel-transparent\/polycarbonat-kunststoff-gehaeuse-serie-michel-180x180x150mm-transparent\/#primaryimage"},"thumbnailUrl":"https:\/\/boxexpert.de\/wp-content\/uploads\/BOXEXPERT-Hamburg-Michel-Gehaeuse-Polycarbonat-Transparent-Beispielbild-16.jpg","datePublished":"2026-03-13T05:41:12+00:00","breadcrumb":{"@id":"https:\/\/boxexpert.de\/en\/shop\/michel-transparent\/polycarbonat-kunststoff-gehaeuse-serie-michel-180x180x150mm-transparent\/#breadcrumb"},"inLanguage":"en-US","potentialAction":[{"@type":"ReadAction","target":["https:\/\/boxexpert.de\/en\/shop\/michel-transparent\/polycarbonat-kunststoff-gehaeuse-serie-michel-180x180x150mm-transparent\/"]}]},{"@type":"ImageObject","inLanguage":"en-US","@id":"https:\/\/boxexpert.de\/en\/shop\/michel-transparent\/polycarbonat-kunststoff-gehaeuse-serie-michel-180x180x150mm-transparent\/#primaryimage","url":"https:\/\/boxexpert.de\/wp-content\/uploads\/BOXEXPERT-Hamburg-Michel-Gehaeuse-Polycarbonat-Transparent-Beispielbild-16.jpg","contentUrl":"https:\/\/boxexpert.de\/wp-content\/uploads\/BOXEXPERT-Hamburg-Michel-Gehaeuse-Polycarbonat-Transparent-Beispielbild-16.jpg","width":516,"height":674},{"@type":"BreadcrumbList","@id":"https:\/\/boxexpert.de\/en\/shop\/michel-transparent\/polycarbonat-kunststoff-gehaeuse-serie-michel-180x180x150mm-transparent\/#breadcrumb","itemListElement":[{"@type":"ListItem","position":1,"name":"Startseite","item":"https:\/\/boxexpert.de\/en\/"},{"@type":"ListItem","position":2,"name":"Shop","item":"https:\/\/boxexpert.de\/shop\/"},{"@type":"ListItem","position":3,"name":"Polycarbonat Kunststoff-Geh\u00e4use Serie Michel 180x180x150mm Transparent"}]},{"@type":"WebSite","@id":"https:\/\/boxexpert.de\/en\/#website","url":"https:\/\/boxexpert.de\/en\/","name":"BOXEXPERT - Professionelle Geh\u00e4usel\u00f6sungen f\u00fcr h\u00f6chste Anspr\u00fcche","description":"Industrial housings, control cabinets, installation housings, fuse boxes and distribution boxes","potentialAction":[{"@type":"SearchAction","target":{"@type":"EntryPoint","urlTemplate":"https:\/\/boxexpert.de\/en\/?s={search_term_string}"},"query-input":{"@type":"PropertyValueSpecification","valueRequired":true,"valueName":"search_term_string"}}],"inLanguage":"en-US"}]}},"_links":{"self":[{"href":"https:\/\/boxexpert.de\/en\/wp-json\/wp\/v2\/product\/153903","targetHints":{"allow":["GET"]}}],"collection":[{"href":"https:\/\/boxexpert.de\/en\/wp-json\/wp\/v2\/product"}],"about":[{"href":"https:\/\/boxexpert.de\/en\/wp-json\/wp\/v2\/types\/product"}],"wp:featuredmedia":[{"embeddable":true,"href":"https:\/\/boxexpert.de\/en\/wp-json\/wp\/v2\/media\/153904"}],"wp:attachment":[{"href":"https:\/\/boxexpert.de\/en\/wp-json\/wp\/v2\/media?parent=153903"}],"wp:term":[{"taxonomy":"product_brand","embeddable":true,"href":"https:\/\/boxexpert.de\/en\/wp-json\/wp\/v2\/product_brand?post=153903"},{"taxonomy":"product_cat","embeddable":true,"href":"https:\/\/boxexpert.de\/en\/wp-json\/wp\/v2\/product_cat?post=153903"},{"taxonomy":"product_tag","embeddable":true,"href":"https:\/\/boxexpert.de\/en\/wp-json\/wp\/v2\/product_tag?post=153903"}],"curies":[{"name":"wp","href":"https:\/\/api.w.org\/{rel}","templated":true}]}}