{"id":166162,"date":"2026-03-13T05:41:15","date_gmt":"2026-03-13T05:41:15","guid":{"rendered":"https:\/\/boxexpert.de\/shop\/unkategorisiert\/polycarbonat-wandschrank-gehaeuse-serie-perle-pc-400x300x210-perle-pcgrau2schliessungscharnier-la\/"},"modified":"2026-03-13T05:41:15","modified_gmt":"2026-03-13T05:41:15","slug":"polycarbonat-wandschrank-gehaeuse-serie-perle-pc-400x300x210mm","status":"publish","type":"product","link":"https:\/\/boxexpert.de\/en\/shop\/perle-pc-grau\/polycarbonat-wandschrank-gehaeuse-serie-perle-pc-400x300x210mm\/","title":{"rendered":"Polycarbonat Wandschrank-Geh\u00e4use Serie Perle-PC 400x300x210mm"},"content":{"rendered":"","protected":false},"excerpt":{"rendered":"<p>Polycarbonat Wandschrank-Geh\u00e4use Serie Perle-PC  Ma\u00dfe: 400x300x210mm Material: Polycarbonat Deckel: grau mit Scharnier auf der langen Seite mit 2-Punkt Schlie\u00dfung Schutzart: IP66 Schlagfestigkeit: IK10 inkl. Montageplatte<\/p>\n","protected":false},"featured_media":186433,"template":"","meta":{"_acf_changed":false,"content-type":""},"product_brand":[],"product_cat":[3955],"product_tag":[],"class_list":{"0":"post-166162","1":"product","2":"type-product","3":"status-publish","4":"has-post-thumbnail","6":"product_cat-perle-pc-grau","7":"pa_material-deckel-transparent-polycarbonat","9":"first","10":"outofstock","11":"purchasable","12":"product-type-simple"},"acf":[],"yoast_head":"<!-- This site is optimized with the Yoast SEO plugin v27.2 - https:\/\/yoast.com\/product\/yoast-seo-wordpress\/ -->\n<title>BOXEXPERT Polycarbonat Wandschrank-Geh\u00e4use Serie Perle-PC 400x300x210mm<\/title>\n<meta name=\"robots\" content=\"index, follow, max-snippet:-1, max-image-preview:large, max-video-preview:-1\" \/>\n<link rel=\"canonical\" href=\"https:\/\/boxexpert.de\/en\/shop\/perle-pc-grau\/polycarbonat-wandschrank-gehaeuse-serie-perle-pc-400x300x210mm\/\" \/>\n<meta property=\"og:locale\" content=\"en_US\" \/>\n<meta property=\"og:type\" content=\"article\" \/>\n<meta property=\"og:title\" content=\"BOXEXPERT Polycarbonat Wandschrank-Geh\u00e4use Serie Perle-PC 400x300x210mm\" \/>\n<meta property=\"og:description\" content=\"Polycarbonat Wandschrank-Geh\u00e4use Serie Perle-PC Ma\u00dfe: 400x300x210mm Material: Polycarbonat Deckel: grau mit Scharnier auf der langen Seite mit 2-Punkt Schlie\u00dfung Schutzart: IP66 Schlagfestigkeit: IK10 inkl. Montageplatte\" \/>\n<meta property=\"og:url\" content=\"https:\/\/boxexpert.de\/en\/shop\/perle-pc-grau\/polycarbonat-wandschrank-gehaeuse-serie-perle-pc-400x300x210mm\/\" \/>\n<meta property=\"og:site_name\" content=\"BOXEXPERT - Professional enclosure solutions for highest demands\" \/>\n<meta property=\"og:image\" content=\"https:\/\/boxexpert.de\/wp-content\/uploads\/BOXEXPERT-Gehaeuse-Polycarbonat-Perle-BXPFAG300400210-P01-Seite-3.jpg\" \/>\n\t<meta property=\"og:image:width\" content=\"2500\" \/>\n\t<meta property=\"og:image:height\" content=\"1656\" \/>\n\t<meta property=\"og:image:type\" content=\"image\/jpeg\" \/>\n<meta name=\"twitter:card\" content=\"summary_large_image\" \/>\n<meta name=\"twitter:label1\" content=\"Est. reading time\" \/>\n\t<meta name=\"twitter:data1\" content=\"1 minute\" \/>\n<script type=\"application\/ld+json\" class=\"yoast-schema-graph\">{\"@context\":\"https:\/\/schema.org\",\"@graph\":[{\"@type\":\"WebPage\",\"@id\":\"https:\/\/boxexpert.de\/en\/shop\/perle-pc-grau\/polycarbonat-wandschrank-gehaeuse-serie-perle-pc-400x300x210mm\/\",\"url\":\"https:\/\/boxexpert.de\/en\/shop\/perle-pc-grau\/polycarbonat-wandschrank-gehaeuse-serie-perle-pc-400x300x210mm\/\",\"name\":\"BOXEXPERT Polycarbonat Wandschrank-Geh\u00e4use Serie Perle-PC 400x300x210mm\",\"isPartOf\":{\"@id\":\"https:\/\/boxexpert.de\/en\/#website\"},\"primaryImageOfPage\":{\"@id\":\"https:\/\/boxexpert.de\/en\/shop\/perle-pc-grau\/polycarbonat-wandschrank-gehaeuse-serie-perle-pc-400x300x210mm\/#primaryimage\"},\"image\":{\"@id\":\"https:\/\/boxexpert.de\/en\/shop\/perle-pc-grau\/polycarbonat-wandschrank-gehaeuse-serie-perle-pc-400x300x210mm\/#primaryimage\"},\"thumbnailUrl\":\"https:\/\/boxexpert.de\/wp-content\/uploads\/BOXEXPERT-Gehaeuse-Polycarbonat-Perle-BXPFAG300400210-P01-Seite-3.jpg\",\"datePublished\":\"2026-03-13T05:41:15+00:00\",\"breadcrumb\":{\"@id\":\"https:\/\/boxexpert.de\/en\/shop\/perle-pc-grau\/polycarbonat-wandschrank-gehaeuse-serie-perle-pc-400x300x210mm\/#breadcrumb\"},\"inLanguage\":\"en-US\",\"potentialAction\":[{\"@type\":\"ReadAction\",\"target\":[\"https:\/\/boxexpert.de\/en\/shop\/perle-pc-grau\/polycarbonat-wandschrank-gehaeuse-serie-perle-pc-400x300x210mm\/\"]}]},{\"@type\":\"ImageObject\",\"inLanguage\":\"en-US\",\"@id\":\"https:\/\/boxexpert.de\/en\/shop\/perle-pc-grau\/polycarbonat-wandschrank-gehaeuse-serie-perle-pc-400x300x210mm\/#primaryimage\",\"url\":\"https:\/\/boxexpert.de\/wp-content\/uploads\/BOXEXPERT-Gehaeuse-Polycarbonat-Perle-BXPFAG300400210-P01-Seite-3.jpg\",\"contentUrl\":\"https:\/\/boxexpert.de\/wp-content\/uploads\/BOXEXPERT-Gehaeuse-Polycarbonat-Perle-BXPFAG300400210-P01-Seite-3.jpg\",\"width\":2500,\"height\":1656},{\"@type\":\"BreadcrumbList\",\"@id\":\"https:\/\/boxexpert.de\/en\/shop\/perle-pc-grau\/polycarbonat-wandschrank-gehaeuse-serie-perle-pc-400x300x210mm\/#breadcrumb\",\"itemListElement\":[{\"@type\":\"ListItem\",\"position\":1,\"name\":\"Startseite\",\"item\":\"https:\/\/boxexpert.de\/en\/\"},{\"@type\":\"ListItem\",\"position\":2,\"name\":\"Shop\",\"item\":\"https:\/\/boxexpert.de\/shop\/\"},{\"@type\":\"ListItem\",\"position\":3,\"name\":\"Polycarbonat Wandschrank-Geh\u00e4use Serie Perle-PC 400x300x210mm\"}]},{\"@type\":\"WebSite\",\"@id\":\"https:\/\/boxexpert.de\/en\/#website\",\"url\":\"https:\/\/boxexpert.de\/en\/\",\"name\":\"BOXEXPERT - Professionelle Geh\u00e4usel\u00f6sungen f\u00fcr h\u00f6chste Anspr\u00fcche\",\"description\":\"Industrial housings, control cabinets, installation housings, fuse boxes and distribution boxes\",\"potentialAction\":[{\"@type\":\"SearchAction\",\"target\":{\"@type\":\"EntryPoint\",\"urlTemplate\":\"https:\/\/boxexpert.de\/en\/?s={search_term_string}\"},\"query-input\":{\"@type\":\"PropertyValueSpecification\",\"valueRequired\":true,\"valueName\":\"search_term_string\"}}],\"inLanguage\":\"en-US\"}]}<\/script>\n<!-- \/ Yoast SEO plugin. -->","yoast_head_json":{"title":"BOXEXPERT Polycarbonat Wandschrank-Geh\u00e4use Serie Perle-PC 400x300x210mm","robots":{"index":"index","follow":"follow","max-snippet":"max-snippet:-1","max-image-preview":"max-image-preview:large","max-video-preview":"max-video-preview:-1"},"canonical":"https:\/\/boxexpert.de\/en\/shop\/perle-pc-grau\/polycarbonat-wandschrank-gehaeuse-serie-perle-pc-400x300x210mm\/","og_locale":"en_US","og_type":"article","og_title":"BOXEXPERT Polycarbonat Wandschrank-Geh\u00e4use Serie Perle-PC 400x300x210mm","og_description":"Polycarbonat Wandschrank-Geh\u00e4use Serie Perle-PC Ma\u00dfe: 400x300x210mm Material: Polycarbonat Deckel: grau mit Scharnier auf der langen Seite mit 2-Punkt Schlie\u00dfung Schutzart: IP66 Schlagfestigkeit: IK10 inkl. Montageplatte","og_url":"https:\/\/boxexpert.de\/en\/shop\/perle-pc-grau\/polycarbonat-wandschrank-gehaeuse-serie-perle-pc-400x300x210mm\/","og_site_name":"BOXEXPERT - Professional enclosure solutions for highest demands","og_image":[{"width":2500,"height":1656,"url":"https:\/\/boxexpert.de\/wp-content\/uploads\/BOXEXPERT-Gehaeuse-Polycarbonat-Perle-BXPFAG300400210-P01-Seite-3.jpg","type":"image\/jpeg"}],"twitter_card":"summary_large_image","twitter_misc":{"Est. reading time":"1 minute"},"schema":{"@context":"https:\/\/schema.org","@graph":[{"@type":"WebPage","@id":"https:\/\/boxexpert.de\/en\/shop\/perle-pc-grau\/polycarbonat-wandschrank-gehaeuse-serie-perle-pc-400x300x210mm\/","url":"https:\/\/boxexpert.de\/en\/shop\/perle-pc-grau\/polycarbonat-wandschrank-gehaeuse-serie-perle-pc-400x300x210mm\/","name":"BOXEXPERT Polycarbonat Wandschrank-Geh\u00e4use Serie Perle-PC 400x300x210mm","isPartOf":{"@id":"https:\/\/boxexpert.de\/en\/#website"},"primaryImageOfPage":{"@id":"https:\/\/boxexpert.de\/en\/shop\/perle-pc-grau\/polycarbonat-wandschrank-gehaeuse-serie-perle-pc-400x300x210mm\/#primaryimage"},"image":{"@id":"https:\/\/boxexpert.de\/en\/shop\/perle-pc-grau\/polycarbonat-wandschrank-gehaeuse-serie-perle-pc-400x300x210mm\/#primaryimage"},"thumbnailUrl":"https:\/\/boxexpert.de\/wp-content\/uploads\/BOXEXPERT-Gehaeuse-Polycarbonat-Perle-BXPFAG300400210-P01-Seite-3.jpg","datePublished":"2026-03-13T05:41:15+00:00","breadcrumb":{"@id":"https:\/\/boxexpert.de\/en\/shop\/perle-pc-grau\/polycarbonat-wandschrank-gehaeuse-serie-perle-pc-400x300x210mm\/#breadcrumb"},"inLanguage":"en-US","potentialAction":[{"@type":"ReadAction","target":["https:\/\/boxexpert.de\/en\/shop\/perle-pc-grau\/polycarbonat-wandschrank-gehaeuse-serie-perle-pc-400x300x210mm\/"]}]},{"@type":"ImageObject","inLanguage":"en-US","@id":"https:\/\/boxexpert.de\/en\/shop\/perle-pc-grau\/polycarbonat-wandschrank-gehaeuse-serie-perle-pc-400x300x210mm\/#primaryimage","url":"https:\/\/boxexpert.de\/wp-content\/uploads\/BOXEXPERT-Gehaeuse-Polycarbonat-Perle-BXPFAG300400210-P01-Seite-3.jpg","contentUrl":"https:\/\/boxexpert.de\/wp-content\/uploads\/BOXEXPERT-Gehaeuse-Polycarbonat-Perle-BXPFAG300400210-P01-Seite-3.jpg","width":2500,"height":1656},{"@type":"BreadcrumbList","@id":"https:\/\/boxexpert.de\/en\/shop\/perle-pc-grau\/polycarbonat-wandschrank-gehaeuse-serie-perle-pc-400x300x210mm\/#breadcrumb","itemListElement":[{"@type":"ListItem","position":1,"name":"Startseite","item":"https:\/\/boxexpert.de\/en\/"},{"@type":"ListItem","position":2,"name":"Shop","item":"https:\/\/boxexpert.de\/shop\/"},{"@type":"ListItem","position":3,"name":"Polycarbonat Wandschrank-Geh\u00e4use Serie Perle-PC 400x300x210mm"}]},{"@type":"WebSite","@id":"https:\/\/boxexpert.de\/en\/#website","url":"https:\/\/boxexpert.de\/en\/","name":"BOXEXPERT - Professionelle Geh\u00e4usel\u00f6sungen f\u00fcr h\u00f6chste Anspr\u00fcche","description":"Industrial housings, control cabinets, installation housings, fuse boxes and distribution boxes","potentialAction":[{"@type":"SearchAction","target":{"@type":"EntryPoint","urlTemplate":"https:\/\/boxexpert.de\/en\/?s={search_term_string}"},"query-input":{"@type":"PropertyValueSpecification","valueRequired":true,"valueName":"search_term_string"}}],"inLanguage":"en-US"}]}},"_links":{"self":[{"href":"https:\/\/boxexpert.de\/en\/wp-json\/wp\/v2\/product\/166162","targetHints":{"allow":["GET"]}}],"collection":[{"href":"https:\/\/boxexpert.de\/en\/wp-json\/wp\/v2\/product"}],"about":[{"href":"https:\/\/boxexpert.de\/en\/wp-json\/wp\/v2\/types\/product"}],"wp:featuredmedia":[{"embeddable":true,"href":"https:\/\/boxexpert.de\/en\/wp-json\/wp\/v2\/media\/186433"}],"wp:attachment":[{"href":"https:\/\/boxexpert.de\/en\/wp-json\/wp\/v2\/media?parent=166162"}],"wp:term":[{"taxonomy":"product_brand","embeddable":true,"href":"https:\/\/boxexpert.de\/en\/wp-json\/wp\/v2\/product_brand?post=166162"},{"taxonomy":"product_cat","embeddable":true,"href":"https:\/\/boxexpert.de\/en\/wp-json\/wp\/v2\/product_cat?post=166162"},{"taxonomy":"product_tag","embeddable":true,"href":"https:\/\/boxexpert.de\/en\/wp-json\/wp\/v2\/product_tag?post=166162"}],"curies":[{"name":"wp","href":"https:\/\/api.w.org\/{rel}","templated":true}]}}