{"id":166711,"date":"2026-03-13T05:30:56","date_gmt":"2026-03-13T05:30:56","guid":{"rendered":"https:\/\/boxexpert.de\/shop\/unkategorisiert\/edelstahl-schaltschrank-treva-inox-sichttuer-500x400x250mm-aisi-304l-sichttuer\/"},"modified":"2026-03-13T05:30:56","modified_gmt":"2026-03-13T05:30:56","slug":"edelstahl-schaltschrank-treva-inox-sichttuer-500x400x250mm-aisi-304l-sichttuer","status":"publish","type":"product","link":"https:\/\/boxexpert.de\/en\/shop\/treva-inox-sichttuer\/edelstahl-schaltschrank-treva-inox-sichttuer-500x400x250mm-aisi-304l-sichttuer\/","title":{"rendered":"Edelstahl-Schaltschrank Treva-INOX Sichtt\u00fcr 500x400x250mm, AISI 304L Sichtt\u00fcr"},"content":{"rendered":"<p>BOXEXPERT steel sheet wall-mounted enclosure series Treva-INOX glazed door<\/p>\n<p>External dimensions: 500x400x250 mm (LxWxH)<br \/>Material: stainless steel AISI 304L<br \/>Coating: Satin finish with Scotch 320<br \/>Cover: glazed door<br \/>Protection class: IP66<br \/>Impact resistance: IK10<br \/>Ambient temperature: -25\u00b0C \/ +40\u00b0C<br \/>Lock: standard lock with 5mm double-bit lock and key 5mm<\/p>\n<p>incl. cabinet base, door with foamed-in gasket, mounting plate (sheet steel, galvanized 2mm), accessory bag (key, 4 sealing plugs, set of nuts and washers, drain plug, cable gland cover with fixing screws, mounting instructions)<\/p>\n","protected":false},"excerpt":{"rendered":"<p>BOXEXPERT Edelstahl-Wandgeh\u00e4use Serie Treva-INOX Sichtt\u00fcr  Au\u00dfenma\u00dfe: 500x400x250 mm (LxBxH) Material: Edelstahl AISI 304L Beschichtung: Satiniert mit Scotch 320 Deckel: Transparent Schutzart: IP66 Schlagfestigkeit: IK10 Umgebungstemperatur: -25\u00b0C \/ +40\u00b0C Schloss: Standardschloss mit 5mm Doppelbart-Verschluss und Schl\u00fcssel 5mm  inkl. Schaltschrankunterteil, T\u00fcr mit eingesch\u00e4umter Dichtung, Montageplatte (Stahlblech, verz. 2mm), Zubeh\u00f6rbeutel (Schl\u00fcssel, 4 Dichtstopfen, Satz aus Muttern und Unterlegscheiben, Ablassstopfen, Montageanleitung)  Optional: In AISI 316L.  Optionales Zubeh\u00f6r: Wandbefestigungslaschen, Sicherheitsschloss, Kabeldurchf\u00fchrungen uvm.<\/p>\n","protected":false},"featured_media":166712,"template":"","meta":{"_acf_changed":false,"content-type":""},"product_brand":[],"product_cat":[597],"product_tag":[],"class_list":{"0":"post-166711","1":"product","2":"type-product","3":"status-publish","4":"has-post-thumbnail","6":"product_cat-treva-inox-sichttuer","7":"pa_material-deckel-transparent-kaltgewalzter-stahl","9":"first","10":"outofstock","11":"purchasable","12":"product-type-simple"},"acf":[],"yoast_head":"<!-- This site is optimized with the Yoast SEO plugin v27.2 - https:\/\/yoast.com\/product\/yoast-seo-wordpress\/ -->\n<title>BOXEXPERT Edelstahl-Schaltschrank Treva-INOX Sichtt\u00fcr 500x400x250mm, AISI 304L Sichtt\u00fcr<\/title>\n<meta name=\"robots\" content=\"index, follow, max-snippet:-1, max-image-preview:large, max-video-preview:-1\" \/>\n<link rel=\"canonical\" href=\"https:\/\/boxexpert.de\/en\/shop\/treva-inox-sichttuer\/edelstahl-schaltschrank-treva-inox-sichttuer-500x400x250mm-aisi-304l-sichttuer\/\" \/>\n<meta property=\"og:locale\" content=\"en_US\" \/>\n<meta property=\"og:type\" content=\"article\" \/>\n<meta property=\"og:title\" content=\"BOXEXPERT Edelstahl-Schaltschrank Treva-INOX Sichtt\u00fcr 500x400x250mm, AISI 304L Sichtt\u00fcr\" \/>\n<meta property=\"og:description\" content=\"BOXEXPERT Edelstahl-Wandgeh\u00e4use Serie Treva-INOX Sichtt\u00fcr Au\u00dfenma\u00dfe: 500x400x250 mm (LxBxH) Material: Edelstahl AISI 304L Beschichtung: Satiniert mit Scotch 320 Deckel: Transparent Schutzart: IP66 Schlagfestigkeit: IK10 Umgebungstemperatur: -25\u00b0C \/ +40\u00b0C Schloss: Standardschloss mit 5mm Doppelbart-Verschluss und Schl\u00fcssel 5mm inkl. Schaltschrankunterteil, T\u00fcr mit eingesch\u00e4umter Dichtung, Montageplatte (Stahlblech, verz. 2mm), Zubeh\u00f6rbeutel (Schl\u00fcssel, 4 Dichtstopfen, Satz aus Muttern und Unterlegscheiben, Ablassstopfen, Montageanleitung) Optional: In AISI 316L. Optionales Zubeh\u00f6r: Wandbefestigungslaschen, Sicherheitsschloss, Kabeldurchf\u00fchrungen uvm.\" \/>\n<meta property=\"og:url\" content=\"https:\/\/boxexpert.de\/en\/shop\/treva-inox-sichttuer\/edelstahl-schaltschrank-treva-inox-sichttuer-500x400x250mm-aisi-304l-sichttuer\/\" \/>\n<meta property=\"og:site_name\" content=\"BOXEXPERT - Professional enclosure solutions for highest demands\" \/>\n<meta property=\"og:image\" content=\"https:\/\/boxexpert.de\/wp-content\/uploads\/Unbenannt-4.png\" \/>\n\t<meta property=\"og:image:width\" content=\"372\" \/>\n\t<meta property=\"og:image:height\" content=\"378\" \/>\n\t<meta property=\"og:image:type\" content=\"image\/png\" \/>\n<meta name=\"twitter:card\" content=\"summary_large_image\" \/>\n<meta name=\"twitter:label1\" content=\"Est. reading time\" \/>\n\t<meta name=\"twitter:data1\" content=\"1 minute\" \/>\n<script type=\"application\/ld+json\" class=\"yoast-schema-graph\">{\"@context\":\"https:\/\/schema.org\",\"@graph\":[{\"@type\":\"WebPage\",\"@id\":\"https:\/\/boxexpert.de\/en\/shop\/treva-inox-sichttuer\/edelstahl-schaltschrank-treva-inox-sichttuer-500x400x250mm-aisi-304l-sichttuer\/\",\"url\":\"https:\/\/boxexpert.de\/en\/shop\/treva-inox-sichttuer\/edelstahl-schaltschrank-treva-inox-sichttuer-500x400x250mm-aisi-304l-sichttuer\/\",\"name\":\"BOXEXPERT Edelstahl-Schaltschrank Treva-INOX Sichtt\u00fcr 500x400x250mm, AISI 304L Sichtt\u00fcr\",\"isPartOf\":{\"@id\":\"https:\/\/boxexpert.de\/en\/#website\"},\"primaryImageOfPage\":{\"@id\":\"https:\/\/boxexpert.de\/en\/shop\/treva-inox-sichttuer\/edelstahl-schaltschrank-treva-inox-sichttuer-500x400x250mm-aisi-304l-sichttuer\/#primaryimage\"},\"image\":{\"@id\":\"https:\/\/boxexpert.de\/en\/shop\/treva-inox-sichttuer\/edelstahl-schaltschrank-treva-inox-sichttuer-500x400x250mm-aisi-304l-sichttuer\/#primaryimage\"},\"thumbnailUrl\":\"https:\/\/boxexpert.de\/wp-content\/uploads\/Unbenannt-4.png\",\"datePublished\":\"2026-03-13T05:30:56+00:00\",\"breadcrumb\":{\"@id\":\"https:\/\/boxexpert.de\/en\/shop\/treva-inox-sichttuer\/edelstahl-schaltschrank-treva-inox-sichttuer-500x400x250mm-aisi-304l-sichttuer\/#breadcrumb\"},\"inLanguage\":\"en-US\",\"potentialAction\":[{\"@type\":\"ReadAction\",\"target\":[\"https:\/\/boxexpert.de\/en\/shop\/treva-inox-sichttuer\/edelstahl-schaltschrank-treva-inox-sichttuer-500x400x250mm-aisi-304l-sichttuer\/\"]}]},{\"@type\":\"ImageObject\",\"inLanguage\":\"en-US\",\"@id\":\"https:\/\/boxexpert.de\/en\/shop\/treva-inox-sichttuer\/edelstahl-schaltschrank-treva-inox-sichttuer-500x400x250mm-aisi-304l-sichttuer\/#primaryimage\",\"url\":\"https:\/\/boxexpert.de\/wp-content\/uploads\/Unbenannt-4.png\",\"contentUrl\":\"https:\/\/boxexpert.de\/wp-content\/uploads\/Unbenannt-4.png\",\"width\":372,\"height\":378},{\"@type\":\"BreadcrumbList\",\"@id\":\"https:\/\/boxexpert.de\/en\/shop\/treva-inox-sichttuer\/edelstahl-schaltschrank-treva-inox-sichttuer-500x400x250mm-aisi-304l-sichttuer\/#breadcrumb\",\"itemListElement\":[{\"@type\":\"ListItem\",\"position\":1,\"name\":\"Startseite\",\"item\":\"https:\/\/boxexpert.de\/en\/\"},{\"@type\":\"ListItem\",\"position\":2,\"name\":\"Shop\",\"item\":\"https:\/\/boxexpert.de\/shop\/\"},{\"@type\":\"ListItem\",\"position\":3,\"name\":\"Edelstahl-Schaltschrank Treva-INOX Sichtt\u00fcr 500x400x250mm, AISI 304L Sichtt\u00fcr\"}]},{\"@type\":\"WebSite\",\"@id\":\"https:\/\/boxexpert.de\/en\/#website\",\"url\":\"https:\/\/boxexpert.de\/en\/\",\"name\":\"BOXEXPERT - Professionelle Geh\u00e4usel\u00f6sungen f\u00fcr h\u00f6chste Anspr\u00fcche\",\"description\":\"Industrial housings, control cabinets, installation housings, fuse boxes and distribution boxes\",\"potentialAction\":[{\"@type\":\"SearchAction\",\"target\":{\"@type\":\"EntryPoint\",\"urlTemplate\":\"https:\/\/boxexpert.de\/en\/?s={search_term_string}\"},\"query-input\":{\"@type\":\"PropertyValueSpecification\",\"valueRequired\":true,\"valueName\":\"search_term_string\"}}],\"inLanguage\":\"en-US\"}]}<\/script>\n<!-- \/ Yoast SEO plugin. -->","yoast_head_json":{"title":"BOXEXPERT Edelstahl-Schaltschrank Treva-INOX Sichtt\u00fcr 500x400x250mm, AISI 304L Sichtt\u00fcr","robots":{"index":"index","follow":"follow","max-snippet":"max-snippet:-1","max-image-preview":"max-image-preview:large","max-video-preview":"max-video-preview:-1"},"canonical":"https:\/\/boxexpert.de\/en\/shop\/treva-inox-sichttuer\/edelstahl-schaltschrank-treva-inox-sichttuer-500x400x250mm-aisi-304l-sichttuer\/","og_locale":"en_US","og_type":"article","og_title":"BOXEXPERT Edelstahl-Schaltschrank Treva-INOX Sichtt\u00fcr 500x400x250mm, AISI 304L Sichtt\u00fcr","og_description":"BOXEXPERT Edelstahl-Wandgeh\u00e4use Serie Treva-INOX Sichtt\u00fcr Au\u00dfenma\u00dfe: 500x400x250 mm (LxBxH) Material: Edelstahl AISI 304L Beschichtung: Satiniert mit Scotch 320 Deckel: Transparent Schutzart: IP66 Schlagfestigkeit: IK10 Umgebungstemperatur: -25\u00b0C \/ +40\u00b0C Schloss: Standardschloss mit 5mm Doppelbart-Verschluss und Schl\u00fcssel 5mm inkl. Schaltschrankunterteil, T\u00fcr mit eingesch\u00e4umter Dichtung, Montageplatte (Stahlblech, verz. 2mm), Zubeh\u00f6rbeutel (Schl\u00fcssel, 4 Dichtstopfen, Satz aus Muttern und Unterlegscheiben, Ablassstopfen, Montageanleitung) Optional: In AISI 316L. Optionales Zubeh\u00f6r: Wandbefestigungslaschen, Sicherheitsschloss, Kabeldurchf\u00fchrungen uvm.","og_url":"https:\/\/boxexpert.de\/en\/shop\/treva-inox-sichttuer\/edelstahl-schaltschrank-treva-inox-sichttuer-500x400x250mm-aisi-304l-sichttuer\/","og_site_name":"BOXEXPERT - Professional enclosure solutions for highest demands","og_image":[{"width":372,"height":378,"url":"https:\/\/boxexpert.de\/wp-content\/uploads\/Unbenannt-4.png","type":"image\/png"}],"twitter_card":"summary_large_image","twitter_misc":{"Est. reading time":"1 minute"},"schema":{"@context":"https:\/\/schema.org","@graph":[{"@type":"WebPage","@id":"https:\/\/boxexpert.de\/en\/shop\/treva-inox-sichttuer\/edelstahl-schaltschrank-treva-inox-sichttuer-500x400x250mm-aisi-304l-sichttuer\/","url":"https:\/\/boxexpert.de\/en\/shop\/treva-inox-sichttuer\/edelstahl-schaltschrank-treva-inox-sichttuer-500x400x250mm-aisi-304l-sichttuer\/","name":"BOXEXPERT Edelstahl-Schaltschrank Treva-INOX Sichtt\u00fcr 500x400x250mm, AISI 304L Sichtt\u00fcr","isPartOf":{"@id":"https:\/\/boxexpert.de\/en\/#website"},"primaryImageOfPage":{"@id":"https:\/\/boxexpert.de\/en\/shop\/treva-inox-sichttuer\/edelstahl-schaltschrank-treva-inox-sichttuer-500x400x250mm-aisi-304l-sichttuer\/#primaryimage"},"image":{"@id":"https:\/\/boxexpert.de\/en\/shop\/treva-inox-sichttuer\/edelstahl-schaltschrank-treva-inox-sichttuer-500x400x250mm-aisi-304l-sichttuer\/#primaryimage"},"thumbnailUrl":"https:\/\/boxexpert.de\/wp-content\/uploads\/Unbenannt-4.png","datePublished":"2026-03-13T05:30:56+00:00","breadcrumb":{"@id":"https:\/\/boxexpert.de\/en\/shop\/treva-inox-sichttuer\/edelstahl-schaltschrank-treva-inox-sichttuer-500x400x250mm-aisi-304l-sichttuer\/#breadcrumb"},"inLanguage":"en-US","potentialAction":[{"@type":"ReadAction","target":["https:\/\/boxexpert.de\/en\/shop\/treva-inox-sichttuer\/edelstahl-schaltschrank-treva-inox-sichttuer-500x400x250mm-aisi-304l-sichttuer\/"]}]},{"@type":"ImageObject","inLanguage":"en-US","@id":"https:\/\/boxexpert.de\/en\/shop\/treva-inox-sichttuer\/edelstahl-schaltschrank-treva-inox-sichttuer-500x400x250mm-aisi-304l-sichttuer\/#primaryimage","url":"https:\/\/boxexpert.de\/wp-content\/uploads\/Unbenannt-4.png","contentUrl":"https:\/\/boxexpert.de\/wp-content\/uploads\/Unbenannt-4.png","width":372,"height":378},{"@type":"BreadcrumbList","@id":"https:\/\/boxexpert.de\/en\/shop\/treva-inox-sichttuer\/edelstahl-schaltschrank-treva-inox-sichttuer-500x400x250mm-aisi-304l-sichttuer\/#breadcrumb","itemListElement":[{"@type":"ListItem","position":1,"name":"Startseite","item":"https:\/\/boxexpert.de\/en\/"},{"@type":"ListItem","position":2,"name":"Shop","item":"https:\/\/boxexpert.de\/shop\/"},{"@type":"ListItem","position":3,"name":"Edelstahl-Schaltschrank Treva-INOX Sichtt\u00fcr 500x400x250mm, AISI 304L Sichtt\u00fcr"}]},{"@type":"WebSite","@id":"https:\/\/boxexpert.de\/en\/#website","url":"https:\/\/boxexpert.de\/en\/","name":"BOXEXPERT - Professionelle Geh\u00e4usel\u00f6sungen f\u00fcr h\u00f6chste Anspr\u00fcche","description":"Industrial housings, control cabinets, installation housings, fuse boxes and distribution boxes","potentialAction":[{"@type":"SearchAction","target":{"@type":"EntryPoint","urlTemplate":"https:\/\/boxexpert.de\/en\/?s={search_term_string}"},"query-input":{"@type":"PropertyValueSpecification","valueRequired":true,"valueName":"search_term_string"}}],"inLanguage":"en-US"}]}},"_links":{"self":[{"href":"https:\/\/boxexpert.de\/en\/wp-json\/wp\/v2\/product\/166711","targetHints":{"allow":["GET"]}}],"collection":[{"href":"https:\/\/boxexpert.de\/en\/wp-json\/wp\/v2\/product"}],"about":[{"href":"https:\/\/boxexpert.de\/en\/wp-json\/wp\/v2\/types\/product"}],"wp:featuredmedia":[{"embeddable":true,"href":"https:\/\/boxexpert.de\/en\/wp-json\/wp\/v2\/media\/166712"}],"wp:attachment":[{"href":"https:\/\/boxexpert.de\/en\/wp-json\/wp\/v2\/media?parent=166711"}],"wp:term":[{"taxonomy":"product_brand","embeddable":true,"href":"https:\/\/boxexpert.de\/en\/wp-json\/wp\/v2\/product_brand?post=166711"},{"taxonomy":"product_cat","embeddable":true,"href":"https:\/\/boxexpert.de\/en\/wp-json\/wp\/v2\/product_cat?post=166711"},{"taxonomy":"product_tag","embeddable":true,"href":"https:\/\/boxexpert.de\/en\/wp-json\/wp\/v2\/product_tag?post=166711"}],"curies":[{"name":"wp","href":"https:\/\/api.w.org\/{rel}","templated":true}]}}