{"id":166796,"date":"2026-03-13T05:41:00","date_gmt":"2026-03-13T05:41:00","guid":{"rendered":"https:\/\/boxexpert.de\/shop\/unkategorisiert\/edelstahl-schaltschrank-treva-inox-sichttuer-800x600x300mm-aisi-316l\/"},"modified":"2026-03-13T05:41:00","modified_gmt":"2026-03-13T05:41:00","slug":"edelstahl-schaltschrank-treva-inox-sichttuer-800x600x300mm-aisi-316l","status":"publish","type":"product","link":"https:\/\/boxexpert.de\/en\/shop\/treva-inox-sichttuer\/edelstahl-schaltschrank-treva-inox-sichttuer-800x600x300mm-aisi-316l\/","title":{"rendered":"Edelstahl-Schaltschrank Treva-INOX Sichtt\u00fcr 800x600x300mm, AISI 316L"},"content":{"rendered":"","protected":false},"excerpt":{"rendered":"<p>BOXEXPERT Edelstahl-Wandgeh\u00e4use Serie Treva-INOX Sichtt\u00fcr  Au\u00dfenma\u00dfe: 800x600x300 mm (LxBxH) Material: Edelstahl AISI 316L Beschichtung: Satiniert mit Scotch 320 Deckel: Transparent mit Scharnier an der langen Seite Schutzart: IP66 Schlagfestigkeit: IK10 Umgebungstemperatur: -25\u00b0C \/ +40\u00b0C Schloss: Standardschloss mit 5mm Doppelbart-Verschluss und Schl\u00fcssel 5mm  inkl. Schaltschrankunterteil, T\u00fcr mit eingesch\u00e4umter Dichtung, Montageplatte (Stahlblech, verz. 2mm), Zubeh\u00f6rbeutel (Schl\u00fcssel, 4 Dichtstopfen, Satz aus Muttern und Unterlegscheiben, Ablassstopfen, Montageanleitung)<\/p>\n","protected":false},"featured_media":166797,"template":"","meta":{"_acf_changed":false,"content-type":""},"product_brand":[],"product_cat":[597],"product_tag":[],"class_list":{"0":"post-166796","1":"product","2":"type-product","3":"status-publish","4":"has-post-thumbnail","6":"product_cat-treva-inox-sichttuer","7":"pa_material-deckel-transparent-kaltgewalzter-stahl","9":"first","10":"outofstock","11":"purchasable","12":"product-type-simple"},"acf":[],"yoast_head":"<!-- This site is optimized with the Yoast SEO plugin v27.2 - https:\/\/yoast.com\/product\/yoast-seo-wordpress\/ -->\n<title>BOXEXPERT Edelstahl-Schaltschrank Treva-INOX Sichtt\u00fcr 800x600x300mm, AISI 316L<\/title>\n<meta name=\"robots\" content=\"index, follow, max-snippet:-1, max-image-preview:large, max-video-preview:-1\" \/>\n<link rel=\"canonical\" href=\"https:\/\/boxexpert.de\/en\/shop\/treva-inox-sichttuer\/edelstahl-schaltschrank-treva-inox-sichttuer-800x600x300mm-aisi-316l\/\" \/>\n<meta property=\"og:locale\" content=\"en_US\" \/>\n<meta property=\"og:type\" content=\"article\" \/>\n<meta property=\"og:title\" content=\"BOXEXPERT Edelstahl-Schaltschrank Treva-INOX Sichtt\u00fcr 800x600x300mm, AISI 316L\" \/>\n<meta property=\"og:description\" content=\"BOXEXPERT Edelstahl-Wandgeh\u00e4use Serie Treva-INOX Sichtt\u00fcr Au\u00dfenma\u00dfe: 800x600x300 mm (LxBxH) Material: Edelstahl AISI 316L Beschichtung: Satiniert mit Scotch 320 Deckel: Transparent mit Scharnier an der langen Seite Schutzart: IP66 Schlagfestigkeit: IK10 Umgebungstemperatur: -25\u00b0C \/ +40\u00b0C Schloss: Standardschloss mit 5mm Doppelbart-Verschluss und Schl\u00fcssel 5mm inkl. Schaltschrankunterteil, T\u00fcr mit eingesch\u00e4umter Dichtung, Montageplatte (Stahlblech, verz. 2mm), Zubeh\u00f6rbeutel (Schl\u00fcssel, 4 Dichtstopfen, Satz aus Muttern und Unterlegscheiben, Ablassstopfen, Montageanleitung)\" \/>\n<meta property=\"og:url\" content=\"https:\/\/boxexpert.de\/en\/shop\/treva-inox-sichttuer\/edelstahl-schaltschrank-treva-inox-sichttuer-800x600x300mm-aisi-316l\/\" \/>\n<meta property=\"og:site_name\" content=\"BOXEXPERT - Professional enclosure solutions for highest demands\" \/>\n<meta property=\"og:image\" content=\"https:\/\/boxexpert.de\/wp-content\/uploads\/Treva-INOX-T-2.jpg\" \/>\n\t<meta property=\"og:image:width\" content=\"500\" \/>\n\t<meta property=\"og:image:height\" content=\"500\" \/>\n\t<meta property=\"og:image:type\" content=\"image\/jpeg\" \/>\n<meta name=\"twitter:card\" content=\"summary_large_image\" \/>\n<meta name=\"twitter:label1\" content=\"Est. reading time\" \/>\n\t<meta name=\"twitter:data1\" content=\"1 minute\" \/>\n<script type=\"application\/ld+json\" class=\"yoast-schema-graph\">{\"@context\":\"https:\/\/schema.org\",\"@graph\":[{\"@type\":\"WebPage\",\"@id\":\"https:\/\/boxexpert.de\/en\/shop\/treva-inox-sichttuer\/edelstahl-schaltschrank-treva-inox-sichttuer-800x600x300mm-aisi-316l\/\",\"url\":\"https:\/\/boxexpert.de\/en\/shop\/treva-inox-sichttuer\/edelstahl-schaltschrank-treva-inox-sichttuer-800x600x300mm-aisi-316l\/\",\"name\":\"BOXEXPERT Edelstahl-Schaltschrank Treva-INOX Sichtt\u00fcr 800x600x300mm, AISI 316L\",\"isPartOf\":{\"@id\":\"https:\/\/boxexpert.de\/en\/#website\"},\"primaryImageOfPage\":{\"@id\":\"https:\/\/boxexpert.de\/en\/shop\/treva-inox-sichttuer\/edelstahl-schaltschrank-treva-inox-sichttuer-800x600x300mm-aisi-316l\/#primaryimage\"},\"image\":{\"@id\":\"https:\/\/boxexpert.de\/en\/shop\/treva-inox-sichttuer\/edelstahl-schaltschrank-treva-inox-sichttuer-800x600x300mm-aisi-316l\/#primaryimage\"},\"thumbnailUrl\":\"https:\/\/boxexpert.de\/wp-content\/uploads\/Treva-INOX-T-2.jpg\",\"datePublished\":\"2026-03-13T05:41:00+00:00\",\"breadcrumb\":{\"@id\":\"https:\/\/boxexpert.de\/en\/shop\/treva-inox-sichttuer\/edelstahl-schaltschrank-treva-inox-sichttuer-800x600x300mm-aisi-316l\/#breadcrumb\"},\"inLanguage\":\"en-US\",\"potentialAction\":[{\"@type\":\"ReadAction\",\"target\":[\"https:\/\/boxexpert.de\/en\/shop\/treva-inox-sichttuer\/edelstahl-schaltschrank-treva-inox-sichttuer-800x600x300mm-aisi-316l\/\"]}]},{\"@type\":\"ImageObject\",\"inLanguage\":\"en-US\",\"@id\":\"https:\/\/boxexpert.de\/en\/shop\/treva-inox-sichttuer\/edelstahl-schaltschrank-treva-inox-sichttuer-800x600x300mm-aisi-316l\/#primaryimage\",\"url\":\"https:\/\/boxexpert.de\/wp-content\/uploads\/Treva-INOX-T-2.jpg\",\"contentUrl\":\"https:\/\/boxexpert.de\/wp-content\/uploads\/Treva-INOX-T-2.jpg\",\"width\":500,\"height\":500},{\"@type\":\"BreadcrumbList\",\"@id\":\"https:\/\/boxexpert.de\/en\/shop\/treva-inox-sichttuer\/edelstahl-schaltschrank-treva-inox-sichttuer-800x600x300mm-aisi-316l\/#breadcrumb\",\"itemListElement\":[{\"@type\":\"ListItem\",\"position\":1,\"name\":\"Startseite\",\"item\":\"https:\/\/boxexpert.de\/en\/\"},{\"@type\":\"ListItem\",\"position\":2,\"name\":\"Shop\",\"item\":\"https:\/\/boxexpert.de\/shop\/\"},{\"@type\":\"ListItem\",\"position\":3,\"name\":\"Edelstahl-Schaltschrank Treva-INOX Sichtt\u00fcr 800x600x300mm, AISI 316L\"}]},{\"@type\":\"WebSite\",\"@id\":\"https:\/\/boxexpert.de\/en\/#website\",\"url\":\"https:\/\/boxexpert.de\/en\/\",\"name\":\"BOXEXPERT - Professionelle Geh\u00e4usel\u00f6sungen f\u00fcr h\u00f6chste Anspr\u00fcche\",\"description\":\"Industrial housings, control cabinets, installation housings, fuse boxes and distribution boxes\",\"potentialAction\":[{\"@type\":\"SearchAction\",\"target\":{\"@type\":\"EntryPoint\",\"urlTemplate\":\"https:\/\/boxexpert.de\/en\/?s={search_term_string}\"},\"query-input\":{\"@type\":\"PropertyValueSpecification\",\"valueRequired\":true,\"valueName\":\"search_term_string\"}}],\"inLanguage\":\"en-US\"}]}<\/script>\n<!-- \/ Yoast SEO plugin. -->","yoast_head_json":{"title":"BOXEXPERT Edelstahl-Schaltschrank Treva-INOX Sichtt\u00fcr 800x600x300mm, AISI 316L","robots":{"index":"index","follow":"follow","max-snippet":"max-snippet:-1","max-image-preview":"max-image-preview:large","max-video-preview":"max-video-preview:-1"},"canonical":"https:\/\/boxexpert.de\/en\/shop\/treva-inox-sichttuer\/edelstahl-schaltschrank-treva-inox-sichttuer-800x600x300mm-aisi-316l\/","og_locale":"en_US","og_type":"article","og_title":"BOXEXPERT Edelstahl-Schaltschrank Treva-INOX Sichtt\u00fcr 800x600x300mm, AISI 316L","og_description":"BOXEXPERT Edelstahl-Wandgeh\u00e4use Serie Treva-INOX Sichtt\u00fcr Au\u00dfenma\u00dfe: 800x600x300 mm (LxBxH) Material: Edelstahl AISI 316L Beschichtung: Satiniert mit Scotch 320 Deckel: Transparent mit Scharnier an der langen Seite Schutzart: IP66 Schlagfestigkeit: IK10 Umgebungstemperatur: -25\u00b0C \/ +40\u00b0C Schloss: Standardschloss mit 5mm Doppelbart-Verschluss und Schl\u00fcssel 5mm inkl. Schaltschrankunterteil, T\u00fcr mit eingesch\u00e4umter Dichtung, Montageplatte (Stahlblech, verz. 2mm), Zubeh\u00f6rbeutel (Schl\u00fcssel, 4 Dichtstopfen, Satz aus Muttern und Unterlegscheiben, Ablassstopfen, Montageanleitung)","og_url":"https:\/\/boxexpert.de\/en\/shop\/treva-inox-sichttuer\/edelstahl-schaltschrank-treva-inox-sichttuer-800x600x300mm-aisi-316l\/","og_site_name":"BOXEXPERT - Professional enclosure solutions for highest demands","og_image":[{"width":500,"height":500,"url":"https:\/\/boxexpert.de\/wp-content\/uploads\/Treva-INOX-T-2.jpg","type":"image\/jpeg"}],"twitter_card":"summary_large_image","twitter_misc":{"Est. reading time":"1 minute"},"schema":{"@context":"https:\/\/schema.org","@graph":[{"@type":"WebPage","@id":"https:\/\/boxexpert.de\/en\/shop\/treva-inox-sichttuer\/edelstahl-schaltschrank-treva-inox-sichttuer-800x600x300mm-aisi-316l\/","url":"https:\/\/boxexpert.de\/en\/shop\/treva-inox-sichttuer\/edelstahl-schaltschrank-treva-inox-sichttuer-800x600x300mm-aisi-316l\/","name":"BOXEXPERT Edelstahl-Schaltschrank Treva-INOX Sichtt\u00fcr 800x600x300mm, AISI 316L","isPartOf":{"@id":"https:\/\/boxexpert.de\/en\/#website"},"primaryImageOfPage":{"@id":"https:\/\/boxexpert.de\/en\/shop\/treva-inox-sichttuer\/edelstahl-schaltschrank-treva-inox-sichttuer-800x600x300mm-aisi-316l\/#primaryimage"},"image":{"@id":"https:\/\/boxexpert.de\/en\/shop\/treva-inox-sichttuer\/edelstahl-schaltschrank-treva-inox-sichttuer-800x600x300mm-aisi-316l\/#primaryimage"},"thumbnailUrl":"https:\/\/boxexpert.de\/wp-content\/uploads\/Treva-INOX-T-2.jpg","datePublished":"2026-03-13T05:41:00+00:00","breadcrumb":{"@id":"https:\/\/boxexpert.de\/en\/shop\/treva-inox-sichttuer\/edelstahl-schaltschrank-treva-inox-sichttuer-800x600x300mm-aisi-316l\/#breadcrumb"},"inLanguage":"en-US","potentialAction":[{"@type":"ReadAction","target":["https:\/\/boxexpert.de\/en\/shop\/treva-inox-sichttuer\/edelstahl-schaltschrank-treva-inox-sichttuer-800x600x300mm-aisi-316l\/"]}]},{"@type":"ImageObject","inLanguage":"en-US","@id":"https:\/\/boxexpert.de\/en\/shop\/treva-inox-sichttuer\/edelstahl-schaltschrank-treva-inox-sichttuer-800x600x300mm-aisi-316l\/#primaryimage","url":"https:\/\/boxexpert.de\/wp-content\/uploads\/Treva-INOX-T-2.jpg","contentUrl":"https:\/\/boxexpert.de\/wp-content\/uploads\/Treva-INOX-T-2.jpg","width":500,"height":500},{"@type":"BreadcrumbList","@id":"https:\/\/boxexpert.de\/en\/shop\/treva-inox-sichttuer\/edelstahl-schaltschrank-treva-inox-sichttuer-800x600x300mm-aisi-316l\/#breadcrumb","itemListElement":[{"@type":"ListItem","position":1,"name":"Startseite","item":"https:\/\/boxexpert.de\/en\/"},{"@type":"ListItem","position":2,"name":"Shop","item":"https:\/\/boxexpert.de\/shop\/"},{"@type":"ListItem","position":3,"name":"Edelstahl-Schaltschrank Treva-INOX Sichtt\u00fcr 800x600x300mm, AISI 316L"}]},{"@type":"WebSite","@id":"https:\/\/boxexpert.de\/en\/#website","url":"https:\/\/boxexpert.de\/en\/","name":"BOXEXPERT - Professionelle Geh\u00e4usel\u00f6sungen f\u00fcr h\u00f6chste Anspr\u00fcche","description":"Industrial housings, control cabinets, installation housings, fuse boxes and distribution boxes","potentialAction":[{"@type":"SearchAction","target":{"@type":"EntryPoint","urlTemplate":"https:\/\/boxexpert.de\/en\/?s={search_term_string}"},"query-input":{"@type":"PropertyValueSpecification","valueRequired":true,"valueName":"search_term_string"}}],"inLanguage":"en-US"}]}},"_links":{"self":[{"href":"https:\/\/boxexpert.de\/en\/wp-json\/wp\/v2\/product\/166796","targetHints":{"allow":["GET"]}}],"collection":[{"href":"https:\/\/boxexpert.de\/en\/wp-json\/wp\/v2\/product"}],"about":[{"href":"https:\/\/boxexpert.de\/en\/wp-json\/wp\/v2\/types\/product"}],"wp:featuredmedia":[{"embeddable":true,"href":"https:\/\/boxexpert.de\/en\/wp-json\/wp\/v2\/media\/166797"}],"wp:attachment":[{"href":"https:\/\/boxexpert.de\/en\/wp-json\/wp\/v2\/media?parent=166796"}],"wp:term":[{"taxonomy":"product_brand","embeddable":true,"href":"https:\/\/boxexpert.de\/en\/wp-json\/wp\/v2\/product_brand?post=166796"},{"taxonomy":"product_cat","embeddable":true,"href":"https:\/\/boxexpert.de\/en\/wp-json\/wp\/v2\/product_cat?post=166796"},{"taxonomy":"product_tag","embeddable":true,"href":"https:\/\/boxexpert.de\/en\/wp-json\/wp\/v2\/product_tag?post=166796"}],"curies":[{"name":"wp","href":"https:\/\/api.w.org\/{rel}","templated":true}]}}