{"id":166810,"date":"2026-03-13T05:41:04","date_gmt":"2026-03-13T05:41:04","guid":{"rendered":"https:\/\/boxexpert.de\/shop\/unkategorisiert\/500x300x250-deckel-transparent-treva\/"},"modified":"2026-03-13T05:41:05","modified_gmt":"2026-03-13T05:41:05","slug":"500x300x250-deckel-transparent-treva","status":"publish","type":"product","link":"https:\/\/boxexpert.de\/en\/shop\/treva-sichttuer\/500x300x250-deckel-transparent-treva\/","title":{"rendered":"500x300x250 Deckel transparent Treva"},"content":{"rendered":"<p>BOXEXPERT Stahlblech-Wandgeh\u00e4use Serie Treva<\/p>\n<p>Au\u00dfenma\u00dfe: 500x300x250&nbsp;mm (LxBxH)<br \/>Material: Stahlblech gem\u00e4\u00df EN10130+A1<br \/>Beschichtung: Geh\u00e4rtete Polyester-Lackbeschichtung RAL 7035 mit UV-Schutz<br \/>T\u00fcr: Sichtt\u00fcr, 4mm dickes Glas,&nbsp;Scharnier auf&nbsp;der langen Seite<br \/>Schutzart: IP66<br \/>Schlagfestigkeit: IK09<br \/>Umgebungstemperatur: -25\u00b0C \/ +40\u00b0C<br \/>Schloss: Standardschloss mit 5mm Doppelbart-Verschluss und Schl\u00fcssel 5mm<\/p>\n","protected":false},"excerpt":{"rendered":"<p>BOXEXPERT Stahlblech-Wandgeh\u00e4use Serie Treva  Au\u00dfenma\u00dfe: 500x300x250 mm (LxBxH) Material: Stahlblech gem\u00e4\u00df EN10130+A1 Beschichtung: Geh\u00e4rtete Polyester-Lackbeschichtung RAL 7035 mit UV-Schutz T\u00fcr: Sichtt\u00fcr, 4mm dickes Glas, Scharnier auf der langen Seite Schutzart: IP66 Schlagfestigkeit: IK09 Umgebungstemperatur: -25\u00b0C \/ +40\u00b0C Schloss: Standardschloss mit 5mm Doppelbart-Verschluss und Schl\u00fcssel 5mm<\/p>\n","protected":false},"featured_media":166811,"template":"","meta":{"_acf_changed":false,"content-type":""},"product_brand":[],"product_cat":[596],"product_tag":[],"class_list":{"0":"post-166810","1":"product","2":"type-product","3":"status-publish","4":"has-post-thumbnail","6":"product_cat-treva-sichttuer","7":"pa_material-deckel-transparent-kaltgewalzter-stahl","9":"first","10":"outofstock","11":"purchasable","12":"product-type-simple"},"acf":[],"yoast_head":"<!-- This site is optimized with the Yoast SEO plugin v27.2 - https:\/\/yoast.com\/product\/yoast-seo-wordpress\/ -->\n<title>BOXEXPERT 500x300x250 Deckel transparent Treva<\/title>\n<meta name=\"robots\" content=\"index, follow, max-snippet:-1, max-image-preview:large, max-video-preview:-1\" \/>\n<link rel=\"canonical\" href=\"https:\/\/boxexpert.de\/en\/shop\/treva-sichttuer\/500x300x250-deckel-transparent-treva\/\" \/>\n<meta property=\"og:locale\" content=\"en_US\" \/>\n<meta property=\"og:type\" content=\"article\" \/>\n<meta property=\"og:title\" content=\"BOXEXPERT 500x300x250 Deckel transparent Treva\" \/>\n<meta property=\"og:description\" content=\"BOXEXPERT Stahlblech-Wandgeh\u00e4use Serie Treva Au\u00dfenma\u00dfe: 500x300x250 mm (LxBxH) Material: Stahlblech gem\u00e4\u00df EN10130+A1 Beschichtung: Geh\u00e4rtete Polyester-Lackbeschichtung RAL 7035 mit UV-Schutz T\u00fcr: Sichtt\u00fcr, 4mm dickes Glas, Scharnier auf der langen Seite Schutzart: IP66 Schlagfestigkeit: IK09 Umgebungstemperatur: -25\u00b0C \/ +40\u00b0C Schloss: Standardschloss mit 5mm Doppelbart-Verschluss und Schl\u00fcssel 5mm\" \/>\n<meta property=\"og:url\" content=\"https:\/\/boxexpert.de\/en\/shop\/treva-sichttuer\/500x300x250-deckel-transparent-treva\/\" \/>\n<meta property=\"og:site_name\" content=\"BOXEXPERT - Professional enclosure solutions for highest demands\" \/>\n<meta property=\"article:modified_time\" content=\"2026-03-13T05:41:05+00:00\" \/>\n<meta property=\"og:image\" content=\"https:\/\/boxexpert.de\/wp-content\/uploads\/TREVA-Scharnier-lange-Seite-Sichtfenster-Zweipunkt-1.jpg\" \/>\n\t<meta property=\"og:image:width\" content=\"500\" \/>\n\t<meta property=\"og:image:height\" content=\"500\" \/>\n\t<meta property=\"og:image:type\" content=\"image\/jpeg\" \/>\n<meta name=\"twitter:card\" content=\"summary_large_image\" \/>\n<meta name=\"twitter:label1\" content=\"Est. reading time\" \/>\n\t<meta name=\"twitter:data1\" content=\"1 minute\" \/>\n<script type=\"application\/ld+json\" class=\"yoast-schema-graph\">{\"@context\":\"https:\/\/schema.org\",\"@graph\":[{\"@type\":\"WebPage\",\"@id\":\"https:\/\/boxexpert.de\/en\/shop\/treva-sichttuer\/500x300x250-deckel-transparent-treva\/\",\"url\":\"https:\/\/boxexpert.de\/en\/shop\/treva-sichttuer\/500x300x250-deckel-transparent-treva\/\",\"name\":\"BOXEXPERT 500x300x250 Deckel transparent Treva\",\"isPartOf\":{\"@id\":\"https:\/\/boxexpert.de\/en\/#website\"},\"primaryImageOfPage\":{\"@id\":\"https:\/\/boxexpert.de\/en\/shop\/treva-sichttuer\/500x300x250-deckel-transparent-treva\/#primaryimage\"},\"image\":{\"@id\":\"https:\/\/boxexpert.de\/en\/shop\/treva-sichttuer\/500x300x250-deckel-transparent-treva\/#primaryimage\"},\"thumbnailUrl\":\"https:\/\/boxexpert.de\/wp-content\/uploads\/TREVA-Scharnier-lange-Seite-Sichtfenster-Zweipunkt-1.jpg\",\"datePublished\":\"2026-03-13T05:41:04+00:00\",\"dateModified\":\"2026-03-13T05:41:05+00:00\",\"breadcrumb\":{\"@id\":\"https:\/\/boxexpert.de\/en\/shop\/treva-sichttuer\/500x300x250-deckel-transparent-treva\/#breadcrumb\"},\"inLanguage\":\"en-US\",\"potentialAction\":[{\"@type\":\"ReadAction\",\"target\":[\"https:\/\/boxexpert.de\/en\/shop\/treva-sichttuer\/500x300x250-deckel-transparent-treva\/\"]}]},{\"@type\":\"ImageObject\",\"inLanguage\":\"en-US\",\"@id\":\"https:\/\/boxexpert.de\/en\/shop\/treva-sichttuer\/500x300x250-deckel-transparent-treva\/#primaryimage\",\"url\":\"https:\/\/boxexpert.de\/wp-content\/uploads\/TREVA-Scharnier-lange-Seite-Sichtfenster-Zweipunkt-1.jpg\",\"contentUrl\":\"https:\/\/boxexpert.de\/wp-content\/uploads\/TREVA-Scharnier-lange-Seite-Sichtfenster-Zweipunkt-1.jpg\",\"width\":500,\"height\":500},{\"@type\":\"BreadcrumbList\",\"@id\":\"https:\/\/boxexpert.de\/en\/shop\/treva-sichttuer\/500x300x250-deckel-transparent-treva\/#breadcrumb\",\"itemListElement\":[{\"@type\":\"ListItem\",\"position\":1,\"name\":\"Startseite\",\"item\":\"https:\/\/boxexpert.de\/en\/\"},{\"@type\":\"ListItem\",\"position\":2,\"name\":\"Shop\",\"item\":\"https:\/\/boxexpert.de\/shop\/\"},{\"@type\":\"ListItem\",\"position\":3,\"name\":\"500x300x250 Deckel transparent Treva\"}]},{\"@type\":\"WebSite\",\"@id\":\"https:\/\/boxexpert.de\/en\/#website\",\"url\":\"https:\/\/boxexpert.de\/en\/\",\"name\":\"BOXEXPERT - Professionelle Geh\u00e4usel\u00f6sungen f\u00fcr h\u00f6chste Anspr\u00fcche\",\"description\":\"Industrial housings, control cabinets, installation housings, fuse boxes and distribution boxes\",\"potentialAction\":[{\"@type\":\"SearchAction\",\"target\":{\"@type\":\"EntryPoint\",\"urlTemplate\":\"https:\/\/boxexpert.de\/en\/?s={search_term_string}\"},\"query-input\":{\"@type\":\"PropertyValueSpecification\",\"valueRequired\":true,\"valueName\":\"search_term_string\"}}],\"inLanguage\":\"en-US\"}]}<\/script>\n<!-- \/ Yoast SEO plugin. -->","yoast_head_json":{"title":"BOXEXPERT 500x300x250 Deckel transparent Treva","robots":{"index":"index","follow":"follow","max-snippet":"max-snippet:-1","max-image-preview":"max-image-preview:large","max-video-preview":"max-video-preview:-1"},"canonical":"https:\/\/boxexpert.de\/en\/shop\/treva-sichttuer\/500x300x250-deckel-transparent-treva\/","og_locale":"en_US","og_type":"article","og_title":"BOXEXPERT 500x300x250 Deckel transparent Treva","og_description":"BOXEXPERT Stahlblech-Wandgeh\u00e4use Serie Treva Au\u00dfenma\u00dfe: 500x300x250 mm (LxBxH) Material: Stahlblech gem\u00e4\u00df EN10130+A1 Beschichtung: Geh\u00e4rtete Polyester-Lackbeschichtung RAL 7035 mit UV-Schutz T\u00fcr: Sichtt\u00fcr, 4mm dickes Glas, Scharnier auf der langen Seite Schutzart: IP66 Schlagfestigkeit: IK09 Umgebungstemperatur: -25\u00b0C \/ +40\u00b0C Schloss: Standardschloss mit 5mm Doppelbart-Verschluss und Schl\u00fcssel 5mm","og_url":"https:\/\/boxexpert.de\/en\/shop\/treva-sichttuer\/500x300x250-deckel-transparent-treva\/","og_site_name":"BOXEXPERT - Professional enclosure solutions for highest demands","article_modified_time":"2026-03-13T05:41:05+00:00","og_image":[{"width":500,"height":500,"url":"https:\/\/boxexpert.de\/wp-content\/uploads\/TREVA-Scharnier-lange-Seite-Sichtfenster-Zweipunkt-1.jpg","type":"image\/jpeg"}],"twitter_card":"summary_large_image","twitter_misc":{"Est. reading time":"1 minute"},"schema":{"@context":"https:\/\/schema.org","@graph":[{"@type":"WebPage","@id":"https:\/\/boxexpert.de\/en\/shop\/treva-sichttuer\/500x300x250-deckel-transparent-treva\/","url":"https:\/\/boxexpert.de\/en\/shop\/treva-sichttuer\/500x300x250-deckel-transparent-treva\/","name":"BOXEXPERT 500x300x250 Deckel transparent Treva","isPartOf":{"@id":"https:\/\/boxexpert.de\/en\/#website"},"primaryImageOfPage":{"@id":"https:\/\/boxexpert.de\/en\/shop\/treva-sichttuer\/500x300x250-deckel-transparent-treva\/#primaryimage"},"image":{"@id":"https:\/\/boxexpert.de\/en\/shop\/treva-sichttuer\/500x300x250-deckel-transparent-treva\/#primaryimage"},"thumbnailUrl":"https:\/\/boxexpert.de\/wp-content\/uploads\/TREVA-Scharnier-lange-Seite-Sichtfenster-Zweipunkt-1.jpg","datePublished":"2026-03-13T05:41:04+00:00","dateModified":"2026-03-13T05:41:05+00:00","breadcrumb":{"@id":"https:\/\/boxexpert.de\/en\/shop\/treva-sichttuer\/500x300x250-deckel-transparent-treva\/#breadcrumb"},"inLanguage":"en-US","potentialAction":[{"@type":"ReadAction","target":["https:\/\/boxexpert.de\/en\/shop\/treva-sichttuer\/500x300x250-deckel-transparent-treva\/"]}]},{"@type":"ImageObject","inLanguage":"en-US","@id":"https:\/\/boxexpert.de\/en\/shop\/treva-sichttuer\/500x300x250-deckel-transparent-treva\/#primaryimage","url":"https:\/\/boxexpert.de\/wp-content\/uploads\/TREVA-Scharnier-lange-Seite-Sichtfenster-Zweipunkt-1.jpg","contentUrl":"https:\/\/boxexpert.de\/wp-content\/uploads\/TREVA-Scharnier-lange-Seite-Sichtfenster-Zweipunkt-1.jpg","width":500,"height":500},{"@type":"BreadcrumbList","@id":"https:\/\/boxexpert.de\/en\/shop\/treva-sichttuer\/500x300x250-deckel-transparent-treva\/#breadcrumb","itemListElement":[{"@type":"ListItem","position":1,"name":"Startseite","item":"https:\/\/boxexpert.de\/en\/"},{"@type":"ListItem","position":2,"name":"Shop","item":"https:\/\/boxexpert.de\/shop\/"},{"@type":"ListItem","position":3,"name":"500x300x250 Deckel transparent Treva"}]},{"@type":"WebSite","@id":"https:\/\/boxexpert.de\/en\/#website","url":"https:\/\/boxexpert.de\/en\/","name":"BOXEXPERT - Professionelle Geh\u00e4usel\u00f6sungen f\u00fcr h\u00f6chste Anspr\u00fcche","description":"Industrial housings, control cabinets, installation housings, fuse boxes and distribution boxes","potentialAction":[{"@type":"SearchAction","target":{"@type":"EntryPoint","urlTemplate":"https:\/\/boxexpert.de\/en\/?s={search_term_string}"},"query-input":{"@type":"PropertyValueSpecification","valueRequired":true,"valueName":"search_term_string"}}],"inLanguage":"en-US"}]}},"_links":{"self":[{"href":"https:\/\/boxexpert.de\/en\/wp-json\/wp\/v2\/product\/166810","targetHints":{"allow":["GET"]}}],"collection":[{"href":"https:\/\/boxexpert.de\/en\/wp-json\/wp\/v2\/product"}],"about":[{"href":"https:\/\/boxexpert.de\/en\/wp-json\/wp\/v2\/types\/product"}],"wp:featuredmedia":[{"embeddable":true,"href":"https:\/\/boxexpert.de\/en\/wp-json\/wp\/v2\/media\/166811"}],"wp:attachment":[{"href":"https:\/\/boxexpert.de\/en\/wp-json\/wp\/v2\/media?parent=166810"}],"wp:term":[{"taxonomy":"product_brand","embeddable":true,"href":"https:\/\/boxexpert.de\/en\/wp-json\/wp\/v2\/product_brand?post=166810"},{"taxonomy":"product_cat","embeddable":true,"href":"https:\/\/boxexpert.de\/en\/wp-json\/wp\/v2\/product_cat?post=166810"},{"taxonomy":"product_tag","embeddable":true,"href":"https:\/\/boxexpert.de\/en\/wp-json\/wp\/v2\/product_tag?post=166810"}],"curies":[{"name":"wp","href":"https:\/\/api.w.org\/{rel}","templated":true}]}}