{"id":167252,"date":"2023-08-07T23:28:39","date_gmt":"2023-08-07T23:28:39","guid":{"rendered":"https:\/\/boxexpert.de\/shop\/unkategorisiert\/industriegehaeuse-serie-hanse-ssr-mit-scharnierschrauben-190x140x70mm-deckel-grau\/"},"modified":"2025-09-10T13:43:23","modified_gmt":"2025-09-10T13:43:23","slug":"industriegehaeuse-serie-hanse-ssr-mit-scharnierschrauben-190x140x70mm-deckel-grau","status":"publish","type":"product","link":"https:\/\/boxexpert.de\/en\/shop\/hanse-ssr\/industriegehaeuse-serie-hanse-ssr-mit-scharnierschrauben-190x140x70mm-deckel-grau\/","title":{"rendered":"Industriegeh\u00e4use Serie Hanse-SSR mit Scharnierschrauben, IP66, 190x140x70mm, Deckel grau"},"content":{"rendered":"<p>BOXEXPERT Serie Hanse-SSR Geh\u00e4use mit Scharnierschrauben, Deckel grau<\/p>\n<p>Aussenma\u00dfe: 190x140x70mm (LxBxT)<br \/>\nSchutzart: IP 66 gem. DIN EN 60529<br \/>\nMaterial: Geh\u00e4use und Deckel ABS (UV best\u00e4ndig), grauer Deckel ABS, Schrauben PA<br \/>\nFarbe: grau RAL 7035<br \/>\nInstallationstemperatur: -15 \u00b0C bis +60 \u00b0C gem. DIN EN 60670<br \/>\nTemperaturbest\u00e4ndigkeit: bis max. 70 \u00b0C gem. DIN EN 60695-10-2<br \/>\nFlammwidrigkeit: 650 \u00b0C gem. DIN EN 60695-2-11<\/p>\n<p>Schrauben im Lieferumfang enthalten.<\/p>\n","protected":false},"excerpt":{"rendered":"<p>BOXEXPERT Serie Hanse-SSR Geh\u00e4use mit Scharnierschrauben, Deckel grau<\/p>\n<p>Aussenma\u00dfe: 190x140x70mm (LxBxT)<br \/>\nSchutzart: IP 66 gem. DIN EN 60529<br \/>\nMaterial: Geh\u00e4use und Deckel ABS (UV best\u00e4ndig), grauer Deckel ABS, Schrauben PA<br \/>\nFarbe: grau RAL 7035<br \/>\nInstallationstemperatur: -15 \u00b0C bis +60 \u00b0C gem. DIN EN 60670<br \/>\nTemperaturbest\u00e4ndigkeit: bis max. 70 \u00b0C gem. DIN EN 60695-10-2<br \/>\nFlammwidrigkeit: 650 \u00b0C gem. DIN EN 60695-2-11<\/p>\n<p>Schrauben im Lieferumfang enthalten.<\/p>\n","protected":false},"featured_media":167253,"template":"","meta":{"_acf_changed":false,"content-type":""},"product_brand":[],"product_cat":[451],"product_tag":[],"class_list":{"0":"post-167252","1":"product","2":"type-product","3":"status-publish","4":"has-post-thumbnail","6":"product_cat-hanse-ssr","8":"first","9":"instock","10":"taxable","11":"shipping-taxable","12":"purchasable","13":"product-type-simple"},"acf":[],"yoast_head":"<!-- This site is optimized with the Yoast SEO plugin v27.2 - https:\/\/yoast.com\/product\/yoast-seo-wordpress\/ -->\n<title>BOXEXPERT Industriegeh\u00e4use Serie Hanse-SSR mit Scharnierschrauben, IP66, 190x140x70mm, Deckel grau<\/title>\n<meta name=\"robots\" content=\"index, follow, max-snippet:-1, max-image-preview:large, max-video-preview:-1\" \/>\n<link rel=\"canonical\" href=\"https:\/\/boxexpert.de\/en\/shop\/hanse-ssr\/industriegehaeuse-serie-hanse-ssr-mit-scharnierschrauben-190x140x70mm-deckel-grau\/\" \/>\n<meta property=\"og:locale\" content=\"en_US\" \/>\n<meta property=\"og:type\" content=\"article\" \/>\n<meta property=\"og:title\" content=\"BOXEXPERT Industriegeh\u00e4use Serie Hanse-SSR mit Scharnierschrauben, IP66, 190x140x70mm, Deckel grau\" \/>\n<meta property=\"og:description\" content=\"BOXEXPERT Serie Hanse-SSR Geh\u00e4use mit Scharnierschrauben, Deckel grau  Aussenma\u00dfe: 190x140x70mm (LxBxT) Schutzart: IP 66 gem. DIN EN 60529 Material: Geh\u00e4use und Deckel ABS (UV best\u00e4ndig), grauer Deckel ABS, Schrauben PA Farbe: grau RAL 7035 Installationstemperatur: -15 \u00b0C bis +60 \u00b0C gem. DIN EN 60670 Temperaturbest\u00e4ndigkeit: bis max. 70 \u00b0C gem. DIN EN 60695-10-2 Flammwidrigkeit: 650 \u00b0C gem. DIN EN 60695-2-11  Schrauben im Lieferumfang enthalten.\" \/>\n<meta property=\"og:url\" content=\"https:\/\/boxexpert.de\/en\/shop\/hanse-ssr\/industriegehaeuse-serie-hanse-ssr-mit-scharnierschrauben-190x140x70mm-deckel-grau\/\" \/>\n<meta property=\"og:site_name\" content=\"BOXEXPERT - Professional enclosure solutions for highest demands\" \/>\n<meta property=\"article:modified_time\" content=\"2025-09-10T13:43:23+00:00\" \/>\n<meta property=\"og:image\" content=\"https:\/\/boxexpert.de\/wp-content\/uploads\/BXPSSR500-2.jpg\" \/>\n\t<meta property=\"og:image:width\" content=\"1500\" \/>\n\t<meta property=\"og:image:height\" content=\"1257\" \/>\n\t<meta property=\"og:image:type\" content=\"image\/jpeg\" \/>\n<meta name=\"twitter:card\" content=\"summary_large_image\" \/>\n<meta name=\"twitter:label1\" content=\"Est. reading time\" \/>\n\t<meta name=\"twitter:data1\" content=\"1 minute\" \/>\n<script type=\"application\/ld+json\" class=\"yoast-schema-graph\">{\"@context\":\"https:\/\/schema.org\",\"@graph\":[{\"@type\":\"WebPage\",\"@id\":\"https:\/\/boxexpert.de\/en\/shop\/hanse-ssr\/industriegehaeuse-serie-hanse-ssr-mit-scharnierschrauben-190x140x70mm-deckel-grau\/\",\"url\":\"https:\/\/boxexpert.de\/en\/shop\/hanse-ssr\/industriegehaeuse-serie-hanse-ssr-mit-scharnierschrauben-190x140x70mm-deckel-grau\/\",\"name\":\"BOXEXPERT Industriegeh\u00e4use Serie Hanse-SSR mit Scharnierschrauben, IP66, 190x140x70mm, Deckel grau\",\"isPartOf\":{\"@id\":\"https:\/\/boxexpert.de\/en\/#website\"},\"primaryImageOfPage\":{\"@id\":\"https:\/\/boxexpert.de\/en\/shop\/hanse-ssr\/industriegehaeuse-serie-hanse-ssr-mit-scharnierschrauben-190x140x70mm-deckel-grau\/#primaryimage\"},\"image\":{\"@id\":\"https:\/\/boxexpert.de\/en\/shop\/hanse-ssr\/industriegehaeuse-serie-hanse-ssr-mit-scharnierschrauben-190x140x70mm-deckel-grau\/#primaryimage\"},\"thumbnailUrl\":\"https:\/\/boxexpert.de\/wp-content\/uploads\/BXPSSR500-2.jpg\",\"datePublished\":\"2023-08-07T23:28:39+00:00\",\"dateModified\":\"2025-09-10T13:43:23+00:00\",\"breadcrumb\":{\"@id\":\"https:\/\/boxexpert.de\/en\/shop\/hanse-ssr\/industriegehaeuse-serie-hanse-ssr-mit-scharnierschrauben-190x140x70mm-deckel-grau\/#breadcrumb\"},\"inLanguage\":\"en-US\",\"potentialAction\":[{\"@type\":\"ReadAction\",\"target\":[\"https:\/\/boxexpert.de\/en\/shop\/hanse-ssr\/industriegehaeuse-serie-hanse-ssr-mit-scharnierschrauben-190x140x70mm-deckel-grau\/\"]}]},{\"@type\":\"ImageObject\",\"inLanguage\":\"en-US\",\"@id\":\"https:\/\/boxexpert.de\/en\/shop\/hanse-ssr\/industriegehaeuse-serie-hanse-ssr-mit-scharnierschrauben-190x140x70mm-deckel-grau\/#primaryimage\",\"url\":\"https:\/\/boxexpert.de\/wp-content\/uploads\/BXPSSR500-2.jpg\",\"contentUrl\":\"https:\/\/boxexpert.de\/wp-content\/uploads\/BXPSSR500-2.jpg\",\"width\":1500,\"height\":1257},{\"@type\":\"BreadcrumbList\",\"@id\":\"https:\/\/boxexpert.de\/en\/shop\/hanse-ssr\/industriegehaeuse-serie-hanse-ssr-mit-scharnierschrauben-190x140x70mm-deckel-grau\/#breadcrumb\",\"itemListElement\":[{\"@type\":\"ListItem\",\"position\":1,\"name\":\"Startseite\",\"item\":\"https:\/\/boxexpert.de\/en\/\"},{\"@type\":\"ListItem\",\"position\":2,\"name\":\"Shop\",\"item\":\"https:\/\/boxexpert.de\/shop\/\"},{\"@type\":\"ListItem\",\"position\":3,\"name\":\"Industriegeh\u00e4use Serie Hanse-SSR mit Scharnierschrauben, IP66, 190x140x70mm, Deckel grau\"}]},{\"@type\":\"WebSite\",\"@id\":\"https:\/\/boxexpert.de\/en\/#website\",\"url\":\"https:\/\/boxexpert.de\/en\/\",\"name\":\"BOXEXPERT - Professionelle Geh\u00e4usel\u00f6sungen f\u00fcr h\u00f6chste Anspr\u00fcche\",\"description\":\"Industrial housings, control cabinets, installation housings, fuse boxes and distribution boxes\",\"potentialAction\":[{\"@type\":\"SearchAction\",\"target\":{\"@type\":\"EntryPoint\",\"urlTemplate\":\"https:\/\/boxexpert.de\/en\/?s={search_term_string}\"},\"query-input\":{\"@type\":\"PropertyValueSpecification\",\"valueRequired\":true,\"valueName\":\"search_term_string\"}}],\"inLanguage\":\"en-US\"}]}<\/script>\n<!-- \/ Yoast SEO plugin. -->","yoast_head_json":{"title":"BOXEXPERT Industriegeh\u00e4use Serie Hanse-SSR mit Scharnierschrauben, IP66, 190x140x70mm, Deckel grau","robots":{"index":"index","follow":"follow","max-snippet":"max-snippet:-1","max-image-preview":"max-image-preview:large","max-video-preview":"max-video-preview:-1"},"canonical":"https:\/\/boxexpert.de\/en\/shop\/hanse-ssr\/industriegehaeuse-serie-hanse-ssr-mit-scharnierschrauben-190x140x70mm-deckel-grau\/","og_locale":"en_US","og_type":"article","og_title":"BOXEXPERT Industriegeh\u00e4use Serie Hanse-SSR mit Scharnierschrauben, IP66, 190x140x70mm, Deckel grau","og_description":"BOXEXPERT Serie Hanse-SSR Geh\u00e4use mit Scharnierschrauben, Deckel grau  Aussenma\u00dfe: 190x140x70mm (LxBxT) Schutzart: IP 66 gem. DIN EN 60529 Material: Geh\u00e4use und Deckel ABS (UV best\u00e4ndig), grauer Deckel ABS, Schrauben PA Farbe: grau RAL 7035 Installationstemperatur: -15 \u00b0C bis +60 \u00b0C gem. DIN EN 60670 Temperaturbest\u00e4ndigkeit: bis max. 70 \u00b0C gem. DIN EN 60695-10-2 Flammwidrigkeit: 650 \u00b0C gem. DIN EN 60695-2-11  Schrauben im Lieferumfang enthalten.","og_url":"https:\/\/boxexpert.de\/en\/shop\/hanse-ssr\/industriegehaeuse-serie-hanse-ssr-mit-scharnierschrauben-190x140x70mm-deckel-grau\/","og_site_name":"BOXEXPERT - Professional enclosure solutions for highest demands","article_modified_time":"2025-09-10T13:43:23+00:00","og_image":[{"width":1500,"height":1257,"url":"https:\/\/boxexpert.de\/wp-content\/uploads\/BXPSSR500-2.jpg","type":"image\/jpeg"}],"twitter_card":"summary_large_image","twitter_misc":{"Est. reading time":"1 minute"},"schema":{"@context":"https:\/\/schema.org","@graph":[{"@type":"WebPage","@id":"https:\/\/boxexpert.de\/en\/shop\/hanse-ssr\/industriegehaeuse-serie-hanse-ssr-mit-scharnierschrauben-190x140x70mm-deckel-grau\/","url":"https:\/\/boxexpert.de\/en\/shop\/hanse-ssr\/industriegehaeuse-serie-hanse-ssr-mit-scharnierschrauben-190x140x70mm-deckel-grau\/","name":"BOXEXPERT Industriegeh\u00e4use Serie Hanse-SSR mit Scharnierschrauben, IP66, 190x140x70mm, Deckel grau","isPartOf":{"@id":"https:\/\/boxexpert.de\/en\/#website"},"primaryImageOfPage":{"@id":"https:\/\/boxexpert.de\/en\/shop\/hanse-ssr\/industriegehaeuse-serie-hanse-ssr-mit-scharnierschrauben-190x140x70mm-deckel-grau\/#primaryimage"},"image":{"@id":"https:\/\/boxexpert.de\/en\/shop\/hanse-ssr\/industriegehaeuse-serie-hanse-ssr-mit-scharnierschrauben-190x140x70mm-deckel-grau\/#primaryimage"},"thumbnailUrl":"https:\/\/boxexpert.de\/wp-content\/uploads\/BXPSSR500-2.jpg","datePublished":"2023-08-07T23:28:39+00:00","dateModified":"2025-09-10T13:43:23+00:00","breadcrumb":{"@id":"https:\/\/boxexpert.de\/en\/shop\/hanse-ssr\/industriegehaeuse-serie-hanse-ssr-mit-scharnierschrauben-190x140x70mm-deckel-grau\/#breadcrumb"},"inLanguage":"en-US","potentialAction":[{"@type":"ReadAction","target":["https:\/\/boxexpert.de\/en\/shop\/hanse-ssr\/industriegehaeuse-serie-hanse-ssr-mit-scharnierschrauben-190x140x70mm-deckel-grau\/"]}]},{"@type":"ImageObject","inLanguage":"en-US","@id":"https:\/\/boxexpert.de\/en\/shop\/hanse-ssr\/industriegehaeuse-serie-hanse-ssr-mit-scharnierschrauben-190x140x70mm-deckel-grau\/#primaryimage","url":"https:\/\/boxexpert.de\/wp-content\/uploads\/BXPSSR500-2.jpg","contentUrl":"https:\/\/boxexpert.de\/wp-content\/uploads\/BXPSSR500-2.jpg","width":1500,"height":1257},{"@type":"BreadcrumbList","@id":"https:\/\/boxexpert.de\/en\/shop\/hanse-ssr\/industriegehaeuse-serie-hanse-ssr-mit-scharnierschrauben-190x140x70mm-deckel-grau\/#breadcrumb","itemListElement":[{"@type":"ListItem","position":1,"name":"Startseite","item":"https:\/\/boxexpert.de\/en\/"},{"@type":"ListItem","position":2,"name":"Shop","item":"https:\/\/boxexpert.de\/shop\/"},{"@type":"ListItem","position":3,"name":"Industriegeh\u00e4use Serie Hanse-SSR mit Scharnierschrauben, IP66, 190x140x70mm, Deckel grau"}]},{"@type":"WebSite","@id":"https:\/\/boxexpert.de\/en\/#website","url":"https:\/\/boxexpert.de\/en\/","name":"BOXEXPERT - Professionelle Geh\u00e4usel\u00f6sungen f\u00fcr h\u00f6chste Anspr\u00fcche","description":"Industrial housings, control cabinets, installation housings, fuse boxes and distribution boxes","potentialAction":[{"@type":"SearchAction","target":{"@type":"EntryPoint","urlTemplate":"https:\/\/boxexpert.de\/en\/?s={search_term_string}"},"query-input":{"@type":"PropertyValueSpecification","valueRequired":true,"valueName":"search_term_string"}}],"inLanguage":"en-US"}]}},"_links":{"self":[{"href":"https:\/\/boxexpert.de\/en\/wp-json\/wp\/v2\/product\/167252","targetHints":{"allow":["GET"]}}],"collection":[{"href":"https:\/\/boxexpert.de\/en\/wp-json\/wp\/v2\/product"}],"about":[{"href":"https:\/\/boxexpert.de\/en\/wp-json\/wp\/v2\/types\/product"}],"wp:featuredmedia":[{"embeddable":true,"href":"https:\/\/boxexpert.de\/en\/wp-json\/wp\/v2\/media\/167253"}],"wp:attachment":[{"href":"https:\/\/boxexpert.de\/en\/wp-json\/wp\/v2\/media?parent=167252"}],"wp:term":[{"taxonomy":"product_brand","embeddable":true,"href":"https:\/\/boxexpert.de\/en\/wp-json\/wp\/v2\/product_brand?post=167252"},{"taxonomy":"product_cat","embeddable":true,"href":"https:\/\/boxexpert.de\/en\/wp-json\/wp\/v2\/product_cat?post=167252"},{"taxonomy":"product_tag","embeddable":true,"href":"https:\/\/boxexpert.de\/en\/wp-json\/wp\/v2\/product_tag?post=167252"}],"curies":[{"name":"wp","href":"https:\/\/api.w.org\/{rel}","templated":true}]}}