{"id":167731,"date":"2026-03-13T05:30:53","date_gmt":"2026-03-13T05:30:53","guid":{"rendered":"https:\/\/boxexpert.de\/shop\/unkategorisiert\/installationsgehaeuse-serie-hanse-mbr-150x110x135mm-hoher-deckel-transparent-ip65-mit-membraneinfuehrung\/"},"modified":"2026-03-13T05:30:53","modified_gmt":"2026-03-13T05:30:53","slug":"installationsgehaeuse-serie-hanse-mbr-150x110x135mm-hoher-deckel-transparent-ip65-mit-membraneinfuehrung","status":"publish","type":"product","link":"https:\/\/boxexpert.de\/en\/shop\/hanse-mbr\/installationsgehaeuse-serie-hanse-mbr-150x110x135mm-hoher-deckel-transparent-ip65-mit-membraneinfuehrung\/","title":{"rendered":"Installationsgeh\u00e4use Serie HANSE-MBR 150x110x135mm hoher Deckel transparent, IP65 mit Membraneinf\u00fchrung"},"content":{"rendered":"<p>Schlagfestes Geh\u00e4use mit weichen selbstdichtenden Membraneinf\u00fchrungen, Deckel zum Verschrauben.<\/p>\n<p>Abmessung: 150x110x135mm<br \/>Schutzart: IP 65 nach DIN EN 60529<br \/>Material: ABS und Deckel PC (UV gesch\u00fctzt, halogenfrei), Membraneinf\u00fchrung Gummi<br \/>Farbe: grau RAL 7035, transparenter Deckel<br \/>Installationstemperatur: -15 \u00b0C bis +60 \u00b0C gem. DIN EN 60670<br \/>Temperaturbest\u00e4ndigkeit: bis max. 70 \u00b0C gem. DIN EN 60695-10-2<br \/>Flammwidrigkeit: 650 \u00b0C gem. DIN EN 60695-2-11<\/p>\n<p>Schrauben im Lieferumfang enthalten.<\/p>\n","protected":false},"excerpt":{"rendered":"<p>Schlagfestes Geh\u00e4use mit weichen selbstdichtenden Membraneinf\u00fchrungen, Deckel zum Verschrauben.  Abmessung: 150x110x135mm Schutzart: IP 65 nach DIN EN 60529 Material: ABS und Deckel PC (UV gesch\u00fctzt, halogenfrei), Membraneinf\u00fchrung Gummi Farbe: grau RAL 7035, transparenter Deckel Installationstemperatur: -15 \u00b0C bis +60 \u00b0C gem. DIN EN 60670 Temperaturbest\u00e4ndigkeit: bis max. 70 \u00b0C gem. DIN EN 60695-10-2 Flammwidrigkeit: 650 \u00b0C gem. DIN EN 60695-2-11  Schrauben im Lieferumfang enthalten.<\/p>\n","protected":false},"featured_media":167732,"template":"","meta":{"_acf_changed":false,"content-type":""},"product_brand":[],"product_cat":[450],"product_tag":[],"class_list":{"0":"post-167731","1":"product","2":"type-product","3":"status-publish","4":"has-post-thumbnail","6":"product_cat-hanse-mbr","7":"pa_material-deckel-transparent-abs","9":"first","10":"outofstock","11":"purchasable","12":"product-type-simple"},"acf":[],"yoast_head":"<!-- This site is optimized with the Yoast SEO plugin v27.2 - https:\/\/yoast.com\/product\/yoast-seo-wordpress\/ -->\n<title>BOXEXPERT Installationsgeh\u00e4use Serie HANSE-MBR 150x110x135mm hoher Deckel transparent, IP65 mit Membraneinf\u00fchrung<\/title>\n<meta name=\"robots\" content=\"index, follow, max-snippet:-1, max-image-preview:large, max-video-preview:-1\" \/>\n<link rel=\"canonical\" href=\"https:\/\/boxexpert.de\/en\/shop\/hanse-mbr\/installationsgehaeuse-serie-hanse-mbr-150x110x135mm-hoher-deckel-transparent-ip65-mit-membraneinfuehrung\/\" \/>\n<meta property=\"og:locale\" content=\"en_US\" \/>\n<meta property=\"og:type\" content=\"article\" \/>\n<meta property=\"og:title\" content=\"BOXEXPERT Installationsgeh\u00e4use Serie HANSE-MBR 150x110x135mm hoher Deckel transparent, IP65 mit Membraneinf\u00fchrung\" \/>\n<meta property=\"og:description\" content=\"Schlagfestes Geh\u00e4use mit weichen selbstdichtenden Membraneinf\u00fchrungen, Deckel zum Verschrauben. Abmessung: 150x110x135mm Schutzart: IP 65 nach DIN EN 60529 Material: ABS und Deckel PC (UV gesch\u00fctzt, halogenfrei), Membraneinf\u00fchrung Gummi Farbe: grau RAL 7035, transparenter Deckel Installationstemperatur: -15 \u00b0C bis +60 \u00b0C gem. DIN EN 60670 Temperaturbest\u00e4ndigkeit: bis max. 70 \u00b0C gem. DIN EN 60695-10-2 Flammwidrigkeit: 650 \u00b0C gem. DIN EN 60695-2-11 Schrauben im Lieferumfang enthalten.\" \/>\n<meta property=\"og:url\" content=\"https:\/\/boxexpert.de\/en\/shop\/hanse-mbr\/installationsgehaeuse-serie-hanse-mbr-150x110x135mm-hoher-deckel-transparent-ip65-mit-membraneinfuehrung\/\" \/>\n<meta property=\"og:site_name\" content=\"BOXEXPERT - Professional enclosure solutions for highest demands\" \/>\n<meta property=\"og:image\" content=\"https:\/\/boxexpert.de\/wp-content\/uploads\/HANSE-MBR-7.jpg\" \/>\n\t<meta property=\"og:image:width\" content=\"1275\" \/>\n\t<meta property=\"og:image:height\" content=\"875\" \/>\n\t<meta property=\"og:image:type\" content=\"image\/jpeg\" \/>\n<meta name=\"twitter:card\" content=\"summary_large_image\" \/>\n<meta name=\"twitter:label1\" content=\"Est. reading time\" \/>\n\t<meta name=\"twitter:data1\" content=\"1 minute\" \/>\n<script type=\"application\/ld+json\" class=\"yoast-schema-graph\">{\"@context\":\"https:\/\/schema.org\",\"@graph\":[{\"@type\":\"WebPage\",\"@id\":\"https:\/\/boxexpert.de\/en\/shop\/hanse-mbr\/installationsgehaeuse-serie-hanse-mbr-150x110x135mm-hoher-deckel-transparent-ip65-mit-membraneinfuehrung\/\",\"url\":\"https:\/\/boxexpert.de\/en\/shop\/hanse-mbr\/installationsgehaeuse-serie-hanse-mbr-150x110x135mm-hoher-deckel-transparent-ip65-mit-membraneinfuehrung\/\",\"name\":\"BOXEXPERT Installationsgeh\u00e4use Serie HANSE-MBR 150x110x135mm hoher Deckel transparent, IP65 mit Membraneinf\u00fchrung\",\"isPartOf\":{\"@id\":\"https:\/\/boxexpert.de\/en\/#website\"},\"primaryImageOfPage\":{\"@id\":\"https:\/\/boxexpert.de\/en\/shop\/hanse-mbr\/installationsgehaeuse-serie-hanse-mbr-150x110x135mm-hoher-deckel-transparent-ip65-mit-membraneinfuehrung\/#primaryimage\"},\"image\":{\"@id\":\"https:\/\/boxexpert.de\/en\/shop\/hanse-mbr\/installationsgehaeuse-serie-hanse-mbr-150x110x135mm-hoher-deckel-transparent-ip65-mit-membraneinfuehrung\/#primaryimage\"},\"thumbnailUrl\":\"https:\/\/boxexpert.de\/wp-content\/uploads\/HANSE-MBR-7.jpg\",\"datePublished\":\"2026-03-13T05:30:53+00:00\",\"breadcrumb\":{\"@id\":\"https:\/\/boxexpert.de\/en\/shop\/hanse-mbr\/installationsgehaeuse-serie-hanse-mbr-150x110x135mm-hoher-deckel-transparent-ip65-mit-membraneinfuehrung\/#breadcrumb\"},\"inLanguage\":\"en-US\",\"potentialAction\":[{\"@type\":\"ReadAction\",\"target\":[\"https:\/\/boxexpert.de\/en\/shop\/hanse-mbr\/installationsgehaeuse-serie-hanse-mbr-150x110x135mm-hoher-deckel-transparent-ip65-mit-membraneinfuehrung\/\"]}]},{\"@type\":\"ImageObject\",\"inLanguage\":\"en-US\",\"@id\":\"https:\/\/boxexpert.de\/en\/shop\/hanse-mbr\/installationsgehaeuse-serie-hanse-mbr-150x110x135mm-hoher-deckel-transparent-ip65-mit-membraneinfuehrung\/#primaryimage\",\"url\":\"https:\/\/boxexpert.de\/wp-content\/uploads\/HANSE-MBR-7.jpg\",\"contentUrl\":\"https:\/\/boxexpert.de\/wp-content\/uploads\/HANSE-MBR-7.jpg\",\"width\":1275,\"height\":875},{\"@type\":\"BreadcrumbList\",\"@id\":\"https:\/\/boxexpert.de\/en\/shop\/hanse-mbr\/installationsgehaeuse-serie-hanse-mbr-150x110x135mm-hoher-deckel-transparent-ip65-mit-membraneinfuehrung\/#breadcrumb\",\"itemListElement\":[{\"@type\":\"ListItem\",\"position\":1,\"name\":\"Startseite\",\"item\":\"https:\/\/boxexpert.de\/en\/\"},{\"@type\":\"ListItem\",\"position\":2,\"name\":\"Shop\",\"item\":\"https:\/\/boxexpert.de\/shop\/\"},{\"@type\":\"ListItem\",\"position\":3,\"name\":\"Installationsgeh\u00e4use Serie HANSE-MBR 150x110x135mm hoher Deckel transparent, IP65 mit Membraneinf\u00fchrung\"}]},{\"@type\":\"WebSite\",\"@id\":\"https:\/\/boxexpert.de\/en\/#website\",\"url\":\"https:\/\/boxexpert.de\/en\/\",\"name\":\"BOXEXPERT - Professionelle Geh\u00e4usel\u00f6sungen f\u00fcr h\u00f6chste Anspr\u00fcche\",\"description\":\"Industrial housings, control cabinets, installation housings, fuse boxes and distribution boxes\",\"potentialAction\":[{\"@type\":\"SearchAction\",\"target\":{\"@type\":\"EntryPoint\",\"urlTemplate\":\"https:\/\/boxexpert.de\/en\/?s={search_term_string}\"},\"query-input\":{\"@type\":\"PropertyValueSpecification\",\"valueRequired\":true,\"valueName\":\"search_term_string\"}}],\"inLanguage\":\"en-US\"}]}<\/script>\n<!-- \/ Yoast SEO plugin. -->","yoast_head_json":{"title":"BOXEXPERT Installationsgeh\u00e4use Serie HANSE-MBR 150x110x135mm hoher Deckel transparent, IP65 mit Membraneinf\u00fchrung","robots":{"index":"index","follow":"follow","max-snippet":"max-snippet:-1","max-image-preview":"max-image-preview:large","max-video-preview":"max-video-preview:-1"},"canonical":"https:\/\/boxexpert.de\/en\/shop\/hanse-mbr\/installationsgehaeuse-serie-hanse-mbr-150x110x135mm-hoher-deckel-transparent-ip65-mit-membraneinfuehrung\/","og_locale":"en_US","og_type":"article","og_title":"BOXEXPERT Installationsgeh\u00e4use Serie HANSE-MBR 150x110x135mm hoher Deckel transparent, IP65 mit Membraneinf\u00fchrung","og_description":"Schlagfestes Geh\u00e4use mit weichen selbstdichtenden Membraneinf\u00fchrungen, Deckel zum Verschrauben. Abmessung: 150x110x135mm Schutzart: IP 65 nach DIN EN 60529 Material: ABS und Deckel PC (UV gesch\u00fctzt, halogenfrei), Membraneinf\u00fchrung Gummi Farbe: grau RAL 7035, transparenter Deckel Installationstemperatur: -15 \u00b0C bis +60 \u00b0C gem. DIN EN 60670 Temperaturbest\u00e4ndigkeit: bis max. 70 \u00b0C gem. DIN EN 60695-10-2 Flammwidrigkeit: 650 \u00b0C gem. DIN EN 60695-2-11 Schrauben im Lieferumfang enthalten.","og_url":"https:\/\/boxexpert.de\/en\/shop\/hanse-mbr\/installationsgehaeuse-serie-hanse-mbr-150x110x135mm-hoher-deckel-transparent-ip65-mit-membraneinfuehrung\/","og_site_name":"BOXEXPERT - Professional enclosure solutions for highest demands","og_image":[{"width":1275,"height":875,"url":"https:\/\/boxexpert.de\/wp-content\/uploads\/HANSE-MBR-7.jpg","type":"image\/jpeg"}],"twitter_card":"summary_large_image","twitter_misc":{"Est. reading time":"1 minute"},"schema":{"@context":"https:\/\/schema.org","@graph":[{"@type":"WebPage","@id":"https:\/\/boxexpert.de\/en\/shop\/hanse-mbr\/installationsgehaeuse-serie-hanse-mbr-150x110x135mm-hoher-deckel-transparent-ip65-mit-membraneinfuehrung\/","url":"https:\/\/boxexpert.de\/en\/shop\/hanse-mbr\/installationsgehaeuse-serie-hanse-mbr-150x110x135mm-hoher-deckel-transparent-ip65-mit-membraneinfuehrung\/","name":"BOXEXPERT Installationsgeh\u00e4use Serie HANSE-MBR 150x110x135mm hoher Deckel transparent, IP65 mit Membraneinf\u00fchrung","isPartOf":{"@id":"https:\/\/boxexpert.de\/en\/#website"},"primaryImageOfPage":{"@id":"https:\/\/boxexpert.de\/en\/shop\/hanse-mbr\/installationsgehaeuse-serie-hanse-mbr-150x110x135mm-hoher-deckel-transparent-ip65-mit-membraneinfuehrung\/#primaryimage"},"image":{"@id":"https:\/\/boxexpert.de\/en\/shop\/hanse-mbr\/installationsgehaeuse-serie-hanse-mbr-150x110x135mm-hoher-deckel-transparent-ip65-mit-membraneinfuehrung\/#primaryimage"},"thumbnailUrl":"https:\/\/boxexpert.de\/wp-content\/uploads\/HANSE-MBR-7.jpg","datePublished":"2026-03-13T05:30:53+00:00","breadcrumb":{"@id":"https:\/\/boxexpert.de\/en\/shop\/hanse-mbr\/installationsgehaeuse-serie-hanse-mbr-150x110x135mm-hoher-deckel-transparent-ip65-mit-membraneinfuehrung\/#breadcrumb"},"inLanguage":"en-US","potentialAction":[{"@type":"ReadAction","target":["https:\/\/boxexpert.de\/en\/shop\/hanse-mbr\/installationsgehaeuse-serie-hanse-mbr-150x110x135mm-hoher-deckel-transparent-ip65-mit-membraneinfuehrung\/"]}]},{"@type":"ImageObject","inLanguage":"en-US","@id":"https:\/\/boxexpert.de\/en\/shop\/hanse-mbr\/installationsgehaeuse-serie-hanse-mbr-150x110x135mm-hoher-deckel-transparent-ip65-mit-membraneinfuehrung\/#primaryimage","url":"https:\/\/boxexpert.de\/wp-content\/uploads\/HANSE-MBR-7.jpg","contentUrl":"https:\/\/boxexpert.de\/wp-content\/uploads\/HANSE-MBR-7.jpg","width":1275,"height":875},{"@type":"BreadcrumbList","@id":"https:\/\/boxexpert.de\/en\/shop\/hanse-mbr\/installationsgehaeuse-serie-hanse-mbr-150x110x135mm-hoher-deckel-transparent-ip65-mit-membraneinfuehrung\/#breadcrumb","itemListElement":[{"@type":"ListItem","position":1,"name":"Startseite","item":"https:\/\/boxexpert.de\/en\/"},{"@type":"ListItem","position":2,"name":"Shop","item":"https:\/\/boxexpert.de\/shop\/"},{"@type":"ListItem","position":3,"name":"Installationsgeh\u00e4use Serie HANSE-MBR 150x110x135mm hoher Deckel transparent, IP65 mit Membraneinf\u00fchrung"}]},{"@type":"WebSite","@id":"https:\/\/boxexpert.de\/en\/#website","url":"https:\/\/boxexpert.de\/en\/","name":"BOXEXPERT - Professionelle Geh\u00e4usel\u00f6sungen f\u00fcr h\u00f6chste Anspr\u00fcche","description":"Industrial housings, control cabinets, installation housings, fuse boxes and distribution boxes","potentialAction":[{"@type":"SearchAction","target":{"@type":"EntryPoint","urlTemplate":"https:\/\/boxexpert.de\/en\/?s={search_term_string}"},"query-input":{"@type":"PropertyValueSpecification","valueRequired":true,"valueName":"search_term_string"}}],"inLanguage":"en-US"}]}},"_links":{"self":[{"href":"https:\/\/boxexpert.de\/en\/wp-json\/wp\/v2\/product\/167731","targetHints":{"allow":["GET"]}}],"collection":[{"href":"https:\/\/boxexpert.de\/en\/wp-json\/wp\/v2\/product"}],"about":[{"href":"https:\/\/boxexpert.de\/en\/wp-json\/wp\/v2\/types\/product"}],"wp:featuredmedia":[{"embeddable":true,"href":"https:\/\/boxexpert.de\/en\/wp-json\/wp\/v2\/media\/167732"}],"wp:attachment":[{"href":"https:\/\/boxexpert.de\/en\/wp-json\/wp\/v2\/media?parent=167731"}],"wp:term":[{"taxonomy":"product_brand","embeddable":true,"href":"https:\/\/boxexpert.de\/en\/wp-json\/wp\/v2\/product_brand?post=167731"},{"taxonomy":"product_cat","embeddable":true,"href":"https:\/\/boxexpert.de\/en\/wp-json\/wp\/v2\/product_cat?post=167731"},{"taxonomy":"product_tag","embeddable":true,"href":"https:\/\/boxexpert.de\/en\/wp-json\/wp\/v2\/product_tag?post=167731"}],"curies":[{"name":"wp","href":"https:\/\/api.w.org\/{rel}","templated":true}]}}