{"id":168882,"date":"2026-03-13T05:40:59","date_gmt":"2026-03-13T05:40:59","guid":{"rendered":"https:\/\/boxexpert.de\/shop\/unkategorisiert\/edelstahl-wandgehaeuse-serie-treva-atex-300x300x150mm-aisi-304l\/"},"modified":"2026-03-13T05:40:59","modified_gmt":"2026-03-13T05:40:59","slug":"edelstahl-wandgehaeuse-serie-treva-atex-inox-300x300x150mm-aisi-304l","status":"publish","type":"product","link":"https:\/\/boxexpert.de\/en\/shop\/treva-atex-inox\/edelstahl-wandgehaeuse-serie-treva-atex-inox-300x300x150mm-aisi-304l\/","title":{"rendered":"Edelstahl-Wandgeh\u00e4use Serie Treva-Atex-Inox 300x300x150mm AISI 304L"},"content":{"rendered":"<p>Edelstahl-Wandgeh\u00e4use Serie Treva-Atex-Inox AISI 304L<\/p>\n<p>Au\u00dfenma\u00dfe: 300x300x150 mm (LxBxH)<br \/>Material: AISI 304L Edelstahl<br \/>Beschichtung: Satiniert mit Scotch 320<br \/>Deckel: Undurchsichtig<br \/>Schutzart: IP66<br \/>Schlagfestigkeit: IK10<br \/>Umgebungstemperatur: -55\u00b0C \/ +100\u00b0C<br \/>Schloss: Schloss aus Edelstahl, mit angespritzer Dichtung mit 5 mm Doppelbart-Verschluss &#8211; 1x 1-PunktSchloss<br \/>Zertifizierung: II 2G &#8211; Ex eb IIC Gb, II 2D &#8211; Ex tb IIIC Db<\/p>\n<p>inkl. Schaltschrankunterteil, T\u00fcr mit eingesch\u00e4umter Dichtung, Montageplatte (Glatte 2-mm-Montageplatte aus verzinktem Stahlblech), Zubeh\u00f6rbeutel (Schl\u00fcssel, 4 Dichtstopfen, Satz aus Muttern und Unterlegscheiben, Ablassstopfen, Montageanleitung) und 4x Wandhalterung<\/p>\n","protected":false},"excerpt":{"rendered":"<p>Edelstahl-Wandgeh\u00e4use Serie Treva-Atex-Inox AISI 304L  Au\u00dfenma\u00dfe: 300x300x150 mm (LxBxH) Material: AISI 304L Edelstahl Beschichtung: Satiniert mit Scotch 320 Deckel: Undurchsichtig Schutzart: IP66 Schlagfestigkeit: IK08 Umgebungstemperatur: -55\u00b0C \/ +100\u00b0C Schloss: Schloss aus Edelstahl, mit angespritzer Dichtung mit 5 mm Doppelbart-Verschluss &#8211; 1x 1-PunktSchloss Zertifizierung: II 2G &#8211; Ex eb IIC Gb, II 2D &#8211; Ex tb IIIC Db  inkl. Schaltschrankunterteil, T\u00fcr mit eingesch\u00e4umter Dichtung, Montageplatte (Glatte 2-mm-Montageplatte aus verzinktem Stahlblech), Zubeh\u00f6rbeutel (Schl\u00fcssel, 4 Dichtstopfen, Satz aus Muttern und Unterlegscheiben, Ablassstopfen, Montageanleitung) und 4x Wandhalterung<\/p>\n","protected":false},"featured_media":168883,"template":"","meta":{"_acf_changed":false,"content-type":""},"product_brand":[],"product_cat":[594],"product_tag":[],"class_list":{"0":"post-168882","1":"product","2":"type-product","3":"status-publish","4":"has-post-thumbnail","6":"product_cat-treva-atex-inox","7":"pa_material-deckel-transparent-edelstahl-aisi-304l","9":"first","10":"outofstock","11":"purchasable","12":"product-type-simple"},"acf":[],"yoast_head":"<!-- This site is optimized with the Yoast SEO plugin v27.2 - https:\/\/yoast.com\/product\/yoast-seo-wordpress\/ -->\n<title>BOXEXPERT Edelstahl-Wandgeh\u00e4use Serie Treva-Atex-Inox 300x300x150mm AISI 304L<\/title>\n<meta name=\"robots\" content=\"index, follow, max-snippet:-1, max-image-preview:large, max-video-preview:-1\" \/>\n<link rel=\"canonical\" href=\"https:\/\/boxexpert.de\/en\/shop\/treva-atex-inox\/edelstahl-wandgehaeuse-serie-treva-atex-inox-300x300x150mm-aisi-304l\/\" \/>\n<meta property=\"og:locale\" content=\"en_US\" \/>\n<meta property=\"og:type\" content=\"article\" \/>\n<meta property=\"og:title\" content=\"BOXEXPERT Edelstahl-Wandgeh\u00e4use Serie Treva-Atex-Inox 300x300x150mm AISI 304L\" \/>\n<meta property=\"og:description\" content=\"Edelstahl-Wandgeh\u00e4use Serie Treva-Atex-Inox AISI 304L Au\u00dfenma\u00dfe: 300x300x150 mm (LxBxH) Material: AISI 304L Edelstahl Beschichtung: Satiniert mit Scotch 320 Deckel: Undurchsichtig Schutzart: IP66 Schlagfestigkeit: IK08 Umgebungstemperatur: -55\u00b0C \/ +100\u00b0C Schloss: Schloss aus Edelstahl, mit angespritzer Dichtung mit 5 mm Doppelbart-Verschluss - 1x 1-PunktSchloss Zertifizierung: II 2G - Ex eb IIC Gb, II 2D - Ex tb IIIC Db inkl. Schaltschrankunterteil, T\u00fcr mit eingesch\u00e4umter Dichtung, Montageplatte (Glatte 2-mm-Montageplatte aus verzinktem Stahlblech), Zubeh\u00f6rbeutel (Schl\u00fcssel, 4 Dichtstopfen, Satz aus Muttern und Unterlegscheiben, Ablassstopfen, Montageanleitung) und 4x Wandhalterung\" \/>\n<meta property=\"og:url\" content=\"https:\/\/boxexpert.de\/en\/shop\/treva-atex-inox\/edelstahl-wandgehaeuse-serie-treva-atex-inox-300x300x150mm-aisi-304l\/\" \/>\n<meta property=\"og:site_name\" content=\"BOXEXPERT - Professional enclosure solutions for highest demands\" \/>\n<meta property=\"og:image\" content=\"https:\/\/boxexpert.de\/wp-content\/uploads\/BXPIEX-TE.jpg\" \/>\n\t<meta property=\"og:image:width\" content=\"500\" \/>\n\t<meta property=\"og:image:height\" content=\"500\" \/>\n\t<meta property=\"og:image:type\" content=\"image\/jpeg\" \/>\n<meta name=\"twitter:card\" content=\"summary_large_image\" \/>\n<meta name=\"twitter:label1\" content=\"Est. reading time\" \/>\n\t<meta name=\"twitter:data1\" content=\"1 minute\" \/>\n<script type=\"application\/ld+json\" class=\"yoast-schema-graph\">{\"@context\":\"https:\/\/schema.org\",\"@graph\":[{\"@type\":\"WebPage\",\"@id\":\"https:\/\/boxexpert.de\/en\/shop\/treva-atex-inox\/edelstahl-wandgehaeuse-serie-treva-atex-inox-300x300x150mm-aisi-304l\/\",\"url\":\"https:\/\/boxexpert.de\/en\/shop\/treva-atex-inox\/edelstahl-wandgehaeuse-serie-treva-atex-inox-300x300x150mm-aisi-304l\/\",\"name\":\"BOXEXPERT Edelstahl-Wandgeh\u00e4use Serie Treva-Atex-Inox 300x300x150mm AISI 304L\",\"isPartOf\":{\"@id\":\"https:\/\/boxexpert.de\/en\/#website\"},\"primaryImageOfPage\":{\"@id\":\"https:\/\/boxexpert.de\/en\/shop\/treva-atex-inox\/edelstahl-wandgehaeuse-serie-treva-atex-inox-300x300x150mm-aisi-304l\/#primaryimage\"},\"image\":{\"@id\":\"https:\/\/boxexpert.de\/en\/shop\/treva-atex-inox\/edelstahl-wandgehaeuse-serie-treva-atex-inox-300x300x150mm-aisi-304l\/#primaryimage\"},\"thumbnailUrl\":\"https:\/\/boxexpert.de\/wp-content\/uploads\/BXPIEX-TE.jpg\",\"datePublished\":\"2026-03-13T05:40:59+00:00\",\"breadcrumb\":{\"@id\":\"https:\/\/boxexpert.de\/en\/shop\/treva-atex-inox\/edelstahl-wandgehaeuse-serie-treva-atex-inox-300x300x150mm-aisi-304l\/#breadcrumb\"},\"inLanguage\":\"en-US\",\"potentialAction\":[{\"@type\":\"ReadAction\",\"target\":[\"https:\/\/boxexpert.de\/en\/shop\/treva-atex-inox\/edelstahl-wandgehaeuse-serie-treva-atex-inox-300x300x150mm-aisi-304l\/\"]}]},{\"@type\":\"ImageObject\",\"inLanguage\":\"en-US\",\"@id\":\"https:\/\/boxexpert.de\/en\/shop\/treva-atex-inox\/edelstahl-wandgehaeuse-serie-treva-atex-inox-300x300x150mm-aisi-304l\/#primaryimage\",\"url\":\"https:\/\/boxexpert.de\/wp-content\/uploads\/BXPIEX-TE.jpg\",\"contentUrl\":\"https:\/\/boxexpert.de\/wp-content\/uploads\/BXPIEX-TE.jpg\",\"width\":500,\"height\":500},{\"@type\":\"BreadcrumbList\",\"@id\":\"https:\/\/boxexpert.de\/en\/shop\/treva-atex-inox\/edelstahl-wandgehaeuse-serie-treva-atex-inox-300x300x150mm-aisi-304l\/#breadcrumb\",\"itemListElement\":[{\"@type\":\"ListItem\",\"position\":1,\"name\":\"Startseite\",\"item\":\"https:\/\/boxexpert.de\/en\/\"},{\"@type\":\"ListItem\",\"position\":2,\"name\":\"Shop\",\"item\":\"https:\/\/boxexpert.de\/shop\/\"},{\"@type\":\"ListItem\",\"position\":3,\"name\":\"Edelstahl-Wandgeh\u00e4use Serie Treva-Atex-Inox 300x300x150mm AISI 304L\"}]},{\"@type\":\"WebSite\",\"@id\":\"https:\/\/boxexpert.de\/en\/#website\",\"url\":\"https:\/\/boxexpert.de\/en\/\",\"name\":\"BOXEXPERT - Professionelle Geh\u00e4usel\u00f6sungen f\u00fcr h\u00f6chste Anspr\u00fcche\",\"description\":\"Industrial housings, control cabinets, installation housings, fuse boxes and distribution boxes\",\"potentialAction\":[{\"@type\":\"SearchAction\",\"target\":{\"@type\":\"EntryPoint\",\"urlTemplate\":\"https:\/\/boxexpert.de\/en\/?s={search_term_string}\"},\"query-input\":{\"@type\":\"PropertyValueSpecification\",\"valueRequired\":true,\"valueName\":\"search_term_string\"}}],\"inLanguage\":\"en-US\"}]}<\/script>\n<!-- \/ Yoast SEO plugin. -->","yoast_head_json":{"title":"BOXEXPERT Edelstahl-Wandgeh\u00e4use Serie Treva-Atex-Inox 300x300x150mm AISI 304L","robots":{"index":"index","follow":"follow","max-snippet":"max-snippet:-1","max-image-preview":"max-image-preview:large","max-video-preview":"max-video-preview:-1"},"canonical":"https:\/\/boxexpert.de\/en\/shop\/treva-atex-inox\/edelstahl-wandgehaeuse-serie-treva-atex-inox-300x300x150mm-aisi-304l\/","og_locale":"en_US","og_type":"article","og_title":"BOXEXPERT Edelstahl-Wandgeh\u00e4use Serie Treva-Atex-Inox 300x300x150mm AISI 304L","og_description":"Edelstahl-Wandgeh\u00e4use Serie Treva-Atex-Inox AISI 304L Au\u00dfenma\u00dfe: 300x300x150 mm (LxBxH) Material: AISI 304L Edelstahl Beschichtung: Satiniert mit Scotch 320 Deckel: Undurchsichtig Schutzart: IP66 Schlagfestigkeit: IK08 Umgebungstemperatur: -55\u00b0C \/ +100\u00b0C Schloss: Schloss aus Edelstahl, mit angespritzer Dichtung mit 5 mm Doppelbart-Verschluss - 1x 1-PunktSchloss Zertifizierung: II 2G - Ex eb IIC Gb, II 2D - Ex tb IIIC Db inkl. Schaltschrankunterteil, T\u00fcr mit eingesch\u00e4umter Dichtung, Montageplatte (Glatte 2-mm-Montageplatte aus verzinktem Stahlblech), Zubeh\u00f6rbeutel (Schl\u00fcssel, 4 Dichtstopfen, Satz aus Muttern und Unterlegscheiben, Ablassstopfen, Montageanleitung) und 4x Wandhalterung","og_url":"https:\/\/boxexpert.de\/en\/shop\/treva-atex-inox\/edelstahl-wandgehaeuse-serie-treva-atex-inox-300x300x150mm-aisi-304l\/","og_site_name":"BOXEXPERT - Professional enclosure solutions for highest demands","og_image":[{"width":500,"height":500,"url":"https:\/\/boxexpert.de\/wp-content\/uploads\/BXPIEX-TE.jpg","type":"image\/jpeg"}],"twitter_card":"summary_large_image","twitter_misc":{"Est. reading time":"1 minute"},"schema":{"@context":"https:\/\/schema.org","@graph":[{"@type":"WebPage","@id":"https:\/\/boxexpert.de\/en\/shop\/treva-atex-inox\/edelstahl-wandgehaeuse-serie-treva-atex-inox-300x300x150mm-aisi-304l\/","url":"https:\/\/boxexpert.de\/en\/shop\/treva-atex-inox\/edelstahl-wandgehaeuse-serie-treva-atex-inox-300x300x150mm-aisi-304l\/","name":"BOXEXPERT Edelstahl-Wandgeh\u00e4use Serie Treva-Atex-Inox 300x300x150mm AISI 304L","isPartOf":{"@id":"https:\/\/boxexpert.de\/en\/#website"},"primaryImageOfPage":{"@id":"https:\/\/boxexpert.de\/en\/shop\/treva-atex-inox\/edelstahl-wandgehaeuse-serie-treva-atex-inox-300x300x150mm-aisi-304l\/#primaryimage"},"image":{"@id":"https:\/\/boxexpert.de\/en\/shop\/treva-atex-inox\/edelstahl-wandgehaeuse-serie-treva-atex-inox-300x300x150mm-aisi-304l\/#primaryimage"},"thumbnailUrl":"https:\/\/boxexpert.de\/wp-content\/uploads\/BXPIEX-TE.jpg","datePublished":"2026-03-13T05:40:59+00:00","breadcrumb":{"@id":"https:\/\/boxexpert.de\/en\/shop\/treva-atex-inox\/edelstahl-wandgehaeuse-serie-treva-atex-inox-300x300x150mm-aisi-304l\/#breadcrumb"},"inLanguage":"en-US","potentialAction":[{"@type":"ReadAction","target":["https:\/\/boxexpert.de\/en\/shop\/treva-atex-inox\/edelstahl-wandgehaeuse-serie-treva-atex-inox-300x300x150mm-aisi-304l\/"]}]},{"@type":"ImageObject","inLanguage":"en-US","@id":"https:\/\/boxexpert.de\/en\/shop\/treva-atex-inox\/edelstahl-wandgehaeuse-serie-treva-atex-inox-300x300x150mm-aisi-304l\/#primaryimage","url":"https:\/\/boxexpert.de\/wp-content\/uploads\/BXPIEX-TE.jpg","contentUrl":"https:\/\/boxexpert.de\/wp-content\/uploads\/BXPIEX-TE.jpg","width":500,"height":500},{"@type":"BreadcrumbList","@id":"https:\/\/boxexpert.de\/en\/shop\/treva-atex-inox\/edelstahl-wandgehaeuse-serie-treva-atex-inox-300x300x150mm-aisi-304l\/#breadcrumb","itemListElement":[{"@type":"ListItem","position":1,"name":"Startseite","item":"https:\/\/boxexpert.de\/en\/"},{"@type":"ListItem","position":2,"name":"Shop","item":"https:\/\/boxexpert.de\/shop\/"},{"@type":"ListItem","position":3,"name":"Edelstahl-Wandgeh\u00e4use Serie Treva-Atex-Inox 300x300x150mm AISI 304L"}]},{"@type":"WebSite","@id":"https:\/\/boxexpert.de\/en\/#website","url":"https:\/\/boxexpert.de\/en\/","name":"BOXEXPERT - Professionelle Geh\u00e4usel\u00f6sungen f\u00fcr h\u00f6chste Anspr\u00fcche","description":"Industrial housings, control cabinets, installation housings, fuse boxes and distribution boxes","potentialAction":[{"@type":"SearchAction","target":{"@type":"EntryPoint","urlTemplate":"https:\/\/boxexpert.de\/en\/?s={search_term_string}"},"query-input":{"@type":"PropertyValueSpecification","valueRequired":true,"valueName":"search_term_string"}}],"inLanguage":"en-US"}]}},"_links":{"self":[{"href":"https:\/\/boxexpert.de\/en\/wp-json\/wp\/v2\/product\/168882","targetHints":{"allow":["GET"]}}],"collection":[{"href":"https:\/\/boxexpert.de\/en\/wp-json\/wp\/v2\/product"}],"about":[{"href":"https:\/\/boxexpert.de\/en\/wp-json\/wp\/v2\/types\/product"}],"wp:featuredmedia":[{"embeddable":true,"href":"https:\/\/boxexpert.de\/en\/wp-json\/wp\/v2\/media\/168883"}],"wp:attachment":[{"href":"https:\/\/boxexpert.de\/en\/wp-json\/wp\/v2\/media?parent=168882"}],"wp:term":[{"taxonomy":"product_brand","embeddable":true,"href":"https:\/\/boxexpert.de\/en\/wp-json\/wp\/v2\/product_brand?post=168882"},{"taxonomy":"product_cat","embeddable":true,"href":"https:\/\/boxexpert.de\/en\/wp-json\/wp\/v2\/product_cat?post=168882"},{"taxonomy":"product_tag","embeddable":true,"href":"https:\/\/boxexpert.de\/en\/wp-json\/wp\/v2\/product_tag?post=168882"}],"curies":[{"name":"wp","href":"https:\/\/api.w.org\/{rel}","templated":true}]}}