{"id":169589,"date":"2026-03-13T05:51:30","date_gmt":"2026-03-13T05:51:30","guid":{"rendered":"https:\/\/boxexpert.de\/shop\/unkategorisiert\/grp-gehaeuse-serie-elbe-polyester-80x75x75mm-ip66-silbergrau\/"},"modified":"2026-03-13T05:51:30","modified_gmt":"2026-03-13T05:51:30","slug":"grp-gehaeuse-serie-elbe-polyester-80x75x75mm-ip66-fehgrau","status":"publish","type":"product","link":"https:\/\/boxexpert.de\/en\/shop\/elbe-polyester-grau\/grp-gehaeuse-serie-elbe-polyester-80x75x75mm-ip66-fehgrau\/","title":{"rendered":"GRP-Geh\u00e4use Serie Elbe Polyester 80x75x75mm IP66 Fehgrau"},"content":{"rendered":"<p><span style=\"font-size:12pt\"><span style=\"font-family:Times New Roman,serif\">BOXEXPERTs Geh\u00e4use <\/span><\/span>BXPBPOL807575-E02-66<span style=\"font-size:12pt\"><span style=\"font-family:Times New Roman,serif\">, hergestellt aus glasfaserverst\u00e4rktem Polyester, hat die Ma\u00dfe 80x75x75mm und geh\u00f6rt zur Elbe Polyester Serie. Mit einer IP66-Zertifizierung ist es staub- und wasserdicht und somit f\u00fcr raue Einsatzbedingungen geeignet. <\/span><\/span><\/p>\n<p><span style=\"font-size:12pt\"><span style=\"font-family:Times New Roman,serif\">Die Schlagfestigkeit von IK08 sch\u00fctzt es vor \u00e4u\u00dferen Einwirkungen, und die dielektrische Festigkeit von 18 kV\/mm macht es besonders geeignet f\u00fcr Hochspannungsanwendungen. <\/span><\/span><\/p>\n<p><span style=\"font-size:12pt\"><span style=\"font-family:Times New Roman,serif\">E<\/span><\/span><span style=\"font-size:12pt\"><span style=\"font-family:Times New Roman,serif\">rh\u00e4ltlich in Fehgrau (RAL7000) oder Graphitschwarz (RAL9011), ist es halogenfrei und entspricht der Brennbarkeitsklasse V0 nach UL94, geeignet f\u00fcr Temperaturen von -40 bis +80 \u00b0C. BOXEXPERT, ein Vorreiter in der Herstellung von Industriegeh\u00e4usen, bietet innovative und hochwertige L\u00f6sungen f\u00fcr diverse Anwendungen.<\/span><\/span><\/p>\n","protected":false},"excerpt":{"rendered":"<p>BOXEXPERT GRP Geh\u00e4use Serie Elbe Polyester  Au\u00dfenma\u00dfe: 80x75x75 mm Material: Glasfaserverst\u00e4rktes Polyester Farbe: Fehgrau, RAL 7000 Schutzart: IP66 Schlagfestigkeit: IK08 Temperaturbereich: -40 bis +80 \u00b0C inkl. Deckelschrauben + Erdungsschraube<\/p>\n","protected":false},"featured_media":171212,"template":"","meta":{"_acf_changed":false,"content-type":""},"product_brand":[],"product_cat":[3226],"product_tag":[],"class_list":{"0":"post-169589","1":"product","2":"type-product","3":"status-publish","4":"has-post-thumbnail","6":"product_cat-elbe-polyester-grau","7":"pa_material-deckel-transparent-grp","9":"first","10":"instock","11":"purchasable","12":"product-type-simple"},"acf":[],"yoast_head":"<!-- This site is optimized with the Yoast SEO plugin v27.2 - https:\/\/yoast.com\/product\/yoast-seo-wordpress\/ -->\n<title>BOXEXPERT GRP-Geh\u00e4use Serie Elbe Polyester 80x75x75mm IP66 Fehgrau<\/title>\n<meta name=\"robots\" content=\"index, follow, max-snippet:-1, max-image-preview:large, max-video-preview:-1\" \/>\n<link rel=\"canonical\" href=\"https:\/\/boxexpert.de\/en\/shop\/elbe-polyester-grau\/grp-gehaeuse-serie-elbe-polyester-80x75x75mm-ip66-fehgrau\/\" \/>\n<meta property=\"og:locale\" content=\"en_US\" \/>\n<meta property=\"og:type\" content=\"article\" \/>\n<meta property=\"og:title\" content=\"BOXEXPERT GRP-Geh\u00e4use Serie Elbe Polyester 80x75x75mm IP66 Fehgrau\" \/>\n<meta property=\"og:description\" content=\"BOXEXPERT GRP Geh\u00e4use Serie Elbe Polyester Au\u00dfenma\u00dfe: 80x75x75 mm Material: Glasfaserverst\u00e4rktes Polyester Farbe: Fehgrau, RAL 7000 Schutzart: IP66 Schlagfestigkeit: IK08 Temperaturbereich: -40 bis +80 \u00b0C inkl. Deckelschrauben + Erdungsschraube\" \/>\n<meta property=\"og:url\" content=\"https:\/\/boxexpert.de\/en\/shop\/elbe-polyester-grau\/grp-gehaeuse-serie-elbe-polyester-80x75x75mm-ip66-fehgrau\/\" \/>\n<meta property=\"og:site_name\" content=\"BOXEXPERT - Professional enclosure solutions for highest demands\" \/>\n<meta property=\"og:image\" content=\"https:\/\/boxexpert.de\/wp-content\/uploads\/Boxexpert-Industriegehaeuse-Elbe-Polyester-Glasfaserverstaerkt-Grau-BXPBPOL807575-E02-seite.jpg\" \/>\n\t<meta property=\"og:image:width\" content=\"2000\" \/>\n\t<meta property=\"og:image:height\" content=\"1940\" \/>\n\t<meta property=\"og:image:type\" content=\"image\/jpeg\" \/>\n<meta name=\"twitter:card\" content=\"summary_large_image\" \/>\n<meta name=\"twitter:label1\" content=\"Est. reading time\" \/>\n\t<meta name=\"twitter:data1\" content=\"1 minute\" \/>\n<script type=\"application\/ld+json\" class=\"yoast-schema-graph\">{\"@context\":\"https:\/\/schema.org\",\"@graph\":[{\"@type\":\"WebPage\",\"@id\":\"https:\/\/boxexpert.de\/en\/shop\/elbe-polyester-grau\/grp-gehaeuse-serie-elbe-polyester-80x75x75mm-ip66-fehgrau\/\",\"url\":\"https:\/\/boxexpert.de\/en\/shop\/elbe-polyester-grau\/grp-gehaeuse-serie-elbe-polyester-80x75x75mm-ip66-fehgrau\/\",\"name\":\"BOXEXPERT GRP-Geh\u00e4use Serie Elbe Polyester 80x75x75mm IP66 Fehgrau\",\"isPartOf\":{\"@id\":\"https:\/\/boxexpert.de\/en\/#website\"},\"primaryImageOfPage\":{\"@id\":\"https:\/\/boxexpert.de\/en\/shop\/elbe-polyester-grau\/grp-gehaeuse-serie-elbe-polyester-80x75x75mm-ip66-fehgrau\/#primaryimage\"},\"image\":{\"@id\":\"https:\/\/boxexpert.de\/en\/shop\/elbe-polyester-grau\/grp-gehaeuse-serie-elbe-polyester-80x75x75mm-ip66-fehgrau\/#primaryimage\"},\"thumbnailUrl\":\"https:\/\/boxexpert.de\/wp-content\/uploads\/Boxexpert-Industriegehaeuse-Elbe-Polyester-Glasfaserverstaerkt-Grau-BXPBPOL807575-E02-seite.jpg\",\"datePublished\":\"2026-03-13T05:51:30+00:00\",\"breadcrumb\":{\"@id\":\"https:\/\/boxexpert.de\/en\/shop\/elbe-polyester-grau\/grp-gehaeuse-serie-elbe-polyester-80x75x75mm-ip66-fehgrau\/#breadcrumb\"},\"inLanguage\":\"en-US\",\"potentialAction\":[{\"@type\":\"ReadAction\",\"target\":[\"https:\/\/boxexpert.de\/en\/shop\/elbe-polyester-grau\/grp-gehaeuse-serie-elbe-polyester-80x75x75mm-ip66-fehgrau\/\"]}]},{\"@type\":\"ImageObject\",\"inLanguage\":\"en-US\",\"@id\":\"https:\/\/boxexpert.de\/en\/shop\/elbe-polyester-grau\/grp-gehaeuse-serie-elbe-polyester-80x75x75mm-ip66-fehgrau\/#primaryimage\",\"url\":\"https:\/\/boxexpert.de\/wp-content\/uploads\/Boxexpert-Industriegehaeuse-Elbe-Polyester-Glasfaserverstaerkt-Grau-BXPBPOL807575-E02-seite.jpg\",\"contentUrl\":\"https:\/\/boxexpert.de\/wp-content\/uploads\/Boxexpert-Industriegehaeuse-Elbe-Polyester-Glasfaserverstaerkt-Grau-BXPBPOL807575-E02-seite.jpg\",\"width\":2000,\"height\":1940},{\"@type\":\"BreadcrumbList\",\"@id\":\"https:\/\/boxexpert.de\/en\/shop\/elbe-polyester-grau\/grp-gehaeuse-serie-elbe-polyester-80x75x75mm-ip66-fehgrau\/#breadcrumb\",\"itemListElement\":[{\"@type\":\"ListItem\",\"position\":1,\"name\":\"Startseite\",\"item\":\"https:\/\/boxexpert.de\/en\/\"},{\"@type\":\"ListItem\",\"position\":2,\"name\":\"Shop\",\"item\":\"https:\/\/boxexpert.de\/shop\/\"},{\"@type\":\"ListItem\",\"position\":3,\"name\":\"GRP-Geh\u00e4use Serie Elbe Polyester 80x75x75mm IP66 Fehgrau\"}]},{\"@type\":\"WebSite\",\"@id\":\"https:\/\/boxexpert.de\/en\/#website\",\"url\":\"https:\/\/boxexpert.de\/en\/\",\"name\":\"BOXEXPERT - Professionelle Geh\u00e4usel\u00f6sungen f\u00fcr h\u00f6chste Anspr\u00fcche\",\"description\":\"Industrial housings, control cabinets, installation housings, fuse boxes and distribution boxes\",\"potentialAction\":[{\"@type\":\"SearchAction\",\"target\":{\"@type\":\"EntryPoint\",\"urlTemplate\":\"https:\/\/boxexpert.de\/en\/?s={search_term_string}\"},\"query-input\":{\"@type\":\"PropertyValueSpecification\",\"valueRequired\":true,\"valueName\":\"search_term_string\"}}],\"inLanguage\":\"en-US\"}]}<\/script>\n<!-- \/ Yoast SEO plugin. -->","yoast_head_json":{"title":"BOXEXPERT GRP-Geh\u00e4use Serie Elbe Polyester 80x75x75mm IP66 Fehgrau","robots":{"index":"index","follow":"follow","max-snippet":"max-snippet:-1","max-image-preview":"max-image-preview:large","max-video-preview":"max-video-preview:-1"},"canonical":"https:\/\/boxexpert.de\/en\/shop\/elbe-polyester-grau\/grp-gehaeuse-serie-elbe-polyester-80x75x75mm-ip66-fehgrau\/","og_locale":"en_US","og_type":"article","og_title":"BOXEXPERT GRP-Geh\u00e4use Serie Elbe Polyester 80x75x75mm IP66 Fehgrau","og_description":"BOXEXPERT GRP Geh\u00e4use Serie Elbe Polyester Au\u00dfenma\u00dfe: 80x75x75 mm Material: Glasfaserverst\u00e4rktes Polyester Farbe: Fehgrau, RAL 7000 Schutzart: IP66 Schlagfestigkeit: IK08 Temperaturbereich: -40 bis +80 \u00b0C inkl. Deckelschrauben + Erdungsschraube","og_url":"https:\/\/boxexpert.de\/en\/shop\/elbe-polyester-grau\/grp-gehaeuse-serie-elbe-polyester-80x75x75mm-ip66-fehgrau\/","og_site_name":"BOXEXPERT - Professional enclosure solutions for highest demands","og_image":[{"width":2000,"height":1940,"url":"https:\/\/boxexpert.de\/wp-content\/uploads\/Boxexpert-Industriegehaeuse-Elbe-Polyester-Glasfaserverstaerkt-Grau-BXPBPOL807575-E02-seite.jpg","type":"image\/jpeg"}],"twitter_card":"summary_large_image","twitter_misc":{"Est. reading time":"1 minute"},"schema":{"@context":"https:\/\/schema.org","@graph":[{"@type":"WebPage","@id":"https:\/\/boxexpert.de\/en\/shop\/elbe-polyester-grau\/grp-gehaeuse-serie-elbe-polyester-80x75x75mm-ip66-fehgrau\/","url":"https:\/\/boxexpert.de\/en\/shop\/elbe-polyester-grau\/grp-gehaeuse-serie-elbe-polyester-80x75x75mm-ip66-fehgrau\/","name":"BOXEXPERT GRP-Geh\u00e4use Serie Elbe Polyester 80x75x75mm IP66 Fehgrau","isPartOf":{"@id":"https:\/\/boxexpert.de\/en\/#website"},"primaryImageOfPage":{"@id":"https:\/\/boxexpert.de\/en\/shop\/elbe-polyester-grau\/grp-gehaeuse-serie-elbe-polyester-80x75x75mm-ip66-fehgrau\/#primaryimage"},"image":{"@id":"https:\/\/boxexpert.de\/en\/shop\/elbe-polyester-grau\/grp-gehaeuse-serie-elbe-polyester-80x75x75mm-ip66-fehgrau\/#primaryimage"},"thumbnailUrl":"https:\/\/boxexpert.de\/wp-content\/uploads\/Boxexpert-Industriegehaeuse-Elbe-Polyester-Glasfaserverstaerkt-Grau-BXPBPOL807575-E02-seite.jpg","datePublished":"2026-03-13T05:51:30+00:00","breadcrumb":{"@id":"https:\/\/boxexpert.de\/en\/shop\/elbe-polyester-grau\/grp-gehaeuse-serie-elbe-polyester-80x75x75mm-ip66-fehgrau\/#breadcrumb"},"inLanguage":"en-US","potentialAction":[{"@type":"ReadAction","target":["https:\/\/boxexpert.de\/en\/shop\/elbe-polyester-grau\/grp-gehaeuse-serie-elbe-polyester-80x75x75mm-ip66-fehgrau\/"]}]},{"@type":"ImageObject","inLanguage":"en-US","@id":"https:\/\/boxexpert.de\/en\/shop\/elbe-polyester-grau\/grp-gehaeuse-serie-elbe-polyester-80x75x75mm-ip66-fehgrau\/#primaryimage","url":"https:\/\/boxexpert.de\/wp-content\/uploads\/Boxexpert-Industriegehaeuse-Elbe-Polyester-Glasfaserverstaerkt-Grau-BXPBPOL807575-E02-seite.jpg","contentUrl":"https:\/\/boxexpert.de\/wp-content\/uploads\/Boxexpert-Industriegehaeuse-Elbe-Polyester-Glasfaserverstaerkt-Grau-BXPBPOL807575-E02-seite.jpg","width":2000,"height":1940},{"@type":"BreadcrumbList","@id":"https:\/\/boxexpert.de\/en\/shop\/elbe-polyester-grau\/grp-gehaeuse-serie-elbe-polyester-80x75x75mm-ip66-fehgrau\/#breadcrumb","itemListElement":[{"@type":"ListItem","position":1,"name":"Startseite","item":"https:\/\/boxexpert.de\/en\/"},{"@type":"ListItem","position":2,"name":"Shop","item":"https:\/\/boxexpert.de\/shop\/"},{"@type":"ListItem","position":3,"name":"GRP-Geh\u00e4use Serie Elbe Polyester 80x75x75mm IP66 Fehgrau"}]},{"@type":"WebSite","@id":"https:\/\/boxexpert.de\/en\/#website","url":"https:\/\/boxexpert.de\/en\/","name":"BOXEXPERT - Professionelle Geh\u00e4usel\u00f6sungen f\u00fcr h\u00f6chste Anspr\u00fcche","description":"Industrial housings, control cabinets, installation housings, fuse boxes and distribution boxes","potentialAction":[{"@type":"SearchAction","target":{"@type":"EntryPoint","urlTemplate":"https:\/\/boxexpert.de\/en\/?s={search_term_string}"},"query-input":{"@type":"PropertyValueSpecification","valueRequired":true,"valueName":"search_term_string"}}],"inLanguage":"en-US"}]}},"_links":{"self":[{"href":"https:\/\/boxexpert.de\/en\/wp-json\/wp\/v2\/product\/169589","targetHints":{"allow":["GET"]}}],"collection":[{"href":"https:\/\/boxexpert.de\/en\/wp-json\/wp\/v2\/product"}],"about":[{"href":"https:\/\/boxexpert.de\/en\/wp-json\/wp\/v2\/types\/product"}],"wp:featuredmedia":[{"embeddable":true,"href":"https:\/\/boxexpert.de\/en\/wp-json\/wp\/v2\/media\/171212"}],"wp:attachment":[{"href":"https:\/\/boxexpert.de\/en\/wp-json\/wp\/v2\/media?parent=169589"}],"wp:term":[{"taxonomy":"product_brand","embeddable":true,"href":"https:\/\/boxexpert.de\/en\/wp-json\/wp\/v2\/product_brand?post=169589"},{"taxonomy":"product_cat","embeddable":true,"href":"https:\/\/boxexpert.de\/en\/wp-json\/wp\/v2\/product_cat?post=169589"},{"taxonomy":"product_tag","embeddable":true,"href":"https:\/\/boxexpert.de\/en\/wp-json\/wp\/v2\/product_tag?post=169589"}],"curies":[{"name":"wp","href":"https:\/\/api.w.org\/{rel}","templated":true}]}}