{"id":170706,"date":"2026-03-13T05:51:28","date_gmt":"2026-03-13T05:51:28","guid":{"rendered":"https:\/\/boxexpert.de\/shop\/unkategorisiert\/grp-gehaeuse-serie-elbe-polyester-220x120x90mm-ip66-graphitschwarz\/"},"modified":"2026-03-13T05:51:28","modified_gmt":"2026-03-13T05:51:28","slug":"grp-gehaeuse-serie-elbe-polyester-220x120x90mm-ip66-graphitschwarz","status":"publish","type":"product","link":"https:\/\/boxexpert.de\/en\/shop\/elbe-polyester-schwarz\/grp-gehaeuse-serie-elbe-polyester-220x120x90mm-ip66-graphitschwarz\/","title":{"rendered":"GRP-Geh\u00e4use Serie Elbe Polyester 220x120x90mm IP66 Graphitschwarz"},"content":{"rendered":"<p>The BXPBPOL22012090-E01-66 enclosure from BOXEXPERT, made of glass fiber reinforced polyester, measures 220x120x90mm and is part of the Elbe polyester series. With IP66 protection, it is dust and waterproof and ideal for harsh environments.<\/p>\n<p>The IK08 impact resistance protects it from bumps and knocks, and the dielectric strength of 18 kV\/mm makes it suitable for high voltage applications. The housing is available in false gray (RAL7000) and graphite black (RAL9011).<\/p>\n<p>It is halogen-free and complies with flammability class V0 according to UL94, suitable for temperatures from -40 to +80 \u00b0C. BOXEXPERT, an innovative company, offers a wide range of high-quality industrial enclosures and is a reliable partner for a wide variety of applications.<\/p>\n","protected":false},"excerpt":{"rendered":"<p>BOXEXPERT GRP Geh\u00e4use Serie Elbe Polyester  Au\u00dfenma\u00dfe: 220x120x90mm Innenma\u00dfe: 212&#215;111,5&#215;82,5mm Material: Glasfaserverst\u00e4rktes Polyester Farbe: Graphitschwarz, RAL 9011 Schutzart: IP66 Schlagfestigkeit: IK08 Temperaturbereich: -40 bis +80 \u00b0C inkl. Deckelschrauben + Erdungsschraube<\/p>\n","protected":false},"featured_media":185429,"template":"","meta":{"_acf_changed":false,"content-type":""},"product_brand":[],"product_cat":[3225],"product_tag":[],"class_list":{"0":"post-170706","1":"product","2":"type-product","3":"status-publish","4":"has-post-thumbnail","6":"product_cat-elbe-polyester-schwarz","7":"pa_material-deckel-transparent-grp","9":"first","10":"instock","11":"purchasable","12":"product-type-simple"},"acf":[],"yoast_head":"<!-- This site is optimized with the Yoast SEO plugin v27.2 - https:\/\/yoast.com\/product\/yoast-seo-wordpress\/ -->\n<title>BOXEXPERT GRP-Geh\u00e4use Serie Elbe Polyester 220x120x90mm IP66 Graphitschwarz<\/title>\n<meta name=\"robots\" content=\"index, follow, max-snippet:-1, max-image-preview:large, max-video-preview:-1\" \/>\n<link rel=\"canonical\" href=\"https:\/\/boxexpert.de\/en\/shop\/elbe-polyester-schwarz\/grp-gehaeuse-serie-elbe-polyester-220x120x90mm-ip66-graphitschwarz\/\" \/>\n<meta property=\"og:locale\" content=\"en_US\" \/>\n<meta property=\"og:type\" content=\"article\" \/>\n<meta property=\"og:title\" content=\"BOXEXPERT GRP-Geh\u00e4use Serie Elbe Polyester 220x120x90mm IP66 Graphitschwarz\" \/>\n<meta property=\"og:description\" content=\"BOXEXPERT GRP Geh\u00e4use Serie Elbe Polyester Au\u00dfenma\u00dfe: 220x120x90mm Innenma\u00dfe: 212x111,5x82,5mm Material: Glasfaserverst\u00e4rktes Polyester Farbe: Graphitschwarz, RAL 9011 Schutzart: IP66 Schlagfestigkeit: IK08 Temperaturbereich: -40 bis +80 \u00b0C inkl. Deckelschrauben + Erdungsschraube\" \/>\n<meta property=\"og:url\" content=\"https:\/\/boxexpert.de\/en\/shop\/elbe-polyester-schwarz\/grp-gehaeuse-serie-elbe-polyester-220x120x90mm-ip66-graphitschwarz\/\" \/>\n<meta property=\"og:site_name\" content=\"BOXEXPERT - Professional enclosure solutions for highest demands\" \/>\n<meta property=\"og:image\" content=\"https:\/\/boxexpert.de\/wp-content\/uploads\/Boxexpert-Industriegehaeuse-Elbe-Polyester-Glasfaserverstaerkt-Schwarz-BXPBPOL22012090-E01-66-offen.jpg\" \/>\n\t<meta property=\"og:image:width\" content=\"1644\" \/>\n\t<meta property=\"og:image:height\" content=\"2000\" \/>\n\t<meta property=\"og:image:type\" content=\"image\/jpeg\" \/>\n<meta name=\"twitter:card\" content=\"summary_large_image\" \/>\n<meta name=\"twitter:label1\" content=\"Est. reading time\" \/>\n\t<meta name=\"twitter:data1\" content=\"1 minute\" \/>\n<script type=\"application\/ld+json\" class=\"yoast-schema-graph\">{\"@context\":\"https:\/\/schema.org\",\"@graph\":[{\"@type\":\"WebPage\",\"@id\":\"https:\/\/boxexpert.de\/en\/shop\/elbe-polyester-schwarz\/grp-gehaeuse-serie-elbe-polyester-220x120x90mm-ip66-graphitschwarz\/\",\"url\":\"https:\/\/boxexpert.de\/en\/shop\/elbe-polyester-schwarz\/grp-gehaeuse-serie-elbe-polyester-220x120x90mm-ip66-graphitschwarz\/\",\"name\":\"BOXEXPERT GRP-Geh\u00e4use Serie Elbe Polyester 220x120x90mm IP66 Graphitschwarz\",\"isPartOf\":{\"@id\":\"https:\/\/boxexpert.de\/en\/#website\"},\"primaryImageOfPage\":{\"@id\":\"https:\/\/boxexpert.de\/en\/shop\/elbe-polyester-schwarz\/grp-gehaeuse-serie-elbe-polyester-220x120x90mm-ip66-graphitschwarz\/#primaryimage\"},\"image\":{\"@id\":\"https:\/\/boxexpert.de\/en\/shop\/elbe-polyester-schwarz\/grp-gehaeuse-serie-elbe-polyester-220x120x90mm-ip66-graphitschwarz\/#primaryimage\"},\"thumbnailUrl\":\"https:\/\/boxexpert.de\/wp-content\/uploads\/Boxexpert-Industriegehaeuse-Elbe-Polyester-Glasfaserverstaerkt-Schwarz-BXPBPOL22012090-E01-66-offen.jpg\",\"datePublished\":\"2026-03-13T05:51:28+00:00\",\"breadcrumb\":{\"@id\":\"https:\/\/boxexpert.de\/en\/shop\/elbe-polyester-schwarz\/grp-gehaeuse-serie-elbe-polyester-220x120x90mm-ip66-graphitschwarz\/#breadcrumb\"},\"inLanguage\":\"en-US\",\"potentialAction\":[{\"@type\":\"ReadAction\",\"target\":[\"https:\/\/boxexpert.de\/en\/shop\/elbe-polyester-schwarz\/grp-gehaeuse-serie-elbe-polyester-220x120x90mm-ip66-graphitschwarz\/\"]}]},{\"@type\":\"ImageObject\",\"inLanguage\":\"en-US\",\"@id\":\"https:\/\/boxexpert.de\/en\/shop\/elbe-polyester-schwarz\/grp-gehaeuse-serie-elbe-polyester-220x120x90mm-ip66-graphitschwarz\/#primaryimage\",\"url\":\"https:\/\/boxexpert.de\/wp-content\/uploads\/Boxexpert-Industriegehaeuse-Elbe-Polyester-Glasfaserverstaerkt-Schwarz-BXPBPOL22012090-E01-66-offen.jpg\",\"contentUrl\":\"https:\/\/boxexpert.de\/wp-content\/uploads\/Boxexpert-Industriegehaeuse-Elbe-Polyester-Glasfaserverstaerkt-Schwarz-BXPBPOL22012090-E01-66-offen.jpg\",\"width\":1644,\"height\":2000},{\"@type\":\"BreadcrumbList\",\"@id\":\"https:\/\/boxexpert.de\/en\/shop\/elbe-polyester-schwarz\/grp-gehaeuse-serie-elbe-polyester-220x120x90mm-ip66-graphitschwarz\/#breadcrumb\",\"itemListElement\":[{\"@type\":\"ListItem\",\"position\":1,\"name\":\"Startseite\",\"item\":\"https:\/\/boxexpert.de\/en\/\"},{\"@type\":\"ListItem\",\"position\":2,\"name\":\"Shop\",\"item\":\"https:\/\/boxexpert.de\/shop\/\"},{\"@type\":\"ListItem\",\"position\":3,\"name\":\"GRP-Geh\u00e4use Serie Elbe Polyester 220x120x90mm IP66 Graphitschwarz\"}]},{\"@type\":\"WebSite\",\"@id\":\"https:\/\/boxexpert.de\/en\/#website\",\"url\":\"https:\/\/boxexpert.de\/en\/\",\"name\":\"BOXEXPERT - Professionelle Geh\u00e4usel\u00f6sungen f\u00fcr h\u00f6chste Anspr\u00fcche\",\"description\":\"Industrial housings, control cabinets, installation housings, fuse boxes and distribution boxes\",\"potentialAction\":[{\"@type\":\"SearchAction\",\"target\":{\"@type\":\"EntryPoint\",\"urlTemplate\":\"https:\/\/boxexpert.de\/en\/?s={search_term_string}\"},\"query-input\":{\"@type\":\"PropertyValueSpecification\",\"valueRequired\":true,\"valueName\":\"search_term_string\"}}],\"inLanguage\":\"en-US\"}]}<\/script>\n<!-- \/ Yoast SEO plugin. -->","yoast_head_json":{"title":"BOXEXPERT GRP-Geh\u00e4use Serie Elbe Polyester 220x120x90mm IP66 Graphitschwarz","robots":{"index":"index","follow":"follow","max-snippet":"max-snippet:-1","max-image-preview":"max-image-preview:large","max-video-preview":"max-video-preview:-1"},"canonical":"https:\/\/boxexpert.de\/en\/shop\/elbe-polyester-schwarz\/grp-gehaeuse-serie-elbe-polyester-220x120x90mm-ip66-graphitschwarz\/","og_locale":"en_US","og_type":"article","og_title":"BOXEXPERT GRP-Geh\u00e4use Serie Elbe Polyester 220x120x90mm IP66 Graphitschwarz","og_description":"BOXEXPERT GRP Geh\u00e4use Serie Elbe Polyester Au\u00dfenma\u00dfe: 220x120x90mm Innenma\u00dfe: 212x111,5x82,5mm Material: Glasfaserverst\u00e4rktes Polyester Farbe: Graphitschwarz, RAL 9011 Schutzart: IP66 Schlagfestigkeit: IK08 Temperaturbereich: -40 bis +80 \u00b0C inkl. Deckelschrauben + Erdungsschraube","og_url":"https:\/\/boxexpert.de\/en\/shop\/elbe-polyester-schwarz\/grp-gehaeuse-serie-elbe-polyester-220x120x90mm-ip66-graphitschwarz\/","og_site_name":"BOXEXPERT - Professional enclosure solutions for highest demands","og_image":[{"width":1644,"height":2000,"url":"https:\/\/boxexpert.de\/wp-content\/uploads\/Boxexpert-Industriegehaeuse-Elbe-Polyester-Glasfaserverstaerkt-Schwarz-BXPBPOL22012090-E01-66-offen.jpg","type":"image\/jpeg"}],"twitter_card":"summary_large_image","twitter_misc":{"Est. reading time":"1 minute"},"schema":{"@context":"https:\/\/schema.org","@graph":[{"@type":"WebPage","@id":"https:\/\/boxexpert.de\/en\/shop\/elbe-polyester-schwarz\/grp-gehaeuse-serie-elbe-polyester-220x120x90mm-ip66-graphitschwarz\/","url":"https:\/\/boxexpert.de\/en\/shop\/elbe-polyester-schwarz\/grp-gehaeuse-serie-elbe-polyester-220x120x90mm-ip66-graphitschwarz\/","name":"BOXEXPERT GRP-Geh\u00e4use Serie Elbe Polyester 220x120x90mm IP66 Graphitschwarz","isPartOf":{"@id":"https:\/\/boxexpert.de\/en\/#website"},"primaryImageOfPage":{"@id":"https:\/\/boxexpert.de\/en\/shop\/elbe-polyester-schwarz\/grp-gehaeuse-serie-elbe-polyester-220x120x90mm-ip66-graphitschwarz\/#primaryimage"},"image":{"@id":"https:\/\/boxexpert.de\/en\/shop\/elbe-polyester-schwarz\/grp-gehaeuse-serie-elbe-polyester-220x120x90mm-ip66-graphitschwarz\/#primaryimage"},"thumbnailUrl":"https:\/\/boxexpert.de\/wp-content\/uploads\/Boxexpert-Industriegehaeuse-Elbe-Polyester-Glasfaserverstaerkt-Schwarz-BXPBPOL22012090-E01-66-offen.jpg","datePublished":"2026-03-13T05:51:28+00:00","breadcrumb":{"@id":"https:\/\/boxexpert.de\/en\/shop\/elbe-polyester-schwarz\/grp-gehaeuse-serie-elbe-polyester-220x120x90mm-ip66-graphitschwarz\/#breadcrumb"},"inLanguage":"en-US","potentialAction":[{"@type":"ReadAction","target":["https:\/\/boxexpert.de\/en\/shop\/elbe-polyester-schwarz\/grp-gehaeuse-serie-elbe-polyester-220x120x90mm-ip66-graphitschwarz\/"]}]},{"@type":"ImageObject","inLanguage":"en-US","@id":"https:\/\/boxexpert.de\/en\/shop\/elbe-polyester-schwarz\/grp-gehaeuse-serie-elbe-polyester-220x120x90mm-ip66-graphitschwarz\/#primaryimage","url":"https:\/\/boxexpert.de\/wp-content\/uploads\/Boxexpert-Industriegehaeuse-Elbe-Polyester-Glasfaserverstaerkt-Schwarz-BXPBPOL22012090-E01-66-offen.jpg","contentUrl":"https:\/\/boxexpert.de\/wp-content\/uploads\/Boxexpert-Industriegehaeuse-Elbe-Polyester-Glasfaserverstaerkt-Schwarz-BXPBPOL22012090-E01-66-offen.jpg","width":1644,"height":2000},{"@type":"BreadcrumbList","@id":"https:\/\/boxexpert.de\/en\/shop\/elbe-polyester-schwarz\/grp-gehaeuse-serie-elbe-polyester-220x120x90mm-ip66-graphitschwarz\/#breadcrumb","itemListElement":[{"@type":"ListItem","position":1,"name":"Startseite","item":"https:\/\/boxexpert.de\/en\/"},{"@type":"ListItem","position":2,"name":"Shop","item":"https:\/\/boxexpert.de\/shop\/"},{"@type":"ListItem","position":3,"name":"GRP-Geh\u00e4use Serie Elbe Polyester 220x120x90mm IP66 Graphitschwarz"}]},{"@type":"WebSite","@id":"https:\/\/boxexpert.de\/en\/#website","url":"https:\/\/boxexpert.de\/en\/","name":"BOXEXPERT - Professionelle Geh\u00e4usel\u00f6sungen f\u00fcr h\u00f6chste Anspr\u00fcche","description":"Industrial housings, control cabinets, installation housings, fuse boxes and distribution boxes","potentialAction":[{"@type":"SearchAction","target":{"@type":"EntryPoint","urlTemplate":"https:\/\/boxexpert.de\/en\/?s={search_term_string}"},"query-input":{"@type":"PropertyValueSpecification","valueRequired":true,"valueName":"search_term_string"}}],"inLanguage":"en-US"}]}},"_links":{"self":[{"href":"https:\/\/boxexpert.de\/en\/wp-json\/wp\/v2\/product\/170706","targetHints":{"allow":["GET"]}}],"collection":[{"href":"https:\/\/boxexpert.de\/en\/wp-json\/wp\/v2\/product"}],"about":[{"href":"https:\/\/boxexpert.de\/en\/wp-json\/wp\/v2\/types\/product"}],"wp:featuredmedia":[{"embeddable":true,"href":"https:\/\/boxexpert.de\/en\/wp-json\/wp\/v2\/media\/185429"}],"wp:attachment":[{"href":"https:\/\/boxexpert.de\/en\/wp-json\/wp\/v2\/media?parent=170706"}],"wp:term":[{"taxonomy":"product_brand","embeddable":true,"href":"https:\/\/boxexpert.de\/en\/wp-json\/wp\/v2\/product_brand?post=170706"},{"taxonomy":"product_cat","embeddable":true,"href":"https:\/\/boxexpert.de\/en\/wp-json\/wp\/v2\/product_cat?post=170706"},{"taxonomy":"product_tag","embeddable":true,"href":"https:\/\/boxexpert.de\/en\/wp-json\/wp\/v2\/product_tag?post=170706"}],"curies":[{"name":"wp","href":"https:\/\/api.w.org\/{rel}","templated":true}]}}