{"id":174919,"date":"2026-03-13T05:51:29","date_gmt":"2026-03-13T05:51:29","guid":{"rendered":"https:\/\/boxexpert.de\/shop\/unkategorisiert\/polycarbonat-wandschrank-gehaeuse-serie-perle-pc-400x300x150mm-schwenkhebel-ohne-montageplatte\/"},"modified":"2026-03-13T05:51:29","modified_gmt":"2026-03-13T05:51:29","slug":"polycarbonat-wandschrank-gehaeuse-serie-perle-pc-400x300x150mm-schwenkhebel-ohne-montageplatte","status":"publish","type":"product","link":"https:\/\/boxexpert.de\/en\/shop\/perle-pc-grau\/polycarbonat-wandschrank-gehaeuse-serie-perle-pc-400x300x150mm-schwenkhebel-ohne-montageplatte\/","title":{"rendered":"Polycarbonat Wandschrank-Geh\u00e4use Serie Perle-PC 400x300x150mm Schwenkhebel ohne Montageplatte"},"content":{"rendered":"<p>Polycarbonat Wandschrank-Geh\u00e4use Serie Perle-PC 400x300x150mm Schwenkhebel ohne Montageplatte<\/p>\n","protected":false},"excerpt":{"rendered":"<p>BOXEXPERT PC Geh\u00e4use Serie Perle Schwenkhebel ohne Montageplatte  Au\u00dfenma\u00dfe: 400x300x150mm (LxBxH) Material: Polycarbonat Farbe: Lichtgrau, RAL 7035 Deckel: mit Scharnier auf der langen Seite mit Schwenkhebel Schutzart: IP66 Schlagfestigkeit: IK10 +35\u00b0C \/IK08 -25\u00b0C Betriebstemperatur: -40 bis +80\u00b0C<\/p>\n","protected":false},"featured_media":174920,"template":"","meta":{"_acf_changed":false,"content-type":""},"product_brand":[],"product_cat":[3955],"product_tag":[],"class_list":{"0":"post-174919","1":"product","2":"type-product","3":"status-publish","4":"has-post-thumbnail","6":"product_cat-perle-pc-grau","7":"pa_material-deckel-transparent-polycarbonat","9":"first","10":"outofstock","11":"purchasable","12":"product-type-simple"},"acf":[],"yoast_head":"<!-- This site is optimized with the Yoast SEO plugin v27.2 - https:\/\/yoast.com\/product\/yoast-seo-wordpress\/ -->\n<title>BOXEXPERT Polycarbonat Wandschrank-Geh\u00e4use Serie Perle-PC 400x300x150mm Schwenkhebel ohne Montageplatte<\/title>\n<meta name=\"robots\" content=\"index, follow, max-snippet:-1, max-image-preview:large, max-video-preview:-1\" \/>\n<link rel=\"canonical\" href=\"https:\/\/boxexpert.de\/en\/shop\/perle-pc-grau\/polycarbonat-wandschrank-gehaeuse-serie-perle-pc-400x300x150mm-schwenkhebel-ohne-montageplatte\/\" \/>\n<meta property=\"og:locale\" content=\"en_US\" \/>\n<meta property=\"og:type\" content=\"article\" \/>\n<meta property=\"og:title\" content=\"BOXEXPERT Polycarbonat Wandschrank-Geh\u00e4use Serie Perle-PC 400x300x150mm Schwenkhebel ohne Montageplatte\" \/>\n<meta property=\"og:description\" content=\"BOXEXPERT PC Geh\u00e4use Serie Perle Schwenkhebel ohne Montageplatte Au\u00dfenma\u00dfe: 400x300x150mm (LxBxH) Material: Polycarbonat Farbe: Lichtgrau, RAL 7035 Deckel: mit Scharnier auf der langen Seite mit Schwenkhebel Schutzart: IP66 Schlagfestigkeit: IK10 +35\u00b0C \/IK08 -25\u00b0C Betriebstemperatur: -40 bis +80\u00b0C\" \/>\n<meta property=\"og:url\" content=\"https:\/\/boxexpert.de\/en\/shop\/perle-pc-grau\/polycarbonat-wandschrank-gehaeuse-serie-perle-pc-400x300x150mm-schwenkhebel-ohne-montageplatte\/\" \/>\n<meta property=\"og:site_name\" content=\"BOXEXPERT - Professional enclosure solutions for highest demands\" \/>\n<meta property=\"og:image\" content=\"https:\/\/boxexpert.de\/wp-content\/uploads\/BXPFAGS-5.jpg\" \/>\n\t<meta property=\"og:image:width\" content=\"150\" \/>\n\t<meta property=\"og:image:height\" content=\"149\" \/>\n\t<meta property=\"og:image:type\" content=\"image\/jpeg\" \/>\n<meta name=\"twitter:card\" content=\"summary_large_image\" \/>\n<meta name=\"twitter:label1\" content=\"Est. reading time\" \/>\n\t<meta name=\"twitter:data1\" content=\"1 minute\" \/>\n<script type=\"application\/ld+json\" class=\"yoast-schema-graph\">{\"@context\":\"https:\/\/schema.org\",\"@graph\":[{\"@type\":\"WebPage\",\"@id\":\"https:\/\/boxexpert.de\/en\/shop\/perle-pc-grau\/polycarbonat-wandschrank-gehaeuse-serie-perle-pc-400x300x150mm-schwenkhebel-ohne-montageplatte\/\",\"url\":\"https:\/\/boxexpert.de\/en\/shop\/perle-pc-grau\/polycarbonat-wandschrank-gehaeuse-serie-perle-pc-400x300x150mm-schwenkhebel-ohne-montageplatte\/\",\"name\":\"BOXEXPERT Polycarbonat Wandschrank-Geh\u00e4use Serie Perle-PC 400x300x150mm Schwenkhebel ohne Montageplatte\",\"isPartOf\":{\"@id\":\"https:\/\/boxexpert.de\/en\/#website\"},\"primaryImageOfPage\":{\"@id\":\"https:\/\/boxexpert.de\/en\/shop\/perle-pc-grau\/polycarbonat-wandschrank-gehaeuse-serie-perle-pc-400x300x150mm-schwenkhebel-ohne-montageplatte\/#primaryimage\"},\"image\":{\"@id\":\"https:\/\/boxexpert.de\/en\/shop\/perle-pc-grau\/polycarbonat-wandschrank-gehaeuse-serie-perle-pc-400x300x150mm-schwenkhebel-ohne-montageplatte\/#primaryimage\"},\"thumbnailUrl\":\"https:\/\/boxexpert.de\/wp-content\/uploads\/BXPFAGS-5.jpg\",\"datePublished\":\"2026-03-13T05:51:29+00:00\",\"breadcrumb\":{\"@id\":\"https:\/\/boxexpert.de\/en\/shop\/perle-pc-grau\/polycarbonat-wandschrank-gehaeuse-serie-perle-pc-400x300x150mm-schwenkhebel-ohne-montageplatte\/#breadcrumb\"},\"inLanguage\":\"en-US\",\"potentialAction\":[{\"@type\":\"ReadAction\",\"target\":[\"https:\/\/boxexpert.de\/en\/shop\/perle-pc-grau\/polycarbonat-wandschrank-gehaeuse-serie-perle-pc-400x300x150mm-schwenkhebel-ohne-montageplatte\/\"]}]},{\"@type\":\"ImageObject\",\"inLanguage\":\"en-US\",\"@id\":\"https:\/\/boxexpert.de\/en\/shop\/perle-pc-grau\/polycarbonat-wandschrank-gehaeuse-serie-perle-pc-400x300x150mm-schwenkhebel-ohne-montageplatte\/#primaryimage\",\"url\":\"https:\/\/boxexpert.de\/wp-content\/uploads\/BXPFAGS-5.jpg\",\"contentUrl\":\"https:\/\/boxexpert.de\/wp-content\/uploads\/BXPFAGS-5.jpg\",\"width\":150,\"height\":149},{\"@type\":\"BreadcrumbList\",\"@id\":\"https:\/\/boxexpert.de\/en\/shop\/perle-pc-grau\/polycarbonat-wandschrank-gehaeuse-serie-perle-pc-400x300x150mm-schwenkhebel-ohne-montageplatte\/#breadcrumb\",\"itemListElement\":[{\"@type\":\"ListItem\",\"position\":1,\"name\":\"Startseite\",\"item\":\"https:\/\/boxexpert.de\/en\/\"},{\"@type\":\"ListItem\",\"position\":2,\"name\":\"Shop\",\"item\":\"https:\/\/boxexpert.de\/shop\/\"},{\"@type\":\"ListItem\",\"position\":3,\"name\":\"Polycarbonat Wandschrank-Geh\u00e4use Serie Perle-PC 400x300x150mm Schwenkhebel ohne Montageplatte\"}]},{\"@type\":\"WebSite\",\"@id\":\"https:\/\/boxexpert.de\/en\/#website\",\"url\":\"https:\/\/boxexpert.de\/en\/\",\"name\":\"BOXEXPERT - Professionelle Geh\u00e4usel\u00f6sungen f\u00fcr h\u00f6chste Anspr\u00fcche\",\"description\":\"Industrial housings, control cabinets, installation housings, fuse boxes and distribution boxes\",\"potentialAction\":[{\"@type\":\"SearchAction\",\"target\":{\"@type\":\"EntryPoint\",\"urlTemplate\":\"https:\/\/boxexpert.de\/en\/?s={search_term_string}\"},\"query-input\":{\"@type\":\"PropertyValueSpecification\",\"valueRequired\":true,\"valueName\":\"search_term_string\"}}],\"inLanguage\":\"en-US\"}]}<\/script>\n<!-- \/ Yoast SEO plugin. -->","yoast_head_json":{"title":"BOXEXPERT Polycarbonat Wandschrank-Geh\u00e4use Serie Perle-PC 400x300x150mm Schwenkhebel ohne Montageplatte","robots":{"index":"index","follow":"follow","max-snippet":"max-snippet:-1","max-image-preview":"max-image-preview:large","max-video-preview":"max-video-preview:-1"},"canonical":"https:\/\/boxexpert.de\/en\/shop\/perle-pc-grau\/polycarbonat-wandschrank-gehaeuse-serie-perle-pc-400x300x150mm-schwenkhebel-ohne-montageplatte\/","og_locale":"en_US","og_type":"article","og_title":"BOXEXPERT Polycarbonat Wandschrank-Geh\u00e4use Serie Perle-PC 400x300x150mm Schwenkhebel ohne Montageplatte","og_description":"BOXEXPERT PC Geh\u00e4use Serie Perle Schwenkhebel ohne Montageplatte Au\u00dfenma\u00dfe: 400x300x150mm (LxBxH) Material: Polycarbonat Farbe: Lichtgrau, RAL 7035 Deckel: mit Scharnier auf der langen Seite mit Schwenkhebel Schutzart: IP66 Schlagfestigkeit: IK10 +35\u00b0C \/IK08 -25\u00b0C Betriebstemperatur: -40 bis +80\u00b0C","og_url":"https:\/\/boxexpert.de\/en\/shop\/perle-pc-grau\/polycarbonat-wandschrank-gehaeuse-serie-perle-pc-400x300x150mm-schwenkhebel-ohne-montageplatte\/","og_site_name":"BOXEXPERT - Professional enclosure solutions for highest demands","og_image":[{"width":150,"height":149,"url":"https:\/\/boxexpert.de\/wp-content\/uploads\/BXPFAGS-5.jpg","type":"image\/jpeg"}],"twitter_card":"summary_large_image","twitter_misc":{"Est. reading time":"1 minute"},"schema":{"@context":"https:\/\/schema.org","@graph":[{"@type":"WebPage","@id":"https:\/\/boxexpert.de\/en\/shop\/perle-pc-grau\/polycarbonat-wandschrank-gehaeuse-serie-perle-pc-400x300x150mm-schwenkhebel-ohne-montageplatte\/","url":"https:\/\/boxexpert.de\/en\/shop\/perle-pc-grau\/polycarbonat-wandschrank-gehaeuse-serie-perle-pc-400x300x150mm-schwenkhebel-ohne-montageplatte\/","name":"BOXEXPERT Polycarbonat Wandschrank-Geh\u00e4use Serie Perle-PC 400x300x150mm Schwenkhebel ohne Montageplatte","isPartOf":{"@id":"https:\/\/boxexpert.de\/en\/#website"},"primaryImageOfPage":{"@id":"https:\/\/boxexpert.de\/en\/shop\/perle-pc-grau\/polycarbonat-wandschrank-gehaeuse-serie-perle-pc-400x300x150mm-schwenkhebel-ohne-montageplatte\/#primaryimage"},"image":{"@id":"https:\/\/boxexpert.de\/en\/shop\/perle-pc-grau\/polycarbonat-wandschrank-gehaeuse-serie-perle-pc-400x300x150mm-schwenkhebel-ohne-montageplatte\/#primaryimage"},"thumbnailUrl":"https:\/\/boxexpert.de\/wp-content\/uploads\/BXPFAGS-5.jpg","datePublished":"2026-03-13T05:51:29+00:00","breadcrumb":{"@id":"https:\/\/boxexpert.de\/en\/shop\/perle-pc-grau\/polycarbonat-wandschrank-gehaeuse-serie-perle-pc-400x300x150mm-schwenkhebel-ohne-montageplatte\/#breadcrumb"},"inLanguage":"en-US","potentialAction":[{"@type":"ReadAction","target":["https:\/\/boxexpert.de\/en\/shop\/perle-pc-grau\/polycarbonat-wandschrank-gehaeuse-serie-perle-pc-400x300x150mm-schwenkhebel-ohne-montageplatte\/"]}]},{"@type":"ImageObject","inLanguage":"en-US","@id":"https:\/\/boxexpert.de\/en\/shop\/perle-pc-grau\/polycarbonat-wandschrank-gehaeuse-serie-perle-pc-400x300x150mm-schwenkhebel-ohne-montageplatte\/#primaryimage","url":"https:\/\/boxexpert.de\/wp-content\/uploads\/BXPFAGS-5.jpg","contentUrl":"https:\/\/boxexpert.de\/wp-content\/uploads\/BXPFAGS-5.jpg","width":150,"height":149},{"@type":"BreadcrumbList","@id":"https:\/\/boxexpert.de\/en\/shop\/perle-pc-grau\/polycarbonat-wandschrank-gehaeuse-serie-perle-pc-400x300x150mm-schwenkhebel-ohne-montageplatte\/#breadcrumb","itemListElement":[{"@type":"ListItem","position":1,"name":"Startseite","item":"https:\/\/boxexpert.de\/en\/"},{"@type":"ListItem","position":2,"name":"Shop","item":"https:\/\/boxexpert.de\/shop\/"},{"@type":"ListItem","position":3,"name":"Polycarbonat Wandschrank-Geh\u00e4use Serie Perle-PC 400x300x150mm Schwenkhebel ohne Montageplatte"}]},{"@type":"WebSite","@id":"https:\/\/boxexpert.de\/en\/#website","url":"https:\/\/boxexpert.de\/en\/","name":"BOXEXPERT - Professionelle Geh\u00e4usel\u00f6sungen f\u00fcr h\u00f6chste Anspr\u00fcche","description":"Industrial housings, control cabinets, installation housings, fuse boxes and distribution boxes","potentialAction":[{"@type":"SearchAction","target":{"@type":"EntryPoint","urlTemplate":"https:\/\/boxexpert.de\/en\/?s={search_term_string}"},"query-input":{"@type":"PropertyValueSpecification","valueRequired":true,"valueName":"search_term_string"}}],"inLanguage":"en-US"}]}},"_links":{"self":[{"href":"https:\/\/boxexpert.de\/en\/wp-json\/wp\/v2\/product\/174919","targetHints":{"allow":["GET"]}}],"collection":[{"href":"https:\/\/boxexpert.de\/en\/wp-json\/wp\/v2\/product"}],"about":[{"href":"https:\/\/boxexpert.de\/en\/wp-json\/wp\/v2\/types\/product"}],"wp:featuredmedia":[{"embeddable":true,"href":"https:\/\/boxexpert.de\/en\/wp-json\/wp\/v2\/media\/174920"}],"wp:attachment":[{"href":"https:\/\/boxexpert.de\/en\/wp-json\/wp\/v2\/media?parent=174919"}],"wp:term":[{"taxonomy":"product_brand","embeddable":true,"href":"https:\/\/boxexpert.de\/en\/wp-json\/wp\/v2\/product_brand?post=174919"},{"taxonomy":"product_cat","embeddable":true,"href":"https:\/\/boxexpert.de\/en\/wp-json\/wp\/v2\/product_cat?post=174919"},{"taxonomy":"product_tag","embeddable":true,"href":"https:\/\/boxexpert.de\/en\/wp-json\/wp\/v2\/product_tag?post=174919"}],"curies":[{"name":"wp","href":"https:\/\/api.w.org\/{rel}","templated":true}]}}