{"id":175833,"date":"2026-03-18T05:30:30","date_gmt":"2026-03-18T05:30:30","guid":{"rendered":"https:\/\/boxexpert.de\/shop\/unkategorisiert\/wandlaschen-rueckseitig-anschraubbar-polycarbonat-4-stueck\/"},"modified":"2026-03-18T05:30:30","modified_gmt":"2026-03-18T05:30:30","slug":"wandlaschen-rueckseitig-anschraubbar-polycarbonat-4-stueck","status":"publish","type":"product","link":"https:\/\/boxexpert.de\/en\/shop\/unkategorisiert\/wandlaschen-rueckseitig-anschraubbar-polycarbonat-4-stueck\/","title":{"rendered":"Wandlaschen r\u00fcckseitig anschraubbar, Polycarbonat; 4 St\u00fcck"},"content":{"rendered":"<p>Wandlaschen r\u00fcckseitig anschraubbar, Polycarbonat; 4 St\u00fcck<\/p>\n","protected":false},"excerpt":{"rendered":"<p>Wandlaschen r\u00fcckseitig anschraubbar, Polycarbonat; 4 St\u00fcck<\/p>\n","protected":false},"featured_media":0,"template":"","meta":{"_acf_changed":false,"content-type":""},"product_brand":[],"product_cat":[3199],"product_tag":[],"class_list":{"0":"post-175833","1":"product","2":"type-product","3":"status-publish","5":"product_cat-unkategorisiert","7":"first","8":"instock","9":"purchasable","10":"product-type-simple"},"acf":[],"yoast_head":"<!-- This site is optimized with the Yoast SEO plugin v27.2 - https:\/\/yoast.com\/product\/yoast-seo-wordpress\/ -->\n<title>BOXEXPERT Wandlaschen r\u00fcckseitig anschraubbar, Polycarbonat; 4 St\u00fcck<\/title>\n<meta name=\"robots\" content=\"index, follow, max-snippet:-1, max-image-preview:large, max-video-preview:-1\" \/>\n<link rel=\"canonical\" href=\"https:\/\/boxexpert.de\/en\/shop\/unkategorisiert\/wandlaschen-rueckseitig-anschraubbar-polycarbonat-4-stueck\/\" \/>\n<meta property=\"og:locale\" content=\"en_US\" \/>\n<meta property=\"og:type\" content=\"article\" \/>\n<meta property=\"og:title\" content=\"BOXEXPERT Wandlaschen r\u00fcckseitig anschraubbar, Polycarbonat; 4 St\u00fcck\" \/>\n<meta property=\"og:description\" content=\"Wandlaschen r\u00fcckseitig anschraubbar, Polycarbonat; 4 St\u00fcck\" \/>\n<meta property=\"og:url\" content=\"https:\/\/boxexpert.de\/en\/shop\/unkategorisiert\/wandlaschen-rueckseitig-anschraubbar-polycarbonat-4-stueck\/\" \/>\n<meta property=\"og:site_name\" content=\"BOXEXPERT - Professional enclosure solutions for highest demands\" \/>\n<meta name=\"twitter:card\" content=\"summary_large_image\" \/>\n<script type=\"application\/ld+json\" class=\"yoast-schema-graph\">{\"@context\":\"https:\/\/schema.org\",\"@graph\":[{\"@type\":\"WebPage\",\"@id\":\"https:\/\/boxexpert.de\/en\/shop\/unkategorisiert\/wandlaschen-rueckseitig-anschraubbar-polycarbonat-4-stueck\/\",\"url\":\"https:\/\/boxexpert.de\/en\/shop\/unkategorisiert\/wandlaschen-rueckseitig-anschraubbar-polycarbonat-4-stueck\/\",\"name\":\"BOXEXPERT Wandlaschen r\u00fcckseitig anschraubbar, Polycarbonat; 4 St\u00fcck\",\"isPartOf\":{\"@id\":\"https:\/\/boxexpert.de\/en\/#website\"},\"datePublished\":\"2026-03-18T05:30:30+00:00\",\"breadcrumb\":{\"@id\":\"https:\/\/boxexpert.de\/en\/shop\/unkategorisiert\/wandlaschen-rueckseitig-anschraubbar-polycarbonat-4-stueck\/#breadcrumb\"},\"inLanguage\":\"en-US\",\"potentialAction\":[{\"@type\":\"ReadAction\",\"target\":[\"https:\/\/boxexpert.de\/en\/shop\/unkategorisiert\/wandlaschen-rueckseitig-anschraubbar-polycarbonat-4-stueck\/\"]}]},{\"@type\":\"BreadcrumbList\",\"@id\":\"https:\/\/boxexpert.de\/en\/shop\/unkategorisiert\/wandlaschen-rueckseitig-anschraubbar-polycarbonat-4-stueck\/#breadcrumb\",\"itemListElement\":[{\"@type\":\"ListItem\",\"position\":1,\"name\":\"Startseite\",\"item\":\"https:\/\/boxexpert.de\/en\/\"},{\"@type\":\"ListItem\",\"position\":2,\"name\":\"Shop\",\"item\":\"https:\/\/boxexpert.de\/shop\/\"},{\"@type\":\"ListItem\",\"position\":3,\"name\":\"Wandlaschen r\u00fcckseitig anschraubbar, Polycarbonat; 4 St\u00fcck\"}]},{\"@type\":\"WebSite\",\"@id\":\"https:\/\/boxexpert.de\/en\/#website\",\"url\":\"https:\/\/boxexpert.de\/en\/\",\"name\":\"BOXEXPERT - Professionelle Geh\u00e4usel\u00f6sungen f\u00fcr h\u00f6chste Anspr\u00fcche\",\"description\":\"Industrial housings, control cabinets, installation housings, fuse boxes and distribution boxes\",\"potentialAction\":[{\"@type\":\"SearchAction\",\"target\":{\"@type\":\"EntryPoint\",\"urlTemplate\":\"https:\/\/boxexpert.de\/en\/?s={search_term_string}\"},\"query-input\":{\"@type\":\"PropertyValueSpecification\",\"valueRequired\":true,\"valueName\":\"search_term_string\"}}],\"inLanguage\":\"en-US\"}]}<\/script>\n<!-- \/ Yoast SEO plugin. -->","yoast_head_json":{"title":"BOXEXPERT Wandlaschen r\u00fcckseitig anschraubbar, Polycarbonat; 4 St\u00fcck","robots":{"index":"index","follow":"follow","max-snippet":"max-snippet:-1","max-image-preview":"max-image-preview:large","max-video-preview":"max-video-preview:-1"},"canonical":"https:\/\/boxexpert.de\/en\/shop\/unkategorisiert\/wandlaschen-rueckseitig-anschraubbar-polycarbonat-4-stueck\/","og_locale":"en_US","og_type":"article","og_title":"BOXEXPERT Wandlaschen r\u00fcckseitig anschraubbar, Polycarbonat; 4 St\u00fcck","og_description":"Wandlaschen r\u00fcckseitig anschraubbar, Polycarbonat; 4 St\u00fcck","og_url":"https:\/\/boxexpert.de\/en\/shop\/unkategorisiert\/wandlaschen-rueckseitig-anschraubbar-polycarbonat-4-stueck\/","og_site_name":"BOXEXPERT - Professional enclosure solutions for highest demands","twitter_card":"summary_large_image","schema":{"@context":"https:\/\/schema.org","@graph":[{"@type":"WebPage","@id":"https:\/\/boxexpert.de\/en\/shop\/unkategorisiert\/wandlaschen-rueckseitig-anschraubbar-polycarbonat-4-stueck\/","url":"https:\/\/boxexpert.de\/en\/shop\/unkategorisiert\/wandlaschen-rueckseitig-anschraubbar-polycarbonat-4-stueck\/","name":"BOXEXPERT Wandlaschen r\u00fcckseitig anschraubbar, Polycarbonat; 4 St\u00fcck","isPartOf":{"@id":"https:\/\/boxexpert.de\/en\/#website"},"datePublished":"2026-03-18T05:30:30+00:00","breadcrumb":{"@id":"https:\/\/boxexpert.de\/en\/shop\/unkategorisiert\/wandlaschen-rueckseitig-anschraubbar-polycarbonat-4-stueck\/#breadcrumb"},"inLanguage":"en-US","potentialAction":[{"@type":"ReadAction","target":["https:\/\/boxexpert.de\/en\/shop\/unkategorisiert\/wandlaschen-rueckseitig-anschraubbar-polycarbonat-4-stueck\/"]}]},{"@type":"BreadcrumbList","@id":"https:\/\/boxexpert.de\/en\/shop\/unkategorisiert\/wandlaschen-rueckseitig-anschraubbar-polycarbonat-4-stueck\/#breadcrumb","itemListElement":[{"@type":"ListItem","position":1,"name":"Startseite","item":"https:\/\/boxexpert.de\/en\/"},{"@type":"ListItem","position":2,"name":"Shop","item":"https:\/\/boxexpert.de\/shop\/"},{"@type":"ListItem","position":3,"name":"Wandlaschen r\u00fcckseitig anschraubbar, Polycarbonat; 4 St\u00fcck"}]},{"@type":"WebSite","@id":"https:\/\/boxexpert.de\/en\/#website","url":"https:\/\/boxexpert.de\/en\/","name":"BOXEXPERT - Professionelle Geh\u00e4usel\u00f6sungen f\u00fcr h\u00f6chste Anspr\u00fcche","description":"Industrial housings, control cabinets, installation housings, fuse boxes and distribution boxes","potentialAction":[{"@type":"SearchAction","target":{"@type":"EntryPoint","urlTemplate":"https:\/\/boxexpert.de\/en\/?s={search_term_string}"},"query-input":{"@type":"PropertyValueSpecification","valueRequired":true,"valueName":"search_term_string"}}],"inLanguage":"en-US"}]}},"_links":{"self":[{"href":"https:\/\/boxexpert.de\/en\/wp-json\/wp\/v2\/product\/175833","targetHints":{"allow":["GET"]}}],"collection":[{"href":"https:\/\/boxexpert.de\/en\/wp-json\/wp\/v2\/product"}],"about":[{"href":"https:\/\/boxexpert.de\/en\/wp-json\/wp\/v2\/types\/product"}],"wp:attachment":[{"href":"https:\/\/boxexpert.de\/en\/wp-json\/wp\/v2\/media?parent=175833"}],"wp:term":[{"taxonomy":"product_brand","embeddable":true,"href":"https:\/\/boxexpert.de\/en\/wp-json\/wp\/v2\/product_brand?post=175833"},{"taxonomy":"product_cat","embeddable":true,"href":"https:\/\/boxexpert.de\/en\/wp-json\/wp\/v2\/product_cat?post=175833"},{"taxonomy":"product_tag","embeddable":true,"href":"https:\/\/boxexpert.de\/en\/wp-json\/wp\/v2\/product_tag?post=175833"}],"curies":[{"name":"wp","href":"https:\/\/api.w.org\/{rel}","templated":true}]}}