{"id":175876,"date":"2026-03-13T05:41:05","date_gmt":"2026-03-13T05:41:05","guid":{"rendered":"https:\/\/boxexpert.de\/shop\/unkategorisiert\/wandschrank-gehaeuse-serie-perle-polyester-270x270x171mm-transparent\/"},"modified":"2026-03-13T05:41:06","modified_gmt":"2026-03-13T05:41:06","slug":"wandschrank-gehaeuse-serie-perle-polyester-270x270x171mm-transparent","status":"publish","type":"product","link":"https:\/\/boxexpert.de\/en\/shop\/unkategorisiert\/wandschrank-gehaeuse-serie-perle-polyester-270x270x171mm-transparent\/","title":{"rendered":"Wandschrank-Geh\u00e4use Serie Perle Polyester 270x270x171mm transparent"},"content":{"rendered":"<p>BOXEXPERT Polyester-Geh\u00e4use Serie Perle<\/p>\n<p>Au\u00dfenma\u00dfe: 270x270x171mm&nbsp;(HxBxT)<\/p>\n<p>Deckel transparent<br \/>Schutzart: IP 66<br \/>Material Geh\u00e4use : Glasfaserverst\u00e4rktes Polyester<br \/>T\u00fcrmaterial: Polycarbonat<br \/>Farbe: Lichtgrau, RAL 7035<br \/>Betriebstemperatur: -30\u00b0C&#8230;+60\u00b0C<br \/>Schlagfestigkeit: IK09<br \/>Maximale Betriebsspannung: 1000 V AC \/ 1500 V DC<\/p>\n<p>&nbsp;<\/p>\n","protected":false},"excerpt":{"rendered":"<p>BOXEXPERT Polyester-Geh\u00e4use Serie Perle  Au\u00dfenma\u00dfe: 270x270x171mm (HxBxT)  Deckel transparent Schutzart: IP 66 Material Geh\u00e4use : Glasfaserverst\u00e4rktes Polyester T\u00fcrmaterial: Polycarbonat Farbe: Lichtgrau, RAL 7035 Betriebstemperatur: -30\u00b0C&#8230;+60\u00b0C Schlagfestigkeit: IK09 Maximale Betriebsspannung: 1000 V AC \/ 1500 V DC<\/p>\n","protected":false},"featured_media":0,"template":"","meta":{"_acf_changed":false,"content-type":""},"product_brand":[],"product_cat":[3199],"product_tag":[],"class_list":{"0":"post-175876","1":"product","2":"type-product","3":"status-publish","5":"product_cat-unkategorisiert","7":"first","8":"instock","9":"purchasable","10":"product-type-simple"},"acf":[],"yoast_head":"<!-- This site is optimized with the Yoast SEO plugin v27.2 - https:\/\/yoast.com\/product\/yoast-seo-wordpress\/ -->\n<title>BOXEXPERT Wandschrank-Geh\u00e4use Serie Perle Polyester 270x270x171mm transparent<\/title>\n<meta name=\"robots\" content=\"index, follow, max-snippet:-1, max-image-preview:large, max-video-preview:-1\" \/>\n<link rel=\"canonical\" href=\"https:\/\/boxexpert.de\/en\/shop\/unkategorisiert\/wandschrank-gehaeuse-serie-perle-polyester-270x270x171mm-transparent\/\" \/>\n<meta property=\"og:locale\" content=\"en_US\" \/>\n<meta property=\"og:type\" content=\"article\" \/>\n<meta property=\"og:title\" content=\"BOXEXPERT Wandschrank-Geh\u00e4use Serie Perle Polyester 270x270x171mm transparent\" \/>\n<meta property=\"og:description\" content=\"BOXEXPERT Polyester-Geh\u00e4use Serie Perle Au\u00dfenma\u00dfe: 270x270x171mm (HxBxT) Deckel transparent Schutzart: IP 66 Material Geh\u00e4use : Glasfaserverst\u00e4rktes Polyester T\u00fcrmaterial: Polycarbonat Farbe: Lichtgrau, RAL 7035 Betriebstemperatur: -30\u00b0C...+60\u00b0C Schlagfestigkeit: IK09 Maximale Betriebsspannung: 1000 V AC \/ 1500 V DC\" \/>\n<meta property=\"og:url\" content=\"https:\/\/boxexpert.de\/en\/shop\/unkategorisiert\/wandschrank-gehaeuse-serie-perle-polyester-270x270x171mm-transparent\/\" \/>\n<meta property=\"og:site_name\" content=\"BOXEXPERT - Professional enclosure solutions for highest demands\" \/>\n<meta property=\"article:modified_time\" content=\"2026-03-13T05:41:06+00:00\" \/>\n<meta name=\"twitter:card\" content=\"summary_large_image\" \/>\n<script type=\"application\/ld+json\" class=\"yoast-schema-graph\">{\"@context\":\"https:\/\/schema.org\",\"@graph\":[{\"@type\":\"WebPage\",\"@id\":\"https:\/\/boxexpert.de\/en\/shop\/unkategorisiert\/wandschrank-gehaeuse-serie-perle-polyester-270x270x171mm-transparent\/\",\"url\":\"https:\/\/boxexpert.de\/en\/shop\/unkategorisiert\/wandschrank-gehaeuse-serie-perle-polyester-270x270x171mm-transparent\/\",\"name\":\"BOXEXPERT Wandschrank-Geh\u00e4use Serie Perle Polyester 270x270x171mm transparent\",\"isPartOf\":{\"@id\":\"https:\/\/boxexpert.de\/en\/#website\"},\"datePublished\":\"2026-03-13T05:41:05+00:00\",\"dateModified\":\"2026-03-13T05:41:06+00:00\",\"breadcrumb\":{\"@id\":\"https:\/\/boxexpert.de\/en\/shop\/unkategorisiert\/wandschrank-gehaeuse-serie-perle-polyester-270x270x171mm-transparent\/#breadcrumb\"},\"inLanguage\":\"en-US\",\"potentialAction\":[{\"@type\":\"ReadAction\",\"target\":[\"https:\/\/boxexpert.de\/en\/shop\/unkategorisiert\/wandschrank-gehaeuse-serie-perle-polyester-270x270x171mm-transparent\/\"]}]},{\"@type\":\"BreadcrumbList\",\"@id\":\"https:\/\/boxexpert.de\/en\/shop\/unkategorisiert\/wandschrank-gehaeuse-serie-perle-polyester-270x270x171mm-transparent\/#breadcrumb\",\"itemListElement\":[{\"@type\":\"ListItem\",\"position\":1,\"name\":\"Startseite\",\"item\":\"https:\/\/boxexpert.de\/en\/\"},{\"@type\":\"ListItem\",\"position\":2,\"name\":\"Shop\",\"item\":\"https:\/\/boxexpert.de\/shop\/\"},{\"@type\":\"ListItem\",\"position\":3,\"name\":\"Wandschrank-Geh\u00e4use Serie Perle Polyester 270x270x171mm transparent\"}]},{\"@type\":\"WebSite\",\"@id\":\"https:\/\/boxexpert.de\/en\/#website\",\"url\":\"https:\/\/boxexpert.de\/en\/\",\"name\":\"BOXEXPERT - Professionelle Geh\u00e4usel\u00f6sungen f\u00fcr h\u00f6chste Anspr\u00fcche\",\"description\":\"Industrial housings, control cabinets, installation housings, fuse boxes and distribution boxes\",\"potentialAction\":[{\"@type\":\"SearchAction\",\"target\":{\"@type\":\"EntryPoint\",\"urlTemplate\":\"https:\/\/boxexpert.de\/en\/?s={search_term_string}\"},\"query-input\":{\"@type\":\"PropertyValueSpecification\",\"valueRequired\":true,\"valueName\":\"search_term_string\"}}],\"inLanguage\":\"en-US\"}]}<\/script>\n<!-- \/ Yoast SEO plugin. -->","yoast_head_json":{"title":"BOXEXPERT Wandschrank-Geh\u00e4use Serie Perle Polyester 270x270x171mm transparent","robots":{"index":"index","follow":"follow","max-snippet":"max-snippet:-1","max-image-preview":"max-image-preview:large","max-video-preview":"max-video-preview:-1"},"canonical":"https:\/\/boxexpert.de\/en\/shop\/unkategorisiert\/wandschrank-gehaeuse-serie-perle-polyester-270x270x171mm-transparent\/","og_locale":"en_US","og_type":"article","og_title":"BOXEXPERT Wandschrank-Geh\u00e4use Serie Perle Polyester 270x270x171mm transparent","og_description":"BOXEXPERT Polyester-Geh\u00e4use Serie Perle Au\u00dfenma\u00dfe: 270x270x171mm (HxBxT) Deckel transparent Schutzart: IP 66 Material Geh\u00e4use : Glasfaserverst\u00e4rktes Polyester T\u00fcrmaterial: Polycarbonat Farbe: Lichtgrau, RAL 7035 Betriebstemperatur: -30\u00b0C...+60\u00b0C Schlagfestigkeit: IK09 Maximale Betriebsspannung: 1000 V AC \/ 1500 V DC","og_url":"https:\/\/boxexpert.de\/en\/shop\/unkategorisiert\/wandschrank-gehaeuse-serie-perle-polyester-270x270x171mm-transparent\/","og_site_name":"BOXEXPERT - Professional enclosure solutions for highest demands","article_modified_time":"2026-03-13T05:41:06+00:00","twitter_card":"summary_large_image","schema":{"@context":"https:\/\/schema.org","@graph":[{"@type":"WebPage","@id":"https:\/\/boxexpert.de\/en\/shop\/unkategorisiert\/wandschrank-gehaeuse-serie-perle-polyester-270x270x171mm-transparent\/","url":"https:\/\/boxexpert.de\/en\/shop\/unkategorisiert\/wandschrank-gehaeuse-serie-perle-polyester-270x270x171mm-transparent\/","name":"BOXEXPERT Wandschrank-Geh\u00e4use Serie Perle Polyester 270x270x171mm transparent","isPartOf":{"@id":"https:\/\/boxexpert.de\/en\/#website"},"datePublished":"2026-03-13T05:41:05+00:00","dateModified":"2026-03-13T05:41:06+00:00","breadcrumb":{"@id":"https:\/\/boxexpert.de\/en\/shop\/unkategorisiert\/wandschrank-gehaeuse-serie-perle-polyester-270x270x171mm-transparent\/#breadcrumb"},"inLanguage":"en-US","potentialAction":[{"@type":"ReadAction","target":["https:\/\/boxexpert.de\/en\/shop\/unkategorisiert\/wandschrank-gehaeuse-serie-perle-polyester-270x270x171mm-transparent\/"]}]},{"@type":"BreadcrumbList","@id":"https:\/\/boxexpert.de\/en\/shop\/unkategorisiert\/wandschrank-gehaeuse-serie-perle-polyester-270x270x171mm-transparent\/#breadcrumb","itemListElement":[{"@type":"ListItem","position":1,"name":"Startseite","item":"https:\/\/boxexpert.de\/en\/"},{"@type":"ListItem","position":2,"name":"Shop","item":"https:\/\/boxexpert.de\/shop\/"},{"@type":"ListItem","position":3,"name":"Wandschrank-Geh\u00e4use Serie Perle Polyester 270x270x171mm transparent"}]},{"@type":"WebSite","@id":"https:\/\/boxexpert.de\/en\/#website","url":"https:\/\/boxexpert.de\/en\/","name":"BOXEXPERT - Professionelle Geh\u00e4usel\u00f6sungen f\u00fcr h\u00f6chste Anspr\u00fcche","description":"Industrial housings, control cabinets, installation housings, fuse boxes and distribution boxes","potentialAction":[{"@type":"SearchAction","target":{"@type":"EntryPoint","urlTemplate":"https:\/\/boxexpert.de\/en\/?s={search_term_string}"},"query-input":{"@type":"PropertyValueSpecification","valueRequired":true,"valueName":"search_term_string"}}],"inLanguage":"en-US"}]}},"_links":{"self":[{"href":"https:\/\/boxexpert.de\/en\/wp-json\/wp\/v2\/product\/175876","targetHints":{"allow":["GET"]}}],"collection":[{"href":"https:\/\/boxexpert.de\/en\/wp-json\/wp\/v2\/product"}],"about":[{"href":"https:\/\/boxexpert.de\/en\/wp-json\/wp\/v2\/types\/product"}],"wp:attachment":[{"href":"https:\/\/boxexpert.de\/en\/wp-json\/wp\/v2\/media?parent=175876"}],"wp:term":[{"taxonomy":"product_brand","embeddable":true,"href":"https:\/\/boxexpert.de\/en\/wp-json\/wp\/v2\/product_brand?post=175876"},{"taxonomy":"product_cat","embeddable":true,"href":"https:\/\/boxexpert.de\/en\/wp-json\/wp\/v2\/product_cat?post=175876"},{"taxonomy":"product_tag","embeddable":true,"href":"https:\/\/boxexpert.de\/en\/wp-json\/wp\/v2\/product_tag?post=175876"}],"curies":[{"name":"wp","href":"https:\/\/api.w.org\/{rel}","templated":true}]}}