{"id":175881,"date":"2026-03-13T05:30:47","date_gmt":"2026-03-13T05:30:47","guid":{"rendered":"https:\/\/boxexpert.de\/shop\/unkategorisiert\/verteilerdose-wasserdicht-10-polig-der-serie-hanse-erd-183x136x59mm-lxbxh\/"},"modified":"2026-03-13T05:30:47","modified_gmt":"2026-03-13T05:30:47","slug":"verteilerdose-wasserdicht-10-polig-der-serie-hanse-erd-183x136x59mm-lxbxh","status":"publish","type":"product","link":"https:\/\/boxexpert.de\/en\/shop\/unkategorisiert\/verteilerdose-wasserdicht-10-polig-der-serie-hanse-erd-183x136x59mm-lxbxh\/","title":{"rendered":"Verteilerdose wasserdicht 10-polig der Serie Hanse-ERD 183x136x59mm (LxBxH)"},"content":{"rendered":"<p>Der wasserdichte 10-polige Verteilerkasten mit Schutzart IP68 ist ein hochwertiges und gepr\u00fcftes Geh\u00e4use, ideal f\u00fcr den Einsatz im Au\u00dfenbereich wie Garten, Feuchtr\u00e4ume, Unterwasser oder im Erdreich, z.B. zum Verzweigen und Verbinden von Erdkabeln.<\/p>\n<p>Ob Sie Ihre LED-Gartenbeleuchtung oder Ihre Teichpumpe im Au\u00dfenbereich anschlie\u00dfen, dieser Au\u00dfenverteiler sorgt mit seiner hohen Schutzart IP68 und den wasserdichten Kabelverschraubungen daf\u00fcr, dass keine Feuchtigkeit an die elektrischen Anschl\u00fcsse gelangen kann. Das Geh\u00e4use ist staubdicht und bietet vollen Ber\u00fchrungsschutz und ist auch bei dauerhaftem Untertauchen wasserdicht, au\u00dferdem ist es gegen starkes Strahlwasser aus allen Richtungen und hohe Luftfeuchtigkeit gesch\u00fctzt. Sie k\u00f6nnen das wasserdichte Geh\u00e4use in einer Wassertiefe von bis zu 4 Metern sowie in klassischen Feuchtr\u00e4umen mit hoher Luftfeuchtigkeit, wie Badezimmern, Kellern oder Garagen, sicher einsetzen.<\/p>\n<p>Im industriellen Bereich kann das Produkt auch in Werkst\u00e4tten oder Labors eingesetzt werden, die regelm\u00e4\u00dfig mit Hochdruckwasser gereinigt werden und somit als Feuchtr\u00e4ume gelten. Aufgrund seiner geringen Gr\u00f6\u00dfe l\u00e4sst sich der 10-polige Verteilerkasten unauff\u00e4llig im Garten platzieren und kann auch bedenkenlos dauerhaft in der Erde vergraben werden.<\/p>\n<p>Lassen Sie die elektrischen Komponenten Ihrer Gartenbeleuchtung nicht ungesch\u00fctzt. Der Temperaturbereich des Geh\u00e4uses der wasserdichten Verteilerk\u00e4sten liegt zwischen -40\u00b0C und +105\u00b0C und ist damit von industrieller Qualit\u00e4t. Ob Frost oder Feuchtigkeit, die Kontakte werden durch die hochwertige Konstruktion gesch\u00fctzt und trocken gehalten. Verzinnte Kontakte verhindern Korrosion und das hochwertige Nylon PA66 ist robust und witterungsbest\u00e4ndig. Diese Materialeigenschaften, kombiniert mit der hohen Schutzart IP68, machen diese Abzweigdose zur perfekten Wahl f\u00fcr den Au\u00dfenbereich und alle Installationszonen in Feuchtr\u00e4umen nach DIN VDE 0100-701 (VDE 0100-701): 2008-10.<\/p>\n<p>Zehn M25-Kabelverschraubungen (4-14mm Kabelquerschnitt) sind in die Kabelbox integriert und sorgen f\u00fcr zus\u00e4tzliche Stabilit\u00e4t. Passende Reduzierst\u00fccke und Klemmverbinder f\u00fcr Leiterquerschnitte von 0,5-6mm\u00b2 sind ebenfalls im Lieferumfang enthalten. Das Geh\u00e4use verf\u00fcgt \u00fcber insgesamt f\u00fcnf Eing\u00e4nge und f\u00fcnf Ausg\u00e4nge.<\/p>\n<p>Hochwertige und sichere Materialien haben f\u00fcr unser Unternehmen oberste Priorit\u00e4t. Deshalb wurden diese Geh\u00e4use gr\u00fcndlich gepr\u00fcft und zugelassen und entsprechen den in Europa geltenden Normen.<\/p>\n","protected":false},"excerpt":{"rendered":"<p>BOXEXPERT Verteilerdose wasserdicht 10-polig Serie Hanse-ERD  Au\u00dfenma\u00dfe: 183,13&#215;136,11&#215;59,4 (LxBxH) Schutzart: IP68 Material Geh\u00e4use : hochwertiges Nylon PA66 Betriebstemperatur: -40\u00b0C&#8230;+105\u00b0C Halogenfrei DIN VDE 0100-701 (VDE 0100-701):2008-10 Anzahl der \u00d6ffnungen: 10 einzel \/ 5x Eingang 5x Ausgang Kabelverschraubung: 10x M25 (4-14mm Kabelquerschnitt) mit passenden Reduzierungen Leiterquerschnitt: 0,5-6mm\u00b2 \/ Klemmanschluss Kontakte: verzinnt f\u00fcr Rostvermeidung Anzahl der Pole: 10 Stromst\u00e4rke: 24A Spannung: 450V AC                                                                     Lieferumfang: Anschlussklemme<\/p>\n","protected":false},"featured_media":0,"template":"","meta":{"_acf_changed":false,"content-type":""},"product_brand":[],"product_cat":[3199],"product_tag":[],"class_list":{"0":"post-175881","1":"product","2":"type-product","3":"status-publish","5":"product_cat-unkategorisiert","6":"pa_material-deckel-transparent-nylon-pa66","8":"first","9":"outofstock","10":"purchasable","11":"product-type-simple"},"acf":[],"yoast_head":"<!-- This site is optimized with the Yoast SEO plugin v27.2 - https:\/\/yoast.com\/product\/yoast-seo-wordpress\/ -->\n<title>BOXEXPERT Verteilerdose wasserdicht 10-polig der Serie Hanse-ERD 183x136x59mm (LxBxH)<\/title>\n<meta name=\"robots\" content=\"index, follow, max-snippet:-1, max-image-preview:large, max-video-preview:-1\" \/>\n<link rel=\"canonical\" href=\"https:\/\/boxexpert.de\/en\/shop\/unkategorisiert\/verteilerdose-wasserdicht-10-polig-der-serie-hanse-erd-183x136x59mm-lxbxh\/\" \/>\n<meta property=\"og:locale\" content=\"en_US\" \/>\n<meta property=\"og:type\" content=\"article\" \/>\n<meta property=\"og:title\" content=\"BOXEXPERT Verteilerdose wasserdicht 10-polig der Serie Hanse-ERD 183x136x59mm (LxBxH)\" \/>\n<meta property=\"og:description\" content=\"BOXEXPERT Verteilerdose wasserdicht 10-polig Serie Hanse-ERD Au\u00dfenma\u00dfe: 183,13x136,11x59,4 (LxBxH) Schutzart: IP68 Material Geh\u00e4use : hochwertiges Nylon PA66 Betriebstemperatur: -40\u00b0C...+105\u00b0C Halogenfrei DIN VDE 0100-701 (VDE 0100-701):2008-10 Anzahl der \u00d6ffnungen: 10 einzel \/ 5x Eingang 5x Ausgang Kabelverschraubung: 10x M25 (4-14mm Kabelquerschnitt) mit passenden Reduzierungen Leiterquerschnitt: 0,5-6mm\u00b2 \/ Klemmanschluss Kontakte: verzinnt f\u00fcr Rostvermeidung Anzahl der Pole: 10 Stromst\u00e4rke: 24A Spannung: 450V AC                                   Lieferumfang: Anschlussklemme\" \/>\n<meta property=\"og:url\" content=\"https:\/\/boxexpert.de\/en\/shop\/unkategorisiert\/verteilerdose-wasserdicht-10-polig-der-serie-hanse-erd-183x136x59mm-lxbxh\/\" \/>\n<meta property=\"og:site_name\" content=\"BOXEXPERT - Professional enclosure solutions for highest demands\" \/>\n<meta name=\"twitter:card\" content=\"summary_large_image\" \/>\n<meta name=\"twitter:label1\" content=\"Est. reading time\" \/>\n\t<meta name=\"twitter:data1\" content=\"2 minutes\" \/>\n<script type=\"application\/ld+json\" class=\"yoast-schema-graph\">{\"@context\":\"https:\/\/schema.org\",\"@graph\":[{\"@type\":\"WebPage\",\"@id\":\"https:\/\/boxexpert.de\/en\/shop\/unkategorisiert\/verteilerdose-wasserdicht-10-polig-der-serie-hanse-erd-183x136x59mm-lxbxh\/\",\"url\":\"https:\/\/boxexpert.de\/en\/shop\/unkategorisiert\/verteilerdose-wasserdicht-10-polig-der-serie-hanse-erd-183x136x59mm-lxbxh\/\",\"name\":\"BOXEXPERT Verteilerdose wasserdicht 10-polig der Serie Hanse-ERD 183x136x59mm (LxBxH)\",\"isPartOf\":{\"@id\":\"https:\/\/boxexpert.de\/en\/#website\"},\"datePublished\":\"2026-03-13T05:30:47+00:00\",\"breadcrumb\":{\"@id\":\"https:\/\/boxexpert.de\/en\/shop\/unkategorisiert\/verteilerdose-wasserdicht-10-polig-der-serie-hanse-erd-183x136x59mm-lxbxh\/#breadcrumb\"},\"inLanguage\":\"en-US\",\"potentialAction\":[{\"@type\":\"ReadAction\",\"target\":[\"https:\/\/boxexpert.de\/en\/shop\/unkategorisiert\/verteilerdose-wasserdicht-10-polig-der-serie-hanse-erd-183x136x59mm-lxbxh\/\"]}]},{\"@type\":\"BreadcrumbList\",\"@id\":\"https:\/\/boxexpert.de\/en\/shop\/unkategorisiert\/verteilerdose-wasserdicht-10-polig-der-serie-hanse-erd-183x136x59mm-lxbxh\/#breadcrumb\",\"itemListElement\":[{\"@type\":\"ListItem\",\"position\":1,\"name\":\"Startseite\",\"item\":\"https:\/\/boxexpert.de\/en\/\"},{\"@type\":\"ListItem\",\"position\":2,\"name\":\"Shop\",\"item\":\"https:\/\/boxexpert.de\/shop\/\"},{\"@type\":\"ListItem\",\"position\":3,\"name\":\"Verteilerdose wasserdicht 10-polig der Serie Hanse-ERD 183x136x59mm (LxBxH)\"}]},{\"@type\":\"WebSite\",\"@id\":\"https:\/\/boxexpert.de\/en\/#website\",\"url\":\"https:\/\/boxexpert.de\/en\/\",\"name\":\"BOXEXPERT - Professionelle Geh\u00e4usel\u00f6sungen f\u00fcr h\u00f6chste Anspr\u00fcche\",\"description\":\"Industrial housings, control cabinets, installation housings, fuse boxes and distribution boxes\",\"potentialAction\":[{\"@type\":\"SearchAction\",\"target\":{\"@type\":\"EntryPoint\",\"urlTemplate\":\"https:\/\/boxexpert.de\/en\/?s={search_term_string}\"},\"query-input\":{\"@type\":\"PropertyValueSpecification\",\"valueRequired\":true,\"valueName\":\"search_term_string\"}}],\"inLanguage\":\"en-US\"}]}<\/script>\n<!-- \/ Yoast SEO plugin. -->","yoast_head_json":{"title":"BOXEXPERT Verteilerdose wasserdicht 10-polig der Serie Hanse-ERD 183x136x59mm (LxBxH)","robots":{"index":"index","follow":"follow","max-snippet":"max-snippet:-1","max-image-preview":"max-image-preview:large","max-video-preview":"max-video-preview:-1"},"canonical":"https:\/\/boxexpert.de\/en\/shop\/unkategorisiert\/verteilerdose-wasserdicht-10-polig-der-serie-hanse-erd-183x136x59mm-lxbxh\/","og_locale":"en_US","og_type":"article","og_title":"BOXEXPERT Verteilerdose wasserdicht 10-polig der Serie Hanse-ERD 183x136x59mm (LxBxH)","og_description":"BOXEXPERT Verteilerdose wasserdicht 10-polig Serie Hanse-ERD Au\u00dfenma\u00dfe: 183,13x136,11x59,4 (LxBxH) Schutzart: IP68 Material Geh\u00e4use : hochwertiges Nylon PA66 Betriebstemperatur: -40\u00b0C...+105\u00b0C Halogenfrei DIN VDE 0100-701 (VDE 0100-701):2008-10 Anzahl der \u00d6ffnungen: 10 einzel \/ 5x Eingang 5x Ausgang Kabelverschraubung: 10x M25 (4-14mm Kabelquerschnitt) mit passenden Reduzierungen Leiterquerschnitt: 0,5-6mm\u00b2 \/ Klemmanschluss Kontakte: verzinnt f\u00fcr Rostvermeidung Anzahl der Pole: 10 Stromst\u00e4rke: 24A Spannung: 450V AC                                   Lieferumfang: Anschlussklemme","og_url":"https:\/\/boxexpert.de\/en\/shop\/unkategorisiert\/verteilerdose-wasserdicht-10-polig-der-serie-hanse-erd-183x136x59mm-lxbxh\/","og_site_name":"BOXEXPERT - Professional enclosure solutions for highest demands","twitter_card":"summary_large_image","twitter_misc":{"Est. reading time":"2 minutes"},"schema":{"@context":"https:\/\/schema.org","@graph":[{"@type":"WebPage","@id":"https:\/\/boxexpert.de\/en\/shop\/unkategorisiert\/verteilerdose-wasserdicht-10-polig-der-serie-hanse-erd-183x136x59mm-lxbxh\/","url":"https:\/\/boxexpert.de\/en\/shop\/unkategorisiert\/verteilerdose-wasserdicht-10-polig-der-serie-hanse-erd-183x136x59mm-lxbxh\/","name":"BOXEXPERT Verteilerdose wasserdicht 10-polig der Serie Hanse-ERD 183x136x59mm (LxBxH)","isPartOf":{"@id":"https:\/\/boxexpert.de\/en\/#website"},"datePublished":"2026-03-13T05:30:47+00:00","breadcrumb":{"@id":"https:\/\/boxexpert.de\/en\/shop\/unkategorisiert\/verteilerdose-wasserdicht-10-polig-der-serie-hanse-erd-183x136x59mm-lxbxh\/#breadcrumb"},"inLanguage":"en-US","potentialAction":[{"@type":"ReadAction","target":["https:\/\/boxexpert.de\/en\/shop\/unkategorisiert\/verteilerdose-wasserdicht-10-polig-der-serie-hanse-erd-183x136x59mm-lxbxh\/"]}]},{"@type":"BreadcrumbList","@id":"https:\/\/boxexpert.de\/en\/shop\/unkategorisiert\/verteilerdose-wasserdicht-10-polig-der-serie-hanse-erd-183x136x59mm-lxbxh\/#breadcrumb","itemListElement":[{"@type":"ListItem","position":1,"name":"Startseite","item":"https:\/\/boxexpert.de\/en\/"},{"@type":"ListItem","position":2,"name":"Shop","item":"https:\/\/boxexpert.de\/shop\/"},{"@type":"ListItem","position":3,"name":"Verteilerdose wasserdicht 10-polig der Serie Hanse-ERD 183x136x59mm (LxBxH)"}]},{"@type":"WebSite","@id":"https:\/\/boxexpert.de\/en\/#website","url":"https:\/\/boxexpert.de\/en\/","name":"BOXEXPERT - Professionelle Geh\u00e4usel\u00f6sungen f\u00fcr h\u00f6chste Anspr\u00fcche","description":"Industrial housings, control cabinets, installation housings, fuse boxes and distribution boxes","potentialAction":[{"@type":"SearchAction","target":{"@type":"EntryPoint","urlTemplate":"https:\/\/boxexpert.de\/en\/?s={search_term_string}"},"query-input":{"@type":"PropertyValueSpecification","valueRequired":true,"valueName":"search_term_string"}}],"inLanguage":"en-US"}]}},"_links":{"self":[{"href":"https:\/\/boxexpert.de\/en\/wp-json\/wp\/v2\/product\/175881","targetHints":{"allow":["GET"]}}],"collection":[{"href":"https:\/\/boxexpert.de\/en\/wp-json\/wp\/v2\/product"}],"about":[{"href":"https:\/\/boxexpert.de\/en\/wp-json\/wp\/v2\/types\/product"}],"wp:attachment":[{"href":"https:\/\/boxexpert.de\/en\/wp-json\/wp\/v2\/media?parent=175881"}],"wp:term":[{"taxonomy":"product_brand","embeddable":true,"href":"https:\/\/boxexpert.de\/en\/wp-json\/wp\/v2\/product_brand?post=175881"},{"taxonomy":"product_cat","embeddable":true,"href":"https:\/\/boxexpert.de\/en\/wp-json\/wp\/v2\/product_cat?post=175881"},{"taxonomy":"product_tag","embeddable":true,"href":"https:\/\/boxexpert.de\/en\/wp-json\/wp\/v2\/product_tag?post=175881"}],"curies":[{"name":"wp","href":"https:\/\/api.w.org\/{rel}","templated":true}]}}