{"id":175882,"date":"2026-03-20T05:31:03","date_gmt":"2026-03-20T05:31:03","guid":{"rendered":"https:\/\/boxexpert.de\/shop\/unkategorisiert\/verteilerdose-wasserdicht-2-polig-serie-hanse-erd-138x42x35mm-lxbxh\/"},"modified":"2026-03-20T05:31:03","modified_gmt":"2026-03-20T05:31:03","slug":"verteilerdose-wasserdicht-2-polig-serie-hanse-erd-138x42x35mm-lxbxh","status":"publish","type":"product","link":"https:\/\/boxexpert.de\/en\/shop\/unkategorisiert\/verteilerdose-wasserdicht-2-polig-serie-hanse-erd-138x42x35mm-lxbxh\/","title":{"rendered":"Verteilerdose wasserdicht 2-polig Serie Hanse-ERD 138x42x35mm (LxBxH)"},"content":{"rendered":"<div class=\"flex flex-grow flex-col gap-3\">\n<div class=\"min-h-[20px] flex flex-col items-start gap-4 whitespace-pre-wrap\">\n<div class=\"markdown prose w-full break-words dark:prose-invert light\">\n<p>Die 3-polige wasserdichte Abzweigdose von Boxexperts ist ein hochwertiges und gepr\u00fcftes Geh\u00e4use, das sich ideal f\u00fcr den Einsatz im Freien, in Feuchtr\u00e4umen, unter Wasser oder in der Erde zum Verzweigen und Verbinden von Erdkabeln eignet. Ob Sie nun Ihre LED-Gartenbeleuchtung oder Ihre Teichpumpe im Freien anschlie\u00dfen, die hohe Schutzart IP68 der Abzweigdosen sorgt daf\u00fcr, dass keine Feuchtigkeit mit den elektrischen Anschl\u00fcssen in Ber\u00fchrung kommt. So ist das Geh\u00e4use staubdicht, bietet vollst\u00e4ndigen Ber\u00fchrungsschutz und ist auch bei dauerhaftem Untertauchen wasserdicht.<\/p>\n<p>Gleichzeitig ist die wasserdichte Abzweigdose auch gegen starkes Strahlwasser aus allen Richtungen und hohe Luftfeuchtigkeit gesch\u00fctzt. Sie k\u00f6nnen das wasserdichte Geh\u00e4use dauerhaft in einer Wassertiefe von bis zu 4 Metern sowie in klassischen Feuchtr\u00e4umen mit hoher Luftfeuchtigkeit, wie B\u00e4dern, Kellern oder Garagen, einsetzen.<br \/>Im industriellen Bereich \u00fcberzeugt das Produkt auch in Werkst\u00e4tten oder Labors, also in R\u00e4umen, die regelm\u00e4\u00dfig mit Strahl- oder Spritzwasser gereinigt werden und somit ebenfalls als Feuchtr\u00e4ume einzustufen sind. Die 2-polige Anschlussdose l\u00e4sst sich aufgrund ihrer geringen Gr\u00f6\u00dfe unauff\u00e4llig im Garten platzieren und kann auch bedenkenlos dauerhaft in der Erde vergraben werden.<\/p>\n<p>Lassen Sie den Strom f\u00fcr Ihre Gartenbeleuchtung nicht ungesch\u00fctzt. Der Temperaturbereich der wasserdichten Abzweigdose liegt zwischen -40\u00b0C und +105\u00b0C und ist somit von industrieller Qualit\u00e4t. Ob Frost oder Feuchtigkeit, die Kontakte bleiben durch die hochwertige Verarbeitung gesch\u00fctzt und trocken. Verzinnte Kontakte verhindern das Rosten und das hochwertige Nylon PA66 ist robust und witterungsbest\u00e4ndig. Diese Materialeigenschaften, kombiniert mit der hohen Schutzart IP68, machen diese Abzweigdose zur perfekten Wahl f\u00fcr den Au\u00dfenbereich und alle Installationszonen in Feuchtr\u00e4umen nach DIN VDE 0100-701 (VDE 0100-701):2008-10.<\/p>\n<p>Die passenden M20-Kabelverschraubungen (5-12mm Kabelquerschnitt) sind ebenfalls fest in die Kabeldose integriert und sorgen f\u00fcr zus\u00e4tzliche Stabilit\u00e4t. Passende Reduzierst\u00fccke und Verschraubungen f\u00fcr Leiterquerschnitte von 0,5-2,5mm\u00b2 sind ebenfalls enthalten. Insgesamt verf\u00fcgt das Geh\u00e4use \u00fcber einen Ausgang und einen Eingang.<\/p>\n<p>Hohe Qualit\u00e4t und sicheres Material sind f\u00fcr unser Unternehmen unerl\u00e4sslich. Deshalb sind auch diese Geh\u00e4use gr\u00fcndlich gepr\u00fcft und zugelassen. Sie entsprechen den geltenden europ\u00e4ischen Normen.<\/p>\n<\/div>\n<\/div>\n<\/div>\n","protected":false},"excerpt":{"rendered":"<p>BOXEXPERT Verteilerdose wasserdicht 2-polig Serie Hanse-ERD  Au\u00dfenabmessungen : 138,2&#215;42,77&#215;35,7 (LxBxH) Schutzart : IP68 Geh\u00e4usematerial : Hochwertiges Nylon PA66 Betriebstemperatur : -40\u00b0C&#8230;+105\u00b0C Halogenfrei DIN VDE 0100-701 (VDE 0100-701):2008-10 Anzahl der \u00d6ffnungen : 2 einzeln \/ 1x Eingang 1x Ausgang  Kabelverschraubung : M20 (5-12mm Kabelquerschnitt) mit passenden Reduzierst\u00fccken    Leiterquerschnitt: 0,5-2,5mm\u00b2 \/ Klemmenanschluss Kontakte: verzinnt zum Schutz vor Rost Anzahl der Pole: 3 Stromst\u00e4rke: 24A Spannung: 450V AC  Lieferumfang: Anschlussklemme<\/p>\n","protected":false},"featured_media":0,"template":"","meta":{"_acf_changed":false,"content-type":""},"product_brand":[],"product_cat":[3199],"product_tag":[],"class_list":{"0":"post-175882","1":"product","2":"type-product","3":"status-publish","5":"product_cat-unkategorisiert","6":"pa_material-deckel-transparent-nylon-pa66","8":"first","9":"outofstock","10":"purchasable","11":"product-type-simple"},"acf":[],"yoast_head":"<!-- This site is optimized with the Yoast SEO plugin v27.2 - https:\/\/yoast.com\/product\/yoast-seo-wordpress\/ -->\n<title>BOXEXPERT Verteilerdose wasserdicht 2-polig Serie Hanse-ERD 138x42x35mm (LxBxH)<\/title>\n<meta name=\"robots\" content=\"index, follow, max-snippet:-1, max-image-preview:large, max-video-preview:-1\" \/>\n<link rel=\"canonical\" href=\"https:\/\/boxexpert.de\/en\/shop\/unkategorisiert\/verteilerdose-wasserdicht-2-polig-serie-hanse-erd-138x42x35mm-lxbxh\/\" \/>\n<meta property=\"og:locale\" content=\"en_US\" \/>\n<meta property=\"og:type\" content=\"article\" \/>\n<meta property=\"og:title\" content=\"BOXEXPERT Verteilerdose wasserdicht 2-polig Serie Hanse-ERD 138x42x35mm (LxBxH)\" \/>\n<meta property=\"og:description\" content=\"BOXEXPERT Verteilerdose wasserdicht 2-polig Serie Hanse-ERD Au\u00dfenabmessungen : 138,2x42,77x35,7 (LxBxH) Schutzart : IP68 Geh\u00e4usematerial : Hochwertiges Nylon PA66 Betriebstemperatur : -40\u00b0C...+105\u00b0C Halogenfrei DIN VDE 0100-701 (VDE 0100-701):2008-10 Anzahl der \u00d6ffnungen : 2 einzeln \/ 1x Eingang 1x Ausgang Kabelverschraubung : M20 (5-12mm Kabelquerschnitt) mit passenden Reduzierst\u00fccken  Leiterquerschnitt: 0,5-2,5mm\u00b2 \/ Klemmenanschluss Kontakte: verzinnt zum Schutz vor Rost Anzahl der Pole: 3 Stromst\u00e4rke: 24A Spannung: 450V AC Lieferumfang: Anschlussklemme\" \/>\n<meta property=\"og:url\" content=\"https:\/\/boxexpert.de\/en\/shop\/unkategorisiert\/verteilerdose-wasserdicht-2-polig-serie-hanse-erd-138x42x35mm-lxbxh\/\" \/>\n<meta property=\"og:site_name\" content=\"BOXEXPERT - Professional enclosure solutions for highest demands\" \/>\n<meta name=\"twitter:card\" content=\"summary_large_image\" \/>\n<meta name=\"twitter:label1\" content=\"Est. reading time\" \/>\n\t<meta name=\"twitter:data1\" content=\"2 minutes\" \/>\n<script type=\"application\/ld+json\" class=\"yoast-schema-graph\">{\"@context\":\"https:\/\/schema.org\",\"@graph\":[{\"@type\":\"WebPage\",\"@id\":\"https:\/\/boxexpert.de\/en\/shop\/unkategorisiert\/verteilerdose-wasserdicht-2-polig-serie-hanse-erd-138x42x35mm-lxbxh\/\",\"url\":\"https:\/\/boxexpert.de\/en\/shop\/unkategorisiert\/verteilerdose-wasserdicht-2-polig-serie-hanse-erd-138x42x35mm-lxbxh\/\",\"name\":\"BOXEXPERT Verteilerdose wasserdicht 2-polig Serie Hanse-ERD 138x42x35mm (LxBxH)\",\"isPartOf\":{\"@id\":\"https:\/\/boxexpert.de\/en\/#website\"},\"datePublished\":\"2026-03-20T05:31:03+00:00\",\"breadcrumb\":{\"@id\":\"https:\/\/boxexpert.de\/en\/shop\/unkategorisiert\/verteilerdose-wasserdicht-2-polig-serie-hanse-erd-138x42x35mm-lxbxh\/#breadcrumb\"},\"inLanguage\":\"en-US\",\"potentialAction\":[{\"@type\":\"ReadAction\",\"target\":[\"https:\/\/boxexpert.de\/en\/shop\/unkategorisiert\/verteilerdose-wasserdicht-2-polig-serie-hanse-erd-138x42x35mm-lxbxh\/\"]}]},{\"@type\":\"BreadcrumbList\",\"@id\":\"https:\/\/boxexpert.de\/en\/shop\/unkategorisiert\/verteilerdose-wasserdicht-2-polig-serie-hanse-erd-138x42x35mm-lxbxh\/#breadcrumb\",\"itemListElement\":[{\"@type\":\"ListItem\",\"position\":1,\"name\":\"Startseite\",\"item\":\"https:\/\/boxexpert.de\/en\/\"},{\"@type\":\"ListItem\",\"position\":2,\"name\":\"Shop\",\"item\":\"https:\/\/boxexpert.de\/shop\/\"},{\"@type\":\"ListItem\",\"position\":3,\"name\":\"Verteilerdose wasserdicht 2-polig Serie Hanse-ERD 138x42x35mm (LxBxH)\"}]},{\"@type\":\"WebSite\",\"@id\":\"https:\/\/boxexpert.de\/en\/#website\",\"url\":\"https:\/\/boxexpert.de\/en\/\",\"name\":\"BOXEXPERT - Professionelle Geh\u00e4usel\u00f6sungen f\u00fcr h\u00f6chste Anspr\u00fcche\",\"description\":\"Industrial housings, control cabinets, installation housings, fuse boxes and distribution boxes\",\"potentialAction\":[{\"@type\":\"SearchAction\",\"target\":{\"@type\":\"EntryPoint\",\"urlTemplate\":\"https:\/\/boxexpert.de\/en\/?s={search_term_string}\"},\"query-input\":{\"@type\":\"PropertyValueSpecification\",\"valueRequired\":true,\"valueName\":\"search_term_string\"}}],\"inLanguage\":\"en-US\"}]}<\/script>\n<!-- \/ Yoast SEO plugin. -->","yoast_head_json":{"title":"BOXEXPERT Verteilerdose wasserdicht 2-polig Serie Hanse-ERD 138x42x35mm (LxBxH)","robots":{"index":"index","follow":"follow","max-snippet":"max-snippet:-1","max-image-preview":"max-image-preview:large","max-video-preview":"max-video-preview:-1"},"canonical":"https:\/\/boxexpert.de\/en\/shop\/unkategorisiert\/verteilerdose-wasserdicht-2-polig-serie-hanse-erd-138x42x35mm-lxbxh\/","og_locale":"en_US","og_type":"article","og_title":"BOXEXPERT Verteilerdose wasserdicht 2-polig Serie Hanse-ERD 138x42x35mm (LxBxH)","og_description":"BOXEXPERT Verteilerdose wasserdicht 2-polig Serie Hanse-ERD Au\u00dfenabmessungen : 138,2x42,77x35,7 (LxBxH) Schutzart : IP68 Geh\u00e4usematerial : Hochwertiges Nylon PA66 Betriebstemperatur : -40\u00b0C...+105\u00b0C Halogenfrei DIN VDE 0100-701 (VDE 0100-701):2008-10 Anzahl der \u00d6ffnungen : 2 einzeln \/ 1x Eingang 1x Ausgang Kabelverschraubung : M20 (5-12mm Kabelquerschnitt) mit passenden Reduzierst\u00fccken  Leiterquerschnitt: 0,5-2,5mm\u00b2 \/ Klemmenanschluss Kontakte: verzinnt zum Schutz vor Rost Anzahl der Pole: 3 Stromst\u00e4rke: 24A Spannung: 450V AC Lieferumfang: Anschlussklemme","og_url":"https:\/\/boxexpert.de\/en\/shop\/unkategorisiert\/verteilerdose-wasserdicht-2-polig-serie-hanse-erd-138x42x35mm-lxbxh\/","og_site_name":"BOXEXPERT - Professional enclosure solutions for highest demands","twitter_card":"summary_large_image","twitter_misc":{"Est. reading time":"2 minutes"},"schema":{"@context":"https:\/\/schema.org","@graph":[{"@type":"WebPage","@id":"https:\/\/boxexpert.de\/en\/shop\/unkategorisiert\/verteilerdose-wasserdicht-2-polig-serie-hanse-erd-138x42x35mm-lxbxh\/","url":"https:\/\/boxexpert.de\/en\/shop\/unkategorisiert\/verteilerdose-wasserdicht-2-polig-serie-hanse-erd-138x42x35mm-lxbxh\/","name":"BOXEXPERT Verteilerdose wasserdicht 2-polig Serie Hanse-ERD 138x42x35mm (LxBxH)","isPartOf":{"@id":"https:\/\/boxexpert.de\/en\/#website"},"datePublished":"2026-03-20T05:31:03+00:00","breadcrumb":{"@id":"https:\/\/boxexpert.de\/en\/shop\/unkategorisiert\/verteilerdose-wasserdicht-2-polig-serie-hanse-erd-138x42x35mm-lxbxh\/#breadcrumb"},"inLanguage":"en-US","potentialAction":[{"@type":"ReadAction","target":["https:\/\/boxexpert.de\/en\/shop\/unkategorisiert\/verteilerdose-wasserdicht-2-polig-serie-hanse-erd-138x42x35mm-lxbxh\/"]}]},{"@type":"BreadcrumbList","@id":"https:\/\/boxexpert.de\/en\/shop\/unkategorisiert\/verteilerdose-wasserdicht-2-polig-serie-hanse-erd-138x42x35mm-lxbxh\/#breadcrumb","itemListElement":[{"@type":"ListItem","position":1,"name":"Startseite","item":"https:\/\/boxexpert.de\/en\/"},{"@type":"ListItem","position":2,"name":"Shop","item":"https:\/\/boxexpert.de\/shop\/"},{"@type":"ListItem","position":3,"name":"Verteilerdose wasserdicht 2-polig Serie Hanse-ERD 138x42x35mm (LxBxH)"}]},{"@type":"WebSite","@id":"https:\/\/boxexpert.de\/en\/#website","url":"https:\/\/boxexpert.de\/en\/","name":"BOXEXPERT - Professionelle Geh\u00e4usel\u00f6sungen f\u00fcr h\u00f6chste Anspr\u00fcche","description":"Industrial housings, control cabinets, installation housings, fuse boxes and distribution boxes","potentialAction":[{"@type":"SearchAction","target":{"@type":"EntryPoint","urlTemplate":"https:\/\/boxexpert.de\/en\/?s={search_term_string}"},"query-input":{"@type":"PropertyValueSpecification","valueRequired":true,"valueName":"search_term_string"}}],"inLanguage":"en-US"}]}},"_links":{"self":[{"href":"https:\/\/boxexpert.de\/en\/wp-json\/wp\/v2\/product\/175882","targetHints":{"allow":["GET"]}}],"collection":[{"href":"https:\/\/boxexpert.de\/en\/wp-json\/wp\/v2\/product"}],"about":[{"href":"https:\/\/boxexpert.de\/en\/wp-json\/wp\/v2\/types\/product"}],"wp:attachment":[{"href":"https:\/\/boxexpert.de\/en\/wp-json\/wp\/v2\/media?parent=175882"}],"wp:term":[{"taxonomy":"product_brand","embeddable":true,"href":"https:\/\/boxexpert.de\/en\/wp-json\/wp\/v2\/product_brand?post=175882"},{"taxonomy":"product_cat","embeddable":true,"href":"https:\/\/boxexpert.de\/en\/wp-json\/wp\/v2\/product_cat?post=175882"},{"taxonomy":"product_tag","embeddable":true,"href":"https:\/\/boxexpert.de\/en\/wp-json\/wp\/v2\/product_tag?post=175882"}],"curies":[{"name":"wp","href":"https:\/\/api.w.org\/{rel}","templated":true}]}}