{"id":175883,"date":"2026-03-26T05:30:36","date_gmt":"2026-03-26T05:30:36","guid":{"rendered":"https:\/\/boxexpert.de\/shop\/unkategorisiert\/verteilerdose-wasserdicht-4-polig-der-serie-hanse-erd-112x93x35-mm-lxbxh\/"},"modified":"2026-03-26T05:30:36","modified_gmt":"2026-03-26T05:30:36","slug":"verteilerdose-wasserdicht-4-polig-der-serie-hanse-erd-112x93x35-mm-lxbxh","status":"publish","type":"product","link":"https:\/\/boxexpert.de\/en\/shop\/unkategorisiert\/verteilerdose-wasserdicht-4-polig-der-serie-hanse-erd-112x93x35-mm-lxbxh\/","title":{"rendered":"Verteilerdose wasserdicht 4-polig der Serie Hanse-ERD 112x93x35 mm (LxBxH)"},"content":{"rendered":"<div class=\"flex flex-grow flex-col gap-3\">\n<div class=\"min-h-[20px] flex flex-col items-start gap-4 whitespace-pre-wrap\">\n<div class=\"markdown prose w-full break-words dark:prose-invert light\">\n<p>Die 5-polige wasserdichte Verteilerdose von Boxexpert ist ein erstklassiges Geh\u00e4use, das f\u00fcr den Einsatz in Au\u00dfenbereichen (z.B. im Garten), Feuchtr\u00e4umen (wie Keller, Badezimmer, Garage), unter Wasser oder im Erdreich bestens geeignet ist, um Erdkabel abzuzweigen und zu verbinden. Die Abzweigdosen mit einer hohen Schutzart von IP68 verhindern das Eindringen von Feuchtigkeit an elektrischen Anschl\u00fcssen, ob es sich um LED-Gartenbeleuchtungen, Teichpumpen oder Pumpensteuerungen im industriellen Bereich handelt. Das Geh\u00e4use ist vollst\u00e4ndig staubdicht und bietet einen vollst\u00e4ndigen Ber\u00fchrungsschutz und ist auch bei permanentem Untertauchen wasserdicht. Das Geh\u00e4use ist perfekt f\u00fcr die Verwendung in klassischen Feuchtr\u00e4umen mit hoher Luftfeuchtigkeit wie Badezimmern, Kellern oder Garagen geeignet.<\/p>\n<p>In industriellen Werkst\u00e4tten oder Laboren, in denen regelm\u00e4\u00dfig Strahl- oder Spritzwasser zur Reinigung verwendet wird, \u00fcberzeugt das Produkt ebenfalls. Die Verbindungsdose ist auch vor starkem Strahlwasser aus allen Winkeln und hoher Luftfeuchtigkeit gesch\u00fctzt. Das Geh\u00e4use ist klein genug, um unauff\u00e4llig im Garten platziert zu werden, und kann auch ohne Bedenken dauerhaft im Erdreich vergraben werden, um hier Erdkabel zu verbinden und vor Wasser, Ber\u00fchrung und niedrigen Temperaturen zu sch\u00fctzen.<\/p>\n<p>Sch\u00fctzen Sie die Elektrik Ihrer Gartenbeleuchtung vor Feuchtigkeit. Die wasserdichte Verteilerdose hat einen Temperaturbereich von -40\u00b0C bis +105\u00b0C und ist somit von Industriequalit\u00e4t. Die Kontakte bleiben durch die hochwertige Verarbeitung gesch\u00fctzt und trocken, egal ob bei Frost oder N\u00e4sse. Verzinnte Kontakte verhindern Rostbildung und das hochwertige Nylon PA66 ist langlebig und witterungsbest\u00e4ndig. Die hohe Schutzart IP68 macht diese Abzweigdose zur perfekten Wahl f\u00fcr Au\u00dfen- und alle Installationszonen in Feuchtr\u00e4umen nach DIN VDE 0100-701 (VDE 0100-701):2008-10. Ob in privaten Wohnungen, im Garten oder in der Industrie, diese Abzweigdose ist die perfekte Wahl.<\/p>\n<div class=\"flex flex-grow flex-col gap-3\">\n<div class=\"min-h-[20px] flex flex-col items-start gap-4 whitespace-pre-wrap\">\n<div class=\"markdown prose w-full break-words dark:prose-invert light\">\n<p>Im Geh\u00e4use sind die passenden M25 Kabelverschraubungen f\u00fcr Kabelquerschnitte von 4-14mm bereits integriert, was f\u00fcr zus\u00e4tzliche Stabilit\u00e4t sorgt. Auch passende Reduzierungen und Klemmanschl\u00fcsse sowie Anschlussklemmen f\u00fcr Leiterquerschnitte von 0,5-2,5mm\u00b2 sind im Lieferumfang enthalten. Insgesamt gibt es zwei Eing\u00e4nge und zwei Ausg\u00e4nge.<\/p>\n<p>Unser Unternehmen legt gro\u00dfen Wert auf hohe Qualit\u00e4t und sicheres Material. Aus diesem Grund haben wir diese Geh\u00e4use gr\u00fcndlich gepr\u00fcft und sie entsprechen den geltenden Normen in Europa.<\/p>\n<\/div>\n<\/div>\n<\/div>\n<\/div>\n<\/div>\n<\/div>\n","protected":false},"excerpt":{"rendered":"<p>BOXEXPERT Verteilerdose wasserdicht 4-polig Serie Hanse-ERD  Au\u00dfenabmessungen: 112,54&#215;93,3&#215;35,3 (LxBxH) Schutzart : IP68 Material Geh\u00e4use : hochwertiges Nylon PA66 Betriebstemperatur : -40\u00b0C&#8230;+105\u00b0C Halogenfrei DIN VDE 0100-701 (VDE 0100-701):2008-10 Anzahl der \u00d6ffnungen : 4 einzel \/ 2x Eingang 2x Ausgang Kabelverschraubung: 4x M25 (4-14mm Kabelquerschnitt) mit passenden Reduzierungen Leiterquerschnitt: 0,5-2,5mm\u00b2 \/ Schraubklemmen Kontakte: verzinnt zum Schutz vor Rost Anzahl der Pole: 5 Stromst\u00e4rke: 24A Spannung: 450V AC  Lieferumfang: Anschlussklemme<\/p>\n","protected":false},"featured_media":0,"template":"","meta":{"_acf_changed":false,"content-type":""},"product_brand":[],"product_cat":[3199],"product_tag":[],"class_list":{"0":"post-175883","1":"product","2":"type-product","3":"status-publish","5":"product_cat-unkategorisiert","6":"pa_material-deckel-transparent-nylon-pa66","8":"first","9":"instock","10":"purchasable","11":"product-type-simple"},"acf":[],"yoast_head":"<!-- This site is optimized with the Yoast SEO plugin v27.2 - https:\/\/yoast.com\/product\/yoast-seo-wordpress\/ -->\n<title>BOXEXPERT Verteilerdose wasserdicht 4-polig der Serie Hanse-ERD 112x93x35 mm (LxBxH)<\/title>\n<meta name=\"robots\" content=\"index, follow, max-snippet:-1, max-image-preview:large, max-video-preview:-1\" \/>\n<link rel=\"canonical\" href=\"https:\/\/boxexpert.de\/en\/shop\/unkategorisiert\/verteilerdose-wasserdicht-4-polig-der-serie-hanse-erd-112x93x35-mm-lxbxh\/\" \/>\n<meta property=\"og:locale\" content=\"en_US\" \/>\n<meta property=\"og:type\" content=\"article\" \/>\n<meta property=\"og:title\" content=\"BOXEXPERT Verteilerdose wasserdicht 4-polig der Serie Hanse-ERD 112x93x35 mm (LxBxH)\" \/>\n<meta property=\"og:description\" content=\"BOXEXPERT Verteilerdose wasserdicht 4-polig Serie Hanse-ERD Au\u00dfenabmessungen: 112,54x93,3x35,3 (LxBxH) Schutzart : IP68 Material Geh\u00e4use : hochwertiges Nylon PA66 Betriebstemperatur : -40\u00b0C...+105\u00b0C Halogenfrei DIN VDE 0100-701 (VDE 0100-701):2008-10 Anzahl der \u00d6ffnungen : 4 einzel \/ 2x Eingang 2x Ausgang Kabelverschraubung: 4x M25 (4-14mm Kabelquerschnitt) mit passenden Reduzierungen Leiterquerschnitt: 0,5-2,5mm\u00b2 \/ Schraubklemmen Kontakte: verzinnt zum Schutz vor Rost Anzahl der Pole: 5 Stromst\u00e4rke: 24A Spannung: 450V AC Lieferumfang: Anschlussklemme\" \/>\n<meta property=\"og:url\" content=\"https:\/\/boxexpert.de\/en\/shop\/unkategorisiert\/verteilerdose-wasserdicht-4-polig-der-serie-hanse-erd-112x93x35-mm-lxbxh\/\" \/>\n<meta property=\"og:site_name\" content=\"BOXEXPERT - Professional enclosure solutions for highest demands\" \/>\n<meta name=\"twitter:card\" content=\"summary_large_image\" \/>\n<meta name=\"twitter:label1\" content=\"Est. reading time\" \/>\n\t<meta name=\"twitter:data1\" content=\"2 minutes\" \/>\n<script type=\"application\/ld+json\" class=\"yoast-schema-graph\">{\"@context\":\"https:\/\/schema.org\",\"@graph\":[{\"@type\":\"WebPage\",\"@id\":\"https:\/\/boxexpert.de\/en\/shop\/unkategorisiert\/verteilerdose-wasserdicht-4-polig-der-serie-hanse-erd-112x93x35-mm-lxbxh\/\",\"url\":\"https:\/\/boxexpert.de\/en\/shop\/unkategorisiert\/verteilerdose-wasserdicht-4-polig-der-serie-hanse-erd-112x93x35-mm-lxbxh\/\",\"name\":\"BOXEXPERT Verteilerdose wasserdicht 4-polig der Serie Hanse-ERD 112x93x35 mm (LxBxH)\",\"isPartOf\":{\"@id\":\"https:\/\/boxexpert.de\/en\/#website\"},\"datePublished\":\"2026-03-26T05:30:36+00:00\",\"breadcrumb\":{\"@id\":\"https:\/\/boxexpert.de\/en\/shop\/unkategorisiert\/verteilerdose-wasserdicht-4-polig-der-serie-hanse-erd-112x93x35-mm-lxbxh\/#breadcrumb\"},\"inLanguage\":\"en-US\",\"potentialAction\":[{\"@type\":\"ReadAction\",\"target\":[\"https:\/\/boxexpert.de\/en\/shop\/unkategorisiert\/verteilerdose-wasserdicht-4-polig-der-serie-hanse-erd-112x93x35-mm-lxbxh\/\"]}]},{\"@type\":\"BreadcrumbList\",\"@id\":\"https:\/\/boxexpert.de\/en\/shop\/unkategorisiert\/verteilerdose-wasserdicht-4-polig-der-serie-hanse-erd-112x93x35-mm-lxbxh\/#breadcrumb\",\"itemListElement\":[{\"@type\":\"ListItem\",\"position\":1,\"name\":\"Startseite\",\"item\":\"https:\/\/boxexpert.de\/en\/\"},{\"@type\":\"ListItem\",\"position\":2,\"name\":\"Shop\",\"item\":\"https:\/\/boxexpert.de\/shop\/\"},{\"@type\":\"ListItem\",\"position\":3,\"name\":\"Verteilerdose wasserdicht 4-polig der Serie Hanse-ERD 112x93x35 mm (LxBxH)\"}]},{\"@type\":\"WebSite\",\"@id\":\"https:\/\/boxexpert.de\/en\/#website\",\"url\":\"https:\/\/boxexpert.de\/en\/\",\"name\":\"BOXEXPERT - Professionelle Geh\u00e4usel\u00f6sungen f\u00fcr h\u00f6chste Anspr\u00fcche\",\"description\":\"Industrial housings, control cabinets, installation housings, fuse boxes and distribution boxes\",\"potentialAction\":[{\"@type\":\"SearchAction\",\"target\":{\"@type\":\"EntryPoint\",\"urlTemplate\":\"https:\/\/boxexpert.de\/en\/?s={search_term_string}\"},\"query-input\":{\"@type\":\"PropertyValueSpecification\",\"valueRequired\":true,\"valueName\":\"search_term_string\"}}],\"inLanguage\":\"en-US\"}]}<\/script>\n<!-- \/ Yoast SEO plugin. -->","yoast_head_json":{"title":"BOXEXPERT Verteilerdose wasserdicht 4-polig der Serie Hanse-ERD 112x93x35 mm (LxBxH)","robots":{"index":"index","follow":"follow","max-snippet":"max-snippet:-1","max-image-preview":"max-image-preview:large","max-video-preview":"max-video-preview:-1"},"canonical":"https:\/\/boxexpert.de\/en\/shop\/unkategorisiert\/verteilerdose-wasserdicht-4-polig-der-serie-hanse-erd-112x93x35-mm-lxbxh\/","og_locale":"en_US","og_type":"article","og_title":"BOXEXPERT Verteilerdose wasserdicht 4-polig der Serie Hanse-ERD 112x93x35 mm (LxBxH)","og_description":"BOXEXPERT Verteilerdose wasserdicht 4-polig Serie Hanse-ERD Au\u00dfenabmessungen: 112,54x93,3x35,3 (LxBxH) Schutzart : IP68 Material Geh\u00e4use : hochwertiges Nylon PA66 Betriebstemperatur : -40\u00b0C...+105\u00b0C Halogenfrei DIN VDE 0100-701 (VDE 0100-701):2008-10 Anzahl der \u00d6ffnungen : 4 einzel \/ 2x Eingang 2x Ausgang Kabelverschraubung: 4x M25 (4-14mm Kabelquerschnitt) mit passenden Reduzierungen Leiterquerschnitt: 0,5-2,5mm\u00b2 \/ Schraubklemmen Kontakte: verzinnt zum Schutz vor Rost Anzahl der Pole: 5 Stromst\u00e4rke: 24A Spannung: 450V AC Lieferumfang: Anschlussklemme","og_url":"https:\/\/boxexpert.de\/en\/shop\/unkategorisiert\/verteilerdose-wasserdicht-4-polig-der-serie-hanse-erd-112x93x35-mm-lxbxh\/","og_site_name":"BOXEXPERT - Professional enclosure solutions for highest demands","twitter_card":"summary_large_image","twitter_misc":{"Est. reading time":"2 minutes"},"schema":{"@context":"https:\/\/schema.org","@graph":[{"@type":"WebPage","@id":"https:\/\/boxexpert.de\/en\/shop\/unkategorisiert\/verteilerdose-wasserdicht-4-polig-der-serie-hanse-erd-112x93x35-mm-lxbxh\/","url":"https:\/\/boxexpert.de\/en\/shop\/unkategorisiert\/verteilerdose-wasserdicht-4-polig-der-serie-hanse-erd-112x93x35-mm-lxbxh\/","name":"BOXEXPERT Verteilerdose wasserdicht 4-polig der Serie Hanse-ERD 112x93x35 mm (LxBxH)","isPartOf":{"@id":"https:\/\/boxexpert.de\/en\/#website"},"datePublished":"2026-03-26T05:30:36+00:00","breadcrumb":{"@id":"https:\/\/boxexpert.de\/en\/shop\/unkategorisiert\/verteilerdose-wasserdicht-4-polig-der-serie-hanse-erd-112x93x35-mm-lxbxh\/#breadcrumb"},"inLanguage":"en-US","potentialAction":[{"@type":"ReadAction","target":["https:\/\/boxexpert.de\/en\/shop\/unkategorisiert\/verteilerdose-wasserdicht-4-polig-der-serie-hanse-erd-112x93x35-mm-lxbxh\/"]}]},{"@type":"BreadcrumbList","@id":"https:\/\/boxexpert.de\/en\/shop\/unkategorisiert\/verteilerdose-wasserdicht-4-polig-der-serie-hanse-erd-112x93x35-mm-lxbxh\/#breadcrumb","itemListElement":[{"@type":"ListItem","position":1,"name":"Startseite","item":"https:\/\/boxexpert.de\/en\/"},{"@type":"ListItem","position":2,"name":"Shop","item":"https:\/\/boxexpert.de\/shop\/"},{"@type":"ListItem","position":3,"name":"Verteilerdose wasserdicht 4-polig der Serie Hanse-ERD 112x93x35 mm (LxBxH)"}]},{"@type":"WebSite","@id":"https:\/\/boxexpert.de\/en\/#website","url":"https:\/\/boxexpert.de\/en\/","name":"BOXEXPERT - Professionelle Geh\u00e4usel\u00f6sungen f\u00fcr h\u00f6chste Anspr\u00fcche","description":"Industrial housings, control cabinets, installation housings, fuse boxes and distribution boxes","potentialAction":[{"@type":"SearchAction","target":{"@type":"EntryPoint","urlTemplate":"https:\/\/boxexpert.de\/en\/?s={search_term_string}"},"query-input":{"@type":"PropertyValueSpecification","valueRequired":true,"valueName":"search_term_string"}}],"inLanguage":"en-US"}]}},"_links":{"self":[{"href":"https:\/\/boxexpert.de\/en\/wp-json\/wp\/v2\/product\/175883","targetHints":{"allow":["GET"]}}],"collection":[{"href":"https:\/\/boxexpert.de\/en\/wp-json\/wp\/v2\/product"}],"about":[{"href":"https:\/\/boxexpert.de\/en\/wp-json\/wp\/v2\/types\/product"}],"wp:attachment":[{"href":"https:\/\/boxexpert.de\/en\/wp-json\/wp\/v2\/media?parent=175883"}],"wp:term":[{"taxonomy":"product_brand","embeddable":true,"href":"https:\/\/boxexpert.de\/en\/wp-json\/wp\/v2\/product_brand?post=175883"},{"taxonomy":"product_cat","embeddable":true,"href":"https:\/\/boxexpert.de\/en\/wp-json\/wp\/v2\/product_cat?post=175883"},{"taxonomy":"product_tag","embeddable":true,"href":"https:\/\/boxexpert.de\/en\/wp-json\/wp\/v2\/product_tag?post=175883"}],"curies":[{"name":"wp","href":"https:\/\/api.w.org\/{rel}","templated":true}]}}