{"id":175892,"date":"2026-03-13T05:30:46","date_gmt":"2026-03-13T05:30:46","guid":{"rendered":"https:\/\/boxexpert.de\/shop\/unkategorisiert\/verteilerdose-wasserdicht-3-polig-der-serie-hanse-erd-126x96x35-mm-lxbxh\/"},"modified":"2026-03-13T05:30:47","modified_gmt":"2026-03-13T05:30:47","slug":"verteilerdose-wasserdicht-3-polig-der-serie-hanse-erd-126x96x35-mm-lxbxh","status":"publish","type":"product","link":"https:\/\/boxexpert.de\/en\/shop\/unkategorisiert\/verteilerdose-wasserdicht-3-polig-der-serie-hanse-erd-126x96x35-mm-lxbxh\/","title":{"rendered":"Verteilerdose wasserdicht 3-polig der Serie Hanse-ERD 126x96x35 mm (LxBxH)"},"content":{"rendered":"<p>Die wasserdichte Verteilerdose mit 3-poligem Anschluss und der Schutzart IP68 ist ein qualitativ hochwertiges Geh\u00e4use, das speziell f\u00fcr den Einsatz im Freien entwickelt wurde. Es eignet sich ideal f\u00fcr den Einsatz in G\u00e4rten, Feuchtr\u00e4umen, unter Wasser oder im Erdreich, z.B. zum Abzweigen und Verbinden von Erdkabeln.<\/p>\n<p>Ob Sie Ihre Outdoor LED Gartenbeleuchtung oder Ihre Teichpumpe anschlie\u00dfen m\u00f6chten, diese Outdoor Verteilerdose bietet mit ihrer hohen Schutzart von IP68 und den wasserdichten Kabelmuffen einen umfassenden Schutz vor Feuchtigkeit. Das Geh\u00e4use ist staubdicht, bietet einen vollst\u00e4ndigen Ber\u00fchrungsschutz und ist sogar bei dauerhaftem Untertauchen wasserdicht. Gleichzeitig ist es vor starkem Strahlwasser und hoher Luftfeuchtigkeit gesch\u00fctzt. Diese wasserdichte Verbindungsdose kann problemlos bei einer Wassertiefe von bis zu 4 Metern dauerhaft genutzt werden und eignet sich auch f\u00fcr Feuchtr\u00e4ume wie Badezimmer, Keller oder Garage.<\/p>\n<p>Im industriellen Bereich \u00fcberzeugt das Produkt auch in Werkst\u00e4tten oder Laboren, die regelm\u00e4\u00dfig mit Strahl- oder Spritzwasser gereinigt werden und deshalb ebenfalls als Feuchtraum zu bewerten sind. Die 5-polige Verbindungsdose ist aufgrund ihrer geringen Gr\u00f6\u00dfe unauff\u00e4llig im Garten platzierbar und kann sogar ohne Bedenken dauerhaft im Erdreich vergraben werden.<\/p>\n<p>Die Geh\u00e4use der wasserdichten Verteilerdosen haben einen Temperaturbereich zwischen -40C\u00b0 und +105C\u00b0 und sind somit industriequalit\u00e4t. Die Kontakte bleiben durch die hochwertige Verarbeitung gesch\u00fctzt und trocken, unabh\u00e4ngig von Frost oder N\u00e4sse. Die verzinnten Kontakte verhindern Rostbildung und das robuste und witterungsbest\u00e4ndige Nylon PA66 ist ein sicheres und zuverl\u00e4ssiges Material. Durch die Kombination dieser Materialeigenschaften und der hohen Schutzart IP68 ist diese Abzweigdose die perfekte Wahl f\u00fcr den Einsatz im Freien und in allen Installationszonen in Feuchtr\u00e4umen nach DIN VDE 0100-701 (VDE 0100-701):2008-10.<\/p>\n<p>Die Kabeldose enth\u00e4lt drei M25 Kabelverschraubungen (f\u00fcr Kabelquerschnitte von 4-14mm) f\u00fcr zus\u00e4tzliche Stabilit\u00e4t. Im Lieferumfang enthalten sind auch passende Reduzierungen und Klemmanschl\u00fcsse f\u00fcr Leiterquerschnitte von 0,5-2,5mm\u00b2. Insgesamt verf\u00fcgt das Geh\u00e4use \u00fcber einen Eingang und zwei Ausg\u00e4nge.<\/p>\n<p>Unser Unternehmen legt gro\u00dfen Wert auf hohe Qualit\u00e4t und sicheres Material. Daher wurden diese Geh\u00e4use gr\u00fcndlich gepr\u00fcft und entsprechen den in Europa geltenden Normen.<\/p>\n","protected":false},"excerpt":{"rendered":"<p>BOXEXPERT Verteilerdose wasserdicht 3-polig der Serie Hanse-ERD  Au\u00dfenabmessungen: 126,65&#215;96,07&#215;35,3 (LxBxH) Schutzart : IP68 Material Geh\u00e4use : hochwertiges Nylon PA66 Betriebstemperatur : -40\u00b0C&#8230;+105\u00b0C Halogenfrei DIN VDE 0100-701 (VDE 0100-701):2008-10 Anzahl der \u00d6ffnungen : 3 einzel \/ 1x Eingang 2x Ausgang Kabelverschraubung:3x M25 (4-14mm Kabelquerschnitt) mit passenden Reduzierungen Leiterquerschnitt: 0,5-2,5mm\u00b2 \/ Schraubklemmen Kontakte: verzinnt zum Schutz vor Rost Anzahl der Pole: 5 Stromst\u00e4rke: 24A Spannung: 450V AC  Lieferumfang: Anschlussklemme<\/p>\n","protected":false},"featured_media":0,"template":"","meta":{"_acf_changed":false,"content-type":""},"product_brand":[],"product_cat":[3199],"product_tag":[],"class_list":{"0":"post-175892","1":"product","2":"type-product","3":"status-publish","5":"product_cat-unkategorisiert","6":"pa_material-deckel-transparent-nylon-pa66","8":"first","9":"instock","10":"purchasable","11":"product-type-simple"},"acf":[],"yoast_head":"<!-- This site is optimized with the Yoast SEO plugin v27.2 - https:\/\/yoast.com\/product\/yoast-seo-wordpress\/ -->\n<title>BOXEXPERT Verteilerdose wasserdicht 3-polig der Serie Hanse-ERD 126x96x35 mm (LxBxH)<\/title>\n<meta name=\"robots\" content=\"index, follow, max-snippet:-1, max-image-preview:large, max-video-preview:-1\" \/>\n<link rel=\"canonical\" href=\"https:\/\/boxexpert.de\/en\/shop\/unkategorisiert\/verteilerdose-wasserdicht-3-polig-der-serie-hanse-erd-126x96x35-mm-lxbxh\/\" \/>\n<meta property=\"og:locale\" content=\"en_US\" \/>\n<meta property=\"og:type\" content=\"article\" \/>\n<meta property=\"og:title\" content=\"BOXEXPERT Verteilerdose wasserdicht 3-polig der Serie Hanse-ERD 126x96x35 mm (LxBxH)\" \/>\n<meta property=\"og:description\" content=\"BOXEXPERT Verteilerdose wasserdicht 3-polig der Serie Hanse-ERD Au\u00dfenabmessungen: 126,65x96,07x35,3 (LxBxH) Schutzart : IP68 Material Geh\u00e4use : hochwertiges Nylon PA66 Betriebstemperatur : -40\u00b0C...+105\u00b0C Halogenfrei DIN VDE 0100-701 (VDE 0100-701):2008-10 Anzahl der \u00d6ffnungen : 3 einzel \/ 1x Eingang 2x Ausgang Kabelverschraubung:3x M25 (4-14mm Kabelquerschnitt) mit passenden Reduzierungen Leiterquerschnitt: 0,5-2,5mm\u00b2 \/ Schraubklemmen Kontakte: verzinnt zum Schutz vor Rost Anzahl der Pole: 5 Stromst\u00e4rke: 24A Spannung: 450V AC Lieferumfang: Anschlussklemme\" \/>\n<meta property=\"og:url\" content=\"https:\/\/boxexpert.de\/en\/shop\/unkategorisiert\/verteilerdose-wasserdicht-3-polig-der-serie-hanse-erd-126x96x35-mm-lxbxh\/\" \/>\n<meta property=\"og:site_name\" content=\"BOXEXPERT - Professional enclosure solutions for highest demands\" \/>\n<meta property=\"article:modified_time\" content=\"2026-03-13T05:30:47+00:00\" \/>\n<meta name=\"twitter:card\" content=\"summary_large_image\" \/>\n<meta name=\"twitter:label1\" content=\"Est. reading time\" \/>\n\t<meta name=\"twitter:data1\" content=\"2 minutes\" \/>\n<script type=\"application\/ld+json\" class=\"yoast-schema-graph\">{\"@context\":\"https:\/\/schema.org\",\"@graph\":[{\"@type\":\"WebPage\",\"@id\":\"https:\/\/boxexpert.de\/en\/shop\/unkategorisiert\/verteilerdose-wasserdicht-3-polig-der-serie-hanse-erd-126x96x35-mm-lxbxh\/\",\"url\":\"https:\/\/boxexpert.de\/en\/shop\/unkategorisiert\/verteilerdose-wasserdicht-3-polig-der-serie-hanse-erd-126x96x35-mm-lxbxh\/\",\"name\":\"BOXEXPERT Verteilerdose wasserdicht 3-polig der Serie Hanse-ERD 126x96x35 mm (LxBxH)\",\"isPartOf\":{\"@id\":\"https:\/\/boxexpert.de\/en\/#website\"},\"datePublished\":\"2026-03-13T05:30:46+00:00\",\"dateModified\":\"2026-03-13T05:30:47+00:00\",\"breadcrumb\":{\"@id\":\"https:\/\/boxexpert.de\/en\/shop\/unkategorisiert\/verteilerdose-wasserdicht-3-polig-der-serie-hanse-erd-126x96x35-mm-lxbxh\/#breadcrumb\"},\"inLanguage\":\"en-US\",\"potentialAction\":[{\"@type\":\"ReadAction\",\"target\":[\"https:\/\/boxexpert.de\/en\/shop\/unkategorisiert\/verteilerdose-wasserdicht-3-polig-der-serie-hanse-erd-126x96x35-mm-lxbxh\/\"]}]},{\"@type\":\"BreadcrumbList\",\"@id\":\"https:\/\/boxexpert.de\/en\/shop\/unkategorisiert\/verteilerdose-wasserdicht-3-polig-der-serie-hanse-erd-126x96x35-mm-lxbxh\/#breadcrumb\",\"itemListElement\":[{\"@type\":\"ListItem\",\"position\":1,\"name\":\"Startseite\",\"item\":\"https:\/\/boxexpert.de\/en\/\"},{\"@type\":\"ListItem\",\"position\":2,\"name\":\"Shop\",\"item\":\"https:\/\/boxexpert.de\/shop\/\"},{\"@type\":\"ListItem\",\"position\":3,\"name\":\"Verteilerdose wasserdicht 3-polig der Serie Hanse-ERD 126x96x35 mm (LxBxH)\"}]},{\"@type\":\"WebSite\",\"@id\":\"https:\/\/boxexpert.de\/en\/#website\",\"url\":\"https:\/\/boxexpert.de\/en\/\",\"name\":\"BOXEXPERT - Professionelle Geh\u00e4usel\u00f6sungen f\u00fcr h\u00f6chste Anspr\u00fcche\",\"description\":\"Industrial housings, control cabinets, installation housings, fuse boxes and distribution boxes\",\"potentialAction\":[{\"@type\":\"SearchAction\",\"target\":{\"@type\":\"EntryPoint\",\"urlTemplate\":\"https:\/\/boxexpert.de\/en\/?s={search_term_string}\"},\"query-input\":{\"@type\":\"PropertyValueSpecification\",\"valueRequired\":true,\"valueName\":\"search_term_string\"}}],\"inLanguage\":\"en-US\"}]}<\/script>\n<!-- \/ Yoast SEO plugin. -->","yoast_head_json":{"title":"BOXEXPERT Verteilerdose wasserdicht 3-polig der Serie Hanse-ERD 126x96x35 mm (LxBxH)","robots":{"index":"index","follow":"follow","max-snippet":"max-snippet:-1","max-image-preview":"max-image-preview:large","max-video-preview":"max-video-preview:-1"},"canonical":"https:\/\/boxexpert.de\/en\/shop\/unkategorisiert\/verteilerdose-wasserdicht-3-polig-der-serie-hanse-erd-126x96x35-mm-lxbxh\/","og_locale":"en_US","og_type":"article","og_title":"BOXEXPERT Verteilerdose wasserdicht 3-polig der Serie Hanse-ERD 126x96x35 mm (LxBxH)","og_description":"BOXEXPERT Verteilerdose wasserdicht 3-polig der Serie Hanse-ERD Au\u00dfenabmessungen: 126,65x96,07x35,3 (LxBxH) Schutzart : IP68 Material Geh\u00e4use : hochwertiges Nylon PA66 Betriebstemperatur : -40\u00b0C...+105\u00b0C Halogenfrei DIN VDE 0100-701 (VDE 0100-701):2008-10 Anzahl der \u00d6ffnungen : 3 einzel \/ 1x Eingang 2x Ausgang Kabelverschraubung:3x M25 (4-14mm Kabelquerschnitt) mit passenden Reduzierungen Leiterquerschnitt: 0,5-2,5mm\u00b2 \/ Schraubklemmen Kontakte: verzinnt zum Schutz vor Rost Anzahl der Pole: 5 Stromst\u00e4rke: 24A Spannung: 450V AC Lieferumfang: Anschlussklemme","og_url":"https:\/\/boxexpert.de\/en\/shop\/unkategorisiert\/verteilerdose-wasserdicht-3-polig-der-serie-hanse-erd-126x96x35-mm-lxbxh\/","og_site_name":"BOXEXPERT - Professional enclosure solutions for highest demands","article_modified_time":"2026-03-13T05:30:47+00:00","twitter_card":"summary_large_image","twitter_misc":{"Est. reading time":"2 minutes"},"schema":{"@context":"https:\/\/schema.org","@graph":[{"@type":"WebPage","@id":"https:\/\/boxexpert.de\/en\/shop\/unkategorisiert\/verteilerdose-wasserdicht-3-polig-der-serie-hanse-erd-126x96x35-mm-lxbxh\/","url":"https:\/\/boxexpert.de\/en\/shop\/unkategorisiert\/verteilerdose-wasserdicht-3-polig-der-serie-hanse-erd-126x96x35-mm-lxbxh\/","name":"BOXEXPERT Verteilerdose wasserdicht 3-polig der Serie Hanse-ERD 126x96x35 mm (LxBxH)","isPartOf":{"@id":"https:\/\/boxexpert.de\/en\/#website"},"datePublished":"2026-03-13T05:30:46+00:00","dateModified":"2026-03-13T05:30:47+00:00","breadcrumb":{"@id":"https:\/\/boxexpert.de\/en\/shop\/unkategorisiert\/verteilerdose-wasserdicht-3-polig-der-serie-hanse-erd-126x96x35-mm-lxbxh\/#breadcrumb"},"inLanguage":"en-US","potentialAction":[{"@type":"ReadAction","target":["https:\/\/boxexpert.de\/en\/shop\/unkategorisiert\/verteilerdose-wasserdicht-3-polig-der-serie-hanse-erd-126x96x35-mm-lxbxh\/"]}]},{"@type":"BreadcrumbList","@id":"https:\/\/boxexpert.de\/en\/shop\/unkategorisiert\/verteilerdose-wasserdicht-3-polig-der-serie-hanse-erd-126x96x35-mm-lxbxh\/#breadcrumb","itemListElement":[{"@type":"ListItem","position":1,"name":"Startseite","item":"https:\/\/boxexpert.de\/en\/"},{"@type":"ListItem","position":2,"name":"Shop","item":"https:\/\/boxexpert.de\/shop\/"},{"@type":"ListItem","position":3,"name":"Verteilerdose wasserdicht 3-polig der Serie Hanse-ERD 126x96x35 mm (LxBxH)"}]},{"@type":"WebSite","@id":"https:\/\/boxexpert.de\/en\/#website","url":"https:\/\/boxexpert.de\/en\/","name":"BOXEXPERT - Professionelle Geh\u00e4usel\u00f6sungen f\u00fcr h\u00f6chste Anspr\u00fcche","description":"Industrial housings, control cabinets, installation housings, fuse boxes and distribution boxes","potentialAction":[{"@type":"SearchAction","target":{"@type":"EntryPoint","urlTemplate":"https:\/\/boxexpert.de\/en\/?s={search_term_string}"},"query-input":{"@type":"PropertyValueSpecification","valueRequired":true,"valueName":"search_term_string"}}],"inLanguage":"en-US"}]}},"_links":{"self":[{"href":"https:\/\/boxexpert.de\/en\/wp-json\/wp\/v2\/product\/175892","targetHints":{"allow":["GET"]}}],"collection":[{"href":"https:\/\/boxexpert.de\/en\/wp-json\/wp\/v2\/product"}],"about":[{"href":"https:\/\/boxexpert.de\/en\/wp-json\/wp\/v2\/types\/product"}],"wp:attachment":[{"href":"https:\/\/boxexpert.de\/en\/wp-json\/wp\/v2\/media?parent=175892"}],"wp:term":[{"taxonomy":"product_brand","embeddable":true,"href":"https:\/\/boxexpert.de\/en\/wp-json\/wp\/v2\/product_brand?post=175892"},{"taxonomy":"product_cat","embeddable":true,"href":"https:\/\/boxexpert.de\/en\/wp-json\/wp\/v2\/product_cat?post=175892"},{"taxonomy":"product_tag","embeddable":true,"href":"https:\/\/boxexpert.de\/en\/wp-json\/wp\/v2\/product_tag?post=175892"}],"curies":[{"name":"wp","href":"https:\/\/api.w.org\/{rel}","templated":true}]}}