{"id":175893,"date":"2026-03-30T05:31:05","date_gmt":"2026-03-30T05:31:05","guid":{"rendered":"https:\/\/boxexpert.de\/shop\/unkategorisiert\/verteilerdose-wasserdicht-3-polig-der-serie-hanse-erd-138x110x35mm-lxbxh\/"},"modified":"2026-03-30T05:31:05","modified_gmt":"2026-03-30T05:31:05","slug":"verteilerdose-wasserdicht-3-polig-der-serie-hanse-erd-138x110x35mm-lxbxh","status":"publish","type":"product","link":"https:\/\/boxexpert.de\/en\/shop\/unkategorisiert\/verteilerdose-wasserdicht-3-polig-der-serie-hanse-erd-138x110x35mm-lxbxh\/","title":{"rendered":"Verteilerdose wasserdicht 3-polig der Serie Hanse-ERD 138x110x35mm (LxBxH)"},"content":{"rendered":"<div class=\"flex flex-grow flex-col gap-3\">\n<div class=\"min-h-[20px] flex flex-col items-start gap-4 whitespace-pre-wrap\">\n<div class=\"markdown prose w-full break-words dark:prose-invert light\">\n<p>Die 3-polige wasserdichte Verteilerdose von Boxexpert ist eine hochwertige und gepr\u00fcfte Geh\u00e4use-L\u00f6sung, ideal f\u00fcr den Einsatz im Freien, in Feuchtr\u00e4umen, unter Wasser oder im Erdreich. Das Geh\u00e4use eignet sich perfekt zum Abzweigen und Verbinden von Erdkabeln und bietet eine hohe Schutzart von IP68. Dadurch wird sichergestellt, dass keine Feuchtigkeit an die elektrischen Anschl\u00fcsse gelangen kann. Das Geh\u00e4use ist staubdicht und bietet einen vollst\u00e4ndigen Ber\u00fchrungsschutz, w\u00e4hrend es auch bei permanentem Untertauchen wasserdicht bleibt. Die wasserdichte Verbindungsdose ist somit auch vor starkem Strahlwasser und hoher Luftfeuchtigkeit gesch\u00fctzt. Sie kann problemlos bei einer Wassertiefe von bis zu 4 Metern dauerhaft genutzt werden, sowie in klassischen Feuchtr\u00e4umen wie Badezimmern, Kellern oder Garagen.<\/p>\n<p>Die 3-polige Verbindungsdose ist auch im industriellen Bereich geeignet, wie z.B. in Werkst\u00e4tten oder Laboren, da sie auch bei regelm\u00e4\u00dfiger Reinigung mit Strahl- oder Spritzwasser gesch\u00fctzt bleibt. Durch ihre geringe Gr\u00f6\u00dfe kann die Dose unauff\u00e4llig im Garten platziert oder dauerhaft im Erdreich vergraben werden. Die Geh\u00e4use-Temperatur kann zwischen -40C\u00b0 und +105C\u00b0 betragen und entspricht somit der Industriequalit\u00e4t. Die Kontakte bleiben durch die hochwertige Verarbeitung gesch\u00fctzt und trocken, w\u00e4hrend die verzinnten Kontakte die Rostbildung verhindern und das Nylon PA66 robust und witterungsbest\u00e4ndig ist.<\/p>\n<p>Die passenden M20 Kabelverschraubungen sind ebenfalls in der Kabeldose integriert und sorgen f\u00fcr zus\u00e4tzliche Stabilit\u00e4t. Passende Reduzierungen und Schraubanschl\u00fcsse f\u00fcr Leiterquerschnitte von 0,5-2,5mm\u00b2 sind im Lieferumfang enthalten. Insgesamt verf\u00fcgt das Geh\u00e4use \u00fcber einen Ausgang und einen Eingang.<\/p>\n<p>Das Unternehmen legt gro\u00dfen Wert auf hohe Qualit\u00e4t und sichere Materialien, daher wurden diese Geh\u00e4use gr\u00fcndlich gepr\u00fcft und entsprechen den geltenden europ\u00e4ischen Normen.<\/p>\n<\/div>\n<\/div>\n<\/div>\n","protected":false},"excerpt":{"rendered":"<p>BOXEXPERT Verteilerdose wasserdicht 3-polig der Serie Hanse-ERD  Au\u00dfenma\u00dfe: 138,2&#215;110,2&#215;35,7mm (LxBxH) Schutzart: IP68 Material Geh\u00e4use : hochwertiges Nylon PA66 Betriebstemperatur: -40\u00b0C&#8230;+105\u00b0C Halogenfrei DIN VDE 0100-701 (VDE 0100-701):2008-10 Anzahl der \u00d6ffnungen: 3 einzel \/ 1x Eingang 2x Ausgang Kabelverschraubung: 2x M20 (5-12mm Kabelquerschnitt), 1x M12 (4mm-8mm) Leiterquerschnitt: 0,5-2,5mm\u00b2 \/ Schraubanschl\u00fcsse Kontakte: verzinnt f\u00fcr Rostvermeidung Anzahl der Pole: 3 Stromst\u00e4rke: 24A Spannung: 450V AC                                                                      Lieferumfang: Anschlussklemme<\/p>\n","protected":false},"featured_media":0,"template":"","meta":{"_acf_changed":false,"content-type":""},"product_brand":[],"product_cat":[3199],"product_tag":[],"class_list":{"0":"post-175893","1":"product","2":"type-product","3":"status-publish","5":"product_cat-unkategorisiert","6":"pa_material-deckel-transparent-nylon-pa66","8":"first","9":"instock","10":"purchasable","11":"product-type-simple"},"acf":[],"yoast_head":"<!-- This site is optimized with the Yoast SEO plugin v27.2 - https:\/\/yoast.com\/product\/yoast-seo-wordpress\/ -->\n<title>BOXEXPERT Verteilerdose wasserdicht 3-polig der Serie Hanse-ERD 138x110x35mm (LxBxH)<\/title>\n<meta name=\"robots\" content=\"index, follow, max-snippet:-1, max-image-preview:large, max-video-preview:-1\" \/>\n<link rel=\"canonical\" href=\"https:\/\/boxexpert.de\/en\/shop\/unkategorisiert\/verteilerdose-wasserdicht-3-polig-der-serie-hanse-erd-138x110x35mm-lxbxh\/\" \/>\n<meta property=\"og:locale\" content=\"en_US\" \/>\n<meta property=\"og:type\" content=\"article\" \/>\n<meta property=\"og:title\" content=\"BOXEXPERT Verteilerdose wasserdicht 3-polig der Serie Hanse-ERD 138x110x35mm (LxBxH)\" \/>\n<meta property=\"og:description\" content=\"BOXEXPERT Verteilerdose wasserdicht 3-polig der Serie Hanse-ERD Au\u00dfenma\u00dfe: 138,2x110,2x35,7mm (LxBxH) Schutzart: IP68 Material Geh\u00e4use : hochwertiges Nylon PA66 Betriebstemperatur: -40\u00b0C...+105\u00b0C Halogenfrei DIN VDE 0100-701 (VDE 0100-701):2008-10 Anzahl der \u00d6ffnungen: 3 einzel \/ 1x Eingang 2x Ausgang Kabelverschraubung: 2x M20 (5-12mm Kabelquerschnitt), 1x M12 (4mm-8mm) Leiterquerschnitt: 0,5-2,5mm\u00b2 \/ Schraubanschl\u00fcsse Kontakte: verzinnt f\u00fcr Rostvermeidung Anzahl der Pole: 3 Stromst\u00e4rke: 24A Spannung: 450V AC                                   Lieferumfang: Anschlussklemme\" \/>\n<meta property=\"og:url\" content=\"https:\/\/boxexpert.de\/en\/shop\/unkategorisiert\/verteilerdose-wasserdicht-3-polig-der-serie-hanse-erd-138x110x35mm-lxbxh\/\" \/>\n<meta property=\"og:site_name\" content=\"BOXEXPERT - Professional enclosure solutions for highest demands\" \/>\n<meta name=\"twitter:card\" content=\"summary_large_image\" \/>\n<meta name=\"twitter:label1\" content=\"Est. reading time\" \/>\n\t<meta name=\"twitter:data1\" content=\"1 minute\" \/>\n<script type=\"application\/ld+json\" class=\"yoast-schema-graph\">{\"@context\":\"https:\/\/schema.org\",\"@graph\":[{\"@type\":\"WebPage\",\"@id\":\"https:\/\/boxexpert.de\/en\/shop\/unkategorisiert\/verteilerdose-wasserdicht-3-polig-der-serie-hanse-erd-138x110x35mm-lxbxh\/\",\"url\":\"https:\/\/boxexpert.de\/en\/shop\/unkategorisiert\/verteilerdose-wasserdicht-3-polig-der-serie-hanse-erd-138x110x35mm-lxbxh\/\",\"name\":\"BOXEXPERT Verteilerdose wasserdicht 3-polig der Serie Hanse-ERD 138x110x35mm (LxBxH)\",\"isPartOf\":{\"@id\":\"https:\/\/boxexpert.de\/en\/#website\"},\"datePublished\":\"2026-03-30T05:31:05+00:00\",\"breadcrumb\":{\"@id\":\"https:\/\/boxexpert.de\/en\/shop\/unkategorisiert\/verteilerdose-wasserdicht-3-polig-der-serie-hanse-erd-138x110x35mm-lxbxh\/#breadcrumb\"},\"inLanguage\":\"en-US\",\"potentialAction\":[{\"@type\":\"ReadAction\",\"target\":[\"https:\/\/boxexpert.de\/en\/shop\/unkategorisiert\/verteilerdose-wasserdicht-3-polig-der-serie-hanse-erd-138x110x35mm-lxbxh\/\"]}]},{\"@type\":\"BreadcrumbList\",\"@id\":\"https:\/\/boxexpert.de\/en\/shop\/unkategorisiert\/verteilerdose-wasserdicht-3-polig-der-serie-hanse-erd-138x110x35mm-lxbxh\/#breadcrumb\",\"itemListElement\":[{\"@type\":\"ListItem\",\"position\":1,\"name\":\"Startseite\",\"item\":\"https:\/\/boxexpert.de\/en\/\"},{\"@type\":\"ListItem\",\"position\":2,\"name\":\"Shop\",\"item\":\"https:\/\/boxexpert.de\/shop\/\"},{\"@type\":\"ListItem\",\"position\":3,\"name\":\"Verteilerdose wasserdicht 3-polig der Serie Hanse-ERD 138x110x35mm (LxBxH)\"}]},{\"@type\":\"WebSite\",\"@id\":\"https:\/\/boxexpert.de\/en\/#website\",\"url\":\"https:\/\/boxexpert.de\/en\/\",\"name\":\"BOXEXPERT - Professionelle Geh\u00e4usel\u00f6sungen f\u00fcr h\u00f6chste Anspr\u00fcche\",\"description\":\"Industrial housings, control cabinets, installation housings, fuse boxes and distribution boxes\",\"potentialAction\":[{\"@type\":\"SearchAction\",\"target\":{\"@type\":\"EntryPoint\",\"urlTemplate\":\"https:\/\/boxexpert.de\/en\/?s={search_term_string}\"},\"query-input\":{\"@type\":\"PropertyValueSpecification\",\"valueRequired\":true,\"valueName\":\"search_term_string\"}}],\"inLanguage\":\"en-US\"}]}<\/script>\n<!-- \/ Yoast SEO plugin. -->","yoast_head_json":{"title":"BOXEXPERT Verteilerdose wasserdicht 3-polig der Serie Hanse-ERD 138x110x35mm (LxBxH)","robots":{"index":"index","follow":"follow","max-snippet":"max-snippet:-1","max-image-preview":"max-image-preview:large","max-video-preview":"max-video-preview:-1"},"canonical":"https:\/\/boxexpert.de\/en\/shop\/unkategorisiert\/verteilerdose-wasserdicht-3-polig-der-serie-hanse-erd-138x110x35mm-lxbxh\/","og_locale":"en_US","og_type":"article","og_title":"BOXEXPERT Verteilerdose wasserdicht 3-polig der Serie Hanse-ERD 138x110x35mm (LxBxH)","og_description":"BOXEXPERT Verteilerdose wasserdicht 3-polig der Serie Hanse-ERD Au\u00dfenma\u00dfe: 138,2x110,2x35,7mm (LxBxH) Schutzart: IP68 Material Geh\u00e4use : hochwertiges Nylon PA66 Betriebstemperatur: -40\u00b0C...+105\u00b0C Halogenfrei DIN VDE 0100-701 (VDE 0100-701):2008-10 Anzahl der \u00d6ffnungen: 3 einzel \/ 1x Eingang 2x Ausgang Kabelverschraubung: 2x M20 (5-12mm Kabelquerschnitt), 1x M12 (4mm-8mm) Leiterquerschnitt: 0,5-2,5mm\u00b2 \/ Schraubanschl\u00fcsse Kontakte: verzinnt f\u00fcr Rostvermeidung Anzahl der Pole: 3 Stromst\u00e4rke: 24A Spannung: 450V AC                                   Lieferumfang: Anschlussklemme","og_url":"https:\/\/boxexpert.de\/en\/shop\/unkategorisiert\/verteilerdose-wasserdicht-3-polig-der-serie-hanse-erd-138x110x35mm-lxbxh\/","og_site_name":"BOXEXPERT - Professional enclosure solutions for highest demands","twitter_card":"summary_large_image","twitter_misc":{"Est. reading time":"1 minute"},"schema":{"@context":"https:\/\/schema.org","@graph":[{"@type":"WebPage","@id":"https:\/\/boxexpert.de\/en\/shop\/unkategorisiert\/verteilerdose-wasserdicht-3-polig-der-serie-hanse-erd-138x110x35mm-lxbxh\/","url":"https:\/\/boxexpert.de\/en\/shop\/unkategorisiert\/verteilerdose-wasserdicht-3-polig-der-serie-hanse-erd-138x110x35mm-lxbxh\/","name":"BOXEXPERT Verteilerdose wasserdicht 3-polig der Serie Hanse-ERD 138x110x35mm (LxBxH)","isPartOf":{"@id":"https:\/\/boxexpert.de\/en\/#website"},"datePublished":"2026-03-30T05:31:05+00:00","breadcrumb":{"@id":"https:\/\/boxexpert.de\/en\/shop\/unkategorisiert\/verteilerdose-wasserdicht-3-polig-der-serie-hanse-erd-138x110x35mm-lxbxh\/#breadcrumb"},"inLanguage":"en-US","potentialAction":[{"@type":"ReadAction","target":["https:\/\/boxexpert.de\/en\/shop\/unkategorisiert\/verteilerdose-wasserdicht-3-polig-der-serie-hanse-erd-138x110x35mm-lxbxh\/"]}]},{"@type":"BreadcrumbList","@id":"https:\/\/boxexpert.de\/en\/shop\/unkategorisiert\/verteilerdose-wasserdicht-3-polig-der-serie-hanse-erd-138x110x35mm-lxbxh\/#breadcrumb","itemListElement":[{"@type":"ListItem","position":1,"name":"Startseite","item":"https:\/\/boxexpert.de\/en\/"},{"@type":"ListItem","position":2,"name":"Shop","item":"https:\/\/boxexpert.de\/shop\/"},{"@type":"ListItem","position":3,"name":"Verteilerdose wasserdicht 3-polig der Serie Hanse-ERD 138x110x35mm (LxBxH)"}]},{"@type":"WebSite","@id":"https:\/\/boxexpert.de\/en\/#website","url":"https:\/\/boxexpert.de\/en\/","name":"BOXEXPERT - Professionelle Geh\u00e4usel\u00f6sungen f\u00fcr h\u00f6chste Anspr\u00fcche","description":"Industrial housings, control cabinets, installation housings, fuse boxes and distribution boxes","potentialAction":[{"@type":"SearchAction","target":{"@type":"EntryPoint","urlTemplate":"https:\/\/boxexpert.de\/en\/?s={search_term_string}"},"query-input":{"@type":"PropertyValueSpecification","valueRequired":true,"valueName":"search_term_string"}}],"inLanguage":"en-US"}]}},"_links":{"self":[{"href":"https:\/\/boxexpert.de\/en\/wp-json\/wp\/v2\/product\/175893","targetHints":{"allow":["GET"]}}],"collection":[{"href":"https:\/\/boxexpert.de\/en\/wp-json\/wp\/v2\/product"}],"about":[{"href":"https:\/\/boxexpert.de\/en\/wp-json\/wp\/v2\/types\/product"}],"wp:attachment":[{"href":"https:\/\/boxexpert.de\/en\/wp-json\/wp\/v2\/media?parent=175893"}],"wp:term":[{"taxonomy":"product_brand","embeddable":true,"href":"https:\/\/boxexpert.de\/en\/wp-json\/wp\/v2\/product_brand?post=175893"},{"taxonomy":"product_cat","embeddable":true,"href":"https:\/\/boxexpert.de\/en\/wp-json\/wp\/v2\/product_cat?post=175893"},{"taxonomy":"product_tag","embeddable":true,"href":"https:\/\/boxexpert.de\/en\/wp-json\/wp\/v2\/product_tag?post=175893"}],"curies":[{"name":"wp","href":"https:\/\/api.w.org\/{rel}","templated":true}]}}