{"id":177933,"date":"2026-03-13T05:41:00","date_gmt":"2026-03-13T05:41:00","guid":{"rendered":"https:\/\/boxexpert.de\/shop\/unkategorisiert\/schaltschrank-gehaeuse-serie-fleet-pro-800x600x260mm-ip67-transparent\/"},"modified":"2026-03-13T05:41:01","modified_gmt":"2026-03-13T05:41:01","slug":"schaltschrank-gehaeuse-serie-fleet-pro-800x600x260mm-ip67-transparent","status":"publish","type":"product","link":"https:\/\/boxexpert.de\/en\/shop\/fleet-pro-transparent\/schaltschrank-gehaeuse-serie-fleet-pro-800x600x260mm-ip67-transparent\/","title":{"rendered":"Schaltschrank Geh\u00e4use Serie Fleet Pro 800x600x260mm IP67 Transparent"},"content":{"rendered":"<p data-end=\"694\" data-start=\"124\">Der <strong data-end=\"175\" data-start=\"128\">BOXEXPERT Schaltschrank der Serie Fleet Pro<\/strong> \u00fcberzeugt durch sein robustes <strong data-end=\"249\" data-start=\"206\">Geh\u00e4use aus hochwertigem ABS-Kunststoff<\/strong>, das optimal f\u00fcr den Einsatz in anspruchsvollen Umgebungen geeignet ist. Mit seinen kompakten <strong data-end=\"389\" data-start=\"344\">Au\u00dfenma\u00dfen von 800 x 600 x 260 mm (LxBxH)<\/strong> bietet das Geh\u00e4use ausreichend Platz f\u00fcr vielf\u00e4ltige Anwendungen im Steuerungs- und Verteilerbereich. Besonders hervorzuheben ist die <strong data-end=\"542\" data-start=\"524\">Schutzart IP67<\/strong>, die einen vollst\u00e4ndigen Schutz gegen Staub sowie zeitweiliges Untertauchen in Wasser gew\u00e4hrleistet \u2013 ideal f\u00fcr den Einsatz im Innen- und nahezu jedem Au\u00dfenbereich.<\/p>\n<p data-end=\"1206\" data-start=\"696\">Der <strong data-end=\"738\" data-start=\"700\">lichtgraue Schaltschrank (RAL7035)<\/strong> verf\u00fcgt \u00fcber einen <strong data-end=\"820\" data-start=\"758\">durchsichtigen Deckel mit Scharnier auf der langen Seite<\/strong> sowie eine <strong data-end=\"862\" data-start=\"832\">3-Punkt Dreikantschlie\u00dfung<\/strong> f\u00fcr eine sichere Verriegelung. <strong data-end=\"999\" data-start=\"900\">Durch die spezielle Geometrie des Dreikantschlosses ist eine Besch\u00e4digung nahezu ausgeschlossen<\/strong>, was die Langlebigkeit des Geh\u00e4uses zus\u00e4tzlich unterstreicht. Dichtleiste und Schloss erscheinen in einem abgestimmten <strong data-end=\"973\" data-start=\"951\">Telegrau (RAL7045)<\/strong>. Die robuste Ausf\u00fchrung erreicht eine <strong data-end=\"1042\" data-start=\"1012\">Schlagfestigkeit nach IK08<\/strong> und ist f\u00fcr einen <strong data-end=\"1104\" data-start=\"1061\">Temperaturbereich von -35 \u00b0C bis +65 \u00b0C<\/strong> ausgelegt. Elektrisch ist das Geh\u00e4use f\u00fcr <strong data-end=\"1167\" data-start=\"1147\">Str\u00f6me bis 800 A<\/strong> und <strong data-end=\"1196\" data-start=\"1172\">Spannungen bis 690 V<\/strong> geeignet.<\/p>\n<p data-end=\"1449\" data-start=\"1208\">Der Schaltschrank wird anschlussfertig geliefert \u2013 inklusive Unterteil, T\u00fcr mit eingesch\u00e4umter Dichtung, verzinkter Stahlblech-Montageplatte, vier Wandbefestigungslaschen, Verriegelungsschl\u00fcssel und Montageschrauben.<\/p>\n<p><strong>BOXEXPERT ist ihr Partner f\u00fcr Premium-Geh\u00e4use f\u00fcr den gehobenen Anspruch.<\/strong> F\u00fcr alle Geh\u00e4use unserer verschiedenen Serien bieten wir umfangreiches Zubeh\u00f6r wie Kabelverschraubungen, Tragschienen, Montageplatten uvm. an. Auf Wunsch kann jedes Geh\u00e4use (auch in kleineren St\u00fcckzahlen) durch uns bearbeitet werden (Bohrungen, Gewinde, Ausschnitte, Verkabelung, Beschriftung u.\u00e4.). Gern besprechen wir Ihre individuellen W\u00fcnsche mit Ihnen.<\/p>\n","protected":false},"excerpt":{"rendered":"<p>BOXEXPERT ABS Schaltschrank Geh\u00e4use Serie Fleet Pro  Au\u00dfenma\u00dfe: 800x600x260 mm (LxBxH) Material Geh\u00e4use : ABS Kunststoff Deckel: Durchsichtig, Scharnier auf der langen Seite Schloss: 3-Punkt Dreikantschlie\u00dfung Farbe: Lichtgrau, RAL7035 Farbe Schloss, Dichtleiste: Telegrau, RAL7045 Schutzart: IP67 Schlagfestigkeit: IK08 Betriebstemperatur: -35\u00b0C&#8230;+65\u00b0C Max. Strom: bis 800A Nennspannung: bis 690V RoHS-konform  Lieferumfang: Schaltschrankunterteil, T\u00fcr mit eingesch\u00e4umter Dichtung, Montageplatte (Stahlblech, verz.), 4 St\u00fcck Wandbefestigungslasche, Verriegelungsschl\u00fcssel, Montageschrauben<\/p>\n","protected":false},"featured_media":178607,"template":"","meta":{"_acf_changed":false,"content-type":""},"product_brand":[],"product_cat":[4781],"product_tag":[],"class_list":{"0":"post-177933","1":"product","2":"type-product","3":"status-publish","4":"has-post-thumbnail","6":"product_cat-fleet-pro-transparent","7":"pa_material-deckel-transparent-pc","9":"first","10":"outofstock","11":"purchasable","12":"product-type-simple"},"acf":[],"yoast_head":"<!-- This site is optimized with the Yoast SEO plugin v27.2 - https:\/\/yoast.com\/product\/yoast-seo-wordpress\/ -->\n<title>BOXEXPERT Schaltschrank Geh\u00e4use Serie Fleet Pro 800x600x260mm IP67 Transparent<\/title>\n<meta name=\"robots\" content=\"index, follow, max-snippet:-1, max-image-preview:large, max-video-preview:-1\" \/>\n<link rel=\"canonical\" href=\"https:\/\/boxexpert.de\/en\/shop\/fleet-pro-transparent\/schaltschrank-gehaeuse-serie-fleet-pro-800x600x260mm-ip67-transparent\/\" \/>\n<meta property=\"og:locale\" content=\"en_US\" \/>\n<meta property=\"og:type\" content=\"article\" \/>\n<meta property=\"og:title\" content=\"BOXEXPERT Schaltschrank Geh\u00e4use Serie Fleet Pro 800x600x260mm IP67 Transparent\" \/>\n<meta property=\"og:description\" content=\"BOXEXPERT ABS Schaltschrank Geh\u00e4use Serie Fleet Pro Au\u00dfenma\u00dfe: 800x600x260 mm (LxBxH) Material Geh\u00e4use : ABS Kunststoff Deckel: Durchsichtig, Scharnier auf der langen Seite Schloss: 3-Punkt Dreikantschlie\u00dfung Farbe: Lichtgrau, RAL7035 Farbe Schloss, Dichtleiste: Telegrau, RAL7045 Schutzart: IP67 Schlagfestigkeit: IK08 Betriebstemperatur: -35\u00b0C...+65\u00b0C Max. Strom: bis 800A Nennspannung: bis 690V RoHS-konform Lieferumfang: Schaltschrankunterteil, T\u00fcr mit eingesch\u00e4umter Dichtung, Montageplatte (Stahlblech, verz.), 4 St\u00fcck Wandbefestigungslasche, Verriegelungsschl\u00fcssel, Montageschrauben\" \/>\n<meta property=\"og:url\" content=\"https:\/\/boxexpert.de\/en\/shop\/fleet-pro-transparent\/schaltschrank-gehaeuse-serie-fleet-pro-800x600x260mm-ip67-transparent\/\" \/>\n<meta property=\"og:site_name\" content=\"BOXEXPERT - Professional enclosure solutions for highest demands\" \/>\n<meta property=\"article:modified_time\" content=\"2026-03-13T05:41:01+00:00\" \/>\n<meta property=\"og:image\" content=\"https:\/\/boxexpert.de\/wp-content\/uploads\/FLEET-PRO-Gruppe-Seite.png\" \/>\n\t<meta property=\"og:image:width\" content=\"2000\" \/>\n\t<meta property=\"og:image:height\" content=\"1463\" \/>\n\t<meta property=\"og:image:type\" content=\"image\/png\" \/>\n<meta name=\"twitter:card\" content=\"summary_large_image\" \/>\n<meta name=\"twitter:label1\" content=\"Est. reading time\" \/>\n\t<meta name=\"twitter:data1\" content=\"2 minutes\" \/>\n<script type=\"application\/ld+json\" class=\"yoast-schema-graph\">{\"@context\":\"https:\/\/schema.org\",\"@graph\":[{\"@type\":\"WebPage\",\"@id\":\"https:\/\/boxexpert.de\/en\/shop\/fleet-pro-transparent\/schaltschrank-gehaeuse-serie-fleet-pro-800x600x260mm-ip67-transparent\/\",\"url\":\"https:\/\/boxexpert.de\/en\/shop\/fleet-pro-transparent\/schaltschrank-gehaeuse-serie-fleet-pro-800x600x260mm-ip67-transparent\/\",\"name\":\"BOXEXPERT Schaltschrank Geh\u00e4use Serie Fleet Pro 800x600x260mm IP67 Transparent\",\"isPartOf\":{\"@id\":\"https:\/\/boxexpert.de\/en\/#website\"},\"primaryImageOfPage\":{\"@id\":\"https:\/\/boxexpert.de\/en\/shop\/fleet-pro-transparent\/schaltschrank-gehaeuse-serie-fleet-pro-800x600x260mm-ip67-transparent\/#primaryimage\"},\"image\":{\"@id\":\"https:\/\/boxexpert.de\/en\/shop\/fleet-pro-transparent\/schaltschrank-gehaeuse-serie-fleet-pro-800x600x260mm-ip67-transparent\/#primaryimage\"},\"thumbnailUrl\":\"https:\/\/boxexpert.de\/wp-content\/uploads\/FLEET-PRO-Gruppe-Seite.png\",\"datePublished\":\"2026-03-13T05:41:00+00:00\",\"dateModified\":\"2026-03-13T05:41:01+00:00\",\"breadcrumb\":{\"@id\":\"https:\/\/boxexpert.de\/en\/shop\/fleet-pro-transparent\/schaltschrank-gehaeuse-serie-fleet-pro-800x600x260mm-ip67-transparent\/#breadcrumb\"},\"inLanguage\":\"en-US\",\"potentialAction\":[{\"@type\":\"ReadAction\",\"target\":[\"https:\/\/boxexpert.de\/en\/shop\/fleet-pro-transparent\/schaltschrank-gehaeuse-serie-fleet-pro-800x600x260mm-ip67-transparent\/\"]}]},{\"@type\":\"ImageObject\",\"inLanguage\":\"en-US\",\"@id\":\"https:\/\/boxexpert.de\/en\/shop\/fleet-pro-transparent\/schaltschrank-gehaeuse-serie-fleet-pro-800x600x260mm-ip67-transparent\/#primaryimage\",\"url\":\"https:\/\/boxexpert.de\/wp-content\/uploads\/FLEET-PRO-Gruppe-Seite.png\",\"contentUrl\":\"https:\/\/boxexpert.de\/wp-content\/uploads\/FLEET-PRO-Gruppe-Seite.png\",\"width\":2000,\"height\":1463},{\"@type\":\"BreadcrumbList\",\"@id\":\"https:\/\/boxexpert.de\/en\/shop\/fleet-pro-transparent\/schaltschrank-gehaeuse-serie-fleet-pro-800x600x260mm-ip67-transparent\/#breadcrumb\",\"itemListElement\":[{\"@type\":\"ListItem\",\"position\":1,\"name\":\"Startseite\",\"item\":\"https:\/\/boxexpert.de\/en\/\"},{\"@type\":\"ListItem\",\"position\":2,\"name\":\"Shop\",\"item\":\"https:\/\/boxexpert.de\/shop\/\"},{\"@type\":\"ListItem\",\"position\":3,\"name\":\"Schaltschrank Geh\u00e4use Serie Fleet Pro 800x600x260mm IP67 Transparent\"}]},{\"@type\":\"WebSite\",\"@id\":\"https:\/\/boxexpert.de\/en\/#website\",\"url\":\"https:\/\/boxexpert.de\/en\/\",\"name\":\"BOXEXPERT - Professionelle Geh\u00e4usel\u00f6sungen f\u00fcr h\u00f6chste Anspr\u00fcche\",\"description\":\"Industrial housings, control cabinets, installation housings, fuse boxes and distribution boxes\",\"potentialAction\":[{\"@type\":\"SearchAction\",\"target\":{\"@type\":\"EntryPoint\",\"urlTemplate\":\"https:\/\/boxexpert.de\/en\/?s={search_term_string}\"},\"query-input\":{\"@type\":\"PropertyValueSpecification\",\"valueRequired\":true,\"valueName\":\"search_term_string\"}}],\"inLanguage\":\"en-US\"}]}<\/script>\n<!-- \/ Yoast SEO plugin. -->","yoast_head_json":{"title":"BOXEXPERT Schaltschrank Geh\u00e4use Serie Fleet Pro 800x600x260mm IP67 Transparent","robots":{"index":"index","follow":"follow","max-snippet":"max-snippet:-1","max-image-preview":"max-image-preview:large","max-video-preview":"max-video-preview:-1"},"canonical":"https:\/\/boxexpert.de\/en\/shop\/fleet-pro-transparent\/schaltschrank-gehaeuse-serie-fleet-pro-800x600x260mm-ip67-transparent\/","og_locale":"en_US","og_type":"article","og_title":"BOXEXPERT Schaltschrank Geh\u00e4use Serie Fleet Pro 800x600x260mm IP67 Transparent","og_description":"BOXEXPERT ABS Schaltschrank Geh\u00e4use Serie Fleet Pro Au\u00dfenma\u00dfe: 800x600x260 mm (LxBxH) Material Geh\u00e4use : ABS Kunststoff Deckel: Durchsichtig, Scharnier auf der langen Seite Schloss: 3-Punkt Dreikantschlie\u00dfung Farbe: Lichtgrau, RAL7035 Farbe Schloss, Dichtleiste: Telegrau, RAL7045 Schutzart: IP67 Schlagfestigkeit: IK08 Betriebstemperatur: -35\u00b0C...+65\u00b0C Max. Strom: bis 800A Nennspannung: bis 690V RoHS-konform Lieferumfang: Schaltschrankunterteil, T\u00fcr mit eingesch\u00e4umter Dichtung, Montageplatte (Stahlblech, verz.), 4 St\u00fcck Wandbefestigungslasche, Verriegelungsschl\u00fcssel, Montageschrauben","og_url":"https:\/\/boxexpert.de\/en\/shop\/fleet-pro-transparent\/schaltschrank-gehaeuse-serie-fleet-pro-800x600x260mm-ip67-transparent\/","og_site_name":"BOXEXPERT - Professional enclosure solutions for highest demands","article_modified_time":"2026-03-13T05:41:01+00:00","og_image":[{"width":2000,"height":1463,"url":"https:\/\/boxexpert.de\/wp-content\/uploads\/FLEET-PRO-Gruppe-Seite.png","type":"image\/png"}],"twitter_card":"summary_large_image","twitter_misc":{"Est. reading time":"2 minutes"},"schema":{"@context":"https:\/\/schema.org","@graph":[{"@type":"WebPage","@id":"https:\/\/boxexpert.de\/en\/shop\/fleet-pro-transparent\/schaltschrank-gehaeuse-serie-fleet-pro-800x600x260mm-ip67-transparent\/","url":"https:\/\/boxexpert.de\/en\/shop\/fleet-pro-transparent\/schaltschrank-gehaeuse-serie-fleet-pro-800x600x260mm-ip67-transparent\/","name":"BOXEXPERT Schaltschrank Geh\u00e4use Serie Fleet Pro 800x600x260mm IP67 Transparent","isPartOf":{"@id":"https:\/\/boxexpert.de\/en\/#website"},"primaryImageOfPage":{"@id":"https:\/\/boxexpert.de\/en\/shop\/fleet-pro-transparent\/schaltschrank-gehaeuse-serie-fleet-pro-800x600x260mm-ip67-transparent\/#primaryimage"},"image":{"@id":"https:\/\/boxexpert.de\/en\/shop\/fleet-pro-transparent\/schaltschrank-gehaeuse-serie-fleet-pro-800x600x260mm-ip67-transparent\/#primaryimage"},"thumbnailUrl":"https:\/\/boxexpert.de\/wp-content\/uploads\/FLEET-PRO-Gruppe-Seite.png","datePublished":"2026-03-13T05:41:00+00:00","dateModified":"2026-03-13T05:41:01+00:00","breadcrumb":{"@id":"https:\/\/boxexpert.de\/en\/shop\/fleet-pro-transparent\/schaltschrank-gehaeuse-serie-fleet-pro-800x600x260mm-ip67-transparent\/#breadcrumb"},"inLanguage":"en-US","potentialAction":[{"@type":"ReadAction","target":["https:\/\/boxexpert.de\/en\/shop\/fleet-pro-transparent\/schaltschrank-gehaeuse-serie-fleet-pro-800x600x260mm-ip67-transparent\/"]}]},{"@type":"ImageObject","inLanguage":"en-US","@id":"https:\/\/boxexpert.de\/en\/shop\/fleet-pro-transparent\/schaltschrank-gehaeuse-serie-fleet-pro-800x600x260mm-ip67-transparent\/#primaryimage","url":"https:\/\/boxexpert.de\/wp-content\/uploads\/FLEET-PRO-Gruppe-Seite.png","contentUrl":"https:\/\/boxexpert.de\/wp-content\/uploads\/FLEET-PRO-Gruppe-Seite.png","width":2000,"height":1463},{"@type":"BreadcrumbList","@id":"https:\/\/boxexpert.de\/en\/shop\/fleet-pro-transparent\/schaltschrank-gehaeuse-serie-fleet-pro-800x600x260mm-ip67-transparent\/#breadcrumb","itemListElement":[{"@type":"ListItem","position":1,"name":"Startseite","item":"https:\/\/boxexpert.de\/en\/"},{"@type":"ListItem","position":2,"name":"Shop","item":"https:\/\/boxexpert.de\/shop\/"},{"@type":"ListItem","position":3,"name":"Schaltschrank Geh\u00e4use Serie Fleet Pro 800x600x260mm IP67 Transparent"}]},{"@type":"WebSite","@id":"https:\/\/boxexpert.de\/en\/#website","url":"https:\/\/boxexpert.de\/en\/","name":"BOXEXPERT - Professionelle Geh\u00e4usel\u00f6sungen f\u00fcr h\u00f6chste Anspr\u00fcche","description":"Industrial housings, control cabinets, installation housings, fuse boxes and distribution boxes","potentialAction":[{"@type":"SearchAction","target":{"@type":"EntryPoint","urlTemplate":"https:\/\/boxexpert.de\/en\/?s={search_term_string}"},"query-input":{"@type":"PropertyValueSpecification","valueRequired":true,"valueName":"search_term_string"}}],"inLanguage":"en-US"}]}},"_links":{"self":[{"href":"https:\/\/boxexpert.de\/en\/wp-json\/wp\/v2\/product\/177933","targetHints":{"allow":["GET"]}}],"collection":[{"href":"https:\/\/boxexpert.de\/en\/wp-json\/wp\/v2\/product"}],"about":[{"href":"https:\/\/boxexpert.de\/en\/wp-json\/wp\/v2\/types\/product"}],"wp:featuredmedia":[{"embeddable":true,"href":"https:\/\/boxexpert.de\/en\/wp-json\/wp\/v2\/media\/178607"}],"wp:attachment":[{"href":"https:\/\/boxexpert.de\/en\/wp-json\/wp\/v2\/media?parent=177933"}],"wp:term":[{"taxonomy":"product_brand","embeddable":true,"href":"https:\/\/boxexpert.de\/en\/wp-json\/wp\/v2\/product_brand?post=177933"},{"taxonomy":"product_cat","embeddable":true,"href":"https:\/\/boxexpert.de\/en\/wp-json\/wp\/v2\/product_cat?post=177933"},{"taxonomy":"product_tag","embeddable":true,"href":"https:\/\/boxexpert.de\/en\/wp-json\/wp\/v2\/product_tag?post=177933"}],"curies":[{"name":"wp","href":"https:\/\/api.w.org\/{rel}","templated":true}]}}