{"id":179482,"date":"2026-04-07T05:30:49","date_gmt":"2026-04-07T05:30:49","guid":{"rendered":"https:\/\/boxexpert.de\/shop\/unkategorisiert\/wandschrank-gehaeuse-serie-fleet-sonder-400x300x195mm-ral5021\/"},"modified":"2026-04-07T05:30:49","modified_gmt":"2026-04-07T05:30:49","slug":"wandschrank-gehaeuse-serie-fleet-sonder-400x300x195mm-ral5021","status":"publish","type":"product","link":"https:\/\/boxexpert.de\/en\/shop\/uncategorized\/wandschrank-gehaeuse-serie-fleet-sonder-400x300x195mm-ral5021\/","title":{"rendered":"Wandschrank-Geh\u00e4use Serie Fleet-Sonder 400x300x195mm RAL5021"},"content":{"rendered":"","protected":false},"excerpt":{"rendered":"<p>BOXEXPERT ABS Wandschrank Geh\u00e4use Serie Fleet-Sonder  Au\u00dfenma\u00dfe: 400x300x195 mm (LxBxH) Geh\u00e4use Farbe: Wasserblau, RAL 5021 Schl\u00f6sser und Zubeh\u00f6r: schwarz Schutzart: IP 65 Material Geh\u00e4use : ABS Kunststoff Deckel: mit Scharnier auf der langen Seite mit 2-Punkt Schlie\u00dfung Betriebstemperatur: -25\u00b0C&#8230;+60\u00b0C Schlagfestigkeit: IK08 RoHS-konform Halogenfrei (DIN\/VDE 0472, Part 815): 1                                                                     Lieferumfang: Schaltschrankunterteil, T\u00fcr mit eingesch\u00e4umter Dichtung, Montageplatte (Stahlblech, verz.), 4 St\u00fcck Wandbefestigungslasche, Verriegelungsschl\u00fcssel, Montageschrauben<\/p>\n","protected":false},"featured_media":0,"template":"","meta":{"_acf_changed":false,"content-type":""},"product_brand":[],"product_cat":[],"product_tag":[],"class_list":{"0":"post-179482","1":"product","2":"type-product","3":"status-publish","5":"pa_material-deckel-transparent-abs","7":"first","8":"instock","9":"purchasable","10":"product-type-simple"},"acf":[],"yoast_head":"<!-- This site is optimized with the Yoast SEO plugin v27.2 - https:\/\/yoast.com\/product\/yoast-seo-wordpress\/ -->\n<title>BOXEXPERT Wandschrank-Geh\u00e4use Serie Fleet-Sonder 400x300x195mm RAL5021<\/title>\n<meta name=\"robots\" content=\"index, follow, max-snippet:-1, max-image-preview:large, max-video-preview:-1\" \/>\n<link rel=\"canonical\" href=\"https:\/\/boxexpert.de\/en\/shop\/uncategorized\/wandschrank-gehaeuse-serie-fleet-sonder-400x300x195mm-ral5021\/\" \/>\n<meta property=\"og:locale\" content=\"en_US\" \/>\n<meta property=\"og:type\" content=\"article\" \/>\n<meta property=\"og:title\" content=\"BOXEXPERT Wandschrank-Geh\u00e4use Serie Fleet-Sonder 400x300x195mm RAL5021\" \/>\n<meta property=\"og:description\" content=\"BOXEXPERT ABS Wandschrank Geh\u00e4use Serie Fleet-Sonder Au\u00dfenma\u00dfe: 400x300x195 mm (LxBxH) Geh\u00e4use Farbe: Wasserblau, RAL 5021 Schl\u00f6sser und Zubeh\u00f6r: schwarz Schutzart: IP 65 Material Geh\u00e4use : ABS Kunststoff Deckel: mit Scharnier auf der langen Seite mit 2-Punkt Schlie\u00dfung Betriebstemperatur: -25\u00b0C...+60\u00b0C Schlagfestigkeit: IK08 RoHS-konform Halogenfrei (DIN\/VDE 0472, Part 815): 1                                   Lieferumfang: Schaltschrankunterteil, T\u00fcr mit eingesch\u00e4umter Dichtung, Montageplatte (Stahlblech, verz.), 4 St\u00fcck Wandbefestigungslasche, Verriegelungsschl\u00fcssel, Montageschrauben\" \/>\n<meta property=\"og:url\" content=\"https:\/\/boxexpert.de\/en\/shop\/uncategorized\/wandschrank-gehaeuse-serie-fleet-sonder-400x300x195mm-ral5021\/\" \/>\n<meta property=\"og:site_name\" content=\"BOXEXPERT - Professional enclosure solutions for highest demands\" \/>\n<meta name=\"twitter:card\" content=\"summary_large_image\" \/>\n<script type=\"application\/ld+json\" class=\"yoast-schema-graph\">{\"@context\":\"https:\/\/schema.org\",\"@graph\":[{\"@type\":\"WebPage\",\"@id\":\"https:\/\/boxexpert.de\/en\/shop\/uncategorized\/wandschrank-gehaeuse-serie-fleet-sonder-400x300x195mm-ral5021\/\",\"url\":\"https:\/\/boxexpert.de\/en\/shop\/uncategorized\/wandschrank-gehaeuse-serie-fleet-sonder-400x300x195mm-ral5021\/\",\"name\":\"BOXEXPERT Wandschrank-Geh\u00e4use Serie Fleet-Sonder 400x300x195mm RAL5021\",\"isPartOf\":{\"@id\":\"https:\/\/boxexpert.de\/en\/#website\"},\"datePublished\":\"2026-04-07T05:30:49+00:00\",\"breadcrumb\":{\"@id\":\"https:\/\/boxexpert.de\/en\/shop\/uncategorized\/wandschrank-gehaeuse-serie-fleet-sonder-400x300x195mm-ral5021\/#breadcrumb\"},\"inLanguage\":\"en-US\",\"potentialAction\":[{\"@type\":\"ReadAction\",\"target\":[\"https:\/\/boxexpert.de\/en\/shop\/uncategorized\/wandschrank-gehaeuse-serie-fleet-sonder-400x300x195mm-ral5021\/\"]}]},{\"@type\":\"BreadcrumbList\",\"@id\":\"https:\/\/boxexpert.de\/en\/shop\/uncategorized\/wandschrank-gehaeuse-serie-fleet-sonder-400x300x195mm-ral5021\/#breadcrumb\",\"itemListElement\":[{\"@type\":\"ListItem\",\"position\":1,\"name\":\"Startseite\",\"item\":\"https:\/\/boxexpert.de\/en\/\"},{\"@type\":\"ListItem\",\"position\":2,\"name\":\"Shop\",\"item\":\"https:\/\/boxexpert.de\/shop\/\"},{\"@type\":\"ListItem\",\"position\":3,\"name\":\"Wandschrank-Geh\u00e4use Serie Fleet-Sonder 400x300x195mm RAL5021\"}]},{\"@type\":\"WebSite\",\"@id\":\"https:\/\/boxexpert.de\/en\/#website\",\"url\":\"https:\/\/boxexpert.de\/en\/\",\"name\":\"BOXEXPERT - Professionelle Geh\u00e4usel\u00f6sungen f\u00fcr h\u00f6chste Anspr\u00fcche\",\"description\":\"Industrial housings, control cabinets, installation housings, fuse boxes and distribution boxes\",\"potentialAction\":[{\"@type\":\"SearchAction\",\"target\":{\"@type\":\"EntryPoint\",\"urlTemplate\":\"https:\/\/boxexpert.de\/en\/?s={search_term_string}\"},\"query-input\":{\"@type\":\"PropertyValueSpecification\",\"valueRequired\":true,\"valueName\":\"search_term_string\"}}],\"inLanguage\":\"en-US\"}]}<\/script>\n<!-- \/ Yoast SEO plugin. -->","yoast_head_json":{"title":"BOXEXPERT Wandschrank-Geh\u00e4use Serie Fleet-Sonder 400x300x195mm RAL5021","robots":{"index":"index","follow":"follow","max-snippet":"max-snippet:-1","max-image-preview":"max-image-preview:large","max-video-preview":"max-video-preview:-1"},"canonical":"https:\/\/boxexpert.de\/en\/shop\/uncategorized\/wandschrank-gehaeuse-serie-fleet-sonder-400x300x195mm-ral5021\/","og_locale":"en_US","og_type":"article","og_title":"BOXEXPERT Wandschrank-Geh\u00e4use Serie Fleet-Sonder 400x300x195mm RAL5021","og_description":"BOXEXPERT ABS Wandschrank Geh\u00e4use Serie Fleet-Sonder Au\u00dfenma\u00dfe: 400x300x195 mm (LxBxH) Geh\u00e4use Farbe: Wasserblau, RAL 5021 Schl\u00f6sser und Zubeh\u00f6r: schwarz Schutzart: IP 65 Material Geh\u00e4use : ABS Kunststoff Deckel: mit Scharnier auf der langen Seite mit 2-Punkt Schlie\u00dfung Betriebstemperatur: -25\u00b0C...+60\u00b0C Schlagfestigkeit: IK08 RoHS-konform Halogenfrei (DIN\/VDE 0472, Part 815): 1                                   Lieferumfang: Schaltschrankunterteil, T\u00fcr mit eingesch\u00e4umter Dichtung, Montageplatte (Stahlblech, verz.), 4 St\u00fcck Wandbefestigungslasche, Verriegelungsschl\u00fcssel, Montageschrauben","og_url":"https:\/\/boxexpert.de\/en\/shop\/uncategorized\/wandschrank-gehaeuse-serie-fleet-sonder-400x300x195mm-ral5021\/","og_site_name":"BOXEXPERT - Professional enclosure solutions for highest demands","twitter_card":"summary_large_image","schema":{"@context":"https:\/\/schema.org","@graph":[{"@type":"WebPage","@id":"https:\/\/boxexpert.de\/en\/shop\/uncategorized\/wandschrank-gehaeuse-serie-fleet-sonder-400x300x195mm-ral5021\/","url":"https:\/\/boxexpert.de\/en\/shop\/uncategorized\/wandschrank-gehaeuse-serie-fleet-sonder-400x300x195mm-ral5021\/","name":"BOXEXPERT Wandschrank-Geh\u00e4use Serie Fleet-Sonder 400x300x195mm RAL5021","isPartOf":{"@id":"https:\/\/boxexpert.de\/en\/#website"},"datePublished":"2026-04-07T05:30:49+00:00","breadcrumb":{"@id":"https:\/\/boxexpert.de\/en\/shop\/uncategorized\/wandschrank-gehaeuse-serie-fleet-sonder-400x300x195mm-ral5021\/#breadcrumb"},"inLanguage":"en-US","potentialAction":[{"@type":"ReadAction","target":["https:\/\/boxexpert.de\/en\/shop\/uncategorized\/wandschrank-gehaeuse-serie-fleet-sonder-400x300x195mm-ral5021\/"]}]},{"@type":"BreadcrumbList","@id":"https:\/\/boxexpert.de\/en\/shop\/uncategorized\/wandschrank-gehaeuse-serie-fleet-sonder-400x300x195mm-ral5021\/#breadcrumb","itemListElement":[{"@type":"ListItem","position":1,"name":"Startseite","item":"https:\/\/boxexpert.de\/en\/"},{"@type":"ListItem","position":2,"name":"Shop","item":"https:\/\/boxexpert.de\/shop\/"},{"@type":"ListItem","position":3,"name":"Wandschrank-Geh\u00e4use Serie Fleet-Sonder 400x300x195mm RAL5021"}]},{"@type":"WebSite","@id":"https:\/\/boxexpert.de\/en\/#website","url":"https:\/\/boxexpert.de\/en\/","name":"BOXEXPERT - Professionelle Geh\u00e4usel\u00f6sungen f\u00fcr h\u00f6chste Anspr\u00fcche","description":"Industrial housings, control cabinets, installation housings, fuse boxes and distribution boxes","potentialAction":[{"@type":"SearchAction","target":{"@type":"EntryPoint","urlTemplate":"https:\/\/boxexpert.de\/en\/?s={search_term_string}"},"query-input":{"@type":"PropertyValueSpecification","valueRequired":true,"valueName":"search_term_string"}}],"inLanguage":"en-US"}]}},"_links":{"self":[{"href":"https:\/\/boxexpert.de\/en\/wp-json\/wp\/v2\/product\/179482","targetHints":{"allow":["GET"]}}],"collection":[{"href":"https:\/\/boxexpert.de\/en\/wp-json\/wp\/v2\/product"}],"about":[{"href":"https:\/\/boxexpert.de\/en\/wp-json\/wp\/v2\/types\/product"}],"wp:attachment":[{"href":"https:\/\/boxexpert.de\/en\/wp-json\/wp\/v2\/media?parent=179482"}],"wp:term":[{"taxonomy":"product_brand","embeddable":true,"href":"https:\/\/boxexpert.de\/en\/wp-json\/wp\/v2\/product_brand?post=179482"},{"taxonomy":"product_cat","embeddable":true,"href":"https:\/\/boxexpert.de\/en\/wp-json\/wp\/v2\/product_cat?post=179482"},{"taxonomy":"product_tag","embeddable":true,"href":"https:\/\/boxexpert.de\/en\/wp-json\/wp\/v2\/product_tag?post=179482"}],"curies":[{"name":"wp","href":"https:\/\/api.w.org\/{rel}","templated":true}]}}