{"id":180422,"date":"2026-03-13T05:41:04","date_gmt":"2026-03-13T05:41:04","guid":{"rendered":"https:\/\/boxexpert.de\/shop\/unkategorisiert\/stahlblech-wandgehaeuse-serie-treva-500x400x250mm-mit-sichttuer\/"},"modified":"2026-03-13T05:41:04","modified_gmt":"2026-03-13T05:41:04","slug":"stahlblech-wandgehaeuse-serie-treva-500x400x250mm-mit-sichttuer","status":"publish","type":"product","link":"https:\/\/boxexpert.de\/en\/shop\/treva-sichttuer\/stahlblech-wandgehaeuse-serie-treva-500x400x250mm-mit-sichttuer\/","title":{"rendered":"Stahlblech Wandgeh\u00e4use Serie Treva 500x400x250mm mit Sichtt\u00fcr"},"content":{"rendered":"<p>Stahlblech Wandgeh\u00e4use Serie Treva 500x400x250mm mit Sichtt\u00fcr<\/p>\n<p>Hinter der Serie Treva von BOXEXPERT steckt ein hochwertiges und zugleich kosteng\u00fcnstiges Wandschrank-Geh\u00e4use aus Stahlblech. Durch die geh\u00e4rtete Polyester-Lackbeschichtung mit UV-Schutz ist das Geh\u00e4use perfekt f\u00fcr den Au\u00dfeneinsatz geeignet. Zus\u00e4tzlich verf\u00fcgt es \u00fcber vier vorgestanzte Bohrungen f\u00fcr eine schnelle Wandmontage sowie einer Montageplatte mit glatter Oberfl\u00e4che zum befestigen Ihrer Bauteile im Inneren des Geh\u00e4uses. Das Design und der Aufbau der Modellreihe zeichnen sich durch hohe Flexibilit\u00e4t und Anpassungsf\u00e4higkeit an konkrete, von der Installation vorgegebene und\/oder vom Endkunden gew\u00fcnschte Ma\u00dfe aus. Die Einsatzgebiete reichen von der Einspeisung und Verteilung bis hin zur Umwandlung von elektrischer Energie in Industrieanlagen.<\/p>\n<p>&nbsp;<\/p>\n<p>Zubeh\u00f6r: Kabelverschraubungen, Montageplatte gelocht, Modularer Rahmen, Wand- und Mastbefestigungslaschen, verschiedene Schlosstypen<\/p>\n","protected":false},"excerpt":{"rendered":"<p>BOXEXPERT Stahlblech-Wandgeh\u00e4use Serie Treva  Au\u00dfenma\u00dfe: 500x400x250mm (LxBxH) Material: Stahlblech gem\u00e4\u00df EN10130+A1 Beschichtung: Geh\u00e4rtete Polyester-Lackbeschichtung RAL 7035 mit UV-Schutz T\u00fcr: Sichtt\u00fcr, 4mm dickes Glas Schutzart: IP66 Schlagfestigkeit: IK09 Umgebungstemperatur: -25\u00b0C \/ +60\u00b0C Schloss: Standardschloss mit 5mm Doppelbart-Verschluss und Schl\u00fcssel 5mm<\/p>\n","protected":false},"featured_media":180423,"template":"","meta":{"_acf_changed":false,"content-type":""},"product_brand":[],"product_cat":[596],"product_tag":[],"class_list":{"0":"post-180422","1":"product","2":"type-product","3":"status-publish","4":"has-post-thumbnail","6":"product_cat-treva-sichttuer","8":"first","9":"outofstock","10":"purchasable","11":"product-type-simple"},"acf":[],"yoast_head":"<!-- This site is optimized with the Yoast SEO plugin v27.2 - https:\/\/yoast.com\/product\/yoast-seo-wordpress\/ -->\n<title>BOXEXPERT Stahlblech Wandgeh\u00e4use Serie Treva 500x400x250mm mit Sichtt\u00fcr<\/title>\n<meta name=\"robots\" content=\"index, follow, max-snippet:-1, max-image-preview:large, max-video-preview:-1\" \/>\n<link rel=\"canonical\" href=\"https:\/\/boxexpert.de\/en\/shop\/treva-sichttuer\/stahlblech-wandgehaeuse-serie-treva-500x400x250mm-mit-sichttuer\/\" \/>\n<meta property=\"og:locale\" content=\"en_US\" \/>\n<meta property=\"og:type\" content=\"article\" \/>\n<meta property=\"og:title\" content=\"BOXEXPERT Stahlblech Wandgeh\u00e4use Serie Treva 500x400x250mm mit Sichtt\u00fcr\" \/>\n<meta property=\"og:description\" content=\"BOXEXPERT Stahlblech-Wandgeh\u00e4use Serie Treva Au\u00dfenma\u00dfe: 500x400x250mm (LxBxH) Material: Stahlblech gem\u00e4\u00df EN10130+A1 Beschichtung: Geh\u00e4rtete Polyester-Lackbeschichtung RAL 7035 mit UV-Schutz T\u00fcr: Sichtt\u00fcr, 4mm dickes Glas Schutzart: IP66 Schlagfestigkeit: IK09 Umgebungstemperatur: -25\u00b0C \/ +60\u00b0C Schloss: Standardschloss mit 5mm Doppelbart-Verschluss und Schl\u00fcssel 5mm\" \/>\n<meta property=\"og:url\" content=\"https:\/\/boxexpert.de\/en\/shop\/treva-sichttuer\/stahlblech-wandgehaeuse-serie-treva-500x400x250mm-mit-sichttuer\/\" \/>\n<meta property=\"og:site_name\" content=\"BOXEXPERT - Professional enclosure solutions for highest demands\" \/>\n<meta property=\"og:image\" content=\"https:\/\/boxexpert.de\/wp-content\/uploads\/BXPIMBT303015-T01-6.png\" \/>\n\t<meta property=\"og:image:width\" content=\"463\" \/>\n\t<meta property=\"og:image:height\" content=\"484\" \/>\n\t<meta property=\"og:image:type\" content=\"image\/png\" \/>\n<meta name=\"twitter:card\" content=\"summary_large_image\" \/>\n<meta name=\"twitter:label1\" content=\"Est. reading time\" \/>\n\t<meta name=\"twitter:data1\" content=\"1 minute\" \/>\n<script type=\"application\/ld+json\" class=\"yoast-schema-graph\">{\"@context\":\"https:\/\/schema.org\",\"@graph\":[{\"@type\":\"WebPage\",\"@id\":\"https:\/\/boxexpert.de\/en\/shop\/treva-sichttuer\/stahlblech-wandgehaeuse-serie-treva-500x400x250mm-mit-sichttuer\/\",\"url\":\"https:\/\/boxexpert.de\/en\/shop\/treva-sichttuer\/stahlblech-wandgehaeuse-serie-treva-500x400x250mm-mit-sichttuer\/\",\"name\":\"BOXEXPERT Stahlblech Wandgeh\u00e4use Serie Treva 500x400x250mm mit Sichtt\u00fcr\",\"isPartOf\":{\"@id\":\"https:\/\/boxexpert.de\/en\/#website\"},\"primaryImageOfPage\":{\"@id\":\"https:\/\/boxexpert.de\/en\/shop\/treva-sichttuer\/stahlblech-wandgehaeuse-serie-treva-500x400x250mm-mit-sichttuer\/#primaryimage\"},\"image\":{\"@id\":\"https:\/\/boxexpert.de\/en\/shop\/treva-sichttuer\/stahlblech-wandgehaeuse-serie-treva-500x400x250mm-mit-sichttuer\/#primaryimage\"},\"thumbnailUrl\":\"https:\/\/boxexpert.de\/wp-content\/uploads\/BXPIMBT303015-T01-6.png\",\"datePublished\":\"2026-03-13T05:41:04+00:00\",\"breadcrumb\":{\"@id\":\"https:\/\/boxexpert.de\/en\/shop\/treva-sichttuer\/stahlblech-wandgehaeuse-serie-treva-500x400x250mm-mit-sichttuer\/#breadcrumb\"},\"inLanguage\":\"en-US\",\"potentialAction\":[{\"@type\":\"ReadAction\",\"target\":[\"https:\/\/boxexpert.de\/en\/shop\/treva-sichttuer\/stahlblech-wandgehaeuse-serie-treva-500x400x250mm-mit-sichttuer\/\"]}]},{\"@type\":\"ImageObject\",\"inLanguage\":\"en-US\",\"@id\":\"https:\/\/boxexpert.de\/en\/shop\/treva-sichttuer\/stahlblech-wandgehaeuse-serie-treva-500x400x250mm-mit-sichttuer\/#primaryimage\",\"url\":\"https:\/\/boxexpert.de\/wp-content\/uploads\/BXPIMBT303015-T01-6.png\",\"contentUrl\":\"https:\/\/boxexpert.de\/wp-content\/uploads\/BXPIMBT303015-T01-6.png\",\"width\":463,\"height\":484},{\"@type\":\"BreadcrumbList\",\"@id\":\"https:\/\/boxexpert.de\/en\/shop\/treva-sichttuer\/stahlblech-wandgehaeuse-serie-treva-500x400x250mm-mit-sichttuer\/#breadcrumb\",\"itemListElement\":[{\"@type\":\"ListItem\",\"position\":1,\"name\":\"Startseite\",\"item\":\"https:\/\/boxexpert.de\/en\/\"},{\"@type\":\"ListItem\",\"position\":2,\"name\":\"Shop\",\"item\":\"https:\/\/boxexpert.de\/shop\/\"},{\"@type\":\"ListItem\",\"position\":3,\"name\":\"Stahlblech Wandgeh\u00e4use Serie Treva 500x400x250mm mit Sichtt\u00fcr\"}]},{\"@type\":\"WebSite\",\"@id\":\"https:\/\/boxexpert.de\/en\/#website\",\"url\":\"https:\/\/boxexpert.de\/en\/\",\"name\":\"BOXEXPERT - Professionelle Geh\u00e4usel\u00f6sungen f\u00fcr h\u00f6chste Anspr\u00fcche\",\"description\":\"Industrial housings, control cabinets, installation housings, fuse boxes and distribution boxes\",\"potentialAction\":[{\"@type\":\"SearchAction\",\"target\":{\"@type\":\"EntryPoint\",\"urlTemplate\":\"https:\/\/boxexpert.de\/en\/?s={search_term_string}\"},\"query-input\":{\"@type\":\"PropertyValueSpecification\",\"valueRequired\":true,\"valueName\":\"search_term_string\"}}],\"inLanguage\":\"en-US\"}]}<\/script>\n<!-- \/ Yoast SEO plugin. -->","yoast_head_json":{"title":"BOXEXPERT Stahlblech Wandgeh\u00e4use Serie Treva 500x400x250mm mit Sichtt\u00fcr","robots":{"index":"index","follow":"follow","max-snippet":"max-snippet:-1","max-image-preview":"max-image-preview:large","max-video-preview":"max-video-preview:-1"},"canonical":"https:\/\/boxexpert.de\/en\/shop\/treva-sichttuer\/stahlblech-wandgehaeuse-serie-treva-500x400x250mm-mit-sichttuer\/","og_locale":"en_US","og_type":"article","og_title":"BOXEXPERT Stahlblech Wandgeh\u00e4use Serie Treva 500x400x250mm mit Sichtt\u00fcr","og_description":"BOXEXPERT Stahlblech-Wandgeh\u00e4use Serie Treva Au\u00dfenma\u00dfe: 500x400x250mm (LxBxH) Material: Stahlblech gem\u00e4\u00df EN10130+A1 Beschichtung: Geh\u00e4rtete Polyester-Lackbeschichtung RAL 7035 mit UV-Schutz T\u00fcr: Sichtt\u00fcr, 4mm dickes Glas Schutzart: IP66 Schlagfestigkeit: IK09 Umgebungstemperatur: -25\u00b0C \/ +60\u00b0C Schloss: Standardschloss mit 5mm Doppelbart-Verschluss und Schl\u00fcssel 5mm","og_url":"https:\/\/boxexpert.de\/en\/shop\/treva-sichttuer\/stahlblech-wandgehaeuse-serie-treva-500x400x250mm-mit-sichttuer\/","og_site_name":"BOXEXPERT - Professional enclosure solutions for highest demands","og_image":[{"width":463,"height":484,"url":"https:\/\/boxexpert.de\/wp-content\/uploads\/BXPIMBT303015-T01-6.png","type":"image\/png"}],"twitter_card":"summary_large_image","twitter_misc":{"Est. reading time":"1 minute"},"schema":{"@context":"https:\/\/schema.org","@graph":[{"@type":"WebPage","@id":"https:\/\/boxexpert.de\/en\/shop\/treva-sichttuer\/stahlblech-wandgehaeuse-serie-treva-500x400x250mm-mit-sichttuer\/","url":"https:\/\/boxexpert.de\/en\/shop\/treva-sichttuer\/stahlblech-wandgehaeuse-serie-treva-500x400x250mm-mit-sichttuer\/","name":"BOXEXPERT Stahlblech Wandgeh\u00e4use Serie Treva 500x400x250mm mit Sichtt\u00fcr","isPartOf":{"@id":"https:\/\/boxexpert.de\/en\/#website"},"primaryImageOfPage":{"@id":"https:\/\/boxexpert.de\/en\/shop\/treva-sichttuer\/stahlblech-wandgehaeuse-serie-treva-500x400x250mm-mit-sichttuer\/#primaryimage"},"image":{"@id":"https:\/\/boxexpert.de\/en\/shop\/treva-sichttuer\/stahlblech-wandgehaeuse-serie-treva-500x400x250mm-mit-sichttuer\/#primaryimage"},"thumbnailUrl":"https:\/\/boxexpert.de\/wp-content\/uploads\/BXPIMBT303015-T01-6.png","datePublished":"2026-03-13T05:41:04+00:00","breadcrumb":{"@id":"https:\/\/boxexpert.de\/en\/shop\/treva-sichttuer\/stahlblech-wandgehaeuse-serie-treva-500x400x250mm-mit-sichttuer\/#breadcrumb"},"inLanguage":"en-US","potentialAction":[{"@type":"ReadAction","target":["https:\/\/boxexpert.de\/en\/shop\/treva-sichttuer\/stahlblech-wandgehaeuse-serie-treva-500x400x250mm-mit-sichttuer\/"]}]},{"@type":"ImageObject","inLanguage":"en-US","@id":"https:\/\/boxexpert.de\/en\/shop\/treva-sichttuer\/stahlblech-wandgehaeuse-serie-treva-500x400x250mm-mit-sichttuer\/#primaryimage","url":"https:\/\/boxexpert.de\/wp-content\/uploads\/BXPIMBT303015-T01-6.png","contentUrl":"https:\/\/boxexpert.de\/wp-content\/uploads\/BXPIMBT303015-T01-6.png","width":463,"height":484},{"@type":"BreadcrumbList","@id":"https:\/\/boxexpert.de\/en\/shop\/treva-sichttuer\/stahlblech-wandgehaeuse-serie-treva-500x400x250mm-mit-sichttuer\/#breadcrumb","itemListElement":[{"@type":"ListItem","position":1,"name":"Startseite","item":"https:\/\/boxexpert.de\/en\/"},{"@type":"ListItem","position":2,"name":"Shop","item":"https:\/\/boxexpert.de\/shop\/"},{"@type":"ListItem","position":3,"name":"Stahlblech Wandgeh\u00e4use Serie Treva 500x400x250mm mit Sichtt\u00fcr"}]},{"@type":"WebSite","@id":"https:\/\/boxexpert.de\/en\/#website","url":"https:\/\/boxexpert.de\/en\/","name":"BOXEXPERT - Professionelle Geh\u00e4usel\u00f6sungen f\u00fcr h\u00f6chste Anspr\u00fcche","description":"Industrial housings, control cabinets, installation housings, fuse boxes and distribution boxes","potentialAction":[{"@type":"SearchAction","target":{"@type":"EntryPoint","urlTemplate":"https:\/\/boxexpert.de\/en\/?s={search_term_string}"},"query-input":{"@type":"PropertyValueSpecification","valueRequired":true,"valueName":"search_term_string"}}],"inLanguage":"en-US"}]}},"_links":{"self":[{"href":"https:\/\/boxexpert.de\/en\/wp-json\/wp\/v2\/product\/180422","targetHints":{"allow":["GET"]}}],"collection":[{"href":"https:\/\/boxexpert.de\/en\/wp-json\/wp\/v2\/product"}],"about":[{"href":"https:\/\/boxexpert.de\/en\/wp-json\/wp\/v2\/types\/product"}],"wp:featuredmedia":[{"embeddable":true,"href":"https:\/\/boxexpert.de\/en\/wp-json\/wp\/v2\/media\/180423"}],"wp:attachment":[{"href":"https:\/\/boxexpert.de\/en\/wp-json\/wp\/v2\/media?parent=180422"}],"wp:term":[{"taxonomy":"product_brand","embeddable":true,"href":"https:\/\/boxexpert.de\/en\/wp-json\/wp\/v2\/product_brand?post=180422"},{"taxonomy":"product_cat","embeddable":true,"href":"https:\/\/boxexpert.de\/en\/wp-json\/wp\/v2\/product_cat?post=180422"},{"taxonomy":"product_tag","embeddable":true,"href":"https:\/\/boxexpert.de\/en\/wp-json\/wp\/v2\/product_tag?post=180422"}],"curies":[{"name":"wp","href":"https:\/\/api.w.org\/{rel}","templated":true}]}}