{"id":180596,"date":"2026-03-13T05:51:28","date_gmt":"2026-03-13T05:51:28","guid":{"rendered":"https:\/\/boxexpert.de\/shop\/unkategorisiert\/sicherheitsschloss-fuer-serie-fleet-pro\/"},"modified":"2026-03-13T05:51:28","modified_gmt":"2026-03-13T05:51:28","slug":"sicherheitsschloss-fuer-serie-fleet-pro","status":"publish","type":"product","link":"https:\/\/boxexpert.de\/en\/shop\/uncategorized\/sicherheitsschloss-fuer-serie-fleet-pro\/","title":{"rendered":"Sicherheitsschloss f\u00fcr Serie Fleet PRO"},"content":{"rendered":"<p>Das BXPPLOCK Sicherheitsschloss von BOXEXPERT ist f\u00fcr alle Gr\u00f6\u00dfen der Serie Fleet PRO geeignet und kann schnell und einfach am Schaltschrank installiert werden.<br \/>Es handelt sich um gleichschlie\u00dfende Schl\u00f6sser.<\/p>\n<p>Lieferumfang: 1x Sicherheitsschloss mit Griff, 2x Schl\u00fcssel<\/p>\n<p>BOXEXPERT ist ihr Partner f\u00fcr Premium-Geh\u00e4use f\u00fcr den gehobenen Anspruch. F\u00fcr alle Geh\u00e4use unserer verschiedenen Serien bieten wir umfangreiches Zubeh\u00f6r wie Kabelverschraubungen, Tragschienen, Montageplatten uvm. an. Auf Wunsch kann jedes Geh\u00e4use (auch in kleineren St\u00fcckzahlen) durch uns bearbeitet werden (Bohrungen, Gewinde, Ausschnitte, Verkabelung, Beschriftung u.\u00e4.). Gern besprechen wir Ihre individuellen W\u00fcnsche mit Ihnen.<\/p>\n","protected":false},"excerpt":{"rendered":"<p>BOXEXPERT Security Lock f\u00fcr Serie Fleet PRO  Sicherheitsschloss mit je 2 Schl\u00fcssel<\/p>\n","protected":false},"featured_media":0,"template":"","meta":{"_acf_changed":false,"content-type":""},"product_brand":[],"product_cat":[],"product_tag":[],"class_list":{"0":"post-180596","1":"product","2":"type-product","3":"status-publish","6":"first","7":"instock","8":"purchasable","9":"product-type-simple"},"acf":[],"yoast_head":"<!-- This site is optimized with the Yoast SEO plugin v27.2 - https:\/\/yoast.com\/product\/yoast-seo-wordpress\/ -->\n<title>BOXEXPERT Sicherheitsschloss f\u00fcr Serie Fleet PRO<\/title>\n<meta name=\"robots\" content=\"index, follow, max-snippet:-1, max-image-preview:large, max-video-preview:-1\" \/>\n<link rel=\"canonical\" href=\"https:\/\/boxexpert.de\/en\/shop\/uncategorized\/sicherheitsschloss-fuer-serie-fleet-pro\/\" \/>\n<meta property=\"og:locale\" content=\"en_US\" \/>\n<meta property=\"og:type\" content=\"article\" \/>\n<meta property=\"og:title\" content=\"BOXEXPERT Sicherheitsschloss f\u00fcr Serie Fleet PRO\" \/>\n<meta property=\"og:description\" content=\"BOXEXPERT Security Lock f\u00fcr Serie Fleet PRO Sicherheitsschloss mit je 2 Schl\u00fcssel\" \/>\n<meta property=\"og:url\" content=\"https:\/\/boxexpert.de\/en\/shop\/uncategorized\/sicherheitsschloss-fuer-serie-fleet-pro\/\" \/>\n<meta property=\"og:site_name\" content=\"BOXEXPERT - Professional enclosure solutions for highest demands\" \/>\n<meta name=\"twitter:card\" content=\"summary_large_image\" \/>\n<meta name=\"twitter:label1\" content=\"Est. reading time\" \/>\n\t<meta name=\"twitter:data1\" content=\"1 minute\" \/>\n<script type=\"application\/ld+json\" class=\"yoast-schema-graph\">{\"@context\":\"https:\/\/schema.org\",\"@graph\":[{\"@type\":\"WebPage\",\"@id\":\"https:\/\/boxexpert.de\/en\/shop\/uncategorized\/sicherheitsschloss-fuer-serie-fleet-pro\/\",\"url\":\"https:\/\/boxexpert.de\/en\/shop\/uncategorized\/sicherheitsschloss-fuer-serie-fleet-pro\/\",\"name\":\"BOXEXPERT Sicherheitsschloss f\u00fcr Serie Fleet PRO\",\"isPartOf\":{\"@id\":\"https:\/\/boxexpert.de\/en\/#website\"},\"datePublished\":\"2026-03-13T05:51:28+00:00\",\"breadcrumb\":{\"@id\":\"https:\/\/boxexpert.de\/en\/shop\/uncategorized\/sicherheitsschloss-fuer-serie-fleet-pro\/#breadcrumb\"},\"inLanguage\":\"en-US\",\"potentialAction\":[{\"@type\":\"ReadAction\",\"target\":[\"https:\/\/boxexpert.de\/en\/shop\/uncategorized\/sicherheitsschloss-fuer-serie-fleet-pro\/\"]}]},{\"@type\":\"BreadcrumbList\",\"@id\":\"https:\/\/boxexpert.de\/en\/shop\/uncategorized\/sicherheitsschloss-fuer-serie-fleet-pro\/#breadcrumb\",\"itemListElement\":[{\"@type\":\"ListItem\",\"position\":1,\"name\":\"Startseite\",\"item\":\"https:\/\/boxexpert.de\/en\/\"},{\"@type\":\"ListItem\",\"position\":2,\"name\":\"Shop\",\"item\":\"https:\/\/boxexpert.de\/shop\/\"},{\"@type\":\"ListItem\",\"position\":3,\"name\":\"Sicherheitsschloss f\u00fcr Serie Fleet PRO\"}]},{\"@type\":\"WebSite\",\"@id\":\"https:\/\/boxexpert.de\/en\/#website\",\"url\":\"https:\/\/boxexpert.de\/en\/\",\"name\":\"BOXEXPERT - Professionelle Geh\u00e4usel\u00f6sungen f\u00fcr h\u00f6chste Anspr\u00fcche\",\"description\":\"Industrial housings, control cabinets, installation housings, fuse boxes and distribution boxes\",\"potentialAction\":[{\"@type\":\"SearchAction\",\"target\":{\"@type\":\"EntryPoint\",\"urlTemplate\":\"https:\/\/boxexpert.de\/en\/?s={search_term_string}\"},\"query-input\":{\"@type\":\"PropertyValueSpecification\",\"valueRequired\":true,\"valueName\":\"search_term_string\"}}],\"inLanguage\":\"en-US\"}]}<\/script>\n<!-- \/ Yoast SEO plugin. -->","yoast_head_json":{"title":"BOXEXPERT Sicherheitsschloss f\u00fcr Serie Fleet PRO","robots":{"index":"index","follow":"follow","max-snippet":"max-snippet:-1","max-image-preview":"max-image-preview:large","max-video-preview":"max-video-preview:-1"},"canonical":"https:\/\/boxexpert.de\/en\/shop\/uncategorized\/sicherheitsschloss-fuer-serie-fleet-pro\/","og_locale":"en_US","og_type":"article","og_title":"BOXEXPERT Sicherheitsschloss f\u00fcr Serie Fleet PRO","og_description":"BOXEXPERT Security Lock f\u00fcr Serie Fleet PRO Sicherheitsschloss mit je 2 Schl\u00fcssel","og_url":"https:\/\/boxexpert.de\/en\/shop\/uncategorized\/sicherheitsschloss-fuer-serie-fleet-pro\/","og_site_name":"BOXEXPERT - Professional enclosure solutions for highest demands","twitter_card":"summary_large_image","twitter_misc":{"Est. reading time":"1 minute"},"schema":{"@context":"https:\/\/schema.org","@graph":[{"@type":"WebPage","@id":"https:\/\/boxexpert.de\/en\/shop\/uncategorized\/sicherheitsschloss-fuer-serie-fleet-pro\/","url":"https:\/\/boxexpert.de\/en\/shop\/uncategorized\/sicherheitsschloss-fuer-serie-fleet-pro\/","name":"BOXEXPERT Sicherheitsschloss f\u00fcr Serie Fleet PRO","isPartOf":{"@id":"https:\/\/boxexpert.de\/en\/#website"},"datePublished":"2026-03-13T05:51:28+00:00","breadcrumb":{"@id":"https:\/\/boxexpert.de\/en\/shop\/uncategorized\/sicherheitsschloss-fuer-serie-fleet-pro\/#breadcrumb"},"inLanguage":"en-US","potentialAction":[{"@type":"ReadAction","target":["https:\/\/boxexpert.de\/en\/shop\/uncategorized\/sicherheitsschloss-fuer-serie-fleet-pro\/"]}]},{"@type":"BreadcrumbList","@id":"https:\/\/boxexpert.de\/en\/shop\/uncategorized\/sicherheitsschloss-fuer-serie-fleet-pro\/#breadcrumb","itemListElement":[{"@type":"ListItem","position":1,"name":"Startseite","item":"https:\/\/boxexpert.de\/en\/"},{"@type":"ListItem","position":2,"name":"Shop","item":"https:\/\/boxexpert.de\/shop\/"},{"@type":"ListItem","position":3,"name":"Sicherheitsschloss f\u00fcr Serie Fleet PRO"}]},{"@type":"WebSite","@id":"https:\/\/boxexpert.de\/en\/#website","url":"https:\/\/boxexpert.de\/en\/","name":"BOXEXPERT - Professionelle Geh\u00e4usel\u00f6sungen f\u00fcr h\u00f6chste Anspr\u00fcche","description":"Industrial housings, control cabinets, installation housings, fuse boxes and distribution boxes","potentialAction":[{"@type":"SearchAction","target":{"@type":"EntryPoint","urlTemplate":"https:\/\/boxexpert.de\/en\/?s={search_term_string}"},"query-input":{"@type":"PropertyValueSpecification","valueRequired":true,"valueName":"search_term_string"}}],"inLanguage":"en-US"}]}},"_links":{"self":[{"href":"https:\/\/boxexpert.de\/en\/wp-json\/wp\/v2\/product\/180596","targetHints":{"allow":["GET"]}}],"collection":[{"href":"https:\/\/boxexpert.de\/en\/wp-json\/wp\/v2\/product"}],"about":[{"href":"https:\/\/boxexpert.de\/en\/wp-json\/wp\/v2\/types\/product"}],"wp:attachment":[{"href":"https:\/\/boxexpert.de\/en\/wp-json\/wp\/v2\/media?parent=180596"}],"wp:term":[{"taxonomy":"product_brand","embeddable":true,"href":"https:\/\/boxexpert.de\/en\/wp-json\/wp\/v2\/product_brand?post=180596"},{"taxonomy":"product_cat","embeddable":true,"href":"https:\/\/boxexpert.de\/en\/wp-json\/wp\/v2\/product_cat?post=180596"},{"taxonomy":"product_tag","embeddable":true,"href":"https:\/\/boxexpert.de\/en\/wp-json\/wp\/v2\/product_tag?post=180596"}],"curies":[{"name":"wp","href":"https:\/\/api.w.org\/{rel}","templated":true}]}}