{"id":183285,"date":"2026-03-19T05:30:50","date_gmt":"2026-03-19T05:30:50","guid":{"rendered":"https:\/\/boxexpert.de\/shop\/unkategorisiert\/wandschrank-gehaeuse-serie-fleet-400x300x170mm-rot\/"},"modified":"2026-03-19T05:30:50","modified_gmt":"2026-03-19T05:30:50","slug":"wandschrank-gehaeuse-serie-fleet-400x300x170mm-rot","status":"publish","type":"product","link":"https:\/\/boxexpert.de\/en\/shop\/unkategorisiert\/wandschrank-gehaeuse-serie-fleet-400x300x170mm-rot\/","title":{"rendered":"Wandschrank-Geh\u00e4use Serie Fleet 400x300x170mm rot"},"content":{"rendered":"<p>Das BXPPABSR300400170-F01 BOXEXPERT der Serie Fleet ist ein Wandschrank-Geh\u00e4use in hochglanz rot aus ABS Kunststoff mit 2-Punkt Schlie\u00dfung, welches sowohl f\u00fcr den Innen, als auch f\u00fcr den Ausseneinsatz perfekt geeignet ist. Es ist einfach zu handhaben und sehr schnell zu installieren. Die Serie Fleet ist eine kosteng\u00fcnstige Alternative zu allen Stahlblechwandschr\u00e4nken.<\/p>\n<p>Zubeh\u00f6r: Kabelverschraubungen, Montageplatte, Wandbefestigungslaschen, Sicherheitsschloss<\/p>\n<p>BOXEXPERT ist ihr Partner f\u00fcr Premium-Geh\u00e4use f\u00fcr den gehobenen Anspruch. F\u00fcr alle Geh\u00e4use unserer verschiedenen Serien bieten wir umfangreiches Zubeh\u00f6r wie Kabelverschraubungen, Tragschienen, Montageplatten uvm. an. Auf Wunsch kann jedes Geh\u00e4use (auch in kleineren St\u00fcckzahlen) durch uns bearbeitet werden (Bohrungen, Gewinde, Ausschnitte, Verkabelung, Beschriftung u.\u00e4.). Gern besprechen wir Ihre individuellen W\u00fcnsche mit Ihnen.<\/p>\n","protected":false},"excerpt":{"rendered":"<p>BOXEXPERT ABS Wandschrank Geh\u00e4use Serie Fleet  Au\u00dfenma\u00dfe: 400x300x170 mm (LxBxH) Deckel: rot Schutzart: IP 65 Material Geh\u00e4use : ABS Kunststoff Deckel: mit Scharnier auf der langen Seite mit 2-Punkt Schlie\u00dfung in rot Farbe: rot, RAL 3020 Betriebstemperatur: -25\u00b0C&#8230;+60\u00b0C Schlagfestigkeit: IK10 RoHS-konform  Halogenfrei (DIN\/VDE 0472, Part 815): 1                                                                     Lieferumfang: Schaltschrankunterteil, T\u00fcr mit eingesch\u00e4umter Dichtung, Montageplatte (Stahlblech, verz.), 4 St\u00fcck Wandbefestigungslasche, Verriegelungsschl\u00fcssel, Montageschrauben<\/p>\n","protected":false},"featured_media":0,"template":"","meta":{"_acf_changed":false,"content-type":""},"product_brand":[],"product_cat":[3199],"product_tag":[],"class_list":{"0":"post-183285","1":"product","2":"type-product","3":"status-publish","5":"product_cat-unkategorisiert","6":"pa_material-deckel-transparent-abs","8":"first","9":"instock","10":"purchasable","11":"product-type-simple"},"acf":[],"yoast_head":"<!-- This site is optimized with the Yoast SEO plugin v27.2 - https:\/\/yoast.com\/product\/yoast-seo-wordpress\/ -->\n<title>BOXEXPERT Wandschrank-Geh\u00e4use Serie Fleet 400x300x170mm rot<\/title>\n<meta name=\"robots\" content=\"index, follow, max-snippet:-1, max-image-preview:large, max-video-preview:-1\" \/>\n<link rel=\"canonical\" href=\"https:\/\/boxexpert.de\/en\/shop\/unkategorisiert\/wandschrank-gehaeuse-serie-fleet-400x300x170mm-rot\/\" \/>\n<meta property=\"og:locale\" content=\"en_US\" \/>\n<meta property=\"og:type\" content=\"article\" \/>\n<meta property=\"og:title\" content=\"BOXEXPERT Wandschrank-Geh\u00e4use Serie Fleet 400x300x170mm rot\" \/>\n<meta property=\"og:description\" content=\"BOXEXPERT ABS Wandschrank Geh\u00e4use Serie Fleet Au\u00dfenma\u00dfe: 400x300x170 mm (LxBxH) Deckel: rot Schutzart: IP 65 Material Geh\u00e4use : ABS Kunststoff Deckel: mit Scharnier auf der langen Seite mit 2-Punkt Schlie\u00dfung in rot Farbe: rot, RAL 3020 Betriebstemperatur: -25\u00b0C...+60\u00b0C Schlagfestigkeit: IK10 RoHS-konform Halogenfrei (DIN\/VDE 0472, Part 815): 1                                   Lieferumfang: Schaltschrankunterteil, T\u00fcr mit eingesch\u00e4umter Dichtung, Montageplatte (Stahlblech, verz.), 4 St\u00fcck Wandbefestigungslasche, Verriegelungsschl\u00fcssel, Montageschrauben\" \/>\n<meta property=\"og:url\" content=\"https:\/\/boxexpert.de\/en\/shop\/unkategorisiert\/wandschrank-gehaeuse-serie-fleet-400x300x170mm-rot\/\" \/>\n<meta property=\"og:site_name\" content=\"BOXEXPERT - Professional enclosure solutions for highest demands\" \/>\n<meta name=\"twitter:card\" content=\"summary_large_image\" \/>\n<meta name=\"twitter:label1\" content=\"Est. reading time\" \/>\n\t<meta name=\"twitter:data1\" content=\"1 minute\" \/>\n<script type=\"application\/ld+json\" class=\"yoast-schema-graph\">{\"@context\":\"https:\/\/schema.org\",\"@graph\":[{\"@type\":\"WebPage\",\"@id\":\"https:\/\/boxexpert.de\/en\/shop\/unkategorisiert\/wandschrank-gehaeuse-serie-fleet-400x300x170mm-rot\/\",\"url\":\"https:\/\/boxexpert.de\/en\/shop\/unkategorisiert\/wandschrank-gehaeuse-serie-fleet-400x300x170mm-rot\/\",\"name\":\"BOXEXPERT Wandschrank-Geh\u00e4use Serie Fleet 400x300x170mm rot\",\"isPartOf\":{\"@id\":\"https:\/\/boxexpert.de\/en\/#website\"},\"datePublished\":\"2026-03-19T05:30:50+00:00\",\"breadcrumb\":{\"@id\":\"https:\/\/boxexpert.de\/en\/shop\/unkategorisiert\/wandschrank-gehaeuse-serie-fleet-400x300x170mm-rot\/#breadcrumb\"},\"inLanguage\":\"en-US\",\"potentialAction\":[{\"@type\":\"ReadAction\",\"target\":[\"https:\/\/boxexpert.de\/en\/shop\/unkategorisiert\/wandschrank-gehaeuse-serie-fleet-400x300x170mm-rot\/\"]}]},{\"@type\":\"BreadcrumbList\",\"@id\":\"https:\/\/boxexpert.de\/en\/shop\/unkategorisiert\/wandschrank-gehaeuse-serie-fleet-400x300x170mm-rot\/#breadcrumb\",\"itemListElement\":[{\"@type\":\"ListItem\",\"position\":1,\"name\":\"Startseite\",\"item\":\"https:\/\/boxexpert.de\/en\/\"},{\"@type\":\"ListItem\",\"position\":2,\"name\":\"Shop\",\"item\":\"https:\/\/boxexpert.de\/shop\/\"},{\"@type\":\"ListItem\",\"position\":3,\"name\":\"Wandschrank-Geh\u00e4use Serie Fleet 400x300x170mm rot\"}]},{\"@type\":\"WebSite\",\"@id\":\"https:\/\/boxexpert.de\/en\/#website\",\"url\":\"https:\/\/boxexpert.de\/en\/\",\"name\":\"BOXEXPERT - Professionelle Geh\u00e4usel\u00f6sungen f\u00fcr h\u00f6chste Anspr\u00fcche\",\"description\":\"Industrial housings, control cabinets, installation housings, fuse boxes and distribution boxes\",\"potentialAction\":[{\"@type\":\"SearchAction\",\"target\":{\"@type\":\"EntryPoint\",\"urlTemplate\":\"https:\/\/boxexpert.de\/en\/?s={search_term_string}\"},\"query-input\":{\"@type\":\"PropertyValueSpecification\",\"valueRequired\":true,\"valueName\":\"search_term_string\"}}],\"inLanguage\":\"en-US\"}]}<\/script>\n<!-- \/ Yoast SEO plugin. -->","yoast_head_json":{"title":"BOXEXPERT Wandschrank-Geh\u00e4use Serie Fleet 400x300x170mm rot","robots":{"index":"index","follow":"follow","max-snippet":"max-snippet:-1","max-image-preview":"max-image-preview:large","max-video-preview":"max-video-preview:-1"},"canonical":"https:\/\/boxexpert.de\/en\/shop\/unkategorisiert\/wandschrank-gehaeuse-serie-fleet-400x300x170mm-rot\/","og_locale":"en_US","og_type":"article","og_title":"BOXEXPERT Wandschrank-Geh\u00e4use Serie Fleet 400x300x170mm rot","og_description":"BOXEXPERT ABS Wandschrank Geh\u00e4use Serie Fleet Au\u00dfenma\u00dfe: 400x300x170 mm (LxBxH) Deckel: rot Schutzart: IP 65 Material Geh\u00e4use : ABS Kunststoff Deckel: mit Scharnier auf der langen Seite mit 2-Punkt Schlie\u00dfung in rot Farbe: rot, RAL 3020 Betriebstemperatur: -25\u00b0C...+60\u00b0C Schlagfestigkeit: IK10 RoHS-konform Halogenfrei (DIN\/VDE 0472, Part 815): 1                                   Lieferumfang: Schaltschrankunterteil, T\u00fcr mit eingesch\u00e4umter Dichtung, Montageplatte (Stahlblech, verz.), 4 St\u00fcck Wandbefestigungslasche, Verriegelungsschl\u00fcssel, Montageschrauben","og_url":"https:\/\/boxexpert.de\/en\/shop\/unkategorisiert\/wandschrank-gehaeuse-serie-fleet-400x300x170mm-rot\/","og_site_name":"BOXEXPERT - Professional enclosure solutions for highest demands","twitter_card":"summary_large_image","twitter_misc":{"Est. reading time":"1 minute"},"schema":{"@context":"https:\/\/schema.org","@graph":[{"@type":"WebPage","@id":"https:\/\/boxexpert.de\/en\/shop\/unkategorisiert\/wandschrank-gehaeuse-serie-fleet-400x300x170mm-rot\/","url":"https:\/\/boxexpert.de\/en\/shop\/unkategorisiert\/wandschrank-gehaeuse-serie-fleet-400x300x170mm-rot\/","name":"BOXEXPERT Wandschrank-Geh\u00e4use Serie Fleet 400x300x170mm rot","isPartOf":{"@id":"https:\/\/boxexpert.de\/en\/#website"},"datePublished":"2026-03-19T05:30:50+00:00","breadcrumb":{"@id":"https:\/\/boxexpert.de\/en\/shop\/unkategorisiert\/wandschrank-gehaeuse-serie-fleet-400x300x170mm-rot\/#breadcrumb"},"inLanguage":"en-US","potentialAction":[{"@type":"ReadAction","target":["https:\/\/boxexpert.de\/en\/shop\/unkategorisiert\/wandschrank-gehaeuse-serie-fleet-400x300x170mm-rot\/"]}]},{"@type":"BreadcrumbList","@id":"https:\/\/boxexpert.de\/en\/shop\/unkategorisiert\/wandschrank-gehaeuse-serie-fleet-400x300x170mm-rot\/#breadcrumb","itemListElement":[{"@type":"ListItem","position":1,"name":"Startseite","item":"https:\/\/boxexpert.de\/en\/"},{"@type":"ListItem","position":2,"name":"Shop","item":"https:\/\/boxexpert.de\/shop\/"},{"@type":"ListItem","position":3,"name":"Wandschrank-Geh\u00e4use Serie Fleet 400x300x170mm rot"}]},{"@type":"WebSite","@id":"https:\/\/boxexpert.de\/en\/#website","url":"https:\/\/boxexpert.de\/en\/","name":"BOXEXPERT - Professionelle Geh\u00e4usel\u00f6sungen f\u00fcr h\u00f6chste Anspr\u00fcche","description":"Industrial housings, control cabinets, installation housings, fuse boxes and distribution boxes","potentialAction":[{"@type":"SearchAction","target":{"@type":"EntryPoint","urlTemplate":"https:\/\/boxexpert.de\/en\/?s={search_term_string}"},"query-input":{"@type":"PropertyValueSpecification","valueRequired":true,"valueName":"search_term_string"}}],"inLanguage":"en-US"}]}},"_links":{"self":[{"href":"https:\/\/boxexpert.de\/en\/wp-json\/wp\/v2\/product\/183285","targetHints":{"allow":["GET"]}}],"collection":[{"href":"https:\/\/boxexpert.de\/en\/wp-json\/wp\/v2\/product"}],"about":[{"href":"https:\/\/boxexpert.de\/en\/wp-json\/wp\/v2\/types\/product"}],"wp:attachment":[{"href":"https:\/\/boxexpert.de\/en\/wp-json\/wp\/v2\/media?parent=183285"}],"wp:term":[{"taxonomy":"product_brand","embeddable":true,"href":"https:\/\/boxexpert.de\/en\/wp-json\/wp\/v2\/product_brand?post=183285"},{"taxonomy":"product_cat","embeddable":true,"href":"https:\/\/boxexpert.de\/en\/wp-json\/wp\/v2\/product_cat?post=183285"},{"taxonomy":"product_tag","embeddable":true,"href":"https:\/\/boxexpert.de\/en\/wp-json\/wp\/v2\/product_tag?post=183285"}],"curies":[{"name":"wp","href":"https:\/\/api.w.org\/{rel}","templated":true}]}}