{"id":188121,"date":"2026-04-08T05:30:39","date_gmt":"2026-04-08T05:30:39","guid":{"rendered":"https:\/\/boxexpert.de\/shop\/unkategorisiert\/1-scharniersatz-makrolon\/"},"modified":"2026-04-08T05:30:39","modified_gmt":"2026-04-08T05:30:39","slug":"1-scharniersatz-makrolon","status":"publish","type":"product","link":"https:\/\/boxexpert.de\/en\/shop\/uncategorized\/1-scharniersatz-makrolon\/","title":{"rendered":"1 Scharniersatz (Makrolon)"},"content":{"rendered":"<p>1 Scharniersatz (Makrolon) anschraubbar<\/p>\n<p>Einsetzbar ab einer Deckelh\u00f6he von 15 mm<\/p>\n","protected":false},"excerpt":{"rendered":"<p>1 Scharniersatz (Makrolon)  Einsetzbar ab einer Deckelh\u00f6he von 15 mm. Mechanische Bearbeitung und Montage auf Anfrage.<\/p>\n","protected":false},"featured_media":0,"template":"","meta":{"_acf_changed":false,"content-type":""},"product_brand":[],"product_cat":[],"product_tag":[],"class_list":{"0":"post-188121","1":"product","2":"type-product","3":"status-publish","6":"first","7":"instock","8":"taxable","9":"shipping-taxable","10":"product-type-simple"},"acf":[],"yoast_head":"<!-- This site is optimized with the Yoast SEO plugin v27.2 - https:\/\/yoast.com\/product\/yoast-seo-wordpress\/ -->\n<title>BOXEXPERT 1 Scharniersatz (Makrolon)<\/title>\n<meta name=\"robots\" content=\"index, follow, max-snippet:-1, max-image-preview:large, max-video-preview:-1\" \/>\n<link rel=\"canonical\" href=\"https:\/\/boxexpert.de\/en\/shop\/uncategorized\/1-scharniersatz-makrolon\/\" \/>\n<meta property=\"og:locale\" content=\"en_US\" \/>\n<meta property=\"og:type\" content=\"article\" \/>\n<meta property=\"og:title\" content=\"BOXEXPERT 1 Scharniersatz (Makrolon)\" \/>\n<meta property=\"og:description\" content=\"1 Scharniersatz (Makrolon) Einsetzbar ab einer Deckelh\u00f6he von 15 mm. Mechanische Bearbeitung und Montage auf Anfrage.\" \/>\n<meta property=\"og:url\" content=\"https:\/\/boxexpert.de\/en\/shop\/uncategorized\/1-scharniersatz-makrolon\/\" \/>\n<meta property=\"og:site_name\" content=\"BOXEXPERT - Professional enclosure solutions for highest demands\" \/>\n<meta name=\"twitter:card\" content=\"summary_large_image\" \/>\n<script type=\"application\/ld+json\" class=\"yoast-schema-graph\">{\"@context\":\"https:\/\/schema.org\",\"@graph\":[{\"@type\":\"WebPage\",\"@id\":\"https:\/\/boxexpert.de\/en\/shop\/uncategorized\/1-scharniersatz-makrolon\/\",\"url\":\"https:\/\/boxexpert.de\/en\/shop\/uncategorized\/1-scharniersatz-makrolon\/\",\"name\":\"BOXEXPERT 1 Scharniersatz (Makrolon)\",\"isPartOf\":{\"@id\":\"https:\/\/boxexpert.de\/en\/#website\"},\"datePublished\":\"2026-04-08T05:30:39+00:00\",\"breadcrumb\":{\"@id\":\"https:\/\/boxexpert.de\/en\/shop\/uncategorized\/1-scharniersatz-makrolon\/#breadcrumb\"},\"inLanguage\":\"en-US\",\"potentialAction\":[{\"@type\":\"ReadAction\",\"target\":[\"https:\/\/boxexpert.de\/en\/shop\/uncategorized\/1-scharniersatz-makrolon\/\"]}]},{\"@type\":\"BreadcrumbList\",\"@id\":\"https:\/\/boxexpert.de\/en\/shop\/uncategorized\/1-scharniersatz-makrolon\/#breadcrumb\",\"itemListElement\":[{\"@type\":\"ListItem\",\"position\":1,\"name\":\"Startseite\",\"item\":\"https:\/\/boxexpert.de\/en\/\"},{\"@type\":\"ListItem\",\"position\":2,\"name\":\"Shop\",\"item\":\"https:\/\/boxexpert.de\/shop\/\"},{\"@type\":\"ListItem\",\"position\":3,\"name\":\"1 Scharniersatz (Makrolon)\"}]},{\"@type\":\"WebSite\",\"@id\":\"https:\/\/boxexpert.de\/en\/#website\",\"url\":\"https:\/\/boxexpert.de\/en\/\",\"name\":\"BOXEXPERT - Professionelle Geh\u00e4usel\u00f6sungen f\u00fcr h\u00f6chste Anspr\u00fcche\",\"description\":\"Industrial housings, control cabinets, installation housings, fuse boxes and distribution boxes\",\"potentialAction\":[{\"@type\":\"SearchAction\",\"target\":{\"@type\":\"EntryPoint\",\"urlTemplate\":\"https:\/\/boxexpert.de\/en\/?s={search_term_string}\"},\"query-input\":{\"@type\":\"PropertyValueSpecification\",\"valueRequired\":true,\"valueName\":\"search_term_string\"}}],\"inLanguage\":\"en-US\"}]}<\/script>\n<!-- \/ Yoast SEO plugin. -->","yoast_head_json":{"title":"BOXEXPERT 1 Scharniersatz (Makrolon)","robots":{"index":"index","follow":"follow","max-snippet":"max-snippet:-1","max-image-preview":"max-image-preview:large","max-video-preview":"max-video-preview:-1"},"canonical":"https:\/\/boxexpert.de\/en\/shop\/uncategorized\/1-scharniersatz-makrolon\/","og_locale":"en_US","og_type":"article","og_title":"BOXEXPERT 1 Scharniersatz (Makrolon)","og_description":"1 Scharniersatz (Makrolon) Einsetzbar ab einer Deckelh\u00f6he von 15 mm. Mechanische Bearbeitung und Montage auf Anfrage.","og_url":"https:\/\/boxexpert.de\/en\/shop\/uncategorized\/1-scharniersatz-makrolon\/","og_site_name":"BOXEXPERT - Professional enclosure solutions for highest demands","twitter_card":"summary_large_image","schema":{"@context":"https:\/\/schema.org","@graph":[{"@type":"WebPage","@id":"https:\/\/boxexpert.de\/en\/shop\/uncategorized\/1-scharniersatz-makrolon\/","url":"https:\/\/boxexpert.de\/en\/shop\/uncategorized\/1-scharniersatz-makrolon\/","name":"BOXEXPERT 1 Scharniersatz (Makrolon)","isPartOf":{"@id":"https:\/\/boxexpert.de\/en\/#website"},"datePublished":"2026-04-08T05:30:39+00:00","breadcrumb":{"@id":"https:\/\/boxexpert.de\/en\/shop\/uncategorized\/1-scharniersatz-makrolon\/#breadcrumb"},"inLanguage":"en-US","potentialAction":[{"@type":"ReadAction","target":["https:\/\/boxexpert.de\/en\/shop\/uncategorized\/1-scharniersatz-makrolon\/"]}]},{"@type":"BreadcrumbList","@id":"https:\/\/boxexpert.de\/en\/shop\/uncategorized\/1-scharniersatz-makrolon\/#breadcrumb","itemListElement":[{"@type":"ListItem","position":1,"name":"Startseite","item":"https:\/\/boxexpert.de\/en\/"},{"@type":"ListItem","position":2,"name":"Shop","item":"https:\/\/boxexpert.de\/shop\/"},{"@type":"ListItem","position":3,"name":"1 Scharniersatz (Makrolon)"}]},{"@type":"WebSite","@id":"https:\/\/boxexpert.de\/en\/#website","url":"https:\/\/boxexpert.de\/en\/","name":"BOXEXPERT - Professionelle Geh\u00e4usel\u00f6sungen f\u00fcr h\u00f6chste Anspr\u00fcche","description":"Industrial housings, control cabinets, installation housings, fuse boxes and distribution boxes","potentialAction":[{"@type":"SearchAction","target":{"@type":"EntryPoint","urlTemplate":"https:\/\/boxexpert.de\/en\/?s={search_term_string}"},"query-input":{"@type":"PropertyValueSpecification","valueRequired":true,"valueName":"search_term_string"}}],"inLanguage":"en-US"}]}},"_links":{"self":[{"href":"https:\/\/boxexpert.de\/en\/wp-json\/wp\/v2\/product\/188121","targetHints":{"allow":["GET"]}}],"collection":[{"href":"https:\/\/boxexpert.de\/en\/wp-json\/wp\/v2\/product"}],"about":[{"href":"https:\/\/boxexpert.de\/en\/wp-json\/wp\/v2\/types\/product"}],"wp:attachment":[{"href":"https:\/\/boxexpert.de\/en\/wp-json\/wp\/v2\/media?parent=188121"}],"wp:term":[{"taxonomy":"product_brand","embeddable":true,"href":"https:\/\/boxexpert.de\/en\/wp-json\/wp\/v2\/product_brand?post=188121"},{"taxonomy":"product_cat","embeddable":true,"href":"https:\/\/boxexpert.de\/en\/wp-json\/wp\/v2\/product_cat?post=188121"},{"taxonomy":"product_tag","embeddable":true,"href":"https:\/\/boxexpert.de\/en\/wp-json\/wp\/v2\/product_tag?post=188121"}],"curies":[{"name":"wp","href":"https:\/\/api.w.org\/{rel}","templated":true}]}}