{"id":11210,"date":"2020-02-13T09:17:11","date_gmt":"2020-02-13T09:17:11","guid":{"rendered":"https:\/\/boxexpert.de\/faqs\/rohs-reach\/"},"modified":"2022-04-08T05:37:43","modified_gmt":"2022-04-08T05:37:43","slug":"rohs-reach","status":"publish","type":"page","link":"https:\/\/boxexpert.de\/es\/faqs\/rohs-reach\/","title":{"rendered":"RoHS \/ REACH"},"content":{"rendered":"<div class=\"wpb-content-wrapper\"><p>[vc_row][vc_column]\n\t\t<div id=\"wd-5ef496b44a9d4\" class=\"title-wrapper wd-wpb wd-set-mb reset-last-child  wd-rs-5ef496b44a9d4 wd-title-color-primary wd-title-style-underlined text-left vc_custom_1593087671146 wd-underline-colored\">\n\t\t\t\t\t\t\t\n\t\t\t\t<div class=\"title-subtitle  subtitle-color-primary font-default subtitle-style-default wd-font-weight- wd-fontsize-xs\">BOXEXPERT<\/div>\n\t\t\t\n\t\t\t<div class=\"liner-continer\">\n\t\t\t\t<h1 class=\"woodmart-title-container title  wd-font-weight- wd-fontsize-xxl\" ><strong>FAQ'S RoHS, REACH &amp; CE<\/strong><\/h1>\n\t\t\t\t\t\t\t<\/div>\n\t\t\t\n\t\t\t\n\t\t\t\n\t\t<\/div>\n\t\t\n\t\t[\/vc_column][\/vc_row][vc_row full_width=\u00bbstretch_row\u00bb content_placement=\u00bbtop\u00bb css=\u00bb.vc_custom_1586250255149{margin-bottom: 8vh !important;}\u00bb mobile_bg_img_hidden=\u00bbno\u00bb tablet_bg_img_hidden=\u00bbno\u00bb woodmart_parallax=\u00bb0&#8243; woodmart_gradient_switch=\u00bbno\u00bb row_reverse_mobile=\u00bb0&#8243; row_reverse_tablet=\u00bb0&#8243; woodmart_disable_overflow=\u00bb0&#8243;][vc_column width=\u00bb1\/2&#8243; css=\u00bb.vc_custom_1586954960915{margin-bottom: 20px !important;padding-top: 0px !important;}\u00bb mobile_bg_img_hidden=\u00bbno\u00bb tablet_bg_img_hidden=\u00bbno\u00bb woodmart_parallax=\u00bb0&#8243; woodmart_sticky_column=\u00bbfalse\u00bb parallax_scroll=\u00bbno\u00bb mobile_reset_margin=\u00bbno\u00bb tablet_reset_margin=\u00bbno\u00bb]\n\t\t<div id=\"wd-624fc9eab3d60\" class=\"title-wrapper wd-wpb wd-set-mb reset-last-child  wd-rs-624fc9eab3d60 wd-title-color-primary wd-title-style-underlined text-left vc_custom_1649396241981 wd-underline-colored\">\n\t\t\t\t\t\t\t\n\t\t\t\t<div class=\"title-subtitle  subtitle-color-primary font-default subtitle-style-default wd-font-weight- wd-fontsize-xs\">REACH<\/div>\n\t\t\t\n\t\t\t<div class=\"liner-continer\">\n\t\t\t\t<h2 class=\"woodmart-title-container title  wd-font-weight- wd-fontsize-l\" >Reglamento relativo al registro, evaluaci\u00f3n, autorizaci\u00f3n y restricci\u00f3n de sustancias qu\u00edmicas<\/h2>\n\t\t\t\t\t\t\t<\/div>\n\t\t\t\n\t\t\t\n\t\t\t\n\t\t<\/div>\n\t\t\n\t\t[vc_column_text css=\u00bb.vc_custom_1593087681824{margin-bottom: 20px !important;}\u00bb text_larger=\u00bbno\u00bb]El REACH &#8211; Reglamento (CE) 1907\/2006] es el Reglamento Europeo de Sustancias Qu\u00edmicas relativo al Registro, Evaluaci\u00f3n, Autorizaci\u00f3n y Restricci\u00f3n de Sustancias Qu\u00edmicas.<\/p>\n<p>REACH est\u00e1 en vigor desde 2007 y tiene por objeto garantizar un alto nivel de protecci\u00f3n de la salud humana y el medio ambiente. Al mismo tiempo, tiene por objeto garantizar la libre circulaci\u00f3n de productos qu\u00edmicos en el mercado interior y promover la competitividad y la innovaci\u00f3n. REACH se basa en el principio de que los fabricantes, importadores y usuarios intermedios asumen la responsabilidad de sus productos qu\u00edmicos. Deben asegurarse de que los productos qu\u00edmicos que producen y comercializan se utilicen de forma segura. La abreviatura \u00abREACH\u00bb se deriva del t\u00edtulo ingl\u00e9s del reglamento: Reglamento relativo al registro, evaluaci\u00f3n, autorizaci\u00f3n y restricci\u00f3n de productos qu\u00edmicos. El reglamento REACH est\u00e1 considerado como una de las leyes de productos qu\u00edmicos m\u00e1s estrictas del mundo\u00bb.[\/vc_column_text]\n\t\t<div id=\"wd-5ef496c51a713\" class=\"title-wrapper wd-wpb wd-set-mb reset-last-child  wd-rs-5ef496c51a713 wd-title-color-primary wd-title-style-underlined text-left vc_custom_1593087690282 wd-underline-colored\">\n\t\t\t\t\t\t\t\n\t\t\t\t<div class=\"title-subtitle  subtitle-color-primary font-default subtitle-style-default wd-font-weight- wd-fontsize-xs\">Conformit\u00e9 Europ\u00e9enne<\/div>\n\t\t\t\n\t\t\t<div class=\"liner-continer\">\n\t\t\t\t<h2 class=\"woodmart-title-container title  wd-font-weight- wd-fontsize-l\" >CE-Identificaci\u00f3n<\/h2>\n\t\t\t\t\t\t\t<\/div>\n\t\t\t\n\t\t\t\n\t\t\t\n\t\t<\/div>\n\t\t\n\t\t[vc_column_text css=\u00bb.vc_custom_1593087696660{margin-bottom: 20px !important;}\u00bb text_larger=\u00bbno\u00bb]Las letras \u00abCE\u00bb aparecen en muchos productos comercializados en el mercado interno ampliado del Espacio Econ\u00f3mico Europeo (EEE). Significan que los productos que se venden en el EEE han sido comprobados para asegurar que cumplen con altos est\u00e1ndares de seguridad, salud y protecci\u00f3n del medio ambiente. La marca CE tambi\u00e9n apoya la competencia justa al obligar a todas las empresas a cumplir con las mismas reglas.<br \/>\nAl colocar la marca CE en un producto, el fabricante declara que el producto cumple con todos los requisitos legales de la marca CE y puede ser vendido en todo el EEE. Esto tambi\u00e9n se aplica a los productos fabricados en otros pa\u00edses y vendidos en el EEE.[\/vc_column_text][\/vc_column][vc_column width=\u00bb1\/2&#8243; css=\u00bb.vc_custom_1536077344327{margin-bottom: 20px !important;padding-top: 0px !important;}\u00bb]\n\t\t<div id=\"wd-624fca1882076\" class=\"title-wrapper wd-wpb wd-set-mb reset-last-child  wd-rs-624fca1882076 wd-title-color-primary wd-title-style-underlined text-left vc_custom_1649396253446 wd-underline-colored\">\n\t\t\t\t\t\t\t\n\t\t\t\t<div class=\"title-subtitle  subtitle-color-primary font-default subtitle-style-default wd-font-weight- wd-fontsize-xs\">RoHS<\/div>\n\t\t\t\n\t\t\t<div class=\"liner-continer\">\n\t\t\t\t<h2 class=\"woodmart-title-container title  wd-font-weight- wd-fontsize-l\" >Restricci\u00f3n de determinadas sustancias peligrosas<\/h2>\n\t\t\t\t\t\t\t<\/div>\n\t\t\t\n\t\t\t\n\t\t\t\n\t\t<\/div>\n\t\t\n\t\t[vc_column_text css=\u00bb.vc_custom_1593087723321{margin-bottom: 20px !important;}\u00bb text_larger=\u00bbno\u00bb]La Directiva RoHS (Directiva sobre la restricci\u00f3n del uso de determinadas sustancias peligrosas en los desechos de aparatos el\u00e9ctricos y electr\u00f3nicos), que se aplica en toda la Uni\u00f3n Europea, define diversas sustancias qu\u00edmicas que no pueden utilizarse en los aparatos el\u00e9ctricos y electr\u00f3nicos. El 22 de julio de 2019 entrar\u00e1 en vigor en la UE la Directiva \u00abampliada\u00bb RoHS con nuevas prohibiciones de uso de sustancias.<\/p>\n<p>Las siguientes sustancias est\u00e1n reguladas:<\/p>\n<ul>\n<li>plomo (PB)<\/li>\n<li>Cadmio (Cd)<\/li>\n<li>Bifenilos polibromados (PBB)<\/li>\n<li>\u00c9teres difen\u00edlicos polibromados (PBDE)<\/li>\n<li>Cromo hexavalente<\/li>\n<li>Mercurio (Hg)<\/li>\n<li>butilbencilftalato (BBP)<\/li>\n<li>Di(2-etilhexil) ftalato (DEHP)<\/li>\n<li>Ftalato de dibutilo (DBP)<\/li>\n<\/ul>\n<p>Los materiales homog\u00e9neos que contengan m\u00e1s del 0,1 por ciento en peso de cada una de las sustancias mencionadas (Cd 0,01 por ciento en peso) no podr\u00e1n utilizarse en los aparatos el\u00e9ctricos de las categor\u00edas de aparatos enumerados en el Anexo I de 2011\/65\/UE.<br \/>\nEstos llamados l\u00edmites de minimis tienen en cuenta el hecho de que puede haber cantidades muy peque\u00f1as de impurezas que no se pueden evitar t\u00e9cnicamente.[\/vc_column_text][\/vc_column][\/vc_row][vc_row][vc_column][vc_column_text text_larger=\u00bbno\u00bb]<style data-type=\"vc_shortcodes-custom-css\">.vc_custom_1586005850397{padding-top: 6vh !important;}.vc_custom_1581689860303{margin-bottom: 6vh !important;padding-top: 0px !important;}.vc_custom_1588860688157{margin-bottom: 20px !important;}.vc_custom_1512552757832{margin-top: -30px !important;margin-right: -30px !important;margin-bottom: -30px !important;margin-left: -30px !important;}.vc_custom_1512552766600{padding-top: 30px !important;padding-right: 30px !important;padding-bottom: 15px !important;padding-left: 30px !important;}.vc_custom_1581585874277{padding-top: 30px !important;padding-right: 30px !important;padding-bottom: 30px !important;padding-left: 30px !important;background-color: #3583ba !important;}.vc_custom_1588860671732{margin-bottom: 0px !important;}.vc_custom_1484144347493{margin-bottom: 30px !important;}.vc_custom_1588860711787{margin-bottom: 20px !important;}#wd-5eb417023482b .woodmart-title-container{line-height:46px;font-size:36px;}#wd-5eb417023482b .title-subtitle{color:#3684bb;}#wd-5eb417023482b .title-after_title{line-height:24px;font-size:14px;}@media (max-width: 1024px) {#wd-5eb417023482b .woodmart-title-container{line-height:40px;font-size:30px;}#wd-5eb417023482b .title-after_title{line-height:24px;font-size:14px;}}@media (max-width: 767px) {#wd-5eb417023482b .woodmart-title-container{line-height:38px;font-size:28px;}}<\/style><div class=\"wpb-content-wrapper\">[vc_row full_width=\"stretch_row\" content_placement=\"middle\" css=\".vc_custom_1586005850397{padding-top: 6vh !important;}\" mobile_bg_img_hidden=\"no\" tablet_bg_img_hidden=\"no\" woodmart_parallax=\"0\" woodmart_gradient_switch=\"no\" row_reverse_mobile=\"0\" row_reverse_tablet=\"0\" woodmart_disable_overflow=\"0\"][vc_column css=\".vc_custom_1581689860303{margin-bottom: 6vh !important;padding-top: 0px !important;}\" mobile_bg_img_hidden=\"no\" tablet_bg_img_hidden=\"no\" woodmart_parallax=\"0\" woodmart_sticky_column=\"false\" parallax_scroll=\"no\" mobile_reset_margin=\"no\" tablet_reset_margin=\"no\"]\n\t\t<div id=\"wd-5eb417023482b\" class=\"title-wrapper wd-wpb wd-set-mb reset-last-child  wd-rs-5eb417023482b wd-title-color-default wd-title-style-default text-center vc_custom_1588860688157 wd-underline-colored\">\n\t\t\t\t\t\t\t\n\t\t\t\t<div class=\"title-subtitle  subtitle-color-default font-default subtitle-style-default wd-font-weight- wd-fontsize-xs\">BOXEXPERT SUPPORT<\/div>\n\t\t\t\n\t\t\t<div class=\"liner-continer\">\n\t\t\t\t<h3 class=\"woodmart-title-container title  wd-font-weight- wd-fontsize-l\" >\u00bfTiene alguna pregunta?<\/h3>\n\t\t\t\t\t\t\t<\/div>\n\t\t\t\n\t\t\t\t\t\t\t<div class=\"title-after_title reset-last-child  wd-fontsize-xs\">Nuestros empleados est\u00e1n disponibles para usted a trav\u00e9s del chat y el formulario de contacto y estar\u00e1n encantados de responder a todas sus preguntas.<\/div>\n\t\t\t\n\t\t\t\n\t\t<\/div>\n\t\t\n\t\t<div id=\"wd-5ebcf342db6d6\" class=\" wd-rs-5ebcf342db6d6   wd-rs-5ebcf342db6d6 wd-button-wrapper text-center\"><a href=\"#contact-form-popup\" title=\"\" class=\"btn btn-color-primary btn-style-default btn-shape-rectangle btn-size-default wd-open-popup \">CONTACTO AHORA<\/a><\/div><div id=\"contact-form-popup\" class=\"mfp-hide wd-popup wd-popup-element wd-scroll-content\" style=\"--wd-popup-width:900px;\">[vc_row_inner equal_height=\"yes\" css=\".vc_custom_1512552757832{margin-top: -30px !important;margin-right: -30px !important;margin-bottom: -30px !important;margin-left: -30px !important;}\"][vc_column_inner width=\"2\/3\" css=\".vc_custom_1512552766600{padding-top: 30px !important;padding-right: 30px !important;padding-bottom: 15px !important;padding-left: 30px !important;}\"]\n\t\t<div id=\"wd-5eb4171396eb5\" class=\"title-wrapper wd-wpb wd-set-mb reset-last-child  wd-rs-5eb4171396eb5 wd-title-color-default wd-title-style-default text-left  wd-underline-colored\">\n\t\t\t\n\t\t\t<div class=\"liner-continer\">\n\t\t\t\t<h4 class=\"woodmart-title-container title  wd-font-weight- wd-fontsize-m\" >ENV\u00cdENOS SU MENSAJE<\/h4>\n\t\t\t\t\t\t\t<\/div>\n\t\t\t\n\t\t\t\n\t\t\t\n\t\t<\/div>\n\t\t\n\t\t[vc_column_text css=\".vc_custom_1588860671732{margin-bottom: 0px !important;}\" text_larger=\"no\"][contact-form-7 id=\"3937\" title=\"popup contact form\"][\/vc_column_text][\/vc_column_inner][vc_column_inner width=\"1\/3\" css=\".vc_custom_1581585874277{padding-top: 30px !important;padding-right: 30px !important;padding-bottom: 30px !important;padding-left: 30px !important;background-color: #3583ba !important;}\"]\n\t\t<div id=\"wd-5eb4171b05d80\" class=\"title-wrapper wd-wpb wd-set-mb reset-last-child  wd-rs-5eb4171b05d80 wd-title-color-white wd-title-style-default text-left  wd-underline-colored\">\n\t\t\t\n\t\t\t<div class=\"liner-continer\">\n\t\t\t\t<h4 class=\"woodmart-title-container title  wd-font-weight- wd-fontsize-m\" >INFORMACI\u00d3N DE CONTACTO<\/h4>\n\t\t\t\t\t\t\t<\/div>\n\t\t\t\n\t\t\t\n\t\t\t\n\t\t<\/div>\n\t\t\n\t\t\t\t\t<div class=\"info-box-wrapper\">\n\t\t\t\t<div id=\"wd-5ebcf3665d5fa\" class=\" wd-rs-5ebcf3665d5fa wd-info-box wd-wpb text-left box-icon-align-left box-style- color-scheme-light wd-bg-none wd-items-top \">\n\t\t\t\t\t\t\t\t\t\t<div class=\"info-box-content\">\n\t\t\t\t\t\t\t\t\t\t\t\t<div class=\"info-box-inner reset-last-child\"><p>BOXEXPERT.DE<br \/>\nGr\u00fctzm\u00fchlenweg 46<br \/>\n22339 Hamburg<br \/>\nGermany<\/p>\n<\/div>\n\n\t\t\t\t\t\t\t\t\t\t\t<\/div>\n\n\t\t\t\t\t\n\t\t\t\t\t\t\t\t\t<\/div>\n\t\t\t<\/div>\n\t\t\t\t\t<div class=\"info-box-wrapper\">\n\t\t\t\t<div id=\"wd-5eb413f7891b1\" class=\" wd-rs-5eb413f7891b1 wd-info-box wd-wpb text-left box-icon-align-left box-style- color-scheme-light wd-bg-none wd-items-top \">\n\t\t\t\t\t\t\t\t\t\t<div class=\"info-box-content\">\n\t\t\t\t\t\t\t\t\t\t\t\t<div class=\"info-box-inner reset-last-child\"><div style=\"line-height: 2;\"><i class=\"fa fa-phone-square\" style=\"width: 15px; text-align: center; margin-right: 4px; color: #676767;\"><\/i>+49 (0)40 53 80 92 10<br \/>\n<i class=\"fa fa-fax\" style=\"width: 15px; text-align: center; margin-right: 4px; color: #676767;\"><\/i>+49 (0)40 53 80 92 86<\/div>\n<\/div>\n\n\t\t\t\t\t\t\t\t\t\t\t<\/div>\n\n\t\t\t\t\t\n\t\t\t\t\t\t\t\t\t<\/div>\n\t\t\t<\/div>\n\t\t\t\t\t<div class=\"info-box-wrapper\">\n\t\t\t\t<div id=\"wd-5e46aa795cac1\" class=\" wd-rs-5e46aa795cac1 wd-info-box wd-wpb text-left box-icon-align-left box-style- color-scheme-light wd-bg-none wd-items-top \">\n\t\t\t\t\t\t\t\t\t\t<div class=\"info-box-content\">\n\t\t\t\t\t\t\t\t\t\t\t\t<div class=\"info-box-inner reset-last-child\"><div style=\"line-height: 2;\"><i class=\"fa fa-envelope-square\" style=\"width: 15px; text-align: center; margin-right: 4px; color: #676767;\"><\/i> <a href=\"mailto:info@boxexpert.de\">info@boxexpert.de<\/a><\/div>\n<\/div>\n\n\t\t\t\t\t\t\t\t\t\t\t<\/div>\n\n\t\t\t\t\t\n\t\t\t\t\t\t\t\t\t<\/div>\n\t\t\t<\/div>\n\t\t[vc_separator color=\"custom\" accent_color=\"rgba(255,255,255,0.15)\" css=\".vc_custom_1484144347493{margin-bottom: 30px !important;}\"][vc_column_text woodmart_color_scheme=\"light\" css=\".vc_custom_1588860711787{margin-bottom: 20px !important;}\" text_larger=\"no\"]S\u00edganos en nuestros canales de medios sociales e inf\u00f3rmese sobre los nuevos productos.[\/vc_column_text]\t\t\t<div\n\t\t\t\t\t\tclass=\" wd-social-icons  wd-style-colored wd-size-small social-follow wd-shape-circle text-left\">\n\t\t\t\t\n\t\t\t\t\n\t\t\t\t\t\t\t\t\t<a rel=\"noopener noreferrer nofollow\" href=\"https:\/\/www.facebook.com\/BOXEXPERT.DE\/\" target=\"_blank\" class=\" wd-social-icon social-facebook\" aria-label=\"Facebook social link\">\n\t\t\t\t\t\t<span class=\"wd-icon\"><\/span>\n\t\t\t\t\t\t\t\t\t\t\t<\/a>\n\t\t\t\t\n\t\t\t\t\n\t\t\t\t\n\t\t\t\t\n\t\t\t\t\t\t\t\t\t<a rel=\"noopener noreferrer nofollow\" href=\"https:\/\/www.instagram.com\/boxexpert_hamburg\/\" target=\"_blank\" class=\" wd-social-icon social-instagram\" aria-label=\"Instagram social link\">\n\t\t\t\t\t\t<span class=\"wd-icon\"><\/span>\n\t\t\t\t\t\t\t\t\t\t\t<\/a>\n\t\t\t\t\n\t\t\t\t\n\t\t\t\t\n\t\t\t\t\n\t\t\t\t\n\t\t\t\t\t\t\t\t\t<a rel=\"noopener noreferrer nofollow\" href=\"https:\/\/www.linkedin.com\/company\/boxexpert\/\" target=\"_blank\" class=\" wd-social-icon social-linkedin\" aria-label=\"Linkedin social link\">\n\t\t\t\t\t\t<span class=\"wd-icon\"><\/span>\n\t\t\t\t\t\t\t\t\t\t\t<\/a>\n\t\t\t\t\n\t\t\t\t\n\t\t\t\t\n\t\t\t\t\n\t\t\t\t\n\t\t\t\t\n\t\t\t\t\n\t\t\t\t\n\t\t\t\t\n\t\t\t\t\n\t\t\t\t\n\t\t\t\t\n\t\t\t\t\n\t\t\t\t\n\t\t\t\t\n\t\t\t\t\n\t\t\t\t\n\t\t\t<\/div>\n\n\t\t[\/vc_column_inner][\/vc_row_inner]<\/div>[\/vc_column][\/vc_row]<\/div>[\/vc_column_text][\/vc_column][\/vc_row]<\/p>\n<\/div>","protected":false},"excerpt":{"rendered":"<p>[vc_row][vc_column][\/vc_column][\/vc_row][vc_row full_width=\u00bbstretch_row\u00bb content_placement=\u00bbtop\u00bb css=\u00bb.vc_custom_1586250255149{margin-bottom: 8vh !important;}\u00bb mobile_bg_img_hidden=\u00bbno\u00bb tablet_bg_img_hidden=\u00bbno\u00bb woodmart_parallax=\u00bb0&#8243; woodmart_gradient_switch=\u00bbno\u00bb row_reverse_mobile=\u00bb0&#8243; row_reverse_tablet=\u00bb0&#8243; woodmart_disable_overflow=\u00bb0&#8243;][vc_column width=\u00bb1\/2&#8243; css=\u00bb.vc_custom_1586954960915{margin-bottom: 20px !important;padding-top: 0px !important;}\u00bb mobile_bg_img_hidden=\u00bbno\u00bb<\/p>\n","protected":false},"author":1,"featured_media":0,"parent":11056,"menu_order":0,"comment_status":"closed","ping_status":"closed","template":"","meta":{"_acf_changed":false,"content-type":"","footnotes":""},"class_list":["post-11210","page","type-page","status-publish","hentry"],"acf":[],"yoast_head":"<!-- This site is optimized with the Yoast SEO plugin v27.2 - https:\/\/yoast.com\/product\/yoast-seo-wordpress\/ -->\n<title>RoHS \/ REACH - BOXEXPERT - Soluciones profesionales de cerramiento para las m\u00e1s altas exigencias<\/title>\n<meta name=\"robots\" content=\"index, follow, max-snippet:-1, max-image-preview:large, max-video-preview:-1\" \/>\n<link rel=\"canonical\" href=\"https:\/\/boxexpert.de\/es\/faqs\/rohs-reach\/\" \/>\n<meta property=\"og:locale\" content=\"es_ES\" \/>\n<meta property=\"og:type\" content=\"article\" \/>\n<meta property=\"og:title\" content=\"RoHS \/ REACH - BOXEXPERT - Soluciones profesionales de cerramiento para las m\u00e1s altas exigencias\" \/>\n<meta property=\"og:description\" content=\"[vc_row][vc_column][\/vc_column][\/vc_row][vc_row full_width=\u00bbstretch_row\u00bb content_placement=\u00bbtop\u00bb css=\u00bb.vc_custom_1586250255149{margin-bottom: 8vh !important;}\u00bb mobile_bg_img_hidden=\u00bbno\u00bb tablet_bg_img_hidden=\u00bbno\u00bb woodmart_parallax=\u00bb0&#8243; woodmart_gradient_switch=\u00bbno\u00bb row_reverse_mobile=\u00bb0&#8243; row_reverse_tablet=\u00bb0&#8243; woodmart_disable_overflow=\u00bb0&#8243;][vc_column width=\u00bb1\/2&#8243; css=\u00bb.vc_custom_1586954960915{margin-bottom: 20px !important;padding-top: 0px !important;}\u00bb mobile_bg_img_hidden=\u00bbno\u00bb\" \/>\n<meta property=\"og:url\" content=\"https:\/\/boxexpert.de\/es\/faqs\/rohs-reach\/\" \/>\n<meta property=\"og:site_name\" content=\"BOXEXPERT - Soluciones profesionales de cerramiento para las m\u00e1s altas exigencias\" \/>\n<meta property=\"article:modified_time\" content=\"2022-04-08T05:37:43+00:00\" \/>\n<meta name=\"twitter:card\" content=\"summary_large_image\" \/>\n<script type=\"application\/ld+json\" class=\"yoast-schema-graph\">{\"@context\":\"https:\/\/schema.org\",\"@graph\":[{\"@type\":\"WebPage\",\"@id\":\"https:\/\/boxexpert.de\/es\/faqs\/rohs-reach\/\",\"url\":\"https:\/\/boxexpert.de\/es\/faqs\/rohs-reach\/\",\"name\":\"RoHS \/ REACH - BOXEXPERT - Soluciones profesionales de cerramiento para las m\u00e1s altas exigencias\",\"isPartOf\":{\"@id\":\"https:\/\/boxexpert.de\/es\/#website\"},\"datePublished\":\"2020-02-13T09:17:11+00:00\",\"dateModified\":\"2022-04-08T05:37:43+00:00\",\"breadcrumb\":{\"@id\":\"https:\/\/boxexpert.de\/es\/faqs\/rohs-reach\/#breadcrumb\"},\"inLanguage\":\"es\",\"potentialAction\":[{\"@type\":\"ReadAction\",\"target\":[\"https:\/\/boxexpert.de\/es\/faqs\/rohs-reach\/\"]}]},{\"@type\":\"BreadcrumbList\",\"@id\":\"https:\/\/boxexpert.de\/es\/faqs\/rohs-reach\/#breadcrumb\",\"itemListElement\":[{\"@type\":\"ListItem\",\"position\":1,\"name\":\"Startseite\",\"item\":\"https:\/\/boxexpert.de\/es\/\"},{\"@type\":\"ListItem\",\"position\":2,\"name\":\"FAQs\",\"item\":\"https:\/\/boxexpert.de\/es\/faqs\/\"},{\"@type\":\"ListItem\",\"position\":3,\"name\":\"RoHS \/ REACH\"}]},{\"@type\":\"WebSite\",\"@id\":\"https:\/\/boxexpert.de\/es\/#website\",\"url\":\"https:\/\/boxexpert.de\/es\/\",\"name\":\"BOXEXPERT - Professionelle Geh\u00e4usel\u00f6sungen f\u00fcr h\u00f6chste Anspr\u00fcche\",\"description\":\"Cajas industriales, armarios de distribuci\u00f3n, cajas de instalaci\u00f3n, cajas de fusibles y cajas de distribuci\u00f3n\",\"potentialAction\":[{\"@type\":\"SearchAction\",\"target\":{\"@type\":\"EntryPoint\",\"urlTemplate\":\"https:\/\/boxexpert.de\/es\/?s={search_term_string}\"},\"query-input\":{\"@type\":\"PropertyValueSpecification\",\"valueRequired\":true,\"valueName\":\"search_term_string\"}}],\"inLanguage\":\"es\"}]}<\/script>\n<!-- \/ Yoast SEO plugin. -->","yoast_head_json":{"title":"RoHS \/ REACH - BOXEXPERT - Soluciones profesionales de cerramiento para las m\u00e1s altas exigencias","robots":{"index":"index","follow":"follow","max-snippet":"max-snippet:-1","max-image-preview":"max-image-preview:large","max-video-preview":"max-video-preview:-1"},"canonical":"https:\/\/boxexpert.de\/es\/faqs\/rohs-reach\/","og_locale":"es_ES","og_type":"article","og_title":"RoHS \/ REACH - BOXEXPERT - Soluciones profesionales de cerramiento para las m\u00e1s altas exigencias","og_description":"[vc_row][vc_column][\/vc_column][\/vc_row][vc_row full_width=\u00bbstretch_row\u00bb content_placement=\u00bbtop\u00bb css=\u00bb.vc_custom_1586250255149{margin-bottom: 8vh !important;}\u00bb mobile_bg_img_hidden=\u00bbno\u00bb tablet_bg_img_hidden=\u00bbno\u00bb woodmart_parallax=\u00bb0&#8243; woodmart_gradient_switch=\u00bbno\u00bb row_reverse_mobile=\u00bb0&#8243; row_reverse_tablet=\u00bb0&#8243; woodmart_disable_overflow=\u00bb0&#8243;][vc_column width=\u00bb1\/2&#8243; css=\u00bb.vc_custom_1586954960915{margin-bottom: 20px !important;padding-top: 0px !important;}\u00bb mobile_bg_img_hidden=\u00bbno\u00bb","og_url":"https:\/\/boxexpert.de\/es\/faqs\/rohs-reach\/","og_site_name":"BOXEXPERT - Soluciones profesionales de cerramiento para las m\u00e1s altas exigencias","article_modified_time":"2022-04-08T05:37:43+00:00","twitter_card":"summary_large_image","schema":{"@context":"https:\/\/schema.org","@graph":[{"@type":"WebPage","@id":"https:\/\/boxexpert.de\/es\/faqs\/rohs-reach\/","url":"https:\/\/boxexpert.de\/es\/faqs\/rohs-reach\/","name":"RoHS \/ REACH - BOXEXPERT - Soluciones profesionales de cerramiento para las m\u00e1s altas exigencias","isPartOf":{"@id":"https:\/\/boxexpert.de\/es\/#website"},"datePublished":"2020-02-13T09:17:11+00:00","dateModified":"2022-04-08T05:37:43+00:00","breadcrumb":{"@id":"https:\/\/boxexpert.de\/es\/faqs\/rohs-reach\/#breadcrumb"},"inLanguage":"es","potentialAction":[{"@type":"ReadAction","target":["https:\/\/boxexpert.de\/es\/faqs\/rohs-reach\/"]}]},{"@type":"BreadcrumbList","@id":"https:\/\/boxexpert.de\/es\/faqs\/rohs-reach\/#breadcrumb","itemListElement":[{"@type":"ListItem","position":1,"name":"Startseite","item":"https:\/\/boxexpert.de\/es\/"},{"@type":"ListItem","position":2,"name":"FAQs","item":"https:\/\/boxexpert.de\/es\/faqs\/"},{"@type":"ListItem","position":3,"name":"RoHS \/ REACH"}]},{"@type":"WebSite","@id":"https:\/\/boxexpert.de\/es\/#website","url":"https:\/\/boxexpert.de\/es\/","name":"BOXEXPERT - Professionelle Geh\u00e4usel\u00f6sungen f\u00fcr h\u00f6chste Anspr\u00fcche","description":"Cajas industriales, armarios de distribuci\u00f3n, cajas de instalaci\u00f3n, cajas de fusibles y cajas de distribuci\u00f3n","potentialAction":[{"@type":"SearchAction","target":{"@type":"EntryPoint","urlTemplate":"https:\/\/boxexpert.de\/es\/?s={search_term_string}"},"query-input":{"@type":"PropertyValueSpecification","valueRequired":true,"valueName":"search_term_string"}}],"inLanguage":"es"}]}},"_links":{"self":[{"href":"https:\/\/boxexpert.de\/es\/wp-json\/wp\/v2\/pages\/11210","targetHints":{"allow":["GET"]}}],"collection":[{"href":"https:\/\/boxexpert.de\/es\/wp-json\/wp\/v2\/pages"}],"about":[{"href":"https:\/\/boxexpert.de\/es\/wp-json\/wp\/v2\/types\/page"}],"author":[{"embeddable":true,"href":"https:\/\/boxexpert.de\/es\/wp-json\/wp\/v2\/users\/1"}],"replies":[{"embeddable":true,"href":"https:\/\/boxexpert.de\/es\/wp-json\/wp\/v2\/comments?post=11210"}],"version-history":[{"count":5,"href":"https:\/\/boxexpert.de\/es\/wp-json\/wp\/v2\/pages\/11210\/revisions"}],"predecessor-version":[{"id":62486,"href":"https:\/\/boxexpert.de\/es\/wp-json\/wp\/v2\/pages\/11210\/revisions\/62486"}],"up":[{"embeddable":true,"href":"https:\/\/boxexpert.de\/es\/wp-json\/wp\/v2\/pages\/11056"}],"wp:attachment":[{"href":"https:\/\/boxexpert.de\/es\/wp-json\/wp\/v2\/media?parent=11210"}],"curies":[{"name":"wp","href":"https:\/\/api.w.org\/{rel}","templated":true}]}}