{"id":49548,"date":"2021-08-25T22:48:36","date_gmt":"2021-08-25T22:48:36","guid":{"rendered":"https:\/\/boxexpert.de\/tilini\/"},"modified":"2021-08-25T22:48:47","modified_gmt":"2021-08-25T22:48:47","slug":"tilini","status":"publish","type":"page","link":"https:\/\/boxexpert.de\/fi\/tilini\/","title":{"rendered":"Tilini"},"content":{"rendered":"<div class=\"woocommerce\"><\/div>\n","protected":false},"excerpt":{"rendered":"","protected":false},"author":1,"featured_media":0,"parent":0,"menu_order":0,"comment_status":"closed","ping_status":"closed","template":"","meta":{"_acf_changed":false,"content-type":"","footnotes":""},"class_list":["post-49548","page","type-page","status-publish","hentry"],"acf":[],"yoast_head":"<!-- This site is optimized with the Yoast SEO plugin v27.2 - https:\/\/yoast.com\/product\/yoast-seo-wordpress\/ -->\n<title>Tilini - BOXEXPERT - Professionelle Geh\u00e4usel\u00f6sungen f\u00fcr h\u00f6chste Anspr\u00fcche<\/title>\n<meta name=\"robots\" content=\"index, follow, max-snippet:-1, max-image-preview:large, max-video-preview:-1\" \/>\n<link rel=\"canonical\" href=\"https:\/\/boxexpert.de\/fi\/tilini\/\" \/>\n<meta property=\"og:locale\" content=\"fi_FI\" \/>\n<meta property=\"og:type\" content=\"article\" \/>\n<meta property=\"og:title\" content=\"Tilini - BOXEXPERT - Professionelle Geh\u00e4usel\u00f6sungen f\u00fcr h\u00f6chste Anspr\u00fcche\" \/>\n<meta property=\"og:url\" content=\"https:\/\/boxexpert.de\/fi\/tilini\/\" \/>\n<meta property=\"og:site_name\" content=\"BOXEXPERT - Professionelle Geh\u00e4usel\u00f6sungen f\u00fcr h\u00f6chste Anspr\u00fcche\" \/>\n<meta property=\"article:modified_time\" content=\"2021-08-25T22:48:47+00:00\" \/>\n<meta name=\"twitter:card\" content=\"summary_large_image\" \/>\n<script type=\"application\/ld+json\" class=\"yoast-schema-graph\">{\"@context\":\"https:\/\/schema.org\",\"@graph\":[{\"@type\":\"WebPage\",\"@id\":\"https:\/\/boxexpert.de\/fi\/tilini\/\",\"url\":\"https:\/\/boxexpert.de\/fi\/tilini\/\",\"name\":\"Tilini - BOXEXPERT - Professionelle Geh\u00e4usel\u00f6sungen f\u00fcr h\u00f6chste Anspr\u00fcche\",\"isPartOf\":{\"@id\":\"https:\/\/boxexpert.de\/fi\/#website\"},\"datePublished\":\"2021-08-25T22:48:36+00:00\",\"dateModified\":\"2021-08-25T22:48:47+00:00\",\"breadcrumb\":{\"@id\":\"https:\/\/boxexpert.de\/fi\/tilini\/#breadcrumb\"},\"inLanguage\":\"fi\",\"potentialAction\":[{\"@type\":\"ReadAction\",\"target\":[\"https:\/\/boxexpert.de\/fi\/tilini\/\"]}]},{\"@type\":\"BreadcrumbList\",\"@id\":\"https:\/\/boxexpert.de\/fi\/tilini\/#breadcrumb\",\"itemListElement\":[{\"@type\":\"ListItem\",\"position\":1,\"name\":\"Startseite\",\"item\":\"https:\/\/boxexpert.de\/fi\/\"},{\"@type\":\"ListItem\",\"position\":2,\"name\":\"Tilini\"}]},{\"@type\":\"WebSite\",\"@id\":\"https:\/\/boxexpert.de\/fi\/#website\",\"url\":\"https:\/\/boxexpert.de\/fi\/\",\"name\":\"BOXEXPERT - Professionelle Geh\u00e4usel\u00f6sungen f\u00fcr h\u00f6chste Anspr\u00fcche\",\"description\":\"Industriegeh\u00e4use, Schaltschr\u00e4nke, Installationsgeh\u00e4use, Sicherungsk\u00e4sten und Verteilerk\u00e4sten\",\"potentialAction\":[{\"@type\":\"SearchAction\",\"target\":{\"@type\":\"EntryPoint\",\"urlTemplate\":\"https:\/\/boxexpert.de\/fi\/?s={search_term_string}\"},\"query-input\":{\"@type\":\"PropertyValueSpecification\",\"valueRequired\":true,\"valueName\":\"search_term_string\"}}],\"inLanguage\":\"fi\"}]}<\/script>\n<!-- \/ Yoast SEO plugin. -->","yoast_head_json":{"title":"Tilini - BOXEXPERT - Professionelle Geh\u00e4usel\u00f6sungen f\u00fcr h\u00f6chste Anspr\u00fcche","robots":{"index":"index","follow":"follow","max-snippet":"max-snippet:-1","max-image-preview":"max-image-preview:large","max-video-preview":"max-video-preview:-1"},"canonical":"https:\/\/boxexpert.de\/fi\/tilini\/","og_locale":"fi_FI","og_type":"article","og_title":"Tilini - BOXEXPERT - Professionelle Geh\u00e4usel\u00f6sungen f\u00fcr h\u00f6chste Anspr\u00fcche","og_url":"https:\/\/boxexpert.de\/fi\/tilini\/","og_site_name":"BOXEXPERT - Professionelle Geh\u00e4usel\u00f6sungen f\u00fcr h\u00f6chste Anspr\u00fcche","article_modified_time":"2021-08-25T22:48:47+00:00","twitter_card":"summary_large_image","schema":{"@context":"https:\/\/schema.org","@graph":[{"@type":"WebPage","@id":"https:\/\/boxexpert.de\/fi\/tilini\/","url":"https:\/\/boxexpert.de\/fi\/tilini\/","name":"Tilini - BOXEXPERT - Professionelle Geh\u00e4usel\u00f6sungen f\u00fcr h\u00f6chste Anspr\u00fcche","isPartOf":{"@id":"https:\/\/boxexpert.de\/fi\/#website"},"datePublished":"2021-08-25T22:48:36+00:00","dateModified":"2021-08-25T22:48:47+00:00","breadcrumb":{"@id":"https:\/\/boxexpert.de\/fi\/tilini\/#breadcrumb"},"inLanguage":"fi","potentialAction":[{"@type":"ReadAction","target":["https:\/\/boxexpert.de\/fi\/tilini\/"]}]},{"@type":"BreadcrumbList","@id":"https:\/\/boxexpert.de\/fi\/tilini\/#breadcrumb","itemListElement":[{"@type":"ListItem","position":1,"name":"Startseite","item":"https:\/\/boxexpert.de\/fi\/"},{"@type":"ListItem","position":2,"name":"Tilini"}]},{"@type":"WebSite","@id":"https:\/\/boxexpert.de\/fi\/#website","url":"https:\/\/boxexpert.de\/fi\/","name":"BOXEXPERT - Professionelle Geh\u00e4usel\u00f6sungen f\u00fcr h\u00f6chste Anspr\u00fcche","description":"Industriegeh\u00e4use, Schaltschr\u00e4nke, Installationsgeh\u00e4use, Sicherungsk\u00e4sten und Verteilerk\u00e4sten","potentialAction":[{"@type":"SearchAction","target":{"@type":"EntryPoint","urlTemplate":"https:\/\/boxexpert.de\/fi\/?s={search_term_string}"},"query-input":{"@type":"PropertyValueSpecification","valueRequired":true,"valueName":"search_term_string"}}],"inLanguage":"fi"}]}},"_links":{"self":[{"href":"https:\/\/boxexpert.de\/fi\/wp-json\/wp\/v2\/pages\/49548","targetHints":{"allow":["GET"]}}],"collection":[{"href":"https:\/\/boxexpert.de\/fi\/wp-json\/wp\/v2\/pages"}],"about":[{"href":"https:\/\/boxexpert.de\/fi\/wp-json\/wp\/v2\/types\/page"}],"author":[{"embeddable":true,"href":"https:\/\/boxexpert.de\/fi\/wp-json\/wp\/v2\/users\/1"}],"replies":[{"embeddable":true,"href":"https:\/\/boxexpert.de\/fi\/wp-json\/wp\/v2\/comments?post=49548"}],"version-history":[{"count":3,"href":"https:\/\/boxexpert.de\/fi\/wp-json\/wp\/v2\/pages\/49548\/revisions"}],"predecessor-version":[{"id":49557,"href":"https:\/\/boxexpert.de\/fi\/wp-json\/wp\/v2\/pages\/49548\/revisions\/49557"}],"wp:attachment":[{"href":"https:\/\/boxexpert.de\/fi\/wp-json\/wp\/v2\/media?parent=49548"}],"curies":[{"name":"wp","href":"https:\/\/api.w.org\/{rel}","templated":true}]}}