{"id":11160,"date":"2020-02-13T09:17:51","date_gmt":"2020-02-13T09:17:51","guid":{"rendered":"https:\/\/boxexpert.de\/faqs\/normen\/"},"modified":"2020-06-25T10:13:22","modified_gmt":"2020-06-25T10:13:22","slug":"normes","status":"publish","type":"page","link":"https:\/\/boxexpert.de\/fr\/faqs\/normes\/","title":{"rendered":"Normes"},"content":{"rendered":"<div class=\"wpb-content-wrapper\"><p>[vc_row][vc_column]\n\t\t<div id=\"wd-5ef478685306f\" class=\"title-wrapper wd-wpb wd-set-mb reset-last-child  wd-rs-5ef478685306f wd-title-color-primary wd-title-style-underlined text-left vc_custom_1593079923689 wd-underline-colored\">\n\t\t\t\t\t\t\t\n\t\t\t\t<div class=\"title-subtitle  subtitle-color-primary font-default subtitle-style-default wd-font-weight- wd-fontsize-xs\">FAQ'S<\/div>\n\t\t\t\n\t\t\t<div class=\"liner-continer\">\n\t\t\t\t<h1 class=\"woodmart-title-container title  wd-font-weight- wd-fontsize-xl\" ><strong>QUELLES SONT LES NORMES APPLICABLES ?<\/strong><\/h1>\n\t\t\t\t\t\t\t<\/div>\n\t\t\t\n\t\t\t\n\t\t\t\n\t\t<\/div>\n\t\t\n\t\t[vc_column_text text_larger=\u00a0\u00bbno\u00a0\u00bb]Les normes applicables aux bo\u00eetes, bo\u00eetiers et parties de bo\u00eetiers des \u00e9quipements d&rsquo;installation \u00e9lectrique sont les suivantes<\/p>\n<ul>\n<li>DIN EN 60670-1 (VDE 0606-1)<\/li>\n<li>DIN EN 61439-1 (VDE 0660-600-1)<\/li>\n<li>DIN EN 62208 (VDE 0660-511)<\/li>\n<\/ul>\n<p>[\/vc_column_text][vc_row_inner][vc_column_inner width=\u00a0\u00bb1\/3&Prime;]\n\t\t<div id=\"wd-5e81d30e9902e\" class=\"title-wrapper wd-wpb wd-set-mb reset-last-child  wd-rs-5e81d30e9902e wd-title-color-primary wd-title-style-underlined text-left vc_custom_1585566482243 wd-underline-colored\">\n\t\t\t\n\t\t\t<div class=\"liner-continer\">\n\t\t\t\t<h1 class=\"woodmart-title-container title  wd-font-weight- wd-fontsize-m\" ><strong>DIN EN 60670-1<\/strong><\/h1>\n\t\t\t\t\t\t\t<\/div>\n\t\t\t\n\t\t\t\n\t\t\t\n\t\t<\/div>\n\t\t\n\t\t[\/vc_column_inner][vc_column_inner width=\u00a0\u00bb1\/3&Prime;][\/vc_column_inner][vc_column_inner width=\u00a0\u00bb1\/3&Prime;][\/vc_column_inner][\/vc_row_inner][vc_column_text text_larger=\u00a0\u00bbno\u00a0\u00bb]La norme DIN EN 60670-1, VDE 0606-1 s&rsquo;applique aux bo\u00eetes, bo\u00eetiers et parties de bo\u00eetiers d&rsquo;appareils d&rsquo;installation \u00e9lectrique dont la tension nominale ne d\u00e9passe pas 1000 V AC et 1500 V DC, qui sont destin\u00e9s \u00e0 un usage domestique et aux installations \u00e9lectriques fixes similaires \u00e0 l&rsquo;int\u00e9rieur ou \u00e0 l&rsquo;ext\u00e9rieur.[\/vc_column_text][vc_row_inner][vc_column_inner width=\u00a0\u00bb1\/3&Prime;]\n\t\t<div id=\"wd-5e81d331c4914\" class=\"title-wrapper wd-wpb wd-set-mb reset-last-child  wd-rs-5e81d331c4914 wd-title-color-primary wd-title-style-underlined text-left vc_custom_1585566519102 wd-underline-colored\">\n\t\t\t\n\t\t\t<div class=\"liner-continer\">\n\t\t\t\t<h1 class=\"woodmart-title-container title  wd-font-weight- wd-fontsize-m\" ><strong>DIN EN 61439-1<\/strong><\/h1>\n\t\t\t\t\t\t\t<\/div>\n\t\t\t\n\t\t\t\n\t\t\t\n\t\t<\/div>\n\t\t\n\t\t[\/vc_column_inner][vc_column_inner width=\u00a0\u00bb1\/3&Prime;][\/vc_column_inner][vc_column_inner width=\u00a0\u00bb1\/3&Prime;][\/vc_column_inner][\/vc_row_inner][vc_column_text text_larger=\u00a0\u00bbno\u00a0\u00bb]La norme CEI 61439 (&#8230;) et les normes nationales DIN EN 61439, SN EN 61439, \u00d6VE\/\u00d6NORM EN 61439 dans l&rsquo;espace germanophone, traitent des exigences de s\u00e9curit\u00e9 pour les appareillages de commutation \u00e0 basse tension. Elle concerne entre autres la distribution de l&rsquo;\u00e9nergie \u00e9lectrique dans les b\u00e2timents et les applications industrielles. (&#8230;) La nouvelle s\u00e9rie de normes EN (CEI) 61439 d\u00e9finit des r\u00e8gles claires pour les ensembles d&rsquo;appareillage \u00e0 basse tension (SK). Il pr\u00e9cise les exigences de s\u00e9curit\u00e9 pour les \u00e9quipements \u00e9lectriques \u00e0 l&rsquo;intention des planificateurs, des constructeurs de syst\u00e8mes, des installateurs \u00e9lectriques et des clients finaux afin de respecter les objectifs de protection des personnes et des syst\u00e8mes dans les installations \u00e9lectriques.[\/vc_column_text][vc_row_inner][vc_column_inner width=\u00a0\u00bb1\/3&Prime;]\n\t\t<div id=\"wd-5e81d33e06684\" class=\"title-wrapper wd-wpb wd-set-mb reset-last-child  wd-rs-5e81d33e06684 wd-title-color-primary wd-title-style-underlined text-left vc_custom_1585566531928 wd-underline-colored\">\n\t\t\t\n\t\t\t<div class=\"liner-continer\">\n\t\t\t\t<h1 class=\"woodmart-title-container title  wd-font-weight- wd-fontsize-m\" ><strong>DIN EN 62208<\/strong><\/h1>\n\t\t\t\t\t\t\t<\/div>\n\t\t\t\n\t\t\t\n\t\t\t\n\t\t<\/div>\n\t\t\n\t\t[\/vc_column_inner][vc_column_inner width=\u00a0\u00bb1\/3&Prime;][\/vc_column_inner][vc_column_inner width=\u00a0\u00bb1\/3&Prime;][\/vc_column_inner][\/vc_row_inner][vc_column_text text_larger=\u00a0\u00bbno\u00a0\u00bb]Cette norme s&rsquo;applique aux bo\u00eetiers vides tels que fournis par le fabricant de bo\u00eetiers avant que l&rsquo;\u00e9quipement ne soit install\u00e9 par le fabricant de l&rsquo;ensemble d&rsquo;appareillage.<br \/>\nElle d\u00e9finit les termes, les classifications, les caract\u00e9ristiques et les exigences d&rsquo;essai pour les bo\u00eetiers qui doivent \u00eatre utilis\u00e9s, par exemple, pour les ensembles d&rsquo;appareillage de commutation et de commande conform\u00e9ment aux normes de la s\u00e9rie CEI 61439 avec une tension nominale ne d\u00e9passant pas 1 000 V CA ou 1 500 V CC, pour une installation g\u00e9n\u00e9rale \u00e0 l&rsquo;int\u00e9rieur ou \u00e0 l&rsquo;ext\u00e9rieur.[\/vc_column_text][\/vc_column][\/vc_row][vc_row][vc_column][vc_column_text text_larger=\u00a0\u00bbno\u00a0\u00bb]<style data-type=\"vc_shortcodes-custom-css\">.vc_custom_1586005850397{padding-top: 6vh !important;}.vc_custom_1581689860303{margin-bottom: 6vh !important;padding-top: 0px !important;}.vc_custom_1588860339654{margin-bottom: 20px !important;}.vc_custom_1512552757832{margin-top: -30px !important;margin-right: -30px !important;margin-bottom: -30px !important;margin-left: -30px !important;}.vc_custom_1512552766600{padding-top: 30px !important;padding-right: 30px !important;padding-bottom: 15px !important;padding-left: 30px !important;}.vc_custom_1581585874277{padding-top: 30px !important;padding-right: 30px !important;padding-bottom: 30px !important;padding-left: 30px !important;background-color: #3583ba !important;}.vc_custom_1588860139776{margin-bottom: 0px !important;}.vc_custom_1484144347493{margin-bottom: 30px !important;}.vc_custom_1588860126868{margin-bottom: 20px !important;}#wd-5eb415aaa7fe5 .woodmart-title-container{line-height:46px;font-size:36px;}#wd-5eb415aaa7fe5 .title-subtitle{color:#3684bb;}#wd-5eb415aaa7fe5 .title-after_title{line-height:24px;font-size:14px;}@media (max-width: 1024px) {#wd-5eb415aaa7fe5 .woodmart-title-container{line-height:40px;font-size:30px;}#wd-5eb415aaa7fe5 .title-after_title{line-height:24px;font-size:14px;}}@media (max-width: 767px) {#wd-5eb415aaa7fe5 .woodmart-title-container{line-height:38px;font-size:28px;}}<\/style><div class=\"wpb-content-wrapper\">[vc_row full_width=\"stretch_row\" content_placement=\"middle\" css=\".vc_custom_1586005850397{padding-top: 6vh !important;}\" mobile_bg_img_hidden=\"no\" tablet_bg_img_hidden=\"no\" woodmart_parallax=\"0\" woodmart_gradient_switch=\"no\" row_reverse_mobile=\"0\" row_reverse_tablet=\"0\" woodmart_disable_overflow=\"0\"][vc_column css=\".vc_custom_1581689860303{margin-bottom: 6vh !important;padding-top: 0px !important;}\" mobile_bg_img_hidden=\"no\" tablet_bg_img_hidden=\"no\" woodmart_parallax=\"0\" woodmart_sticky_column=\"false\" parallax_scroll=\"no\" mobile_reset_margin=\"no\" tablet_reset_margin=\"no\"]\n\t\t<div id=\"wd-5eb415aaa7fe5\" class=\"title-wrapper wd-wpb wd-set-mb reset-last-child  wd-rs-5eb415aaa7fe5 wd-title-color-default wd-title-style-default text-center vc_custom_1588860339654 wd-underline-colored\">\n\t\t\t\t\t\t\t\n\t\t\t\t<div class=\"title-subtitle  subtitle-color-default font-default subtitle-style-default wd-font-weight- wd-fontsize-xs\">BOXEXPERT SUPPORT<\/div>\n\t\t\t\n\t\t\t<div class=\"liner-continer\">\n\t\t\t\t<h3 class=\"woodmart-title-container title  wd-font-weight- wd-fontsize-l\" >Vous avez des questions?<\/h3>\n\t\t\t\t\t\t\t<\/div>\n\t\t\t\n\t\t\t\t\t\t\t<div class=\"title-after_title reset-last-child  wd-fontsize-xs\">Nos collaborateurs sont \u00e0 votre disposition via le chat et le formulaire de contact et sont heureux de r\u00e9pondre \u00e0 toutes vos questions.<\/div>\n\t\t\t\n\t\t\t\n\t\t<\/div>\n\t\t\n\t\t<div id=\"wd-5ebcf4027b9f4\" class=\" wd-rs-5ebcf4027b9f4   wd-rs-5ebcf4027b9f4 wd-button-wrapper text-center\"><a href=\"#contact-form-popup\" title=\"\" class=\"btn btn-color-primary btn-style-default btn-shape-rectangle btn-size-default wd-open-popup \">CONTACTER MAINTENANT<\/a><\/div><div id=\"contact-form-popup\" class=\"mfp-hide wd-popup wd-popup-element wd-scroll-content\" style=\"--wd-popup-width:900px;\">[vc_row_inner equal_height=\"yes\" css=\".vc_custom_1512552757832{margin-top: -30px !important;margin-right: -30px !important;margin-bottom: -30px !important;margin-left: -30px !important;}\"][vc_column_inner width=\"2\/3\" css=\".vc_custom_1512552766600{padding-top: 30px !important;padding-right: 30px !important;padding-bottom: 15px !important;padding-left: 30px !important;}\"]\n\t\t<div id=\"wd-5eb414cd3a8f5\" class=\"title-wrapper wd-wpb wd-set-mb reset-last-child  wd-rs-5eb414cd3a8f5 wd-title-color-default wd-title-style-default text-left  wd-underline-colored\">\n\t\t\t\n\t\t\t<div class=\"liner-continer\">\n\t\t\t\t<h4 class=\"woodmart-title-container title  wd-font-weight- wd-fontsize-m\" >ENVOYEZ-NOUS VOTRE MESSAGE<\/h4>\n\t\t\t\t\t\t\t<\/div>\n\t\t\t\n\t\t\t\n\t\t\t\n\t\t<\/div>\n\t\t\n\t\t[vc_column_text css=\".vc_custom_1588860139776{margin-bottom: 0px !important;}\" text_larger=\"no\"][contact-form-7 id=\"3932\" title=\"popup contact form\"][\/vc_column_text][\/vc_column_inner][vc_column_inner width=\"1\/3\" css=\".vc_custom_1581585874277{padding-top: 30px !important;padding-right: 30px !important;padding-bottom: 30px !important;padding-left: 30px !important;background-color: #3583ba !important;}\"]\n\t\t<div id=\"wd-5eb414d290b33\" class=\"title-wrapper wd-wpb wd-set-mb reset-last-child  wd-rs-5eb414d290b33 wd-title-color-white wd-title-style-default text-left  wd-underline-colored\">\n\t\t\t\n\t\t\t<div class=\"liner-continer\">\n\t\t\t\t<h4 class=\"woodmart-title-container title  wd-font-weight- wd-fontsize-m\" >INFORMATIONS DE CONTACT<\/h4>\n\t\t\t\t\t\t\t<\/div>\n\t\t\t\n\t\t\t\n\t\t\t\n\t\t<\/div>\n\t\t\n\t\t\t\t\t<div class=\"info-box-wrapper\">\n\t\t\t\t<div id=\"wd-5ebcf40be4880\" class=\" wd-rs-5ebcf40be4880 wd-info-box wd-wpb text-left box-icon-align-left box-style- color-scheme-light wd-bg-none wd-items-top \">\n\t\t\t\t\t\t\t\t\t\t<div class=\"info-box-content\">\n\t\t\t\t\t\t\t\t\t\t\t\t<div class=\"info-box-inner reset-last-child\"><p>BOXEXPERT.DE<br \/>\nGr\u00fctzm\u00fchlenweg 46<br \/>\n22339 Hamburg<br \/>\nGermany<\/p>\n<\/div>\n\n\t\t\t\t\t\t\t\t\t\t\t<\/div>\n\n\t\t\t\t\t\n\t\t\t\t\t\t\t\t\t<\/div>\n\t\t\t<\/div>\n\t\t\t\t\t<div class=\"info-box-wrapper\">\n\t\t\t\t<div id=\"wd-5eb413f7891b1\" class=\" wd-rs-5eb413f7891b1 wd-info-box wd-wpb text-left box-icon-align-left box-style- color-scheme-light wd-bg-none wd-items-top \">\n\t\t\t\t\t\t\t\t\t\t<div class=\"info-box-content\">\n\t\t\t\t\t\t\t\t\t\t\t\t<div class=\"info-box-inner reset-last-child\"><div style=\"line-height: 2;\"><i class=\"fa fa-phone-square\" style=\"width: 15px; text-align: center; margin-right: 4px; color: #676767;\"><\/i>+49 (0)40 53 80 92 10<br \/>\n<i class=\"fa fa-fax\" style=\"width: 15px; text-align: center; margin-right: 4px; color: #676767;\"><\/i>+49 (0)40 53 80 92 86<\/div>\n<\/div>\n\n\t\t\t\t\t\t\t\t\t\t\t<\/div>\n\n\t\t\t\t\t\n\t\t\t\t\t\t\t\t\t<\/div>\n\t\t\t<\/div>\n\t\t\t\t\t<div class=\"info-box-wrapper\">\n\t\t\t\t<div id=\"wd-5e46aa795cac1\" class=\" wd-rs-5e46aa795cac1 wd-info-box wd-wpb text-left box-icon-align-left box-style- color-scheme-light wd-bg-none wd-items-top \">\n\t\t\t\t\t\t\t\t\t\t<div class=\"info-box-content\">\n\t\t\t\t\t\t\t\t\t\t\t\t<div class=\"info-box-inner reset-last-child\"><div style=\"line-height: 2;\"><i class=\"fa fa-envelope-square\" style=\"width: 15px; text-align: center; margin-right: 4px; color: #676767;\"><\/i> <a href=\"mailto:info@boxexpert.de\">info@boxexpert.de<\/a><\/div>\n<\/div>\n\n\t\t\t\t\t\t\t\t\t\t\t<\/div>\n\n\t\t\t\t\t\n\t\t\t\t\t\t\t\t\t<\/div>\n\t\t\t<\/div>\n\t\t[vc_separator color=\"custom\" accent_color=\"rgba(255,255,255,0.15)\" css=\".vc_custom_1484144347493{margin-bottom: 30px !important;}\"][vc_column_text woodmart_color_scheme=\"light\" css=\".vc_custom_1588860126868{margin-bottom: 20px !important;}\" text_larger=\"no\"]Suivez-nous sur nos canaux de m\u00e9dias sociaux et informez-vous sur les nouveaux produits.[\/vc_column_text]\t\t\t<div\n\t\t\t\t\t\tclass=\" wd-social-icons  wd-style-colored wd-size-small social-follow wd-shape-circle text-left\">\n\t\t\t\t\n\t\t\t\t\n\t\t\t\t\t\t\t\t\t<a rel=\"noopener noreferrer nofollow\" href=\"https:\/\/www.facebook.com\/BOXEXPERT.DE\/\" target=\"_blank\" class=\" wd-social-icon social-facebook\" aria-label=\"Facebook social link\">\n\t\t\t\t\t\t<span class=\"wd-icon\"><\/span>\n\t\t\t\t\t\t\t\t\t\t\t<\/a>\n\t\t\t\t\n\t\t\t\t\n\t\t\t\t\n\t\t\t\t\n\t\t\t\t\t\t\t\t\t<a rel=\"noopener noreferrer nofollow\" href=\"https:\/\/www.instagram.com\/boxexpert_hamburg\/\" target=\"_blank\" class=\" wd-social-icon social-instagram\" aria-label=\"Instagram social link\">\n\t\t\t\t\t\t<span class=\"wd-icon\"><\/span>\n\t\t\t\t\t\t\t\t\t\t\t<\/a>\n\t\t\t\t\n\t\t\t\t\n\t\t\t\t\n\t\t\t\t\n\t\t\t\t\n\t\t\t\t\t\t\t\t\t<a rel=\"noopener noreferrer nofollow\" href=\"https:\/\/www.linkedin.com\/company\/boxexpert\/\" target=\"_blank\" class=\" wd-social-icon social-linkedin\" aria-label=\"Linkedin social link\">\n\t\t\t\t\t\t<span class=\"wd-icon\"><\/span>\n\t\t\t\t\t\t\t\t\t\t\t<\/a>\n\t\t\t\t\n\t\t\t\t\n\t\t\t\t\n\t\t\t\t\n\t\t\t\t\n\t\t\t\t\n\t\t\t\t\n\t\t\t\t\n\t\t\t\t\n\t\t\t\t\n\t\t\t\t\n\t\t\t\t\n\t\t\t\t\n\t\t\t\t\n\t\t\t\t\n\t\t\t\t\n\t\t\t\t\n\t\t\t<\/div>\n\n\t\t[\/vc_column_inner][\/vc_row_inner]<\/div>[\/vc_column][\/vc_row]<\/div>[\/vc_column_text][\/vc_column][\/vc_row]<\/p>\n<\/div>","protected":false},"excerpt":{"rendered":"<p>[vc_row][vc_column][vc_column_text text_larger=\u00a0\u00bbno\u00a0\u00bb]Les normes applicables aux bo\u00eetes, bo\u00eetiers et parties de bo\u00eetiers des \u00e9quipements d&rsquo;installation \u00e9lectrique sont les suivantes DIN EN<\/p>\n","protected":false},"author":1,"featured_media":0,"parent":11052,"menu_order":0,"comment_status":"closed","ping_status":"closed","template":"","meta":{"_acf_changed":false,"content-type":"","footnotes":""},"class_list":["post-11160","page","type-page","status-publish","hentry"],"acf":[],"yoast_head":"<!-- This site is optimized with the Yoast SEO plugin v27.2 - https:\/\/yoast.com\/product\/yoast-seo-wordpress\/ -->\n<title>Normes - BOXEXPERT - Des solutions d&#039;armoires professionnelles pour les plus hautes exigences<\/title>\n<meta name=\"robots\" content=\"index, follow, max-snippet:-1, max-image-preview:large, max-video-preview:-1\" \/>\n<link rel=\"canonical\" href=\"https:\/\/boxexpert.de\/fr\/faqs\/normes\/\" \/>\n<meta property=\"og:locale\" content=\"fr_FR\" \/>\n<meta property=\"og:type\" content=\"article\" \/>\n<meta property=\"og:title\" content=\"Normes - BOXEXPERT - Des solutions d&#039;armoires professionnelles pour les plus hautes exigences\" \/>\n<meta property=\"og:description\" content=\"[vc_row][vc_column][vc_column_text text_larger=\u00a0\u00bbno\u00a0\u00bb]Les normes applicables aux bo\u00eetes, bo\u00eetiers et parties de bo\u00eetiers des \u00e9quipements d&rsquo;installation \u00e9lectrique sont les suivantes DIN EN\" \/>\n<meta property=\"og:url\" content=\"https:\/\/boxexpert.de\/fr\/faqs\/normes\/\" \/>\n<meta property=\"og:site_name\" content=\"BOXEXPERT - Des solutions d&#039;armoires professionnelles pour les plus hautes exigences\" \/>\n<meta property=\"article:modified_time\" content=\"2020-06-25T10:13:22+00:00\" \/>\n<meta name=\"twitter:card\" content=\"summary_large_image\" \/>\n<script type=\"application\/ld+json\" class=\"yoast-schema-graph\">{\"@context\":\"https:\/\/schema.org\",\"@graph\":[{\"@type\":\"WebPage\",\"@id\":\"https:\/\/boxexpert.de\/fr\/faqs\/normes\/\",\"url\":\"https:\/\/boxexpert.de\/fr\/faqs\/normes\/\",\"name\":\"Normes - BOXEXPERT - Des solutions d'armoires professionnelles pour les plus hautes exigences\",\"isPartOf\":{\"@id\":\"https:\/\/boxexpert.de\/fr\/#website\"},\"datePublished\":\"2020-02-13T09:17:51+00:00\",\"dateModified\":\"2020-06-25T10:13:22+00:00\",\"breadcrumb\":{\"@id\":\"https:\/\/boxexpert.de\/fr\/faqs\/normes\/#breadcrumb\"},\"inLanguage\":\"fr-FR\",\"potentialAction\":[{\"@type\":\"ReadAction\",\"target\":[\"https:\/\/boxexpert.de\/fr\/faqs\/normes\/\"]}]},{\"@type\":\"BreadcrumbList\",\"@id\":\"https:\/\/boxexpert.de\/fr\/faqs\/normes\/#breadcrumb\",\"itemListElement\":[{\"@type\":\"ListItem\",\"position\":1,\"name\":\"Startseite\",\"item\":\"https:\/\/boxexpert.de\/fr\/\"},{\"@type\":\"ListItem\",\"position\":2,\"name\":\"FAQs\",\"item\":\"https:\/\/boxexpert.de\/fr\/faqs\/\"},{\"@type\":\"ListItem\",\"position\":3,\"name\":\"Normes\"}]},{\"@type\":\"WebSite\",\"@id\":\"https:\/\/boxexpert.de\/fr\/#website\",\"url\":\"https:\/\/boxexpert.de\/fr\/\",\"name\":\"BOXEXPERT - Professionelle Geh\u00e4usel\u00f6sungen f\u00fcr h\u00f6chste Anspr\u00fcche\",\"description\":\"Bo\u00eetiers industriels, armoires \u00e9lectriques, bo\u00eetiers d'installation, bo\u00eetes \u00e0 fusibles et bo\u00eetes de distribution\",\"potentialAction\":[{\"@type\":\"SearchAction\",\"target\":{\"@type\":\"EntryPoint\",\"urlTemplate\":\"https:\/\/boxexpert.de\/fr\/?s={search_term_string}\"},\"query-input\":{\"@type\":\"PropertyValueSpecification\",\"valueRequired\":true,\"valueName\":\"search_term_string\"}}],\"inLanguage\":\"fr-FR\"}]}<\/script>\n<!-- \/ Yoast SEO plugin. -->","yoast_head_json":{"title":"Normes - BOXEXPERT - Des solutions d'armoires professionnelles pour les plus hautes exigences","robots":{"index":"index","follow":"follow","max-snippet":"max-snippet:-1","max-image-preview":"max-image-preview:large","max-video-preview":"max-video-preview:-1"},"canonical":"https:\/\/boxexpert.de\/fr\/faqs\/normes\/","og_locale":"fr_FR","og_type":"article","og_title":"Normes - BOXEXPERT - Des solutions d'armoires professionnelles pour les plus hautes exigences","og_description":"[vc_row][vc_column][vc_column_text text_larger=\u00a0\u00bbno\u00a0\u00bb]Les normes applicables aux bo\u00eetes, bo\u00eetiers et parties de bo\u00eetiers des \u00e9quipements d&rsquo;installation \u00e9lectrique sont les suivantes DIN EN","og_url":"https:\/\/boxexpert.de\/fr\/faqs\/normes\/","og_site_name":"BOXEXPERT - Des solutions d'armoires professionnelles pour les plus hautes exigences","article_modified_time":"2020-06-25T10:13:22+00:00","twitter_card":"summary_large_image","schema":{"@context":"https:\/\/schema.org","@graph":[{"@type":"WebPage","@id":"https:\/\/boxexpert.de\/fr\/faqs\/normes\/","url":"https:\/\/boxexpert.de\/fr\/faqs\/normes\/","name":"Normes - BOXEXPERT - Des solutions d'armoires professionnelles pour les plus hautes exigences","isPartOf":{"@id":"https:\/\/boxexpert.de\/fr\/#website"},"datePublished":"2020-02-13T09:17:51+00:00","dateModified":"2020-06-25T10:13:22+00:00","breadcrumb":{"@id":"https:\/\/boxexpert.de\/fr\/faqs\/normes\/#breadcrumb"},"inLanguage":"fr-FR","potentialAction":[{"@type":"ReadAction","target":["https:\/\/boxexpert.de\/fr\/faqs\/normes\/"]}]},{"@type":"BreadcrumbList","@id":"https:\/\/boxexpert.de\/fr\/faqs\/normes\/#breadcrumb","itemListElement":[{"@type":"ListItem","position":1,"name":"Startseite","item":"https:\/\/boxexpert.de\/fr\/"},{"@type":"ListItem","position":2,"name":"FAQs","item":"https:\/\/boxexpert.de\/fr\/faqs\/"},{"@type":"ListItem","position":3,"name":"Normes"}]},{"@type":"WebSite","@id":"https:\/\/boxexpert.de\/fr\/#website","url":"https:\/\/boxexpert.de\/fr\/","name":"BOXEXPERT - Professionelle Geh\u00e4usel\u00f6sungen f\u00fcr h\u00f6chste Anspr\u00fcche","description":"Bo\u00eetiers industriels, armoires \u00e9lectriques, bo\u00eetiers d'installation, bo\u00eetes \u00e0 fusibles et bo\u00eetes de distribution","potentialAction":[{"@type":"SearchAction","target":{"@type":"EntryPoint","urlTemplate":"https:\/\/boxexpert.de\/fr\/?s={search_term_string}"},"query-input":{"@type":"PropertyValueSpecification","valueRequired":true,"valueName":"search_term_string"}}],"inLanguage":"fr-FR"}]}},"_links":{"self":[{"href":"https:\/\/boxexpert.de\/fr\/wp-json\/wp\/v2\/pages\/11160","targetHints":{"allow":["GET"]}}],"collection":[{"href":"https:\/\/boxexpert.de\/fr\/wp-json\/wp\/v2\/pages"}],"about":[{"href":"https:\/\/boxexpert.de\/fr\/wp-json\/wp\/v2\/types\/page"}],"author":[{"embeddable":true,"href":"https:\/\/boxexpert.de\/fr\/wp-json\/wp\/v2\/users\/1"}],"replies":[{"embeddable":true,"href":"https:\/\/boxexpert.de\/fr\/wp-json\/wp\/v2\/comments?post=11160"}],"version-history":[{"count":3,"href":"https:\/\/boxexpert.de\/fr\/wp-json\/wp\/v2\/pages\/11160\/revisions"}],"predecessor-version":[{"id":11177,"href":"https:\/\/boxexpert.de\/fr\/wp-json\/wp\/v2\/pages\/11160\/revisions\/11177"}],"up":[{"embeddable":true,"href":"https:\/\/boxexpert.de\/fr\/wp-json\/wp\/v2\/pages\/11052"}],"wp:attachment":[{"href":"https:\/\/boxexpert.de\/fr\/wp-json\/wp\/v2\/media?parent=11160"}],"curies":[{"name":"wp","href":"https:\/\/api.w.org\/{rel}","templated":true}]}}