{"id":11201,"date":"2020-02-13T09:17:11","date_gmt":"2020-02-13T09:17:11","guid":{"rendered":"https:\/\/boxexpert.de\/faqs\/rohs-reach\/"},"modified":"2022-04-08T05:49:03","modified_gmt":"2022-04-08T05:49:03","slug":"rohs-reach","status":"publish","type":"page","link":"https:\/\/boxexpert.de\/fr\/faqs\/rohs-reach\/","title":{"rendered":"RoHS \/ REACH"},"content":{"rendered":"<div class=\"wpb-content-wrapper\"><p>[vc_row][vc_column]\n\t\t<div id=\"wd-5ef48d5c859cc\" class=\"title-wrapper wd-wpb wd-set-mb reset-last-child  wd-rs-5ef48d5c859cc wd-title-color-primary wd-title-style-underlined text-left vc_custom_1593085279854 wd-underline-colored\">\n\t\t\t\t\t\t\t\n\t\t\t\t<div class=\"title-subtitle  subtitle-color-primary font-default subtitle-style-default wd-font-weight- wd-fontsize-xs\">BOXEXPERT<\/div>\n\t\t\t\n\t\t\t<div class=\"liner-continer\">\n\t\t\t\t<h1 class=\"woodmart-title-container title  wd-font-weight- wd-fontsize-xxl\" ><strong>FAQ'S RoHS, REACH &amp; CE<\/strong><\/h1>\n\t\t\t\t\t\t\t<\/div>\n\t\t\t\n\t\t\t\n\t\t\t\n\t\t<\/div>\n\t\t\n\t\t[\/vc_column][\/vc_row][vc_row full_width=\u00a0\u00bbstretch_row\u00a0\u00bb content_placement=\u00a0\u00bbtop\u00a0\u00bb css=\u00a0\u00bb.vc_custom_1586250255149{margin-bottom: 8vh !important;}\u00a0\u00bb mobile_bg_img_hidden=\u00a0\u00bbno\u00a0\u00bb tablet_bg_img_hidden=\u00a0\u00bbno\u00a0\u00bb woodmart_parallax=\u00a0\u00bb0&Prime; woodmart_gradient_switch=\u00a0\u00bbno\u00a0\u00bb row_reverse_mobile=\u00a0\u00bb0&Prime; row_reverse_tablet=\u00a0\u00bb0&Prime; woodmart_disable_overflow=\u00a0\u00bb0&Prime;][vc_column width=\u00a0\u00bb1\/2&Prime; css=\u00a0\u00bb.vc_custom_1586954960915{margin-bottom: 20px !important;padding-top: 0px !important;}\u00a0\u00bb mobile_bg_img_hidden=\u00a0\u00bbno\u00a0\u00bb tablet_bg_img_hidden=\u00a0\u00bbno\u00a0\u00bb woodmart_parallax=\u00a0\u00bb0&Prime; woodmart_sticky_column=\u00a0\u00bbfalse\u00a0\u00bb parallax_scroll=\u00a0\u00bbno\u00a0\u00bb mobile_reset_margin=\u00a0\u00bbno\u00a0\u00bb tablet_reset_margin=\u00a0\u00bbno\u00a0\u00bb]\n\t\t<div id=\"wd-624fcc82cd564\" class=\"title-wrapper wd-wpb wd-set-mb reset-last-child  wd-rs-624fcc82cd564 wd-title-color-primary wd-title-style-underlined text-left vc_custom_1649396886681 wd-underline-colored\">\n\t\t\t\t\t\t\t\n\t\t\t\t<div class=\"title-subtitle  subtitle-color-primary font-default subtitle-style-default wd-font-weight- wd-fontsize-xs\">REACH<\/div>\n\t\t\t\n\t\t\t<div class=\"liner-continer\">\n\t\t\t\t<h2 class=\"woodmart-title-container title  wd-font-weight- wd-fontsize-l\" >R\u00e8glement concernant l'enregistrement, l'\u00e9valuation et l'autorisation des substances chimiques, ainsi que les restrictions applicables \u00e0 ces substances.<\/h2>\n\t\t\t\t\t\t\t<\/div>\n\t\t\t\n\t\t\t\n\t\t\t\n\t\t<\/div>\n\t\t\n\t\t[vc_column_text css=\u00a0\u00bb.vc_custom_1649396895167{margin-bottom: 20px !important;}\u00a0\u00bb text_larger=\u00a0\u00bbno\u00a0\u00bb woodmart_inline=\u00a0\u00bbno\u00a0\u00bb]Le r\u00e8glement REACH &#8211; R\u00e8glement (CE) 1907\/2006] est le r\u00e8glement europ\u00e9en sur les produits chimiques concernant l&rsquo;enregistrement, l&rsquo;\u00e9valuation, l&rsquo;autorisation et les restrictions des substances chimiques.<\/p>\n<p>REACH est en vigueur depuis 2007 et vise \u00e0 assurer un niveau \u00e9lev\u00e9 de protection de la sant\u00e9 humaine et de l&rsquo;environnement. Dans le m\u00eame temps, il vise \u00e0 assurer la libre circulation des produits chimiques sur le march\u00e9 int\u00e9rieur et \u00e0 promouvoir la comp\u00e9titivit\u00e9 et l&rsquo;innovation. REACH repose sur le principe selon lequel les fabricants, les importateurs et les utilisateurs en aval assument la responsabilit\u00e9 de leurs produits chimiques. Ils doivent s&rsquo;assurer que les produits chimiques qu&rsquo;ils produisent et mettent sur le march\u00e9 sont utilis\u00e9s en toute s\u00e9curit\u00e9. L&rsquo;abr\u00e9viation \u00ab\u00a0REACH\u00a0\u00bb est d\u00e9riv\u00e9e du titre anglais du r\u00e8glement : R\u00e8glement concernant l&rsquo;enregistrement, l&rsquo;\u00e9valuation et l&rsquo;autorisation des substances chimiques, ainsi que les restrictions applicables \u00e0 ces substances. Le r\u00e8glement REACH est consid\u00e9r\u00e9 comme l&rsquo;une des lois les plus strictes au monde en mati\u00e8re de produits chimiques.\u00a0\u00bb[\/vc_column_text]\n\t\t<div id=\"wd-5ef48d9f6bba4\" class=\"title-wrapper wd-wpb wd-set-mb reset-last-child  wd-rs-5ef48d9f6bba4 wd-title-color-primary wd-title-style-underlined text-left vc_custom_1593085347561 wd-underline-colored\">\n\t\t\t\t\t\t\t\n\t\t\t\t<div class=\"title-subtitle  subtitle-color-primary font-default subtitle-style-default wd-font-weight- wd-fontsize-xs\">Conformit\u00e9 Europ\u00e9enne<\/div>\n\t\t\t\n\t\t\t<div class=\"liner-continer\">\n\t\t\t\t<h2 class=\"woodmart-title-container title  wd-font-weight- wd-fontsize-l\" >CE Marking<\/h2>\n\t\t\t\t\t\t\t<\/div>\n\t\t\t\n\t\t\t\n\t\t\t\n\t\t<\/div>\n\t\t\n\t\t[vc_column_text css=\u00a0\u00bb.vc_custom_1649396902558{margin-bottom: 20px !important;}\u00a0\u00bb text_larger=\u00a0\u00bbno\u00a0\u00bb woodmart_inline=\u00a0\u00bbno\u00a0\u00bb]Les lettres \u00ab\u00a0CE\u00a0\u00bb apparaissent sur de nombreux produits commercialis\u00e9s dans le march\u00e9 int\u00e9rieur \u00e9largi de l&rsquo;Espace \u00e9conomique europ\u00e9en (EEE). Elles signifient que les produits vendus dans l&rsquo;EEE ont \u00e9t\u00e9 contr\u00f4l\u00e9s afin de garantir qu&rsquo;ils r\u00e9pondent \u00e0 des normes \u00e9lev\u00e9es en mati\u00e8re de s\u00e9curit\u00e9, de sant\u00e9 et de protection de l&rsquo;environnement. Le marquage CE favorise \u00e9galement une concurrence \u00e9quitable en obligeant toutes les entreprises \u00e0 respecter les m\u00eames r\u00e8gles.<br \/>\nEn apposant le marquage CE sur un produit, un fabricant d\u00e9clare que le produit est conforme \u00e0 toutes les exigences l\u00e9gales en mati\u00e8re de marquage CE et peut \u00eatre vendu dans l&rsquo;ensemble de l&rsquo;EEE. Cela s&rsquo;applique \u00e9galement aux produits fabriqu\u00e9s dans d&rsquo;autres pays et vendus dans l&rsquo;EEE.[\/vc_column_text][\/vc_column][vc_column width=\u00a0\u00bb1\/2&Prime; css=\u00a0\u00bb.vc_custom_1536077344327{margin-bottom: 20px !important;padding-top: 0px !important;}\u00a0\u00bb]\n\t\t<div id=\"wd-624fccae8bc8b\" class=\"title-wrapper wd-wpb wd-set-mb reset-last-child  wd-rs-624fccae8bc8b wd-title-color-primary wd-title-style-underlined text-left vc_custom_1649396915186 wd-underline-colored\">\n\t\t\t\t\t\t\t\n\t\t\t\t<div class=\"title-subtitle  subtitle-color-primary font-default subtitle-style-default wd-font-weight- wd-fontsize-xs\">RoHS<\/div>\n\t\t\t\n\t\t\t<div class=\"liner-continer\">\n\t\t\t\t<h2 class=\"woodmart-title-container title  wd-font-weight- wd-fontsize-l\" >Restriction de certaines substances dangereuses<\/h2>\n\t\t\t\t\t\t\t<\/div>\n\t\t\t\n\t\t\t\n\t\t\t\n\t\t<\/div>\n\t\t\n\t\t[vc_column_text css=\u00a0\u00bb.vc_custom_1649396937467{margin-bottom: 20px !important;}\u00a0\u00bb text_larger=\u00a0\u00bbno\u00a0\u00bb woodmart_inline=\u00a0\u00bbno\u00a0\u00bb]La directive RoHS (directive relative \u00e0 la limitation de l&rsquo;utilisation de certaines substances dangereuses dans les d\u00e9chets d&rsquo;\u00e9quipements \u00e9lectriques et \u00e9lectroniques), qui s&rsquo;applique \u00e0 l&rsquo;ensemble de l&rsquo;UE, d\u00e9finit diverses substances chimiques qui ne peuvent pas \u00eatre utilis\u00e9es dans les \u00e9quipements \u00e9lectriques et \u00e9lectroniques. Le 22 juillet 2019, la directive RoHS \u00ab\u00a0\u00e9tendue\u00a0\u00bb entrera en vigueur dans l&rsquo;UE avec de nouvelles interdictions d&rsquo;utilisation de substances.<\/p>\n<p>Les substances suivantes sont r\u00e9glement\u00e9es :<\/p>\n<ul>\n<li>plomb (PB)<\/li>\n<li>cadmium (Cd)<\/li>\n<li>polybromodiph\u00e9nyl\u00e9thers (PBDE)<\/li>\n<li>Mercure (Hg)<\/li>\n<li>Butylbenzylphthalate (BBP)<\/li>\n<li>Phtalate de di(2-\u00e9thylhexyle) (DEHP)<\/li>\n<li>dibutylphtalate (DBP)<\/li>\n<li>dibutylphtalate (DBP)<\/li>\n<\/ul>\n<p>Les mat\u00e9riaux homog\u00e8nes qui contiennent plus de 0,1 % en poids de chacune des substances susmentionn\u00e9es (Cd 0,01 % en poids) ne peuvent pas \u00eatre utilis\u00e9s dans les appareils \u00e9lectriques des cat\u00e9gories d&rsquo;appareils \u00e9num\u00e9r\u00e9es \u00e0 l&rsquo;annexe I de la directive 2011\/65\/UE.<br \/>\nCes limites dites de minimis tiennent compte du fait qu&rsquo;il peut y avoir de tr\u00e8s petites quantit\u00e9s d&rsquo;impuret\u00e9s qui ne peuvent \u00eatre techniquement \u00e9vit\u00e9es.[\/vc_column_text][\/vc_column][\/vc_row][vc_row][vc_column][vc_column_text text_larger=\u00a0\u00bbno\u00a0\u00bb]<style data-type=\"vc_shortcodes-custom-css\">.vc_custom_1586005850397{padding-top: 6vh !important;}.vc_custom_1581689860303{margin-bottom: 6vh !important;padding-top: 0px !important;}.vc_custom_1588860339654{margin-bottom: 20px !important;}.vc_custom_1512552757832{margin-top: -30px !important;margin-right: -30px !important;margin-bottom: -30px !important;margin-left: -30px !important;}.vc_custom_1512552766600{padding-top: 30px !important;padding-right: 30px !important;padding-bottom: 15px !important;padding-left: 30px !important;}.vc_custom_1581585874277{padding-top: 30px !important;padding-right: 30px !important;padding-bottom: 30px !important;padding-left: 30px !important;background-color: #3583ba !important;}.vc_custom_1588860139776{margin-bottom: 0px !important;}.vc_custom_1484144347493{margin-bottom: 30px !important;}.vc_custom_1588860126868{margin-bottom: 20px !important;}#wd-5eb415aaa7fe5 .woodmart-title-container{line-height:46px;font-size:36px;}#wd-5eb415aaa7fe5 .title-subtitle{color:#3684bb;}#wd-5eb415aaa7fe5 .title-after_title{line-height:24px;font-size:14px;}@media (max-width: 1024px) {#wd-5eb415aaa7fe5 .woodmart-title-container{line-height:40px;font-size:30px;}#wd-5eb415aaa7fe5 .title-after_title{line-height:24px;font-size:14px;}}@media (max-width: 767px) {#wd-5eb415aaa7fe5 .woodmart-title-container{line-height:38px;font-size:28px;}}<\/style><div class=\"wpb-content-wrapper\">[vc_row full_width=\"stretch_row\" content_placement=\"middle\" css=\".vc_custom_1586005850397{padding-top: 6vh !important;}\" mobile_bg_img_hidden=\"no\" tablet_bg_img_hidden=\"no\" woodmart_parallax=\"0\" woodmart_gradient_switch=\"no\" row_reverse_mobile=\"0\" row_reverse_tablet=\"0\" woodmart_disable_overflow=\"0\"][vc_column css=\".vc_custom_1581689860303{margin-bottom: 6vh !important;padding-top: 0px !important;}\" mobile_bg_img_hidden=\"no\" tablet_bg_img_hidden=\"no\" woodmart_parallax=\"0\" woodmart_sticky_column=\"false\" parallax_scroll=\"no\" mobile_reset_margin=\"no\" tablet_reset_margin=\"no\"]\n\t\t<div id=\"wd-5eb415aaa7fe5\" class=\"title-wrapper wd-wpb wd-set-mb reset-last-child  wd-rs-5eb415aaa7fe5 wd-title-color-default wd-title-style-default text-center vc_custom_1588860339654 wd-underline-colored\">\n\t\t\t\t\t\t\t\n\t\t\t\t<div class=\"title-subtitle  subtitle-color-default font-default subtitle-style-default wd-font-weight- wd-fontsize-xs\">BOXEXPERT SUPPORT<\/div>\n\t\t\t\n\t\t\t<div class=\"liner-continer\">\n\t\t\t\t<h3 class=\"woodmart-title-container title  wd-font-weight- wd-fontsize-l\" >Vous avez des questions?<\/h3>\n\t\t\t\t\t\t\t<\/div>\n\t\t\t\n\t\t\t\t\t\t\t<div class=\"title-after_title reset-last-child  wd-fontsize-xs\">Nos collaborateurs sont \u00e0 votre disposition via le chat et le formulaire de contact et sont heureux de r\u00e9pondre \u00e0 toutes vos questions.<\/div>\n\t\t\t\n\t\t\t\n\t\t<\/div>\n\t\t\n\t\t<div id=\"wd-5ebcf4027b9f4\" class=\" wd-rs-5ebcf4027b9f4   wd-rs-5ebcf4027b9f4 wd-button-wrapper text-center\"><a href=\"#contact-form-popup\" title=\"\" class=\"btn btn-color-primary btn-style-default btn-shape-rectangle btn-size-default wd-open-popup \">CONTACTER MAINTENANT<\/a><\/div><div id=\"contact-form-popup\" class=\"mfp-hide wd-popup wd-popup-element wd-scroll-content\" style=\"--wd-popup-width:900px;\">[vc_row_inner equal_height=\"yes\" css=\".vc_custom_1512552757832{margin-top: -30px !important;margin-right: -30px !important;margin-bottom: -30px !important;margin-left: -30px !important;}\"][vc_column_inner width=\"2\/3\" css=\".vc_custom_1512552766600{padding-top: 30px !important;padding-right: 30px !important;padding-bottom: 15px !important;padding-left: 30px !important;}\"]\n\t\t<div id=\"wd-5eb414cd3a8f5\" class=\"title-wrapper wd-wpb wd-set-mb reset-last-child  wd-rs-5eb414cd3a8f5 wd-title-color-default wd-title-style-default text-left  wd-underline-colored\">\n\t\t\t\n\t\t\t<div class=\"liner-continer\">\n\t\t\t\t<h4 class=\"woodmart-title-container title  wd-font-weight- wd-fontsize-m\" >ENVOYEZ-NOUS VOTRE MESSAGE<\/h4>\n\t\t\t\t\t\t\t<\/div>\n\t\t\t\n\t\t\t\n\t\t\t\n\t\t<\/div>\n\t\t\n\t\t[vc_column_text css=\".vc_custom_1588860139776{margin-bottom: 0px !important;}\" text_larger=\"no\"][contact-form-7 id=\"3932\" title=\"popup contact form\"][\/vc_column_text][\/vc_column_inner][vc_column_inner width=\"1\/3\" css=\".vc_custom_1581585874277{padding-top: 30px !important;padding-right: 30px !important;padding-bottom: 30px !important;padding-left: 30px !important;background-color: #3583ba !important;}\"]\n\t\t<div id=\"wd-5eb414d290b33\" class=\"title-wrapper wd-wpb wd-set-mb reset-last-child  wd-rs-5eb414d290b33 wd-title-color-white wd-title-style-default text-left  wd-underline-colored\">\n\t\t\t\n\t\t\t<div class=\"liner-continer\">\n\t\t\t\t<h4 class=\"woodmart-title-container title  wd-font-weight- wd-fontsize-m\" >INFORMATIONS DE CONTACT<\/h4>\n\t\t\t\t\t\t\t<\/div>\n\t\t\t\n\t\t\t\n\t\t\t\n\t\t<\/div>\n\t\t\n\t\t\t\t\t<div class=\"info-box-wrapper\">\n\t\t\t\t<div id=\"wd-5ebcf40be4880\" class=\" wd-rs-5ebcf40be4880 wd-info-box wd-wpb text-left box-icon-align-left box-style- color-scheme-light wd-bg-none wd-items-top \">\n\t\t\t\t\t\t\t\t\t\t<div class=\"info-box-content\">\n\t\t\t\t\t\t\t\t\t\t\t\t<div class=\"info-box-inner reset-last-child\"><p>BOXEXPERT.DE<br \/>\nGr\u00fctzm\u00fchlenweg 46<br \/>\n22339 Hamburg<br \/>\nGermany<\/p>\n<\/div>\n\n\t\t\t\t\t\t\t\t\t\t\t<\/div>\n\n\t\t\t\t\t\n\t\t\t\t\t\t\t\t\t<\/div>\n\t\t\t<\/div>\n\t\t\t\t\t<div class=\"info-box-wrapper\">\n\t\t\t\t<div id=\"wd-5eb413f7891b1\" class=\" wd-rs-5eb413f7891b1 wd-info-box wd-wpb text-left box-icon-align-left box-style- color-scheme-light wd-bg-none wd-items-top \">\n\t\t\t\t\t\t\t\t\t\t<div class=\"info-box-content\">\n\t\t\t\t\t\t\t\t\t\t\t\t<div class=\"info-box-inner reset-last-child\"><div style=\"line-height: 2;\"><i class=\"fa fa-phone-square\" style=\"width: 15px; text-align: center; margin-right: 4px; color: #676767;\"><\/i>+49 (0)40 53 80 92 10<br \/>\n<i class=\"fa fa-fax\" style=\"width: 15px; text-align: center; margin-right: 4px; color: #676767;\"><\/i>+49 (0)40 53 80 92 86<\/div>\n<\/div>\n\n\t\t\t\t\t\t\t\t\t\t\t<\/div>\n\n\t\t\t\t\t\n\t\t\t\t\t\t\t\t\t<\/div>\n\t\t\t<\/div>\n\t\t\t\t\t<div class=\"info-box-wrapper\">\n\t\t\t\t<div id=\"wd-5e46aa795cac1\" class=\" wd-rs-5e46aa795cac1 wd-info-box wd-wpb text-left box-icon-align-left box-style- color-scheme-light wd-bg-none wd-items-top \">\n\t\t\t\t\t\t\t\t\t\t<div class=\"info-box-content\">\n\t\t\t\t\t\t\t\t\t\t\t\t<div class=\"info-box-inner reset-last-child\"><div style=\"line-height: 2;\"><i class=\"fa fa-envelope-square\" style=\"width: 15px; text-align: center; margin-right: 4px; color: #676767;\"><\/i> <a href=\"mailto:info@boxexpert.de\">info@boxexpert.de<\/a><\/div>\n<\/div>\n\n\t\t\t\t\t\t\t\t\t\t\t<\/div>\n\n\t\t\t\t\t\n\t\t\t\t\t\t\t\t\t<\/div>\n\t\t\t<\/div>\n\t\t[vc_separator color=\"custom\" accent_color=\"rgba(255,255,255,0.15)\" css=\".vc_custom_1484144347493{margin-bottom: 30px !important;}\"][vc_column_text woodmart_color_scheme=\"light\" css=\".vc_custom_1588860126868{margin-bottom: 20px !important;}\" text_larger=\"no\"]Suivez-nous sur nos canaux de m\u00e9dias sociaux et informez-vous sur les nouveaux produits.[\/vc_column_text]\t\t\t<div\n\t\t\t\t\t\tclass=\" wd-social-icons  wd-style-colored wd-size-small social-follow wd-shape-circle text-left\">\n\t\t\t\t\n\t\t\t\t\n\t\t\t\t\t\t\t\t\t<a rel=\"noopener noreferrer nofollow\" href=\"https:\/\/www.facebook.com\/BOXEXPERT.DE\/\" target=\"_blank\" class=\" wd-social-icon social-facebook\" aria-label=\"Facebook social link\">\n\t\t\t\t\t\t<span class=\"wd-icon\"><\/span>\n\t\t\t\t\t\t\t\t\t\t\t<\/a>\n\t\t\t\t\n\t\t\t\t\n\t\t\t\t\n\t\t\t\t\n\t\t\t\t\t\t\t\t\t<a rel=\"noopener noreferrer nofollow\" href=\"https:\/\/www.instagram.com\/boxexpert_hamburg\/\" target=\"_blank\" class=\" wd-social-icon social-instagram\" aria-label=\"Instagram social link\">\n\t\t\t\t\t\t<span class=\"wd-icon\"><\/span>\n\t\t\t\t\t\t\t\t\t\t\t<\/a>\n\t\t\t\t\n\t\t\t\t\n\t\t\t\t\n\t\t\t\t\n\t\t\t\t\n\t\t\t\t\t\t\t\t\t<a rel=\"noopener noreferrer nofollow\" href=\"https:\/\/www.linkedin.com\/company\/boxexpert\/\" target=\"_blank\" class=\" wd-social-icon social-linkedin\" aria-label=\"Linkedin social link\">\n\t\t\t\t\t\t<span class=\"wd-icon\"><\/span>\n\t\t\t\t\t\t\t\t\t\t\t<\/a>\n\t\t\t\t\n\t\t\t\t\n\t\t\t\t\n\t\t\t\t\n\t\t\t\t\n\t\t\t\t\n\t\t\t\t\n\t\t\t\t\n\t\t\t\t\n\t\t\t\t\n\t\t\t\t\n\t\t\t\t\n\t\t\t\t\n\t\t\t\t\n\t\t\t\t\n\t\t\t\t\n\t\t\t\t\n\t\t\t<\/div>\n\n\t\t[\/vc_column_inner][\/vc_row_inner]<\/div>[\/vc_column][\/vc_row]<\/div>[\/vc_column_text][\/vc_column][\/vc_row]<\/p>\n<\/div>","protected":false},"excerpt":{"rendered":"<p>[vc_row][vc_column][\/vc_column][\/vc_row][vc_row full_width=\u00a0\u00bbstretch_row\u00a0\u00bb content_placement=\u00a0\u00bbtop\u00a0\u00bb css=\u00a0\u00bb.vc_custom_1586250255149{margin-bottom: 8vh !important;}\u00a0\u00bb mobile_bg_img_hidden=\u00a0\u00bbno\u00a0\u00bb tablet_bg_img_hidden=\u00a0\u00bbno\u00a0\u00bb woodmart_parallax=\u00a0\u00bb0&Prime; woodmart_gradient_switch=\u00a0\u00bbno\u00a0\u00bb row_reverse_mobile=\u00a0\u00bb0&Prime; row_reverse_tablet=\u00a0\u00bb0&Prime; woodmart_disable_overflow=\u00a0\u00bb0&Prime;][vc_column width=\u00a0\u00bb1\/2&Prime; css=\u00a0\u00bb.vc_custom_1586954960915{margin-bottom: 20px !important;padding-top: 0px !important;}\u00a0\u00bb mobile_bg_img_hidden=\u00a0\u00bbno\u00a0\u00bb<\/p>\n","protected":false},"author":1,"featured_media":0,"parent":11052,"menu_order":0,"comment_status":"closed","ping_status":"closed","template":"","meta":{"_acf_changed":false,"content-type":"","footnotes":""},"class_list":["post-11201","page","type-page","status-publish","hentry"],"acf":[],"yoast_head":"<!-- This site is optimized with the Yoast SEO plugin v27.2 - https:\/\/yoast.com\/product\/yoast-seo-wordpress\/ -->\n<title>RoHS \/ REACH - BOXEXPERT - Des solutions d&#039;armoires professionnelles pour les plus hautes exigences<\/title>\n<meta name=\"robots\" content=\"index, follow, max-snippet:-1, max-image-preview:large, max-video-preview:-1\" \/>\n<link rel=\"canonical\" href=\"https:\/\/boxexpert.de\/fr\/faqs\/rohs-reach\/\" \/>\n<meta property=\"og:locale\" content=\"fr_FR\" \/>\n<meta property=\"og:type\" content=\"article\" \/>\n<meta property=\"og:title\" content=\"RoHS \/ REACH - BOXEXPERT - Des solutions d&#039;armoires professionnelles pour les plus hautes exigences\" \/>\n<meta property=\"og:description\" content=\"[vc_row][vc_column][\/vc_column][\/vc_row][vc_row full_width=\u00a0\u00bbstretch_row\u00a0\u00bb content_placement=\u00a0\u00bbtop\u00a0\u00bb css=\u00a0\u00bb.vc_custom_1586250255149{margin-bottom: 8vh !important;}\u00a0\u00bb mobile_bg_img_hidden=\u00a0\u00bbno\u00a0\u00bb tablet_bg_img_hidden=\u00a0\u00bbno\u00a0\u00bb woodmart_parallax=\u00a0\u00bb0&Prime; woodmart_gradient_switch=\u00a0\u00bbno\u00a0\u00bb row_reverse_mobile=\u00a0\u00bb0&Prime; row_reverse_tablet=\u00a0\u00bb0&Prime; woodmart_disable_overflow=\u00a0\u00bb0&Prime;][vc_column width=\u00a0\u00bb1\/2&Prime; css=\u00a0\u00bb.vc_custom_1586954960915{margin-bottom: 20px !important;padding-top: 0px !important;}\u00a0\u00bb mobile_bg_img_hidden=\u00a0\u00bbno\u00a0\u00bb\" \/>\n<meta property=\"og:url\" content=\"https:\/\/boxexpert.de\/fr\/faqs\/rohs-reach\/\" \/>\n<meta property=\"og:site_name\" content=\"BOXEXPERT - Des solutions d&#039;armoires professionnelles pour les plus hautes exigences\" \/>\n<meta property=\"article:modified_time\" content=\"2022-04-08T05:49:03+00:00\" \/>\n<meta name=\"twitter:card\" content=\"summary_large_image\" \/>\n<meta name=\"twitter:label1\" content=\"Dur\u00e9e de lecture estim\u00e9e\" \/>\n\t<meta name=\"twitter:data1\" content=\"4 minutes\" \/>\n<script type=\"application\/ld+json\" class=\"yoast-schema-graph\">{\"@context\":\"https:\/\/schema.org\",\"@graph\":[{\"@type\":\"WebPage\",\"@id\":\"https:\/\/boxexpert.de\/fr\/faqs\/rohs-reach\/\",\"url\":\"https:\/\/boxexpert.de\/fr\/faqs\/rohs-reach\/\",\"name\":\"RoHS \/ REACH - BOXEXPERT - Des solutions d'armoires professionnelles pour les plus hautes exigences\",\"isPartOf\":{\"@id\":\"https:\/\/boxexpert.de\/fr\/#website\"},\"datePublished\":\"2020-02-13T09:17:11+00:00\",\"dateModified\":\"2022-04-08T05:49:03+00:00\",\"breadcrumb\":{\"@id\":\"https:\/\/boxexpert.de\/fr\/faqs\/rohs-reach\/#breadcrumb\"},\"inLanguage\":\"fr-FR\",\"potentialAction\":[{\"@type\":\"ReadAction\",\"target\":[\"https:\/\/boxexpert.de\/fr\/faqs\/rohs-reach\/\"]}]},{\"@type\":\"BreadcrumbList\",\"@id\":\"https:\/\/boxexpert.de\/fr\/faqs\/rohs-reach\/#breadcrumb\",\"itemListElement\":[{\"@type\":\"ListItem\",\"position\":1,\"name\":\"Startseite\",\"item\":\"https:\/\/boxexpert.de\/fr\/\"},{\"@type\":\"ListItem\",\"position\":2,\"name\":\"FAQs\",\"item\":\"https:\/\/boxexpert.de\/fr\/faqs\/\"},{\"@type\":\"ListItem\",\"position\":3,\"name\":\"RoHS \/ REACH\"}]},{\"@type\":\"WebSite\",\"@id\":\"https:\/\/boxexpert.de\/fr\/#website\",\"url\":\"https:\/\/boxexpert.de\/fr\/\",\"name\":\"BOXEXPERT - Professionelle Geh\u00e4usel\u00f6sungen f\u00fcr h\u00f6chste Anspr\u00fcche\",\"description\":\"Bo\u00eetiers industriels, armoires \u00e9lectriques, bo\u00eetiers d'installation, bo\u00eetes \u00e0 fusibles et bo\u00eetes de distribution\",\"potentialAction\":[{\"@type\":\"SearchAction\",\"target\":{\"@type\":\"EntryPoint\",\"urlTemplate\":\"https:\/\/boxexpert.de\/fr\/?s={search_term_string}\"},\"query-input\":{\"@type\":\"PropertyValueSpecification\",\"valueRequired\":true,\"valueName\":\"search_term_string\"}}],\"inLanguage\":\"fr-FR\"}]}<\/script>\n<!-- \/ Yoast SEO plugin. -->","yoast_head_json":{"title":"RoHS \/ REACH - BOXEXPERT - Des solutions d'armoires professionnelles pour les plus hautes exigences","robots":{"index":"index","follow":"follow","max-snippet":"max-snippet:-1","max-image-preview":"max-image-preview:large","max-video-preview":"max-video-preview:-1"},"canonical":"https:\/\/boxexpert.de\/fr\/faqs\/rohs-reach\/","og_locale":"fr_FR","og_type":"article","og_title":"RoHS \/ REACH - BOXEXPERT - Des solutions d'armoires professionnelles pour les plus hautes exigences","og_description":"[vc_row][vc_column][\/vc_column][\/vc_row][vc_row full_width=\u00a0\u00bbstretch_row\u00a0\u00bb content_placement=\u00a0\u00bbtop\u00a0\u00bb css=\u00a0\u00bb.vc_custom_1586250255149{margin-bottom: 8vh !important;}\u00a0\u00bb mobile_bg_img_hidden=\u00a0\u00bbno\u00a0\u00bb tablet_bg_img_hidden=\u00a0\u00bbno\u00a0\u00bb woodmart_parallax=\u00a0\u00bb0&Prime; woodmart_gradient_switch=\u00a0\u00bbno\u00a0\u00bb row_reverse_mobile=\u00a0\u00bb0&Prime; row_reverse_tablet=\u00a0\u00bb0&Prime; woodmart_disable_overflow=\u00a0\u00bb0&Prime;][vc_column width=\u00a0\u00bb1\/2&Prime; css=\u00a0\u00bb.vc_custom_1586954960915{margin-bottom: 20px !important;padding-top: 0px !important;}\u00a0\u00bb mobile_bg_img_hidden=\u00a0\u00bbno\u00a0\u00bb","og_url":"https:\/\/boxexpert.de\/fr\/faqs\/rohs-reach\/","og_site_name":"BOXEXPERT - Des solutions d'armoires professionnelles pour les plus hautes exigences","article_modified_time":"2022-04-08T05:49:03+00:00","twitter_card":"summary_large_image","twitter_misc":{"Dur\u00e9e de lecture estim\u00e9e":"4 minutes"},"schema":{"@context":"https:\/\/schema.org","@graph":[{"@type":"WebPage","@id":"https:\/\/boxexpert.de\/fr\/faqs\/rohs-reach\/","url":"https:\/\/boxexpert.de\/fr\/faqs\/rohs-reach\/","name":"RoHS \/ REACH - BOXEXPERT - Des solutions d'armoires professionnelles pour les plus hautes exigences","isPartOf":{"@id":"https:\/\/boxexpert.de\/fr\/#website"},"datePublished":"2020-02-13T09:17:11+00:00","dateModified":"2022-04-08T05:49:03+00:00","breadcrumb":{"@id":"https:\/\/boxexpert.de\/fr\/faqs\/rohs-reach\/#breadcrumb"},"inLanguage":"fr-FR","potentialAction":[{"@type":"ReadAction","target":["https:\/\/boxexpert.de\/fr\/faqs\/rohs-reach\/"]}]},{"@type":"BreadcrumbList","@id":"https:\/\/boxexpert.de\/fr\/faqs\/rohs-reach\/#breadcrumb","itemListElement":[{"@type":"ListItem","position":1,"name":"Startseite","item":"https:\/\/boxexpert.de\/fr\/"},{"@type":"ListItem","position":2,"name":"FAQs","item":"https:\/\/boxexpert.de\/fr\/faqs\/"},{"@type":"ListItem","position":3,"name":"RoHS \/ REACH"}]},{"@type":"WebSite","@id":"https:\/\/boxexpert.de\/fr\/#website","url":"https:\/\/boxexpert.de\/fr\/","name":"BOXEXPERT - Professionelle Geh\u00e4usel\u00f6sungen f\u00fcr h\u00f6chste Anspr\u00fcche","description":"Bo\u00eetiers industriels, armoires \u00e9lectriques, bo\u00eetiers d'installation, bo\u00eetes \u00e0 fusibles et bo\u00eetes de distribution","potentialAction":[{"@type":"SearchAction","target":{"@type":"EntryPoint","urlTemplate":"https:\/\/boxexpert.de\/fr\/?s={search_term_string}"},"query-input":{"@type":"PropertyValueSpecification","valueRequired":true,"valueName":"search_term_string"}}],"inLanguage":"fr-FR"}]}},"_links":{"self":[{"href":"https:\/\/boxexpert.de\/fr\/wp-json\/wp\/v2\/pages\/11201","targetHints":{"allow":["GET"]}}],"collection":[{"href":"https:\/\/boxexpert.de\/fr\/wp-json\/wp\/v2\/pages"}],"about":[{"href":"https:\/\/boxexpert.de\/fr\/wp-json\/wp\/v2\/types\/page"}],"author":[{"embeddable":true,"href":"https:\/\/boxexpert.de\/fr\/wp-json\/wp\/v2\/users\/1"}],"replies":[{"embeddable":true,"href":"https:\/\/boxexpert.de\/fr\/wp-json\/wp\/v2\/comments?post=11201"}],"version-history":[{"count":5,"href":"https:\/\/boxexpert.de\/fr\/wp-json\/wp\/v2\/pages\/11201\/revisions"}],"predecessor-version":[{"id":62537,"href":"https:\/\/boxexpert.de\/fr\/wp-json\/wp\/v2\/pages\/11201\/revisions\/62537"}],"up":[{"embeddable":true,"href":"https:\/\/boxexpert.de\/fr\/wp-json\/wp\/v2\/pages\/11052"}],"wp:attachment":[{"href":"https:\/\/boxexpert.de\/fr\/wp-json\/wp\/v2\/media?parent=11201"}],"curies":[{"name":"wp","href":"https:\/\/api.w.org\/{rel}","templated":true}]}}