{"id":11284,"date":"2020-02-13T09:17:23","date_gmt":"2020-02-13T09:17:23","guid":{"rendered":"https:\/\/boxexpert.de\/faqs\/schutzarten\/"},"modified":"2022-04-08T05:55:00","modified_gmt":"2022-04-08T05:55:00","slug":"classes-de-protection","status":"publish","type":"page","link":"https:\/\/boxexpert.de\/fr\/faqs\/classes-de-protection\/","title":{"rendered":"Classes de protection"},"content":{"rendered":"<div class=\"wpb-content-wrapper\"><p>[vc_row][vc_column]\n\t\t<div id=\"wd-624fce0dcce28\" class=\"title-wrapper wd-wpb wd-set-mb reset-last-child  wd-rs-624fce0dcce28 wd-title-color-primary wd-title-style-underlined text-left vc_custom_1649397290289 wd-underline-colored\">\n\t\t\t\t\t\t\t\n\t\t\t\t<div class=\"title-subtitle  subtitle-color-primary font-default subtitle-style-default wd-font-weight- wd-fontsize-xs\"><strong>Qu'entend-on par indice de protection ? Que dit la protection IP ?<\/strong><\/div>\n\t\t\t\n\t\t\t<div class=\"liner-continer\">\n\t\t\t\t<h1 class=\"woodmart-title-container title  wd-font-weight- wd-fontsize-xxl\" ><strong>FAQ'S SUR LES TYPES DE PROTECTION<\/strong><\/h1>\n\t\t\t\t\t\t\t<\/div>\n\t\t\t\n\t\t\t\n\t\t\t\n\t\t<\/div>\n\t\t\n\t\t[\/vc_column][vc_column width=\u00a0\u00bb1\/3&Prime;]\n\t\t<div id=\"wd-5e8b412b59260\" class=\"title-wrapper wd-wpb wd-set-mb reset-last-child  wd-rs-5e8b412b59260 wd-title-color-primary wd-title-style-underlined text-left vc_custom_1586184497228 wd-underline-colored\">\n\t\t\t\n\t\t\t<div class=\"liner-continer\">\n\t\t\t\t<h2 class=\"woodmart-title-container title  wd-font-weight- wd-fontsize-xxl\" ><strong>DIN EN 60529<\/strong><\/h2>\n\t\t\t\t\t\t\t<\/div>\n\t\t\t\n\t\t\t\n\t\t\t\n\t\t<\/div>\n\t\t\n\t\t[vc_column_text text_larger=\u00a0\u00bbno\u00a0\u00bb css=\u00a0\u00bb.vc_custom_1649397297788{margin-top: -30px !important;}\u00a0\u00bb woodmart_inline=\u00a0\u00bbno\u00a0\u00bb]Le type de protection indique l&rsquo;ad\u00e9quation des \u00e9quipements \u00e9lectriques \u00e0 diff\u00e9rentes conditions environnementales. Le type de protection est d\u00e9clar\u00e9 par le code IP, qui se compose de deux chiffres. Le premier chiffre d\u00e9crit la protection contre les corps \u00e9trangers, le deuxi\u00e8me chiffre indique la protection contre la p\u00e9n\u00e9tration d&rsquo;eau.[\/vc_column_text][\/vc_column][vc_column width=\u00a0\u00bb1\/3&Prime;][\/vc_column][vc_column width=\u00a0\u00bb1\/3&Prime;][\/vc_column][\/vc_row][vc_row][vc_column][vc_column_text text_larger=\u00a0\u00bbno\u00a0\u00bb]\n<table id=\"tablepress-176\" class=\"tablepress tablepress-id-176\">\n<thead>\n<tr class=\"row-1\">\n\t<th class=\"column-1\">1. Reference number<\/th><th class=\"column-2\">Protection against foreign bodies<\/th><th class=\"column-3\">2. Reference number<\/th><th class=\"column-4\">Protection against water<\/th>\n<\/tr>\n<\/thead>\n<tbody class=\"row-striping row-hover\">\n<tr class=\"row-2\">\n\t<td class=\"column-1\">0<\/td><td class=\"column-2\">No protection<\/td><td class=\"column-3\">0<\/td><td class=\"column-4\">No protection<\/td>\n<\/tr>\n<tr class=\"row-3\">\n\t<td class=\"column-1\">1<\/td><td class=\"column-2\">Protected against solid foreign bodies with diameter \u2265 50 mm<\/td><td class=\"column-3\">1<\/td><td class=\"column-4\">Protection against dripping water<\/td>\n<\/tr>\n<tr class=\"row-4\">\n\t<td class=\"column-1\">2<\/td><td class=\"column-2\">Protected against solid foreign bodies with diameter \u2265 12.5 mm<\/td><td class=\"column-3\">2<\/td><td class=\"column-4\">Protection against falling dripping water when the housing is tilted up to 15<\/td>\n<\/tr>\n<tr class=\"row-5\">\n\t<td class=\"column-1\">3<\/td><td class=\"column-2\">Protected against solid foreign bodies with diameter \u2265 2.5 mm<\/td><td class=\"column-3\">3<\/td><td class=\"column-4\">Protection against falling spray water up to 60\u00b0 from the vertical<\/td>\n<\/tr>\n<tr class=\"row-6\">\n\t<td class=\"column-1\">4<\/td><td class=\"column-2\">Protected against solid foreign bodies with diameter \u2265 1.0 mm<\/td><td class=\"column-3\">4<\/td><td class=\"column-4\">Protection against water spray from all sides<\/td>\n<\/tr>\n<tr class=\"row-7\">\n\t<td class=\"column-1\">5<\/td><td class=\"column-2\">Protected against dust in harmful quantities<\/td><td class=\"column-3\">5<\/td><td class=\"column-4\">Protection against water jets (nozzle) from any angle<\/td>\n<\/tr>\n<tr class=\"row-8\">\n\t<td class=\"column-1\">6<\/td><td class=\"column-2\">Dust proof<\/td><td class=\"column-3\">6<\/td><td class=\"column-4\">Protection against strong water jets<\/td>\n<\/tr>\n<tr class=\"row-9\">\n\t<td class=\"column-1\"><\/td><td class=\"column-2\"><\/td><td class=\"column-3\">7<\/td><td class=\"column-4\">Protection against temporary immersion<\/td>\n<\/tr>\n<tr class=\"row-10\">\n\t<td class=\"column-1\"><\/td><td class=\"column-2\"><\/td><td class=\"column-3\">8<\/td><td class=\"column-4\">Protection against permanent immersion<\/td>\n<\/tr>\n<tr class=\"row-11\">\n\t<td class=\"column-1\"><\/td><td class=\"column-2\"><\/td><td class=\"column-3\">9<\/td><td class=\"column-4\">Protection against water during high-pressure\/steam jet cleaning<\/td>\n<\/tr>\n<\/tbody>\n<\/table>\n<!-- #tablepress-176 from cache -->[\/vc_column_text][\/vc_column][\/vc_row][vc_row][vc_column][vc_column_text text_larger=\u00a0\u00bbno\u00a0\u00bb]<style data-type=\"vc_shortcodes-custom-css\">.vc_custom_1586005850397{padding-top: 6vh !important;}.vc_custom_1581689860303{margin-bottom: 6vh !important;padding-top: 0px !important;}.vc_custom_1588860339654{margin-bottom: 20px !important;}.vc_custom_1512552757832{margin-top: -30px !important;margin-right: -30px !important;margin-bottom: -30px !important;margin-left: -30px !important;}.vc_custom_1512552766600{padding-top: 30px !important;padding-right: 30px !important;padding-bottom: 15px !important;padding-left: 30px !important;}.vc_custom_1581585874277{padding-top: 30px !important;padding-right: 30px !important;padding-bottom: 30px !important;padding-left: 30px !important;background-color: #3583ba !important;}.vc_custom_1588860139776{margin-bottom: 0px !important;}.vc_custom_1484144347493{margin-bottom: 30px !important;}.vc_custom_1588860126868{margin-bottom: 20px !important;}#wd-5eb415aaa7fe5 .woodmart-title-container{line-height:46px;font-size:36px;}#wd-5eb415aaa7fe5 .title-subtitle{color:#3684bb;}#wd-5eb415aaa7fe5 .title-after_title{line-height:24px;font-size:14px;}@media (max-width: 1024px) {#wd-5eb415aaa7fe5 .woodmart-title-container{line-height:40px;font-size:30px;}#wd-5eb415aaa7fe5 .title-after_title{line-height:24px;font-size:14px;}}@media (max-width: 767px) {#wd-5eb415aaa7fe5 .woodmart-title-container{line-height:38px;font-size:28px;}}<\/style><div class=\"wpb-content-wrapper\">[vc_row full_width=\"stretch_row\" content_placement=\"middle\" css=\".vc_custom_1586005850397{padding-top: 6vh !important;}\" mobile_bg_img_hidden=\"no\" tablet_bg_img_hidden=\"no\" woodmart_parallax=\"0\" woodmart_gradient_switch=\"no\" row_reverse_mobile=\"0\" row_reverse_tablet=\"0\" woodmart_disable_overflow=\"0\"][vc_column css=\".vc_custom_1581689860303{margin-bottom: 6vh !important;padding-top: 0px !important;}\" mobile_bg_img_hidden=\"no\" tablet_bg_img_hidden=\"no\" woodmart_parallax=\"0\" woodmart_sticky_column=\"false\" parallax_scroll=\"no\" mobile_reset_margin=\"no\" tablet_reset_margin=\"no\"]\n\t\t<div id=\"wd-5eb415aaa7fe5\" class=\"title-wrapper wd-wpb wd-set-mb reset-last-child  wd-rs-5eb415aaa7fe5 wd-title-color-default wd-title-style-default text-center vc_custom_1588860339654 wd-underline-colored\">\n\t\t\t\t\t\t\t\n\t\t\t\t<div class=\"title-subtitle  subtitle-color-default font-default subtitle-style-default wd-font-weight- wd-fontsize-xs\">BOXEXPERT SUPPORT<\/div>\n\t\t\t\n\t\t\t<div class=\"liner-continer\">\n\t\t\t\t<h3 class=\"woodmart-title-container title  wd-font-weight- wd-fontsize-l\" >Vous avez des questions?<\/h3>\n\t\t\t\t\t\t\t<\/div>\n\t\t\t\n\t\t\t\t\t\t\t<div class=\"title-after_title reset-last-child  wd-fontsize-xs\">Nos collaborateurs sont \u00e0 votre disposition via le chat et le formulaire de contact et sont heureux de r\u00e9pondre \u00e0 toutes vos questions.<\/div>\n\t\t\t\n\t\t\t\n\t\t<\/div>\n\t\t\n\t\t<div id=\"wd-5ebcf4027b9f4\" class=\" wd-rs-5ebcf4027b9f4   wd-rs-5ebcf4027b9f4 wd-button-wrapper text-center\"><a href=\"#contact-form-popup\" title=\"\" class=\"btn btn-color-primary btn-style-default btn-shape-rectangle btn-size-default wd-open-popup \">CONTACTER MAINTENANT<\/a><\/div><div id=\"contact-form-popup\" class=\"mfp-hide wd-popup wd-popup-element wd-scroll-content\" style=\"--wd-popup-width:900px;\">[vc_row_inner equal_height=\"yes\" css=\".vc_custom_1512552757832{margin-top: -30px !important;margin-right: -30px !important;margin-bottom: -30px !important;margin-left: -30px !important;}\"][vc_column_inner width=\"2\/3\" css=\".vc_custom_1512552766600{padding-top: 30px !important;padding-right: 30px !important;padding-bottom: 15px !important;padding-left: 30px !important;}\"]\n\t\t<div id=\"wd-5eb414cd3a8f5\" class=\"title-wrapper wd-wpb wd-set-mb reset-last-child  wd-rs-5eb414cd3a8f5 wd-title-color-default wd-title-style-default text-left  wd-underline-colored\">\n\t\t\t\n\t\t\t<div class=\"liner-continer\">\n\t\t\t\t<h4 class=\"woodmart-title-container title  wd-font-weight- wd-fontsize-m\" >ENVOYEZ-NOUS VOTRE MESSAGE<\/h4>\n\t\t\t\t\t\t\t<\/div>\n\t\t\t\n\t\t\t\n\t\t\t\n\t\t<\/div>\n\t\t\n\t\t[vc_column_text css=\".vc_custom_1588860139776{margin-bottom: 0px !important;}\" text_larger=\"no\"][contact-form-7 id=\"3932\" title=\"popup contact form\"][\/vc_column_text][\/vc_column_inner][vc_column_inner width=\"1\/3\" css=\".vc_custom_1581585874277{padding-top: 30px !important;padding-right: 30px !important;padding-bottom: 30px !important;padding-left: 30px !important;background-color: #3583ba !important;}\"]\n\t\t<div id=\"wd-5eb414d290b33\" class=\"title-wrapper wd-wpb wd-set-mb reset-last-child  wd-rs-5eb414d290b33 wd-title-color-white wd-title-style-default text-left  wd-underline-colored\">\n\t\t\t\n\t\t\t<div class=\"liner-continer\">\n\t\t\t\t<h4 class=\"woodmart-title-container title  wd-font-weight- wd-fontsize-m\" >INFORMATIONS DE CONTACT<\/h4>\n\t\t\t\t\t\t\t<\/div>\n\t\t\t\n\t\t\t\n\t\t\t\n\t\t<\/div>\n\t\t\n\t\t\t\t\t<div class=\"info-box-wrapper\">\n\t\t\t\t<div id=\"wd-5ebcf40be4880\" class=\" wd-rs-5ebcf40be4880 wd-info-box wd-wpb text-left box-icon-align-left box-style- color-scheme-light wd-bg-none wd-items-top \">\n\t\t\t\t\t\t\t\t\t\t<div class=\"info-box-content\">\n\t\t\t\t\t\t\t\t\t\t\t\t<div class=\"info-box-inner reset-last-child\"><p>BOXEXPERT.DE<br \/>\nGr\u00fctzm\u00fchlenweg 46<br \/>\n22339 Hamburg<br \/>\nGermany<\/p>\n<\/div>\n\n\t\t\t\t\t\t\t\t\t\t\t<\/div>\n\n\t\t\t\t\t\n\t\t\t\t\t\t\t\t\t<\/div>\n\t\t\t<\/div>\n\t\t\t\t\t<div class=\"info-box-wrapper\">\n\t\t\t\t<div id=\"wd-5eb413f7891b1\" class=\" wd-rs-5eb413f7891b1 wd-info-box wd-wpb text-left box-icon-align-left box-style- color-scheme-light wd-bg-none wd-items-top \">\n\t\t\t\t\t\t\t\t\t\t<div class=\"info-box-content\">\n\t\t\t\t\t\t\t\t\t\t\t\t<div class=\"info-box-inner reset-last-child\"><div style=\"line-height: 2;\"><i class=\"fa fa-phone-square\" style=\"width: 15px; text-align: center; margin-right: 4px; color: #676767;\"><\/i>+49 (0)40 53 80 92 10<br \/>\n<i class=\"fa fa-fax\" style=\"width: 15px; text-align: center; margin-right: 4px; color: #676767;\"><\/i>+49 (0)40 53 80 92 86<\/div>\n<\/div>\n\n\t\t\t\t\t\t\t\t\t\t\t<\/div>\n\n\t\t\t\t\t\n\t\t\t\t\t\t\t\t\t<\/div>\n\t\t\t<\/div>\n\t\t\t\t\t<div class=\"info-box-wrapper\">\n\t\t\t\t<div id=\"wd-5e46aa795cac1\" class=\" wd-rs-5e46aa795cac1 wd-info-box wd-wpb text-left box-icon-align-left box-style- color-scheme-light wd-bg-none wd-items-top \">\n\t\t\t\t\t\t\t\t\t\t<div class=\"info-box-content\">\n\t\t\t\t\t\t\t\t\t\t\t\t<div class=\"info-box-inner reset-last-child\"><div style=\"line-height: 2;\"><i class=\"fa fa-envelope-square\" style=\"width: 15px; text-align: center; margin-right: 4px; color: #676767;\"><\/i> <a href=\"mailto:info@boxexpert.de\">info@boxexpert.de<\/a><\/div>\n<\/div>\n\n\t\t\t\t\t\t\t\t\t\t\t<\/div>\n\n\t\t\t\t\t\n\t\t\t\t\t\t\t\t\t<\/div>\n\t\t\t<\/div>\n\t\t[vc_separator color=\"custom\" accent_color=\"rgba(255,255,255,0.15)\" css=\".vc_custom_1484144347493{margin-bottom: 30px !important;}\"][vc_column_text woodmart_color_scheme=\"light\" css=\".vc_custom_1588860126868{margin-bottom: 20px !important;}\" text_larger=\"no\"]Suivez-nous sur nos canaux de m\u00e9dias sociaux et informez-vous sur les nouveaux produits.[\/vc_column_text]\t\t\t<div\n\t\t\t\t\t\tclass=\" wd-social-icons  wd-style-colored wd-size-small social-follow wd-shape-circle text-left\">\n\t\t\t\t\n\t\t\t\t\n\t\t\t\t\t\t\t\t\t<a rel=\"noopener noreferrer nofollow\" href=\"https:\/\/www.facebook.com\/BOXEXPERT.DE\/\" target=\"_blank\" class=\" wd-social-icon social-facebook\" aria-label=\"Facebook social link\">\n\t\t\t\t\t\t<span class=\"wd-icon\"><\/span>\n\t\t\t\t\t\t\t\t\t\t\t<\/a>\n\t\t\t\t\n\t\t\t\t\n\t\t\t\t\n\t\t\t\t\n\t\t\t\t\t\t\t\t\t<a rel=\"noopener noreferrer nofollow\" href=\"https:\/\/www.instagram.com\/boxexpert_hamburg\/\" target=\"_blank\" class=\" wd-social-icon social-instagram\" aria-label=\"Instagram social link\">\n\t\t\t\t\t\t<span class=\"wd-icon\"><\/span>\n\t\t\t\t\t\t\t\t\t\t\t<\/a>\n\t\t\t\t\n\t\t\t\t\n\t\t\t\t\n\t\t\t\t\n\t\t\t\t\n\t\t\t\t\t\t\t\t\t<a rel=\"noopener noreferrer nofollow\" href=\"https:\/\/www.linkedin.com\/company\/boxexpert\/\" target=\"_blank\" class=\" wd-social-icon social-linkedin\" aria-label=\"Linkedin social link\">\n\t\t\t\t\t\t<span class=\"wd-icon\"><\/span>\n\t\t\t\t\t\t\t\t\t\t\t<\/a>\n\t\t\t\t\n\t\t\t\t\n\t\t\t\t\n\t\t\t\t\n\t\t\t\t\n\t\t\t\t\n\t\t\t\t\n\t\t\t\t\n\t\t\t\t\n\t\t\t\t\n\t\t\t\t\n\t\t\t\t\n\t\t\t\t\n\t\t\t\t\n\t\t\t\t\n\t\t\t\t\n\t\t\t\t\n\t\t\t<\/div>\n\n\t\t[\/vc_column_inner][\/vc_row_inner]<\/div>[\/vc_column][\/vc_row]<\/div>[\/vc_column_text][\/vc_column][\/vc_row]<\/p>\n<\/div>","protected":false},"excerpt":{"rendered":"<p>[vc_row][vc_column][\/vc_column][vc_column width=\u00a0\u00bb1\/3&Prime;][vc_column_text text_larger=\u00a0\u00bbno\u00a0\u00bb css=\u00a0\u00bb.vc_custom_1649397297788{margin-top: -30px !important;}\u00a0\u00bb woodmart_inline=\u00a0\u00bbno\u00a0\u00bb]Le type de protection indique l&rsquo;ad\u00e9quation des \u00e9quipements \u00e9lectriques \u00e0 diff\u00e9rentes conditions environnementales. Le<\/p>\n","protected":false},"author":1,"featured_media":0,"parent":11052,"menu_order":0,"comment_status":"closed","ping_status":"closed","template":"","meta":{"_acf_changed":false,"content-type":"","footnotes":""},"class_list":["post-11284","page","type-page","status-publish","hentry"],"acf":[],"yoast_head":"<!-- This site is optimized with the Yoast SEO plugin v27.2 - https:\/\/yoast.com\/product\/yoast-seo-wordpress\/ -->\n<title>Classes de protection - BOXEXPERT - Des solutions d&#039;armoires professionnelles pour les plus hautes exigences<\/title>\n<meta name=\"robots\" content=\"index, follow, max-snippet:-1, max-image-preview:large, max-video-preview:-1\" \/>\n<link rel=\"canonical\" href=\"https:\/\/boxexpert.de\/fr\/faqs\/classes-de-protection\/\" \/>\n<meta property=\"og:locale\" content=\"fr_FR\" \/>\n<meta property=\"og:type\" content=\"article\" \/>\n<meta property=\"og:title\" content=\"Classes de protection - BOXEXPERT - Des solutions d&#039;armoires professionnelles pour les plus hautes exigences\" \/>\n<meta property=\"og:description\" content=\"[vc_row][vc_column][\/vc_column][vc_column width=\u00a0\u00bb1\/3&Prime;][vc_column_text text_larger=\u00a0\u00bbno\u00a0\u00bb css=\u00a0\u00bb.vc_custom_1649397297788{margin-top: -30px !important;}\u00a0\u00bb woodmart_inline=\u00a0\u00bbno\u00a0\u00bb]Le type de protection indique l&rsquo;ad\u00e9quation des \u00e9quipements \u00e9lectriques \u00e0 diff\u00e9rentes conditions environnementales. Le\" \/>\n<meta property=\"og:url\" content=\"https:\/\/boxexpert.de\/fr\/faqs\/classes-de-protection\/\" \/>\n<meta property=\"og:site_name\" content=\"BOXEXPERT - Des solutions d&#039;armoires professionnelles pour les plus hautes exigences\" \/>\n<meta property=\"article:modified_time\" content=\"2022-04-08T05:55:00+00:00\" \/>\n<meta name=\"twitter:card\" content=\"summary_large_image\" \/>\n<meta name=\"twitter:label1\" content=\"Dur\u00e9e de lecture estim\u00e9e\" \/>\n\t<meta name=\"twitter:data1\" content=\"1 minute\" \/>\n<script type=\"application\/ld+json\" class=\"yoast-schema-graph\">{\"@context\":\"https:\/\/schema.org\",\"@graph\":[{\"@type\":\"WebPage\",\"@id\":\"https:\/\/boxexpert.de\/fr\/faqs\/classes-de-protection\/\",\"url\":\"https:\/\/boxexpert.de\/fr\/faqs\/classes-de-protection\/\",\"name\":\"Classes de protection - BOXEXPERT - Des solutions d'armoires professionnelles pour les plus hautes exigences\",\"isPartOf\":{\"@id\":\"https:\/\/boxexpert.de\/fr\/#website\"},\"datePublished\":\"2020-02-13T09:17:23+00:00\",\"dateModified\":\"2022-04-08T05:55:00+00:00\",\"breadcrumb\":{\"@id\":\"https:\/\/boxexpert.de\/fr\/faqs\/classes-de-protection\/#breadcrumb\"},\"inLanguage\":\"fr-FR\",\"potentialAction\":[{\"@type\":\"ReadAction\",\"target\":[\"https:\/\/boxexpert.de\/fr\/faqs\/classes-de-protection\/\"]}]},{\"@type\":\"BreadcrumbList\",\"@id\":\"https:\/\/boxexpert.de\/fr\/faqs\/classes-de-protection\/#breadcrumb\",\"itemListElement\":[{\"@type\":\"ListItem\",\"position\":1,\"name\":\"Startseite\",\"item\":\"https:\/\/boxexpert.de\/fr\/\"},{\"@type\":\"ListItem\",\"position\":2,\"name\":\"FAQs\",\"item\":\"https:\/\/boxexpert.de\/fr\/faqs\/\"},{\"@type\":\"ListItem\",\"position\":3,\"name\":\"Classes de protection\"}]},{\"@type\":\"WebSite\",\"@id\":\"https:\/\/boxexpert.de\/fr\/#website\",\"url\":\"https:\/\/boxexpert.de\/fr\/\",\"name\":\"BOXEXPERT - Professionelle Geh\u00e4usel\u00f6sungen f\u00fcr h\u00f6chste Anspr\u00fcche\",\"description\":\"Bo\u00eetiers industriels, armoires \u00e9lectriques, bo\u00eetiers d'installation, bo\u00eetes \u00e0 fusibles et bo\u00eetes de distribution\",\"potentialAction\":[{\"@type\":\"SearchAction\",\"target\":{\"@type\":\"EntryPoint\",\"urlTemplate\":\"https:\/\/boxexpert.de\/fr\/?s={search_term_string}\"},\"query-input\":{\"@type\":\"PropertyValueSpecification\",\"valueRequired\":true,\"valueName\":\"search_term_string\"}}],\"inLanguage\":\"fr-FR\"}]}<\/script>\n<!-- \/ Yoast SEO plugin. -->","yoast_head_json":{"title":"Classes de protection - BOXEXPERT - Des solutions d'armoires professionnelles pour les plus hautes exigences","robots":{"index":"index","follow":"follow","max-snippet":"max-snippet:-1","max-image-preview":"max-image-preview:large","max-video-preview":"max-video-preview:-1"},"canonical":"https:\/\/boxexpert.de\/fr\/faqs\/classes-de-protection\/","og_locale":"fr_FR","og_type":"article","og_title":"Classes de protection - BOXEXPERT - Des solutions d'armoires professionnelles pour les plus hautes exigences","og_description":"[vc_row][vc_column][\/vc_column][vc_column width=\u00a0\u00bb1\/3&Prime;][vc_column_text text_larger=\u00a0\u00bbno\u00a0\u00bb css=\u00a0\u00bb.vc_custom_1649397297788{margin-top: -30px !important;}\u00a0\u00bb woodmart_inline=\u00a0\u00bbno\u00a0\u00bb]Le type de protection indique l&rsquo;ad\u00e9quation des \u00e9quipements \u00e9lectriques \u00e0 diff\u00e9rentes conditions environnementales. Le","og_url":"https:\/\/boxexpert.de\/fr\/faqs\/classes-de-protection\/","og_site_name":"BOXEXPERT - Des solutions d'armoires professionnelles pour les plus hautes exigences","article_modified_time":"2022-04-08T05:55:00+00:00","twitter_card":"summary_large_image","twitter_misc":{"Dur\u00e9e de lecture estim\u00e9e":"1 minute"},"schema":{"@context":"https:\/\/schema.org","@graph":[{"@type":"WebPage","@id":"https:\/\/boxexpert.de\/fr\/faqs\/classes-de-protection\/","url":"https:\/\/boxexpert.de\/fr\/faqs\/classes-de-protection\/","name":"Classes de protection - BOXEXPERT - Des solutions d'armoires professionnelles pour les plus hautes exigences","isPartOf":{"@id":"https:\/\/boxexpert.de\/fr\/#website"},"datePublished":"2020-02-13T09:17:23+00:00","dateModified":"2022-04-08T05:55:00+00:00","breadcrumb":{"@id":"https:\/\/boxexpert.de\/fr\/faqs\/classes-de-protection\/#breadcrumb"},"inLanguage":"fr-FR","potentialAction":[{"@type":"ReadAction","target":["https:\/\/boxexpert.de\/fr\/faqs\/classes-de-protection\/"]}]},{"@type":"BreadcrumbList","@id":"https:\/\/boxexpert.de\/fr\/faqs\/classes-de-protection\/#breadcrumb","itemListElement":[{"@type":"ListItem","position":1,"name":"Startseite","item":"https:\/\/boxexpert.de\/fr\/"},{"@type":"ListItem","position":2,"name":"FAQs","item":"https:\/\/boxexpert.de\/fr\/faqs\/"},{"@type":"ListItem","position":3,"name":"Classes de protection"}]},{"@type":"WebSite","@id":"https:\/\/boxexpert.de\/fr\/#website","url":"https:\/\/boxexpert.de\/fr\/","name":"BOXEXPERT - Professionelle Geh\u00e4usel\u00f6sungen f\u00fcr h\u00f6chste Anspr\u00fcche","description":"Bo\u00eetiers industriels, armoires \u00e9lectriques, bo\u00eetiers d'installation, bo\u00eetes \u00e0 fusibles et bo\u00eetes de distribution","potentialAction":[{"@type":"SearchAction","target":{"@type":"EntryPoint","urlTemplate":"https:\/\/boxexpert.de\/fr\/?s={search_term_string}"},"query-input":{"@type":"PropertyValueSpecification","valueRequired":true,"valueName":"search_term_string"}}],"inLanguage":"fr-FR"}]}},"_links":{"self":[{"href":"https:\/\/boxexpert.de\/fr\/wp-json\/wp\/v2\/pages\/11284","targetHints":{"allow":["GET"]}}],"collection":[{"href":"https:\/\/boxexpert.de\/fr\/wp-json\/wp\/v2\/pages"}],"about":[{"href":"https:\/\/boxexpert.de\/fr\/wp-json\/wp\/v2\/types\/page"}],"author":[{"embeddable":true,"href":"https:\/\/boxexpert.de\/fr\/wp-json\/wp\/v2\/users\/1"}],"replies":[{"embeddable":true,"href":"https:\/\/boxexpert.de\/fr\/wp-json\/wp\/v2\/comments?post=11284"}],"version-history":[{"count":8,"href":"https:\/\/boxexpert.de\/fr\/wp-json\/wp\/v2\/pages\/11284\/revisions"}],"predecessor-version":[{"id":62542,"href":"https:\/\/boxexpert.de\/fr\/wp-json\/wp\/v2\/pages\/11284\/revisions\/62542"}],"up":[{"embeddable":true,"href":"https:\/\/boxexpert.de\/fr\/wp-json\/wp\/v2\/pages\/11052"}],"wp:attachment":[{"href":"https:\/\/boxexpert.de\/fr\/wp-json\/wp\/v2\/media?parent=11284"}],"curies":[{"name":"wp","href":"https:\/\/api.w.org\/{rel}","templated":true}]}}