{"id":20031,"date":"2021-07-20T10:39:50","date_gmt":"2021-07-20T10:39:50","guid":{"rendered":"https:\/\/boxexpert.de\/faqs\/resistance-a-la-chaleur\/"},"modified":"2021-10-13T10:37:40","modified_gmt":"2021-10-13T10:37:40","slug":"resistance-a-la-chaleur","status":"publish","type":"page","link":"https:\/\/boxexpert.de\/fr\/faqs\/resistance-a-la-chaleur\/","title":{"rendered":"R\u00e9sistance \u00e0 la chaleur"},"content":{"rendered":"<div class=\"wpb-content-wrapper\"><p>[vc_row][vc_column]\n\t\t<div id=\"wd-5e8dc3cfcbbde\" class=\"title-wrapper wd-wpb wd-set-mb reset-last-child  wd-rs-5e8dc3cfcbbde wd-title-color-primary wd-title-style-underlined text-left vc_custom_1586349034338 wd-underline-colored\">\n\t\t\t\t\t\t\t\n\t\t\t\t<div class=\"title-subtitle  subtitle-color-primary font-default subtitle-style-default wd-font-weight- wd-fontsize-xs\">Comment la r\u00e9sistance \u00e0 la chaleur est-elle d\u00e9termin\u00e9e ?<\/div>\n\t\t\t\n\t\t\t<div class=\"liner-continer\">\n\t\t\t\t<h1 class=\"woodmart-title-container title  wd-font-weight- wd-fontsize-xxl\" ><strong>FAQ'S SUR LA R\u00c9SISTANCE \u00c0 LA CHALEUR<\/strong><\/h1>\n\t\t\t\t\t\t\t<\/div>\n\t\t\t\n\t\t\t\n\t\t\t\n\t\t<\/div>\n\t\t\n\t\t[\/vc_column][vc_column width=\u00a0\u00bb1\/2&Prime;]\n\t\t<div id=\"wd-5e8dc4be04a1e\" class=\"title-wrapper wd-wpb wd-set-mb reset-last-child  wd-rs-5e8dc4be04a1e wd-title-color-primary wd-title-style-underlined text-left vc_custom_1586349250187 wd-underline-colored\">\n\t\t\t\t\t\t\t\n\t\t\t\t<div class=\"title-subtitle  subtitle-color-primary font-default subtitle-style-default wd-font-weight- wd-fontsize-xs\">TEST DU FIL ROUGE<\/div>\n\t\t\t\n\t\t\t<div class=\"liner-continer\">\n\t\t\t\t<h2 class=\"woodmart-title-container title  wd-font-weight- wd-fontsize-xxl\" ><strong>DIN EN 60695-2 \/ UL94<\/strong><\/h2>\n\t\t\t\t\t\t\t<\/div>\n\t\t\t\n\t\t\t\t\t\t\t<div class=\"title-after_title reset-last-child  wd-fontsize-s\">La r\u00e9glementation UL94 des Underwriters Laboratories a \u00e9tabli des r\u00e8gles pour la r\u00e9alisation d'un test d'ininflammabilit\u00e9, qui utilise une \u00e9chelle pour classer l'inflammabilit\u00e9 des plastiques.<br \/>\nL'essai au fil incandescent selon la norme DIN EN 60695-2 (DIN EN 60695-2-10 (2014-04) : Essais relatifs aux risques d'incendie - Partie 2-10 : Essais au fil incandescent - \u00c9quipement d'essai au fil incandescent et m\u00e9thode d'essai g\u00e9n\u00e9rale) est utilis\u00e9 pour tester l'enceinte afin d'\u00e9valuer le risque d'incendie.<\/div>\n\t\t\t\n\t\t\t\n\t\t<\/div>\n\t\t\n\t\t[\/vc_column][vc_column width=\u00a0\u00bb1\/2&Prime;][vc_column_text text_larger=\u00a0\u00bbno\u00a0\u00bb]\n<table id=\"tablepress-184\" class=\"tablepress tablepress-id-184\">\n<thead>\n<tr class=\"row-1\">\n\t<td class=\"column-1\"><\/td><th class=\"column-2\">V-0<\/th><th class=\"column-3\">V-1<\/th><th class=\"column-4\">V-5<\/th>\n<\/tr>\n<\/thead>\n<tbody class=\"row-striping row-hover\">\n<tr class=\"row-2\">\n\t<td class=\"column-1\">afterburning test after each firing<\/td><td class=\"column-2\">< 10 s<\/td><td class=\"column-3\">< 20 s<\/td><td class=\"column-4\">< 30 s<\/td>\n<\/tr>\n<tr class=\"row-3\">\n\t<td class=\"column-1\">Total burning time per set (10 Flaming)<\/td><td class=\"column-2\">< 50 s<\/td><td class=\"column-3\">< 250 s<\/td><td class=\"column-4\">< 250 s<\/td>\n<\/tr>\n<tr class=\"row-4\">\n\t<td class=\"column-1\">Afterburning time \/ afterglow after the 2nd flame<\/td><td class=\"column-2\">< 30 s<\/td><td class=\"column-3\">< 60 s<\/td><td class=\"column-4\">< 60 s<\/td>\n<\/tr>\n<tr class=\"row-5\">\n\t<td class=\"column-1\">Burn-up to the retaining clip<\/td><td class=\"column-2\">no<\/td><td class=\"column-3\">no<\/td><td class=\"column-4\">no<\/td>\n<\/tr>\n<tr class=\"row-6\">\n\t<td class=\"column-1\">cotton wool inflammation<\/td><td class=\"column-2\">no<\/td><td class=\"column-3\">no<\/td><td class=\"column-4\">yes<\/td>\n<\/tr>\n<\/tbody>\n<\/table>\n<!-- #tablepress-184 from cache -->[\/vc_column_text][\/vc_column][\/vc_row]<\/p>\n<\/div>","protected":false},"excerpt":{"rendered":"<p>[vc_row][vc_column][\/vc_column][vc_column width=\u00a0\u00bb1\/2&Prime;][\/vc_column][vc_column width=\u00a0\u00bb1\/2&Prime;][vc_column_text text_larger=\u00a0\u00bbno\u00a0\u00bb][\/vc_column_text][\/vc_column][\/vc_row]<\/p>\n","protected":false},"author":2,"featured_media":0,"parent":11052,"menu_order":0,"comment_status":"closed","ping_status":"closed","template":"","meta":{"_acf_changed":false,"content-type":"","footnotes":""},"class_list":["post-20031","page","type-page","status-publish","hentry"],"acf":[],"yoast_head":"<!-- This site is optimized with the Yoast SEO plugin v27.2 - https:\/\/yoast.com\/product\/yoast-seo-wordpress\/ -->\n<title>R\u00e9sistance \u00e0 la chaleur - BOXEXPERT - Des solutions d&#039;armoires professionnelles pour les plus hautes exigences<\/title>\n<meta name=\"robots\" content=\"index, follow, max-snippet:-1, max-image-preview:large, max-video-preview:-1\" \/>\n<link rel=\"canonical\" href=\"https:\/\/boxexpert.de\/fr\/faqs\/resistance-a-la-chaleur\/\" \/>\n<meta property=\"og:locale\" content=\"fr_FR\" \/>\n<meta property=\"og:type\" content=\"article\" \/>\n<meta property=\"og:title\" content=\"R\u00e9sistance \u00e0 la chaleur - BOXEXPERT - Des solutions d&#039;armoires professionnelles pour les plus hautes exigences\" \/>\n<meta property=\"og:description\" content=\"[vc_row][vc_column][\/vc_column][vc_column width=\u00a0\u00bb1\/2&Prime;][\/vc_column][vc_column width=\u00a0\u00bb1\/2&Prime;][vc_column_text text_larger=\u00a0\u00bbno\u00a0\u00bb][\/vc_column_text][\/vc_column][\/vc_row]\" \/>\n<meta property=\"og:url\" content=\"https:\/\/boxexpert.de\/fr\/faqs\/resistance-a-la-chaleur\/\" \/>\n<meta property=\"og:site_name\" content=\"BOXEXPERT - Des solutions d&#039;armoires professionnelles pour les plus hautes exigences\" \/>\n<meta property=\"article:modified_time\" content=\"2021-10-13T10:37:40+00:00\" \/>\n<meta name=\"twitter:card\" content=\"summary_large_image\" \/>\n<script type=\"application\/ld+json\" class=\"yoast-schema-graph\">{\"@context\":\"https:\/\/schema.org\",\"@graph\":[{\"@type\":\"WebPage\",\"@id\":\"https:\/\/boxexpert.de\/fr\/faqs\/resistance-a-la-chaleur\/\",\"url\":\"https:\/\/boxexpert.de\/fr\/faqs\/resistance-a-la-chaleur\/\",\"name\":\"R\u00e9sistance \u00e0 la chaleur - BOXEXPERT - Des solutions d'armoires professionnelles pour les plus hautes exigences\",\"isPartOf\":{\"@id\":\"https:\/\/boxexpert.de\/fr\/#website\"},\"datePublished\":\"2021-07-20T10:39:50+00:00\",\"dateModified\":\"2021-10-13T10:37:40+00:00\",\"breadcrumb\":{\"@id\":\"https:\/\/boxexpert.de\/fr\/faqs\/resistance-a-la-chaleur\/#breadcrumb\"},\"inLanguage\":\"fr-FR\",\"potentialAction\":[{\"@type\":\"ReadAction\",\"target\":[\"https:\/\/boxexpert.de\/fr\/faqs\/resistance-a-la-chaleur\/\"]}]},{\"@type\":\"BreadcrumbList\",\"@id\":\"https:\/\/boxexpert.de\/fr\/faqs\/resistance-a-la-chaleur\/#breadcrumb\",\"itemListElement\":[{\"@type\":\"ListItem\",\"position\":1,\"name\":\"Startseite\",\"item\":\"https:\/\/boxexpert.de\/fr\/\"},{\"@type\":\"ListItem\",\"position\":2,\"name\":\"FAQs\",\"item\":\"https:\/\/boxexpert.de\/fr\/faqs\/\"},{\"@type\":\"ListItem\",\"position\":3,\"name\":\"R\u00e9sistance \u00e0 la chaleur\"}]},{\"@type\":\"WebSite\",\"@id\":\"https:\/\/boxexpert.de\/fr\/#website\",\"url\":\"https:\/\/boxexpert.de\/fr\/\",\"name\":\"BOXEXPERT - Professionelle Geh\u00e4usel\u00f6sungen f\u00fcr h\u00f6chste Anspr\u00fcche\",\"description\":\"Bo\u00eetiers industriels, armoires \u00e9lectriques, bo\u00eetiers d'installation, bo\u00eetes \u00e0 fusibles et bo\u00eetes de distribution\",\"potentialAction\":[{\"@type\":\"SearchAction\",\"target\":{\"@type\":\"EntryPoint\",\"urlTemplate\":\"https:\/\/boxexpert.de\/fr\/?s={search_term_string}\"},\"query-input\":{\"@type\":\"PropertyValueSpecification\",\"valueRequired\":true,\"valueName\":\"search_term_string\"}}],\"inLanguage\":\"fr-FR\"}]}<\/script>\n<!-- \/ Yoast SEO plugin. -->","yoast_head_json":{"title":"R\u00e9sistance \u00e0 la chaleur - BOXEXPERT - Des solutions d'armoires professionnelles pour les plus hautes exigences","robots":{"index":"index","follow":"follow","max-snippet":"max-snippet:-1","max-image-preview":"max-image-preview:large","max-video-preview":"max-video-preview:-1"},"canonical":"https:\/\/boxexpert.de\/fr\/faqs\/resistance-a-la-chaleur\/","og_locale":"fr_FR","og_type":"article","og_title":"R\u00e9sistance \u00e0 la chaleur - BOXEXPERT - Des solutions d'armoires professionnelles pour les plus hautes exigences","og_description":"[vc_row][vc_column][\/vc_column][vc_column width=\u00a0\u00bb1\/2&Prime;][\/vc_column][vc_column width=\u00a0\u00bb1\/2&Prime;][vc_column_text text_larger=\u00a0\u00bbno\u00a0\u00bb][\/vc_column_text][\/vc_column][\/vc_row]","og_url":"https:\/\/boxexpert.de\/fr\/faqs\/resistance-a-la-chaleur\/","og_site_name":"BOXEXPERT - Des solutions d'armoires professionnelles pour les plus hautes exigences","article_modified_time":"2021-10-13T10:37:40+00:00","twitter_card":"summary_large_image","schema":{"@context":"https:\/\/schema.org","@graph":[{"@type":"WebPage","@id":"https:\/\/boxexpert.de\/fr\/faqs\/resistance-a-la-chaleur\/","url":"https:\/\/boxexpert.de\/fr\/faqs\/resistance-a-la-chaleur\/","name":"R\u00e9sistance \u00e0 la chaleur - BOXEXPERT - Des solutions d'armoires professionnelles pour les plus hautes exigences","isPartOf":{"@id":"https:\/\/boxexpert.de\/fr\/#website"},"datePublished":"2021-07-20T10:39:50+00:00","dateModified":"2021-10-13T10:37:40+00:00","breadcrumb":{"@id":"https:\/\/boxexpert.de\/fr\/faqs\/resistance-a-la-chaleur\/#breadcrumb"},"inLanguage":"fr-FR","potentialAction":[{"@type":"ReadAction","target":["https:\/\/boxexpert.de\/fr\/faqs\/resistance-a-la-chaleur\/"]}]},{"@type":"BreadcrumbList","@id":"https:\/\/boxexpert.de\/fr\/faqs\/resistance-a-la-chaleur\/#breadcrumb","itemListElement":[{"@type":"ListItem","position":1,"name":"Startseite","item":"https:\/\/boxexpert.de\/fr\/"},{"@type":"ListItem","position":2,"name":"FAQs","item":"https:\/\/boxexpert.de\/fr\/faqs\/"},{"@type":"ListItem","position":3,"name":"R\u00e9sistance \u00e0 la chaleur"}]},{"@type":"WebSite","@id":"https:\/\/boxexpert.de\/fr\/#website","url":"https:\/\/boxexpert.de\/fr\/","name":"BOXEXPERT - Professionelle Geh\u00e4usel\u00f6sungen f\u00fcr h\u00f6chste Anspr\u00fcche","description":"Bo\u00eetiers industriels, armoires \u00e9lectriques, bo\u00eetiers d'installation, bo\u00eetes \u00e0 fusibles et bo\u00eetes de distribution","potentialAction":[{"@type":"SearchAction","target":{"@type":"EntryPoint","urlTemplate":"https:\/\/boxexpert.de\/fr\/?s={search_term_string}"},"query-input":{"@type":"PropertyValueSpecification","valueRequired":true,"valueName":"search_term_string"}}],"inLanguage":"fr-FR"}]}},"_links":{"self":[{"href":"https:\/\/boxexpert.de\/fr\/wp-json\/wp\/v2\/pages\/20031","targetHints":{"allow":["GET"]}}],"collection":[{"href":"https:\/\/boxexpert.de\/fr\/wp-json\/wp\/v2\/pages"}],"about":[{"href":"https:\/\/boxexpert.de\/fr\/wp-json\/wp\/v2\/types\/page"}],"author":[{"embeddable":true,"href":"https:\/\/boxexpert.de\/fr\/wp-json\/wp\/v2\/users\/2"}],"replies":[{"embeddable":true,"href":"https:\/\/boxexpert.de\/fr\/wp-json\/wp\/v2\/comments?post=20031"}],"version-history":[{"count":10,"href":"https:\/\/boxexpert.de\/fr\/wp-json\/wp\/v2\/pages\/20031\/revisions"}],"predecessor-version":[{"id":58872,"href":"https:\/\/boxexpert.de\/fr\/wp-json\/wp\/v2\/pages\/20031\/revisions\/58872"}],"up":[{"embeddable":true,"href":"https:\/\/boxexpert.de\/fr\/wp-json\/wp\/v2\/pages\/11052"}],"wp:attachment":[{"href":"https:\/\/boxexpert.de\/fr\/wp-json\/wp\/v2\/media?parent=20031"}],"curies":[{"name":"wp","href":"https:\/\/api.w.org\/{rel}","templated":true}]}}