{"id":4635,"date":"2020-02-11T07:45:20","date_gmt":"2020-02-11T07:45:20","guid":{"rendered":"https:\/\/boxexpert.de\/societe\/logistik\/"},"modified":"2020-06-23T12:41:28","modified_gmt":"2020-06-23T12:41:28","slug":"logistique","status":"publish","type":"page","link":"https:\/\/boxexpert.de\/fr\/societe\/logistique\/","title":{"rendered":"Logistique"},"content":{"rendered":"<div class=\"wpb-content-wrapper\"><p>[vc_row full_width=\u00a0\u00bbstretch_row_content\u00a0\u00bb mobile_bg_img_hidden=\u00a0\u00bbno\u00a0\u00bb tablet_bg_img_hidden=\u00a0\u00bbno\u00a0\u00bb woodmart_parallax=\u00a0\u00bb0&Prime; woodmart_gradient_switch=\u00a0\u00bbno\u00a0\u00bb row_reverse_mobile=\u00a0\u00bb0&Prime; row_reverse_tablet=\u00a0\u00bb0&Prime; woodmart_disable_overflow=\u00a0\u00bb0&Prime; css=\u00a0\u00bb.vc_custom_1585845066216{margin-top: -40px !important;margin-bottom: 4vh !important;}\u00a0\u00bb][vc_column]\n\t\t\t<!-- START logistik REVOLUTION SLIDER 6.7.41 --><p class=\"rs-p-wp-fix\"><\/p>\n\t\t\t<rs-module-wrap id=\"rev_slider_20_1_wrapper\" data-source=\"gallery\" style=\"visibility:hidden;background:transparent;padding:0;margin:0px auto;margin-top:0;margin-bottom:0;\">\n\t\t\t\t<rs-module id=\"rev_slider_20_1\" style=\"\" data-version=\"6.7.41\">\n\t\t\t\t\t<rs-slides style=\"overflow: hidden; position: absolute;\">\n\t\t\t\t\t\t<rs-slide style=\"position: absolute;\" data-key=\"rs-186\" data-title=\"Slide\" data-anim=\"ms:1000;r:0;\" data-in=\"o:0;\" data-out=\"a:false;\">\n\t\t\t\t\t\t\t<img decoding=\"async\" src=\"\/\/boxexpert.de\/wp-content\/plugins\/revslider\/sr6\/assets\/assets\/dummy.png\" alt=\"Das Logistikzentrum von Boxexpert sorgt f\u00fcr reichlich Lagerware an Geh\u00e4usen\" title=\"logistik1\" width=\"1600\" height=\"600\" class=\"rev-slidebg tp-rs-img rs-lazyload\" data-lazyload=\"\/\/boxexpert.de\/wp-content\/uploads\/2020\/03\/logistik1.jpg\" data-no-retina>\n<!--\n\t\t\t\t\t\t\t--><rs-layer\n\t\t\t\t\t\t\t\tid=\"slider-20-slide-186-layer-0\" \n\t\t\t\t\t\t\t\tdata-type=\"shape\"\n\t\t\t\t\t\t\t\tdata-rsp_ch=\"on\"\n\t\t\t\t\t\t\t\tdata-xy=\"x:428px;y:340px;\"\n\t\t\t\t\t\t\t\tdata-text=\"w:normal;\"\n\t\t\t\t\t\t\t\tdata-dim=\"w:642px;h:127px;\"\n\t\t\t\t\t\t\t\tdata-spike=\"r:top;\"\n\t\t\t\t\t\t\t\tdata-frame_0=\"x:left;\"\n\t\t\t\t\t\t\t\tdata-frame_1=\"st:400;sp:1000;\"\n\t\t\t\t\t\t\t\tdata-frame_999=\"o:0;st:w;\"\n\t\t\t\t\t\t\t\tstyle=\"z-index:5;background-color:rgba(54,132,187,0.95);\"\n\t\t\t\t\t\t\t> \n\t\t\t\t\t\t\t<\/rs-layer><!--\n\n\t\t\t\t\t\t\t--><rs-layer\n\t\t\t\t\t\t\t\tid=\"slider-20-slide-186-layer-1\" \n\t\t\t\t\t\t\t\tdata-type=\"text\"\n\t\t\t\t\t\t\t\tdata-color=\"#ffffff\"\n\t\t\t\t\t\t\t\tdata-rsp_ch=\"on\"\n\t\t\t\t\t\t\t\tdata-xy=\"x:454px;y:367px;\"\n\t\t\t\t\t\t\t\tdata-text=\"w:normal;s:27;l:34;fw:600;\"\n\t\t\t\t\t\t\t\tdata-frame_0=\"x:left;\"\n\t\t\t\t\t\t\t\tdata-frame_1=\"st:400;sp:1000;\"\n\t\t\t\t\t\t\t\tdata-frame_999=\"o:0;st:w;\"\n\t\t\t\t\t\t\t\tstyle=\"z-index:6;font-family:'Poppins';\"\n\t\t\t\t\t\t\t>LA HAUTE DISPONIBILIT\u00c9 ET DES PARTENAIRES <br \/>\nLOGISTIQUES S\u00c9LECTIONN\u00c9S \n\t\t\t\t\t\t\t<\/rs-layer><!--\n-->\t\t\t\t\t<\/rs-slide>\n\t\t\t\t\t<\/rs-slides>\n\t\t\t\t<\/rs-module>\n\t\t\t\t<script>\n\t\t\t\t\tsetREVStartSize({c: 'rev_slider_20_1',rl:[1240,1024,778,480],el:[500],gw:[1240],gh:[500],type:'standard',justify:'',layout:'fullwidth',mh:\"0\"});if (window.RS_MODULES!==undefined && window.RS_MODULES.modules!==undefined && window.RS_MODULES.modules[\"revslider201\"]!==undefined) {window.RS_MODULES.modules[\"revslider201\"].once = false;window.revapi20 = undefined;if (window.RS_MODULES.checkMinimal!==undefined) window.RS_MODULES.checkMinimal()}\n\t\t\t\t<\/script>\n\t\t\t<\/rs-module-wrap>\n\t\t\t<!-- END REVOLUTION SLIDER -->\n[\/vc_column][\/vc_row][vc_row mobile_bg_img_hidden=\u00a0\u00bbno\u00a0\u00bb tablet_bg_img_hidden=\u00a0\u00bbno\u00a0\u00bb woodmart_parallax=\u00a0\u00bb0&Prime; woodmart_gradient_switch=\u00a0\u00bbno\u00a0\u00bb row_reverse_mobile=\u00a0\u00bb0&Prime; row_reverse_tablet=\u00a0\u00bb0&Prime; woodmart_disable_overflow=\u00a0\u00bb0&Prime;][vc_column]\n\t\t<div id=\"wd-5eba6645bf7f9\" class=\"title-wrapper wd-wpb wd-set-mb reset-last-child  wd-rs-5eba6645bf7f9 wd-title-color-primary wd-title-style-underlined text-left vc_custom_1589274185867 wd-underline-colored\">\n\t\t\t\n\t\t\t<div class=\"liner-continer\">\n\t\t\t\t<h1 class=\"woodmart-title-container title  wd-font-weight- wd-fontsize-xxl\" ><strong>LOGISTIQUE<\/strong><\/h1>\n\t\t\t\t\t\t\t<\/div>\n\t\t\t\n\t\t\t\n\t\t\t\n\t\t<\/div>\n\t\t\n\t\t[\/vc_column][\/vc_row][vc_row full_width=\u00a0\u00bbstretch_row\u00a0\u00bb content_placement=\u00a0\u00bbmiddle\u00a0\u00bb css=\u00a0\u00bb.vc_custom_1581684079743{margin-bottom: 2vh !important;}\u00a0\u00bb mobile_bg_img_hidden=\u00a0\u00bbno\u00a0\u00bb tablet_bg_img_hidden=\u00a0\u00bbno\u00a0\u00bb woodmart_parallax=\u00a0\u00bb0&Prime; woodmart_gradient_switch=\u00a0\u00bbno\u00a0\u00bb row_reverse_mobile=\u00a0\u00bb0&Prime; row_reverse_tablet=\u00a0\u00bb0&Prime; woodmart_disable_overflow=\u00a0\u00bb0&Prime;][vc_column width=\u00a0\u00bb1\/3&Prime; css=\u00a0\u00bb.vc_custom_1490276860346{margin-bottom: 20px !important;padding-top: 0px !important;}\u00a0\u00bb]\t\t<div id=\"gallery_475\" class=\"wd-images-gallery wd-wpb\" style=\"--wd-justify-content:center;--wd-align-items:center;\">\n\t\t\t\n\t\t\t<div class=\" wd-grid-g\" style=\"--wd-col-lg:1;--wd-col-md:1;--wd-col-sm:1;--wd-gap-lg:0px;\">\n\t\t\t\t\n\t\t\t\t\t\t\t\t\t\t\t\t\t\t\t<div class=\"wd-gallery-item wd-col\">\n\t\t\t\t\t\t\t\n\t\t\t\t\t\t\t\t<img decoding=\"async\" width=\"600\" height=\"400\" src=\"https:\/\/boxexpert.de\/wp-content\/uploads\/2020\/03\/logistik4.jpg\" class=\"wd-gallery-image image-1\" alt=\"Das Logistikzentrum von Boxexpert sorgt f\u00fcr reichlich Lagerware an Geh\u00e4usen\" srcset=\"https:\/\/boxexpert.de\/wp-content\/uploads\/2020\/03\/logistik4.jpg 600w, https:\/\/boxexpert.de\/wp-content\/uploads\/2020\/03\/logistik4-150x100.jpg 150w, https:\/\/boxexpert.de\/wp-content\/uploads\/2020\/03\/logistik4-300x200.jpg 300w\" sizes=\"(max-width: 600px) 100vw, 600px\" \/>\n\t\t\t\t\t\t\t\t\t\t\t\t\t\t<\/div>\n\t\t\t\t\t\t\t\t\t\n\t\t\t\t\t\t\t<\/div>\n\n\t\t\t\t\t<\/div>\n\t\t[\/vc_column][vc_column width=\u00a0\u00bb1\/3&Prime; css=\u00a0\u00bb.vc_custom_1536077344327{margin-bottom: 20px !important;padding-top: 0px !important;}\u00a0\u00bb]\n\t\t<div id=\"wd-5eba664beb003\" class=\"title-wrapper wd-wpb wd-set-mb reset-last-child  wd-rs-5eba664beb003 wd-title-color-primary wd-title-style-underlined text-left vc_custom_1589274192030 wd-underline-colored\">\n\t\t\t\n\t\t\t<div class=\"liner-continer\">\n\t\t\t\t<h2 class=\"woodmart-title-container title  wd-font-weight- wd-fontsize-l\" >LA LOGISTIQUE \u00c0 LA MANI\u00c8RE HANS\u00c9ATIQUE<\/h2>\n\t\t\t\t\t\t\t<\/div>\n\t\t\t\n\t\t\t\n\t\t\t\n\t\t<\/div>\n\t\t\n\t\t[vc_column_text css=\u00a0\u00bb.vc_custom_1589274198547{margin-bottom: 20px !important;}\u00a0\u00bb text_larger=\u00a0\u00bbno\u00a0\u00bb]Une structure group\u00e9e de la logistique de BOXEXPERT contribue \u00e0 garantir le bon d\u00e9roulement de tous les processus. Le site central de Hambourg comprend tous les domaines de traitement de notre logistique. Le d\u00e9veloppement et la fabrication des produits trouvent leur origine dans la ville hans\u00e9atique ainsi que la logistique de vente, de soutien et d&rsquo;exp\u00e9dition. Une approche orient\u00e9e vers le client est une \u00e9vidence pour BOXEXPERT.[\/vc_column_text][\/vc_column][vc_column width=\u00a0\u00bb1\/3&Prime; css=\u00a0\u00bb.vc_custom_1536077348538{margin-bottom: 20px !important;padding-top: 0px !important;}\u00a0\u00bb][vc_column_text css=\u00a0\u00bb.vc_custom_1589274204602{margin-bottom: 28px !important;}\u00a0\u00bb text_larger=\u00a0\u00bbno\u00a0\u00bb]Gr\u00e2ce \u00e0 des partenaires logistiques s\u00e9lectionn\u00e9s et \u00e0 une grande disponibilit\u00e9 de tous les produits, nous pouvons garantir un traitement rapide de toutes les commandes. Un traitement automatis\u00e9 et multilingue des commandes y contribue pour l&rsquo;essentiel.[\/vc_column_text][vc_column_text css=\u00a0\u00bb.vc_custom_1589274210672{margin-bottom: 20px !important;}\u00a0\u00bb text_larger=\u00a0\u00bbno\u00a0\u00bb]Si les choses doivent se faire tr\u00e8s rapidement, nous vous livrons bien s\u00fbr nos dossiers dans le monde entier par express et organisons pour vous la correspondance avec le transporteur dans le cas de livraisons importantes. Convainquez-vous de la fiabilit\u00e9 de notre logistique et faites confiance \u00e0 BOXEXPERT.[\/vc_column_text][\/vc_column][\/vc_row][vc_row full_width=\u00a0\u00bbstretch_row\u00a0\u00bb css=\u00a0\u00bb.vc_custom_1581684138262{padding-top: 30px !important;background-color: #f9f9f9 !important;}\u00a0\u00bb mobile_bg_img_hidden=\u00a0\u00bbno\u00a0\u00bb tablet_bg_img_hidden=\u00a0\u00bbno\u00a0\u00bb woodmart_parallax=\u00a0\u00bb0&Prime; woodmart_gradient_switch=\u00a0\u00bbno\u00a0\u00bb row_reverse_mobile=\u00a0\u00bb0&Prime; row_reverse_tablet=\u00a0\u00bb0&Prime; woodmart_disable_overflow=\u00a0\u00bb0&Prime;][vc_column css=\u00a0\u00bb.vc_custom_1484657273903{padding-top: 0px !important;}\u00a0\u00bb]\n\t\t<div id=\"wd-5e45054c68b77\" class=\"title-wrapper wd-wpb wd-set-mb reset-last-child  wd-rs-5e45054c68b77 wd-title-color-primary wd-title-style-underlined text-left vc_custom_1581581650385 wd-underline-colored\">\n\t\t\t\n\t\t\t<div class=\"liner-continer\">\n\t\t\t\t<h4 class=\"woodmart-title-container title  wd-font-weight- wd-fontsize-l\" >KEY FACTS<\/h4>\n\t\t\t\t\t\t\t<\/div>\n\t\t\t\n\t\t\t\n\t\t\t\n\t\t<\/div>\n\t\t\n\t\t[vc_row_inner][vc_column_inner width=\u00a0\u00bb1\/2&Prime;]\t\t\t<div id=\"wd-5eba6666880e5\" class=\"wd-text-block-wrapper wd-wpb wd-rs-5eba6666880e5 color-scheme-custom text-left vc_custom_1589274218611\">\n\t\t\t\t<div class=\"woodmart-title-container woodmart-text-block reset-last-child font-primary wd-font-weight-600 \">\n\t\t\t\t\t<\/p>\n<h3>Traitement des exp\u00e9ditions par BOXEXPERT<\/h3>\n<p>\t\t\t\t<\/div>\n\n\t\t\t\t\t\t\t<\/div>\n\t\t[vc_column_text text_larger=\u00a0\u00bbno\u00a0\u00bb]BOXEXPERT couvre et met soigneusement en \u0153uvre l&rsquo;ensemble du processus d&rsquo;exp\u00e9dition. Les colis sont livr\u00e9s de mani\u00e8re fiable et ponctuelle \u00e0 leur destination par notre partenaire logistique UPS.<\/p>\n<p>En outre, nous prenons en charge toute l&rsquo;organisation avec le transporteur pour la livraison des palettes et nous nous chargeons de toutes les formalit\u00e9s douani\u00e8res n\u00e9cessaires si n\u00e9cessaire.[\/vc_column_text][\/vc_column_inner][vc_column_inner width=\u00a0\u00bb1\/2&Prime;]\t\t\t<div id=\"wd-5eba666c97775\" class=\"wd-text-block-wrapper wd-wpb wd-rs-5eba666c97775 color-scheme-custom text-left vc_custom_1589274224592\">\n\t\t\t\t<div class=\"woodmart-title-container woodmart-text-block reset-last-child font-primary wd-font-weight-600 \">\n\t\t\t\t\t<\/p>\n<h3>Logistique<\/h3>\n<p>\t\t\t\t<\/div>\n\n\t\t\t\t\t\t\t<\/div>\n\t\t[vc_column_text text_larger=\u00a0\u00bbno\u00a0\u00bb]Votre logement fait-il l&rsquo;objet d&rsquo;une transformation ult\u00e9rieure ou passe-t-il dans votre cha\u00eene de production ? Ou sera-t-il livr\u00e9 directement \u00e0 votre client ? Dans les deux cas, BOXEXPERT vous offre un soutien pour vous fournir une assistance logistique. Tant en termes d&#8217;emballage que de livraison, nous nous asseyons avec vous d\u00e8s le d\u00e9but pour d\u00e9finir le processus optimal pour vous.[\/vc_column_text][\/vc_column_inner][\/vc_row_inner][vc_row_inner][vc_column_inner width=\u00a0\u00bb1\/2&Prime;]\t\t\t<div id=\"wd-5eba66721a53f\" class=\"wd-text-block-wrapper wd-wpb wd-rs-5eba66721a53f color-scheme-custom text-left vc_custom_1589274230278\">\n\t\t\t\t<div class=\"woodmart-title-container woodmart-text-block reset-last-child font-primary wd-font-weight-600 \">\n\t\t\t\t\t<\/p>\n<h3>Commande pratique dans le syst\u00e8me de boutique<\/h3>\n<p>\t\t\t\t<\/div>\n\n\t\t\t\t\t\t\t<\/div>\n\t\t[vc_column_text text_larger=\u00a0\u00bbno\u00a0\u00bb]Notre syst\u00e8me de boutique vous permet de commander facilement par clic dans un environnement enti\u00e8rement automatis\u00e9. Gr\u00e2ce aux options de filtrage et \u00e0 une structure propre de nos cat\u00e9gories de produits, vous pouvez trouver facilement et rapidement le bo\u00eetier qui vous convient.<\/p>\n<p>Si vous avez besoin d&rsquo;une personnalisation sous la forme de nos services pour les annexes, nos employ\u00e9s r\u00e9agiront imm\u00e9diatement \u00e0 vos demandes sp\u00e9ciales et, si vous le souhaitez, vous conseilleront directement en direct dans le chat en ligne.[\/vc_column_text][\/vc_column_inner][vc_column_inner width=\u00a0\u00bb1\/2&Prime;]\t\t\t<div id=\"wd-5eba667844a20\" class=\"wd-text-block-wrapper wd-wpb wd-rs-5eba667844a20 color-scheme-custom text-left vc_custom_1589274237008\">\n\t\t\t\t<div class=\"woodmart-title-container woodmart-text-block reset-last-child font-primary wd-font-weight-600 \">\n\t\t\t\t\t<\/p>\n<h3>Emballage<\/h3>\n<p>\t\t\t\t<\/div>\n\n\t\t\t\t\t\t\t<\/div>\n\t\t[vc_column_text text_larger=\u00a0\u00bbno\u00a0\u00bb]Si le produit doit \u00eatre livr\u00e9 directement \u00e0 votre client, nous emballons les caisses directement dans vos bo\u00eetes avec votre bon de livraison, si vous le souhaitez, de sorte que votre client ne remarque m\u00eame pas que le fournisseur \u00e9tait en fait quelqu&rsquo;un d&rsquo;autre.<\/p>\n<p>Si vous traitez le logement plus en profondeur dans votre production et que vous \u00e9conomisez des ressources, une livraison dans un emballage en panneaux, par exemple, est possible.[\/vc_column_text][\/vc_column_inner][\/vc_row_inner][vc_row_inner][vc_column_inner width=\u00a0\u00bb1\/2&Prime;]\t\t\t<div id=\"wd-5eba667f4f029\" class=\"wd-text-block-wrapper wd-wpb wd-rs-5eba667f4f029 color-scheme-custom text-left vc_custom_1589274251446\">\n\t\t\t\t<div class=\"woodmart-title-container woodmart-text-block reset-last-child font-primary wd-font-weight-600 \">\n\t\t\t\t\t<\/p>\n<h3>24\/7 et l&rsquo;envoi le m\u00eame jour<\/h3>\n<p>\t\t\t\t<\/div>\n\n\t\t\t\t\t\t\t<\/div>\n\t\t[vc_column_text text_larger=\u00a0\u00bbno\u00a0\u00bb]Nous exp\u00e9dions nos marchandises quotidiennement. Selon l&rsquo;heure de la commande, toutes les commandes sont remises \u00e0 notre partenaire logistique au plus tard le jour ouvrable suivant et doivent g\u00e9n\u00e9ralement vous parvenir le jour ouvrable suivant.<\/p>\n<p>Les commandes re\u00e7ues via notre boutique en ligne avant 14 heures seront exp\u00e9di\u00e9es le jour m\u00eame, de sorte qu&rsquo;il s&rsquo;\u00e9coulera moins de 24 heures entre le moment de la commande et celui de la r\u00e9ception de la marchandise.[\/vc_column_text][\/vc_column_inner][vc_column_inner width=\u00a0\u00bb1\/2&Prime;]\t\t\t<div id=\"wd-5eba668de40e5\" class=\"wd-text-block-wrapper wd-wpb wd-rs-5eba668de40e5 color-scheme-custom text-left vc_custom_1589274259082\">\n\t\t\t\t<div class=\"woodmart-title-container woodmart-text-block reset-last-child font-primary wd-font-weight-600 \">\n\t\t\t\t\t<\/p>\n<h3>Livraison<\/h3>\n<p>\t\t\t\t<\/div>\n\n\t\t\t\t\t\t\t<\/div>\n\t\t[vc_column_text text_larger=\u00a0\u00bbno\u00a0\u00bb]Si vous avez besoin de la s\u00e9curit\u00e9 de pouvoir toujours compter sur le nombre de logements souhait\u00e9, mais ne disposez pas de la capacit\u00e9 de stockage disponible, nous vous proposons volontiers la conclusion d&rsquo;une commande globale. De cette mani\u00e8re, nous vous gardons toujours la quantit\u00e9 de logements n\u00e9cessaires sur une certaine p\u00e9riode, de sorte que vous pouvez facilement les appeler par lots. Cela vous donne la possibilit\u00e9 de continuer \u00e0 agir \u00e0 court terme. M\u00eame si la moiti\u00e9 des pi\u00e8ces, comme le couvercle du bo\u00eetier ou les accessoires, doivent \u00eatre envoy\u00e9es \u00e0 des adresses de livraison diff\u00e9rentes, nous serons heureux de vous aider dans la mise en \u0153uvre.<\/p>\n<p>Nous sommes heureux de vous conseiller avant m\u00eame votre premi\u00e8re commande, car nous voulons vous donner la possibilit\u00e9 de vous concentrer sur votre activit\u00e9 principale.[\/vc_column_text][\/vc_column_inner][\/vc_row_inner][\/vc_column][\/vc_row]<\/p>\n<\/div>","protected":false},"excerpt":{"rendered":"<p>[vc_row full_width=\u00a0\u00bbstretch_row_content\u00a0\u00bb mobile_bg_img_hidden=\u00a0\u00bbno\u00a0\u00bb tablet_bg_img_hidden=\u00a0\u00bbno\u00a0\u00bb woodmart_parallax=\u00a0\u00bb0&Prime; woodmart_gradient_switch=\u00a0\u00bbno\u00a0\u00bb row_reverse_mobile=\u00a0\u00bb0&Prime; row_reverse_tablet=\u00a0\u00bb0&Prime; woodmart_disable_overflow=\u00a0\u00bb0&Prime; css=\u00a0\u00bb.vc_custom_1585845066216{margin-top: -40px !important;margin-bottom: 4vh !important;}\u00a0\u00bb][vc_column][\/vc_column][\/vc_row][vc_row mobile_bg_img_hidden=\u00a0\u00bbno\u00a0\u00bb tablet_bg_img_hidden=\u00a0\u00bbno\u00a0\u00bb woodmart_parallax=\u00a0\u00bb0&Prime; woodmart_gradient_switch=\u00a0\u00bbno\u00a0\u00bb row_reverse_mobile=\u00a0\u00bb0&Prime; row_reverse_tablet=\u00a0\u00bb0&Prime;<\/p>\n","protected":false},"author":1,"featured_media":0,"parent":3826,"menu_order":0,"comment_status":"closed","ping_status":"closed","template":"","meta":{"_acf_changed":false,"content-type":"","footnotes":""},"class_list":["post-4635","page","type-page","status-publish","hentry"],"acf":[],"yoast_head":"<!-- This site is optimized with the Yoast SEO plugin v27.2 - https:\/\/yoast.com\/product\/yoast-seo-wordpress\/ -->\n<title>Logistique - BOXEXPERT - Des solutions d&#039;armoires professionnelles pour les plus hautes exigences<\/title>\n<meta name=\"robots\" content=\"index, follow, max-snippet:-1, max-image-preview:large, max-video-preview:-1\" \/>\n<link rel=\"canonical\" href=\"https:\/\/boxexpert.de\/fr\/societe\/logistique\/\" \/>\n<meta property=\"og:locale\" content=\"fr_FR\" \/>\n<meta property=\"og:type\" content=\"article\" \/>\n<meta property=\"og:title\" content=\"Logistique - BOXEXPERT - Des solutions d&#039;armoires professionnelles pour les plus hautes exigences\" \/>\n<meta property=\"og:description\" content=\"[vc_row full_width=\u00a0\u00bbstretch_row_content\u00a0\u00bb mobile_bg_img_hidden=\u00a0\u00bbno\u00a0\u00bb tablet_bg_img_hidden=\u00a0\u00bbno\u00a0\u00bb woodmart_parallax=\u00a0\u00bb0&Prime; woodmart_gradient_switch=\u00a0\u00bbno\u00a0\u00bb row_reverse_mobile=\u00a0\u00bb0&Prime; row_reverse_tablet=\u00a0\u00bb0&Prime; woodmart_disable_overflow=\u00a0\u00bb0&Prime; css=\u00a0\u00bb.vc_custom_1585845066216{margin-top: -40px !important;margin-bottom: 4vh !important;}\u00a0\u00bb][vc_column][\/vc_column][\/vc_row][vc_row mobile_bg_img_hidden=\u00a0\u00bbno\u00a0\u00bb tablet_bg_img_hidden=\u00a0\u00bbno\u00a0\u00bb woodmart_parallax=\u00a0\u00bb0&Prime; woodmart_gradient_switch=\u00a0\u00bbno\u00a0\u00bb row_reverse_mobile=\u00a0\u00bb0&Prime; row_reverse_tablet=\u00a0\u00bb0&Prime;\" \/>\n<meta property=\"og:url\" content=\"https:\/\/boxexpert.de\/fr\/societe\/logistique\/\" \/>\n<meta property=\"og:site_name\" content=\"BOXEXPERT - Des solutions d&#039;armoires professionnelles pour les plus hautes exigences\" \/>\n<meta property=\"article:modified_time\" content=\"2020-06-23T12:41:28+00:00\" \/>\n<meta name=\"twitter:card\" content=\"summary_large_image\" \/>\n<script type=\"application\/ld+json\" class=\"yoast-schema-graph\">{\"@context\":\"https:\/\/schema.org\",\"@graph\":[{\"@type\":\"WebPage\",\"@id\":\"https:\/\/boxexpert.de\/fr\/societe\/logistique\/\",\"url\":\"https:\/\/boxexpert.de\/fr\/societe\/logistique\/\",\"name\":\"Logistique - BOXEXPERT - Des solutions d'armoires professionnelles pour les plus hautes exigences\",\"isPartOf\":{\"@id\":\"https:\/\/boxexpert.de\/fr\/#website\"},\"datePublished\":\"2020-02-11T07:45:20+00:00\",\"dateModified\":\"2020-06-23T12:41:28+00:00\",\"breadcrumb\":{\"@id\":\"https:\/\/boxexpert.de\/fr\/societe\/logistique\/#breadcrumb\"},\"inLanguage\":\"fr-FR\",\"potentialAction\":[{\"@type\":\"ReadAction\",\"target\":[\"https:\/\/boxexpert.de\/fr\/societe\/logistique\/\"]}]},{\"@type\":\"BreadcrumbList\",\"@id\":\"https:\/\/boxexpert.de\/fr\/societe\/logistique\/#breadcrumb\",\"itemListElement\":[{\"@type\":\"ListItem\",\"position\":1,\"name\":\"Startseite\",\"item\":\"https:\/\/boxexpert.de\/fr\/\"},{\"@type\":\"ListItem\",\"position\":2,\"name\":\"Soci\u00e9t\u00e9\",\"item\":\"https:\/\/boxexpert.de\/fr\/societe\/\"},{\"@type\":\"ListItem\",\"position\":3,\"name\":\"Logistique\"}]},{\"@type\":\"WebSite\",\"@id\":\"https:\/\/boxexpert.de\/fr\/#website\",\"url\":\"https:\/\/boxexpert.de\/fr\/\",\"name\":\"BOXEXPERT - Professionelle Geh\u00e4usel\u00f6sungen f\u00fcr h\u00f6chste Anspr\u00fcche\",\"description\":\"Bo\u00eetiers industriels, armoires \u00e9lectriques, bo\u00eetiers d'installation, bo\u00eetes \u00e0 fusibles et bo\u00eetes de distribution\",\"potentialAction\":[{\"@type\":\"SearchAction\",\"target\":{\"@type\":\"EntryPoint\",\"urlTemplate\":\"https:\/\/boxexpert.de\/fr\/?s={search_term_string}\"},\"query-input\":{\"@type\":\"PropertyValueSpecification\",\"valueRequired\":true,\"valueName\":\"search_term_string\"}}],\"inLanguage\":\"fr-FR\"}]}<\/script>\n<!-- \/ Yoast SEO plugin. -->","yoast_head_json":{"title":"Logistique - BOXEXPERT - Des solutions d'armoires professionnelles pour les plus hautes exigences","robots":{"index":"index","follow":"follow","max-snippet":"max-snippet:-1","max-image-preview":"max-image-preview:large","max-video-preview":"max-video-preview:-1"},"canonical":"https:\/\/boxexpert.de\/fr\/societe\/logistique\/","og_locale":"fr_FR","og_type":"article","og_title":"Logistique - BOXEXPERT - Des solutions d'armoires professionnelles pour les plus hautes exigences","og_description":"[vc_row full_width=\u00a0\u00bbstretch_row_content\u00a0\u00bb mobile_bg_img_hidden=\u00a0\u00bbno\u00a0\u00bb tablet_bg_img_hidden=\u00a0\u00bbno\u00a0\u00bb woodmart_parallax=\u00a0\u00bb0&Prime; woodmart_gradient_switch=\u00a0\u00bbno\u00a0\u00bb row_reverse_mobile=\u00a0\u00bb0&Prime; row_reverse_tablet=\u00a0\u00bb0&Prime; woodmart_disable_overflow=\u00a0\u00bb0&Prime; css=\u00a0\u00bb.vc_custom_1585845066216{margin-top: -40px !important;margin-bottom: 4vh !important;}\u00a0\u00bb][vc_column][\/vc_column][\/vc_row][vc_row mobile_bg_img_hidden=\u00a0\u00bbno\u00a0\u00bb tablet_bg_img_hidden=\u00a0\u00bbno\u00a0\u00bb woodmart_parallax=\u00a0\u00bb0&Prime; woodmart_gradient_switch=\u00a0\u00bbno\u00a0\u00bb row_reverse_mobile=\u00a0\u00bb0&Prime; row_reverse_tablet=\u00a0\u00bb0&Prime;","og_url":"https:\/\/boxexpert.de\/fr\/societe\/logistique\/","og_site_name":"BOXEXPERT - Des solutions d'armoires professionnelles pour les plus hautes exigences","article_modified_time":"2020-06-23T12:41:28+00:00","twitter_card":"summary_large_image","schema":{"@context":"https:\/\/schema.org","@graph":[{"@type":"WebPage","@id":"https:\/\/boxexpert.de\/fr\/societe\/logistique\/","url":"https:\/\/boxexpert.de\/fr\/societe\/logistique\/","name":"Logistique - BOXEXPERT - Des solutions d'armoires professionnelles pour les plus hautes exigences","isPartOf":{"@id":"https:\/\/boxexpert.de\/fr\/#website"},"datePublished":"2020-02-11T07:45:20+00:00","dateModified":"2020-06-23T12:41:28+00:00","breadcrumb":{"@id":"https:\/\/boxexpert.de\/fr\/societe\/logistique\/#breadcrumb"},"inLanguage":"fr-FR","potentialAction":[{"@type":"ReadAction","target":["https:\/\/boxexpert.de\/fr\/societe\/logistique\/"]}]},{"@type":"BreadcrumbList","@id":"https:\/\/boxexpert.de\/fr\/societe\/logistique\/#breadcrumb","itemListElement":[{"@type":"ListItem","position":1,"name":"Startseite","item":"https:\/\/boxexpert.de\/fr\/"},{"@type":"ListItem","position":2,"name":"Soci\u00e9t\u00e9","item":"https:\/\/boxexpert.de\/fr\/societe\/"},{"@type":"ListItem","position":3,"name":"Logistique"}]},{"@type":"WebSite","@id":"https:\/\/boxexpert.de\/fr\/#website","url":"https:\/\/boxexpert.de\/fr\/","name":"BOXEXPERT - Professionelle Geh\u00e4usel\u00f6sungen f\u00fcr h\u00f6chste Anspr\u00fcche","description":"Bo\u00eetiers industriels, armoires \u00e9lectriques, bo\u00eetiers d'installation, bo\u00eetes \u00e0 fusibles et bo\u00eetes de distribution","potentialAction":[{"@type":"SearchAction","target":{"@type":"EntryPoint","urlTemplate":"https:\/\/boxexpert.de\/fr\/?s={search_term_string}"},"query-input":{"@type":"PropertyValueSpecification","valueRequired":true,"valueName":"search_term_string"}}],"inLanguage":"fr-FR"}]}},"_links":{"self":[{"href":"https:\/\/boxexpert.de\/fr\/wp-json\/wp\/v2\/pages\/4635","targetHints":{"allow":["GET"]}}],"collection":[{"href":"https:\/\/boxexpert.de\/fr\/wp-json\/wp\/v2\/pages"}],"about":[{"href":"https:\/\/boxexpert.de\/fr\/wp-json\/wp\/v2\/types\/page"}],"author":[{"embeddable":true,"href":"https:\/\/boxexpert.de\/fr\/wp-json\/wp\/v2\/users\/1"}],"replies":[{"embeddable":true,"href":"https:\/\/boxexpert.de\/fr\/wp-json\/wp\/v2\/comments?post=4635"}],"version-history":[{"count":4,"href":"https:\/\/boxexpert.de\/fr\/wp-json\/wp\/v2\/pages\/4635\/revisions"}],"predecessor-version":[{"id":10999,"href":"https:\/\/boxexpert.de\/fr\/wp-json\/wp\/v2\/pages\/4635\/revisions\/10999"}],"up":[{"embeddable":true,"href":"https:\/\/boxexpert.de\/fr\/wp-json\/wp\/v2\/pages\/3826"}],"wp:attachment":[{"href":"https:\/\/boxexpert.de\/fr\/wp-json\/wp\/v2\/media?parent=4635"}],"curies":[{"name":"wp","href":"https:\/\/api.w.org\/{rel}","templated":true}]}}